{"id":2658,"date":"2010-02-20T10:00:35","date_gmt":"2010-02-20T09:00:35","guid":{"rendered":"http:\/\/2018.salve.si\/?post_type=product&#038;p=2658"},"modified":"2022-01-04T05:34:52","modified_gmt":"2022-01-04T04:34:52","slug":"moja-dozivetja-z-dusami-v-vicah","status":"publish","type":"product","link":"https:\/\/www.salve.si\/en\/trgovina\/knjige\/teologija-in-duhovnost\/moja-dozivetja-z-dusami-v-vicah\/","title":{"rendered":"Moja do\u017eivetja z du\u0161ami v vicah"},"content":{"rendered":"<p>&#8220;Vpra\u0161ljivost dejstev je ovr\u017eena \u017ee zaradi tega, ker je vera v pojavljanje umrlih toliko stara kot vera v nesmrtnost ter prehaja skozi \u010dase in ljudstva, zatorej mora imeti realne temelje&#8221; (\u0161kof dr. Scheider, Paderborn, v svoji knjigi &#8216;Nova vera v duhove&#8217;, Paderborn 1913).<br \/>\nKoncil nas svari pred preziranjem tak\u0161nih karizem: &#8220;Ker so te karizme, bodisi izredne bodisi tudi preprostej\u0161e in bolj raz\u0161irjene, potrebam Cerkve nadvse primerne in koristne, jih je treba sprejemati z zahvaljevanjem in duhovnim veseljem\u2026 Sodba o njihovi pristnosti in urejeni uporabi pa gre tistim, ki so v Cerkvi predstojniki in ki jim gre posebej naloga, da ne uga\u0161ajo Duha, ampak vse presku\u0161ajo in, kar je dobro, ohranijo.&#8221; (2. vatikanski cerkveni zbor, Dogmati\u010dna konstitucija o Cerkvi, 12)<br \/>\n(iz predgovora)<span class=\"slv-content-keywords\"> Duh in \u017eivljenje Marija Simma Izpovedi Teologija in duhovnost <\/span><\/p>","protected":false},"excerpt":{"rendered":"<p>Ta knjiga nam s svojo notranjo vsebino govori sama zase. Marija Simma sicer ni ena od stigmatiziranih kot npr. Terezija Neumann, Marta Robin in pater Pij, njena karizma je Bo\u017eje dovoljenje za ob\u010devanje z du\u0161ami v vicah. Njena do\u017eivetja z du\u0161ami v vicah in spoznanja, ki jih je od njih dobila, v obdobju ra\u010dunalnikov in raziskovalnih sond za mnoge niso v skladu s \u010dasom, pa vendarle nam posredujejo dragocene vpoglede v onstranski svet ter potrjujejo dejstvo, da obstaja Bog in \u017eivljenje po smrti.<br \/>\nKnjiga je lahko tudi opozorilo, da znova pretehtamo svoje \u017eivljenje v povezanosti z ve\u010dnostjo in da iz tega naredimo primerne sklepe.<br \/>\n(iz predgovora)<\/p>","protected":false},"featured_media":2659,"template":"","meta":{"_acf_changed":false,"footnotes":""},"product_cat":[659,314],"product_tag":[],"class_list":{"0":"post-2658","1":"product","2":"type-product","3":"status-publish","4":"has-post-thumbnail","6":"zbirke-duh-in-zivljenje","7":"authors-marija-simma","8":"publisher-salve-d-o-o-ljubljana","9":"product_cat-izpovedi","10":"product_cat-teologija-in-duhovnost","12":"first","13":"instock","14":"shipping-taxable","15":"purchasable","16":"product-type-simple"},"acf":[],"yoast_head":"<!-- This site is optimized with the Yoast SEO plugin v23.8 - https:\/\/yoast.com\/wordpress\/plugins\/seo\/ -->\n<title>Moja do\u017eivetja z du\u0161ami v vicah - Salve<\/title>\n<meta name=\"robots\" content=\"index, follow, max-snippet:-1, max-image-preview:large, max-video-preview:-1\" \/>\n<link rel=\"canonical\" href=\"https:\/\/www.salve.si\/en\/trgovina\/knjige\/teologija-in-duhovnost\/moja-dozivetja-z-dusami-v-vicah\/\" \/>\n<meta property=\"og:locale\" content=\"en_US\" \/>\n<meta property=\"og:type\" content=\"article\" \/>\n<meta property=\"og:title\" content=\"Moja do\u017eivetja z du\u0161ami v vicah - Salve\" \/>\n<meta property=\"og:description\" content=\"Ta knjiga nam s svojo notranjo vsebino govori sama zase. Marija Simma sicer ni ena od stigmatiziranih kot npr. Terezija Neumann, Marta Robin in pater Pij, njena karizma je Bo\u017eje dovoljenje za ob\u010devanje z du\u0161ami v vicah. Njena do\u017eivetja z du\u0161ami v vicah in spoznanja, ki jih je od njih dobila, v obdobju ra\u010dunalnikov in raziskovalnih sond za mnoge niso v skladu s \u010dasom, pa vendarle nam posredujejo dragocene vpoglede v onstranski svet ter potrjujejo dejstvo, da obstaja Bog in \u017eivljenje po smrti. Knjiga je lahko tudi opozorilo, da znova pretehtamo svoje \u017eivljenje v povezanosti z ve\u010dnostjo in da iz tega naredimo primerne sklepe. (iz predgovora)\" \/>\n<meta property=\"og:url\" content=\"https:\/\/www.salve.si\/en\/trgovina\/knjige\/teologija-in-duhovnost\/moja-dozivetja-z-dusami-v-vicah\/\" \/>\n<meta property=\"og:site_name\" content=\"Salve\" \/>\n<meta property=\"article:publisher\" content=\"https:\/\/www.facebook.com\/salve.si\" \/>\n<meta property=\"article:modified_time\" content=\"2022-01-04T04:34:52+00:00\" \/>\n<meta property=\"og:image\" content=\"https:\/\/www.salve.si\/wp-content\/uploads\/2018\/03\/moja_do__ivetja__4b7fdb73d6887.jpg\" \/>\n\t<meta property=\"og:image:width\" content=\"300\" \/>\n\t<meta property=\"og:image:height\" content=\"492\" \/>\n\t<meta property=\"og:image:type\" content=\"image\/jpeg\" \/>\n<meta name=\"twitter:card\" content=\"summary_large_image\" \/>\n<meta name=\"twitter:label1\" content=\"Est. reading time\" \/>\n\t<meta name=\"twitter:data1\" content=\"1 minute\" \/>\n<script type=\"application\/ld+json\" class=\"yoast-schema-graph\">{\"@context\":\"https:\/\/schema.org\",\"@graph\":[{\"@type\":\"WebPage\",\"@id\":\"https:\/\/www.salve.si\/trgovina\/knjige\/teologija-in-duhovnost\/moja-dozivetja-z-dusami-v-vicah\/\",\"url\":\"https:\/\/www.salve.si\/trgovina\/knjige\/teologija-in-duhovnost\/moja-dozivetja-z-dusami-v-vicah\/\",\"name\":\"Moja do\u017eivetja z du\u0161ami v vicah - Salve\",\"isPartOf\":{\"@id\":\"https:\/\/www.salve.si\/#website\"},\"primaryImageOfPage\":{\"@id\":\"https:\/\/www.salve.si\/trgovina\/knjige\/teologija-in-duhovnost\/moja-dozivetja-z-dusami-v-vicah\/#primaryimage\"},\"image\":{\"@id\":\"https:\/\/www.salve.si\/trgovina\/knjige\/teologija-in-duhovnost\/moja-dozivetja-z-dusami-v-vicah\/#primaryimage\"},\"thumbnailUrl\":\"https:\/\/www.salve.si\/wp-content\/uploads\/2018\/03\/moja_do__ivetja__4b7fdb73d6887.jpg\",\"datePublished\":\"2010-02-20T09:00:35+00:00\",\"dateModified\":\"2022-01-04T04:34:52+00:00\",\"breadcrumb\":{\"@id\":\"https:\/\/www.salve.si\/trgovina\/knjige\/teologija-in-duhovnost\/moja-dozivetja-z-dusami-v-vicah\/#breadcrumb\"},\"inLanguage\":\"en-US\",\"potentialAction\":[{\"@type\":\"ReadAction\",\"target\":[\"https:\/\/www.salve.si\/trgovina\/knjige\/teologija-in-duhovnost\/moja-dozivetja-z-dusami-v-vicah\/\"]}]},{\"@type\":\"ImageObject\",\"inLanguage\":\"en-US\",\"@id\":\"https:\/\/www.salve.si\/trgovina\/knjige\/teologija-in-duhovnost\/moja-dozivetja-z-dusami-v-vicah\/#primaryimage\",\"url\":\"https:\/\/www.salve.si\/wp-content\/uploads\/2018\/03\/moja_do__ivetja__4b7fdb73d6887.jpg\",\"contentUrl\":\"https:\/\/www.salve.si\/wp-content\/uploads\/2018\/03\/moja_do__ivetja__4b7fdb73d6887.jpg\",\"width\":300,\"height\":492},{\"@type\":\"BreadcrumbList\",\"@id\":\"https:\/\/www.salve.si\/trgovina\/knjige\/teologija-in-duhovnost\/moja-dozivetja-z-dusami-v-vicah\/#breadcrumb\",\"itemListElement\":[{\"@type\":\"ListItem\",\"position\":1,\"name\":\"Home\",\"item\":\"https:\/\/www.salve.si\/\"},{\"@type\":\"ListItem\",\"position\":2,\"name\":\"Trgovina\",\"item\":\"https:\/\/www.salve.si\/trgovina\/\"},{\"@type\":\"ListItem\",\"position\":3,\"name\":\"Moja do\u017eivetja z du\u0161ami v vicah\"}]},{\"@type\":\"WebSite\",\"@id\":\"https:\/\/www.salve.si\/#website\",\"url\":\"https:\/\/www.salve.si\/\",\"name\":\"Salve\",\"description\":\"Salezijanska zalo\u017eba\",\"publisher\":{\"@id\":\"https:\/\/www.salve.si\/#organization\"},\"potentialAction\":[{\"@type\":\"SearchAction\",\"target\":{\"@type\":\"EntryPoint\",\"urlTemplate\":\"https:\/\/www.salve.si\/?s={search_term_string}\"},\"query-input\":{\"@type\":\"PropertyValueSpecification\",\"valueRequired\":true,\"valueName\":\"search_term_string\"}}],\"inLanguage\":\"en-US\"},{\"@type\":\"Organization\",\"@id\":\"https:\/\/www.salve.si\/#organization\",\"name\":\"Salve d.o.o.\",\"url\":\"https:\/\/www.salve.si\/\",\"logo\":{\"@type\":\"ImageObject\",\"inLanguage\":\"en-US\",\"@id\":\"https:\/\/www.salve.si\/#\/schema\/logo\/image\/\",\"url\":\"https:\/\/www.salve.si\/wp-content\/uploads\/2021\/01\/Salve_logo_modri_nov_web.png\",\"contentUrl\":\"https:\/\/www.salve.si\/wp-content\/uploads\/2021\/01\/Salve_logo_modri_nov_web.png\",\"width\":279,\"height\":90,\"caption\":\"Salve d.o.o.\"},\"image\":{\"@id\":\"https:\/\/www.salve.si\/#\/schema\/logo\/image\/\"},\"sameAs\":[\"https:\/\/www.facebook.com\/salve.si\",\"https:\/\/www.instagram.com\/zalozbasalve\/\",\"https:\/\/www.linkedin.com\/company\/zalozba-salve\/\"]}]}<\/script>\n<!-- \/ Yoast SEO plugin. -->","yoast_head_json":{"title":"Moja do\u017eivetja z du\u0161ami v vicah - Salve","robots":{"index":"index","follow":"follow","max-snippet":"max-snippet:-1","max-image-preview":"max-image-preview:large","max-video-preview":"max-video-preview:-1"},"canonical":"https:\/\/www.salve.si\/en\/trgovina\/knjige\/teologija-in-duhovnost\/moja-dozivetja-z-dusami-v-vicah\/","og_locale":"en_US","og_type":"article","og_title":"Moja do\u017eivetja z du\u0161ami v vicah - Salve","og_description":"Ta knjiga nam s svojo notranjo vsebino govori sama zase. Marija Simma sicer ni ena od stigmatiziranih kot npr. Terezija Neumann, Marta Robin in pater Pij, njena karizma je Bo\u017eje dovoljenje za ob\u010devanje z du\u0161ami v vicah. Njena do\u017eivetja z du\u0161ami v vicah in spoznanja, ki jih je od njih dobila, v obdobju ra\u010dunalnikov in raziskovalnih sond za mnoge niso v skladu s \u010dasom, pa vendarle nam posredujejo dragocene vpoglede v onstranski svet ter potrjujejo dejstvo, da obstaja Bog in \u017eivljenje po smrti. Knjiga je lahko tudi opozorilo, da znova pretehtamo svoje \u017eivljenje v povezanosti z ve\u010dnostjo in da iz tega naredimo primerne sklepe. (iz predgovora)","og_url":"https:\/\/www.salve.si\/en\/trgovina\/knjige\/teologija-in-duhovnost\/moja-dozivetja-z-dusami-v-vicah\/","og_site_name":"Salve","article_publisher":"https:\/\/www.facebook.com\/salve.si","article_modified_time":"2022-01-04T04:34:52+00:00","og_image":[{"width":300,"height":492,"url":"https:\/\/www.salve.si\/wp-content\/uploads\/2018\/03\/moja_do__ivetja__4b7fdb73d6887.jpg","type":"image\/jpeg"}],"twitter_card":"summary_large_image","twitter_misc":{"Est. reading time":"1 minute"},"schema":{"@context":"https:\/\/schema.org","@graph":[{"@type":"WebPage","@id":"https:\/\/www.salve.si\/trgovina\/knjige\/teologija-in-duhovnost\/moja-dozivetja-z-dusami-v-vicah\/","url":"https:\/\/www.salve.si\/trgovina\/knjige\/teologija-in-duhovnost\/moja-dozivetja-z-dusami-v-vicah\/","name":"Moja do\u017eivetja z du\u0161ami v vicah - Salve","isPartOf":{"@id":"https:\/\/www.salve.si\/#website"},"primaryImageOfPage":{"@id":"https:\/\/www.salve.si\/trgovina\/knjige\/teologija-in-duhovnost\/moja-dozivetja-z-dusami-v-vicah\/#primaryimage"},"image":{"@id":"https:\/\/www.salve.si\/trgovina\/knjige\/teologija-in-duhovnost\/moja-dozivetja-z-dusami-v-vicah\/#primaryimage"},"thumbnailUrl":"https:\/\/www.salve.si\/wp-content\/uploads\/2018\/03\/moja_do__ivetja__4b7fdb73d6887.jpg","datePublished":"2010-02-20T09:00:35+00:00","dateModified":"2022-01-04T04:34:52+00:00","breadcrumb":{"@id":"https:\/\/www.salve.si\/trgovina\/knjige\/teologija-in-duhovnost\/moja-dozivetja-z-dusami-v-vicah\/#breadcrumb"},"inLanguage":"en-US","potentialAction":[{"@type":"ReadAction","target":["https:\/\/www.salve.si\/trgovina\/knjige\/teologija-in-duhovnost\/moja-dozivetja-z-dusami-v-vicah\/"]}]},{"@type":"ImageObject","inLanguage":"en-US","@id":"https:\/\/www.salve.si\/trgovina\/knjige\/teologija-in-duhovnost\/moja-dozivetja-z-dusami-v-vicah\/#primaryimage","url":"https:\/\/www.salve.si\/wp-content\/uploads\/2018\/03\/moja_do__ivetja__4b7fdb73d6887.jpg","contentUrl":"https:\/\/www.salve.si\/wp-content\/uploads\/2018\/03\/moja_do__ivetja__4b7fdb73d6887.jpg","width":300,"height":492},{"@type":"BreadcrumbList","@id":"https:\/\/www.salve.si\/trgovina\/knjige\/teologija-in-duhovnost\/moja-dozivetja-z-dusami-v-vicah\/#breadcrumb","itemListElement":[{"@type":"ListItem","position":1,"name":"Home","item":"https:\/\/www.salve.si\/"},{"@type":"ListItem","position":2,"name":"Trgovina","item":"https:\/\/www.salve.si\/trgovina\/"},{"@type":"ListItem","position":3,"name":"Moja do\u017eivetja z du\u0161ami v vicah"}]},{"@type":"WebSite","@id":"https:\/\/www.salve.si\/#website","url":"https:\/\/www.salve.si\/","name":"Salve","description":"Salezijanska zalo\u017eba","publisher":{"@id":"https:\/\/www.salve.si\/#organization"},"potentialAction":[{"@type":"SearchAction","target":{"@type":"EntryPoint","urlTemplate":"https:\/\/www.salve.si\/?s={search_term_string}"},"query-input":{"@type":"PropertyValueSpecification","valueRequired":true,"valueName":"search_term_string"}}],"inLanguage":"en-US"},{"@type":"Organization","@id":"https:\/\/www.salve.si\/#organization","name":"Salve d.o.o.","url":"https:\/\/www.salve.si\/","logo":{"@type":"ImageObject","inLanguage":"en-US","@id":"https:\/\/www.salve.si\/#\/schema\/logo\/image\/","url":"https:\/\/www.salve.si\/wp-content\/uploads\/2021\/01\/Salve_logo_modri_nov_web.png","contentUrl":"https:\/\/www.salve.si\/wp-content\/uploads\/2021\/01\/Salve_logo_modri_nov_web.png","width":279,"height":90,"caption":"Salve d.o.o."},"image":{"@id":"https:\/\/www.salve.si\/#\/schema\/logo\/image\/"},"sameAs":["https:\/\/www.facebook.com\/salve.si","https:\/\/www.instagram.com\/zalozbasalve\/","https:\/\/www.linkedin.com\/company\/zalozba-salve\/"]}]}},"_links":{"self":[{"href":"https:\/\/www.salve.si\/en\/wp-json\/wp\/v2\/product\/2658","targetHints":{"allow":["GET"]}}],"collection":[{"href":"https:\/\/www.salve.si\/en\/wp-json\/wp\/v2\/product"}],"about":[{"href":"https:\/\/www.salve.si\/en\/wp-json\/wp\/v2\/types\/product"}],"version-history":[{"count":1,"href":"https:\/\/www.salve.si\/en\/wp-json\/wp\/v2\/product\/2658\/revisions"}],"predecessor-version":[{"id":5588,"href":"https:\/\/www.salve.si\/en\/wp-json\/wp\/v2\/product\/2658\/revisions\/5588"}],"wp:featuredmedia":[{"embeddable":true,"href":"https:\/\/www.salve.si\/en\/wp-json\/wp\/v2\/media\/2659"}],"wp:attachment":[{"href":"https:\/\/www.salve.si\/en\/wp-json\/wp\/v2\/media?parent=2658"}],"wp:term":[{"taxonomy":"product_cat","embeddable":true,"href":"https:\/\/www.salve.si\/en\/wp-json\/wp\/v2\/product_cat?post=2658"},{"taxonomy":"product_tag","embeddable":true,"href":"https:\/\/www.salve.si\/en\/wp-json\/wp\/v2\/product_tag?post=2658"}],"curies":[{"name":"wp","href":"https:\/\/api.w.org\/{rel}","templated":true}]}}