{"id":2639,"date":"2009-03-14T10:00:05","date_gmt":"2009-03-14T09:00:05","guid":{"rendered":"http:\/\/2018.salve.si\/?post_type=product&#038;p=2639"},"modified":"2021-01-05T14:36:43","modified_gmt":"2021-01-05T13:36:43","slug":"zadela-me-je-strela","status":"publish","type":"product","link":"https:\/\/www.salve.si\/en\/trgovina\/knjige\/izpovedi\/zadela-me-je-strela\/","title":{"rendered":"Zadela me je strela"},"content":{"rendered":"<p>Ta knji\u017eica je prevod razli\u010dnih delov originalnih predavanj, ki jih je imela gospa dr. Gloria Polo Ortiz, zobozdravnica iz Kolumbije, ki \u0161e zdaj \u017eivi v Bogoti in se pre\u017eivlja s svojim delom kot zobozdravnica; predavala je v \u0161panskem jeziku ob razli\u010dnih prilikah (pri duhovnih vajah v \u017eupnijah in v drugih skupinah ter v svojih intervjujih pri katoli\u0161kih radijskih in televizijskih postajah).<br \/>\nGospa dr. Polo je rojena 30. novembra 1958 in je bila leta 1995, ko jo je zadela strela, stara \u0161estintrideset (36) let.<br \/>\nGospa dr. Polo izrecno poudarja, da ne dobiva nikakr\u0161nega pla\u010dila ali sicer\u0161njih prejemkov od raz\u0161irjanja pisnih pri\u010devanj ali od DVD-jev, CD-jev in ostalih medijev, ki so v obtoku. Pre\u017eivlja se s svojimi prejemki, ki jih dobiva kot medicinsko izobra\u017eena zobozdravnica. Za njeno predavateljsko dejavnost ne zahteva in ne prejema nikakr\u0161nih pla\u010dil in honorarjev. Zato jo povabijo mnoge \u017eupnije in molitvene skupine rimokatoli\u0161ke Cerkve v domovini in tujini.<\/p>\n<p>Njeno prizadevanje za re\u0161itev du\u0161 si lahko razlagamo edino iz njenega do\u017eivljanja lastnega sojenja v ve\u010dnosti, ko ji je bilo izrecno naro\u010deno, naj ne pri\u010duje samo 1.000-krat, temve\u010d 1.000 x 1.000. Ta izku\u0161nja jo je pripeljala do tega, da je popolnoma spremenila svoje \u017eivljenje in se zavzela z vso mo\u010djo in z vsemi mo\u017enostmi za re\u0161itev du\u0161 in za novo evangelizacijo ljudi dana\u0161njega \u010dasa, ki jo je tako pogosto in tako vro\u010de zagovarjal pokojni pape\u017e Janez Pavel II.<\/p>\n<p>\u00bbTistega dne, bil je de\u017eeven petek, sva \u0161la skupaj z mojim ne\u010dakom v smeri proti fakulteti za zobozdravstvo, da bi si vzela nekaj knjig, ki sva jih potrebovala. Ne\u010dak in jaz sva hodila skupaj pod majhnim de\u017enikom. \u00ab Na tej poti se je zgodilo tisto najstra\u0161nej\u0161e: oplazila ju je strela.<br \/>\nOd tu naprej se je dogajalo tisto, \u010demur pravimo \u00bb\u010dude\u017e\u00ab.<span class=\"slv-content-keywords\"> Dr. Gloria Polo Ortiz Izpovedi <\/span><\/p>","protected":false},"excerpt":{"rendered":"<p>Kolumbijska zobozdravnica je bila v dru\u017ebi uspe\u0161na in priznana. Potem je morala spoznati, da je \u017eivljenje ve\u010d<br \/>\nkot denar, oblast in zabava.<\/p>\n<p>Za knjigo se zbirajo prostovoljni darovi (kritje stro\u0161kov tiska, po\u0161tnine).<\/p>","protected":false},"featured_media":12489,"template":"","meta":{"_acf_changed":false,"footnotes":""},"product_cat":[659],"product_tag":[],"class_list":{"0":"post-2639","1":"product","2":"type-product","3":"status-publish","4":"has-post-thumbnail","6":"authors-dr-gloria-polo-ortiz","7":"publisher-salve-d-o-o-ljubljana","8":"product_cat-izpovedi","10":"first","11":"outofstock","12":"shipping-taxable","13":"purchasable","14":"product-type-simple"},"acf":[],"yoast_head":"<!-- This site is optimized with the Yoast SEO plugin v23.8 - https:\/\/yoast.com\/wordpress\/plugins\/seo\/ -->\n<title>Zadela me je strela - Salve<\/title>\n<meta name=\"robots\" content=\"index, follow, max-snippet:-1, max-image-preview:large, max-video-preview:-1\" \/>\n<link rel=\"canonical\" href=\"https:\/\/www.salve.si\/en\/trgovina\/knjige\/izpovedi\/zadela-me-je-strela\/\" \/>\n<meta property=\"og:locale\" content=\"en_US\" \/>\n<meta property=\"og:type\" content=\"article\" \/>\n<meta property=\"og:title\" content=\"Zadela me je strela - Salve\" \/>\n<meta property=\"og:description\" content=\"Kolumbijska zobozdravnica je bila v dru\u017ebi uspe\u0161na in priznana. Potem je morala spoznati, da je \u017eivljenje ve\u010d kot denar, oblast in zabava.  Za knjigo se zbirajo prostovoljni darovi (kritje stro\u0161kov tiska, po\u0161tnine).\" \/>\n<meta property=\"og:url\" content=\"https:\/\/www.salve.si\/en\/trgovina\/knjige\/izpovedi\/zadela-me-je-strela\/\" \/>\n<meta property=\"og:site_name\" content=\"Salve\" \/>\n<meta property=\"article:publisher\" content=\"https:\/\/www.facebook.com\/salve.si\" \/>\n<meta property=\"article:modified_time\" content=\"2021-01-05T13:36:43+00:00\" \/>\n<meta property=\"og:image\" content=\"https:\/\/www.salve.si\/wp-content\/uploads\/2009\/03\/zadela-me.jpg\" \/>\n\t<meta property=\"og:image:width\" content=\"436\" \/>\n\t<meta property=\"og:image:height\" content=\"722\" \/>\n\t<meta property=\"og:image:type\" content=\"image\/jpeg\" \/>\n<meta name=\"twitter:card\" content=\"summary_large_image\" \/>\n<meta name=\"twitter:label1\" content=\"Est. reading time\" \/>\n\t<meta name=\"twitter:data1\" content=\"2 minutes\" \/>\n<script type=\"application\/ld+json\" class=\"yoast-schema-graph\">{\"@context\":\"https:\/\/schema.org\",\"@graph\":[{\"@type\":\"WebPage\",\"@id\":\"https:\/\/www.salve.si\/trgovina\/knjige\/izpovedi\/zadela-me-je-strela\/\",\"url\":\"https:\/\/www.salve.si\/trgovina\/knjige\/izpovedi\/zadela-me-je-strela\/\",\"name\":\"Zadela me je strela - Salve\",\"isPartOf\":{\"@id\":\"https:\/\/www.salve.si\/#website\"},\"primaryImageOfPage\":{\"@id\":\"https:\/\/www.salve.si\/trgovina\/knjige\/izpovedi\/zadela-me-je-strela\/#primaryimage\"},\"image\":{\"@id\":\"https:\/\/www.salve.si\/trgovina\/knjige\/izpovedi\/zadela-me-je-strela\/#primaryimage\"},\"thumbnailUrl\":\"https:\/\/www.salve.si\/wp-content\/uploads\/2009\/03\/zadela-me.jpg\",\"datePublished\":\"2009-03-14T09:00:05+00:00\",\"dateModified\":\"2021-01-05T13:36:43+00:00\",\"breadcrumb\":{\"@id\":\"https:\/\/www.salve.si\/trgovina\/knjige\/izpovedi\/zadela-me-je-strela\/#breadcrumb\"},\"inLanguage\":\"en-US\",\"potentialAction\":[{\"@type\":\"ReadAction\",\"target\":[\"https:\/\/www.salve.si\/trgovina\/knjige\/izpovedi\/zadela-me-je-strela\/\"]}]},{\"@type\":\"ImageObject\",\"inLanguage\":\"en-US\",\"@id\":\"https:\/\/www.salve.si\/trgovina\/knjige\/izpovedi\/zadela-me-je-strela\/#primaryimage\",\"url\":\"https:\/\/www.salve.si\/wp-content\/uploads\/2009\/03\/zadela-me.jpg\",\"contentUrl\":\"https:\/\/www.salve.si\/wp-content\/uploads\/2009\/03\/zadela-me.jpg\",\"width\":436,\"height\":722},{\"@type\":\"BreadcrumbList\",\"@id\":\"https:\/\/www.salve.si\/trgovina\/knjige\/izpovedi\/zadela-me-je-strela\/#breadcrumb\",\"itemListElement\":[{\"@type\":\"ListItem\",\"position\":1,\"name\":\"Home\",\"item\":\"https:\/\/www.salve.si\/\"},{\"@type\":\"ListItem\",\"position\":2,\"name\":\"Trgovina\",\"item\":\"https:\/\/www.salve.si\/trgovina\/\"},{\"@type\":\"ListItem\",\"position\":3,\"name\":\"Zadela me je strela\"}]},{\"@type\":\"WebSite\",\"@id\":\"https:\/\/www.salve.si\/#website\",\"url\":\"https:\/\/www.salve.si\/\",\"name\":\"Salve\",\"description\":\"Salezijanska zalo\u017eba\",\"publisher\":{\"@id\":\"https:\/\/www.salve.si\/#organization\"},\"potentialAction\":[{\"@type\":\"SearchAction\",\"target\":{\"@type\":\"EntryPoint\",\"urlTemplate\":\"https:\/\/www.salve.si\/?s={search_term_string}\"},\"query-input\":{\"@type\":\"PropertyValueSpecification\",\"valueRequired\":true,\"valueName\":\"search_term_string\"}}],\"inLanguage\":\"en-US\"},{\"@type\":\"Organization\",\"@id\":\"https:\/\/www.salve.si\/#organization\",\"name\":\"Salve d.o.o.\",\"url\":\"https:\/\/www.salve.si\/\",\"logo\":{\"@type\":\"ImageObject\",\"inLanguage\":\"en-US\",\"@id\":\"https:\/\/www.salve.si\/#\/schema\/logo\/image\/\",\"url\":\"https:\/\/www.salve.si\/wp-content\/uploads\/2021\/01\/Salve_logo_modri_nov_web.png\",\"contentUrl\":\"https:\/\/www.salve.si\/wp-content\/uploads\/2021\/01\/Salve_logo_modri_nov_web.png\",\"width\":279,\"height\":90,\"caption\":\"Salve d.o.o.\"},\"image\":{\"@id\":\"https:\/\/www.salve.si\/#\/schema\/logo\/image\/\"},\"sameAs\":[\"https:\/\/www.facebook.com\/salve.si\",\"https:\/\/www.instagram.com\/zalozbasalve\/\",\"https:\/\/www.linkedin.com\/company\/zalozba-salve\/\"]}]}<\/script>\n<!-- \/ Yoast SEO plugin. -->","yoast_head_json":{"title":"Zadela me je strela - Salve","robots":{"index":"index","follow":"follow","max-snippet":"max-snippet:-1","max-image-preview":"max-image-preview:large","max-video-preview":"max-video-preview:-1"},"canonical":"https:\/\/www.salve.si\/en\/trgovina\/knjige\/izpovedi\/zadela-me-je-strela\/","og_locale":"en_US","og_type":"article","og_title":"Zadela me je strela - Salve","og_description":"Kolumbijska zobozdravnica je bila v dru\u017ebi uspe\u0161na in priznana. Potem je morala spoznati, da je \u017eivljenje ve\u010d kot denar, oblast in zabava.  Za knjigo se zbirajo prostovoljni darovi (kritje stro\u0161kov tiska, po\u0161tnine).","og_url":"https:\/\/www.salve.si\/en\/trgovina\/knjige\/izpovedi\/zadela-me-je-strela\/","og_site_name":"Salve","article_publisher":"https:\/\/www.facebook.com\/salve.si","article_modified_time":"2021-01-05T13:36:43+00:00","og_image":[{"width":436,"height":722,"url":"https:\/\/www.salve.si\/wp-content\/uploads\/2009\/03\/zadela-me.jpg","type":"image\/jpeg"}],"twitter_card":"summary_large_image","twitter_misc":{"Est. reading time":"2 minutes"},"schema":{"@context":"https:\/\/schema.org","@graph":[{"@type":"WebPage","@id":"https:\/\/www.salve.si\/trgovina\/knjige\/izpovedi\/zadela-me-je-strela\/","url":"https:\/\/www.salve.si\/trgovina\/knjige\/izpovedi\/zadela-me-je-strela\/","name":"Zadela me je strela - Salve","isPartOf":{"@id":"https:\/\/www.salve.si\/#website"},"primaryImageOfPage":{"@id":"https:\/\/www.salve.si\/trgovina\/knjige\/izpovedi\/zadela-me-je-strela\/#primaryimage"},"image":{"@id":"https:\/\/www.salve.si\/trgovina\/knjige\/izpovedi\/zadela-me-je-strela\/#primaryimage"},"thumbnailUrl":"https:\/\/www.salve.si\/wp-content\/uploads\/2009\/03\/zadela-me.jpg","datePublished":"2009-03-14T09:00:05+00:00","dateModified":"2021-01-05T13:36:43+00:00","breadcrumb":{"@id":"https:\/\/www.salve.si\/trgovina\/knjige\/izpovedi\/zadela-me-je-strela\/#breadcrumb"},"inLanguage":"en-US","potentialAction":[{"@type":"ReadAction","target":["https:\/\/www.salve.si\/trgovina\/knjige\/izpovedi\/zadela-me-je-strela\/"]}]},{"@type":"ImageObject","inLanguage":"en-US","@id":"https:\/\/www.salve.si\/trgovina\/knjige\/izpovedi\/zadela-me-je-strela\/#primaryimage","url":"https:\/\/www.salve.si\/wp-content\/uploads\/2009\/03\/zadela-me.jpg","contentUrl":"https:\/\/www.salve.si\/wp-content\/uploads\/2009\/03\/zadela-me.jpg","width":436,"height":722},{"@type":"BreadcrumbList","@id":"https:\/\/www.salve.si\/trgovina\/knjige\/izpovedi\/zadela-me-je-strela\/#breadcrumb","itemListElement":[{"@type":"ListItem","position":1,"name":"Home","item":"https:\/\/www.salve.si\/"},{"@type":"ListItem","position":2,"name":"Trgovina","item":"https:\/\/www.salve.si\/trgovina\/"},{"@type":"ListItem","position":3,"name":"Zadela me je strela"}]},{"@type":"WebSite","@id":"https:\/\/www.salve.si\/#website","url":"https:\/\/www.salve.si\/","name":"Salve","description":"Salezijanska zalo\u017eba","publisher":{"@id":"https:\/\/www.salve.si\/#organization"},"potentialAction":[{"@type":"SearchAction","target":{"@type":"EntryPoint","urlTemplate":"https:\/\/www.salve.si\/?s={search_term_string}"},"query-input":{"@type":"PropertyValueSpecification","valueRequired":true,"valueName":"search_term_string"}}],"inLanguage":"en-US"},{"@type":"Organization","@id":"https:\/\/www.salve.si\/#organization","name":"Salve d.o.o.","url":"https:\/\/www.salve.si\/","logo":{"@type":"ImageObject","inLanguage":"en-US","@id":"https:\/\/www.salve.si\/#\/schema\/logo\/image\/","url":"https:\/\/www.salve.si\/wp-content\/uploads\/2021\/01\/Salve_logo_modri_nov_web.png","contentUrl":"https:\/\/www.salve.si\/wp-content\/uploads\/2021\/01\/Salve_logo_modri_nov_web.png","width":279,"height":90,"caption":"Salve d.o.o."},"image":{"@id":"https:\/\/www.salve.si\/#\/schema\/logo\/image\/"},"sameAs":["https:\/\/www.facebook.com\/salve.si","https:\/\/www.instagram.com\/zalozbasalve\/","https:\/\/www.linkedin.com\/company\/zalozba-salve\/"]}]}},"_links":{"self":[{"href":"https:\/\/www.salve.si\/en\/wp-json\/wp\/v2\/product\/2639","targetHints":{"allow":["GET"]}}],"collection":[{"href":"https:\/\/www.salve.si\/en\/wp-json\/wp\/v2\/product"}],"about":[{"href":"https:\/\/www.salve.si\/en\/wp-json\/wp\/v2\/types\/product"}],"version-history":[{"count":2,"href":"https:\/\/www.salve.si\/en\/wp-json\/wp\/v2\/product\/2639\/revisions"}],"predecessor-version":[{"id":13814,"href":"https:\/\/www.salve.si\/en\/wp-json\/wp\/v2\/product\/2639\/revisions\/13814"}],"wp:featuredmedia":[{"embeddable":true,"href":"https:\/\/www.salve.si\/en\/wp-json\/wp\/v2\/media\/12489"}],"wp:attachment":[{"href":"https:\/\/www.salve.si\/en\/wp-json\/wp\/v2\/media?parent=2639"}],"wp:term":[{"taxonomy":"product_cat","embeddable":true,"href":"https:\/\/www.salve.si\/en\/wp-json\/wp\/v2\/product_cat?post=2639"},{"taxonomy":"product_tag","embeddable":true,"href":"https:\/\/www.salve.si\/en\/wp-json\/wp\/v2\/product_tag?post=2639"}],"curies":[{"name":"wp","href":"https:\/\/api.w.org\/{rel}","templated":true}]}}