{"id":2629,"date":"2009-03-14T10:00:32","date_gmt":"2009-03-14T09:00:32","guid":{"rendered":"http:\/\/2018.salve.si\/?post_type=product&#038;p=2629"},"modified":"2026-03-30T09:44:20","modified_gmt":"2026-03-30T07:44:20","slug":"prosti-cas-mladih","status":"publish","type":"product","link":"https:\/\/www.salve.si\/en\/trgovina\/knjige\/prirocniki\/prosti-cas-mladih\/","title":{"rendered":"Prosti \u010das mladih"},"content":{"rendered":"<p>V splo\u0161ni obremenjenosti mladih ni enostavnega odgovora. Ob premisleku, kaj sploh je prosti \u010das mladih, avtorica predstavi nekaj smernic vzgojiteljem in opozori na nekatere napake, ki jih odrasli po\u010dnejo pri vzgoji otrok.<span class=\"slv-content-keywords\"> Priro\u010dniki Sabina Derganc <\/span><\/p>","protected":false},"excerpt":{"rendered":"<p>Ali je prosti \u010das aktivnost ali pa po\u010ditek brez dejavnosti?<\/p>","protected":false},"featured_media":2630,"template":"","meta":{"_acf_changed":false,"footnotes":""},"product_cat":[316],"product_tag":[],"class_list":{"0":"post-2629","1":"product","2":"type-product","3":"status-publish","4":"has-post-thumbnail","6":"authors-sabina-derganc","7":"publisher-salve-d-o-o-ljubljana","8":"product_cat-prirocniki","10":"first","11":"outofstock","12":"shipping-taxable","13":"purchasable","14":"product-type-simple"},"acf":[],"yoast_head":"<!-- This site is optimized with the Yoast SEO plugin v23.8 - https:\/\/yoast.com\/wordpress\/plugins\/seo\/ -->\n<title>Prosti \u010das mladih - Salve<\/title>\n<meta name=\"robots\" content=\"index, follow, max-snippet:-1, max-image-preview:large, max-video-preview:-1\" \/>\n<link rel=\"canonical\" href=\"https:\/\/www.salve.si\/en\/trgovina\/knjige\/prirocniki\/prosti-cas-mladih\/\" \/>\n<meta property=\"og:locale\" content=\"en_US\" \/>\n<meta property=\"og:type\" content=\"article\" \/>\n<meta property=\"og:title\" content=\"Prosti \u010das mladih - Salve\" \/>\n<meta property=\"og:description\" content=\"Ali je prosti \u010das aktivnost ali pa po\u010ditek brez dejavnosti?\" \/>\n<meta property=\"og:url\" content=\"https:\/\/www.salve.si\/en\/trgovina\/knjige\/prirocniki\/prosti-cas-mladih\/\" \/>\n<meta property=\"og:site_name\" content=\"Salve\" \/>\n<meta property=\"article:publisher\" content=\"https:\/\/www.facebook.com\/salve.si\" \/>\n<meta property=\"article:modified_time\" content=\"2026-03-30T07:44:20+00:00\" \/>\n<meta property=\"og:image\" content=\"https:\/\/www.salve.si\/wp-content\/uploads\/2018\/03\/Prosti___as_mlad_49bb8d73d7e0a.jpg\" \/>\n\t<meta property=\"og:image:width\" content=\"150\" \/>\n\t<meta property=\"og:image:height\" content=\"283\" \/>\n\t<meta property=\"og:image:type\" content=\"image\/jpeg\" \/>\n<meta name=\"twitter:card\" content=\"summary_large_image\" \/>\n<meta name=\"twitter:label1\" content=\"Est. reading time\" \/>\n\t<meta name=\"twitter:data1\" content=\"1 minute\" \/>\n<script type=\"application\/ld+json\" class=\"yoast-schema-graph\">{\"@context\":\"https:\/\/schema.org\",\"@graph\":[{\"@type\":\"WebPage\",\"@id\":\"https:\/\/www.salve.si\/trgovina\/knjige\/prirocniki\/prosti-cas-mladih\/\",\"url\":\"https:\/\/www.salve.si\/trgovina\/knjige\/prirocniki\/prosti-cas-mladih\/\",\"name\":\"Prosti \u010das mladih - Salve\",\"isPartOf\":{\"@id\":\"https:\/\/www.salve.si\/#website\"},\"primaryImageOfPage\":{\"@id\":\"https:\/\/www.salve.si\/trgovina\/knjige\/prirocniki\/prosti-cas-mladih\/#primaryimage\"},\"image\":{\"@id\":\"https:\/\/www.salve.si\/trgovina\/knjige\/prirocniki\/prosti-cas-mladih\/#primaryimage\"},\"thumbnailUrl\":\"https:\/\/www.salve.si\/wp-content\/uploads\/2018\/03\/Prosti___as_mlad_49bb8d73d7e0a.jpg\",\"datePublished\":\"2009-03-14T09:00:32+00:00\",\"dateModified\":\"2026-03-30T07:44:20+00:00\",\"breadcrumb\":{\"@id\":\"https:\/\/www.salve.si\/trgovina\/knjige\/prirocniki\/prosti-cas-mladih\/#breadcrumb\"},\"inLanguage\":\"en-US\",\"potentialAction\":[{\"@type\":\"ReadAction\",\"target\":[\"https:\/\/www.salve.si\/trgovina\/knjige\/prirocniki\/prosti-cas-mladih\/\"]}]},{\"@type\":\"ImageObject\",\"inLanguage\":\"en-US\",\"@id\":\"https:\/\/www.salve.si\/trgovina\/knjige\/prirocniki\/prosti-cas-mladih\/#primaryimage\",\"url\":\"https:\/\/www.salve.si\/wp-content\/uploads\/2018\/03\/Prosti___as_mlad_49bb8d73d7e0a.jpg\",\"contentUrl\":\"https:\/\/www.salve.si\/wp-content\/uploads\/2018\/03\/Prosti___as_mlad_49bb8d73d7e0a.jpg\",\"width\":150,\"height\":283},{\"@type\":\"BreadcrumbList\",\"@id\":\"https:\/\/www.salve.si\/trgovina\/knjige\/prirocniki\/prosti-cas-mladih\/#breadcrumb\",\"itemListElement\":[{\"@type\":\"ListItem\",\"position\":1,\"name\":\"Home\",\"item\":\"https:\/\/www.salve.si\/\"},{\"@type\":\"ListItem\",\"position\":2,\"name\":\"Trgovina\",\"item\":\"https:\/\/www.salve.si\/trgovina\/\"},{\"@type\":\"ListItem\",\"position\":3,\"name\":\"Prosti \u010das mladih\"}]},{\"@type\":\"WebSite\",\"@id\":\"https:\/\/www.salve.si\/#website\",\"url\":\"https:\/\/www.salve.si\/\",\"name\":\"Salve\",\"description\":\"Salezijanska zalo\u017eba\",\"publisher\":{\"@id\":\"https:\/\/www.salve.si\/#organization\"},\"potentialAction\":[{\"@type\":\"SearchAction\",\"target\":{\"@type\":\"EntryPoint\",\"urlTemplate\":\"https:\/\/www.salve.si\/?s={search_term_string}\"},\"query-input\":{\"@type\":\"PropertyValueSpecification\",\"valueRequired\":true,\"valueName\":\"search_term_string\"}}],\"inLanguage\":\"en-US\"},{\"@type\":\"Organization\",\"@id\":\"https:\/\/www.salve.si\/#organization\",\"name\":\"Salve d.o.o.\",\"url\":\"https:\/\/www.salve.si\/\",\"logo\":{\"@type\":\"ImageObject\",\"inLanguage\":\"en-US\",\"@id\":\"https:\/\/www.salve.si\/#\/schema\/logo\/image\/\",\"url\":\"https:\/\/www.salve.si\/wp-content\/uploads\/2021\/01\/Salve_logo_modri_nov_web.png\",\"contentUrl\":\"https:\/\/www.salve.si\/wp-content\/uploads\/2021\/01\/Salve_logo_modri_nov_web.png\",\"width\":279,\"height\":90,\"caption\":\"Salve d.o.o.\"},\"image\":{\"@id\":\"https:\/\/www.salve.si\/#\/schema\/logo\/image\/\"},\"sameAs\":[\"https:\/\/www.facebook.com\/salve.si\",\"https:\/\/www.instagram.com\/zalozbasalve\/\",\"https:\/\/www.linkedin.com\/company\/zalozba-salve\/\"]}]}<\/script>\n<!-- \/ Yoast SEO plugin. -->","yoast_head_json":{"title":"Prosti \u010das mladih - Salve","robots":{"index":"index","follow":"follow","max-snippet":"max-snippet:-1","max-image-preview":"max-image-preview:large","max-video-preview":"max-video-preview:-1"},"canonical":"https:\/\/www.salve.si\/en\/trgovina\/knjige\/prirocniki\/prosti-cas-mladih\/","og_locale":"en_US","og_type":"article","og_title":"Prosti \u010das mladih - Salve","og_description":"Ali je prosti \u010das aktivnost ali pa po\u010ditek brez dejavnosti?","og_url":"https:\/\/www.salve.si\/en\/trgovina\/knjige\/prirocniki\/prosti-cas-mladih\/","og_site_name":"Salve","article_publisher":"https:\/\/www.facebook.com\/salve.si","article_modified_time":"2026-03-30T07:44:20+00:00","og_image":[{"width":150,"height":283,"url":"https:\/\/www.salve.si\/wp-content\/uploads\/2018\/03\/Prosti___as_mlad_49bb8d73d7e0a.jpg","type":"image\/jpeg"}],"twitter_card":"summary_large_image","twitter_misc":{"Est. reading time":"1 minute"},"schema":{"@context":"https:\/\/schema.org","@graph":[{"@type":"WebPage","@id":"https:\/\/www.salve.si\/trgovina\/knjige\/prirocniki\/prosti-cas-mladih\/","url":"https:\/\/www.salve.si\/trgovina\/knjige\/prirocniki\/prosti-cas-mladih\/","name":"Prosti \u010das mladih - Salve","isPartOf":{"@id":"https:\/\/www.salve.si\/#website"},"primaryImageOfPage":{"@id":"https:\/\/www.salve.si\/trgovina\/knjige\/prirocniki\/prosti-cas-mladih\/#primaryimage"},"image":{"@id":"https:\/\/www.salve.si\/trgovina\/knjige\/prirocniki\/prosti-cas-mladih\/#primaryimage"},"thumbnailUrl":"https:\/\/www.salve.si\/wp-content\/uploads\/2018\/03\/Prosti___as_mlad_49bb8d73d7e0a.jpg","datePublished":"2009-03-14T09:00:32+00:00","dateModified":"2026-03-30T07:44:20+00:00","breadcrumb":{"@id":"https:\/\/www.salve.si\/trgovina\/knjige\/prirocniki\/prosti-cas-mladih\/#breadcrumb"},"inLanguage":"en-US","potentialAction":[{"@type":"ReadAction","target":["https:\/\/www.salve.si\/trgovina\/knjige\/prirocniki\/prosti-cas-mladih\/"]}]},{"@type":"ImageObject","inLanguage":"en-US","@id":"https:\/\/www.salve.si\/trgovina\/knjige\/prirocniki\/prosti-cas-mladih\/#primaryimage","url":"https:\/\/www.salve.si\/wp-content\/uploads\/2018\/03\/Prosti___as_mlad_49bb8d73d7e0a.jpg","contentUrl":"https:\/\/www.salve.si\/wp-content\/uploads\/2018\/03\/Prosti___as_mlad_49bb8d73d7e0a.jpg","width":150,"height":283},{"@type":"BreadcrumbList","@id":"https:\/\/www.salve.si\/trgovina\/knjige\/prirocniki\/prosti-cas-mladih\/#breadcrumb","itemListElement":[{"@type":"ListItem","position":1,"name":"Home","item":"https:\/\/www.salve.si\/"},{"@type":"ListItem","position":2,"name":"Trgovina","item":"https:\/\/www.salve.si\/trgovina\/"},{"@type":"ListItem","position":3,"name":"Prosti \u010das mladih"}]},{"@type":"WebSite","@id":"https:\/\/www.salve.si\/#website","url":"https:\/\/www.salve.si\/","name":"Salve","description":"Salezijanska zalo\u017eba","publisher":{"@id":"https:\/\/www.salve.si\/#organization"},"potentialAction":[{"@type":"SearchAction","target":{"@type":"EntryPoint","urlTemplate":"https:\/\/www.salve.si\/?s={search_term_string}"},"query-input":{"@type":"PropertyValueSpecification","valueRequired":true,"valueName":"search_term_string"}}],"inLanguage":"en-US"},{"@type":"Organization","@id":"https:\/\/www.salve.si\/#organization","name":"Salve d.o.o.","url":"https:\/\/www.salve.si\/","logo":{"@type":"ImageObject","inLanguage":"en-US","@id":"https:\/\/www.salve.si\/#\/schema\/logo\/image\/","url":"https:\/\/www.salve.si\/wp-content\/uploads\/2021\/01\/Salve_logo_modri_nov_web.png","contentUrl":"https:\/\/www.salve.si\/wp-content\/uploads\/2021\/01\/Salve_logo_modri_nov_web.png","width":279,"height":90,"caption":"Salve d.o.o."},"image":{"@id":"https:\/\/www.salve.si\/#\/schema\/logo\/image\/"},"sameAs":["https:\/\/www.facebook.com\/salve.si","https:\/\/www.instagram.com\/zalozbasalve\/","https:\/\/www.linkedin.com\/company\/zalozba-salve\/"]}]}},"_links":{"self":[{"href":"https:\/\/www.salve.si\/en\/wp-json\/wp\/v2\/product\/2629","targetHints":{"allow":["GET"]}}],"collection":[{"href":"https:\/\/www.salve.si\/en\/wp-json\/wp\/v2\/product"}],"about":[{"href":"https:\/\/www.salve.si\/en\/wp-json\/wp\/v2\/types\/product"}],"version-history":[{"count":1,"href":"https:\/\/www.salve.si\/en\/wp-json\/wp\/v2\/product\/2629\/revisions"}],"predecessor-version":[{"id":21485,"href":"https:\/\/www.salve.si\/en\/wp-json\/wp\/v2\/product\/2629\/revisions\/21485"}],"wp:featuredmedia":[{"embeddable":true,"href":"https:\/\/www.salve.si\/en\/wp-json\/wp\/v2\/media\/2630"}],"wp:attachment":[{"href":"https:\/\/www.salve.si\/en\/wp-json\/wp\/v2\/media?parent=2629"}],"wp:term":[{"taxonomy":"product_cat","embeddable":true,"href":"https:\/\/www.salve.si\/en\/wp-json\/wp\/v2\/product_cat?post=2629"},{"taxonomy":"product_tag","embeddable":true,"href":"https:\/\/www.salve.si\/en\/wp-json\/wp\/v2\/product_tag?post=2629"}],"curies":[{"name":"wp","href":"https:\/\/api.w.org\/{rel}","templated":true}]}}