{"id":2622,"date":"2009-03-14T10:00:34","date_gmt":"2009-03-14T09:00:34","guid":{"rendered":"http:\/\/2018.salve.si\/?post_type=product&#038;p=2622"},"modified":"2018-08-24T16:11:22","modified_gmt":"2018-08-24T14:11:22","slug":"aktivno-drzavljanstvo","status":"publish","type":"product","link":"https:\/\/www.salve.si\/en\/trgovina\/knjige\/prirocniki\/aktivno-drzavljanstvo\/","title":{"rendered":"Aktivno dr\u017eavljanstvo"},"content":{"rendered":"<p>Mladi so pomemben del civilne dru\u017ebe, temelj na katerem sloni prihodnost. Mladinske organizacije so lahko inkubator za razvoj aktivnega dr\u017eavljanstva, vendar le, \u010de je klima za kaj takega \u00bbugodna\u00ab. Pomembno je, da mladinski voditelji mlade znajo spodbujati in jih motivirati, da dejavno sodelujejo pri vseh dru\u017ebenih procesih, ter jim pomagajo odkriti poti in na\u010dine, kako to kreativno po\u010deti. Aktivno dr\u017eavljanstvo je mnogo ve\u010d kot le politi\u010den aktivizem, je na\u010din \u017eivljenja, ki ga je sposoben \u017eiveti zaveden dr\u017eavljan, ki se razmi\u0161ljajo\u010de in aktivno loteva impulzov iz okolja. Aktivno dr\u017eavljanstvo ni \u00bbz glavo skozi zid\u00ab, pa\u010d pa je \u00bbvstavljanje oken in vrat ko se gradi hi\u0161a\u00ab.<\/p>\n<p>V knji\u017eici boste na\u0161li razli\u010dne opredelitve pojma aktivno dr\u017eavljanstvo. \u00bbActive citizenship\u00ab lahko v sloven\u0161\u010dino prevedemo na razli\u010dne na\u010dine. Ko torej govorimo o\u00bbdejavni dr\u017eavljanskosti\u00ab, \u00bbodgovornem dr\u017eavljanstvu\u00ab, \u00bbaktivnem dr\u017eavljanstvu\u00ab ali \u00bbdejavnem dr\u017eavljanstvu\u00ab se zapletemo v nejasno izrazoslovje, ki ka\u017ee nato, da \u0161e nismo na\u0161li enotne opredelitve tega fenomena. Na\u010deloma pojem dr\u017eavljanstvo razumemo kot pravno pripadnost dolo\u010deni dr\u017eavi, dr\u017eavljanskost pav smislu socialne vloge, skupka lastnosti, ki pripomore k temu, da je posameznik lahko uspe\u0161en dr\u017eavljan.Tako podro\u010dje izrazoslovja, kot tudi vsebine je \u0161e vedno premalo znano \u0161ir\u0161i javnosti, \u010detudi je evropsko leto izobra\u017eevanja za aktivno dr\u017eavljanstvo, \u017ee mimo. Zaradi velike zmede na tem podro\u010dju sem se odlo\u010dila, da bom v nadaljevanju uporabljala izraz \u00bbaktivno dr\u017eavljanstvo\u00ab saj je v javnosti to najbolj prepoznavno.<\/p>\n<p>Pojem \u00bbaktivno dr\u017eavljanstvo\u00ab se je prvi\u010d pojavil v \u010dasu zgodnje renesanse v italijanskih mestnih dr\u017eavah in sicer v zvezi z aktivnim dr\u017eavljanstvom v republiki, v kateri so se ljudje takrat strogo delili na ljudstvo in aristokracijo, ki sta iskala skupne interese. \u00bbAktivno dr\u017eavljanstvo\u00ab je predstavljalo izraz prepri\u010danj, naj bodo vsa \u010dlove\u0161ka bitja so udele\u017eena v politi\u010dnem dogajanju dr\u017eave, ki ji pripadajo.<\/p>\n<p>Aktivno dr\u017eavljanstvo je kompleksen pojem, ki ga je nemogo\u010de opredeliti z enotno definicijo. V dana\u0161nji dru\u017ebi je prisotno veliko razli\u010dnih pobud, tako vladnega, kot tudi nevladnega sektorja, velikokrat pa tudi neformalno sestavljenih skupin ljudi, ki se zavzemajo za svoje pravice. Ob problemih in izzivih, ki jih ljudem zastavlja \u017eivljenje v kompleksno sestavljeni dru\u017ebi je vpra\u0161anje, ali je posamezniku sploh \u0161e omogo\u010dena pasivna vloga. Ob tem se moramo vpra\u0161ati tudi, kdo se lahko deklarira kot aktiven dr\u017eavljan in kak\u0161na znanja in spretnosti mora imeti. Je aktiven dr\u017eavljan \u017ee posameznik, ki deluje v lokalni soseski, mora delovati na nacionalnem nivoju, je dovolj \u010de deluje na nepoliti\u010dnih podro\u010djih ali je nujno, da se tudi politi\u010dno udejstvuje. Nekateri aktivno dr\u017eavljanstvo povezujejo zgolj s politi\u010dnim udejstvovanjem, medtem ko se v drugih definicijah pojem raz\u0161iri in zaobjame \u0161irok spekter dejavnosti v t.i. \u00bbcivilni dru\u017ebi\u00ab. V zvezi s pojmom aktivno dr\u017eavljanstvo se prav tako sre\u010damo z dilemo, kako sploh pojmujemo dr\u017eavljanstvo: kot pravno pripadnost neki dru\u017ebi ali bolj v smislu akcije: niz aktivnosti, ravnanj in vedenj, ki jih posameznik kot aktiven dr\u017eavljan ima.<span class=\"slv-content-keywords\"> Alenka Blazin\u0161ek Priro\u010dniki <\/span><\/p>","protected":false},"excerpt":{"rendered":"<p>Aktivno dr\u017eavljanstvo je pojem brez jasne definicije. Ali je aktiven dr\u017eavljan \u010dlovek, ki veliko ve\u010dino \u010dasa pre\u017eivi v slu\u017ebi in dobro zaslu\u017ei? Kaj pa mati treh otrok? In navija\u010d, ki z zastavo maha na nogometni tekmi?<\/p>","protected":false},"featured_media":2623,"template":"","meta":{"_acf_changed":false,"footnotes":""},"product_cat":[316],"product_tag":[],"class_list":{"0":"post-2622","1":"product","2":"type-product","3":"status-publish","4":"has-post-thumbnail","6":"authors-alenka-blazinsek","7":"publisher-salve-d-o-o-ljubljana","8":"product_cat-prirocniki","10":"first","11":"instock","12":"shipping-taxable","13":"purchasable","14":"product-type-simple"},"acf":[],"yoast_head":"<!-- This site is optimized with the Yoast SEO plugin v23.8 - https:\/\/yoast.com\/wordpress\/plugins\/seo\/ -->\n<title>Aktivno dr\u017eavljanstvo - Salve<\/title>\n<meta name=\"robots\" content=\"index, follow, max-snippet:-1, max-image-preview:large, max-video-preview:-1\" \/>\n<link rel=\"canonical\" href=\"https:\/\/www.salve.si\/en\/trgovina\/knjige\/prirocniki\/aktivno-drzavljanstvo\/\" \/>\n<meta property=\"og:locale\" content=\"en_US\" \/>\n<meta property=\"og:type\" content=\"article\" \/>\n<meta property=\"og:title\" content=\"Aktivno dr\u017eavljanstvo - Salve\" \/>\n<meta property=\"og:description\" content=\"Aktivno dr\u017eavljanstvo je pojem brez jasne definicije. Ali je aktiven dr\u017eavljan \u010dlovek, ki veliko ve\u010dino \u010dasa pre\u017eivi v slu\u017ebi in dobro zaslu\u017ei? Kaj pa mati treh otrok? In navija\u010d, ki z zastavo maha na nogometni tekmi?\" \/>\n<meta property=\"og:url\" content=\"https:\/\/www.salve.si\/en\/trgovina\/knjige\/prirocniki\/aktivno-drzavljanstvo\/\" \/>\n<meta property=\"og:site_name\" content=\"Salve\" \/>\n<meta property=\"article:publisher\" content=\"https:\/\/www.facebook.com\/salve.si\" \/>\n<meta property=\"article:modified_time\" content=\"2018-08-24T14:11:22+00:00\" \/>\n<meta property=\"og:image\" content=\"https:\/\/www.salve.si\/wp-content\/uploads\/2018\/03\/Aktivno_dr__avlj_49bb8c89c689f.jpg\" \/>\n\t<meta property=\"og:image:width\" content=\"150\" \/>\n\t<meta property=\"og:image:height\" content=\"261\" \/>\n\t<meta property=\"og:image:type\" content=\"image\/jpeg\" \/>\n<meta name=\"twitter:card\" content=\"summary_large_image\" \/>\n<meta name=\"twitter:label1\" content=\"Est. reading time\" \/>\n\t<meta name=\"twitter:data1\" content=\"3 minutes\" \/>\n<script type=\"application\/ld+json\" class=\"yoast-schema-graph\">{\"@context\":\"https:\/\/schema.org\",\"@graph\":[{\"@type\":\"WebPage\",\"@id\":\"https:\/\/www.salve.si\/trgovina\/knjige\/prirocniki\/aktivno-drzavljanstvo\/\",\"url\":\"https:\/\/www.salve.si\/trgovina\/knjige\/prirocniki\/aktivno-drzavljanstvo\/\",\"name\":\"Aktivno dr\u017eavljanstvo - Salve\",\"isPartOf\":{\"@id\":\"https:\/\/www.salve.si\/#website\"},\"primaryImageOfPage\":{\"@id\":\"https:\/\/www.salve.si\/trgovina\/knjige\/prirocniki\/aktivno-drzavljanstvo\/#primaryimage\"},\"image\":{\"@id\":\"https:\/\/www.salve.si\/trgovina\/knjige\/prirocniki\/aktivno-drzavljanstvo\/#primaryimage\"},\"thumbnailUrl\":\"https:\/\/www.salve.si\/wp-content\/uploads\/2018\/03\/Aktivno_dr__avlj_49bb8c89c689f.jpg\",\"datePublished\":\"2009-03-14T09:00:34+00:00\",\"dateModified\":\"2018-08-24T14:11:22+00:00\",\"breadcrumb\":{\"@id\":\"https:\/\/www.salve.si\/trgovina\/knjige\/prirocniki\/aktivno-drzavljanstvo\/#breadcrumb\"},\"inLanguage\":\"en-US\",\"potentialAction\":[{\"@type\":\"ReadAction\",\"target\":[\"https:\/\/www.salve.si\/trgovina\/knjige\/prirocniki\/aktivno-drzavljanstvo\/\"]}]},{\"@type\":\"ImageObject\",\"inLanguage\":\"en-US\",\"@id\":\"https:\/\/www.salve.si\/trgovina\/knjige\/prirocniki\/aktivno-drzavljanstvo\/#primaryimage\",\"url\":\"https:\/\/www.salve.si\/wp-content\/uploads\/2018\/03\/Aktivno_dr__avlj_49bb8c89c689f.jpg\",\"contentUrl\":\"https:\/\/www.salve.si\/wp-content\/uploads\/2018\/03\/Aktivno_dr__avlj_49bb8c89c689f.jpg\",\"width\":150,\"height\":261},{\"@type\":\"BreadcrumbList\",\"@id\":\"https:\/\/www.salve.si\/trgovina\/knjige\/prirocniki\/aktivno-drzavljanstvo\/#breadcrumb\",\"itemListElement\":[{\"@type\":\"ListItem\",\"position\":1,\"name\":\"Home\",\"item\":\"https:\/\/www.salve.si\/\"},{\"@type\":\"ListItem\",\"position\":2,\"name\":\"Trgovina\",\"item\":\"https:\/\/www.salve.si\/trgovina\/\"},{\"@type\":\"ListItem\",\"position\":3,\"name\":\"Aktivno dr\u017eavljanstvo\"}]},{\"@type\":\"WebSite\",\"@id\":\"https:\/\/www.salve.si\/#website\",\"url\":\"https:\/\/www.salve.si\/\",\"name\":\"Salve\",\"description\":\"Salezijanska zalo\u017eba\",\"publisher\":{\"@id\":\"https:\/\/www.salve.si\/#organization\"},\"potentialAction\":[{\"@type\":\"SearchAction\",\"target\":{\"@type\":\"EntryPoint\",\"urlTemplate\":\"https:\/\/www.salve.si\/?s={search_term_string}\"},\"query-input\":{\"@type\":\"PropertyValueSpecification\",\"valueRequired\":true,\"valueName\":\"search_term_string\"}}],\"inLanguage\":\"en-US\"},{\"@type\":\"Organization\",\"@id\":\"https:\/\/www.salve.si\/#organization\",\"name\":\"Salve d.o.o.\",\"url\":\"https:\/\/www.salve.si\/\",\"logo\":{\"@type\":\"ImageObject\",\"inLanguage\":\"en-US\",\"@id\":\"https:\/\/www.salve.si\/#\/schema\/logo\/image\/\",\"url\":\"https:\/\/www.salve.si\/wp-content\/uploads\/2021\/01\/Salve_logo_modri_nov_web.png\",\"contentUrl\":\"https:\/\/www.salve.si\/wp-content\/uploads\/2021\/01\/Salve_logo_modri_nov_web.png\",\"width\":279,\"height\":90,\"caption\":\"Salve d.o.o.\"},\"image\":{\"@id\":\"https:\/\/www.salve.si\/#\/schema\/logo\/image\/\"},\"sameAs\":[\"https:\/\/www.facebook.com\/salve.si\",\"https:\/\/www.instagram.com\/zalozbasalve\/\",\"https:\/\/www.linkedin.com\/company\/zalozba-salve\/\"]}]}<\/script>\n<!-- \/ Yoast SEO plugin. -->","yoast_head_json":{"title":"Aktivno dr\u017eavljanstvo - Salve","robots":{"index":"index","follow":"follow","max-snippet":"max-snippet:-1","max-image-preview":"max-image-preview:large","max-video-preview":"max-video-preview:-1"},"canonical":"https:\/\/www.salve.si\/en\/trgovina\/knjige\/prirocniki\/aktivno-drzavljanstvo\/","og_locale":"en_US","og_type":"article","og_title":"Aktivno dr\u017eavljanstvo - Salve","og_description":"Aktivno dr\u017eavljanstvo je pojem brez jasne definicije. Ali je aktiven dr\u017eavljan \u010dlovek, ki veliko ve\u010dino \u010dasa pre\u017eivi v slu\u017ebi in dobro zaslu\u017ei? Kaj pa mati treh otrok? In navija\u010d, ki z zastavo maha na nogometni tekmi?","og_url":"https:\/\/www.salve.si\/en\/trgovina\/knjige\/prirocniki\/aktivno-drzavljanstvo\/","og_site_name":"Salve","article_publisher":"https:\/\/www.facebook.com\/salve.si","article_modified_time":"2018-08-24T14:11:22+00:00","og_image":[{"width":150,"height":261,"url":"https:\/\/www.salve.si\/wp-content\/uploads\/2018\/03\/Aktivno_dr__avlj_49bb8c89c689f.jpg","type":"image\/jpeg"}],"twitter_card":"summary_large_image","twitter_misc":{"Est. reading time":"3 minutes"},"schema":{"@context":"https:\/\/schema.org","@graph":[{"@type":"WebPage","@id":"https:\/\/www.salve.si\/trgovina\/knjige\/prirocniki\/aktivno-drzavljanstvo\/","url":"https:\/\/www.salve.si\/trgovina\/knjige\/prirocniki\/aktivno-drzavljanstvo\/","name":"Aktivno dr\u017eavljanstvo - Salve","isPartOf":{"@id":"https:\/\/www.salve.si\/#website"},"primaryImageOfPage":{"@id":"https:\/\/www.salve.si\/trgovina\/knjige\/prirocniki\/aktivno-drzavljanstvo\/#primaryimage"},"image":{"@id":"https:\/\/www.salve.si\/trgovina\/knjige\/prirocniki\/aktivno-drzavljanstvo\/#primaryimage"},"thumbnailUrl":"https:\/\/www.salve.si\/wp-content\/uploads\/2018\/03\/Aktivno_dr__avlj_49bb8c89c689f.jpg","datePublished":"2009-03-14T09:00:34+00:00","dateModified":"2018-08-24T14:11:22+00:00","breadcrumb":{"@id":"https:\/\/www.salve.si\/trgovina\/knjige\/prirocniki\/aktivno-drzavljanstvo\/#breadcrumb"},"inLanguage":"en-US","potentialAction":[{"@type":"ReadAction","target":["https:\/\/www.salve.si\/trgovina\/knjige\/prirocniki\/aktivno-drzavljanstvo\/"]}]},{"@type":"ImageObject","inLanguage":"en-US","@id":"https:\/\/www.salve.si\/trgovina\/knjige\/prirocniki\/aktivno-drzavljanstvo\/#primaryimage","url":"https:\/\/www.salve.si\/wp-content\/uploads\/2018\/03\/Aktivno_dr__avlj_49bb8c89c689f.jpg","contentUrl":"https:\/\/www.salve.si\/wp-content\/uploads\/2018\/03\/Aktivno_dr__avlj_49bb8c89c689f.jpg","width":150,"height":261},{"@type":"BreadcrumbList","@id":"https:\/\/www.salve.si\/trgovina\/knjige\/prirocniki\/aktivno-drzavljanstvo\/#breadcrumb","itemListElement":[{"@type":"ListItem","position":1,"name":"Home","item":"https:\/\/www.salve.si\/"},{"@type":"ListItem","position":2,"name":"Trgovina","item":"https:\/\/www.salve.si\/trgovina\/"},{"@type":"ListItem","position":3,"name":"Aktivno dr\u017eavljanstvo"}]},{"@type":"WebSite","@id":"https:\/\/www.salve.si\/#website","url":"https:\/\/www.salve.si\/","name":"Salve","description":"Salezijanska zalo\u017eba","publisher":{"@id":"https:\/\/www.salve.si\/#organization"},"potentialAction":[{"@type":"SearchAction","target":{"@type":"EntryPoint","urlTemplate":"https:\/\/www.salve.si\/?s={search_term_string}"},"query-input":{"@type":"PropertyValueSpecification","valueRequired":true,"valueName":"search_term_string"}}],"inLanguage":"en-US"},{"@type":"Organization","@id":"https:\/\/www.salve.si\/#organization","name":"Salve d.o.o.","url":"https:\/\/www.salve.si\/","logo":{"@type":"ImageObject","inLanguage":"en-US","@id":"https:\/\/www.salve.si\/#\/schema\/logo\/image\/","url":"https:\/\/www.salve.si\/wp-content\/uploads\/2021\/01\/Salve_logo_modri_nov_web.png","contentUrl":"https:\/\/www.salve.si\/wp-content\/uploads\/2021\/01\/Salve_logo_modri_nov_web.png","width":279,"height":90,"caption":"Salve d.o.o."},"image":{"@id":"https:\/\/www.salve.si\/#\/schema\/logo\/image\/"},"sameAs":["https:\/\/www.facebook.com\/salve.si","https:\/\/www.instagram.com\/zalozbasalve\/","https:\/\/www.linkedin.com\/company\/zalozba-salve\/"]}]}},"_links":{"self":[{"href":"https:\/\/www.salve.si\/en\/wp-json\/wp\/v2\/product\/2622","targetHints":{"allow":["GET"]}}],"collection":[{"href":"https:\/\/www.salve.si\/en\/wp-json\/wp\/v2\/product"}],"about":[{"href":"https:\/\/www.salve.si\/en\/wp-json\/wp\/v2\/types\/product"}],"version-history":[{"count":0,"href":"https:\/\/www.salve.si\/en\/wp-json\/wp\/v2\/product\/2622\/revisions"}],"wp:featuredmedia":[{"embeddable":true,"href":"https:\/\/www.salve.si\/en\/wp-json\/wp\/v2\/media\/2623"}],"wp:attachment":[{"href":"https:\/\/www.salve.si\/en\/wp-json\/wp\/v2\/media?parent=2622"}],"wp:term":[{"taxonomy":"product_cat","embeddable":true,"href":"https:\/\/www.salve.si\/en\/wp-json\/wp\/v2\/product_cat?post=2622"},{"taxonomy":"product_tag","embeddable":true,"href":"https:\/\/www.salve.si\/en\/wp-json\/wp\/v2\/product_tag?post=2622"}],"curies":[{"name":"wp","href":"https:\/\/api.w.org\/{rel}","templated":true}]}}