{"id":2620,"date":"2009-03-14T10:00:57","date_gmt":"2009-03-14T09:00:57","guid":{"rendered":"http:\/\/2018.salve.si\/?post_type=product&#038;p=2620"},"modified":"2018-08-24T16:07:39","modified_gmt":"2018-08-24T14:07:39","slug":"administracija-v-drustvih","status":"publish","type":"product","link":"https:\/\/www.salve.si\/en\/trgovina\/knjige\/prirocniki\/administracija-v-drustvih\/","title":{"rendered":"Administracija v dru\u0161tvih"},"content":{"rendered":"<div id=\"maininner\" class=\"grid-box\">\n<section id=\"content\" class=\"grid-block\">\n<div class=\"productdetails-view productdetails\">\n<div class=\"product-description\">\n<p>Dru\u0161tvo je ena najbolj primernih oblika za zdru\u017eevanje mladih. Dru\u0161tvo je oblika, ki mladim omogo\u010da participacijo pri odlo\u010danju in upravljanju. Mladi lahko znotraj dru\u0161tev na\u010drtujejo in izvajajo razli\u010dne projekte, s katerim izpolnjujejo svojo vlogo aktivnega dr\u017eavljana in prevzemajo dru\u017ebeno odgovornost. Dru\u0161tvo mladim nudi sistemsko in pravno okolje za njihovo delovanje. Lahko odprejo poslovni ra\u010dun, kar je potrebno, \u010de ho\u010dejo dobiti dr\u017eavna prora\u010dunska sredstva ali donacije zasebnih podjetij. S tem si lahko zagotovijo zadostno mero finan\u010dnih sredstev za izvajanje programov.<\/p>\n<\/div>\n<\/div>\n<\/section>\n<\/div>\n<p>&nbsp;<span class=\"slv-content-keywords\"> Priro\u010dniki <\/span><\/p>","protected":false},"excerpt":{"rendered":"<p>Knji\u017eica se osredoto\u010da na administrativno vodenje dru\u0161tva, torej na tisti del, ki zagotavlja oziroma predstavlja podporo delovanju ostalih dejavnosti. Primerna je za mlade, ki se \u017eelijo organizirati in ustanoviti svoje dru\u0161tvo.<\/p>","protected":false},"featured_media":2621,"template":"","meta":{"_acf_changed":false,"footnotes":""},"product_cat":[316],"product_tag":[],"class_list":{"0":"post-2620","1":"product","2":"type-product","3":"status-publish","4":"has-post-thumbnail","6":"publisher-salve-d-o-o-ljubljana","7":"product_cat-prirocniki","9":"first","10":"instock","11":"shipping-taxable","12":"purchasable","13":"product-type-simple"},"acf":[],"yoast_head":"<!-- This site is optimized with the Yoast SEO plugin v23.8 - https:\/\/yoast.com\/wordpress\/plugins\/seo\/ -->\n<title>Administracija v dru\u0161tvih - Salve<\/title>\n<meta name=\"robots\" content=\"index, follow, max-snippet:-1, max-image-preview:large, max-video-preview:-1\" \/>\n<link rel=\"canonical\" href=\"https:\/\/www.salve.si\/en\/trgovina\/knjige\/prirocniki\/administracija-v-drustvih\/\" \/>\n<meta property=\"og:locale\" content=\"en_US\" \/>\n<meta property=\"og:type\" content=\"article\" \/>\n<meta property=\"og:title\" content=\"Administracija v dru\u0161tvih - Salve\" \/>\n<meta property=\"og:description\" content=\"Knji\u017eica se osredoto\u010da na administrativno vodenje dru\u0161tva, torej na tisti del, ki zagotavlja oziroma predstavlja podporo delovanju ostalih dejavnosti. Primerna je za mlade, ki se \u017eelijo organizirati in ustanoviti svoje dru\u0161tvo.\" \/>\n<meta property=\"og:url\" content=\"https:\/\/www.salve.si\/en\/trgovina\/knjige\/prirocniki\/administracija-v-drustvih\/\" \/>\n<meta property=\"og:site_name\" content=\"Salve\" \/>\n<meta property=\"article:publisher\" content=\"https:\/\/www.facebook.com\/salve.si\" \/>\n<meta property=\"article:modified_time\" content=\"2018-08-24T14:07:39+00:00\" \/>\n<meta property=\"og:image\" content=\"https:\/\/www.salve.si\/wp-content\/uploads\/2018\/03\/Administracija_v_49bb8c6e76d4c.jpg\" \/>\n\t<meta property=\"og:image:width\" content=\"150\" \/>\n\t<meta property=\"og:image:height\" content=\"261\" \/>\n\t<meta property=\"og:image:type\" content=\"image\/jpeg\" \/>\n<meta name=\"twitter:card\" content=\"summary_large_image\" \/>\n<script type=\"application\/ld+json\" class=\"yoast-schema-graph\">{\"@context\":\"https:\/\/schema.org\",\"@graph\":[{\"@type\":\"WebPage\",\"@id\":\"https:\/\/www.salve.si\/trgovina\/knjige\/prirocniki\/administracija-v-drustvih\/\",\"url\":\"https:\/\/www.salve.si\/trgovina\/knjige\/prirocniki\/administracija-v-drustvih\/\",\"name\":\"Administracija v dru\u0161tvih - Salve\",\"isPartOf\":{\"@id\":\"https:\/\/www.salve.si\/#website\"},\"primaryImageOfPage\":{\"@id\":\"https:\/\/www.salve.si\/trgovina\/knjige\/prirocniki\/administracija-v-drustvih\/#primaryimage\"},\"image\":{\"@id\":\"https:\/\/www.salve.si\/trgovina\/knjige\/prirocniki\/administracija-v-drustvih\/#primaryimage\"},\"thumbnailUrl\":\"https:\/\/www.salve.si\/wp-content\/uploads\/2018\/03\/Administracija_v_49bb8c6e76d4c.jpg\",\"datePublished\":\"2009-03-14T09:00:57+00:00\",\"dateModified\":\"2018-08-24T14:07:39+00:00\",\"breadcrumb\":{\"@id\":\"https:\/\/www.salve.si\/trgovina\/knjige\/prirocniki\/administracija-v-drustvih\/#breadcrumb\"},\"inLanguage\":\"en-US\",\"potentialAction\":[{\"@type\":\"ReadAction\",\"target\":[\"https:\/\/www.salve.si\/trgovina\/knjige\/prirocniki\/administracija-v-drustvih\/\"]}]},{\"@type\":\"ImageObject\",\"inLanguage\":\"en-US\",\"@id\":\"https:\/\/www.salve.si\/trgovina\/knjige\/prirocniki\/administracija-v-drustvih\/#primaryimage\",\"url\":\"https:\/\/www.salve.si\/wp-content\/uploads\/2018\/03\/Administracija_v_49bb8c6e76d4c.jpg\",\"contentUrl\":\"https:\/\/www.salve.si\/wp-content\/uploads\/2018\/03\/Administracija_v_49bb8c6e76d4c.jpg\",\"width\":150,\"height\":261},{\"@type\":\"BreadcrumbList\",\"@id\":\"https:\/\/www.salve.si\/trgovina\/knjige\/prirocniki\/administracija-v-drustvih\/#breadcrumb\",\"itemListElement\":[{\"@type\":\"ListItem\",\"position\":1,\"name\":\"Home\",\"item\":\"https:\/\/www.salve.si\/\"},{\"@type\":\"ListItem\",\"position\":2,\"name\":\"Trgovina\",\"item\":\"https:\/\/www.salve.si\/trgovina\/\"},{\"@type\":\"ListItem\",\"position\":3,\"name\":\"Administracija v dru\u0161tvih\"}]},{\"@type\":\"WebSite\",\"@id\":\"https:\/\/www.salve.si\/#website\",\"url\":\"https:\/\/www.salve.si\/\",\"name\":\"Salve\",\"description\":\"Salezijanska zalo\u017eba\",\"publisher\":{\"@id\":\"https:\/\/www.salve.si\/#organization\"},\"potentialAction\":[{\"@type\":\"SearchAction\",\"target\":{\"@type\":\"EntryPoint\",\"urlTemplate\":\"https:\/\/www.salve.si\/?s={search_term_string}\"},\"query-input\":{\"@type\":\"PropertyValueSpecification\",\"valueRequired\":true,\"valueName\":\"search_term_string\"}}],\"inLanguage\":\"en-US\"},{\"@type\":\"Organization\",\"@id\":\"https:\/\/www.salve.si\/#organization\",\"name\":\"Salve d.o.o.\",\"url\":\"https:\/\/www.salve.si\/\",\"logo\":{\"@type\":\"ImageObject\",\"inLanguage\":\"en-US\",\"@id\":\"https:\/\/www.salve.si\/#\/schema\/logo\/image\/\",\"url\":\"https:\/\/www.salve.si\/wp-content\/uploads\/2021\/01\/Salve_logo_modri_nov_web.png\",\"contentUrl\":\"https:\/\/www.salve.si\/wp-content\/uploads\/2021\/01\/Salve_logo_modri_nov_web.png\",\"width\":279,\"height\":90,\"caption\":\"Salve d.o.o.\"},\"image\":{\"@id\":\"https:\/\/www.salve.si\/#\/schema\/logo\/image\/\"},\"sameAs\":[\"https:\/\/www.facebook.com\/salve.si\",\"https:\/\/www.instagram.com\/zalozbasalve\/\",\"https:\/\/www.linkedin.com\/company\/zalozba-salve\/\"]}]}<\/script>\n<!-- \/ Yoast SEO plugin. -->","yoast_head_json":{"title":"Administracija v dru\u0161tvih - Salve","robots":{"index":"index","follow":"follow","max-snippet":"max-snippet:-1","max-image-preview":"max-image-preview:large","max-video-preview":"max-video-preview:-1"},"canonical":"https:\/\/www.salve.si\/en\/trgovina\/knjige\/prirocniki\/administracija-v-drustvih\/","og_locale":"en_US","og_type":"article","og_title":"Administracija v dru\u0161tvih - Salve","og_description":"Knji\u017eica se osredoto\u010da na administrativno vodenje dru\u0161tva, torej na tisti del, ki zagotavlja oziroma predstavlja podporo delovanju ostalih dejavnosti. Primerna je za mlade, ki se \u017eelijo organizirati in ustanoviti svoje dru\u0161tvo.","og_url":"https:\/\/www.salve.si\/en\/trgovina\/knjige\/prirocniki\/administracija-v-drustvih\/","og_site_name":"Salve","article_publisher":"https:\/\/www.facebook.com\/salve.si","article_modified_time":"2018-08-24T14:07:39+00:00","og_image":[{"width":150,"height":261,"url":"https:\/\/www.salve.si\/wp-content\/uploads\/2018\/03\/Administracija_v_49bb8c6e76d4c.jpg","type":"image\/jpeg"}],"twitter_card":"summary_large_image","schema":{"@context":"https:\/\/schema.org","@graph":[{"@type":"WebPage","@id":"https:\/\/www.salve.si\/trgovina\/knjige\/prirocniki\/administracija-v-drustvih\/","url":"https:\/\/www.salve.si\/trgovina\/knjige\/prirocniki\/administracija-v-drustvih\/","name":"Administracija v dru\u0161tvih - Salve","isPartOf":{"@id":"https:\/\/www.salve.si\/#website"},"primaryImageOfPage":{"@id":"https:\/\/www.salve.si\/trgovina\/knjige\/prirocniki\/administracija-v-drustvih\/#primaryimage"},"image":{"@id":"https:\/\/www.salve.si\/trgovina\/knjige\/prirocniki\/administracija-v-drustvih\/#primaryimage"},"thumbnailUrl":"https:\/\/www.salve.si\/wp-content\/uploads\/2018\/03\/Administracija_v_49bb8c6e76d4c.jpg","datePublished":"2009-03-14T09:00:57+00:00","dateModified":"2018-08-24T14:07:39+00:00","breadcrumb":{"@id":"https:\/\/www.salve.si\/trgovina\/knjige\/prirocniki\/administracija-v-drustvih\/#breadcrumb"},"inLanguage":"en-US","potentialAction":[{"@type":"ReadAction","target":["https:\/\/www.salve.si\/trgovina\/knjige\/prirocniki\/administracija-v-drustvih\/"]}]},{"@type":"ImageObject","inLanguage":"en-US","@id":"https:\/\/www.salve.si\/trgovina\/knjige\/prirocniki\/administracija-v-drustvih\/#primaryimage","url":"https:\/\/www.salve.si\/wp-content\/uploads\/2018\/03\/Administracija_v_49bb8c6e76d4c.jpg","contentUrl":"https:\/\/www.salve.si\/wp-content\/uploads\/2018\/03\/Administracija_v_49bb8c6e76d4c.jpg","width":150,"height":261},{"@type":"BreadcrumbList","@id":"https:\/\/www.salve.si\/trgovina\/knjige\/prirocniki\/administracija-v-drustvih\/#breadcrumb","itemListElement":[{"@type":"ListItem","position":1,"name":"Home","item":"https:\/\/www.salve.si\/"},{"@type":"ListItem","position":2,"name":"Trgovina","item":"https:\/\/www.salve.si\/trgovina\/"},{"@type":"ListItem","position":3,"name":"Administracija v dru\u0161tvih"}]},{"@type":"WebSite","@id":"https:\/\/www.salve.si\/#website","url":"https:\/\/www.salve.si\/","name":"Salve","description":"Salezijanska zalo\u017eba","publisher":{"@id":"https:\/\/www.salve.si\/#organization"},"potentialAction":[{"@type":"SearchAction","target":{"@type":"EntryPoint","urlTemplate":"https:\/\/www.salve.si\/?s={search_term_string}"},"query-input":{"@type":"PropertyValueSpecification","valueRequired":true,"valueName":"search_term_string"}}],"inLanguage":"en-US"},{"@type":"Organization","@id":"https:\/\/www.salve.si\/#organization","name":"Salve d.o.o.","url":"https:\/\/www.salve.si\/","logo":{"@type":"ImageObject","inLanguage":"en-US","@id":"https:\/\/www.salve.si\/#\/schema\/logo\/image\/","url":"https:\/\/www.salve.si\/wp-content\/uploads\/2021\/01\/Salve_logo_modri_nov_web.png","contentUrl":"https:\/\/www.salve.si\/wp-content\/uploads\/2021\/01\/Salve_logo_modri_nov_web.png","width":279,"height":90,"caption":"Salve d.o.o."},"image":{"@id":"https:\/\/www.salve.si\/#\/schema\/logo\/image\/"},"sameAs":["https:\/\/www.facebook.com\/salve.si","https:\/\/www.instagram.com\/zalozbasalve\/","https:\/\/www.linkedin.com\/company\/zalozba-salve\/"]}]}},"_links":{"self":[{"href":"https:\/\/www.salve.si\/en\/wp-json\/wp\/v2\/product\/2620","targetHints":{"allow":["GET"]}}],"collection":[{"href":"https:\/\/www.salve.si\/en\/wp-json\/wp\/v2\/product"}],"about":[{"href":"https:\/\/www.salve.si\/en\/wp-json\/wp\/v2\/types\/product"}],"version-history":[{"count":0,"href":"https:\/\/www.salve.si\/en\/wp-json\/wp\/v2\/product\/2620\/revisions"}],"wp:featuredmedia":[{"embeddable":true,"href":"https:\/\/www.salve.si\/en\/wp-json\/wp\/v2\/media\/2621"}],"wp:attachment":[{"href":"https:\/\/www.salve.si\/en\/wp-json\/wp\/v2\/media?parent=2620"}],"wp:term":[{"taxonomy":"product_cat","embeddable":true,"href":"https:\/\/www.salve.si\/en\/wp-json\/wp\/v2\/product_cat?post=2620"},{"taxonomy":"product_tag","embeddable":true,"href":"https:\/\/www.salve.si\/en\/wp-json\/wp\/v2\/product_tag?post=2620"}],"curies":[{"name":"wp","href":"https:\/\/api.w.org\/{rel}","templated":true}]}}