{"id":2618,"date":"2009-03-14T10:00:35","date_gmt":"2009-03-14T09:00:35","guid":{"rendered":"http:\/\/2018.salve.si\/?post_type=product&#038;p=2618"},"modified":"2025-03-25T09:47:27","modified_gmt":"2025-03-25T08:47:27","slug":"ob-izgubi-ki-jo-dozivlja-mladostnik","status":"publish","type":"product","link":"https:\/\/www.salve.si\/en\/trgovina\/knjige\/prirocniki\/ob-izgubi-ki-jo-dozivlja-mladostnik\/","title":{"rendered":"Ob izgubi, ki jo do\u017eivlja mladostnik"},"content":{"rendered":"<div>\n<p>Knji\u017eica na 48 straneh najprej na inovativen na\u010din, preko razli\u010dnih primerov, definira pojem izgube. Zastavi ga zelo \u0161iroko, od tiste prve, na katero pomislimo (smrt bli\u017enjega), do manj o\u010ditnih, kakr\u0161ni sta npr. selitev ali izguba doma\u010de \u017eivali, ki jo otrok lahko prav tako intenzivno do\u017eivlja.<\/p>\n<\/div>\n<div>\n<p>V drugem delu se knji\u017eica poglobi v proces \u017ealovanja. Preko predstavitve elementov \u017eavlovanja nam pomaga, da ta proces in vse kar se v njem dogaja, bolje razumemo.<\/p>\n<\/div>\n<div>\n<p>V tretjem delu pa nas postavi v vlogo mladinskega voditelja. Sem ter tja, \u0161e posebno pri delu z ogro\u017eenimi mladimi, se mladinski voditelj sre\u010duje z izgubami, ki jih otrok ali mladostnik do\u017eivlja. Kaj storiti v tekem primeru, preberite v knji\u017eici!<\/p>\n<\/div>\n<div>\n<p>Knji\u017eica je nastala v sodelovanju s Karitas.<\/p>\n<\/div>\n<p><span class=\"slv-content-keywords\"> Priro\u010dniki Marjana Koro\u0161ec <\/span><\/p>","protected":false},"excerpt":{"rendered":"<p>Avtorice Marjana Koro\u0161ec, Ur\u0161ka Novak in Helena Zevnik z bralcem delijo izku\u0161nje, kako se soo\u010dati z razli\u010dnimi vrstami izgub v \u017eivljenju (smrt bli\u017enjega, odhod partnerja, selitev&#8230;) in kako reagirati kot mladinski voditelj, ko ti otrok ali mladost zaupa svojo izgubo.<\/p>","protected":false},"featured_media":2619,"template":"","meta":{"_acf_changed":false,"footnotes":""},"product_cat":[316],"product_tag":[],"class_list":{"0":"post-2618","1":"product","2":"type-product","3":"status-publish","4":"has-post-thumbnail","6":"authors-marjana-korosec","7":"publisher-salve-d-o-o-ljubljana","8":"product_cat-prirocniki","10":"first","11":"outofstock","12":"shipping-taxable","13":"purchasable","14":"product-type-simple"},"acf":[],"yoast_head":"<!-- This site is optimized with the Yoast SEO plugin v23.8 - https:\/\/yoast.com\/wordpress\/plugins\/seo\/ -->\n<title>Ob izgubi, ki jo do\u017eivlja mladostnik - Salve<\/title>\n<meta name=\"robots\" content=\"index, follow, max-snippet:-1, max-image-preview:large, max-video-preview:-1\" \/>\n<link rel=\"canonical\" href=\"https:\/\/www.salve.si\/en\/trgovina\/knjige\/prirocniki\/ob-izgubi-ki-jo-dozivlja-mladostnik\/\" \/>\n<meta property=\"og:locale\" content=\"en_US\" \/>\n<meta property=\"og:type\" content=\"article\" \/>\n<meta property=\"og:title\" content=\"Ob izgubi, ki jo do\u017eivlja mladostnik - Salve\" \/>\n<meta property=\"og:description\" content=\"Avtorice Marjana Koro\u0161ec, Ur\u0161ka Novak in Helena Zevnik z bralcem delijo izku\u0161nje, kako se soo\u010dati z razli\u010dnimi vrstami izgub v \u017eivljenju (smrt bli\u017enjega, odhod partnerja, selitev...) in kako reagirati kot mladinski voditelj, ko ti otrok ali mladost zaupa svojo izgubo.\" \/>\n<meta property=\"og:url\" content=\"https:\/\/www.salve.si\/en\/trgovina\/knjige\/prirocniki\/ob-izgubi-ki-jo-dozivlja-mladostnik\/\" \/>\n<meta property=\"og:site_name\" content=\"Salve\" \/>\n<meta property=\"article:publisher\" content=\"https:\/\/www.facebook.com\/salve.si\" \/>\n<meta property=\"article:modified_time\" content=\"2025-03-25T08:47:27+00:00\" \/>\n<meta property=\"og:image\" content=\"https:\/\/www.salve.si\/wp-content\/uploads\/2018\/03\/Ob_izgubi__ki_jo_49bb8c9a38b79.jpg\" \/>\n\t<meta property=\"og:image:width\" content=\"150\" \/>\n\t<meta property=\"og:image:height\" content=\"261\" \/>\n\t<meta property=\"og:image:type\" content=\"image\/jpeg\" \/>\n<meta name=\"twitter:card\" content=\"summary_large_image\" \/>\n<meta name=\"twitter:label1\" content=\"Est. reading time\" \/>\n\t<meta name=\"twitter:data1\" content=\"1 minute\" \/>\n<script type=\"application\/ld+json\" class=\"yoast-schema-graph\">{\"@context\":\"https:\/\/schema.org\",\"@graph\":[{\"@type\":\"WebPage\",\"@id\":\"https:\/\/www.salve.si\/trgovina\/knjige\/prirocniki\/ob-izgubi-ki-jo-dozivlja-mladostnik\/\",\"url\":\"https:\/\/www.salve.si\/trgovina\/knjige\/prirocniki\/ob-izgubi-ki-jo-dozivlja-mladostnik\/\",\"name\":\"Ob izgubi, ki jo do\u017eivlja mladostnik - Salve\",\"isPartOf\":{\"@id\":\"https:\/\/www.salve.si\/#website\"},\"primaryImageOfPage\":{\"@id\":\"https:\/\/www.salve.si\/trgovina\/knjige\/prirocniki\/ob-izgubi-ki-jo-dozivlja-mladostnik\/#primaryimage\"},\"image\":{\"@id\":\"https:\/\/www.salve.si\/trgovina\/knjige\/prirocniki\/ob-izgubi-ki-jo-dozivlja-mladostnik\/#primaryimage\"},\"thumbnailUrl\":\"https:\/\/www.salve.si\/wp-content\/uploads\/2018\/03\/Ob_izgubi__ki_jo_49bb8c9a38b79.jpg\",\"datePublished\":\"2009-03-14T09:00:35+00:00\",\"dateModified\":\"2025-03-25T08:47:27+00:00\",\"breadcrumb\":{\"@id\":\"https:\/\/www.salve.si\/trgovina\/knjige\/prirocniki\/ob-izgubi-ki-jo-dozivlja-mladostnik\/#breadcrumb\"},\"inLanguage\":\"en-US\",\"potentialAction\":[{\"@type\":\"ReadAction\",\"target\":[\"https:\/\/www.salve.si\/trgovina\/knjige\/prirocniki\/ob-izgubi-ki-jo-dozivlja-mladostnik\/\"]}]},{\"@type\":\"ImageObject\",\"inLanguage\":\"en-US\",\"@id\":\"https:\/\/www.salve.si\/trgovina\/knjige\/prirocniki\/ob-izgubi-ki-jo-dozivlja-mladostnik\/#primaryimage\",\"url\":\"https:\/\/www.salve.si\/wp-content\/uploads\/2018\/03\/Ob_izgubi__ki_jo_49bb8c9a38b79.jpg\",\"contentUrl\":\"https:\/\/www.salve.si\/wp-content\/uploads\/2018\/03\/Ob_izgubi__ki_jo_49bb8c9a38b79.jpg\",\"width\":150,\"height\":261},{\"@type\":\"BreadcrumbList\",\"@id\":\"https:\/\/www.salve.si\/trgovina\/knjige\/prirocniki\/ob-izgubi-ki-jo-dozivlja-mladostnik\/#breadcrumb\",\"itemListElement\":[{\"@type\":\"ListItem\",\"position\":1,\"name\":\"Home\",\"item\":\"https:\/\/www.salve.si\/\"},{\"@type\":\"ListItem\",\"position\":2,\"name\":\"Trgovina\",\"item\":\"https:\/\/www.salve.si\/trgovina\/\"},{\"@type\":\"ListItem\",\"position\":3,\"name\":\"Ob izgubi, ki jo do\u017eivlja mladostnik\"}]},{\"@type\":\"WebSite\",\"@id\":\"https:\/\/www.salve.si\/#website\",\"url\":\"https:\/\/www.salve.si\/\",\"name\":\"Salve\",\"description\":\"Salezijanska zalo\u017eba\",\"publisher\":{\"@id\":\"https:\/\/www.salve.si\/#organization\"},\"potentialAction\":[{\"@type\":\"SearchAction\",\"target\":{\"@type\":\"EntryPoint\",\"urlTemplate\":\"https:\/\/www.salve.si\/?s={search_term_string}\"},\"query-input\":{\"@type\":\"PropertyValueSpecification\",\"valueRequired\":true,\"valueName\":\"search_term_string\"}}],\"inLanguage\":\"en-US\"},{\"@type\":\"Organization\",\"@id\":\"https:\/\/www.salve.si\/#organization\",\"name\":\"Salve d.o.o.\",\"url\":\"https:\/\/www.salve.si\/\",\"logo\":{\"@type\":\"ImageObject\",\"inLanguage\":\"en-US\",\"@id\":\"https:\/\/www.salve.si\/#\/schema\/logo\/image\/\",\"url\":\"https:\/\/www.salve.si\/wp-content\/uploads\/2021\/01\/Salve_logo_modri_nov_web.png\",\"contentUrl\":\"https:\/\/www.salve.si\/wp-content\/uploads\/2021\/01\/Salve_logo_modri_nov_web.png\",\"width\":279,\"height\":90,\"caption\":\"Salve d.o.o.\"},\"image\":{\"@id\":\"https:\/\/www.salve.si\/#\/schema\/logo\/image\/\"},\"sameAs\":[\"https:\/\/www.facebook.com\/salve.si\",\"https:\/\/www.instagram.com\/zalozbasalve\/\",\"https:\/\/www.linkedin.com\/company\/zalozba-salve\/\"]}]}<\/script>\n<!-- \/ Yoast SEO plugin. -->","yoast_head_json":{"title":"Ob izgubi, ki jo do\u017eivlja mladostnik - Salve","robots":{"index":"index","follow":"follow","max-snippet":"max-snippet:-1","max-image-preview":"max-image-preview:large","max-video-preview":"max-video-preview:-1"},"canonical":"https:\/\/www.salve.si\/en\/trgovina\/knjige\/prirocniki\/ob-izgubi-ki-jo-dozivlja-mladostnik\/","og_locale":"en_US","og_type":"article","og_title":"Ob izgubi, ki jo do\u017eivlja mladostnik - Salve","og_description":"Avtorice Marjana Koro\u0161ec, Ur\u0161ka Novak in Helena Zevnik z bralcem delijo izku\u0161nje, kako se soo\u010dati z razli\u010dnimi vrstami izgub v \u017eivljenju (smrt bli\u017enjega, odhod partnerja, selitev...) in kako reagirati kot mladinski voditelj, ko ti otrok ali mladost zaupa svojo izgubo.","og_url":"https:\/\/www.salve.si\/en\/trgovina\/knjige\/prirocniki\/ob-izgubi-ki-jo-dozivlja-mladostnik\/","og_site_name":"Salve","article_publisher":"https:\/\/www.facebook.com\/salve.si","article_modified_time":"2025-03-25T08:47:27+00:00","og_image":[{"width":150,"height":261,"url":"https:\/\/www.salve.si\/wp-content\/uploads\/2018\/03\/Ob_izgubi__ki_jo_49bb8c9a38b79.jpg","type":"image\/jpeg"}],"twitter_card":"summary_large_image","twitter_misc":{"Est. reading time":"1 minute"},"schema":{"@context":"https:\/\/schema.org","@graph":[{"@type":"WebPage","@id":"https:\/\/www.salve.si\/trgovina\/knjige\/prirocniki\/ob-izgubi-ki-jo-dozivlja-mladostnik\/","url":"https:\/\/www.salve.si\/trgovina\/knjige\/prirocniki\/ob-izgubi-ki-jo-dozivlja-mladostnik\/","name":"Ob izgubi, ki jo do\u017eivlja mladostnik - Salve","isPartOf":{"@id":"https:\/\/www.salve.si\/#website"},"primaryImageOfPage":{"@id":"https:\/\/www.salve.si\/trgovina\/knjige\/prirocniki\/ob-izgubi-ki-jo-dozivlja-mladostnik\/#primaryimage"},"image":{"@id":"https:\/\/www.salve.si\/trgovina\/knjige\/prirocniki\/ob-izgubi-ki-jo-dozivlja-mladostnik\/#primaryimage"},"thumbnailUrl":"https:\/\/www.salve.si\/wp-content\/uploads\/2018\/03\/Ob_izgubi__ki_jo_49bb8c9a38b79.jpg","datePublished":"2009-03-14T09:00:35+00:00","dateModified":"2025-03-25T08:47:27+00:00","breadcrumb":{"@id":"https:\/\/www.salve.si\/trgovina\/knjige\/prirocniki\/ob-izgubi-ki-jo-dozivlja-mladostnik\/#breadcrumb"},"inLanguage":"en-US","potentialAction":[{"@type":"ReadAction","target":["https:\/\/www.salve.si\/trgovina\/knjige\/prirocniki\/ob-izgubi-ki-jo-dozivlja-mladostnik\/"]}]},{"@type":"ImageObject","inLanguage":"en-US","@id":"https:\/\/www.salve.si\/trgovina\/knjige\/prirocniki\/ob-izgubi-ki-jo-dozivlja-mladostnik\/#primaryimage","url":"https:\/\/www.salve.si\/wp-content\/uploads\/2018\/03\/Ob_izgubi__ki_jo_49bb8c9a38b79.jpg","contentUrl":"https:\/\/www.salve.si\/wp-content\/uploads\/2018\/03\/Ob_izgubi__ki_jo_49bb8c9a38b79.jpg","width":150,"height":261},{"@type":"BreadcrumbList","@id":"https:\/\/www.salve.si\/trgovina\/knjige\/prirocniki\/ob-izgubi-ki-jo-dozivlja-mladostnik\/#breadcrumb","itemListElement":[{"@type":"ListItem","position":1,"name":"Home","item":"https:\/\/www.salve.si\/"},{"@type":"ListItem","position":2,"name":"Trgovina","item":"https:\/\/www.salve.si\/trgovina\/"},{"@type":"ListItem","position":3,"name":"Ob izgubi, ki jo do\u017eivlja mladostnik"}]},{"@type":"WebSite","@id":"https:\/\/www.salve.si\/#website","url":"https:\/\/www.salve.si\/","name":"Salve","description":"Salezijanska zalo\u017eba","publisher":{"@id":"https:\/\/www.salve.si\/#organization"},"potentialAction":[{"@type":"SearchAction","target":{"@type":"EntryPoint","urlTemplate":"https:\/\/www.salve.si\/?s={search_term_string}"},"query-input":{"@type":"PropertyValueSpecification","valueRequired":true,"valueName":"search_term_string"}}],"inLanguage":"en-US"},{"@type":"Organization","@id":"https:\/\/www.salve.si\/#organization","name":"Salve d.o.o.","url":"https:\/\/www.salve.si\/","logo":{"@type":"ImageObject","inLanguage":"en-US","@id":"https:\/\/www.salve.si\/#\/schema\/logo\/image\/","url":"https:\/\/www.salve.si\/wp-content\/uploads\/2021\/01\/Salve_logo_modri_nov_web.png","contentUrl":"https:\/\/www.salve.si\/wp-content\/uploads\/2021\/01\/Salve_logo_modri_nov_web.png","width":279,"height":90,"caption":"Salve d.o.o."},"image":{"@id":"https:\/\/www.salve.si\/#\/schema\/logo\/image\/"},"sameAs":["https:\/\/www.facebook.com\/salve.si","https:\/\/www.instagram.com\/zalozbasalve\/","https:\/\/www.linkedin.com\/company\/zalozba-salve\/"]}]}},"_links":{"self":[{"href":"https:\/\/www.salve.si\/en\/wp-json\/wp\/v2\/product\/2618","targetHints":{"allow":["GET"]}}],"collection":[{"href":"https:\/\/www.salve.si\/en\/wp-json\/wp\/v2\/product"}],"about":[{"href":"https:\/\/www.salve.si\/en\/wp-json\/wp\/v2\/types\/product"}],"version-history":[{"count":1,"href":"https:\/\/www.salve.si\/en\/wp-json\/wp\/v2\/product\/2618\/revisions"}],"predecessor-version":[{"id":19702,"href":"https:\/\/www.salve.si\/en\/wp-json\/wp\/v2\/product\/2618\/revisions\/19702"}],"wp:featuredmedia":[{"embeddable":true,"href":"https:\/\/www.salve.si\/en\/wp-json\/wp\/v2\/media\/2619"}],"wp:attachment":[{"href":"https:\/\/www.salve.si\/en\/wp-json\/wp\/v2\/media?parent=2618"}],"wp:term":[{"taxonomy":"product_cat","embeddable":true,"href":"https:\/\/www.salve.si\/en\/wp-json\/wp\/v2\/product_cat?post=2618"},{"taxonomy":"product_tag","embeddable":true,"href":"https:\/\/www.salve.si\/en\/wp-json\/wp\/v2\/product_tag?post=2618"}],"curies":[{"name":"wp","href":"https:\/\/api.w.org\/{rel}","templated":true}]}}