{"id":2614,"date":"2009-03-14T10:00:09","date_gmt":"2009-03-14T09:00:09","guid":{"rendered":"http:\/\/2018.salve.si\/?post_type=product&#038;p=2614"},"modified":"2021-02-18T14:26:55","modified_gmt":"2021-02-18T13:26:55","slug":"igre-za-medkulturni-dialog","status":"publish","type":"product","link":"https:\/\/www.salve.si\/en\/trgovina\/knjige\/prirocniki\/igre-za-medkulturni-dialog\/","title":{"rendered":"Igre za medkulturni dialog"},"content":{"rendered":"<div id=\"maininner\" class=\"grid-box\">\n<section id=\"content\" class=\"grid-block\">\n<div class=\"productdetails-view productdetails\">\n<div class=\"product-description\">\n<p>Ob odprtosti in radovednosti se z njimi veliko nau\u010dimo tudi odrasli, saj so\u00a0 zastavljene tako, da spodbujajo razvoj na\u010del solidarnosti, strpnosti in sodelovanja. Uporabne so ob razli\u010dnih prilo\u017enostih, mo\u017eno jih je prilagajati glede na zna\u010dilnosti skupine, hkrati pa izvajalcem ponujajo pester izbor metod in vsebin.<\/p>\n<\/div>\n<\/div>\n<\/section>\n<\/div>\n<p><span class=\"slv-content-keywords\"> Igre Jasna Repa Jo\u017ee Gornik Martina Kotnik Rafo Pinosa Priro\u010dniki Igrajmo se <\/span><\/p>","protected":false},"excerpt":{"rendered":"<p>Kulturna raznolikost prina\u0161a s seboj veliko izzivov.<br \/>\nKako premagati strah, stereotipe in druge oblike zavra\u010danja, ki jih spro\u017ea razli\u010dnost?<br \/>\nV tem primeru so igre preventivno sredstvo, saj se udele\u017eenci sprostijo in odprejo za sodelovanje ter pri tem pozabijo na osebne ovire, s katerimi bi v druga\u010dnih okoli\u0161\u010dinah imeli te\u017eave pri vklju\u010devanju v dejavnost.<\/p>","protected":false},"featured_media":12727,"template":"","meta":{"_acf_changed":false,"footnotes":""},"product_cat":[316],"product_tag":[661],"class_list":{"0":"post-2614","1":"product","2":"type-product","3":"status-publish","4":"has-post-thumbnail","6":"zbirke-igre","7":"authors-jasna-repa","8":"authors-joze-gornik","9":"authors-martina-kotnik","10":"authors-rafo-pinosa","11":"publisher-salve-d-o-o-ljubljana","12":"product_cat-prirocniki","13":"product_tag-igre","15":"first","16":"outofstock","17":"shipping-taxable","18":"purchasable","19":"product-type-simple"},"acf":[],"yoast_head":"<!-- This site is optimized with the Yoast SEO plugin v23.8 - https:\/\/yoast.com\/wordpress\/plugins\/seo\/ -->\n<title>Igre za medkulturni dialog - Salve<\/title>\n<meta name=\"robots\" content=\"index, follow, max-snippet:-1, max-image-preview:large, max-video-preview:-1\" \/>\n<link rel=\"canonical\" href=\"https:\/\/www.salve.si\/en\/trgovina\/knjige\/prirocniki\/igre-za-medkulturni-dialog\/\" \/>\n<meta property=\"og:locale\" content=\"en_US\" \/>\n<meta property=\"og:type\" content=\"article\" \/>\n<meta property=\"og:title\" content=\"Igre za medkulturni dialog - Salve\" \/>\n<meta property=\"og:description\" content=\"Kulturna raznolikost prina\u0161a s seboj veliko izzivov. Kako premagati strah, stereotipe in druge oblike zavra\u010danja, ki jih spro\u017ea razli\u010dnost? V tem primeru so igre preventivno sredstvo, saj se udele\u017eenci sprostijo in odprejo za sodelovanje ter pri tem pozabijo na osebne ovire, s katerimi bi v druga\u010dnih okoli\u0161\u010dinah imeli te\u017eave pri vklju\u010devanju v dejavnost.\" \/>\n<meta property=\"og:url\" content=\"https:\/\/www.salve.si\/en\/trgovina\/knjige\/prirocniki\/igre-za-medkulturni-dialog\/\" \/>\n<meta property=\"og:site_name\" content=\"Salve\" \/>\n<meta property=\"article:publisher\" content=\"https:\/\/www.facebook.com\/salve.si\" \/>\n<meta property=\"article:modified_time\" content=\"2021-02-18T13:26:55+00:00\" \/>\n<meta property=\"og:image\" content=\"https:\/\/www.salve.si\/wp-content\/uploads\/2009\/03\/Igre-za-medkulturni-dialog.jpg\" \/>\n\t<meta property=\"og:image:width\" content=\"474\" \/>\n\t<meta property=\"og:image:height\" content=\"841\" \/>\n\t<meta property=\"og:image:type\" content=\"image\/jpeg\" \/>\n<meta name=\"twitter:card\" content=\"summary_large_image\" \/>\n<script type=\"application\/ld+json\" class=\"yoast-schema-graph\">{\"@context\":\"https:\/\/schema.org\",\"@graph\":[{\"@type\":\"WebPage\",\"@id\":\"https:\/\/www.salve.si\/trgovina\/knjige\/prirocniki\/igre-za-medkulturni-dialog\/\",\"url\":\"https:\/\/www.salve.si\/trgovina\/knjige\/prirocniki\/igre-za-medkulturni-dialog\/\",\"name\":\"Igre za medkulturni dialog - Salve\",\"isPartOf\":{\"@id\":\"https:\/\/www.salve.si\/#website\"},\"primaryImageOfPage\":{\"@id\":\"https:\/\/www.salve.si\/trgovina\/knjige\/prirocniki\/igre-za-medkulturni-dialog\/#primaryimage\"},\"image\":{\"@id\":\"https:\/\/www.salve.si\/trgovina\/knjige\/prirocniki\/igre-za-medkulturni-dialog\/#primaryimage\"},\"thumbnailUrl\":\"https:\/\/www.salve.si\/wp-content\/uploads\/2009\/03\/Igre-za-medkulturni-dialog.jpg\",\"datePublished\":\"2009-03-14T09:00:09+00:00\",\"dateModified\":\"2021-02-18T13:26:55+00:00\",\"breadcrumb\":{\"@id\":\"https:\/\/www.salve.si\/trgovina\/knjige\/prirocniki\/igre-za-medkulturni-dialog\/#breadcrumb\"},\"inLanguage\":\"en-US\",\"potentialAction\":[{\"@type\":\"ReadAction\",\"target\":[\"https:\/\/www.salve.si\/trgovina\/knjige\/prirocniki\/igre-za-medkulturni-dialog\/\"]}]},{\"@type\":\"ImageObject\",\"inLanguage\":\"en-US\",\"@id\":\"https:\/\/www.salve.si\/trgovina\/knjige\/prirocniki\/igre-za-medkulturni-dialog\/#primaryimage\",\"url\":\"https:\/\/www.salve.si\/wp-content\/uploads\/2009\/03\/Igre-za-medkulturni-dialog.jpg\",\"contentUrl\":\"https:\/\/www.salve.si\/wp-content\/uploads\/2009\/03\/Igre-za-medkulturni-dialog.jpg\",\"width\":474,\"height\":841},{\"@type\":\"BreadcrumbList\",\"@id\":\"https:\/\/www.salve.si\/trgovina\/knjige\/prirocniki\/igre-za-medkulturni-dialog\/#breadcrumb\",\"itemListElement\":[{\"@type\":\"ListItem\",\"position\":1,\"name\":\"Home\",\"item\":\"https:\/\/www.salve.si\/\"},{\"@type\":\"ListItem\",\"position\":2,\"name\":\"Trgovina\",\"item\":\"https:\/\/www.salve.si\/trgovina\/\"},{\"@type\":\"ListItem\",\"position\":3,\"name\":\"Igre za medkulturni dialog\"}]},{\"@type\":\"WebSite\",\"@id\":\"https:\/\/www.salve.si\/#website\",\"url\":\"https:\/\/www.salve.si\/\",\"name\":\"Salve\",\"description\":\"Salezijanska zalo\u017eba\",\"publisher\":{\"@id\":\"https:\/\/www.salve.si\/#organization\"},\"potentialAction\":[{\"@type\":\"SearchAction\",\"target\":{\"@type\":\"EntryPoint\",\"urlTemplate\":\"https:\/\/www.salve.si\/?s={search_term_string}\"},\"query-input\":{\"@type\":\"PropertyValueSpecification\",\"valueRequired\":true,\"valueName\":\"search_term_string\"}}],\"inLanguage\":\"en-US\"},{\"@type\":\"Organization\",\"@id\":\"https:\/\/www.salve.si\/#organization\",\"name\":\"Salve d.o.o.\",\"url\":\"https:\/\/www.salve.si\/\",\"logo\":{\"@type\":\"ImageObject\",\"inLanguage\":\"en-US\",\"@id\":\"https:\/\/www.salve.si\/#\/schema\/logo\/image\/\",\"url\":\"https:\/\/www.salve.si\/wp-content\/uploads\/2021\/01\/Salve_logo_modri_nov_web.png\",\"contentUrl\":\"https:\/\/www.salve.si\/wp-content\/uploads\/2021\/01\/Salve_logo_modri_nov_web.png\",\"width\":279,\"height\":90,\"caption\":\"Salve d.o.o.\"},\"image\":{\"@id\":\"https:\/\/www.salve.si\/#\/schema\/logo\/image\/\"},\"sameAs\":[\"https:\/\/www.facebook.com\/salve.si\",\"https:\/\/www.instagram.com\/zalozbasalve\/\",\"https:\/\/www.linkedin.com\/company\/zalozba-salve\/\"]}]}<\/script>\n<!-- \/ Yoast SEO plugin. -->","yoast_head_json":{"title":"Igre za medkulturni dialog - Salve","robots":{"index":"index","follow":"follow","max-snippet":"max-snippet:-1","max-image-preview":"max-image-preview:large","max-video-preview":"max-video-preview:-1"},"canonical":"https:\/\/www.salve.si\/en\/trgovina\/knjige\/prirocniki\/igre-za-medkulturni-dialog\/","og_locale":"en_US","og_type":"article","og_title":"Igre za medkulturni dialog - Salve","og_description":"Kulturna raznolikost prina\u0161a s seboj veliko izzivov. Kako premagati strah, stereotipe in druge oblike zavra\u010danja, ki jih spro\u017ea razli\u010dnost? V tem primeru so igre preventivno sredstvo, saj se udele\u017eenci sprostijo in odprejo za sodelovanje ter pri tem pozabijo na osebne ovire, s katerimi bi v druga\u010dnih okoli\u0161\u010dinah imeli te\u017eave pri vklju\u010devanju v dejavnost.","og_url":"https:\/\/www.salve.si\/en\/trgovina\/knjige\/prirocniki\/igre-za-medkulturni-dialog\/","og_site_name":"Salve","article_publisher":"https:\/\/www.facebook.com\/salve.si","article_modified_time":"2021-02-18T13:26:55+00:00","og_image":[{"width":474,"height":841,"url":"https:\/\/www.salve.si\/wp-content\/uploads\/2009\/03\/Igre-za-medkulturni-dialog.jpg","type":"image\/jpeg"}],"twitter_card":"summary_large_image","schema":{"@context":"https:\/\/schema.org","@graph":[{"@type":"WebPage","@id":"https:\/\/www.salve.si\/trgovina\/knjige\/prirocniki\/igre-za-medkulturni-dialog\/","url":"https:\/\/www.salve.si\/trgovina\/knjige\/prirocniki\/igre-za-medkulturni-dialog\/","name":"Igre za medkulturni dialog - Salve","isPartOf":{"@id":"https:\/\/www.salve.si\/#website"},"primaryImageOfPage":{"@id":"https:\/\/www.salve.si\/trgovina\/knjige\/prirocniki\/igre-za-medkulturni-dialog\/#primaryimage"},"image":{"@id":"https:\/\/www.salve.si\/trgovina\/knjige\/prirocniki\/igre-za-medkulturni-dialog\/#primaryimage"},"thumbnailUrl":"https:\/\/www.salve.si\/wp-content\/uploads\/2009\/03\/Igre-za-medkulturni-dialog.jpg","datePublished":"2009-03-14T09:00:09+00:00","dateModified":"2021-02-18T13:26:55+00:00","breadcrumb":{"@id":"https:\/\/www.salve.si\/trgovina\/knjige\/prirocniki\/igre-za-medkulturni-dialog\/#breadcrumb"},"inLanguage":"en-US","potentialAction":[{"@type":"ReadAction","target":["https:\/\/www.salve.si\/trgovina\/knjige\/prirocniki\/igre-za-medkulturni-dialog\/"]}]},{"@type":"ImageObject","inLanguage":"en-US","@id":"https:\/\/www.salve.si\/trgovina\/knjige\/prirocniki\/igre-za-medkulturni-dialog\/#primaryimage","url":"https:\/\/www.salve.si\/wp-content\/uploads\/2009\/03\/Igre-za-medkulturni-dialog.jpg","contentUrl":"https:\/\/www.salve.si\/wp-content\/uploads\/2009\/03\/Igre-za-medkulturni-dialog.jpg","width":474,"height":841},{"@type":"BreadcrumbList","@id":"https:\/\/www.salve.si\/trgovina\/knjige\/prirocniki\/igre-za-medkulturni-dialog\/#breadcrumb","itemListElement":[{"@type":"ListItem","position":1,"name":"Home","item":"https:\/\/www.salve.si\/"},{"@type":"ListItem","position":2,"name":"Trgovina","item":"https:\/\/www.salve.si\/trgovina\/"},{"@type":"ListItem","position":3,"name":"Igre za medkulturni dialog"}]},{"@type":"WebSite","@id":"https:\/\/www.salve.si\/#website","url":"https:\/\/www.salve.si\/","name":"Salve","description":"Salezijanska zalo\u017eba","publisher":{"@id":"https:\/\/www.salve.si\/#organization"},"potentialAction":[{"@type":"SearchAction","target":{"@type":"EntryPoint","urlTemplate":"https:\/\/www.salve.si\/?s={search_term_string}"},"query-input":{"@type":"PropertyValueSpecification","valueRequired":true,"valueName":"search_term_string"}}],"inLanguage":"en-US"},{"@type":"Organization","@id":"https:\/\/www.salve.si\/#organization","name":"Salve d.o.o.","url":"https:\/\/www.salve.si\/","logo":{"@type":"ImageObject","inLanguage":"en-US","@id":"https:\/\/www.salve.si\/#\/schema\/logo\/image\/","url":"https:\/\/www.salve.si\/wp-content\/uploads\/2021\/01\/Salve_logo_modri_nov_web.png","contentUrl":"https:\/\/www.salve.si\/wp-content\/uploads\/2021\/01\/Salve_logo_modri_nov_web.png","width":279,"height":90,"caption":"Salve d.o.o."},"image":{"@id":"https:\/\/www.salve.si\/#\/schema\/logo\/image\/"},"sameAs":["https:\/\/www.facebook.com\/salve.si","https:\/\/www.instagram.com\/zalozbasalve\/","https:\/\/www.linkedin.com\/company\/zalozba-salve\/"]}]}},"_links":{"self":[{"href":"https:\/\/www.salve.si\/en\/wp-json\/wp\/v2\/product\/2614","targetHints":{"allow":["GET"]}}],"collection":[{"href":"https:\/\/www.salve.si\/en\/wp-json\/wp\/v2\/product"}],"about":[{"href":"https:\/\/www.salve.si\/en\/wp-json\/wp\/v2\/types\/product"}],"version-history":[{"count":3,"href":"https:\/\/www.salve.si\/en\/wp-json\/wp\/v2\/product\/2614\/revisions"}],"predecessor-version":[{"id":14049,"href":"https:\/\/www.salve.si\/en\/wp-json\/wp\/v2\/product\/2614\/revisions\/14049"}],"wp:featuredmedia":[{"embeddable":true,"href":"https:\/\/www.salve.si\/en\/wp-json\/wp\/v2\/media\/12727"}],"wp:attachment":[{"href":"https:\/\/www.salve.si\/en\/wp-json\/wp\/v2\/media?parent=2614"}],"wp:term":[{"taxonomy":"product_cat","embeddable":true,"href":"https:\/\/www.salve.si\/en\/wp-json\/wp\/v2\/product_cat?post=2614"},{"taxonomy":"product_tag","embeddable":true,"href":"https:\/\/www.salve.si\/en\/wp-json\/wp\/v2\/product_tag?post=2614"}],"curies":[{"name":"wp","href":"https:\/\/api.w.org\/{rel}","templated":true}]}}