{"id":2596,"date":"2006-07-17T10:00:38","date_gmt":"2006-07-17T08:00:38","guid":{"rendered":"http:\/\/2018.salve.si\/?post_type=product&#038;p=2596"},"modified":"2020-11-14T15:11:26","modified_gmt":"2020-11-14T14:11:26","slug":"glej-trkam","status":"publish","type":"product","link":"https:\/\/www.salve.si\/en\/trgovina\/knjige\/teologija-in-duhovnost\/glej-trkam\/","title":{"rendered":"Glej, trkam"},"content":{"rendered":"<p>&#8220;Dandanes sre\u010dujem mnogo ljudi, ki ne opravljajo zakramentalne spovedi pri duhovniku, ampak pravijo: \u201aZakaj bi se spovedoval duhovniku; ali ni dovolj, da priznam grehe Bogu?\u2018 Poznam nekaj duhovnikov, ki imajo oblast odpu\u0161\u010dati grehe, pa v greh ali v zakrament sprave ne verjamejo; zato se ne dajejo na razpolago ljudem za spoved. Sveta Mati Cerkev u\u010di duhovnike, naj vernike spodbujajo, da pristopajo k zakramentu spovedi in da so sami na razpolago za spovedovanje &#8230;&#8221;<\/p>\n<p>Knjiga Glej, trkam je klic k spreobrnitvi, je klic k vrnitvi k Bogu, ki je ljubezen.<br \/>\nO\u010de James v tej knjigi razlo\u017ei, kaj je greh, na primer greh zoper Svetega Duha, kaj pravilno oblikovana vest, v \u010dem je veli\u010dina spovedi, pri kateri Jezus deli svojo oblast odvezati grehe s svojimi nasledniki, duhovniki. Podrobni seznami vpra\u0161anj kristjanu pomagajo odkriti, v \u010dem je gre\u0161il zoper Bo\u017eje in cerkvene zapovedi in kaj je dobrega opustil.<br \/>\nPri spovedi Kristus sam spokorniku odpusti grehe, osvobodi ga izpod sil zla. Dobro opravljena spoved napolni \u010dlovekovo srce z milostjo in mo\u010djo Svetega Duha, da zmore \u017eiveti novo \u017eivljenje po Bo\u017ejih zapovedih ter pogumno pri\u010dati za Kristusa. Po dobri spovedi kristjan mo\u010dneje za\u010duti, da je Bo\u017eji otrok, dobi mo\u010d za boj proti grehu, osvobojen je strahov, zmo\u017een je sprave, dose\u017ee notranje in v\u010dasih tudi telesno ozdravljenje (ve\u010d o tem pove knjiga Notranje ozdravljenje za novo \u017eivljenje). Naravno je, da \u010dlovek po spovedi izkusi veliko veselje in mir.<span class=\"slv-content-keywords\"> Duh in \u017eivljenje p. James Manjackal Knjige Priro\u010dniki Teologija in duhovnost Prakti\u010dni vodnik za tiste, ki \u017eelijo opraviti dobro spoved <\/span><\/p>","protected":false},"excerpt":{"rendered":"<p>Prakti\u010dni vodnik za tiste, ki \u017eelijo opraviti dobro spoved.<\/p>\n<p>&#8220;V zadnjih tridesetih letih mojega evangelizacijskega delovanja sem sre\u010dal mnogo katoli\u010danov, ki niso vedeli, kako opraviti dobro spoved. Morda je vzrok v tem, da dana\u0161nja Cerkev posve\u010da premalo pozornosti pou\u010devanju katekizma. To knji\u017eico pi\u0161em z namenom, da bi ljudem pomagal, kako naj se pripravijo na dobro spoved.&#8221;<\/p>","protected":false},"featured_media":12744,"template":"","meta":{"_acf_changed":false,"footnotes":""},"product_cat":[141,316,314],"product_tag":[],"class_list":{"0":"post-2596","1":"product","2":"type-product","3":"status-publish","4":"has-post-thumbnail","6":"zbirke-duh-in-zivljenje","7":"authors-p-james-manjackal","8":"publisher-salve-d-o-o-ljubljana","9":"product_cat-knjige","10":"product_cat-prirocniki","11":"product_cat-teologija-in-duhovnost","13":"first","14":"instock","15":"shipping-taxable","16":"purchasable","17":"product-type-simple"},"acf":[],"yoast_head":"<!-- This site is optimized with the Yoast SEO plugin v23.8 - https:\/\/yoast.com\/wordpress\/plugins\/seo\/ -->\n<title>Glej, trkam - Salve<\/title>\n<meta name=\"robots\" content=\"index, follow, max-snippet:-1, max-image-preview:large, max-video-preview:-1\" \/>\n<link rel=\"canonical\" href=\"https:\/\/www.salve.si\/en\/trgovina\/knjige\/teologija-in-duhovnost\/glej-trkam\/\" \/>\n<meta property=\"og:locale\" content=\"en_US\" \/>\n<meta property=\"og:type\" content=\"article\" \/>\n<meta property=\"og:title\" content=\"Glej, trkam - Salve\" \/>\n<meta property=\"og:description\" content=\"Prakti\u010dni vodnik za tiste, ki \u017eelijo opraviti dobro spoved.  &quot;V zadnjih tridesetih letih mojega evangelizacijskega delovanja sem sre\u010dal mnogo katoli\u010danov, ki niso vedeli, kako opraviti dobro spoved. Morda je vzrok v tem, da dana\u0161nja Cerkev posve\u010da premalo pozornosti pou\u010devanju katekizma. To knji\u017eico pi\u0161em z namenom, da bi ljudem pomagal, kako naj se pripravijo na dobro spoved.&quot;\" \/>\n<meta property=\"og:url\" content=\"https:\/\/www.salve.si\/en\/trgovina\/knjige\/teologija-in-duhovnost\/glej-trkam\/\" \/>\n<meta property=\"og:site_name\" content=\"Salve\" \/>\n<meta property=\"article:publisher\" content=\"https:\/\/www.facebook.com\/salve.si\" \/>\n<meta property=\"article:modified_time\" content=\"2020-11-14T14:11:26+00:00\" \/>\n<meta property=\"og:image\" content=\"https:\/\/www.salve.si\/wp-content\/uploads\/2006\/07\/Glej-trkam.jpg\" \/>\n\t<meta property=\"og:image:width\" content=\"474\" \/>\n\t<meta property=\"og:image:height\" content=\"786\" \/>\n\t<meta property=\"og:image:type\" content=\"image\/jpeg\" \/>\n<meta name=\"twitter:card\" content=\"summary_large_image\" \/>\n<meta name=\"twitter:label1\" content=\"Est. reading time\" \/>\n\t<meta name=\"twitter:data1\" content=\"1 minute\" \/>\n<script type=\"application\/ld+json\" class=\"yoast-schema-graph\">{\"@context\":\"https:\/\/schema.org\",\"@graph\":[{\"@type\":\"WebPage\",\"@id\":\"https:\/\/www.salve.si\/trgovina\/knjige\/teologija-in-duhovnost\/glej-trkam\/\",\"url\":\"https:\/\/www.salve.si\/trgovina\/knjige\/teologija-in-duhovnost\/glej-trkam\/\",\"name\":\"Glej, trkam - Salve\",\"isPartOf\":{\"@id\":\"https:\/\/www.salve.si\/#website\"},\"primaryImageOfPage\":{\"@id\":\"https:\/\/www.salve.si\/trgovina\/knjige\/teologija-in-duhovnost\/glej-trkam\/#primaryimage\"},\"image\":{\"@id\":\"https:\/\/www.salve.si\/trgovina\/knjige\/teologija-in-duhovnost\/glej-trkam\/#primaryimage\"},\"thumbnailUrl\":\"https:\/\/www.salve.si\/wp-content\/uploads\/2006\/07\/Glej-trkam.jpg\",\"datePublished\":\"2006-07-17T08:00:38+00:00\",\"dateModified\":\"2020-11-14T14:11:26+00:00\",\"breadcrumb\":{\"@id\":\"https:\/\/www.salve.si\/trgovina\/knjige\/teologija-in-duhovnost\/glej-trkam\/#breadcrumb\"},\"inLanguage\":\"en-US\",\"potentialAction\":[{\"@type\":\"ReadAction\",\"target\":[\"https:\/\/www.salve.si\/trgovina\/knjige\/teologija-in-duhovnost\/glej-trkam\/\"]}]},{\"@type\":\"ImageObject\",\"inLanguage\":\"en-US\",\"@id\":\"https:\/\/www.salve.si\/trgovina\/knjige\/teologija-in-duhovnost\/glej-trkam\/#primaryimage\",\"url\":\"https:\/\/www.salve.si\/wp-content\/uploads\/2006\/07\/Glej-trkam.jpg\",\"contentUrl\":\"https:\/\/www.salve.si\/wp-content\/uploads\/2006\/07\/Glej-trkam.jpg\",\"width\":474,\"height\":786},{\"@type\":\"BreadcrumbList\",\"@id\":\"https:\/\/www.salve.si\/trgovina\/knjige\/teologija-in-duhovnost\/glej-trkam\/#breadcrumb\",\"itemListElement\":[{\"@type\":\"ListItem\",\"position\":1,\"name\":\"Home\",\"item\":\"https:\/\/www.salve.si\/\"},{\"@type\":\"ListItem\",\"position\":2,\"name\":\"Trgovina\",\"item\":\"https:\/\/www.salve.si\/trgovina\/\"},{\"@type\":\"ListItem\",\"position\":3,\"name\":\"Glej, trkam\"}]},{\"@type\":\"WebSite\",\"@id\":\"https:\/\/www.salve.si\/#website\",\"url\":\"https:\/\/www.salve.si\/\",\"name\":\"Salve\",\"description\":\"Salezijanska zalo\u017eba\",\"publisher\":{\"@id\":\"https:\/\/www.salve.si\/#organization\"},\"potentialAction\":[{\"@type\":\"SearchAction\",\"target\":{\"@type\":\"EntryPoint\",\"urlTemplate\":\"https:\/\/www.salve.si\/?s={search_term_string}\"},\"query-input\":{\"@type\":\"PropertyValueSpecification\",\"valueRequired\":true,\"valueName\":\"search_term_string\"}}],\"inLanguage\":\"en-US\"},{\"@type\":\"Organization\",\"@id\":\"https:\/\/www.salve.si\/#organization\",\"name\":\"Salve d.o.o.\",\"url\":\"https:\/\/www.salve.si\/\",\"logo\":{\"@type\":\"ImageObject\",\"inLanguage\":\"en-US\",\"@id\":\"https:\/\/www.salve.si\/#\/schema\/logo\/image\/\",\"url\":\"https:\/\/www.salve.si\/wp-content\/uploads\/2021\/01\/Salve_logo_modri_nov_web.png\",\"contentUrl\":\"https:\/\/www.salve.si\/wp-content\/uploads\/2021\/01\/Salve_logo_modri_nov_web.png\",\"width\":279,\"height\":90,\"caption\":\"Salve d.o.o.\"},\"image\":{\"@id\":\"https:\/\/www.salve.si\/#\/schema\/logo\/image\/\"},\"sameAs\":[\"https:\/\/www.facebook.com\/salve.si\",\"https:\/\/www.instagram.com\/zalozbasalve\/\",\"https:\/\/www.linkedin.com\/company\/zalozba-salve\/\"]}]}<\/script>\n<!-- \/ Yoast SEO plugin. -->","yoast_head_json":{"title":"Glej, trkam - Salve","robots":{"index":"index","follow":"follow","max-snippet":"max-snippet:-1","max-image-preview":"max-image-preview:large","max-video-preview":"max-video-preview:-1"},"canonical":"https:\/\/www.salve.si\/en\/trgovina\/knjige\/teologija-in-duhovnost\/glej-trkam\/","og_locale":"en_US","og_type":"article","og_title":"Glej, trkam - Salve","og_description":"Prakti\u010dni vodnik za tiste, ki \u017eelijo opraviti dobro spoved.  \"V zadnjih tridesetih letih mojega evangelizacijskega delovanja sem sre\u010dal mnogo katoli\u010danov, ki niso vedeli, kako opraviti dobro spoved. Morda je vzrok v tem, da dana\u0161nja Cerkev posve\u010da premalo pozornosti pou\u010devanju katekizma. To knji\u017eico pi\u0161em z namenom, da bi ljudem pomagal, kako naj se pripravijo na dobro spoved.\"","og_url":"https:\/\/www.salve.si\/en\/trgovina\/knjige\/teologija-in-duhovnost\/glej-trkam\/","og_site_name":"Salve","article_publisher":"https:\/\/www.facebook.com\/salve.si","article_modified_time":"2020-11-14T14:11:26+00:00","og_image":[{"width":474,"height":786,"url":"https:\/\/www.salve.si\/wp-content\/uploads\/2006\/07\/Glej-trkam.jpg","type":"image\/jpeg"}],"twitter_card":"summary_large_image","twitter_misc":{"Est. reading time":"1 minute"},"schema":{"@context":"https:\/\/schema.org","@graph":[{"@type":"WebPage","@id":"https:\/\/www.salve.si\/trgovina\/knjige\/teologija-in-duhovnost\/glej-trkam\/","url":"https:\/\/www.salve.si\/trgovina\/knjige\/teologija-in-duhovnost\/glej-trkam\/","name":"Glej, trkam - Salve","isPartOf":{"@id":"https:\/\/www.salve.si\/#website"},"primaryImageOfPage":{"@id":"https:\/\/www.salve.si\/trgovina\/knjige\/teologija-in-duhovnost\/glej-trkam\/#primaryimage"},"image":{"@id":"https:\/\/www.salve.si\/trgovina\/knjige\/teologija-in-duhovnost\/glej-trkam\/#primaryimage"},"thumbnailUrl":"https:\/\/www.salve.si\/wp-content\/uploads\/2006\/07\/Glej-trkam.jpg","datePublished":"2006-07-17T08:00:38+00:00","dateModified":"2020-11-14T14:11:26+00:00","breadcrumb":{"@id":"https:\/\/www.salve.si\/trgovina\/knjige\/teologija-in-duhovnost\/glej-trkam\/#breadcrumb"},"inLanguage":"en-US","potentialAction":[{"@type":"ReadAction","target":["https:\/\/www.salve.si\/trgovina\/knjige\/teologija-in-duhovnost\/glej-trkam\/"]}]},{"@type":"ImageObject","inLanguage":"en-US","@id":"https:\/\/www.salve.si\/trgovina\/knjige\/teologija-in-duhovnost\/glej-trkam\/#primaryimage","url":"https:\/\/www.salve.si\/wp-content\/uploads\/2006\/07\/Glej-trkam.jpg","contentUrl":"https:\/\/www.salve.si\/wp-content\/uploads\/2006\/07\/Glej-trkam.jpg","width":474,"height":786},{"@type":"BreadcrumbList","@id":"https:\/\/www.salve.si\/trgovina\/knjige\/teologija-in-duhovnost\/glej-trkam\/#breadcrumb","itemListElement":[{"@type":"ListItem","position":1,"name":"Home","item":"https:\/\/www.salve.si\/"},{"@type":"ListItem","position":2,"name":"Trgovina","item":"https:\/\/www.salve.si\/trgovina\/"},{"@type":"ListItem","position":3,"name":"Glej, trkam"}]},{"@type":"WebSite","@id":"https:\/\/www.salve.si\/#website","url":"https:\/\/www.salve.si\/","name":"Salve","description":"Salezijanska zalo\u017eba","publisher":{"@id":"https:\/\/www.salve.si\/#organization"},"potentialAction":[{"@type":"SearchAction","target":{"@type":"EntryPoint","urlTemplate":"https:\/\/www.salve.si\/?s={search_term_string}"},"query-input":{"@type":"PropertyValueSpecification","valueRequired":true,"valueName":"search_term_string"}}],"inLanguage":"en-US"},{"@type":"Organization","@id":"https:\/\/www.salve.si\/#organization","name":"Salve d.o.o.","url":"https:\/\/www.salve.si\/","logo":{"@type":"ImageObject","inLanguage":"en-US","@id":"https:\/\/www.salve.si\/#\/schema\/logo\/image\/","url":"https:\/\/www.salve.si\/wp-content\/uploads\/2021\/01\/Salve_logo_modri_nov_web.png","contentUrl":"https:\/\/www.salve.si\/wp-content\/uploads\/2021\/01\/Salve_logo_modri_nov_web.png","width":279,"height":90,"caption":"Salve d.o.o."},"image":{"@id":"https:\/\/www.salve.si\/#\/schema\/logo\/image\/"},"sameAs":["https:\/\/www.facebook.com\/salve.si","https:\/\/www.instagram.com\/zalozbasalve\/","https:\/\/www.linkedin.com\/company\/zalozba-salve\/"]}]}},"_links":{"self":[{"href":"https:\/\/www.salve.si\/en\/wp-json\/wp\/v2\/product\/2596","targetHints":{"allow":["GET"]}}],"collection":[{"href":"https:\/\/www.salve.si\/en\/wp-json\/wp\/v2\/product"}],"about":[{"href":"https:\/\/www.salve.si\/en\/wp-json\/wp\/v2\/types\/product"}],"version-history":[{"count":1,"href":"https:\/\/www.salve.si\/en\/wp-json\/wp\/v2\/product\/2596\/revisions"}],"predecessor-version":[{"id":12745,"href":"https:\/\/www.salve.si\/en\/wp-json\/wp\/v2\/product\/2596\/revisions\/12745"}],"wp:featuredmedia":[{"embeddable":true,"href":"https:\/\/www.salve.si\/en\/wp-json\/wp\/v2\/media\/12744"}],"wp:attachment":[{"href":"https:\/\/www.salve.si\/en\/wp-json\/wp\/v2\/media?parent=2596"}],"wp:term":[{"taxonomy":"product_cat","embeddable":true,"href":"https:\/\/www.salve.si\/en\/wp-json\/wp\/v2\/product_cat?post=2596"},{"taxonomy":"product_tag","embeddable":true,"href":"https:\/\/www.salve.si\/en\/wp-json\/wp\/v2\/product_tag?post=2596"}],"curies":[{"name":"wp","href":"https:\/\/api.w.org\/{rel}","templated":true}]}}