{"id":2594,"date":"2006-07-17T10:00:36","date_gmt":"2006-07-17T08:00:36","guid":{"rendered":"http:\/\/2018.salve.si\/?post_type=product&#038;p=2594"},"modified":"2020-11-14T15:12:57","modified_gmt":"2020-11-14T14:12:57","slug":"notranje-ozdravljenje-za-novo-zivljenje","status":"publish","type":"product","link":"https:\/\/www.salve.si\/en\/trgovina\/knjige\/teologija-in-duhovnost\/notranje-ozdravljenje-za-novo-zivljenje\/","title":{"rendered":"Notranje ozdravljenje za novo \u017eivljenje"},"content":{"rendered":"<p>Razklanost sodobne dru\u017ebe se ka\u017ee na vseh ravneh &#8211; na osebni, dru\u017einski, dru\u017ebeni &#8230; &#8211; zato je nujno potrebna osvoboditev, notranje ozdravljenje.<br \/>\nIzhod iz svojih stisk, pot do ozdravljenja svojih \u010dustvenih, du\u0161evnih in duhovnih ran in pogosto tudi telesnih bolezni i\u0161\u010dejo ljudje dandanes pri zdravilcih, bioenergetikih in kozmi\u010dnih silah.<br \/>\nO\u010de James pa nam v tej knjigi na podlagi \u017eive Bo\u017eje besede in \u0161tevilnih primerov iz \u017eivljenja pri\u010duje, da je Jezus Kristus edini zdravnik, ki ozdravi celovito, ker je za nas trpel in umrl, da bi mi po njegovih ranah ozdraveli in \u017eiveli. Mogo\u010dno zdravilo je zlasti zakrament sv. spovedi (o njej govori v svoji knjigi Glej, trkam), a \u010de po njej v srcu \u0161e ostaja ranjenost, ob\u010dutek krivde, je treba v molitvi prositi za globoko notranje ozdravljenje, ki nam prina\u0161a novo \u017eivljenje, novo svobodo.<\/p>\n<p>Ko je \u010dlovek tako ozdravljen od svoje preteklosti, lahko hvali Boga za vse, kar se je zgodilo v njegovem \u017eivljenju. Sicer pa vemo, da &#8220;njim, ki ljubijo Boga, vse pripomore k dobremu, namre\u010d njim, ki so bili poklicani po njegovem na\u010drtu&#8221; (Rim 8,28).<span class=\"slv-content-keywords\"> Duh in \u017eivljenje p. James Manjackal Teologija in duhovnost <\/span><\/p>","protected":false},"excerpt":{"rendered":"<p>Ko preberemo to knjigo, vidimo, da novi svet ni utopija, ampak uresni\u010dljiva mo\u017enost, \u010de v veri sodelujemo s svojim Stvarnikom.<\/p>\n<p>&#8220;Knjiga o notranjem ozdravljenju, ki jo je napisal o\u010de James Manjackal, je mo\u010dno orodje, ki nam omogo\u010da izkusiti Jezusovo mo\u010d ozdravljanja v na\u0161em \u017eivljenju. O\u010de James se pri obravnavi izkustva Jezusovega ozdravljanja osredoto\u010da na dvoje \u2013 na Bo\u017ejo besedo in sveto evharistijo. Tako je ta knjiga klic h globoki osebni in \u017eivi veri v mo\u010d Bo\u017eje besede in evharistije.&#8221;<br \/>\n(iz spremne besede)<\/p>","protected":false},"featured_media":12746,"template":"","meta":{"_acf_changed":false,"footnotes":""},"product_cat":[314],"product_tag":[],"class_list":{"0":"post-2594","1":"product","2":"type-product","3":"status-publish","4":"has-post-thumbnail","6":"zbirke-duh-in-zivljenje","7":"authors-p-james-manjackal","8":"publisher-salve-d-o-o-ljubljana","9":"product_cat-teologija-in-duhovnost","11":"first","12":"instock","13":"shipping-taxable","14":"purchasable","15":"product-type-simple"},"acf":[],"yoast_head":"<!-- This site is optimized with the Yoast SEO plugin v23.8 - https:\/\/yoast.com\/wordpress\/plugins\/seo\/ -->\n<title>Notranje ozdravljenje za novo \u017eivljenje - Salve<\/title>\n<meta name=\"robots\" content=\"index, follow, max-snippet:-1, max-image-preview:large, max-video-preview:-1\" \/>\n<link rel=\"canonical\" href=\"https:\/\/www.salve.si\/en\/trgovina\/knjige\/teologija-in-duhovnost\/notranje-ozdravljenje-za-novo-zivljenje\/\" \/>\n<meta property=\"og:locale\" content=\"en_US\" \/>\n<meta property=\"og:type\" content=\"article\" \/>\n<meta property=\"og:title\" content=\"Notranje ozdravljenje za novo \u017eivljenje - Salve\" \/>\n<meta property=\"og:description\" content=\"Ko preberemo to knjigo, vidimo, da novi svet ni utopija, ampak uresni\u010dljiva mo\u017enost, \u010de v veri sodelujemo s svojim Stvarnikom.  &quot;Knjiga o notranjem ozdravljenju, ki jo je napisal o\u010de James Manjackal, je mo\u010dno orodje, ki nam omogo\u010da izkusiti Jezusovo mo\u010d ozdravljanja v na\u0161em \u017eivljenju. O\u010de James se pri obravnavi izkustva Jezusovega ozdravljanja osredoto\u010da na dvoje \u2013 na Bo\u017ejo besedo in sveto evharistijo. Tako je ta knjiga klic h globoki osebni in \u017eivi veri v mo\u010d Bo\u017eje besede in evharistije.&quot; (iz spremne besede)\" \/>\n<meta property=\"og:url\" content=\"https:\/\/www.salve.si\/en\/trgovina\/knjige\/teologija-in-duhovnost\/notranje-ozdravljenje-za-novo-zivljenje\/\" \/>\n<meta property=\"og:site_name\" content=\"Salve\" \/>\n<meta property=\"article:publisher\" content=\"https:\/\/www.facebook.com\/salve.si\" \/>\n<meta property=\"article:modified_time\" content=\"2020-11-14T14:12:57+00:00\" \/>\n<meta property=\"og:image\" content=\"https:\/\/www.salve.si\/wp-content\/uploads\/2006\/07\/Notranje-ozdravljenje-za.jpg\" \/>\n\t<meta property=\"og:image:width\" content=\"474\" \/>\n\t<meta property=\"og:image:height\" content=\"791\" \/>\n\t<meta property=\"og:image:type\" content=\"image\/jpeg\" \/>\n<meta name=\"twitter:card\" content=\"summary_large_image\" \/>\n<meta name=\"twitter:label1\" content=\"Est. reading time\" \/>\n\t<meta name=\"twitter:data1\" content=\"1 minute\" \/>\n<script type=\"application\/ld+json\" class=\"yoast-schema-graph\">{\"@context\":\"https:\/\/schema.org\",\"@graph\":[{\"@type\":\"WebPage\",\"@id\":\"https:\/\/www.salve.si\/trgovina\/knjige\/teologija-in-duhovnost\/notranje-ozdravljenje-za-novo-zivljenje\/\",\"url\":\"https:\/\/www.salve.si\/trgovina\/knjige\/teologija-in-duhovnost\/notranje-ozdravljenje-za-novo-zivljenje\/\",\"name\":\"Notranje ozdravljenje za novo \u017eivljenje - Salve\",\"isPartOf\":{\"@id\":\"https:\/\/www.salve.si\/#website\"},\"primaryImageOfPage\":{\"@id\":\"https:\/\/www.salve.si\/trgovina\/knjige\/teologija-in-duhovnost\/notranje-ozdravljenje-za-novo-zivljenje\/#primaryimage\"},\"image\":{\"@id\":\"https:\/\/www.salve.si\/trgovina\/knjige\/teologija-in-duhovnost\/notranje-ozdravljenje-za-novo-zivljenje\/#primaryimage\"},\"thumbnailUrl\":\"https:\/\/www.salve.si\/wp-content\/uploads\/2006\/07\/Notranje-ozdravljenje-za.jpg\",\"datePublished\":\"2006-07-17T08:00:36+00:00\",\"dateModified\":\"2020-11-14T14:12:57+00:00\",\"breadcrumb\":{\"@id\":\"https:\/\/www.salve.si\/trgovina\/knjige\/teologija-in-duhovnost\/notranje-ozdravljenje-za-novo-zivljenje\/#breadcrumb\"},\"inLanguage\":\"en-US\",\"potentialAction\":[{\"@type\":\"ReadAction\",\"target\":[\"https:\/\/www.salve.si\/trgovina\/knjige\/teologija-in-duhovnost\/notranje-ozdravljenje-za-novo-zivljenje\/\"]}]},{\"@type\":\"ImageObject\",\"inLanguage\":\"en-US\",\"@id\":\"https:\/\/www.salve.si\/trgovina\/knjige\/teologija-in-duhovnost\/notranje-ozdravljenje-za-novo-zivljenje\/#primaryimage\",\"url\":\"https:\/\/www.salve.si\/wp-content\/uploads\/2006\/07\/Notranje-ozdravljenje-za.jpg\",\"contentUrl\":\"https:\/\/www.salve.si\/wp-content\/uploads\/2006\/07\/Notranje-ozdravljenje-za.jpg\",\"width\":474,\"height\":791},{\"@type\":\"BreadcrumbList\",\"@id\":\"https:\/\/www.salve.si\/trgovina\/knjige\/teologija-in-duhovnost\/notranje-ozdravljenje-za-novo-zivljenje\/#breadcrumb\",\"itemListElement\":[{\"@type\":\"ListItem\",\"position\":1,\"name\":\"Home\",\"item\":\"https:\/\/www.salve.si\/\"},{\"@type\":\"ListItem\",\"position\":2,\"name\":\"Trgovina\",\"item\":\"https:\/\/www.salve.si\/trgovina\/\"},{\"@type\":\"ListItem\",\"position\":3,\"name\":\"Notranje ozdravljenje za novo \u017eivljenje\"}]},{\"@type\":\"WebSite\",\"@id\":\"https:\/\/www.salve.si\/#website\",\"url\":\"https:\/\/www.salve.si\/\",\"name\":\"Salve\",\"description\":\"Salezijanska zalo\u017eba\",\"publisher\":{\"@id\":\"https:\/\/www.salve.si\/#organization\"},\"potentialAction\":[{\"@type\":\"SearchAction\",\"target\":{\"@type\":\"EntryPoint\",\"urlTemplate\":\"https:\/\/www.salve.si\/?s={search_term_string}\"},\"query-input\":{\"@type\":\"PropertyValueSpecification\",\"valueRequired\":true,\"valueName\":\"search_term_string\"}}],\"inLanguage\":\"en-US\"},{\"@type\":\"Organization\",\"@id\":\"https:\/\/www.salve.si\/#organization\",\"name\":\"Salve d.o.o.\",\"url\":\"https:\/\/www.salve.si\/\",\"logo\":{\"@type\":\"ImageObject\",\"inLanguage\":\"en-US\",\"@id\":\"https:\/\/www.salve.si\/#\/schema\/logo\/image\/\",\"url\":\"https:\/\/www.salve.si\/wp-content\/uploads\/2021\/01\/Salve_logo_modri_nov_web.png\",\"contentUrl\":\"https:\/\/www.salve.si\/wp-content\/uploads\/2021\/01\/Salve_logo_modri_nov_web.png\",\"width\":279,\"height\":90,\"caption\":\"Salve d.o.o.\"},\"image\":{\"@id\":\"https:\/\/www.salve.si\/#\/schema\/logo\/image\/\"},\"sameAs\":[\"https:\/\/www.facebook.com\/salve.si\",\"https:\/\/www.instagram.com\/zalozbasalve\/\",\"https:\/\/www.linkedin.com\/company\/zalozba-salve\/\"]}]}<\/script>\n<!-- \/ Yoast SEO plugin. -->","yoast_head_json":{"title":"Notranje ozdravljenje za novo \u017eivljenje - Salve","robots":{"index":"index","follow":"follow","max-snippet":"max-snippet:-1","max-image-preview":"max-image-preview:large","max-video-preview":"max-video-preview:-1"},"canonical":"https:\/\/www.salve.si\/en\/trgovina\/knjige\/teologija-in-duhovnost\/notranje-ozdravljenje-za-novo-zivljenje\/","og_locale":"en_US","og_type":"article","og_title":"Notranje ozdravljenje za novo \u017eivljenje - Salve","og_description":"Ko preberemo to knjigo, vidimo, da novi svet ni utopija, ampak uresni\u010dljiva mo\u017enost, \u010de v veri sodelujemo s svojim Stvarnikom.  \"Knjiga o notranjem ozdravljenju, ki jo je napisal o\u010de James Manjackal, je mo\u010dno orodje, ki nam omogo\u010da izkusiti Jezusovo mo\u010d ozdravljanja v na\u0161em \u017eivljenju. O\u010de James se pri obravnavi izkustva Jezusovega ozdravljanja osredoto\u010da na dvoje \u2013 na Bo\u017ejo besedo in sveto evharistijo. Tako je ta knjiga klic h globoki osebni in \u017eivi veri v mo\u010d Bo\u017eje besede in evharistije.\" (iz spremne besede)","og_url":"https:\/\/www.salve.si\/en\/trgovina\/knjige\/teologija-in-duhovnost\/notranje-ozdravljenje-za-novo-zivljenje\/","og_site_name":"Salve","article_publisher":"https:\/\/www.facebook.com\/salve.si","article_modified_time":"2020-11-14T14:12:57+00:00","og_image":[{"width":474,"height":791,"url":"https:\/\/www.salve.si\/wp-content\/uploads\/2006\/07\/Notranje-ozdravljenje-za.jpg","type":"image\/jpeg"}],"twitter_card":"summary_large_image","twitter_misc":{"Est. reading time":"1 minute"},"schema":{"@context":"https:\/\/schema.org","@graph":[{"@type":"WebPage","@id":"https:\/\/www.salve.si\/trgovina\/knjige\/teologija-in-duhovnost\/notranje-ozdravljenje-za-novo-zivljenje\/","url":"https:\/\/www.salve.si\/trgovina\/knjige\/teologija-in-duhovnost\/notranje-ozdravljenje-za-novo-zivljenje\/","name":"Notranje ozdravljenje za novo \u017eivljenje - Salve","isPartOf":{"@id":"https:\/\/www.salve.si\/#website"},"primaryImageOfPage":{"@id":"https:\/\/www.salve.si\/trgovina\/knjige\/teologija-in-duhovnost\/notranje-ozdravljenje-za-novo-zivljenje\/#primaryimage"},"image":{"@id":"https:\/\/www.salve.si\/trgovina\/knjige\/teologija-in-duhovnost\/notranje-ozdravljenje-za-novo-zivljenje\/#primaryimage"},"thumbnailUrl":"https:\/\/www.salve.si\/wp-content\/uploads\/2006\/07\/Notranje-ozdravljenje-za.jpg","datePublished":"2006-07-17T08:00:36+00:00","dateModified":"2020-11-14T14:12:57+00:00","breadcrumb":{"@id":"https:\/\/www.salve.si\/trgovina\/knjige\/teologija-in-duhovnost\/notranje-ozdravljenje-za-novo-zivljenje\/#breadcrumb"},"inLanguage":"en-US","potentialAction":[{"@type":"ReadAction","target":["https:\/\/www.salve.si\/trgovina\/knjige\/teologija-in-duhovnost\/notranje-ozdravljenje-za-novo-zivljenje\/"]}]},{"@type":"ImageObject","inLanguage":"en-US","@id":"https:\/\/www.salve.si\/trgovina\/knjige\/teologija-in-duhovnost\/notranje-ozdravljenje-za-novo-zivljenje\/#primaryimage","url":"https:\/\/www.salve.si\/wp-content\/uploads\/2006\/07\/Notranje-ozdravljenje-za.jpg","contentUrl":"https:\/\/www.salve.si\/wp-content\/uploads\/2006\/07\/Notranje-ozdravljenje-za.jpg","width":474,"height":791},{"@type":"BreadcrumbList","@id":"https:\/\/www.salve.si\/trgovina\/knjige\/teologija-in-duhovnost\/notranje-ozdravljenje-za-novo-zivljenje\/#breadcrumb","itemListElement":[{"@type":"ListItem","position":1,"name":"Home","item":"https:\/\/www.salve.si\/"},{"@type":"ListItem","position":2,"name":"Trgovina","item":"https:\/\/www.salve.si\/trgovina\/"},{"@type":"ListItem","position":3,"name":"Notranje ozdravljenje za novo \u017eivljenje"}]},{"@type":"WebSite","@id":"https:\/\/www.salve.si\/#website","url":"https:\/\/www.salve.si\/","name":"Salve","description":"Salezijanska zalo\u017eba","publisher":{"@id":"https:\/\/www.salve.si\/#organization"},"potentialAction":[{"@type":"SearchAction","target":{"@type":"EntryPoint","urlTemplate":"https:\/\/www.salve.si\/?s={search_term_string}"},"query-input":{"@type":"PropertyValueSpecification","valueRequired":true,"valueName":"search_term_string"}}],"inLanguage":"en-US"},{"@type":"Organization","@id":"https:\/\/www.salve.si\/#organization","name":"Salve d.o.o.","url":"https:\/\/www.salve.si\/","logo":{"@type":"ImageObject","inLanguage":"en-US","@id":"https:\/\/www.salve.si\/#\/schema\/logo\/image\/","url":"https:\/\/www.salve.si\/wp-content\/uploads\/2021\/01\/Salve_logo_modri_nov_web.png","contentUrl":"https:\/\/www.salve.si\/wp-content\/uploads\/2021\/01\/Salve_logo_modri_nov_web.png","width":279,"height":90,"caption":"Salve d.o.o."},"image":{"@id":"https:\/\/www.salve.si\/#\/schema\/logo\/image\/"},"sameAs":["https:\/\/www.facebook.com\/salve.si","https:\/\/www.instagram.com\/zalozbasalve\/","https:\/\/www.linkedin.com\/company\/zalozba-salve\/"]}]}},"_links":{"self":[{"href":"https:\/\/www.salve.si\/en\/wp-json\/wp\/v2\/product\/2594","targetHints":{"allow":["GET"]}}],"collection":[{"href":"https:\/\/www.salve.si\/en\/wp-json\/wp\/v2\/product"}],"about":[{"href":"https:\/\/www.salve.si\/en\/wp-json\/wp\/v2\/types\/product"}],"version-history":[{"count":1,"href":"https:\/\/www.salve.si\/en\/wp-json\/wp\/v2\/product\/2594\/revisions"}],"predecessor-version":[{"id":12747,"href":"https:\/\/www.salve.si\/en\/wp-json\/wp\/v2\/product\/2594\/revisions\/12747"}],"wp:featuredmedia":[{"embeddable":true,"href":"https:\/\/www.salve.si\/en\/wp-json\/wp\/v2\/media\/12746"}],"wp:attachment":[{"href":"https:\/\/www.salve.si\/en\/wp-json\/wp\/v2\/media?parent=2594"}],"wp:term":[{"taxonomy":"product_cat","embeddable":true,"href":"https:\/\/www.salve.si\/en\/wp-json\/wp\/v2\/product_cat?post=2594"},{"taxonomy":"product_tag","embeddable":true,"href":"https:\/\/www.salve.si\/en\/wp-json\/wp\/v2\/product_tag?post=2594"}],"curies":[{"name":"wp","href":"https:\/\/api.w.org\/{rel}","templated":true}]}}