{"id":2588,"date":"2006-04-14T10:00:48","date_gmt":"2006-04-14T08:00:48","guid":{"rendered":"http:\/\/2018.salve.si\/?post_type=product&#038;p=2588"},"modified":"2023-05-30T12:08:29","modified_gmt":"2023-05-30T10:08:29","slug":"ministrantski-zepni-leksikon","status":"publish","type":"product","link":"https:\/\/www.salve.si\/en\/trgovina\/knjige\/ministranti\/ministrantski-zepni-leksikon\/","title":{"rendered":"Ministrantski \u017eepni leksikon"},"content":{"rendered":"<p>300 razlo\u017eenih pojmov iz bogoslu\u017enih slu\u017eb, dr\u017e, \u010dasov, predmetov, vzklikov, obla\u010dil, praznikov in prostorov.<span class=\"slv-content-keywords\"> Mladinska zbirka Marko Suhover\u0161nik Posebna ponudba Ministranti <\/span><\/p>","protected":false},"excerpt":{"rendered":"<p>Priro\u010dna knji\u017eica za ministrante in druge.<\/p>","protected":false},"featured_media":2589,"template":"","meta":{"_acf_changed":false,"footnotes":""},"product_cat":[709,142],"product_tag":[],"class_list":{"0":"post-2588","1":"product","2":"type-product","3":"status-publish","4":"has-post-thumbnail","6":"zbirke-mladinska-zbirka","7":"authors-marko-suhoversnik","8":"publisher-salve-d-o-o-ljubljana","9":"product_cat-posebna-ponudba","10":"product_cat-ministranti","12":"first","13":"outofstock","14":"shipping-taxable","15":"purchasable","16":"product-type-simple"},"acf":[],"yoast_head":"<!-- This site is optimized with the Yoast SEO plugin v23.8 - https:\/\/yoast.com\/wordpress\/plugins\/seo\/ -->\n<title>Ministrantski \u017eepni leksikon - Salve<\/title>\n<meta name=\"robots\" content=\"index, follow, max-snippet:-1, max-image-preview:large, max-video-preview:-1\" \/>\n<link rel=\"canonical\" href=\"https:\/\/www.salve.si\/en\/trgovina\/knjige\/ministranti\/ministrantski-zepni-leksikon\/\" \/>\n<meta property=\"og:locale\" content=\"en_US\" \/>\n<meta property=\"og:type\" content=\"article\" \/>\n<meta property=\"og:title\" content=\"Ministrantski \u017eepni leksikon - Salve\" \/>\n<meta property=\"og:description\" content=\"Priro\u010dna knji\u017eica za ministrante in druge.\" \/>\n<meta property=\"og:url\" content=\"https:\/\/www.salve.si\/en\/trgovina\/knjige\/ministranti\/ministrantski-zepni-leksikon\/\" \/>\n<meta property=\"og:site_name\" content=\"Salve\" \/>\n<meta property=\"article:publisher\" content=\"https:\/\/www.facebook.com\/salve.si\" \/>\n<meta property=\"article:modified_time\" content=\"2023-05-30T10:08:29+00:00\" \/>\n<meta property=\"og:image\" content=\"https:\/\/www.salve.si\/wp-content\/uploads\/2018\/03\/fa16a24df3497152cb3d0be7215e814e.jpg\" \/>\n\t<meta property=\"og:image:width\" content=\"295\" \/>\n\t<meta property=\"og:image:height\" content=\"436\" \/>\n\t<meta property=\"og:image:type\" content=\"image\/jpeg\" \/>\n<meta name=\"twitter:card\" content=\"summary_large_image\" \/>\n<meta name=\"twitter:label1\" content=\"Est. reading time\" \/>\n\t<meta name=\"twitter:data1\" content=\"1 minute\" \/>\n<script type=\"application\/ld+json\" class=\"yoast-schema-graph\">{\"@context\":\"https:\/\/schema.org\",\"@graph\":[{\"@type\":\"WebPage\",\"@id\":\"https:\/\/www.salve.si\/trgovina\/knjige\/ministranti\/ministrantski-zepni-leksikon\/\",\"url\":\"https:\/\/www.salve.si\/trgovina\/knjige\/ministranti\/ministrantski-zepni-leksikon\/\",\"name\":\"Ministrantski \u017eepni leksikon - Salve\",\"isPartOf\":{\"@id\":\"https:\/\/www.salve.si\/#website\"},\"primaryImageOfPage\":{\"@id\":\"https:\/\/www.salve.si\/trgovina\/knjige\/ministranti\/ministrantski-zepni-leksikon\/#primaryimage\"},\"image\":{\"@id\":\"https:\/\/www.salve.si\/trgovina\/knjige\/ministranti\/ministrantski-zepni-leksikon\/#primaryimage\"},\"thumbnailUrl\":\"https:\/\/www.salve.si\/wp-content\/uploads\/2018\/03\/fa16a24df3497152cb3d0be7215e814e.jpg\",\"datePublished\":\"2006-04-14T08:00:48+00:00\",\"dateModified\":\"2023-05-30T10:08:29+00:00\",\"breadcrumb\":{\"@id\":\"https:\/\/www.salve.si\/trgovina\/knjige\/ministranti\/ministrantski-zepni-leksikon\/#breadcrumb\"},\"inLanguage\":\"en-US\",\"potentialAction\":[{\"@type\":\"ReadAction\",\"target\":[\"https:\/\/www.salve.si\/trgovina\/knjige\/ministranti\/ministrantski-zepni-leksikon\/\"]}]},{\"@type\":\"ImageObject\",\"inLanguage\":\"en-US\",\"@id\":\"https:\/\/www.salve.si\/trgovina\/knjige\/ministranti\/ministrantski-zepni-leksikon\/#primaryimage\",\"url\":\"https:\/\/www.salve.si\/wp-content\/uploads\/2018\/03\/fa16a24df3497152cb3d0be7215e814e.jpg\",\"contentUrl\":\"https:\/\/www.salve.si\/wp-content\/uploads\/2018\/03\/fa16a24df3497152cb3d0be7215e814e.jpg\",\"width\":295,\"height\":436},{\"@type\":\"BreadcrumbList\",\"@id\":\"https:\/\/www.salve.si\/trgovina\/knjige\/ministranti\/ministrantski-zepni-leksikon\/#breadcrumb\",\"itemListElement\":[{\"@type\":\"ListItem\",\"position\":1,\"name\":\"Home\",\"item\":\"https:\/\/www.salve.si\/\"},{\"@type\":\"ListItem\",\"position\":2,\"name\":\"Trgovina\",\"item\":\"https:\/\/www.salve.si\/trgovina\/\"},{\"@type\":\"ListItem\",\"position\":3,\"name\":\"Ministrantski \u017eepni leksikon\"}]},{\"@type\":\"WebSite\",\"@id\":\"https:\/\/www.salve.si\/#website\",\"url\":\"https:\/\/www.salve.si\/\",\"name\":\"Salve\",\"description\":\"Salezijanska zalo\u017eba\",\"publisher\":{\"@id\":\"https:\/\/www.salve.si\/#organization\"},\"potentialAction\":[{\"@type\":\"SearchAction\",\"target\":{\"@type\":\"EntryPoint\",\"urlTemplate\":\"https:\/\/www.salve.si\/?s={search_term_string}\"},\"query-input\":{\"@type\":\"PropertyValueSpecification\",\"valueRequired\":true,\"valueName\":\"search_term_string\"}}],\"inLanguage\":\"en-US\"},{\"@type\":\"Organization\",\"@id\":\"https:\/\/www.salve.si\/#organization\",\"name\":\"Salve d.o.o.\",\"url\":\"https:\/\/www.salve.si\/\",\"logo\":{\"@type\":\"ImageObject\",\"inLanguage\":\"en-US\",\"@id\":\"https:\/\/www.salve.si\/#\/schema\/logo\/image\/\",\"url\":\"https:\/\/www.salve.si\/wp-content\/uploads\/2021\/01\/Salve_logo_modri_nov_web.png\",\"contentUrl\":\"https:\/\/www.salve.si\/wp-content\/uploads\/2021\/01\/Salve_logo_modri_nov_web.png\",\"width\":279,\"height\":90,\"caption\":\"Salve d.o.o.\"},\"image\":{\"@id\":\"https:\/\/www.salve.si\/#\/schema\/logo\/image\/\"},\"sameAs\":[\"https:\/\/www.facebook.com\/salve.si\",\"https:\/\/www.instagram.com\/zalozbasalve\/\",\"https:\/\/www.linkedin.com\/company\/zalozba-salve\/\"]}]}<\/script>\n<!-- \/ Yoast SEO plugin. -->","yoast_head_json":{"title":"Ministrantski \u017eepni leksikon - Salve","robots":{"index":"index","follow":"follow","max-snippet":"max-snippet:-1","max-image-preview":"max-image-preview:large","max-video-preview":"max-video-preview:-1"},"canonical":"https:\/\/www.salve.si\/en\/trgovina\/knjige\/ministranti\/ministrantski-zepni-leksikon\/","og_locale":"en_US","og_type":"article","og_title":"Ministrantski \u017eepni leksikon - Salve","og_description":"Priro\u010dna knji\u017eica za ministrante in druge.","og_url":"https:\/\/www.salve.si\/en\/trgovina\/knjige\/ministranti\/ministrantski-zepni-leksikon\/","og_site_name":"Salve","article_publisher":"https:\/\/www.facebook.com\/salve.si","article_modified_time":"2023-05-30T10:08:29+00:00","og_image":[{"width":295,"height":436,"url":"https:\/\/www.salve.si\/wp-content\/uploads\/2018\/03\/fa16a24df3497152cb3d0be7215e814e.jpg","type":"image\/jpeg"}],"twitter_card":"summary_large_image","twitter_misc":{"Est. reading time":"1 minute"},"schema":{"@context":"https:\/\/schema.org","@graph":[{"@type":"WebPage","@id":"https:\/\/www.salve.si\/trgovina\/knjige\/ministranti\/ministrantski-zepni-leksikon\/","url":"https:\/\/www.salve.si\/trgovina\/knjige\/ministranti\/ministrantski-zepni-leksikon\/","name":"Ministrantski \u017eepni leksikon - Salve","isPartOf":{"@id":"https:\/\/www.salve.si\/#website"},"primaryImageOfPage":{"@id":"https:\/\/www.salve.si\/trgovina\/knjige\/ministranti\/ministrantski-zepni-leksikon\/#primaryimage"},"image":{"@id":"https:\/\/www.salve.si\/trgovina\/knjige\/ministranti\/ministrantski-zepni-leksikon\/#primaryimage"},"thumbnailUrl":"https:\/\/www.salve.si\/wp-content\/uploads\/2018\/03\/fa16a24df3497152cb3d0be7215e814e.jpg","datePublished":"2006-04-14T08:00:48+00:00","dateModified":"2023-05-30T10:08:29+00:00","breadcrumb":{"@id":"https:\/\/www.salve.si\/trgovina\/knjige\/ministranti\/ministrantski-zepni-leksikon\/#breadcrumb"},"inLanguage":"en-US","potentialAction":[{"@type":"ReadAction","target":["https:\/\/www.salve.si\/trgovina\/knjige\/ministranti\/ministrantski-zepni-leksikon\/"]}]},{"@type":"ImageObject","inLanguage":"en-US","@id":"https:\/\/www.salve.si\/trgovina\/knjige\/ministranti\/ministrantski-zepni-leksikon\/#primaryimage","url":"https:\/\/www.salve.si\/wp-content\/uploads\/2018\/03\/fa16a24df3497152cb3d0be7215e814e.jpg","contentUrl":"https:\/\/www.salve.si\/wp-content\/uploads\/2018\/03\/fa16a24df3497152cb3d0be7215e814e.jpg","width":295,"height":436},{"@type":"BreadcrumbList","@id":"https:\/\/www.salve.si\/trgovina\/knjige\/ministranti\/ministrantski-zepni-leksikon\/#breadcrumb","itemListElement":[{"@type":"ListItem","position":1,"name":"Home","item":"https:\/\/www.salve.si\/"},{"@type":"ListItem","position":2,"name":"Trgovina","item":"https:\/\/www.salve.si\/trgovina\/"},{"@type":"ListItem","position":3,"name":"Ministrantski \u017eepni leksikon"}]},{"@type":"WebSite","@id":"https:\/\/www.salve.si\/#website","url":"https:\/\/www.salve.si\/","name":"Salve","description":"Salezijanska zalo\u017eba","publisher":{"@id":"https:\/\/www.salve.si\/#organization"},"potentialAction":[{"@type":"SearchAction","target":{"@type":"EntryPoint","urlTemplate":"https:\/\/www.salve.si\/?s={search_term_string}"},"query-input":{"@type":"PropertyValueSpecification","valueRequired":true,"valueName":"search_term_string"}}],"inLanguage":"en-US"},{"@type":"Organization","@id":"https:\/\/www.salve.si\/#organization","name":"Salve d.o.o.","url":"https:\/\/www.salve.si\/","logo":{"@type":"ImageObject","inLanguage":"en-US","@id":"https:\/\/www.salve.si\/#\/schema\/logo\/image\/","url":"https:\/\/www.salve.si\/wp-content\/uploads\/2021\/01\/Salve_logo_modri_nov_web.png","contentUrl":"https:\/\/www.salve.si\/wp-content\/uploads\/2021\/01\/Salve_logo_modri_nov_web.png","width":279,"height":90,"caption":"Salve d.o.o."},"image":{"@id":"https:\/\/www.salve.si\/#\/schema\/logo\/image\/"},"sameAs":["https:\/\/www.facebook.com\/salve.si","https:\/\/www.instagram.com\/zalozbasalve\/","https:\/\/www.linkedin.com\/company\/zalozba-salve\/"]}]}},"_links":{"self":[{"href":"https:\/\/www.salve.si\/en\/wp-json\/wp\/v2\/product\/2588","targetHints":{"allow":["GET"]}}],"collection":[{"href":"https:\/\/www.salve.si\/en\/wp-json\/wp\/v2\/product"}],"about":[{"href":"https:\/\/www.salve.si\/en\/wp-json\/wp\/v2\/types\/product"}],"version-history":[{"count":2,"href":"https:\/\/www.salve.si\/en\/wp-json\/wp\/v2\/product\/2588\/revisions"}],"predecessor-version":[{"id":17328,"href":"https:\/\/www.salve.si\/en\/wp-json\/wp\/v2\/product\/2588\/revisions\/17328"}],"wp:featuredmedia":[{"embeddable":true,"href":"https:\/\/www.salve.si\/en\/wp-json\/wp\/v2\/media\/2589"}],"wp:attachment":[{"href":"https:\/\/www.salve.si\/en\/wp-json\/wp\/v2\/media?parent=2588"}],"wp:term":[{"taxonomy":"product_cat","embeddable":true,"href":"https:\/\/www.salve.si\/en\/wp-json\/wp\/v2\/product_cat?post=2588"},{"taxonomy":"product_tag","embeddable":true,"href":"https:\/\/www.salve.si\/en\/wp-json\/wp\/v2\/product_tag?post=2588"}],"curies":[{"name":"wp","href":"https:\/\/api.w.org\/{rel}","templated":true}]}}