{"id":2582,"date":"2006-04-12T10:00:26","date_gmt":"2006-04-12T08:00:26","guid":{"rendered":"http:\/\/2018.salve.si\/?post_type=product&#038;p=2582"},"modified":"2022-11-11T10:07:17","modified_gmt":"2022-11-11T09:07:17","slug":"oddaljeni-a-vendar-blizu","status":"publish","type":"product","link":"https:\/\/www.salve.si\/en\/trgovina\/knjige\/mladinske\/oddaljeni-a-vendar-blizu\/","title":{"rendered":"Oddaljeni, a vendar blizu"},"content":{"rendered":"<p>Leto\u0161nje \u0161marnice so postavljene v vsakdanje okolje s konkretnimi \u017eivljenjskimi situacijami, ko smo oddaljeni zaradi nezdravega odnosa do \u017eivljenja, nepravilnega sprejemanja \u017eivljenja, zavra\u010danja tistih, ki jih je \u017eivljenje na tak ali druga\u010den na\u010din zaznamovalo. Zgodbe so napisane tako, da jih voditelj lahko prosto pripoveduje ali skupina otrok celo uprizori.<\/p>\n<p>Otroci bodo pri \u0161marnicah aktivni v uvodnem delu, ko skupaj z voditeljem bogoslu\u017eja naredijo uvodno sceno dneva. Uvodi so zato dalj\u0161i in povezani s sodelovanjem otrok. Vsak dan sproti je treba pogledati, kak\u0161na bo uvodna scena naslednjega dne in se z animatorji dogovoriti, kako bodo pripravili uvod v ma\u0161o.<\/p>\n<p>Iz cerkve se \u0161marni\u010dna pobo\u017enost nato prenese v domove otrok. Prvi dan dobijo igralne plo\u0161\u010de v velikosti formata A2, na katerih je narisan park z igralnimi polji in nekaterimi tematskimi scenami posameznih dni. Prvi dan dobijo tudi uvodno igralno karto, na kateri so pravila igre, in prvo igralno karto. Gre za prilagojeno igro \u00bb\u010clovek ne jezi se!\u00ab, ki ima scenska polja, \u00bbstop\u00ab znake in bli\u017enjice. Do konca meseca bodo otroci zbrali 30 igralnih kart, na katerih so narisane posamezne scene in naloge. Igralne karte so med igro pokrite. Igralec na \u00bbstop\u00ab polju mora dvigniti eno karto in odgovoriti na zastavljeno vpra\u0161anje. Na vsaki karti so tri vpra\u0161anja, kar ustreza trem starostnim skupinam: prvo vpra\u0161anje je za najmlaj\u0161e, do 10. leta starosti, drugo vpra\u0161anje za mladostnike do 16. leta in tretje vpra\u0161anje za odrasle. Tako bodo v \u0161marni\u010dno dogajanje vklju\u010deni tudi drugi dru\u017einski \u010dlani, ki bodo sodelovali pri igri.<span class=\"slv-content-keywords\"> Branko Bala\u017eic Slavi Selan Trkman Mladinske Otro\u0161ke \u0160marnice za otroke 2006 <\/span><\/p>","protected":false},"excerpt":{"rendered":"<p>Tema leto\u0161njega pastoralnega leta je \u00bboddaljeni\u00ab. Od Boga, odre\u0161enjskega procesa in Cerkve smo na nek na\u010din vsi oddaljeni.<\/p>","protected":false},"featured_media":2583,"template":"","meta":{"_acf_changed":false,"footnotes":""},"product_cat":[266,310],"product_tag":[],"class_list":{"0":"post-2582","1":"product","2":"type-product","3":"status-publish","4":"has-post-thumbnail","6":"authors-branko-balazic","7":"authors-slavi-selan-trkman","8":"publisher-salve-d-o-o-ljubljana","9":"product_cat-mladinske","10":"product_cat-otroske","12":"first","13":"outofstock","14":"shipping-taxable","15":"purchasable","16":"product-type-simple"},"acf":[],"yoast_head":"<!-- This site is optimized with the Yoast SEO plugin v23.8 - https:\/\/yoast.com\/wordpress\/plugins\/seo\/ -->\n<title>Oddaljeni, a vendar blizu - Salve<\/title>\n<meta name=\"robots\" content=\"index, follow, max-snippet:-1, max-image-preview:large, max-video-preview:-1\" \/>\n<link rel=\"canonical\" href=\"https:\/\/www.salve.si\/en\/trgovina\/knjige\/mladinske\/oddaljeni-a-vendar-blizu\/\" \/>\n<meta property=\"og:locale\" content=\"en_US\" \/>\n<meta property=\"og:type\" content=\"article\" \/>\n<meta property=\"og:title\" content=\"Oddaljeni, a vendar blizu - Salve\" \/>\n<meta property=\"og:description\" content=\"Tema leto\u0161njega pastoralnega leta je \u00bboddaljeni\u00ab. Od Boga, odre\u0161enjskega procesa in Cerkve smo na nek na\u010din vsi oddaljeni.\" \/>\n<meta property=\"og:url\" content=\"https:\/\/www.salve.si\/en\/trgovina\/knjige\/mladinske\/oddaljeni-a-vendar-blizu\/\" \/>\n<meta property=\"og:site_name\" content=\"Salve\" \/>\n<meta property=\"article:publisher\" content=\"https:\/\/www.facebook.com\/salve.si\" \/>\n<meta property=\"article:modified_time\" content=\"2022-11-11T09:07:17+00:00\" \/>\n<meta property=\"og:image\" content=\"https:\/\/www.salve.si\/wp-content\/uploads\/2018\/03\/a5428fda2451dad029b222f444598832.jpg\" \/>\n\t<meta property=\"og:image:width\" content=\"250\" \/>\n\t<meta property=\"og:image:height\" content=\"350\" \/>\n\t<meta property=\"og:image:type\" content=\"image\/jpeg\" \/>\n<meta name=\"twitter:card\" content=\"summary_large_image\" \/>\n<meta name=\"twitter:label1\" content=\"Est. reading time\" \/>\n\t<meta name=\"twitter:data1\" content=\"1 minute\" \/>\n<script type=\"application\/ld+json\" class=\"yoast-schema-graph\">{\"@context\":\"https:\/\/schema.org\",\"@graph\":[{\"@type\":\"WebPage\",\"@id\":\"https:\/\/www.salve.si\/trgovina\/knjige\/mladinske\/oddaljeni-a-vendar-blizu\/\",\"url\":\"https:\/\/www.salve.si\/trgovina\/knjige\/mladinske\/oddaljeni-a-vendar-blizu\/\",\"name\":\"Oddaljeni, a vendar blizu - Salve\",\"isPartOf\":{\"@id\":\"https:\/\/www.salve.si\/#website\"},\"primaryImageOfPage\":{\"@id\":\"https:\/\/www.salve.si\/trgovina\/knjige\/mladinske\/oddaljeni-a-vendar-blizu\/#primaryimage\"},\"image\":{\"@id\":\"https:\/\/www.salve.si\/trgovina\/knjige\/mladinske\/oddaljeni-a-vendar-blizu\/#primaryimage\"},\"thumbnailUrl\":\"https:\/\/www.salve.si\/wp-content\/uploads\/2018\/03\/a5428fda2451dad029b222f444598832.jpg\",\"datePublished\":\"2006-04-12T08:00:26+00:00\",\"dateModified\":\"2022-11-11T09:07:17+00:00\",\"breadcrumb\":{\"@id\":\"https:\/\/www.salve.si\/trgovina\/knjige\/mladinske\/oddaljeni-a-vendar-blizu\/#breadcrumb\"},\"inLanguage\":\"en-US\",\"potentialAction\":[{\"@type\":\"ReadAction\",\"target\":[\"https:\/\/www.salve.si\/trgovina\/knjige\/mladinske\/oddaljeni-a-vendar-blizu\/\"]}]},{\"@type\":\"ImageObject\",\"inLanguage\":\"en-US\",\"@id\":\"https:\/\/www.salve.si\/trgovina\/knjige\/mladinske\/oddaljeni-a-vendar-blizu\/#primaryimage\",\"url\":\"https:\/\/www.salve.si\/wp-content\/uploads\/2018\/03\/a5428fda2451dad029b222f444598832.jpg\",\"contentUrl\":\"https:\/\/www.salve.si\/wp-content\/uploads\/2018\/03\/a5428fda2451dad029b222f444598832.jpg\",\"width\":250,\"height\":350},{\"@type\":\"BreadcrumbList\",\"@id\":\"https:\/\/www.salve.si\/trgovina\/knjige\/mladinske\/oddaljeni-a-vendar-blizu\/#breadcrumb\",\"itemListElement\":[{\"@type\":\"ListItem\",\"position\":1,\"name\":\"Home\",\"item\":\"https:\/\/www.salve.si\/\"},{\"@type\":\"ListItem\",\"position\":2,\"name\":\"Trgovina\",\"item\":\"https:\/\/www.salve.si\/trgovina\/\"},{\"@type\":\"ListItem\",\"position\":3,\"name\":\"Oddaljeni, a vendar blizu\"}]},{\"@type\":\"WebSite\",\"@id\":\"https:\/\/www.salve.si\/#website\",\"url\":\"https:\/\/www.salve.si\/\",\"name\":\"Salve\",\"description\":\"Salezijanska zalo\u017eba\",\"publisher\":{\"@id\":\"https:\/\/www.salve.si\/#organization\"},\"potentialAction\":[{\"@type\":\"SearchAction\",\"target\":{\"@type\":\"EntryPoint\",\"urlTemplate\":\"https:\/\/www.salve.si\/?s={search_term_string}\"},\"query-input\":{\"@type\":\"PropertyValueSpecification\",\"valueRequired\":true,\"valueName\":\"search_term_string\"}}],\"inLanguage\":\"en-US\"},{\"@type\":\"Organization\",\"@id\":\"https:\/\/www.salve.si\/#organization\",\"name\":\"Salve d.o.o.\",\"url\":\"https:\/\/www.salve.si\/\",\"logo\":{\"@type\":\"ImageObject\",\"inLanguage\":\"en-US\",\"@id\":\"https:\/\/www.salve.si\/#\/schema\/logo\/image\/\",\"url\":\"https:\/\/www.salve.si\/wp-content\/uploads\/2021\/01\/Salve_logo_modri_nov_web.png\",\"contentUrl\":\"https:\/\/www.salve.si\/wp-content\/uploads\/2021\/01\/Salve_logo_modri_nov_web.png\",\"width\":279,\"height\":90,\"caption\":\"Salve d.o.o.\"},\"image\":{\"@id\":\"https:\/\/www.salve.si\/#\/schema\/logo\/image\/\"},\"sameAs\":[\"https:\/\/www.facebook.com\/salve.si\",\"https:\/\/www.instagram.com\/zalozbasalve\/\",\"https:\/\/www.linkedin.com\/company\/zalozba-salve\/\"]}]}<\/script>\n<!-- \/ Yoast SEO plugin. -->","yoast_head_json":{"title":"Oddaljeni, a vendar blizu - Salve","robots":{"index":"index","follow":"follow","max-snippet":"max-snippet:-1","max-image-preview":"max-image-preview:large","max-video-preview":"max-video-preview:-1"},"canonical":"https:\/\/www.salve.si\/en\/trgovina\/knjige\/mladinske\/oddaljeni-a-vendar-blizu\/","og_locale":"en_US","og_type":"article","og_title":"Oddaljeni, a vendar blizu - Salve","og_description":"Tema leto\u0161njega pastoralnega leta je \u00bboddaljeni\u00ab. Od Boga, odre\u0161enjskega procesa in Cerkve smo na nek na\u010din vsi oddaljeni.","og_url":"https:\/\/www.salve.si\/en\/trgovina\/knjige\/mladinske\/oddaljeni-a-vendar-blizu\/","og_site_name":"Salve","article_publisher":"https:\/\/www.facebook.com\/salve.si","article_modified_time":"2022-11-11T09:07:17+00:00","og_image":[{"width":250,"height":350,"url":"https:\/\/www.salve.si\/wp-content\/uploads\/2018\/03\/a5428fda2451dad029b222f444598832.jpg","type":"image\/jpeg"}],"twitter_card":"summary_large_image","twitter_misc":{"Est. reading time":"1 minute"},"schema":{"@context":"https:\/\/schema.org","@graph":[{"@type":"WebPage","@id":"https:\/\/www.salve.si\/trgovina\/knjige\/mladinske\/oddaljeni-a-vendar-blizu\/","url":"https:\/\/www.salve.si\/trgovina\/knjige\/mladinske\/oddaljeni-a-vendar-blizu\/","name":"Oddaljeni, a vendar blizu - Salve","isPartOf":{"@id":"https:\/\/www.salve.si\/#website"},"primaryImageOfPage":{"@id":"https:\/\/www.salve.si\/trgovina\/knjige\/mladinske\/oddaljeni-a-vendar-blizu\/#primaryimage"},"image":{"@id":"https:\/\/www.salve.si\/trgovina\/knjige\/mladinske\/oddaljeni-a-vendar-blizu\/#primaryimage"},"thumbnailUrl":"https:\/\/www.salve.si\/wp-content\/uploads\/2018\/03\/a5428fda2451dad029b222f444598832.jpg","datePublished":"2006-04-12T08:00:26+00:00","dateModified":"2022-11-11T09:07:17+00:00","breadcrumb":{"@id":"https:\/\/www.salve.si\/trgovina\/knjige\/mladinske\/oddaljeni-a-vendar-blizu\/#breadcrumb"},"inLanguage":"en-US","potentialAction":[{"@type":"ReadAction","target":["https:\/\/www.salve.si\/trgovina\/knjige\/mladinske\/oddaljeni-a-vendar-blizu\/"]}]},{"@type":"ImageObject","inLanguage":"en-US","@id":"https:\/\/www.salve.si\/trgovina\/knjige\/mladinske\/oddaljeni-a-vendar-blizu\/#primaryimage","url":"https:\/\/www.salve.si\/wp-content\/uploads\/2018\/03\/a5428fda2451dad029b222f444598832.jpg","contentUrl":"https:\/\/www.salve.si\/wp-content\/uploads\/2018\/03\/a5428fda2451dad029b222f444598832.jpg","width":250,"height":350},{"@type":"BreadcrumbList","@id":"https:\/\/www.salve.si\/trgovina\/knjige\/mladinske\/oddaljeni-a-vendar-blizu\/#breadcrumb","itemListElement":[{"@type":"ListItem","position":1,"name":"Home","item":"https:\/\/www.salve.si\/"},{"@type":"ListItem","position":2,"name":"Trgovina","item":"https:\/\/www.salve.si\/trgovina\/"},{"@type":"ListItem","position":3,"name":"Oddaljeni, a vendar blizu"}]},{"@type":"WebSite","@id":"https:\/\/www.salve.si\/#website","url":"https:\/\/www.salve.si\/","name":"Salve","description":"Salezijanska zalo\u017eba","publisher":{"@id":"https:\/\/www.salve.si\/#organization"},"potentialAction":[{"@type":"SearchAction","target":{"@type":"EntryPoint","urlTemplate":"https:\/\/www.salve.si\/?s={search_term_string}"},"query-input":{"@type":"PropertyValueSpecification","valueRequired":true,"valueName":"search_term_string"}}],"inLanguage":"en-US"},{"@type":"Organization","@id":"https:\/\/www.salve.si\/#organization","name":"Salve d.o.o.","url":"https:\/\/www.salve.si\/","logo":{"@type":"ImageObject","inLanguage":"en-US","@id":"https:\/\/www.salve.si\/#\/schema\/logo\/image\/","url":"https:\/\/www.salve.si\/wp-content\/uploads\/2021\/01\/Salve_logo_modri_nov_web.png","contentUrl":"https:\/\/www.salve.si\/wp-content\/uploads\/2021\/01\/Salve_logo_modri_nov_web.png","width":279,"height":90,"caption":"Salve d.o.o."},"image":{"@id":"https:\/\/www.salve.si\/#\/schema\/logo\/image\/"},"sameAs":["https:\/\/www.facebook.com\/salve.si","https:\/\/www.instagram.com\/zalozbasalve\/","https:\/\/www.linkedin.com\/company\/zalozba-salve\/"]}]}},"_links":{"self":[{"href":"https:\/\/www.salve.si\/en\/wp-json\/wp\/v2\/product\/2582","targetHints":{"allow":["GET"]}}],"collection":[{"href":"https:\/\/www.salve.si\/en\/wp-json\/wp\/v2\/product"}],"about":[{"href":"https:\/\/www.salve.si\/en\/wp-json\/wp\/v2\/types\/product"}],"version-history":[{"count":2,"href":"https:\/\/www.salve.si\/en\/wp-json\/wp\/v2\/product\/2582\/revisions"}],"predecessor-version":[{"id":16244,"href":"https:\/\/www.salve.si\/en\/wp-json\/wp\/v2\/product\/2582\/revisions\/16244"}],"wp:featuredmedia":[{"embeddable":true,"href":"https:\/\/www.salve.si\/en\/wp-json\/wp\/v2\/media\/2583"}],"wp:attachment":[{"href":"https:\/\/www.salve.si\/en\/wp-json\/wp\/v2\/media?parent=2582"}],"wp:term":[{"taxonomy":"product_cat","embeddable":true,"href":"https:\/\/www.salve.si\/en\/wp-json\/wp\/v2\/product_cat?post=2582"},{"taxonomy":"product_tag","embeddable":true,"href":"https:\/\/www.salve.si\/en\/wp-json\/wp\/v2\/product_tag?post=2582"}],"curies":[{"name":"wp","href":"https:\/\/api.w.org\/{rel}","templated":true}]}}