{"id":2498,"date":"2006-01-24T10:00:29","date_gmt":"2006-01-24T09:00:29","guid":{"rendered":"http:\/\/2018.salve.si\/?post_type=product&#038;p=2498"},"modified":"2018-08-10T17:26:52","modified_gmt":"2018-08-10T15:26:52","slug":"kartoteka-igrajmo-se-i-ii-iii-iv-v-in-vi","status":"publish","type":"product","link":"https:\/\/www.salve.si\/en\/trgovina\/knjige\/kartoteka-igrajmo-se-i-ii-iii-iv-v-in-vi\/","title":{"rendered":"Kartoteka Igrajmo se I, II, III, IV, V in VI"},"content":{"rendered":"<p>Na vsakem karton\u010dku je ena igra. Na sprednji strani so podatki, ki so predstavljeni s simboli, tako da lahko pravo igro oziroma metodo dela hitro izberemo. Na zadnji strani so v treh razdelkih opisani razlaga, potek dela in evalvacija. Kartoteka je prirejena tako, da lahko vse ali le del spravimo v priro\u010den ovitek &#8211; mapo. Prvemu kompletu je prilo\u017eena razlaga simbolov in na\u010dina branja karton\u010dkov.<\/p>\n<p>Cena: Igrajmo se I, II, IV, V, VI: 7,5 EUR; Igrajmo se III: 5 EUR; mapa: 4,2 EUR<span class=\"slv-content-keywords\"> Jo\u017ee Gornik Rafo Pinosa Knjige <\/span><\/p>","protected":false},"excerpt":{"rendered":"<p>6 kompletov priro\u010dnih karton\u010dkov velikosti tretjine strani A4.<\/p>","protected":false},"featured_media":2499,"template":"","meta":{"_acf_changed":false,"footnotes":""},"product_cat":[141],"product_tag":[],"class_list":{"0":"post-2498","1":"product","2":"type-product","3":"status-publish","4":"has-post-thumbnail","6":"authors-joze-gornik","7":"authors-rafo-pinosa","8":"publisher-salve-d-o-o-ljubljana","9":"product_cat-knjige","11":"first","12":"instock","13":"shipping-taxable","14":"purchasable","15":"product-type-simple"},"acf":[],"yoast_head":"<!-- This site is optimized with the Yoast SEO plugin v23.8 - https:\/\/yoast.com\/wordpress\/plugins\/seo\/ -->\n<title>Kartoteka Igrajmo se I, II, III, IV, V in VI - Salve<\/title>\n<meta name=\"robots\" content=\"index, follow, max-snippet:-1, max-image-preview:large, max-video-preview:-1\" \/>\n<link rel=\"canonical\" href=\"https:\/\/www.salve.si\/en\/trgovina\/knjige\/kartoteka-igrajmo-se-i-ii-iii-iv-v-in-vi\/\" \/>\n<meta property=\"og:locale\" content=\"en_US\" \/>\n<meta property=\"og:type\" content=\"article\" \/>\n<meta property=\"og:title\" content=\"Kartoteka Igrajmo se I, II, III, IV, V in VI - Salve\" \/>\n<meta property=\"og:description\" content=\"6 kompletov priro\u010dnih karton\u010dkov velikosti tretjine strani A4.\" \/>\n<meta property=\"og:url\" content=\"https:\/\/www.salve.si\/en\/trgovina\/knjige\/kartoteka-igrajmo-se-i-ii-iii-iv-v-in-vi\/\" \/>\n<meta property=\"og:site_name\" content=\"Salve\" \/>\n<meta property=\"article:publisher\" content=\"https:\/\/www.facebook.com\/salve.si\" \/>\n<meta property=\"article:modified_time\" content=\"2018-08-10T15:26:52+00:00\" \/>\n<meta property=\"og:image\" content=\"https:\/\/www.salve.si\/wp-content\/uploads\/2018\/03\/6ea3c047ee377b7c5fc7568304e2f881.jpg\" \/>\n\t<meta property=\"og:image:width\" content=\"295\" \/>\n\t<meta property=\"og:image:height\" content=\"320\" \/>\n\t<meta property=\"og:image:type\" content=\"image\/jpeg\" \/>\n<meta name=\"twitter:card\" content=\"summary_large_image\" \/>\n<script type=\"application\/ld+json\" class=\"yoast-schema-graph\">{\"@context\":\"https:\/\/schema.org\",\"@graph\":[{\"@type\":\"WebPage\",\"@id\":\"https:\/\/www.salve.si\/trgovina\/knjige\/kartoteka-igrajmo-se-i-ii-iii-iv-v-in-vi\/\",\"url\":\"https:\/\/www.salve.si\/trgovina\/knjige\/kartoteka-igrajmo-se-i-ii-iii-iv-v-in-vi\/\",\"name\":\"Kartoteka Igrajmo se I, II, III, IV, V in VI - Salve\",\"isPartOf\":{\"@id\":\"https:\/\/www.salve.si\/#website\"},\"primaryImageOfPage\":{\"@id\":\"https:\/\/www.salve.si\/trgovina\/knjige\/kartoteka-igrajmo-se-i-ii-iii-iv-v-in-vi\/#primaryimage\"},\"image\":{\"@id\":\"https:\/\/www.salve.si\/trgovina\/knjige\/kartoteka-igrajmo-se-i-ii-iii-iv-v-in-vi\/#primaryimage\"},\"thumbnailUrl\":\"https:\/\/www.salve.si\/wp-content\/uploads\/2018\/03\/6ea3c047ee377b7c5fc7568304e2f881.jpg\",\"datePublished\":\"2006-01-24T09:00:29+00:00\",\"dateModified\":\"2018-08-10T15:26:52+00:00\",\"breadcrumb\":{\"@id\":\"https:\/\/www.salve.si\/trgovina\/knjige\/kartoteka-igrajmo-se-i-ii-iii-iv-v-in-vi\/#breadcrumb\"},\"inLanguage\":\"en-US\",\"potentialAction\":[{\"@type\":\"ReadAction\",\"target\":[\"https:\/\/www.salve.si\/trgovina\/knjige\/kartoteka-igrajmo-se-i-ii-iii-iv-v-in-vi\/\"]}]},{\"@type\":\"ImageObject\",\"inLanguage\":\"en-US\",\"@id\":\"https:\/\/www.salve.si\/trgovina\/knjige\/kartoteka-igrajmo-se-i-ii-iii-iv-v-in-vi\/#primaryimage\",\"url\":\"https:\/\/www.salve.si\/wp-content\/uploads\/2018\/03\/6ea3c047ee377b7c5fc7568304e2f881.jpg\",\"contentUrl\":\"https:\/\/www.salve.si\/wp-content\/uploads\/2018\/03\/6ea3c047ee377b7c5fc7568304e2f881.jpg\",\"width\":295,\"height\":320},{\"@type\":\"BreadcrumbList\",\"@id\":\"https:\/\/www.salve.si\/trgovina\/knjige\/kartoteka-igrajmo-se-i-ii-iii-iv-v-in-vi\/#breadcrumb\",\"itemListElement\":[{\"@type\":\"ListItem\",\"position\":1,\"name\":\"Home\",\"item\":\"https:\/\/www.salve.si\/\"},{\"@type\":\"ListItem\",\"position\":2,\"name\":\"Trgovina\",\"item\":\"https:\/\/www.salve.si\/trgovina\/\"},{\"@type\":\"ListItem\",\"position\":3,\"name\":\"Kartoteka Igrajmo se I, II, III, IV, V in VI\"}]},{\"@type\":\"WebSite\",\"@id\":\"https:\/\/www.salve.si\/#website\",\"url\":\"https:\/\/www.salve.si\/\",\"name\":\"Salve\",\"description\":\"Salezijanska zalo\u017eba\",\"publisher\":{\"@id\":\"https:\/\/www.salve.si\/#organization\"},\"potentialAction\":[{\"@type\":\"SearchAction\",\"target\":{\"@type\":\"EntryPoint\",\"urlTemplate\":\"https:\/\/www.salve.si\/?s={search_term_string}\"},\"query-input\":{\"@type\":\"PropertyValueSpecification\",\"valueRequired\":true,\"valueName\":\"search_term_string\"}}],\"inLanguage\":\"en-US\"},{\"@type\":\"Organization\",\"@id\":\"https:\/\/www.salve.si\/#organization\",\"name\":\"Salve d.o.o.\",\"url\":\"https:\/\/www.salve.si\/\",\"logo\":{\"@type\":\"ImageObject\",\"inLanguage\":\"en-US\",\"@id\":\"https:\/\/www.salve.si\/#\/schema\/logo\/image\/\",\"url\":\"https:\/\/www.salve.si\/wp-content\/uploads\/2021\/01\/Salve_logo_modri_nov_web.png\",\"contentUrl\":\"https:\/\/www.salve.si\/wp-content\/uploads\/2021\/01\/Salve_logo_modri_nov_web.png\",\"width\":279,\"height\":90,\"caption\":\"Salve d.o.o.\"},\"image\":{\"@id\":\"https:\/\/www.salve.si\/#\/schema\/logo\/image\/\"},\"sameAs\":[\"https:\/\/www.facebook.com\/salve.si\",\"https:\/\/www.instagram.com\/zalozbasalve\/\",\"https:\/\/www.linkedin.com\/company\/zalozba-salve\/\"]}]}<\/script>\n<!-- \/ Yoast SEO plugin. -->","yoast_head_json":{"title":"Kartoteka Igrajmo se I, II, III, IV, V in VI - Salve","robots":{"index":"index","follow":"follow","max-snippet":"max-snippet:-1","max-image-preview":"max-image-preview:large","max-video-preview":"max-video-preview:-1"},"canonical":"https:\/\/www.salve.si\/en\/trgovina\/knjige\/kartoteka-igrajmo-se-i-ii-iii-iv-v-in-vi\/","og_locale":"en_US","og_type":"article","og_title":"Kartoteka Igrajmo se I, II, III, IV, V in VI - Salve","og_description":"6 kompletov priro\u010dnih karton\u010dkov velikosti tretjine strani A4.","og_url":"https:\/\/www.salve.si\/en\/trgovina\/knjige\/kartoteka-igrajmo-se-i-ii-iii-iv-v-in-vi\/","og_site_name":"Salve","article_publisher":"https:\/\/www.facebook.com\/salve.si","article_modified_time":"2018-08-10T15:26:52+00:00","og_image":[{"width":295,"height":320,"url":"https:\/\/www.salve.si\/wp-content\/uploads\/2018\/03\/6ea3c047ee377b7c5fc7568304e2f881.jpg","type":"image\/jpeg"}],"twitter_card":"summary_large_image","schema":{"@context":"https:\/\/schema.org","@graph":[{"@type":"WebPage","@id":"https:\/\/www.salve.si\/trgovina\/knjige\/kartoteka-igrajmo-se-i-ii-iii-iv-v-in-vi\/","url":"https:\/\/www.salve.si\/trgovina\/knjige\/kartoteka-igrajmo-se-i-ii-iii-iv-v-in-vi\/","name":"Kartoteka Igrajmo se I, II, III, IV, V in VI - Salve","isPartOf":{"@id":"https:\/\/www.salve.si\/#website"},"primaryImageOfPage":{"@id":"https:\/\/www.salve.si\/trgovina\/knjige\/kartoteka-igrajmo-se-i-ii-iii-iv-v-in-vi\/#primaryimage"},"image":{"@id":"https:\/\/www.salve.si\/trgovina\/knjige\/kartoteka-igrajmo-se-i-ii-iii-iv-v-in-vi\/#primaryimage"},"thumbnailUrl":"https:\/\/www.salve.si\/wp-content\/uploads\/2018\/03\/6ea3c047ee377b7c5fc7568304e2f881.jpg","datePublished":"2006-01-24T09:00:29+00:00","dateModified":"2018-08-10T15:26:52+00:00","breadcrumb":{"@id":"https:\/\/www.salve.si\/trgovina\/knjige\/kartoteka-igrajmo-se-i-ii-iii-iv-v-in-vi\/#breadcrumb"},"inLanguage":"en-US","potentialAction":[{"@type":"ReadAction","target":["https:\/\/www.salve.si\/trgovina\/knjige\/kartoteka-igrajmo-se-i-ii-iii-iv-v-in-vi\/"]}]},{"@type":"ImageObject","inLanguage":"en-US","@id":"https:\/\/www.salve.si\/trgovina\/knjige\/kartoteka-igrajmo-se-i-ii-iii-iv-v-in-vi\/#primaryimage","url":"https:\/\/www.salve.si\/wp-content\/uploads\/2018\/03\/6ea3c047ee377b7c5fc7568304e2f881.jpg","contentUrl":"https:\/\/www.salve.si\/wp-content\/uploads\/2018\/03\/6ea3c047ee377b7c5fc7568304e2f881.jpg","width":295,"height":320},{"@type":"BreadcrumbList","@id":"https:\/\/www.salve.si\/trgovina\/knjige\/kartoteka-igrajmo-se-i-ii-iii-iv-v-in-vi\/#breadcrumb","itemListElement":[{"@type":"ListItem","position":1,"name":"Home","item":"https:\/\/www.salve.si\/"},{"@type":"ListItem","position":2,"name":"Trgovina","item":"https:\/\/www.salve.si\/trgovina\/"},{"@type":"ListItem","position":3,"name":"Kartoteka Igrajmo se I, II, III, IV, V in VI"}]},{"@type":"WebSite","@id":"https:\/\/www.salve.si\/#website","url":"https:\/\/www.salve.si\/","name":"Salve","description":"Salezijanska zalo\u017eba","publisher":{"@id":"https:\/\/www.salve.si\/#organization"},"potentialAction":[{"@type":"SearchAction","target":{"@type":"EntryPoint","urlTemplate":"https:\/\/www.salve.si\/?s={search_term_string}"},"query-input":{"@type":"PropertyValueSpecification","valueRequired":true,"valueName":"search_term_string"}}],"inLanguage":"en-US"},{"@type":"Organization","@id":"https:\/\/www.salve.si\/#organization","name":"Salve d.o.o.","url":"https:\/\/www.salve.si\/","logo":{"@type":"ImageObject","inLanguage":"en-US","@id":"https:\/\/www.salve.si\/#\/schema\/logo\/image\/","url":"https:\/\/www.salve.si\/wp-content\/uploads\/2021\/01\/Salve_logo_modri_nov_web.png","contentUrl":"https:\/\/www.salve.si\/wp-content\/uploads\/2021\/01\/Salve_logo_modri_nov_web.png","width":279,"height":90,"caption":"Salve d.o.o."},"image":{"@id":"https:\/\/www.salve.si\/#\/schema\/logo\/image\/"},"sameAs":["https:\/\/www.facebook.com\/salve.si","https:\/\/www.instagram.com\/zalozbasalve\/","https:\/\/www.linkedin.com\/company\/zalozba-salve\/"]}]}},"_links":{"self":[{"href":"https:\/\/www.salve.si\/en\/wp-json\/wp\/v2\/product\/2498","targetHints":{"allow":["GET"]}}],"collection":[{"href":"https:\/\/www.salve.si\/en\/wp-json\/wp\/v2\/product"}],"about":[{"href":"https:\/\/www.salve.si\/en\/wp-json\/wp\/v2\/types\/product"}],"version-history":[{"count":0,"href":"https:\/\/www.salve.si\/en\/wp-json\/wp\/v2\/product\/2498\/revisions"}],"wp:featuredmedia":[{"embeddable":true,"href":"https:\/\/www.salve.si\/en\/wp-json\/wp\/v2\/media\/2499"}],"wp:attachment":[{"href":"https:\/\/www.salve.si\/en\/wp-json\/wp\/v2\/media?parent=2498"}],"wp:term":[{"taxonomy":"product_cat","embeddable":true,"href":"https:\/\/www.salve.si\/en\/wp-json\/wp\/v2\/product_cat?post=2498"},{"taxonomy":"product_tag","embeddable":true,"href":"https:\/\/www.salve.si\/en\/wp-json\/wp\/v2\/product_tag?post=2498"}],"curies":[{"name":"wp","href":"https:\/\/api.w.org\/{rel}","templated":true}]}}