{"id":2480,"date":"2006-01-24T10:00:31","date_gmt":"2006-01-24T09:00:31","guid":{"rendered":"http:\/\/2018.salve.si\/?post_type=product&#038;p=2480"},"modified":"2021-02-17T11:23:31","modified_gmt":"2021-02-17T10:23:31","slug":"ritem-duha-1-2","status":"publish","type":"product","link":"https:\/\/www.salve.si\/en\/trgovina\/film-glasba\/glasba\/ritem-duha-1-2\/","title":{"rendered":"CD &#8211; Ritem Duha 1-2"},"content":{"rendered":"<p>1. CD: Moj dar \/ P. Fleisinger, P. Fleisinger, P. Fleisinger, Vem za pot. Jadra \/ Sa\u0161o &amp; Robi, Sa\u0161o &amp; Robi, Sa\u0161o &amp; Robi, Sa\u0161o &amp; Robi. Ritem srca \/ Gloria, Gloria, T. Pirnat, Gloria.\u00a0 Ljubezen \/ A. Traven, P. \u0160alamon, Dlan, Dlan. Odmev neskon\u010dnosti \/ B. \u00c4\u0152uvan, J. Kvas, M. Hercog &#8211; S. Hudl, Dominik. Peter Skala \/ J. Ferle\u017e, A. Lebar, J. Ferle\u017e, p. Janez Ferle\u017e in skupina Halo\u0161ka zarja. Moj Bog\u00a0 \/ Aynee, Aynee, Aynee, Aynee. Marija na\u0161a Gospa \/ B.Dov\u010d, B.Dov\u010d, B.Dov\u010d, Timea. Zbudi se \/ T. Vindi\u0161, T. Vindi\u0161, Svetnik, Skupina Svetnik. Poleti\u00a0 \/ J. Klajn\u0161\u010dak, J. Klajn\u0161\u010dak, J. Klajn\u0161\u010dak, Julija. \u00c4\u0152lovek \/ F. Juvan, F. Juvan, D. Krt, Franc Juvan in Dominik Krt ter mladi iz Stranj.<\/p>\n<p>2. CD: O moj Bog \/ J. Klajn\u0161\u010dak, J. Klajn\u0161\u010dak, J. Klajn\u0161\u010dak, Julija. Tvoj dotik \/ G. Strajnar, G. Strajnar, G. Strajnar, Odkloplen Grega. Odlo\u010di se \/ M. Luketi\u010d, M. Luketi\u010d, M. Luketi\u010d, Anistanai. Zakaj \/ A. Traven, B. Traven, B. Traven,\u00a0 Ale\u0161 &amp; Bojan Traven.\u00a0 Ljubljeno ime \/ A. Ravter &amp; A. \u017ditek, A. Ravter &amp; A. \u017ditek, A. Ravter &amp; A. \u017ditnik, Anja Ravter &amp; Ale\u0161 \u017ditek. Prijazen svet \/ T. \u00c4\u0152ernigoj, Nova zapoved, Nova zapoved, Nova zapoved. Nasmeh \/ B. \u00c4\u0152uvan, F. Podbre\u017enik, F. Podbre\u017enik, Dominik. \u017divljenje \/ L. Marke\u017e, P. Dolenc, P. Dolenc, Skupina Pesem. \u017darek v o\u010deh \/ P. Fleisinger, M. Vovko, M. Vovko, Vem za pot.\u00a0 Bodi Lu\u010d \/ A. Traven, P. \u0160alamon, S. Cerk &#8211; B. Traven, Skupina Dlan.\u00a0 Ti si ob meni \/ T. Vindi\u0161, T. Vindi\u0161 &#8211; B. Podlesnik, T. Vindi\u0161 &#8211; B. Podlesnik, Svetnik. Vsa zemlja govori \/ J. Kav\u010dnik, J. Kav\u010dnik, J. Kav\u010dnik, Judita Kav\u010dnik.<span class=\"slv-content-keywords\"> Razli\u010dni izvajalci Film in glasba Glasba <\/span><\/p>","protected":false},"excerpt":{"rendered":"<p>Dvojni CD &#8211; s 1. in 2. festivala Ritem Duha.<\/p>","protected":false},"featured_media":2481,"template":"","meta":{"_acf_changed":false,"footnotes":""},"product_cat":[144,624],"product_tag":[],"class_list":{"0":"post-2480","1":"product","2":"type-product","3":"status-publish","4":"has-post-thumbnail","6":"authors-razlicni-izvajalci","7":"publisher-salve-d-o-o-ljubljana","8":"product_cat-film-glasba","9":"product_cat-glasba","11":"first","12":"instock","13":"shipping-taxable","14":"purchasable","15":"product-type-simple"},"acf":[],"yoast_head":"<!-- This site is optimized with the Yoast SEO plugin v23.8 - https:\/\/yoast.com\/wordpress\/plugins\/seo\/ -->\n<title>CD - Ritem Duha 1-2 - Salve<\/title>\n<meta name=\"robots\" content=\"index, follow, max-snippet:-1, max-image-preview:large, max-video-preview:-1\" \/>\n<link rel=\"canonical\" href=\"https:\/\/www.salve.si\/en\/trgovina\/film-glasba\/glasba\/ritem-duha-1-2\/\" \/>\n<meta property=\"og:locale\" content=\"en_US\" \/>\n<meta property=\"og:type\" content=\"article\" \/>\n<meta property=\"og:title\" content=\"CD - Ritem Duha 1-2 - Salve\" \/>\n<meta property=\"og:description\" content=\"Dvojni CD - s 1. in 2. festivala Ritem Duha.\" \/>\n<meta property=\"og:url\" content=\"https:\/\/www.salve.si\/en\/trgovina\/film-glasba\/glasba\/ritem-duha-1-2\/\" \/>\n<meta property=\"og:site_name\" content=\"Salve\" \/>\n<meta property=\"article:publisher\" content=\"https:\/\/www.facebook.com\/salve.si\" \/>\n<meta property=\"article:modified_time\" content=\"2021-02-17T10:23:31+00:00\" \/>\n<meta property=\"og:image\" content=\"https:\/\/www.salve.si\/wp-content\/uploads\/2018\/03\/3b05164dcdd2b1e6d111dad02d321ebb.jpg\" \/>\n\t<meta property=\"og:image:width\" content=\"295\" \/>\n\t<meta property=\"og:image:height\" content=\"291\" \/>\n\t<meta property=\"og:image:type\" content=\"image\/jpeg\" \/>\n<meta name=\"twitter:card\" content=\"summary_large_image\" \/>\n<meta name=\"twitter:label1\" content=\"Est. reading time\" \/>\n\t<meta name=\"twitter:data1\" content=\"1 minute\" \/>\n<script type=\"application\/ld+json\" class=\"yoast-schema-graph\">{\"@context\":\"https:\/\/schema.org\",\"@graph\":[{\"@type\":\"WebPage\",\"@id\":\"https:\/\/www.salve.si\/trgovina\/film-glasba\/glasba\/ritem-duha-1-2\/\",\"url\":\"https:\/\/www.salve.si\/trgovina\/film-glasba\/glasba\/ritem-duha-1-2\/\",\"name\":\"CD - Ritem Duha 1-2 - Salve\",\"isPartOf\":{\"@id\":\"https:\/\/www.salve.si\/#website\"},\"primaryImageOfPage\":{\"@id\":\"https:\/\/www.salve.si\/trgovina\/film-glasba\/glasba\/ritem-duha-1-2\/#primaryimage\"},\"image\":{\"@id\":\"https:\/\/www.salve.si\/trgovina\/film-glasba\/glasba\/ritem-duha-1-2\/#primaryimage\"},\"thumbnailUrl\":\"https:\/\/www.salve.si\/wp-content\/uploads\/2018\/03\/3b05164dcdd2b1e6d111dad02d321ebb.jpg\",\"datePublished\":\"2006-01-24T09:00:31+00:00\",\"dateModified\":\"2021-02-17T10:23:31+00:00\",\"breadcrumb\":{\"@id\":\"https:\/\/www.salve.si\/trgovina\/film-glasba\/glasba\/ritem-duha-1-2\/#breadcrumb\"},\"inLanguage\":\"en-US\",\"potentialAction\":[{\"@type\":\"ReadAction\",\"target\":[\"https:\/\/www.salve.si\/trgovina\/film-glasba\/glasba\/ritem-duha-1-2\/\"]}]},{\"@type\":\"ImageObject\",\"inLanguage\":\"en-US\",\"@id\":\"https:\/\/www.salve.si\/trgovina\/film-glasba\/glasba\/ritem-duha-1-2\/#primaryimage\",\"url\":\"https:\/\/www.salve.si\/wp-content\/uploads\/2018\/03\/3b05164dcdd2b1e6d111dad02d321ebb.jpg\",\"contentUrl\":\"https:\/\/www.salve.si\/wp-content\/uploads\/2018\/03\/3b05164dcdd2b1e6d111dad02d321ebb.jpg\",\"width\":295,\"height\":291},{\"@type\":\"BreadcrumbList\",\"@id\":\"https:\/\/www.salve.si\/trgovina\/film-glasba\/glasba\/ritem-duha-1-2\/#breadcrumb\",\"itemListElement\":[{\"@type\":\"ListItem\",\"position\":1,\"name\":\"Home\",\"item\":\"https:\/\/www.salve.si\/\"},{\"@type\":\"ListItem\",\"position\":2,\"name\":\"Trgovina\",\"item\":\"https:\/\/www.salve.si\/trgovina\/\"},{\"@type\":\"ListItem\",\"position\":3,\"name\":\"CD &#8211; Ritem Duha 1-2\"}]},{\"@type\":\"WebSite\",\"@id\":\"https:\/\/www.salve.si\/#website\",\"url\":\"https:\/\/www.salve.si\/\",\"name\":\"Salve\",\"description\":\"Salezijanska zalo\u017eba\",\"publisher\":{\"@id\":\"https:\/\/www.salve.si\/#organization\"},\"potentialAction\":[{\"@type\":\"SearchAction\",\"target\":{\"@type\":\"EntryPoint\",\"urlTemplate\":\"https:\/\/www.salve.si\/?s={search_term_string}\"},\"query-input\":{\"@type\":\"PropertyValueSpecification\",\"valueRequired\":true,\"valueName\":\"search_term_string\"}}],\"inLanguage\":\"en-US\"},{\"@type\":\"Organization\",\"@id\":\"https:\/\/www.salve.si\/#organization\",\"name\":\"Salve d.o.o.\",\"url\":\"https:\/\/www.salve.si\/\",\"logo\":{\"@type\":\"ImageObject\",\"inLanguage\":\"en-US\",\"@id\":\"https:\/\/www.salve.si\/#\/schema\/logo\/image\/\",\"url\":\"https:\/\/www.salve.si\/wp-content\/uploads\/2021\/01\/Salve_logo_modri_nov_web.png\",\"contentUrl\":\"https:\/\/www.salve.si\/wp-content\/uploads\/2021\/01\/Salve_logo_modri_nov_web.png\",\"width\":279,\"height\":90,\"caption\":\"Salve d.o.o.\"},\"image\":{\"@id\":\"https:\/\/www.salve.si\/#\/schema\/logo\/image\/\"},\"sameAs\":[\"https:\/\/www.facebook.com\/salve.si\",\"https:\/\/www.instagram.com\/zalozbasalve\/\",\"https:\/\/www.linkedin.com\/company\/zalozba-salve\/\"]}]}<\/script>\n<!-- \/ Yoast SEO plugin. -->","yoast_head_json":{"title":"CD - Ritem Duha 1-2 - Salve","robots":{"index":"index","follow":"follow","max-snippet":"max-snippet:-1","max-image-preview":"max-image-preview:large","max-video-preview":"max-video-preview:-1"},"canonical":"https:\/\/www.salve.si\/en\/trgovina\/film-glasba\/glasba\/ritem-duha-1-2\/","og_locale":"en_US","og_type":"article","og_title":"CD - Ritem Duha 1-2 - Salve","og_description":"Dvojni CD - s 1. in 2. festivala Ritem Duha.","og_url":"https:\/\/www.salve.si\/en\/trgovina\/film-glasba\/glasba\/ritem-duha-1-2\/","og_site_name":"Salve","article_publisher":"https:\/\/www.facebook.com\/salve.si","article_modified_time":"2021-02-17T10:23:31+00:00","og_image":[{"width":295,"height":291,"url":"https:\/\/www.salve.si\/wp-content\/uploads\/2018\/03\/3b05164dcdd2b1e6d111dad02d321ebb.jpg","type":"image\/jpeg"}],"twitter_card":"summary_large_image","twitter_misc":{"Est. reading time":"1 minute"},"schema":{"@context":"https:\/\/schema.org","@graph":[{"@type":"WebPage","@id":"https:\/\/www.salve.si\/trgovina\/film-glasba\/glasba\/ritem-duha-1-2\/","url":"https:\/\/www.salve.si\/trgovina\/film-glasba\/glasba\/ritem-duha-1-2\/","name":"CD - Ritem Duha 1-2 - Salve","isPartOf":{"@id":"https:\/\/www.salve.si\/#website"},"primaryImageOfPage":{"@id":"https:\/\/www.salve.si\/trgovina\/film-glasba\/glasba\/ritem-duha-1-2\/#primaryimage"},"image":{"@id":"https:\/\/www.salve.si\/trgovina\/film-glasba\/glasba\/ritem-duha-1-2\/#primaryimage"},"thumbnailUrl":"https:\/\/www.salve.si\/wp-content\/uploads\/2018\/03\/3b05164dcdd2b1e6d111dad02d321ebb.jpg","datePublished":"2006-01-24T09:00:31+00:00","dateModified":"2021-02-17T10:23:31+00:00","breadcrumb":{"@id":"https:\/\/www.salve.si\/trgovina\/film-glasba\/glasba\/ritem-duha-1-2\/#breadcrumb"},"inLanguage":"en-US","potentialAction":[{"@type":"ReadAction","target":["https:\/\/www.salve.si\/trgovina\/film-glasba\/glasba\/ritem-duha-1-2\/"]}]},{"@type":"ImageObject","inLanguage":"en-US","@id":"https:\/\/www.salve.si\/trgovina\/film-glasba\/glasba\/ritem-duha-1-2\/#primaryimage","url":"https:\/\/www.salve.si\/wp-content\/uploads\/2018\/03\/3b05164dcdd2b1e6d111dad02d321ebb.jpg","contentUrl":"https:\/\/www.salve.si\/wp-content\/uploads\/2018\/03\/3b05164dcdd2b1e6d111dad02d321ebb.jpg","width":295,"height":291},{"@type":"BreadcrumbList","@id":"https:\/\/www.salve.si\/trgovina\/film-glasba\/glasba\/ritem-duha-1-2\/#breadcrumb","itemListElement":[{"@type":"ListItem","position":1,"name":"Home","item":"https:\/\/www.salve.si\/"},{"@type":"ListItem","position":2,"name":"Trgovina","item":"https:\/\/www.salve.si\/trgovina\/"},{"@type":"ListItem","position":3,"name":"CD &#8211; Ritem Duha 1-2"}]},{"@type":"WebSite","@id":"https:\/\/www.salve.si\/#website","url":"https:\/\/www.salve.si\/","name":"Salve","description":"Salezijanska zalo\u017eba","publisher":{"@id":"https:\/\/www.salve.si\/#organization"},"potentialAction":[{"@type":"SearchAction","target":{"@type":"EntryPoint","urlTemplate":"https:\/\/www.salve.si\/?s={search_term_string}"},"query-input":{"@type":"PropertyValueSpecification","valueRequired":true,"valueName":"search_term_string"}}],"inLanguage":"en-US"},{"@type":"Organization","@id":"https:\/\/www.salve.si\/#organization","name":"Salve d.o.o.","url":"https:\/\/www.salve.si\/","logo":{"@type":"ImageObject","inLanguage":"en-US","@id":"https:\/\/www.salve.si\/#\/schema\/logo\/image\/","url":"https:\/\/www.salve.si\/wp-content\/uploads\/2021\/01\/Salve_logo_modri_nov_web.png","contentUrl":"https:\/\/www.salve.si\/wp-content\/uploads\/2021\/01\/Salve_logo_modri_nov_web.png","width":279,"height":90,"caption":"Salve d.o.o."},"image":{"@id":"https:\/\/www.salve.si\/#\/schema\/logo\/image\/"},"sameAs":["https:\/\/www.facebook.com\/salve.si","https:\/\/www.instagram.com\/zalozbasalve\/","https:\/\/www.linkedin.com\/company\/zalozba-salve\/"]}]}},"_links":{"self":[{"href":"https:\/\/www.salve.si\/en\/wp-json\/wp\/v2\/product\/2480","targetHints":{"allow":["GET"]}}],"collection":[{"href":"https:\/\/www.salve.si\/en\/wp-json\/wp\/v2\/product"}],"about":[{"href":"https:\/\/www.salve.si\/en\/wp-json\/wp\/v2\/types\/product"}],"version-history":[{"count":1,"href":"https:\/\/www.salve.si\/en\/wp-json\/wp\/v2\/product\/2480\/revisions"}],"predecessor-version":[{"id":14046,"href":"https:\/\/www.salve.si\/en\/wp-json\/wp\/v2\/product\/2480\/revisions\/14046"}],"wp:featuredmedia":[{"embeddable":true,"href":"https:\/\/www.salve.si\/en\/wp-json\/wp\/v2\/media\/2481"}],"wp:attachment":[{"href":"https:\/\/www.salve.si\/en\/wp-json\/wp\/v2\/media?parent=2480"}],"wp:term":[{"taxonomy":"product_cat","embeddable":true,"href":"https:\/\/www.salve.si\/en\/wp-json\/wp\/v2\/product_cat?post=2480"},{"taxonomy":"product_tag","embeddable":true,"href":"https:\/\/www.salve.si\/en\/wp-json\/wp\/v2\/product_tag?post=2480"}],"curies":[{"name":"wp","href":"https:\/\/api.w.org\/{rel}","templated":true}]}}