{"id":2457,"date":"2005-11-22T10:00:39","date_gmt":"2005-11-22T09:00:39","guid":{"rendered":"http:\/\/2018.salve.si\/?post_type=product&#038;p=2457"},"modified":"2018-09-12T15:54:29","modified_gmt":"2018-09-12T13:54:29","slug":"sanje-treh-libanonskih-ceder","status":"publish","type":"product","link":"https:\/\/www.salve.si\/en\/trgovina\/knjige\/sanje-treh-libanonskih-ceder\/","title":{"rendered":"Sanje treh libanonskih ceder"},"content":{"rendered":"<p>Pisatelj, katerega knjige se prevajajo v \u0161tevilne jezike, si je zamislil legendo o treh cedrah, ki so skupaj rasle in sanjale o svoji prihodnosti. Ko so jih gozdarji posekali, so mislile, da so se njihove sanje razblinile. Po dolgih letih pa je vsaka zase spoznala, da se je njihov sen uresni\u010dil: prva je kon\u010dala kot hlev\u010dek, v katerem je Marija rodila Jezusa, druga je kon\u010dala kot velika miza, ob kateri je Jezus obhajal zadnjo ve\u010derjo, tretja pa je kon\u010dala kot Jezusov kri\u017e. Bogato ilustrirana knjiga!<span class=\"slv-content-keywords\"> Paulo Coelho Knjige Daniella Oh <\/span><\/p>","protected":false},"excerpt":{"rendered":"<div class=\"product-short-description\">Razprodano.<\/div>","protected":false},"featured_media":2458,"template":"","meta":{"_acf_changed":false,"footnotes":""},"product_cat":[141],"product_tag":[],"class_list":{"0":"post-2457","1":"product","2":"type-product","3":"status-publish","4":"has-post-thumbnail","6":"authors-paulo-coelho","7":"publisher-salve-d-o-o-ljubljana","8":"product_cat-knjige","10":"first","11":"outofstock","12":"shipping-taxable","13":"purchasable","14":"product-type-simple"},"acf":[],"yoast_head":"<!-- This site is optimized with the Yoast SEO plugin v23.8 - https:\/\/yoast.com\/wordpress\/plugins\/seo\/ -->\n<title>Sanje treh libanonskih ceder - Salve<\/title>\n<meta name=\"robots\" content=\"index, follow, max-snippet:-1, max-image-preview:large, max-video-preview:-1\" \/>\n<link rel=\"canonical\" href=\"https:\/\/www.salve.si\/en\/trgovina\/knjige\/sanje-treh-libanonskih-ceder\/\" \/>\n<meta property=\"og:locale\" content=\"en_US\" \/>\n<meta property=\"og:type\" content=\"article\" \/>\n<meta property=\"og:title\" content=\"Sanje treh libanonskih ceder - Salve\" \/>\n<meta property=\"og:description\" content=\"Razprodano.\" \/>\n<meta property=\"og:url\" content=\"https:\/\/www.salve.si\/en\/trgovina\/knjige\/sanje-treh-libanonskih-ceder\/\" \/>\n<meta property=\"og:site_name\" content=\"Salve\" \/>\n<meta property=\"article:publisher\" content=\"https:\/\/www.facebook.com\/salve.si\" \/>\n<meta property=\"article:modified_time\" content=\"2018-09-12T13:54:29+00:00\" \/>\n<meta property=\"og:image\" content=\"https:\/\/www.salve.si\/wp-content\/uploads\/2018\/03\/9379a7f8f00c9f867a3ed67a4088b988.jpg\" \/>\n\t<meta property=\"og:image:width\" content=\"295\" \/>\n\t<meta property=\"og:image:height\" content=\"427\" \/>\n\t<meta property=\"og:image:type\" content=\"image\/jpeg\" \/>\n<meta name=\"twitter:card\" content=\"summary_large_image\" \/>\n<script type=\"application\/ld+json\" class=\"yoast-schema-graph\">{\"@context\":\"https:\/\/schema.org\",\"@graph\":[{\"@type\":\"WebPage\",\"@id\":\"https:\/\/www.salve.si\/trgovina\/knjige\/sanje-treh-libanonskih-ceder\/\",\"url\":\"https:\/\/www.salve.si\/trgovina\/knjige\/sanje-treh-libanonskih-ceder\/\",\"name\":\"Sanje treh libanonskih ceder - Salve\",\"isPartOf\":{\"@id\":\"https:\/\/www.salve.si\/#website\"},\"primaryImageOfPage\":{\"@id\":\"https:\/\/www.salve.si\/trgovina\/knjige\/sanje-treh-libanonskih-ceder\/#primaryimage\"},\"image\":{\"@id\":\"https:\/\/www.salve.si\/trgovina\/knjige\/sanje-treh-libanonskih-ceder\/#primaryimage\"},\"thumbnailUrl\":\"https:\/\/www.salve.si\/wp-content\/uploads\/2018\/03\/9379a7f8f00c9f867a3ed67a4088b988.jpg\",\"datePublished\":\"2005-11-22T09:00:39+00:00\",\"dateModified\":\"2018-09-12T13:54:29+00:00\",\"breadcrumb\":{\"@id\":\"https:\/\/www.salve.si\/trgovina\/knjige\/sanje-treh-libanonskih-ceder\/#breadcrumb\"},\"inLanguage\":\"en-US\",\"potentialAction\":[{\"@type\":\"ReadAction\",\"target\":[\"https:\/\/www.salve.si\/trgovina\/knjige\/sanje-treh-libanonskih-ceder\/\"]}]},{\"@type\":\"ImageObject\",\"inLanguage\":\"en-US\",\"@id\":\"https:\/\/www.salve.si\/trgovina\/knjige\/sanje-treh-libanonskih-ceder\/#primaryimage\",\"url\":\"https:\/\/www.salve.si\/wp-content\/uploads\/2018\/03\/9379a7f8f00c9f867a3ed67a4088b988.jpg\",\"contentUrl\":\"https:\/\/www.salve.si\/wp-content\/uploads\/2018\/03\/9379a7f8f00c9f867a3ed67a4088b988.jpg\",\"width\":295,\"height\":427},{\"@type\":\"BreadcrumbList\",\"@id\":\"https:\/\/www.salve.si\/trgovina\/knjige\/sanje-treh-libanonskih-ceder\/#breadcrumb\",\"itemListElement\":[{\"@type\":\"ListItem\",\"position\":1,\"name\":\"Home\",\"item\":\"https:\/\/www.salve.si\/\"},{\"@type\":\"ListItem\",\"position\":2,\"name\":\"Trgovina\",\"item\":\"https:\/\/www.salve.si\/trgovina\/\"},{\"@type\":\"ListItem\",\"position\":3,\"name\":\"Sanje treh libanonskih ceder\"}]},{\"@type\":\"WebSite\",\"@id\":\"https:\/\/www.salve.si\/#website\",\"url\":\"https:\/\/www.salve.si\/\",\"name\":\"Salve\",\"description\":\"Salezijanska zalo\u017eba\",\"publisher\":{\"@id\":\"https:\/\/www.salve.si\/#organization\"},\"potentialAction\":[{\"@type\":\"SearchAction\",\"target\":{\"@type\":\"EntryPoint\",\"urlTemplate\":\"https:\/\/www.salve.si\/?s={search_term_string}\"},\"query-input\":{\"@type\":\"PropertyValueSpecification\",\"valueRequired\":true,\"valueName\":\"search_term_string\"}}],\"inLanguage\":\"en-US\"},{\"@type\":\"Organization\",\"@id\":\"https:\/\/www.salve.si\/#organization\",\"name\":\"Salve d.o.o.\",\"url\":\"https:\/\/www.salve.si\/\",\"logo\":{\"@type\":\"ImageObject\",\"inLanguage\":\"en-US\",\"@id\":\"https:\/\/www.salve.si\/#\/schema\/logo\/image\/\",\"url\":\"https:\/\/www.salve.si\/wp-content\/uploads\/2021\/01\/Salve_logo_modri_nov_web.png\",\"contentUrl\":\"https:\/\/www.salve.si\/wp-content\/uploads\/2021\/01\/Salve_logo_modri_nov_web.png\",\"width\":279,\"height\":90,\"caption\":\"Salve d.o.o.\"},\"image\":{\"@id\":\"https:\/\/www.salve.si\/#\/schema\/logo\/image\/\"},\"sameAs\":[\"https:\/\/www.facebook.com\/salve.si\",\"https:\/\/www.instagram.com\/zalozbasalve\/\",\"https:\/\/www.linkedin.com\/company\/zalozba-salve\/\"]}]}<\/script>\n<!-- \/ Yoast SEO plugin. -->","yoast_head_json":{"title":"Sanje treh libanonskih ceder - Salve","robots":{"index":"index","follow":"follow","max-snippet":"max-snippet:-1","max-image-preview":"max-image-preview:large","max-video-preview":"max-video-preview:-1"},"canonical":"https:\/\/www.salve.si\/en\/trgovina\/knjige\/sanje-treh-libanonskih-ceder\/","og_locale":"en_US","og_type":"article","og_title":"Sanje treh libanonskih ceder - Salve","og_description":"Razprodano.","og_url":"https:\/\/www.salve.si\/en\/trgovina\/knjige\/sanje-treh-libanonskih-ceder\/","og_site_name":"Salve","article_publisher":"https:\/\/www.facebook.com\/salve.si","article_modified_time":"2018-09-12T13:54:29+00:00","og_image":[{"width":295,"height":427,"url":"https:\/\/www.salve.si\/wp-content\/uploads\/2018\/03\/9379a7f8f00c9f867a3ed67a4088b988.jpg","type":"image\/jpeg"}],"twitter_card":"summary_large_image","schema":{"@context":"https:\/\/schema.org","@graph":[{"@type":"WebPage","@id":"https:\/\/www.salve.si\/trgovina\/knjige\/sanje-treh-libanonskih-ceder\/","url":"https:\/\/www.salve.si\/trgovina\/knjige\/sanje-treh-libanonskih-ceder\/","name":"Sanje treh libanonskih ceder - Salve","isPartOf":{"@id":"https:\/\/www.salve.si\/#website"},"primaryImageOfPage":{"@id":"https:\/\/www.salve.si\/trgovina\/knjige\/sanje-treh-libanonskih-ceder\/#primaryimage"},"image":{"@id":"https:\/\/www.salve.si\/trgovina\/knjige\/sanje-treh-libanonskih-ceder\/#primaryimage"},"thumbnailUrl":"https:\/\/www.salve.si\/wp-content\/uploads\/2018\/03\/9379a7f8f00c9f867a3ed67a4088b988.jpg","datePublished":"2005-11-22T09:00:39+00:00","dateModified":"2018-09-12T13:54:29+00:00","breadcrumb":{"@id":"https:\/\/www.salve.si\/trgovina\/knjige\/sanje-treh-libanonskih-ceder\/#breadcrumb"},"inLanguage":"en-US","potentialAction":[{"@type":"ReadAction","target":["https:\/\/www.salve.si\/trgovina\/knjige\/sanje-treh-libanonskih-ceder\/"]}]},{"@type":"ImageObject","inLanguage":"en-US","@id":"https:\/\/www.salve.si\/trgovina\/knjige\/sanje-treh-libanonskih-ceder\/#primaryimage","url":"https:\/\/www.salve.si\/wp-content\/uploads\/2018\/03\/9379a7f8f00c9f867a3ed67a4088b988.jpg","contentUrl":"https:\/\/www.salve.si\/wp-content\/uploads\/2018\/03\/9379a7f8f00c9f867a3ed67a4088b988.jpg","width":295,"height":427},{"@type":"BreadcrumbList","@id":"https:\/\/www.salve.si\/trgovina\/knjige\/sanje-treh-libanonskih-ceder\/#breadcrumb","itemListElement":[{"@type":"ListItem","position":1,"name":"Home","item":"https:\/\/www.salve.si\/"},{"@type":"ListItem","position":2,"name":"Trgovina","item":"https:\/\/www.salve.si\/trgovina\/"},{"@type":"ListItem","position":3,"name":"Sanje treh libanonskih ceder"}]},{"@type":"WebSite","@id":"https:\/\/www.salve.si\/#website","url":"https:\/\/www.salve.si\/","name":"Salve","description":"Salezijanska zalo\u017eba","publisher":{"@id":"https:\/\/www.salve.si\/#organization"},"potentialAction":[{"@type":"SearchAction","target":{"@type":"EntryPoint","urlTemplate":"https:\/\/www.salve.si\/?s={search_term_string}"},"query-input":{"@type":"PropertyValueSpecification","valueRequired":true,"valueName":"search_term_string"}}],"inLanguage":"en-US"},{"@type":"Organization","@id":"https:\/\/www.salve.si\/#organization","name":"Salve d.o.o.","url":"https:\/\/www.salve.si\/","logo":{"@type":"ImageObject","inLanguage":"en-US","@id":"https:\/\/www.salve.si\/#\/schema\/logo\/image\/","url":"https:\/\/www.salve.si\/wp-content\/uploads\/2021\/01\/Salve_logo_modri_nov_web.png","contentUrl":"https:\/\/www.salve.si\/wp-content\/uploads\/2021\/01\/Salve_logo_modri_nov_web.png","width":279,"height":90,"caption":"Salve d.o.o."},"image":{"@id":"https:\/\/www.salve.si\/#\/schema\/logo\/image\/"},"sameAs":["https:\/\/www.facebook.com\/salve.si","https:\/\/www.instagram.com\/zalozbasalve\/","https:\/\/www.linkedin.com\/company\/zalozba-salve\/"]}]}},"_links":{"self":[{"href":"https:\/\/www.salve.si\/en\/wp-json\/wp\/v2\/product\/2457","targetHints":{"allow":["GET"]}}],"collection":[{"href":"https:\/\/www.salve.si\/en\/wp-json\/wp\/v2\/product"}],"about":[{"href":"https:\/\/www.salve.si\/en\/wp-json\/wp\/v2\/types\/product"}],"version-history":[{"count":0,"href":"https:\/\/www.salve.si\/en\/wp-json\/wp\/v2\/product\/2457\/revisions"}],"wp:featuredmedia":[{"embeddable":true,"href":"https:\/\/www.salve.si\/en\/wp-json\/wp\/v2\/media\/2458"}],"wp:attachment":[{"href":"https:\/\/www.salve.si\/en\/wp-json\/wp\/v2\/media?parent=2457"}],"wp:term":[{"taxonomy":"product_cat","embeddable":true,"href":"https:\/\/www.salve.si\/en\/wp-json\/wp\/v2\/product_cat?post=2457"},{"taxonomy":"product_tag","embeddable":true,"href":"https:\/\/www.salve.si\/en\/wp-json\/wp\/v2\/product_tag?post=2457"}],"curies":[{"name":"wp","href":"https:\/\/api.w.org\/{rel}","templated":true}]}}