{"id":2451,"date":"2005-11-22T10:00:34","date_gmt":"2005-11-22T09:00:34","guid":{"rendered":"http:\/\/2018.salve.si\/?post_type=product&#038;p=2451"},"modified":"2022-11-01T00:00:38","modified_gmt":"2022-10-31T23:00:38","slug":"mavricno-cerkveno-leto","status":"publish","type":"product","link":"https:\/\/www.salve.si\/en\/trgovina\/knjige\/otroske\/mavricno-cerkveno-leto\/","title":{"rendered":"Mavri\u010dno cerkveno leto"},"content":{"rendered":"<p>Otroci radi praznujejo. Osebnih in drugih praznikov je \u010dez leto veliko. Cerkveno leto nas vodi od za\u010detkov, od rojstva preko trpljenja in smrti do kon\u010dnega poveli\u010danja Kristusa, ki je pred nami prehodil pot. Z besedili in ilustracijami avtorji pomagajo otrokom pri uvajanju v odre\u0161enjski krog na\u0161ega \u017eivljenja.<span class=\"slv-content-keywords\"> Esther Hebert Gesa Rensmann Otro\u0161ke Martina \u0160pinkova <\/span><\/p>","protected":false},"excerpt":{"rendered":"<p>Otroci radi praznujejo. Osebnih in drugih praznikov je \u010dez leto veliko. Cerkveno leto nas vodi od za\u010detkov, od rojstva preko trpljenja in smrti do kon\u010dnega poveli\u010danja Kristusa, ki je pred nami prehodil pot. Z besedili in ilustracijami avtorji pomagajo otrokom pri uvajanju v odre\u0161enjski krog na\u0161ega \u017eivljenja. Esther Hebert Gesa Rensmann Otro\u0161ke Martina \u0160pinkova<\/p>","protected":false},"featured_media":2452,"template":"","meta":{"_acf_changed":false,"footnotes":""},"product_cat":[310],"product_tag":[],"class_list":{"0":"post-2451","1":"product","2":"type-product","3":"status-publish","4":"has-post-thumbnail","6":"authors-esther-hebert","7":"authors-gesa-rensmann","8":"publisher-salve-d-o-o-ljubljana","9":"product_cat-otroske","11":"first","12":"instock","13":"shipping-taxable","14":"purchasable","15":"product-type-simple"},"acf":[],"yoast_head":"<!-- This site is optimized with the Yoast SEO plugin v23.8 - https:\/\/yoast.com\/wordpress\/plugins\/seo\/ -->\n<title>Mavri\u010dno cerkveno leto - Salve<\/title>\n<meta name=\"robots\" content=\"index, follow, max-snippet:-1, max-image-preview:large, max-video-preview:-1\" \/>\n<link rel=\"canonical\" href=\"https:\/\/www.salve.si\/en\/trgovina\/knjige\/otroske\/mavricno-cerkveno-leto\/\" \/>\n<meta property=\"og:locale\" content=\"en_US\" \/>\n<meta property=\"og:type\" content=\"article\" \/>\n<meta property=\"og:title\" content=\"Mavri\u010dno cerkveno leto - Salve\" \/>\n<meta property=\"og:description\" content=\"Otroci radi praznujejo. Osebnih in drugih praznikov je \u010dez leto veliko. Cerkveno leto nas vodi od za\u010detkov, od rojstva preko trpljenja in smrti do kon\u010dnega poveli\u010danja Kristusa, ki je pred nami prehodil pot. Z besedili in ilustracijami avtorji pomagajo otrokom pri uvajanju v odre\u0161enjski krog na\u0161ega \u017eivljenja. Esther Hebert Gesa Rensmann Otro\u0161ke Martina \u0160pinkova\" \/>\n<meta property=\"og:url\" content=\"https:\/\/www.salve.si\/en\/trgovina\/knjige\/otroske\/mavricno-cerkveno-leto\/\" \/>\n<meta property=\"og:site_name\" content=\"Salve\" \/>\n<meta property=\"article:publisher\" content=\"https:\/\/www.facebook.com\/salve.si\" \/>\n<meta property=\"article:modified_time\" content=\"2022-10-31T23:00:38+00:00\" \/>\n<meta property=\"og:image\" content=\"https:\/\/www.salve.si\/wp-content\/uploads\/2018\/03\/ddd56ed9ba37fdc0fccf82d14d0527ea.jpg\" \/>\n\t<meta property=\"og:image:width\" content=\"295\" \/>\n\t<meta property=\"og:image:height\" content=\"387\" \/>\n\t<meta property=\"og:image:type\" content=\"image\/jpeg\" \/>\n<meta name=\"twitter:card\" content=\"summary_large_image\" \/>\n<script type=\"application\/ld+json\" class=\"yoast-schema-graph\">{\"@context\":\"https:\/\/schema.org\",\"@graph\":[{\"@type\":\"WebPage\",\"@id\":\"https:\/\/www.salve.si\/trgovina\/knjige\/otroske\/mavricno-cerkveno-leto\/\",\"url\":\"https:\/\/www.salve.si\/trgovina\/knjige\/otroske\/mavricno-cerkveno-leto\/\",\"name\":\"Mavri\u010dno cerkveno leto - Salve\",\"isPartOf\":{\"@id\":\"https:\/\/www.salve.si\/#website\"},\"primaryImageOfPage\":{\"@id\":\"https:\/\/www.salve.si\/trgovina\/knjige\/otroske\/mavricno-cerkveno-leto\/#primaryimage\"},\"image\":{\"@id\":\"https:\/\/www.salve.si\/trgovina\/knjige\/otroske\/mavricno-cerkveno-leto\/#primaryimage\"},\"thumbnailUrl\":\"https:\/\/www.salve.si\/wp-content\/uploads\/2018\/03\/ddd56ed9ba37fdc0fccf82d14d0527ea.jpg\",\"datePublished\":\"2005-11-22T09:00:34+00:00\",\"dateModified\":\"2022-10-31T23:00:38+00:00\",\"breadcrumb\":{\"@id\":\"https:\/\/www.salve.si\/trgovina\/knjige\/otroske\/mavricno-cerkveno-leto\/#breadcrumb\"},\"inLanguage\":\"en-US\",\"potentialAction\":[{\"@type\":\"ReadAction\",\"target\":[\"https:\/\/www.salve.si\/trgovina\/knjige\/otroske\/mavricno-cerkveno-leto\/\"]}]},{\"@type\":\"ImageObject\",\"inLanguage\":\"en-US\",\"@id\":\"https:\/\/www.salve.si\/trgovina\/knjige\/otroske\/mavricno-cerkveno-leto\/#primaryimage\",\"url\":\"https:\/\/www.salve.si\/wp-content\/uploads\/2018\/03\/ddd56ed9ba37fdc0fccf82d14d0527ea.jpg\",\"contentUrl\":\"https:\/\/www.salve.si\/wp-content\/uploads\/2018\/03\/ddd56ed9ba37fdc0fccf82d14d0527ea.jpg\",\"width\":295,\"height\":387},{\"@type\":\"BreadcrumbList\",\"@id\":\"https:\/\/www.salve.si\/trgovina\/knjige\/otroske\/mavricno-cerkveno-leto\/#breadcrumb\",\"itemListElement\":[{\"@type\":\"ListItem\",\"position\":1,\"name\":\"Home\",\"item\":\"https:\/\/www.salve.si\/\"},{\"@type\":\"ListItem\",\"position\":2,\"name\":\"Trgovina\",\"item\":\"https:\/\/www.salve.si\/trgovina\/\"},{\"@type\":\"ListItem\",\"position\":3,\"name\":\"Mavri\u010dno cerkveno leto\"}]},{\"@type\":\"WebSite\",\"@id\":\"https:\/\/www.salve.si\/#website\",\"url\":\"https:\/\/www.salve.si\/\",\"name\":\"Salve\",\"description\":\"Salezijanska zalo\u017eba\",\"publisher\":{\"@id\":\"https:\/\/www.salve.si\/#organization\"},\"potentialAction\":[{\"@type\":\"SearchAction\",\"target\":{\"@type\":\"EntryPoint\",\"urlTemplate\":\"https:\/\/www.salve.si\/?s={search_term_string}\"},\"query-input\":{\"@type\":\"PropertyValueSpecification\",\"valueRequired\":true,\"valueName\":\"search_term_string\"}}],\"inLanguage\":\"en-US\"},{\"@type\":\"Organization\",\"@id\":\"https:\/\/www.salve.si\/#organization\",\"name\":\"Salve d.o.o.\",\"url\":\"https:\/\/www.salve.si\/\",\"logo\":{\"@type\":\"ImageObject\",\"inLanguage\":\"en-US\",\"@id\":\"https:\/\/www.salve.si\/#\/schema\/logo\/image\/\",\"url\":\"https:\/\/www.salve.si\/wp-content\/uploads\/2021\/01\/Salve_logo_modri_nov_web.png\",\"contentUrl\":\"https:\/\/www.salve.si\/wp-content\/uploads\/2021\/01\/Salve_logo_modri_nov_web.png\",\"width\":279,\"height\":90,\"caption\":\"Salve d.o.o.\"},\"image\":{\"@id\":\"https:\/\/www.salve.si\/#\/schema\/logo\/image\/\"},\"sameAs\":[\"https:\/\/www.facebook.com\/salve.si\",\"https:\/\/www.instagram.com\/zalozbasalve\/\",\"https:\/\/www.linkedin.com\/company\/zalozba-salve\/\"]}]}<\/script>\n<!-- \/ Yoast SEO plugin. -->","yoast_head_json":{"title":"Mavri\u010dno cerkveno leto - Salve","robots":{"index":"index","follow":"follow","max-snippet":"max-snippet:-1","max-image-preview":"max-image-preview:large","max-video-preview":"max-video-preview:-1"},"canonical":"https:\/\/www.salve.si\/en\/trgovina\/knjige\/otroske\/mavricno-cerkveno-leto\/","og_locale":"en_US","og_type":"article","og_title":"Mavri\u010dno cerkveno leto - Salve","og_description":"Otroci radi praznujejo. Osebnih in drugih praznikov je \u010dez leto veliko. Cerkveno leto nas vodi od za\u010detkov, od rojstva preko trpljenja in smrti do kon\u010dnega poveli\u010danja Kristusa, ki je pred nami prehodil pot. Z besedili in ilustracijami avtorji pomagajo otrokom pri uvajanju v odre\u0161enjski krog na\u0161ega \u017eivljenja. Esther Hebert Gesa Rensmann Otro\u0161ke Martina \u0160pinkova","og_url":"https:\/\/www.salve.si\/en\/trgovina\/knjige\/otroske\/mavricno-cerkveno-leto\/","og_site_name":"Salve","article_publisher":"https:\/\/www.facebook.com\/salve.si","article_modified_time":"2022-10-31T23:00:38+00:00","og_image":[{"width":295,"height":387,"url":"https:\/\/www.salve.si\/wp-content\/uploads\/2018\/03\/ddd56ed9ba37fdc0fccf82d14d0527ea.jpg","type":"image\/jpeg"}],"twitter_card":"summary_large_image","schema":{"@context":"https:\/\/schema.org","@graph":[{"@type":"WebPage","@id":"https:\/\/www.salve.si\/trgovina\/knjige\/otroske\/mavricno-cerkveno-leto\/","url":"https:\/\/www.salve.si\/trgovina\/knjige\/otroske\/mavricno-cerkveno-leto\/","name":"Mavri\u010dno cerkveno leto - Salve","isPartOf":{"@id":"https:\/\/www.salve.si\/#website"},"primaryImageOfPage":{"@id":"https:\/\/www.salve.si\/trgovina\/knjige\/otroske\/mavricno-cerkveno-leto\/#primaryimage"},"image":{"@id":"https:\/\/www.salve.si\/trgovina\/knjige\/otroske\/mavricno-cerkveno-leto\/#primaryimage"},"thumbnailUrl":"https:\/\/www.salve.si\/wp-content\/uploads\/2018\/03\/ddd56ed9ba37fdc0fccf82d14d0527ea.jpg","datePublished":"2005-11-22T09:00:34+00:00","dateModified":"2022-10-31T23:00:38+00:00","breadcrumb":{"@id":"https:\/\/www.salve.si\/trgovina\/knjige\/otroske\/mavricno-cerkveno-leto\/#breadcrumb"},"inLanguage":"en-US","potentialAction":[{"@type":"ReadAction","target":["https:\/\/www.salve.si\/trgovina\/knjige\/otroske\/mavricno-cerkveno-leto\/"]}]},{"@type":"ImageObject","inLanguage":"en-US","@id":"https:\/\/www.salve.si\/trgovina\/knjige\/otroske\/mavricno-cerkveno-leto\/#primaryimage","url":"https:\/\/www.salve.si\/wp-content\/uploads\/2018\/03\/ddd56ed9ba37fdc0fccf82d14d0527ea.jpg","contentUrl":"https:\/\/www.salve.si\/wp-content\/uploads\/2018\/03\/ddd56ed9ba37fdc0fccf82d14d0527ea.jpg","width":295,"height":387},{"@type":"BreadcrumbList","@id":"https:\/\/www.salve.si\/trgovina\/knjige\/otroske\/mavricno-cerkveno-leto\/#breadcrumb","itemListElement":[{"@type":"ListItem","position":1,"name":"Home","item":"https:\/\/www.salve.si\/"},{"@type":"ListItem","position":2,"name":"Trgovina","item":"https:\/\/www.salve.si\/trgovina\/"},{"@type":"ListItem","position":3,"name":"Mavri\u010dno cerkveno leto"}]},{"@type":"WebSite","@id":"https:\/\/www.salve.si\/#website","url":"https:\/\/www.salve.si\/","name":"Salve","description":"Salezijanska zalo\u017eba","publisher":{"@id":"https:\/\/www.salve.si\/#organization"},"potentialAction":[{"@type":"SearchAction","target":{"@type":"EntryPoint","urlTemplate":"https:\/\/www.salve.si\/?s={search_term_string}"},"query-input":{"@type":"PropertyValueSpecification","valueRequired":true,"valueName":"search_term_string"}}],"inLanguage":"en-US"},{"@type":"Organization","@id":"https:\/\/www.salve.si\/#organization","name":"Salve d.o.o.","url":"https:\/\/www.salve.si\/","logo":{"@type":"ImageObject","inLanguage":"en-US","@id":"https:\/\/www.salve.si\/#\/schema\/logo\/image\/","url":"https:\/\/www.salve.si\/wp-content\/uploads\/2021\/01\/Salve_logo_modri_nov_web.png","contentUrl":"https:\/\/www.salve.si\/wp-content\/uploads\/2021\/01\/Salve_logo_modri_nov_web.png","width":279,"height":90,"caption":"Salve d.o.o."},"image":{"@id":"https:\/\/www.salve.si\/#\/schema\/logo\/image\/"},"sameAs":["https:\/\/www.facebook.com\/salve.si","https:\/\/www.instagram.com\/zalozbasalve\/","https:\/\/www.linkedin.com\/company\/zalozba-salve\/"]}]}},"_links":{"self":[{"href":"https:\/\/www.salve.si\/en\/wp-json\/wp\/v2\/product\/2451","targetHints":{"allow":["GET"]}}],"collection":[{"href":"https:\/\/www.salve.si\/en\/wp-json\/wp\/v2\/product"}],"about":[{"href":"https:\/\/www.salve.si\/en\/wp-json\/wp\/v2\/types\/product"}],"version-history":[{"count":1,"href":"https:\/\/www.salve.si\/en\/wp-json\/wp\/v2\/product\/2451\/revisions"}],"predecessor-version":[{"id":16162,"href":"https:\/\/www.salve.si\/en\/wp-json\/wp\/v2\/product\/2451\/revisions\/16162"}],"wp:featuredmedia":[{"embeddable":true,"href":"https:\/\/www.salve.si\/en\/wp-json\/wp\/v2\/media\/2452"}],"wp:attachment":[{"href":"https:\/\/www.salve.si\/en\/wp-json\/wp\/v2\/media?parent=2451"}],"wp:term":[{"taxonomy":"product_cat","embeddable":true,"href":"https:\/\/www.salve.si\/en\/wp-json\/wp\/v2\/product_cat?post=2451"},{"taxonomy":"product_tag","embeddable":true,"href":"https:\/\/www.salve.si\/en\/wp-json\/wp\/v2\/product_tag?post=2451"}],"curies":[{"name":"wp","href":"https:\/\/api.w.org\/{rel}","templated":true}]}}