{"id":2304,"date":"2018-02-05T10:00:00","date_gmt":"2018-02-05T09:00:00","guid":{"rendered":"http:\/\/2018.salve.si\/?post_type=product&#038;p=2304"},"modified":"2020-02-11T19:06:57","modified_gmt":"2020-02-11T18:06:57","slug":"polet-srca","status":"publish","type":"product","link":"https:\/\/www.salve.si\/en\/trgovina\/knjige\/mladinske\/polet-srca\/","title":{"rendered":"Polet srca"},"content":{"rendered":"<p>&#8230; Brez zagrizene osebne priprave in molitve se duhovne vaje ne morejo dobro razviti. Zato v priro\u010dniku ni pretiranega stremljenja k popolnim re\u0161itvam in v vseh podrobnostih sistematiziranim tematikam. Pred vami so torej reciklirana in dopolnjena gradiva salezijanskih postnih duhovnih vaj ter Uskovni\u0161kih tednov, ki \u017eelijo biti ogrodje, od katerega boste lahko kaj zavrgli ali pa kaj dodali.&#8221; (Rok Kastelic, iz uvodne besede)<\/p>\n<p>Poleg zapisanega v priro\u010dniku so vam na voljo tudi <strong>gradiva<\/strong>, ki so na pripadajo\u010dem <strong>CD-ju<\/strong>. Tako boste lahko prihranili marsikak\u0161no urico pripravljanja materiala.<\/p>\n<p>&nbsp;<\/p>\n<p><span class=\"slv-content-keywords\"> Mladinske Priro\u010dniki Animatorji H\u010dere Marije Pomo\u010dnice Salezijanci Animator Duhovne vaje in sre\u010danja za mladino <\/span><\/p>","protected":false},"excerpt":{"rendered":"<p>&#8220;Priro\u010dnik \u017eeli biti le preprost pripomo\u010dek in spodbuda k va\u0161i domiselni pripravi duhovnih vaj ali sre\u010danja mladinske skupine. Zakaj preprost pripomo\u010dek? Zato, da se<br \/>\nne bi preve\u010d zana\u0161ali nanj &#8230;<\/p>","protected":false},"featured_media":2307,"template":"","meta":{"_acf_changed":false,"footnotes":""},"product_cat":[266,316],"product_tag":[],"class_list":{"0":"post-2304","1":"product","2":"type-product","3":"status-publish","4":"has-post-thumbnail","6":"zbirke-animator","7":"authors-animatorji","8":"authors-hcere-marije-pomocnice","9":"authors-salezijanci","10":"publisher-salve-d-o-o-ljubljana","11":"product_cat-mladinske","12":"product_cat-prirocniki","14":"first","15":"instock","16":"shipping-taxable","17":"purchasable","18":"product-type-simple"},"acf":[],"yoast_head":"<!-- This site is optimized with the Yoast SEO plugin v23.8 - https:\/\/yoast.com\/wordpress\/plugins\/seo\/ -->\n<title>Polet srca - Salve<\/title>\n<meta name=\"robots\" content=\"index, follow, max-snippet:-1, max-image-preview:large, max-video-preview:-1\" \/>\n<link rel=\"canonical\" href=\"https:\/\/www.salve.si\/en\/trgovina\/knjige\/mladinske\/polet-srca\/\" \/>\n<meta property=\"og:locale\" content=\"en_US\" \/>\n<meta property=\"og:type\" content=\"article\" \/>\n<meta property=\"og:title\" content=\"Polet srca - Salve\" \/>\n<meta property=\"og:description\" content=\"&quot;Priro\u010dnik \u017eeli biti le preprost pripomo\u010dek in spodbuda k va\u0161i domiselni pripravi duhovnih vaj ali sre\u010danja mladinske skupine. Zakaj preprost pripomo\u010dek? Zato, da se ne bi preve\u010d zana\u0161ali nanj ...\" \/>\n<meta property=\"og:url\" content=\"https:\/\/www.salve.si\/en\/trgovina\/knjige\/mladinske\/polet-srca\/\" \/>\n<meta property=\"og:site_name\" content=\"Salve\" \/>\n<meta property=\"article:publisher\" content=\"https:\/\/www.facebook.com\/salve.si\" \/>\n<meta property=\"article:modified_time\" content=\"2020-02-11T18:06:57+00:00\" \/>\n<meta property=\"og:image\" content=\"https:\/\/www.salve.si\/wp-content\/uploads\/2018\/02\/polet-srca_naslovnica.jpg\" \/>\n\t<meta property=\"og:image:width\" content=\"1948\" \/>\n\t<meta property=\"og:image:height\" content=\"2794\" \/>\n\t<meta property=\"og:image:type\" content=\"image\/jpeg\" \/>\n<meta name=\"twitter:card\" content=\"summary_large_image\" \/>\n<meta name=\"twitter:label1\" content=\"Est. reading time\" \/>\n\t<meta name=\"twitter:data1\" content=\"1 minute\" \/>\n<script type=\"application\/ld+json\" class=\"yoast-schema-graph\">{\"@context\":\"https:\/\/schema.org\",\"@graph\":[{\"@type\":\"WebPage\",\"@id\":\"https:\/\/www.salve.si\/trgovina\/knjige\/mladinske\/polet-srca\/\",\"url\":\"https:\/\/www.salve.si\/trgovina\/knjige\/mladinske\/polet-srca\/\",\"name\":\"Polet srca - Salve\",\"isPartOf\":{\"@id\":\"https:\/\/www.salve.si\/#website\"},\"primaryImageOfPage\":{\"@id\":\"https:\/\/www.salve.si\/trgovina\/knjige\/mladinske\/polet-srca\/#primaryimage\"},\"image\":{\"@id\":\"https:\/\/www.salve.si\/trgovina\/knjige\/mladinske\/polet-srca\/#primaryimage\"},\"thumbnailUrl\":\"https:\/\/www.salve.si\/wp-content\/uploads\/2018\/02\/polet-srca_naslovnica.jpg\",\"datePublished\":\"2018-02-05T09:00:00+00:00\",\"dateModified\":\"2020-02-11T18:06:57+00:00\",\"breadcrumb\":{\"@id\":\"https:\/\/www.salve.si\/trgovina\/knjige\/mladinske\/polet-srca\/#breadcrumb\"},\"inLanguage\":\"en-US\",\"potentialAction\":[{\"@type\":\"ReadAction\",\"target\":[\"https:\/\/www.salve.si\/trgovina\/knjige\/mladinske\/polet-srca\/\"]}]},{\"@type\":\"ImageObject\",\"inLanguage\":\"en-US\",\"@id\":\"https:\/\/www.salve.si\/trgovina\/knjige\/mladinske\/polet-srca\/#primaryimage\",\"url\":\"https:\/\/www.salve.si\/wp-content\/uploads\/2018\/02\/polet-srca_naslovnica.jpg\",\"contentUrl\":\"https:\/\/www.salve.si\/wp-content\/uploads\/2018\/02\/polet-srca_naslovnica.jpg\",\"width\":1948,\"height\":2794},{\"@type\":\"BreadcrumbList\",\"@id\":\"https:\/\/www.salve.si\/trgovina\/knjige\/mladinske\/polet-srca\/#breadcrumb\",\"itemListElement\":[{\"@type\":\"ListItem\",\"position\":1,\"name\":\"Home\",\"item\":\"https:\/\/www.salve.si\/\"},{\"@type\":\"ListItem\",\"position\":2,\"name\":\"Trgovina\",\"item\":\"https:\/\/www.salve.si\/trgovina\/\"},{\"@type\":\"ListItem\",\"position\":3,\"name\":\"Polet srca\"}]},{\"@type\":\"WebSite\",\"@id\":\"https:\/\/www.salve.si\/#website\",\"url\":\"https:\/\/www.salve.si\/\",\"name\":\"Salve\",\"description\":\"Salezijanska zalo\u017eba\",\"publisher\":{\"@id\":\"https:\/\/www.salve.si\/#organization\"},\"potentialAction\":[{\"@type\":\"SearchAction\",\"target\":{\"@type\":\"EntryPoint\",\"urlTemplate\":\"https:\/\/www.salve.si\/?s={search_term_string}\"},\"query-input\":{\"@type\":\"PropertyValueSpecification\",\"valueRequired\":true,\"valueName\":\"search_term_string\"}}],\"inLanguage\":\"en-US\"},{\"@type\":\"Organization\",\"@id\":\"https:\/\/www.salve.si\/#organization\",\"name\":\"Salve d.o.o.\",\"url\":\"https:\/\/www.salve.si\/\",\"logo\":{\"@type\":\"ImageObject\",\"inLanguage\":\"en-US\",\"@id\":\"https:\/\/www.salve.si\/#\/schema\/logo\/image\/\",\"url\":\"https:\/\/www.salve.si\/wp-content\/uploads\/2021\/01\/Salve_logo_modri_nov_web.png\",\"contentUrl\":\"https:\/\/www.salve.si\/wp-content\/uploads\/2021\/01\/Salve_logo_modri_nov_web.png\",\"width\":279,\"height\":90,\"caption\":\"Salve d.o.o.\"},\"image\":{\"@id\":\"https:\/\/www.salve.si\/#\/schema\/logo\/image\/\"},\"sameAs\":[\"https:\/\/www.facebook.com\/salve.si\",\"https:\/\/www.instagram.com\/zalozbasalve\/\",\"https:\/\/www.linkedin.com\/company\/zalozba-salve\/\"]}]}<\/script>\n<!-- \/ Yoast SEO plugin. -->","yoast_head_json":{"title":"Polet srca - Salve","robots":{"index":"index","follow":"follow","max-snippet":"max-snippet:-1","max-image-preview":"max-image-preview:large","max-video-preview":"max-video-preview:-1"},"canonical":"https:\/\/www.salve.si\/en\/trgovina\/knjige\/mladinske\/polet-srca\/","og_locale":"en_US","og_type":"article","og_title":"Polet srca - Salve","og_description":"\"Priro\u010dnik \u017eeli biti le preprost pripomo\u010dek in spodbuda k va\u0161i domiselni pripravi duhovnih vaj ali sre\u010danja mladinske skupine. Zakaj preprost pripomo\u010dek? Zato, da se ne bi preve\u010d zana\u0161ali nanj ...","og_url":"https:\/\/www.salve.si\/en\/trgovina\/knjige\/mladinske\/polet-srca\/","og_site_name":"Salve","article_publisher":"https:\/\/www.facebook.com\/salve.si","article_modified_time":"2020-02-11T18:06:57+00:00","og_image":[{"width":1948,"height":2794,"url":"https:\/\/www.salve.si\/wp-content\/uploads\/2018\/02\/polet-srca_naslovnica.jpg","type":"image\/jpeg"}],"twitter_card":"summary_large_image","twitter_misc":{"Est. reading time":"1 minute"},"schema":{"@context":"https:\/\/schema.org","@graph":[{"@type":"WebPage","@id":"https:\/\/www.salve.si\/trgovina\/knjige\/mladinske\/polet-srca\/","url":"https:\/\/www.salve.si\/trgovina\/knjige\/mladinske\/polet-srca\/","name":"Polet srca - Salve","isPartOf":{"@id":"https:\/\/www.salve.si\/#website"},"primaryImageOfPage":{"@id":"https:\/\/www.salve.si\/trgovina\/knjige\/mladinske\/polet-srca\/#primaryimage"},"image":{"@id":"https:\/\/www.salve.si\/trgovina\/knjige\/mladinske\/polet-srca\/#primaryimage"},"thumbnailUrl":"https:\/\/www.salve.si\/wp-content\/uploads\/2018\/02\/polet-srca_naslovnica.jpg","datePublished":"2018-02-05T09:00:00+00:00","dateModified":"2020-02-11T18:06:57+00:00","breadcrumb":{"@id":"https:\/\/www.salve.si\/trgovina\/knjige\/mladinske\/polet-srca\/#breadcrumb"},"inLanguage":"en-US","potentialAction":[{"@type":"ReadAction","target":["https:\/\/www.salve.si\/trgovina\/knjige\/mladinske\/polet-srca\/"]}]},{"@type":"ImageObject","inLanguage":"en-US","@id":"https:\/\/www.salve.si\/trgovina\/knjige\/mladinske\/polet-srca\/#primaryimage","url":"https:\/\/www.salve.si\/wp-content\/uploads\/2018\/02\/polet-srca_naslovnica.jpg","contentUrl":"https:\/\/www.salve.si\/wp-content\/uploads\/2018\/02\/polet-srca_naslovnica.jpg","width":1948,"height":2794},{"@type":"BreadcrumbList","@id":"https:\/\/www.salve.si\/trgovina\/knjige\/mladinske\/polet-srca\/#breadcrumb","itemListElement":[{"@type":"ListItem","position":1,"name":"Home","item":"https:\/\/www.salve.si\/"},{"@type":"ListItem","position":2,"name":"Trgovina","item":"https:\/\/www.salve.si\/trgovina\/"},{"@type":"ListItem","position":3,"name":"Polet srca"}]},{"@type":"WebSite","@id":"https:\/\/www.salve.si\/#website","url":"https:\/\/www.salve.si\/","name":"Salve","description":"Salezijanska zalo\u017eba","publisher":{"@id":"https:\/\/www.salve.si\/#organization"},"potentialAction":[{"@type":"SearchAction","target":{"@type":"EntryPoint","urlTemplate":"https:\/\/www.salve.si\/?s={search_term_string}"},"query-input":{"@type":"PropertyValueSpecification","valueRequired":true,"valueName":"search_term_string"}}],"inLanguage":"en-US"},{"@type":"Organization","@id":"https:\/\/www.salve.si\/#organization","name":"Salve d.o.o.","url":"https:\/\/www.salve.si\/","logo":{"@type":"ImageObject","inLanguage":"en-US","@id":"https:\/\/www.salve.si\/#\/schema\/logo\/image\/","url":"https:\/\/www.salve.si\/wp-content\/uploads\/2021\/01\/Salve_logo_modri_nov_web.png","contentUrl":"https:\/\/www.salve.si\/wp-content\/uploads\/2021\/01\/Salve_logo_modri_nov_web.png","width":279,"height":90,"caption":"Salve d.o.o."},"image":{"@id":"https:\/\/www.salve.si\/#\/schema\/logo\/image\/"},"sameAs":["https:\/\/www.facebook.com\/salve.si","https:\/\/www.instagram.com\/zalozbasalve\/","https:\/\/www.linkedin.com\/company\/zalozba-salve\/"]}]}},"_links":{"self":[{"href":"https:\/\/www.salve.si\/en\/wp-json\/wp\/v2\/product\/2304","targetHints":{"allow":["GET"]}}],"collection":[{"href":"https:\/\/www.salve.si\/en\/wp-json\/wp\/v2\/product"}],"about":[{"href":"https:\/\/www.salve.si\/en\/wp-json\/wp\/v2\/types\/product"}],"version-history":[{"count":1,"href":"https:\/\/www.salve.si\/en\/wp-json\/wp\/v2\/product\/2304\/revisions"}],"predecessor-version":[{"id":5646,"href":"https:\/\/www.salve.si\/en\/wp-json\/wp\/v2\/product\/2304\/revisions\/5646"}],"wp:featuredmedia":[{"embeddable":true,"href":"https:\/\/www.salve.si\/en\/wp-json\/wp\/v2\/media\/2307"}],"wp:attachment":[{"href":"https:\/\/www.salve.si\/en\/wp-json\/wp\/v2\/media?parent=2304"}],"wp:term":[{"taxonomy":"product_cat","embeddable":true,"href":"https:\/\/www.salve.si\/en\/wp-json\/wp\/v2\/product_cat?post=2304"},{"taxonomy":"product_tag","embeddable":true,"href":"https:\/\/www.salve.si\/en\/wp-json\/wp\/v2\/product_tag?post=2304"}],"curies":[{"name":"wp","href":"https:\/\/api.w.org\/{rel}","templated":true}]}}