{"id":2299,"date":"2018-02-12T10:00:32","date_gmt":"2018-02-12T09:00:32","guid":{"rendered":"http:\/\/2018.salve.si\/?post_type=product&#038;p=2299"},"modified":"2018-08-23T13:10:20","modified_gmt":"2018-08-23T11:10:20","slug":"skoci-ven","status":"publish","type":"product","link":"https:\/\/www.salve.si\/en\/trgovina\/knjige\/prirocniki\/skoci-ven\/","title":{"rendered":"Sko\u010di ven"},"content":{"rendered":"<p>&#8220;Zakaj naslov \u00bbSko\u010di ven\u00ab? Vabi nas, da prevetrimo in morda prese\u017eemo oz. \u00bbsko\u010dimo ven\u00ab iz ustaljenih pojmovanj zakramenta birme in ponovno premislimo, ne le kaj je birma, ampak predvsem KDO je birma v na\u0161em \u017eivljenju. V ospredju je odnos, prijateljstvo s Svetim Duhom, ki prek zakramenta birme potrjuje svojo ljubezen. Knjiga govori tudi o odra\u0161\u010danju, pri \u010demer smo star\u0161i povabljeni, da otrokom dopustimo, da \u00bbsko\u010dijo\u00ab iz na\u0161ih, v\u010dasih kar pretesnih objemov, hkrati pa jim stojimo ob strani in nanje kli\u010demo Bo\u017eji blagoslov. Ker na\u0161i mladostniki odra\u0161\u010dajo in se postopno oddaljujejo od nas, pa je zelo primerno, da imajo poleg nas, star\u0161ev, dobre birmanske botre. V tem tako ob\u010dutljivem obdobju botri odigrajo klju\u010dno vlogo pri usposabljanju za zrelo, odraslo \u017eivljenje, kamor sodi tudi duhovna dimenzija. Ob tem se nam na podlagi aktualnih vpra\u0161anj odpira ponoven premislek (\u00bbsko\u010di ven\u00ab) glede vloge in izbire birmanskih botrov. V zadnjem delu pa nas besedilo soo\u010da s \u0161e enim \u00bbsko\u010di ven\u00ab \u2013 z vpra\u0161anjem \u00bbosipa\u00ab po birmi.&#8221;<br \/>\n(iz uvodne besede Polone Vesel Mu\u0161i\u010d)<span class=\"slv-content-keywords\"> Birmanska pastorala Polona Vesel Mu\u0161i\u010d Priro\u010dniki Sveta birma <\/span><\/p>","protected":false},"excerpt":{"rendered":"<p>&#8220;Knjiga z izzivalnim naslovom &#8216;Sko\u010di ven&#8217; nam prina\u0161a osebno pri\u010devanje v povezavi s Svetim Duhom, zakramentom birme in aktualnimi vpra\u0161anji glede odra\u0161\u010danja, starosti birmancev, botrstva in \u017eivljenja po birmi &#8230;&#8221;<\/p>","protected":false},"featured_media":2381,"template":"","meta":{"_acf_changed":false,"footnotes":""},"product_cat":[316],"product_tag":[342],"class_list":{"0":"post-2299","1":"product","2":"type-product","3":"status-publish","4":"has-post-thumbnail","6":"zbirke-birmanska-pastorala","7":"authors-polona-vesel-music","8":"publisher-salve-d-o-o-ljubljana","9":"product_cat-prirocniki","10":"product_tag-sveta-birma","12":"first","13":"instock","14":"shipping-taxable","15":"purchasable","16":"product-type-simple"},"acf":[],"yoast_head":"<!-- This site is optimized with the Yoast SEO plugin v23.8 - https:\/\/yoast.com\/wordpress\/plugins\/seo\/ -->\n<title>Sko\u010di ven - Salve<\/title>\n<meta name=\"robots\" content=\"index, follow, max-snippet:-1, max-image-preview:large, max-video-preview:-1\" \/>\n<link rel=\"canonical\" href=\"https:\/\/www.salve.si\/en\/trgovina\/knjige\/prirocniki\/skoci-ven\/\" \/>\n<meta property=\"og:locale\" content=\"en_US\" \/>\n<meta property=\"og:type\" content=\"article\" \/>\n<meta property=\"og:title\" content=\"Sko\u010di ven - Salve\" \/>\n<meta property=\"og:description\" content=\"&quot;Knjiga z izzivalnim naslovom &#039;Sko\u010di ven&#039; nam prina\u0161a osebno pri\u010devanje v povezavi s Svetim Duhom, zakramentom birme in aktualnimi vpra\u0161anji glede odra\u0161\u010danja, starosti birmancev, botrstva in \u017eivljenja po birmi ...&quot;\" \/>\n<meta property=\"og:url\" content=\"https:\/\/www.salve.si\/en\/trgovina\/knjige\/prirocniki\/skoci-ven\/\" \/>\n<meta property=\"og:site_name\" content=\"Salve\" \/>\n<meta property=\"article:publisher\" content=\"https:\/\/www.facebook.com\/salve.si\" \/>\n<meta property=\"article:modified_time\" content=\"2018-08-23T11:10:20+00:00\" \/>\n<meta property=\"og:image\" content=\"https:\/\/www.salve.si\/wp-content\/uploads\/revslider\/salve-doma\/skoci-ven_naslovnica.jpg\" \/>\n\t<meta property=\"og:image:width\" content=\"600\" \/>\n\t<meta property=\"og:image:height\" content=\"905\" \/>\n\t<meta property=\"og:image:type\" content=\"image\/jpeg\" \/>\n<meta name=\"twitter:card\" content=\"summary_large_image\" \/>\n<meta name=\"twitter:label1\" content=\"Est. reading time\" \/>\n\t<meta name=\"twitter:data1\" content=\"1 minute\" \/>\n<script type=\"application\/ld+json\" class=\"yoast-schema-graph\">{\"@context\":\"https:\/\/schema.org\",\"@graph\":[{\"@type\":\"WebPage\",\"@id\":\"https:\/\/www.salve.si\/trgovina\/knjige\/prirocniki\/skoci-ven\/\",\"url\":\"https:\/\/www.salve.si\/trgovina\/knjige\/prirocniki\/skoci-ven\/\",\"name\":\"Sko\u010di ven - Salve\",\"isPartOf\":{\"@id\":\"https:\/\/www.salve.si\/#website\"},\"primaryImageOfPage\":{\"@id\":\"https:\/\/www.salve.si\/trgovina\/knjige\/prirocniki\/skoci-ven\/#primaryimage\"},\"image\":{\"@id\":\"https:\/\/www.salve.si\/trgovina\/knjige\/prirocniki\/skoci-ven\/#primaryimage\"},\"thumbnailUrl\":\"https:\/\/www.salve.si\/wp-content\/uploads\/revslider\/salve-doma\/skoci-ven_naslovnica.jpg\",\"datePublished\":\"2018-02-12T09:00:32+00:00\",\"dateModified\":\"2018-08-23T11:10:20+00:00\",\"breadcrumb\":{\"@id\":\"https:\/\/www.salve.si\/trgovina\/knjige\/prirocniki\/skoci-ven\/#breadcrumb\"},\"inLanguage\":\"en-US\",\"potentialAction\":[{\"@type\":\"ReadAction\",\"target\":[\"https:\/\/www.salve.si\/trgovina\/knjige\/prirocniki\/skoci-ven\/\"]}]},{\"@type\":\"ImageObject\",\"inLanguage\":\"en-US\",\"@id\":\"https:\/\/www.salve.si\/trgovina\/knjige\/prirocniki\/skoci-ven\/#primaryimage\",\"url\":\"https:\/\/www.salve.si\/wp-content\/uploads\/revslider\/salve-doma\/skoci-ven_naslovnica.jpg\",\"contentUrl\":\"https:\/\/www.salve.si\/wp-content\/uploads\/revslider\/salve-doma\/skoci-ven_naslovnica.jpg\",\"width\":600,\"height\":905},{\"@type\":\"BreadcrumbList\",\"@id\":\"https:\/\/www.salve.si\/trgovina\/knjige\/prirocniki\/skoci-ven\/#breadcrumb\",\"itemListElement\":[{\"@type\":\"ListItem\",\"position\":1,\"name\":\"Home\",\"item\":\"https:\/\/www.salve.si\/\"},{\"@type\":\"ListItem\",\"position\":2,\"name\":\"Trgovina\",\"item\":\"https:\/\/www.salve.si\/trgovina\/\"},{\"@type\":\"ListItem\",\"position\":3,\"name\":\"Sko\u010di ven\"}]},{\"@type\":\"WebSite\",\"@id\":\"https:\/\/www.salve.si\/#website\",\"url\":\"https:\/\/www.salve.si\/\",\"name\":\"Salve\",\"description\":\"Salezijanska zalo\u017eba\",\"publisher\":{\"@id\":\"https:\/\/www.salve.si\/#organization\"},\"potentialAction\":[{\"@type\":\"SearchAction\",\"target\":{\"@type\":\"EntryPoint\",\"urlTemplate\":\"https:\/\/www.salve.si\/?s={search_term_string}\"},\"query-input\":{\"@type\":\"PropertyValueSpecification\",\"valueRequired\":true,\"valueName\":\"search_term_string\"}}],\"inLanguage\":\"en-US\"},{\"@type\":\"Organization\",\"@id\":\"https:\/\/www.salve.si\/#organization\",\"name\":\"Salve d.o.o.\",\"url\":\"https:\/\/www.salve.si\/\",\"logo\":{\"@type\":\"ImageObject\",\"inLanguage\":\"en-US\",\"@id\":\"https:\/\/www.salve.si\/#\/schema\/logo\/image\/\",\"url\":\"https:\/\/www.salve.si\/wp-content\/uploads\/2021\/01\/Salve_logo_modri_nov_web.png\",\"contentUrl\":\"https:\/\/www.salve.si\/wp-content\/uploads\/2021\/01\/Salve_logo_modri_nov_web.png\",\"width\":279,\"height\":90,\"caption\":\"Salve d.o.o.\"},\"image\":{\"@id\":\"https:\/\/www.salve.si\/#\/schema\/logo\/image\/\"},\"sameAs\":[\"https:\/\/www.facebook.com\/salve.si\",\"https:\/\/www.instagram.com\/zalozbasalve\/\",\"https:\/\/www.linkedin.com\/company\/zalozba-salve\/\"]}]}<\/script>\n<!-- \/ Yoast SEO plugin. -->","yoast_head_json":{"title":"Sko\u010di ven - Salve","robots":{"index":"index","follow":"follow","max-snippet":"max-snippet:-1","max-image-preview":"max-image-preview:large","max-video-preview":"max-video-preview:-1"},"canonical":"https:\/\/www.salve.si\/en\/trgovina\/knjige\/prirocniki\/skoci-ven\/","og_locale":"en_US","og_type":"article","og_title":"Sko\u010di ven - Salve","og_description":"\"Knjiga z izzivalnim naslovom 'Sko\u010di ven' nam prina\u0161a osebno pri\u010devanje v povezavi s Svetim Duhom, zakramentom birme in aktualnimi vpra\u0161anji glede odra\u0161\u010danja, starosti birmancev, botrstva in \u017eivljenja po birmi ...\"","og_url":"https:\/\/www.salve.si\/en\/trgovina\/knjige\/prirocniki\/skoci-ven\/","og_site_name":"Salve","article_publisher":"https:\/\/www.facebook.com\/salve.si","article_modified_time":"2018-08-23T11:10:20+00:00","og_image":[{"width":600,"height":905,"url":"https:\/\/www.salve.si\/wp-content\/uploads\/revslider\/salve-doma\/skoci-ven_naslovnica.jpg","type":"image\/jpeg"}],"twitter_card":"summary_large_image","twitter_misc":{"Est. reading time":"1 minute"},"schema":{"@context":"https:\/\/schema.org","@graph":[{"@type":"WebPage","@id":"https:\/\/www.salve.si\/trgovina\/knjige\/prirocniki\/skoci-ven\/","url":"https:\/\/www.salve.si\/trgovina\/knjige\/prirocniki\/skoci-ven\/","name":"Sko\u010di ven - Salve","isPartOf":{"@id":"https:\/\/www.salve.si\/#website"},"primaryImageOfPage":{"@id":"https:\/\/www.salve.si\/trgovina\/knjige\/prirocniki\/skoci-ven\/#primaryimage"},"image":{"@id":"https:\/\/www.salve.si\/trgovina\/knjige\/prirocniki\/skoci-ven\/#primaryimage"},"thumbnailUrl":"https:\/\/www.salve.si\/wp-content\/uploads\/revslider\/salve-doma\/skoci-ven_naslovnica.jpg","datePublished":"2018-02-12T09:00:32+00:00","dateModified":"2018-08-23T11:10:20+00:00","breadcrumb":{"@id":"https:\/\/www.salve.si\/trgovina\/knjige\/prirocniki\/skoci-ven\/#breadcrumb"},"inLanguage":"en-US","potentialAction":[{"@type":"ReadAction","target":["https:\/\/www.salve.si\/trgovina\/knjige\/prirocniki\/skoci-ven\/"]}]},{"@type":"ImageObject","inLanguage":"en-US","@id":"https:\/\/www.salve.si\/trgovina\/knjige\/prirocniki\/skoci-ven\/#primaryimage","url":"https:\/\/www.salve.si\/wp-content\/uploads\/revslider\/salve-doma\/skoci-ven_naslovnica.jpg","contentUrl":"https:\/\/www.salve.si\/wp-content\/uploads\/revslider\/salve-doma\/skoci-ven_naslovnica.jpg","width":600,"height":905},{"@type":"BreadcrumbList","@id":"https:\/\/www.salve.si\/trgovina\/knjige\/prirocniki\/skoci-ven\/#breadcrumb","itemListElement":[{"@type":"ListItem","position":1,"name":"Home","item":"https:\/\/www.salve.si\/"},{"@type":"ListItem","position":2,"name":"Trgovina","item":"https:\/\/www.salve.si\/trgovina\/"},{"@type":"ListItem","position":3,"name":"Sko\u010di ven"}]},{"@type":"WebSite","@id":"https:\/\/www.salve.si\/#website","url":"https:\/\/www.salve.si\/","name":"Salve","description":"Salezijanska zalo\u017eba","publisher":{"@id":"https:\/\/www.salve.si\/#organization"},"potentialAction":[{"@type":"SearchAction","target":{"@type":"EntryPoint","urlTemplate":"https:\/\/www.salve.si\/?s={search_term_string}"},"query-input":{"@type":"PropertyValueSpecification","valueRequired":true,"valueName":"search_term_string"}}],"inLanguage":"en-US"},{"@type":"Organization","@id":"https:\/\/www.salve.si\/#organization","name":"Salve d.o.o.","url":"https:\/\/www.salve.si\/","logo":{"@type":"ImageObject","inLanguage":"en-US","@id":"https:\/\/www.salve.si\/#\/schema\/logo\/image\/","url":"https:\/\/www.salve.si\/wp-content\/uploads\/2021\/01\/Salve_logo_modri_nov_web.png","contentUrl":"https:\/\/www.salve.si\/wp-content\/uploads\/2021\/01\/Salve_logo_modri_nov_web.png","width":279,"height":90,"caption":"Salve d.o.o."},"image":{"@id":"https:\/\/www.salve.si\/#\/schema\/logo\/image\/"},"sameAs":["https:\/\/www.facebook.com\/salve.si","https:\/\/www.instagram.com\/zalozbasalve\/","https:\/\/www.linkedin.com\/company\/zalozba-salve\/"]}]}},"_links":{"self":[{"href":"https:\/\/www.salve.si\/en\/wp-json\/wp\/v2\/product\/2299","targetHints":{"allow":["GET"]}}],"collection":[{"href":"https:\/\/www.salve.si\/en\/wp-json\/wp\/v2\/product"}],"about":[{"href":"https:\/\/www.salve.si\/en\/wp-json\/wp\/v2\/types\/product"}],"version-history":[{"count":0,"href":"https:\/\/www.salve.si\/en\/wp-json\/wp\/v2\/product\/2299\/revisions"}],"wp:featuredmedia":[{"embeddable":true,"href":"https:\/\/www.salve.si\/en\/wp-json\/wp\/v2\/media\/2381"}],"wp:attachment":[{"href":"https:\/\/www.salve.si\/en\/wp-json\/wp\/v2\/media?parent=2299"}],"wp:term":[{"taxonomy":"product_cat","embeddable":true,"href":"https:\/\/www.salve.si\/en\/wp-json\/wp\/v2\/product_cat?post=2299"},{"taxonomy":"product_tag","embeddable":true,"href":"https:\/\/www.salve.si\/en\/wp-json\/wp\/v2\/product_tag?post=2299"}],"curies":[{"name":"wp","href":"https:\/\/api.w.org\/{rel}","templated":true}]}}