{"id":21695,"date":"2026-05-13T07:56:09","date_gmt":"2026-05-13T05:56:09","guid":{"rendered":"https:\/\/www.salve.si\/?post_type=product&#038;p=21695"},"modified":"2026-05-13T07:56:09","modified_gmt":"2026-05-13T05:56:09","slug":"pametni-telefon","status":"publish","type":"product","link":"https:\/\/www.salve.si\/en\/trgovina\/knjige\/prirocniki\/pametni-telefon\/","title":{"rendered":"PAMETNI TELEFON"},"content":{"rendered":"<p>Pametni telefon predstavlja v rokah otrok vzgojni izziv. \u010ceprav predstavlja edinstveno prilo\u017enost za u\u010denje in komunikacijo, odpira tudi vrata v vzporedno resni\u010dnost, ki je star\u0161em pogosto nedostopna. To tvega, da se bodo otroci in mladostniki umaknili v \u00bbdrug\u00ab svet, kjer je vzgojna navzo\u010dnost odraslih izklju\u010dena, pravila je mogo\u010de zaobiti in dialog nadomestiti z virtualnimi interakcijami, kar ima posledice za rast, odnose in \u010dustveno dobro po\u010dutje. V raz\u0161irjeni izdaji Stefania Garassini jasno in celovito obravnava odvisnost, zdravje in prilo\u017enosti ter vodi pri obravnavanju tveganj in dru\u017ebenih pritiskov, povezanih z uporabo pametnih telefonov, in predlaga ustrezna pravila, ki jih je treba vzpostaviti doma in v \u0161oli.<\/p>\n<p>Pametni telefon obravnava \u0161tevilne vidike, od vpliva dru\u017ebenih medijev na oblikovanje osebnosti do spletne pornografije, od pomanjkanja spanca do motnje pomanjkanja pozornosti, od potrebe po geolokaciji otrok do pomena zaupanja. Okoli knjige se vije prava vas: morda je prav to tisto, zaradi \u010desar je tako zanimiva.<\/p>\n<p>&nbsp;<\/p>\n<p>O avtorici<\/p>\n<p>Stefania Garassini je mati treh h\u010dera, novinarka in predavateljica digitalnega novinarstva na Katoli\u0161ki univerzi v Milanu. Leta 1993 je ustanovila <em>Virtual<\/em>, prvo italijansko revijo o digitalni kulturi, danes pa ureja spletno stran www.orientaserie.it, namenjeno ocenjevanju televizijskih serij. Pi\u0161e za \u010dasopisa <em>Avvenire <\/em>[Prihodnost] in <em>Credere <\/em>[Verovati], je \u010dlanica upravnega odbora fundacije <em>Patti Digitali <\/em>[Digitalni dogovori] ter predsednica organizacije Aiart Milano. Je tudi avtorica knjige <em>Dizionario dei new media <\/em>[Slovar novih medijev] in urednica knjige <em>Clicco quindi educo <\/em>[Klikam torej vzgajam]. Pri zalo\u017ebi Ares je objavila knjigo <em>Lo schermo dei desideri <\/em>[Zaslon \u017eelja], v kateri ocenjuje televizijske serije z vzgojnega vidika. Poleg tega se dejavno ukvarja z osve\u0161\u010danjem o odgovorni rabi digitalnih tehnologij.<span class=\"slv-content-keywords\"> Knjige Priro\u010dniki mobilnik pametni telefon digitalne vsebine medijska vzgoja digitalna vzgoja otroci Mladostniki digitalni svet virtualni vplivi Stefania Garassini 12 razlogov, zakaj ga NE podariti otroku za prvo obhajilo \u2013 niti za birmo <\/span><\/p>","protected":false},"excerpt":{"rendered":"<p>Pametni telefon je danes skoraj obvezno darilo vdaj za prvo obhajilo. Vendar se le malokdo vpra\u0161a, ali je tako mo\u010dno orodje smiselno dati v roke 9- ali 10-letniku. Izbira prave starosti za podarjanje mobilnega telefona otroku je pomembna odlo\u010ditev, saj odpira vrata v nov, bogat in kompleksen svet, ki bo zavzel pomemben del \u017eivljenja tistih, ki ga uporabljajo. S kratkim, a dobro dokumentiranim vodnikom avtorica vabi vse star\u0161e, u\u010ditelje in vzgojitelje, naj skrbno pretehtajo razloge, zakaj je morda vredno s podarjanjem pametnega telefona \u010dakati dlje, kot nas prepri\u010dajo trg, moda in \u00bbdrugi\u00ab. Ne gre za demonizacijo orodja z izjemnim potencialom, ampak preprosto za to, da ga izkoristimo v polnosti. Na\u0161i otroci in tudi mi.<\/p>\n<p><em><strong>PREDVIDEN IZID KNJIGE: 22. 05. 2026<\/strong><\/em><\/p>","protected":false},"featured_media":21698,"template":"","meta":{"_acf_changed":false,"footnotes":""},"product_cat":[141,316],"product_tag":[1473,1471,1474,1472,1195,1469,757,1470,1180,1475],"class_list":{"0":"post-21695","1":"product","2":"type-product","3":"status-publish","4":"has-post-thumbnail","6":"authors-stefania-garassini","7":"publisher-salve-d-o-o-ljubljana","8":"product_cat-knjige","9":"product_cat-prirocniki","10":"product_tag-digitalna-vzgoja","11":"product_tag-digitalne-vsebine","12":"product_tag-digitalni-svet","13":"product_tag-medijska-vzgoja","14":"product_tag-mladostniki","15":"product_tag-mobilnik","16":"product_tag-otroci","17":"product_tag-pametni-telefon","18":"product_tag-prednarocila","19":"product_tag-virtualni-vplivi","21":"first","22":"instock","23":"sale","24":"shipping-taxable","25":"purchasable","26":"product-type-simple"},"acf":[],"yoast_head":"<!-- This site is optimized with the Yoast SEO plugin v23.8 - https:\/\/yoast.com\/wordpress\/plugins\/seo\/ -->\n<title>PAMETNI TELEFON - Salve<\/title>\n<meta name=\"robots\" content=\"index, follow, max-snippet:-1, max-image-preview:large, max-video-preview:-1\" \/>\n<link rel=\"canonical\" href=\"https:\/\/www.salve.si\/en\/trgovina\/knjige\/prirocniki\/pametni-telefon\/\" \/>\n<meta property=\"og:locale\" content=\"en_US\" \/>\n<meta property=\"og:type\" content=\"article\" \/>\n<meta property=\"og:title\" content=\"PAMETNI TELEFON - Salve\" \/>\n<meta property=\"og:description\" content=\"Pametni telefon je danes skoraj obvezno darilo vdaj za prvo obhajilo. Vendar se le malokdo vpra\u0161a, ali je tako mo\u010dno orodje smiselno dati v roke 9- ali 10-letniku. Izbira prave starosti za podarjanje mobilnega telefona otroku je pomembna odlo\u010ditev, saj odpira vrata v nov, bogat in kompleksen svet, ki bo zavzel pomemben del \u017eivljenja tistih, ki ga uporabljajo. S kratkim, a dobro dokumentiranim vodnikom avtorica vabi vse star\u0161e, u\u010ditelje in vzgojitelje, naj skrbno pretehtajo razloge, zakaj je morda vredno s podarjanjem pametnega telefona \u010dakati dlje, kot nas prepri\u010dajo trg, moda in \u00bbdrugi\u00ab. Ne gre za demonizacijo orodja z izjemnim potencialom, ampak preprosto za to, da ga izkoristimo v polnosti. Na\u0161i otroci in tudi mi.  PREDVIDEN IZID KNJIGE: 22. 05. 2026\" \/>\n<meta property=\"og:url\" content=\"https:\/\/www.salve.si\/en\/trgovina\/knjige\/prirocniki\/pametni-telefon\/\" \/>\n<meta property=\"og:site_name\" content=\"Salve\" \/>\n<meta property=\"article:publisher\" content=\"https:\/\/www.facebook.com\/salve.si\" \/>\n<meta property=\"og:image\" content=\"https:\/\/www.salve.si\/wp-content\/uploads\/2026\/05\/Garassini_Pametni-telefon-NASLOVNICA01-1.jpg\" \/>\n\t<meta property=\"og:image:width\" content=\"1308\" \/>\n\t<meta property=\"og:image:height\" content=\"2067\" \/>\n\t<meta property=\"og:image:type\" content=\"image\/jpeg\" \/>\n<meta name=\"twitter:card\" content=\"summary_large_image\" \/>\n<meta name=\"twitter:label1\" content=\"Est. reading time\" \/>\n\t<meta name=\"twitter:data1\" content=\"2 minutes\" \/>\n<script type=\"application\/ld+json\" class=\"yoast-schema-graph\">{\"@context\":\"https:\/\/schema.org\",\"@graph\":[{\"@type\":\"WebPage\",\"@id\":\"https:\/\/www.salve.si\/trgovina\/knjige\/prirocniki\/pametni-telefon\/\",\"url\":\"https:\/\/www.salve.si\/trgovina\/knjige\/prirocniki\/pametni-telefon\/\",\"name\":\"PAMETNI TELEFON - Salve\",\"isPartOf\":{\"@id\":\"https:\/\/www.salve.si\/#website\"},\"primaryImageOfPage\":{\"@id\":\"https:\/\/www.salve.si\/trgovina\/knjige\/prirocniki\/pametni-telefon\/#primaryimage\"},\"image\":{\"@id\":\"https:\/\/www.salve.si\/trgovina\/knjige\/prirocniki\/pametni-telefon\/#primaryimage\"},\"thumbnailUrl\":\"https:\/\/www.salve.si\/wp-content\/uploads\/2026\/05\/Garassini_Pametni-telefon-NASLOVNICA01-1.jpg\",\"datePublished\":\"2026-05-13T05:56:09+00:00\",\"dateModified\":\"2026-05-13T05:56:09+00:00\",\"breadcrumb\":{\"@id\":\"https:\/\/www.salve.si\/trgovina\/knjige\/prirocniki\/pametni-telefon\/#breadcrumb\"},\"inLanguage\":\"en-US\",\"potentialAction\":[{\"@type\":\"ReadAction\",\"target\":[\"https:\/\/www.salve.si\/trgovina\/knjige\/prirocniki\/pametni-telefon\/\"]}]},{\"@type\":\"ImageObject\",\"inLanguage\":\"en-US\",\"@id\":\"https:\/\/www.salve.si\/trgovina\/knjige\/prirocniki\/pametni-telefon\/#primaryimage\",\"url\":\"https:\/\/www.salve.si\/wp-content\/uploads\/2026\/05\/Garassini_Pametni-telefon-NASLOVNICA01-1.jpg\",\"contentUrl\":\"https:\/\/www.salve.si\/wp-content\/uploads\/2026\/05\/Garassini_Pametni-telefon-NASLOVNICA01-1.jpg\",\"width\":1308,\"height\":2067},{\"@type\":\"BreadcrumbList\",\"@id\":\"https:\/\/www.salve.si\/trgovina\/knjige\/prirocniki\/pametni-telefon\/#breadcrumb\",\"itemListElement\":[{\"@type\":\"ListItem\",\"position\":1,\"name\":\"Home\",\"item\":\"https:\/\/www.salve.si\/\"},{\"@type\":\"ListItem\",\"position\":2,\"name\":\"Trgovina\",\"item\":\"https:\/\/www.salve.si\/trgovina\/\"},{\"@type\":\"ListItem\",\"position\":3,\"name\":\"PAMETNI TELEFON\"}]},{\"@type\":\"WebSite\",\"@id\":\"https:\/\/www.salve.si\/#website\",\"url\":\"https:\/\/www.salve.si\/\",\"name\":\"Salve\",\"description\":\"Salezijanska zalo\u017eba\",\"publisher\":{\"@id\":\"https:\/\/www.salve.si\/#organization\"},\"potentialAction\":[{\"@type\":\"SearchAction\",\"target\":{\"@type\":\"EntryPoint\",\"urlTemplate\":\"https:\/\/www.salve.si\/?s={search_term_string}\"},\"query-input\":{\"@type\":\"PropertyValueSpecification\",\"valueRequired\":true,\"valueName\":\"search_term_string\"}}],\"inLanguage\":\"en-US\"},{\"@type\":\"Organization\",\"@id\":\"https:\/\/www.salve.si\/#organization\",\"name\":\"Salve d.o.o.\",\"url\":\"https:\/\/www.salve.si\/\",\"logo\":{\"@type\":\"ImageObject\",\"inLanguage\":\"en-US\",\"@id\":\"https:\/\/www.salve.si\/#\/schema\/logo\/image\/\",\"url\":\"https:\/\/www.salve.si\/wp-content\/uploads\/2021\/01\/Salve_logo_modri_nov_web.png\",\"contentUrl\":\"https:\/\/www.salve.si\/wp-content\/uploads\/2021\/01\/Salve_logo_modri_nov_web.png\",\"width\":279,\"height\":90,\"caption\":\"Salve d.o.o.\"},\"image\":{\"@id\":\"https:\/\/www.salve.si\/#\/schema\/logo\/image\/\"},\"sameAs\":[\"https:\/\/www.facebook.com\/salve.si\",\"https:\/\/www.instagram.com\/zalozbasalve\/\",\"https:\/\/www.linkedin.com\/company\/zalozba-salve\/\"]}]}<\/script>\n<!-- \/ Yoast SEO plugin. -->","yoast_head_json":{"title":"PAMETNI TELEFON - Salve","robots":{"index":"index","follow":"follow","max-snippet":"max-snippet:-1","max-image-preview":"max-image-preview:large","max-video-preview":"max-video-preview:-1"},"canonical":"https:\/\/www.salve.si\/en\/trgovina\/knjige\/prirocniki\/pametni-telefon\/","og_locale":"en_US","og_type":"article","og_title":"PAMETNI TELEFON - Salve","og_description":"Pametni telefon je danes skoraj obvezno darilo vdaj za prvo obhajilo. Vendar se le malokdo vpra\u0161a, ali je tako mo\u010dno orodje smiselno dati v roke 9- ali 10-letniku. Izbira prave starosti za podarjanje mobilnega telefona otroku je pomembna odlo\u010ditev, saj odpira vrata v nov, bogat in kompleksen svet, ki bo zavzel pomemben del \u017eivljenja tistih, ki ga uporabljajo. S kratkim, a dobro dokumentiranim vodnikom avtorica vabi vse star\u0161e, u\u010ditelje in vzgojitelje, naj skrbno pretehtajo razloge, zakaj je morda vredno s podarjanjem pametnega telefona \u010dakati dlje, kot nas prepri\u010dajo trg, moda in \u00bbdrugi\u00ab. Ne gre za demonizacijo orodja z izjemnim potencialom, ampak preprosto za to, da ga izkoristimo v polnosti. Na\u0161i otroci in tudi mi.  PREDVIDEN IZID KNJIGE: 22. 05. 2026","og_url":"https:\/\/www.salve.si\/en\/trgovina\/knjige\/prirocniki\/pametni-telefon\/","og_site_name":"Salve","article_publisher":"https:\/\/www.facebook.com\/salve.si","og_image":[{"width":1308,"height":2067,"url":"https:\/\/www.salve.si\/wp-content\/uploads\/2026\/05\/Garassini_Pametni-telefon-NASLOVNICA01-1.jpg","type":"image\/jpeg"}],"twitter_card":"summary_large_image","twitter_misc":{"Est. reading time":"2 minutes"},"schema":{"@context":"https:\/\/schema.org","@graph":[{"@type":"WebPage","@id":"https:\/\/www.salve.si\/trgovina\/knjige\/prirocniki\/pametni-telefon\/","url":"https:\/\/www.salve.si\/trgovina\/knjige\/prirocniki\/pametni-telefon\/","name":"PAMETNI TELEFON - Salve","isPartOf":{"@id":"https:\/\/www.salve.si\/#website"},"primaryImageOfPage":{"@id":"https:\/\/www.salve.si\/trgovina\/knjige\/prirocniki\/pametni-telefon\/#primaryimage"},"image":{"@id":"https:\/\/www.salve.si\/trgovina\/knjige\/prirocniki\/pametni-telefon\/#primaryimage"},"thumbnailUrl":"https:\/\/www.salve.si\/wp-content\/uploads\/2026\/05\/Garassini_Pametni-telefon-NASLOVNICA01-1.jpg","datePublished":"2026-05-13T05:56:09+00:00","dateModified":"2026-05-13T05:56:09+00:00","breadcrumb":{"@id":"https:\/\/www.salve.si\/trgovina\/knjige\/prirocniki\/pametni-telefon\/#breadcrumb"},"inLanguage":"en-US","potentialAction":[{"@type":"ReadAction","target":["https:\/\/www.salve.si\/trgovina\/knjige\/prirocniki\/pametni-telefon\/"]}]},{"@type":"ImageObject","inLanguage":"en-US","@id":"https:\/\/www.salve.si\/trgovina\/knjige\/prirocniki\/pametni-telefon\/#primaryimage","url":"https:\/\/www.salve.si\/wp-content\/uploads\/2026\/05\/Garassini_Pametni-telefon-NASLOVNICA01-1.jpg","contentUrl":"https:\/\/www.salve.si\/wp-content\/uploads\/2026\/05\/Garassini_Pametni-telefon-NASLOVNICA01-1.jpg","width":1308,"height":2067},{"@type":"BreadcrumbList","@id":"https:\/\/www.salve.si\/trgovina\/knjige\/prirocniki\/pametni-telefon\/#breadcrumb","itemListElement":[{"@type":"ListItem","position":1,"name":"Home","item":"https:\/\/www.salve.si\/"},{"@type":"ListItem","position":2,"name":"Trgovina","item":"https:\/\/www.salve.si\/trgovina\/"},{"@type":"ListItem","position":3,"name":"PAMETNI TELEFON"}]},{"@type":"WebSite","@id":"https:\/\/www.salve.si\/#website","url":"https:\/\/www.salve.si\/","name":"Salve","description":"Salezijanska zalo\u017eba","publisher":{"@id":"https:\/\/www.salve.si\/#organization"},"potentialAction":[{"@type":"SearchAction","target":{"@type":"EntryPoint","urlTemplate":"https:\/\/www.salve.si\/?s={search_term_string}"},"query-input":{"@type":"PropertyValueSpecification","valueRequired":true,"valueName":"search_term_string"}}],"inLanguage":"en-US"},{"@type":"Organization","@id":"https:\/\/www.salve.si\/#organization","name":"Salve d.o.o.","url":"https:\/\/www.salve.si\/","logo":{"@type":"ImageObject","inLanguage":"en-US","@id":"https:\/\/www.salve.si\/#\/schema\/logo\/image\/","url":"https:\/\/www.salve.si\/wp-content\/uploads\/2021\/01\/Salve_logo_modri_nov_web.png","contentUrl":"https:\/\/www.salve.si\/wp-content\/uploads\/2021\/01\/Salve_logo_modri_nov_web.png","width":279,"height":90,"caption":"Salve d.o.o."},"image":{"@id":"https:\/\/www.salve.si\/#\/schema\/logo\/image\/"},"sameAs":["https:\/\/www.facebook.com\/salve.si","https:\/\/www.instagram.com\/zalozbasalve\/","https:\/\/www.linkedin.com\/company\/zalozba-salve\/"]}]}},"_links":{"self":[{"href":"https:\/\/www.salve.si\/en\/wp-json\/wp\/v2\/product\/21695","targetHints":{"allow":["GET"]}}],"collection":[{"href":"https:\/\/www.salve.si\/en\/wp-json\/wp\/v2\/product"}],"about":[{"href":"https:\/\/www.salve.si\/en\/wp-json\/wp\/v2\/types\/product"}],"version-history":[{"count":1,"href":"https:\/\/www.salve.si\/en\/wp-json\/wp\/v2\/product\/21695\/revisions"}],"predecessor-version":[{"id":21699,"href":"https:\/\/www.salve.si\/en\/wp-json\/wp\/v2\/product\/21695\/revisions\/21699"}],"wp:featuredmedia":[{"embeddable":true,"href":"https:\/\/www.salve.si\/en\/wp-json\/wp\/v2\/media\/21698"}],"wp:attachment":[{"href":"https:\/\/www.salve.si\/en\/wp-json\/wp\/v2\/media?parent=21695"}],"wp:term":[{"taxonomy":"product_cat","embeddable":true,"href":"https:\/\/www.salve.si\/en\/wp-json\/wp\/v2\/product_cat?post=21695"},{"taxonomy":"product_tag","embeddable":true,"href":"https:\/\/www.salve.si\/en\/wp-json\/wp\/v2\/product_tag?post=21695"}],"curies":[{"name":"wp","href":"https:\/\/api.w.org\/{rel}","templated":true}]}}