{"id":21632,"date":"2026-04-23T08:16:09","date_gmt":"2026-04-23T06:16:09","guid":{"rendered":"https:\/\/www.salve.si\/?post_type=product&#038;p=21632"},"modified":"2026-04-23T08:16:09","modified_gmt":"2026-04-23T06:16:09","slug":"juda-prijatelj","status":"publish","type":"product","link":"https:\/\/www.salve.si\/en\/trgovina\/knjige\/teologija-in-duhovnost\/juda-prijatelj\/","title":{"rendered":"JUDA, PRIJATELJ"},"content":{"rendered":"<p>Knjiga se posve\u010da starodavnemu vpra\u0161anju: kako je Jezus ravnal z gre\u0161niki? Ali jih je zaradi njihovih grehov izklju\u010dil in rekel: niste vredni, da bi bil z vami v ob\u010destvu ali vi z menoj!? Najprej se morate spokoriti in spreobrniti!? Ali ni Jezus res tudi grozil? Da bodo vr\u017eeni v peklenski ogenj, kjer jih \u010daka Satan in njegovi angeli?<br \/>\nBiti kristjan pomeni \u00bb\u017eiveti \u017eivljenje, ki ustreza klicu, s katerim smo bili poklicani\u00ab, dan za dnem, od jutra do ve\u010dera. Le tako se lahko \u2013 tako kot Cerkev sama \u2013 sklicujemo na Jezusa Kristusa in njegov evangelij. Kaj pa se zgodi s tistim, ki z besedami sicer trdi, da je kristjan, a s svojim \u017eivljenjem ravna v nasprotju s tem? In to v temeljnih stvareh, ki so o\u010ditno v nasprotju z Jezusovim naukom? Ali v takih primerih on ali ona nima ve\u010d ob\u010destva, nima ve\u010d communia z Mesijo Jezusom? Ali pa morda ravna v nasprotju z Jezusovim naukom tudi tisti, ki ne odpu\u0161\u010da ve\u010d?<br \/>\nIn Juda kot prvi in zadnji izmed vseh gre\u0161nikov?<br \/>\nNad to knjigo lebdi, visoko nad nami in hkrati neposredno pred na\u0161imi o\u010dmi, podoba \u00bbDobrega pastirja iz V\u00e9zelaya\u00ab. On nese domov Juda, najve\u010djega med gre\u0161niki. Obstaja posebnost, ki jo je neznani kamnosek dodal svoji upodobitvi, edinstvena dragocenost, ki \u2013 kot se dozdeva avtorju \u2013 doslej \u0161e ni bila odkrita.<\/p>\n<p>\u00bbPrepri\u010dljiva, duhovna in tola\u017eilna knjiga.\u00ab Prof. dr. Wolfgang Beinert<\/p>\n<p>&nbsp;<\/p>\n<p><em>O avtorju:<\/em><\/p>\n<p>Christoph Wrembek SJ je odra\u0161\u010dal v Berlinu. Leta 1971 je prejel duhovni\u0161ko posve\u010denje.<br \/>\n\u0160tudiral je film v Hollywoodu in bil \u0161tudentski kaplan v Berlinu. Od leta 1991 deluje v Hannovru, kjer se posve\u010da raznovrstnemu pastoralnemu delu, med drugim tudi razvijanju misijonskega poslanstva v Estoniji. Poleg vsega tega vodi duhovne vaje ter se je uveljavil kot pisec duhovne literature.<span class=\"slv-content-keywords\"> Knjige Teologija in duhovnost Bo\u017eje usmiljenje greh kazen za greh Jezus dobri pastir odpu\u0161\u010danje sveto pismo Christoph Wrembek Ti, ki nese\u0161 Juda domov, nesi tudi mene <\/span><\/p>","protected":false},"excerpt":{"rendered":"<p>Kje najdemo razloge, da zaupamo v brezmejno Bo\u017eje usmiljenje?<\/p>\n<p>Pape\u017e Fran\u010di\u0161ek prizor na kapitelu v V\u00e9zelayu, ki prikazuje Jezusa kot dobrega pastirja, kako na svojih ramenih nosi Juda, \u00bbizdajalca\u00ab, imenuje \u00bbgloboko ganljiv\u00ab. Jezuit in avtor Christoph Wrembek nas ob tem prizoru uvaja v samo sredi\u0161\u010de evangeljske vesele novice. Juda se tako razkrije kot klju\u010dna oseba, ob kateri se razodeva ena temeljnih resnic kr\u0161\u010danskega oznanila: Bog nikoli ne obupa nad nobenim.<\/p>","protected":false},"featured_media":21634,"template":"","meta":{"_acf_changed":false,"footnotes":""},"product_cat":[141,314],"product_tag":[1464,997,1466,1465,1467,1186],"class_list":{"0":"post-21632","1":"product","2":"type-product","3":"status-publish","4":"has-post-thumbnail","6":"authors-christoph-wrembek","7":"publisher-salve-d-o-o-ljubljana","8":"product_cat-knjige","9":"product_cat-teologija-in-duhovnost","10":"product_tag-bozje-usmiljenje","11":"product_tag-greh","12":"product_tag-jezus-dobri-pastir","13":"product_tag-kazen-za-greh","14":"product_tag-odpuscanje","15":"product_tag-sveto-pismo","17":"first","18":"instock","19":"shipping-taxable","20":"purchasable","21":"product-type-simple"},"acf":[],"yoast_head":"<!-- This site is optimized with the Yoast SEO plugin v23.8 - https:\/\/yoast.com\/wordpress\/plugins\/seo\/ -->\n<title>JUDA, PRIJATELJ - Salve<\/title>\n<meta name=\"robots\" content=\"index, follow, max-snippet:-1, max-image-preview:large, max-video-preview:-1\" \/>\n<link rel=\"canonical\" href=\"https:\/\/www.salve.si\/en\/trgovina\/knjige\/teologija-in-duhovnost\/juda-prijatelj\/\" \/>\n<meta property=\"og:locale\" content=\"en_US\" \/>\n<meta property=\"og:type\" content=\"article\" \/>\n<meta property=\"og:title\" content=\"JUDA, PRIJATELJ - Salve\" \/>\n<meta property=\"og:description\" content=\"Kje najdemo razloge, da zaupamo v brezmejno Bo\u017eje usmiljenje?  Pape\u017e Fran\u010di\u0161ek prizor na kapitelu v V\u00e9zelayu, ki prikazuje Jezusa kot dobrega pastirja, kako na svojih ramenih nosi Juda, \u00bbizdajalca\u00ab, imenuje \u00bbgloboko ganljiv\u00ab. Jezuit in avtor Christoph Wrembek nas ob tem prizoru uvaja v samo sredi\u0161\u010de evangeljske vesele novice. Juda se tako razkrije kot klju\u010dna oseba, ob kateri se razodeva ena temeljnih resnic kr\u0161\u010danskega oznanila: Bog nikoli ne obupa nad nobenim.\" \/>\n<meta property=\"og:url\" content=\"https:\/\/www.salve.si\/en\/trgovina\/knjige\/teologija-in-duhovnost\/juda-prijatelj\/\" \/>\n<meta property=\"og:site_name\" content=\"Salve\" \/>\n<meta property=\"article:publisher\" content=\"https:\/\/www.facebook.com\/salve.si\" \/>\n<meta property=\"og:image\" content=\"https:\/\/www.salve.si\/wp-content\/uploads\/2026\/04\/Wrembek_Juda-prijatelj-NASLOVNICA01.jpg\" \/>\n\t<meta property=\"og:image:width\" content=\"1353\" \/>\n\t<meta property=\"og:image:height\" content=\"2067\" \/>\n\t<meta property=\"og:image:type\" content=\"image\/jpeg\" \/>\n<meta name=\"twitter:card\" content=\"summary_large_image\" \/>\n<meta name=\"twitter:label1\" content=\"Est. reading time\" \/>\n\t<meta name=\"twitter:data1\" content=\"2 minutes\" \/>\n<script type=\"application\/ld+json\" class=\"yoast-schema-graph\">{\"@context\":\"https:\/\/schema.org\",\"@graph\":[{\"@type\":\"WebPage\",\"@id\":\"https:\/\/www.salve.si\/trgovina\/knjige\/teologija-in-duhovnost\/juda-prijatelj\/\",\"url\":\"https:\/\/www.salve.si\/trgovina\/knjige\/teologija-in-duhovnost\/juda-prijatelj\/\",\"name\":\"JUDA, PRIJATELJ - Salve\",\"isPartOf\":{\"@id\":\"https:\/\/www.salve.si\/#website\"},\"primaryImageOfPage\":{\"@id\":\"https:\/\/www.salve.si\/trgovina\/knjige\/teologija-in-duhovnost\/juda-prijatelj\/#primaryimage\"},\"image\":{\"@id\":\"https:\/\/www.salve.si\/trgovina\/knjige\/teologija-in-duhovnost\/juda-prijatelj\/#primaryimage\"},\"thumbnailUrl\":\"https:\/\/www.salve.si\/wp-content\/uploads\/2026\/04\/Wrembek_Juda-prijatelj-NASLOVNICA01.jpg\",\"datePublished\":\"2026-04-23T06:16:09+00:00\",\"dateModified\":\"2026-04-23T06:16:09+00:00\",\"breadcrumb\":{\"@id\":\"https:\/\/www.salve.si\/trgovina\/knjige\/teologija-in-duhovnost\/juda-prijatelj\/#breadcrumb\"},\"inLanguage\":\"en-US\",\"potentialAction\":[{\"@type\":\"ReadAction\",\"target\":[\"https:\/\/www.salve.si\/trgovina\/knjige\/teologija-in-duhovnost\/juda-prijatelj\/\"]}]},{\"@type\":\"ImageObject\",\"inLanguage\":\"en-US\",\"@id\":\"https:\/\/www.salve.si\/trgovina\/knjige\/teologija-in-duhovnost\/juda-prijatelj\/#primaryimage\",\"url\":\"https:\/\/www.salve.si\/wp-content\/uploads\/2026\/04\/Wrembek_Juda-prijatelj-NASLOVNICA01.jpg\",\"contentUrl\":\"https:\/\/www.salve.si\/wp-content\/uploads\/2026\/04\/Wrembek_Juda-prijatelj-NASLOVNICA01.jpg\",\"width\":1353,\"height\":2067},{\"@type\":\"BreadcrumbList\",\"@id\":\"https:\/\/www.salve.si\/trgovina\/knjige\/teologija-in-duhovnost\/juda-prijatelj\/#breadcrumb\",\"itemListElement\":[{\"@type\":\"ListItem\",\"position\":1,\"name\":\"Home\",\"item\":\"https:\/\/www.salve.si\/\"},{\"@type\":\"ListItem\",\"position\":2,\"name\":\"Trgovina\",\"item\":\"https:\/\/www.salve.si\/trgovina\/\"},{\"@type\":\"ListItem\",\"position\":3,\"name\":\"JUDA, PRIJATELJ\"}]},{\"@type\":\"WebSite\",\"@id\":\"https:\/\/www.salve.si\/#website\",\"url\":\"https:\/\/www.salve.si\/\",\"name\":\"Salve\",\"description\":\"Salezijanska zalo\u017eba\",\"publisher\":{\"@id\":\"https:\/\/www.salve.si\/#organization\"},\"potentialAction\":[{\"@type\":\"SearchAction\",\"target\":{\"@type\":\"EntryPoint\",\"urlTemplate\":\"https:\/\/www.salve.si\/?s={search_term_string}\"},\"query-input\":{\"@type\":\"PropertyValueSpecification\",\"valueRequired\":true,\"valueName\":\"search_term_string\"}}],\"inLanguage\":\"en-US\"},{\"@type\":\"Organization\",\"@id\":\"https:\/\/www.salve.si\/#organization\",\"name\":\"Salve d.o.o.\",\"url\":\"https:\/\/www.salve.si\/\",\"logo\":{\"@type\":\"ImageObject\",\"inLanguage\":\"en-US\",\"@id\":\"https:\/\/www.salve.si\/#\/schema\/logo\/image\/\",\"url\":\"https:\/\/www.salve.si\/wp-content\/uploads\/2021\/01\/Salve_logo_modri_nov_web.png\",\"contentUrl\":\"https:\/\/www.salve.si\/wp-content\/uploads\/2021\/01\/Salve_logo_modri_nov_web.png\",\"width\":279,\"height\":90,\"caption\":\"Salve d.o.o.\"},\"image\":{\"@id\":\"https:\/\/www.salve.si\/#\/schema\/logo\/image\/\"},\"sameAs\":[\"https:\/\/www.facebook.com\/salve.si\",\"https:\/\/www.instagram.com\/zalozbasalve\/\",\"https:\/\/www.linkedin.com\/company\/zalozba-salve\/\"]}]}<\/script>\n<!-- \/ Yoast SEO plugin. -->","yoast_head_json":{"title":"JUDA, PRIJATELJ - Salve","robots":{"index":"index","follow":"follow","max-snippet":"max-snippet:-1","max-image-preview":"max-image-preview:large","max-video-preview":"max-video-preview:-1"},"canonical":"https:\/\/www.salve.si\/en\/trgovina\/knjige\/teologija-in-duhovnost\/juda-prijatelj\/","og_locale":"en_US","og_type":"article","og_title":"JUDA, PRIJATELJ - Salve","og_description":"Kje najdemo razloge, da zaupamo v brezmejno Bo\u017eje usmiljenje?  Pape\u017e Fran\u010di\u0161ek prizor na kapitelu v V\u00e9zelayu, ki prikazuje Jezusa kot dobrega pastirja, kako na svojih ramenih nosi Juda, \u00bbizdajalca\u00ab, imenuje \u00bbgloboko ganljiv\u00ab. Jezuit in avtor Christoph Wrembek nas ob tem prizoru uvaja v samo sredi\u0161\u010de evangeljske vesele novice. Juda se tako razkrije kot klju\u010dna oseba, ob kateri se razodeva ena temeljnih resnic kr\u0161\u010danskega oznanila: Bog nikoli ne obupa nad nobenim.","og_url":"https:\/\/www.salve.si\/en\/trgovina\/knjige\/teologija-in-duhovnost\/juda-prijatelj\/","og_site_name":"Salve","article_publisher":"https:\/\/www.facebook.com\/salve.si","og_image":[{"width":1353,"height":2067,"url":"https:\/\/www.salve.si\/wp-content\/uploads\/2026\/04\/Wrembek_Juda-prijatelj-NASLOVNICA01.jpg","type":"image\/jpeg"}],"twitter_card":"summary_large_image","twitter_misc":{"Est. reading time":"2 minutes"},"schema":{"@context":"https:\/\/schema.org","@graph":[{"@type":"WebPage","@id":"https:\/\/www.salve.si\/trgovina\/knjige\/teologija-in-duhovnost\/juda-prijatelj\/","url":"https:\/\/www.salve.si\/trgovina\/knjige\/teologija-in-duhovnost\/juda-prijatelj\/","name":"JUDA, PRIJATELJ - Salve","isPartOf":{"@id":"https:\/\/www.salve.si\/#website"},"primaryImageOfPage":{"@id":"https:\/\/www.salve.si\/trgovina\/knjige\/teologija-in-duhovnost\/juda-prijatelj\/#primaryimage"},"image":{"@id":"https:\/\/www.salve.si\/trgovina\/knjige\/teologija-in-duhovnost\/juda-prijatelj\/#primaryimage"},"thumbnailUrl":"https:\/\/www.salve.si\/wp-content\/uploads\/2026\/04\/Wrembek_Juda-prijatelj-NASLOVNICA01.jpg","datePublished":"2026-04-23T06:16:09+00:00","dateModified":"2026-04-23T06:16:09+00:00","breadcrumb":{"@id":"https:\/\/www.salve.si\/trgovina\/knjige\/teologija-in-duhovnost\/juda-prijatelj\/#breadcrumb"},"inLanguage":"en-US","potentialAction":[{"@type":"ReadAction","target":["https:\/\/www.salve.si\/trgovina\/knjige\/teologija-in-duhovnost\/juda-prijatelj\/"]}]},{"@type":"ImageObject","inLanguage":"en-US","@id":"https:\/\/www.salve.si\/trgovina\/knjige\/teologija-in-duhovnost\/juda-prijatelj\/#primaryimage","url":"https:\/\/www.salve.si\/wp-content\/uploads\/2026\/04\/Wrembek_Juda-prijatelj-NASLOVNICA01.jpg","contentUrl":"https:\/\/www.salve.si\/wp-content\/uploads\/2026\/04\/Wrembek_Juda-prijatelj-NASLOVNICA01.jpg","width":1353,"height":2067},{"@type":"BreadcrumbList","@id":"https:\/\/www.salve.si\/trgovina\/knjige\/teologija-in-duhovnost\/juda-prijatelj\/#breadcrumb","itemListElement":[{"@type":"ListItem","position":1,"name":"Home","item":"https:\/\/www.salve.si\/"},{"@type":"ListItem","position":2,"name":"Trgovina","item":"https:\/\/www.salve.si\/trgovina\/"},{"@type":"ListItem","position":3,"name":"JUDA, PRIJATELJ"}]},{"@type":"WebSite","@id":"https:\/\/www.salve.si\/#website","url":"https:\/\/www.salve.si\/","name":"Salve","description":"Salezijanska zalo\u017eba","publisher":{"@id":"https:\/\/www.salve.si\/#organization"},"potentialAction":[{"@type":"SearchAction","target":{"@type":"EntryPoint","urlTemplate":"https:\/\/www.salve.si\/?s={search_term_string}"},"query-input":{"@type":"PropertyValueSpecification","valueRequired":true,"valueName":"search_term_string"}}],"inLanguage":"en-US"},{"@type":"Organization","@id":"https:\/\/www.salve.si\/#organization","name":"Salve d.o.o.","url":"https:\/\/www.salve.si\/","logo":{"@type":"ImageObject","inLanguage":"en-US","@id":"https:\/\/www.salve.si\/#\/schema\/logo\/image\/","url":"https:\/\/www.salve.si\/wp-content\/uploads\/2021\/01\/Salve_logo_modri_nov_web.png","contentUrl":"https:\/\/www.salve.si\/wp-content\/uploads\/2021\/01\/Salve_logo_modri_nov_web.png","width":279,"height":90,"caption":"Salve d.o.o."},"image":{"@id":"https:\/\/www.salve.si\/#\/schema\/logo\/image\/"},"sameAs":["https:\/\/www.facebook.com\/salve.si","https:\/\/www.instagram.com\/zalozbasalve\/","https:\/\/www.linkedin.com\/company\/zalozba-salve\/"]}]}},"_links":{"self":[{"href":"https:\/\/www.salve.si\/en\/wp-json\/wp\/v2\/product\/21632","targetHints":{"allow":["GET"]}}],"collection":[{"href":"https:\/\/www.salve.si\/en\/wp-json\/wp\/v2\/product"}],"about":[{"href":"https:\/\/www.salve.si\/en\/wp-json\/wp\/v2\/types\/product"}],"version-history":[{"count":1,"href":"https:\/\/www.salve.si\/en\/wp-json\/wp\/v2\/product\/21632\/revisions"}],"predecessor-version":[{"id":21636,"href":"https:\/\/www.salve.si\/en\/wp-json\/wp\/v2\/product\/21632\/revisions\/21636"}],"wp:featuredmedia":[{"embeddable":true,"href":"https:\/\/www.salve.si\/en\/wp-json\/wp\/v2\/media\/21634"}],"wp:attachment":[{"href":"https:\/\/www.salve.si\/en\/wp-json\/wp\/v2\/media?parent=21632"}],"wp:term":[{"taxonomy":"product_cat","embeddable":true,"href":"https:\/\/www.salve.si\/en\/wp-json\/wp\/v2\/product_cat?post=21632"},{"taxonomy":"product_tag","embeddable":true,"href":"https:\/\/www.salve.si\/en\/wp-json\/wp\/v2\/product_tag?post=21632"}],"curies":[{"name":"wp","href":"https:\/\/api.w.org\/{rel}","templated":true}]}}