{"id":21623,"date":"2026-04-22T10:44:39","date_gmt":"2026-04-22T08:44:39","guid":{"rendered":"https:\/\/www.salve.si\/?post_type=product&#038;p=21623"},"modified":"2026-04-22T10:47:06","modified_gmt":"2026-04-22T08:47:06","slug":"sveto-oblicje-vrtnice-2026","status":"publish","type":"product","link":"https:\/\/www.salve.si\/en\/trgovina\/knjige\/teologija-in-duhovnost\/sveto-oblicje-vrtnice-2026\/","title":{"rendered":"SVETO OBLI\u010cJE (VRTNICE 2026)"},"content":{"rendered":"<p>\u017de od nekdaj je \u010dlovek \u017eelel gledati Bo\u017eje obli\u010dje. Mojzes, voditelj starozaveznega izvoljenega ljudstva, je celo prosil Boga, naj mu omogo\u010di, da bo videl njegovo obli\u010dje. Bog je njegovo pro\u0161njo usli\u0161al le delno; smel je gledati Boga \u00bbv hrbet\u00ab. Nam \u0161e to ni mogo\u010de, kajti Bog je duh in ga v zemeljskem \u017eivljenju ni mogo\u010de gledati. Gledali ga bomo v ve\u010dnem \u017eivljenju. V sklepnicah Molitvenega bogoslu\u017eja je za zveli\u010dane zagotovilo: \u00bbGledali bodo Gospodovo obli\u010dje in njegovo ime bo na njihovih \u010delih.\u00ab V Katekizmu katoli\u0161ke Cerkve beremo: \u00bbHrepenenje po Bogu je zapisano v \u010dlovekovo srce, kajti \u010dlovek je ustvarjen od Boga in za Boga; in Bog ne neha pritegovati \u010dloveka k sebi, in samo v Bogu bo \u010dlovek na\u0161el resnico in sre\u010do, ki je ne neha iskati\u00ab (KKC 27).<\/p>\n<p>Bog sam nam je prisko\u010dil na pomo\u010d. Poslal je svojega Sina, ki se je u\u010dlove\u010dil. Jezus Kristus je pravi Bog in pravi \u010dlovek. V \u010dasu njegovega zemeljskega \u017eivljenja so mnogi videli njegovo \u010dlove\u0161ko obli\u010dje: kot otroka v Marijinem naro\u010dju, Jo\u017eefovega pomo\u010dnika pri tesarski obrti, zlasti pa v \u010dasu njegovega javnega delovanja, ko so se ob njem zbirale velike mno\u017eice in rade poslu\u0161ale njegovo gore\u010do besedo, potrjeno s \u010dude\u017ei. Ob trpe\u010dem in vstalem Gospodu so se mno\u017eice zmanj\u0161ale; po vstajenju se je prikazal le nekaterim izbranim. Povsod isto obli\u010dje, a vendar povsod druga\u010dno. Ko ga je mati Marija rodila, je prva zagledala obraz Novorojenega. Pomislimo na veselje sv. Jo\u017eefa, angelov in pastirjev, ko so se sre\u010dali s prisr\u010dnim Detetom Odre\u0161enikom, ki je zasijal v zemeljskem ubo\u0161tvu. Zamislimo se v \u0161tevilne mno\u017eice, ki so ga rade poslu\u0161ale in ob\u010dudovale njegove \u010dude\u017ee. Njegovo izmu\u010deno krvavo obli\u010dje na kri\u017eu nam razkriva, do kod sega Bo\u017eja ljubezen.<br \/>\nJezus je zdaj poveli\u010dan v nebesih. Kak\u0161na je za nas pot do njegovega svetega obli\u010dja? \u010cim bolj se hranimo s Svetim pismom, tem bolj odkrivamo Jezusovo in po njem O\u010detovo obli\u010dje. Dejavno sodelovanje pri sveti ma\u0161i je duhovno zrenje Svete Trojice. Kristjanova rast v svetosti je rast v dele\u017enosti pri Jezusovem svetem obli\u010dju. Poglobljeno sodelovanje s cerkvenim letom je kontemplacija Kristusovega svetega obli\u010dja. Sodelovanje pri razli\u010dnih pobo\u017enostih nas prav tako vodi do Kristusovega obli\u010dja. Pomislimo na ro\u017eni venec, kri\u017eev pot, razli\u010dne litanije, svete ure itn.<span class=\"slv-content-keywords\"> Vrtnice Knjige Teologija in duhovnost kr\u0161\u010danska duhovnost pobo\u017enost Prednaro\u010dila Premi\u0161ljevanja Srce Jezusovo svete relikvije Vrtnice Anton \u0160trukelj Vrtnice za leto 2026 <\/span><\/p>","protected":false},"excerpt":{"rendered":"<p>Kristusovo sveto obli\u010dje je spodbuda in opora na\u0161i veri, upanju in ljubezni. Hkrati nas vodi do O\u010deta, do njegovega nevidnega svetega obli\u010dja. Zelo uspe\u0161na je pot k O\u010detu, \u010de se sklicujemo na Kristusovo krvavo obli\u010dje, saj je On edini srednik k O\u010detu in na\u0161 odre\u0161enik. \u010ce O\u010detu ka\u017eemo to obli\u010dje, bo na\u0161o molitev gotovo usli\u0161al. Sklicevanje na Jezusovo sveto obli\u010dje je tudi pot do \u010dloveka, do njegovega srca in njegove rasti v svetosti.<br \/>\nZ leto\u0161njimi vrtnicami nam je dr. Anton \u0160trukelj bogato pogrnil mizo branja in poslu\u0161anja vrtnic, prepleteno s \u0161tevilnimi svetopisemskimi mislimi. To je duhovna hrana, ne samo za leto\u0161nji mesec junij, ampak za vselej, kadar \u017eelimo zreti v Jezusovo sveto obli\u010dje. Naj nam ne bo \u0161koda \u010dasa za to.<br \/>\nIz uvodne besede p. Antona Nadraha, OCist<\/p>\n<p><em>PREDVIDEN IZID: 12. 05. 2026<\/em><\/p>","protected":false},"featured_media":21624,"template":"","meta":{"_acf_changed":false,"footnotes":""},"product_cat":[1078,141,314],"product_tag":[981,1106,1180,1170,1123,1462],"class_list":{"0":"post-21623","1":"product","2":"type-product","3":"status-publish","4":"has-post-thumbnail","6":"zbirke-vrtnice","7":"authors-anton-strukelj","8":"publisher-salve-d-o-o-ljubljana","9":"product_cat-vrtnice","10":"product_cat-knjige","11":"product_cat-teologija-in-duhovnost","12":"product_tag-krscanska-duhovnost","13":"product_tag-poboznost","14":"product_tag-prednarocila","15":"product_tag-premisljevanja","16":"product_tag-srce-jezusovo","17":"product_tag-svete-relikvije","19":"first","20":"instock","21":"shipping-taxable","22":"purchasable","23":"product-type-simple"},"acf":[],"yoast_head":"<!-- This site is optimized with the Yoast SEO plugin v23.8 - https:\/\/yoast.com\/wordpress\/plugins\/seo\/ -->\n<title>SVETO OBLI\u010cJE (VRTNICE 2026) - Salve<\/title>\n<meta name=\"robots\" content=\"index, follow, max-snippet:-1, max-image-preview:large, max-video-preview:-1\" \/>\n<link rel=\"canonical\" href=\"https:\/\/www.salve.si\/en\/trgovina\/knjige\/teologija-in-duhovnost\/sveto-oblicje-vrtnice-2026\/\" \/>\n<meta property=\"og:locale\" content=\"en_US\" \/>\n<meta property=\"og:type\" content=\"article\" \/>\n<meta property=\"og:title\" content=\"SVETO OBLI\u010cJE (VRTNICE 2026) - Salve\" \/>\n<meta property=\"og:description\" content=\"Kristusovo sveto obli\u010dje je spodbuda in opora na\u0161i veri, upanju in ljubezni. Hkrati nas vodi do O\u010deta, do njegovega nevidnega svetega obli\u010dja. Zelo uspe\u0161na je pot k O\u010detu, \u010de se sklicujemo na Kristusovo krvavo obli\u010dje, saj je On edini srednik k O\u010detu in na\u0161 odre\u0161enik. \u010ce O\u010detu ka\u017eemo to obli\u010dje, bo na\u0161o molitev gotovo usli\u0161al. Sklicevanje na Jezusovo sveto obli\u010dje je tudi pot do \u010dloveka, do njegovega srca in njegove rasti v svetosti. Z leto\u0161njimi vrtnicami nam je dr. Anton \u0160trukelj bogato pogrnil mizo branja in poslu\u0161anja vrtnic, prepleteno s \u0161tevilnimi svetopisemskimi mislimi. To je duhovna hrana, ne samo za leto\u0161nji mesec junij, ampak za vselej, kadar \u017eelimo zreti v Jezusovo sveto obli\u010dje. Naj nam ne bo \u0161koda \u010dasa za to. Iz uvodne besede p. Antona Nadraha, OCist  PREDVIDEN IZID: 12. 05. 2026\" \/>\n<meta property=\"og:url\" content=\"https:\/\/www.salve.si\/en\/trgovina\/knjige\/teologija-in-duhovnost\/sveto-oblicje-vrtnice-2026\/\" \/>\n<meta property=\"og:site_name\" content=\"Salve\" \/>\n<meta property=\"article:publisher\" content=\"https:\/\/www.facebook.com\/salve.si\" \/>\n<meta property=\"article:modified_time\" content=\"2026-04-22T08:47:06+00:00\" \/>\n<meta property=\"og:image\" content=\"https:\/\/www.salve.si\/wp-content\/uploads\/2026\/04\/Vrtnice2026_NASLOVNICA_KOR03.jpg\" \/>\n\t<meta property=\"og:image:width\" content=\"1185\" \/>\n\t<meta property=\"og:image:height\" content=\"1920\" \/>\n\t<meta property=\"og:image:type\" content=\"image\/jpeg\" \/>\n<meta name=\"twitter:card\" content=\"summary_large_image\" \/>\n<meta name=\"twitter:label1\" content=\"Est. reading time\" \/>\n\t<meta name=\"twitter:data1\" content=\"3 minutes\" \/>\n<script type=\"application\/ld+json\" class=\"yoast-schema-graph\">{\"@context\":\"https:\/\/schema.org\",\"@graph\":[{\"@type\":\"WebPage\",\"@id\":\"https:\/\/www.salve.si\/trgovina\/knjige\/teologija-in-duhovnost\/sveto-oblicje-vrtnice-2026\/\",\"url\":\"https:\/\/www.salve.si\/trgovina\/knjige\/teologija-in-duhovnost\/sveto-oblicje-vrtnice-2026\/\",\"name\":\"SVETO OBLI\u010cJE (VRTNICE 2026) - Salve\",\"isPartOf\":{\"@id\":\"https:\/\/www.salve.si\/#website\"},\"primaryImageOfPage\":{\"@id\":\"https:\/\/www.salve.si\/trgovina\/knjige\/teologija-in-duhovnost\/sveto-oblicje-vrtnice-2026\/#primaryimage\"},\"image\":{\"@id\":\"https:\/\/www.salve.si\/trgovina\/knjige\/teologija-in-duhovnost\/sveto-oblicje-vrtnice-2026\/#primaryimage\"},\"thumbnailUrl\":\"https:\/\/www.salve.si\/wp-content\/uploads\/2026\/04\/Vrtnice2026_NASLOVNICA_KOR03.jpg\",\"datePublished\":\"2026-04-22T08:44:39+00:00\",\"dateModified\":\"2026-04-22T08:47:06+00:00\",\"breadcrumb\":{\"@id\":\"https:\/\/www.salve.si\/trgovina\/knjige\/teologija-in-duhovnost\/sveto-oblicje-vrtnice-2026\/#breadcrumb\"},\"inLanguage\":\"en-US\",\"potentialAction\":[{\"@type\":\"ReadAction\",\"target\":[\"https:\/\/www.salve.si\/trgovina\/knjige\/teologija-in-duhovnost\/sveto-oblicje-vrtnice-2026\/\"]}]},{\"@type\":\"ImageObject\",\"inLanguage\":\"en-US\",\"@id\":\"https:\/\/www.salve.si\/trgovina\/knjige\/teologija-in-duhovnost\/sveto-oblicje-vrtnice-2026\/#primaryimage\",\"url\":\"https:\/\/www.salve.si\/wp-content\/uploads\/2026\/04\/Vrtnice2026_NASLOVNICA_KOR03.jpg\",\"contentUrl\":\"https:\/\/www.salve.si\/wp-content\/uploads\/2026\/04\/Vrtnice2026_NASLOVNICA_KOR03.jpg\",\"width\":1185,\"height\":1920},{\"@type\":\"BreadcrumbList\",\"@id\":\"https:\/\/www.salve.si\/trgovina\/knjige\/teologija-in-duhovnost\/sveto-oblicje-vrtnice-2026\/#breadcrumb\",\"itemListElement\":[{\"@type\":\"ListItem\",\"position\":1,\"name\":\"Home\",\"item\":\"https:\/\/www.salve.si\/\"},{\"@type\":\"ListItem\",\"position\":2,\"name\":\"Trgovina\",\"item\":\"https:\/\/www.salve.si\/trgovina\/\"},{\"@type\":\"ListItem\",\"position\":3,\"name\":\"SVETO OBLI\u010cJE (VRTNICE 2026)\"}]},{\"@type\":\"WebSite\",\"@id\":\"https:\/\/www.salve.si\/#website\",\"url\":\"https:\/\/www.salve.si\/\",\"name\":\"Salve\",\"description\":\"Salezijanska zalo\u017eba\",\"publisher\":{\"@id\":\"https:\/\/www.salve.si\/#organization\"},\"potentialAction\":[{\"@type\":\"SearchAction\",\"target\":{\"@type\":\"EntryPoint\",\"urlTemplate\":\"https:\/\/www.salve.si\/?s={search_term_string}\"},\"query-input\":{\"@type\":\"PropertyValueSpecification\",\"valueRequired\":true,\"valueName\":\"search_term_string\"}}],\"inLanguage\":\"en-US\"},{\"@type\":\"Organization\",\"@id\":\"https:\/\/www.salve.si\/#organization\",\"name\":\"Salve d.o.o.\",\"url\":\"https:\/\/www.salve.si\/\",\"logo\":{\"@type\":\"ImageObject\",\"inLanguage\":\"en-US\",\"@id\":\"https:\/\/www.salve.si\/#\/schema\/logo\/image\/\",\"url\":\"https:\/\/www.salve.si\/wp-content\/uploads\/2021\/01\/Salve_logo_modri_nov_web.png\",\"contentUrl\":\"https:\/\/www.salve.si\/wp-content\/uploads\/2021\/01\/Salve_logo_modri_nov_web.png\",\"width\":279,\"height\":90,\"caption\":\"Salve d.o.o.\"},\"image\":{\"@id\":\"https:\/\/www.salve.si\/#\/schema\/logo\/image\/\"},\"sameAs\":[\"https:\/\/www.facebook.com\/salve.si\",\"https:\/\/www.instagram.com\/zalozbasalve\/\",\"https:\/\/www.linkedin.com\/company\/zalozba-salve\/\"]}]}<\/script>\n<!-- \/ Yoast SEO plugin. -->","yoast_head_json":{"title":"SVETO OBLI\u010cJE (VRTNICE 2026) - Salve","robots":{"index":"index","follow":"follow","max-snippet":"max-snippet:-1","max-image-preview":"max-image-preview:large","max-video-preview":"max-video-preview:-1"},"canonical":"https:\/\/www.salve.si\/en\/trgovina\/knjige\/teologija-in-duhovnost\/sveto-oblicje-vrtnice-2026\/","og_locale":"en_US","og_type":"article","og_title":"SVETO OBLI\u010cJE (VRTNICE 2026) - Salve","og_description":"Kristusovo sveto obli\u010dje je spodbuda in opora na\u0161i veri, upanju in ljubezni. Hkrati nas vodi do O\u010deta, do njegovega nevidnega svetega obli\u010dja. Zelo uspe\u0161na je pot k O\u010detu, \u010de se sklicujemo na Kristusovo krvavo obli\u010dje, saj je On edini srednik k O\u010detu in na\u0161 odre\u0161enik. \u010ce O\u010detu ka\u017eemo to obli\u010dje, bo na\u0161o molitev gotovo usli\u0161al. Sklicevanje na Jezusovo sveto obli\u010dje je tudi pot do \u010dloveka, do njegovega srca in njegove rasti v svetosti. Z leto\u0161njimi vrtnicami nam je dr. Anton \u0160trukelj bogato pogrnil mizo branja in poslu\u0161anja vrtnic, prepleteno s \u0161tevilnimi svetopisemskimi mislimi. To je duhovna hrana, ne samo za leto\u0161nji mesec junij, ampak za vselej, kadar \u017eelimo zreti v Jezusovo sveto obli\u010dje. Naj nam ne bo \u0161koda \u010dasa za to. Iz uvodne besede p. Antona Nadraha, OCist  PREDVIDEN IZID: 12. 05. 2026","og_url":"https:\/\/www.salve.si\/en\/trgovina\/knjige\/teologija-in-duhovnost\/sveto-oblicje-vrtnice-2026\/","og_site_name":"Salve","article_publisher":"https:\/\/www.facebook.com\/salve.si","article_modified_time":"2026-04-22T08:47:06+00:00","og_image":[{"width":1185,"height":1920,"url":"https:\/\/www.salve.si\/wp-content\/uploads\/2026\/04\/Vrtnice2026_NASLOVNICA_KOR03.jpg","type":"image\/jpeg"}],"twitter_card":"summary_large_image","twitter_misc":{"Est. reading time":"3 minutes"},"schema":{"@context":"https:\/\/schema.org","@graph":[{"@type":"WebPage","@id":"https:\/\/www.salve.si\/trgovina\/knjige\/teologija-in-duhovnost\/sveto-oblicje-vrtnice-2026\/","url":"https:\/\/www.salve.si\/trgovina\/knjige\/teologija-in-duhovnost\/sveto-oblicje-vrtnice-2026\/","name":"SVETO OBLI\u010cJE (VRTNICE 2026) - Salve","isPartOf":{"@id":"https:\/\/www.salve.si\/#website"},"primaryImageOfPage":{"@id":"https:\/\/www.salve.si\/trgovina\/knjige\/teologija-in-duhovnost\/sveto-oblicje-vrtnice-2026\/#primaryimage"},"image":{"@id":"https:\/\/www.salve.si\/trgovina\/knjige\/teologija-in-duhovnost\/sveto-oblicje-vrtnice-2026\/#primaryimage"},"thumbnailUrl":"https:\/\/www.salve.si\/wp-content\/uploads\/2026\/04\/Vrtnice2026_NASLOVNICA_KOR03.jpg","datePublished":"2026-04-22T08:44:39+00:00","dateModified":"2026-04-22T08:47:06+00:00","breadcrumb":{"@id":"https:\/\/www.salve.si\/trgovina\/knjige\/teologija-in-duhovnost\/sveto-oblicje-vrtnice-2026\/#breadcrumb"},"inLanguage":"en-US","potentialAction":[{"@type":"ReadAction","target":["https:\/\/www.salve.si\/trgovina\/knjige\/teologija-in-duhovnost\/sveto-oblicje-vrtnice-2026\/"]}]},{"@type":"ImageObject","inLanguage":"en-US","@id":"https:\/\/www.salve.si\/trgovina\/knjige\/teologija-in-duhovnost\/sveto-oblicje-vrtnice-2026\/#primaryimage","url":"https:\/\/www.salve.si\/wp-content\/uploads\/2026\/04\/Vrtnice2026_NASLOVNICA_KOR03.jpg","contentUrl":"https:\/\/www.salve.si\/wp-content\/uploads\/2026\/04\/Vrtnice2026_NASLOVNICA_KOR03.jpg","width":1185,"height":1920},{"@type":"BreadcrumbList","@id":"https:\/\/www.salve.si\/trgovina\/knjige\/teologija-in-duhovnost\/sveto-oblicje-vrtnice-2026\/#breadcrumb","itemListElement":[{"@type":"ListItem","position":1,"name":"Home","item":"https:\/\/www.salve.si\/"},{"@type":"ListItem","position":2,"name":"Trgovina","item":"https:\/\/www.salve.si\/trgovina\/"},{"@type":"ListItem","position":3,"name":"SVETO OBLI\u010cJE (VRTNICE 2026)"}]},{"@type":"WebSite","@id":"https:\/\/www.salve.si\/#website","url":"https:\/\/www.salve.si\/","name":"Salve","description":"Salezijanska zalo\u017eba","publisher":{"@id":"https:\/\/www.salve.si\/#organization"},"potentialAction":[{"@type":"SearchAction","target":{"@type":"EntryPoint","urlTemplate":"https:\/\/www.salve.si\/?s={search_term_string}"},"query-input":{"@type":"PropertyValueSpecification","valueRequired":true,"valueName":"search_term_string"}}],"inLanguage":"en-US"},{"@type":"Organization","@id":"https:\/\/www.salve.si\/#organization","name":"Salve d.o.o.","url":"https:\/\/www.salve.si\/","logo":{"@type":"ImageObject","inLanguage":"en-US","@id":"https:\/\/www.salve.si\/#\/schema\/logo\/image\/","url":"https:\/\/www.salve.si\/wp-content\/uploads\/2021\/01\/Salve_logo_modri_nov_web.png","contentUrl":"https:\/\/www.salve.si\/wp-content\/uploads\/2021\/01\/Salve_logo_modri_nov_web.png","width":279,"height":90,"caption":"Salve d.o.o."},"image":{"@id":"https:\/\/www.salve.si\/#\/schema\/logo\/image\/"},"sameAs":["https:\/\/www.facebook.com\/salve.si","https:\/\/www.instagram.com\/zalozbasalve\/","https:\/\/www.linkedin.com\/company\/zalozba-salve\/"]}]}},"_links":{"self":[{"href":"https:\/\/www.salve.si\/en\/wp-json\/wp\/v2\/product\/21623","targetHints":{"allow":["GET"]}}],"collection":[{"href":"https:\/\/www.salve.si\/en\/wp-json\/wp\/v2\/product"}],"about":[{"href":"https:\/\/www.salve.si\/en\/wp-json\/wp\/v2\/types\/product"}],"version-history":[{"count":2,"href":"https:\/\/www.salve.si\/en\/wp-json\/wp\/v2\/product\/21623\/revisions"}],"predecessor-version":[{"id":21627,"href":"https:\/\/www.salve.si\/en\/wp-json\/wp\/v2\/product\/21623\/revisions\/21627"}],"wp:featuredmedia":[{"embeddable":true,"href":"https:\/\/www.salve.si\/en\/wp-json\/wp\/v2\/media\/21624"}],"wp:attachment":[{"href":"https:\/\/www.salve.si\/en\/wp-json\/wp\/v2\/media?parent=21623"}],"wp:term":[{"taxonomy":"product_cat","embeddable":true,"href":"https:\/\/www.salve.si\/en\/wp-json\/wp\/v2\/product_cat?post=21623"},{"taxonomy":"product_tag","embeddable":true,"href":"https:\/\/www.salve.si\/en\/wp-json\/wp\/v2\/product_tag?post=21623"}],"curies":[{"name":"wp","href":"https:\/\/api.w.org\/{rel}","templated":true}]}}