{"id":21562,"date":"2026-04-13T09:37:19","date_gmt":"2026-04-13T07:37:19","guid":{"rendered":"https:\/\/www.salve.si\/?post_type=product&#038;p=21562"},"modified":"2026-04-13T09:37:58","modified_gmt":"2026-04-13T07:37:58","slug":"ko-otroci-recejo-da-so-trans","status":"publish","type":"product","link":"https:\/\/www.salve.si\/en\/trgovina\/knjige\/ko-otroci-recejo-da-so-trans\/","title":{"rendered":"KO OTROCI RE\u010cEJO, DA SO TRANS"},"content":{"rendered":"<p>Ta knjiga \u017eeli popraviti to neravnovesje. To je izrecno vir za star\u0161e, ki \u017eelijo, da bi njihovi otroci uspevali, vendar ne verjamejo, da je prenagla medicinska obravnava najbolj\u0161i na\u010din za zagotavljanje njihovega zdravja in blaginje. To je knjiga za star\u0161e, ki bi radi podprli otrokovo iskanje identitete, vendar menijo, da ni primerno, da se to iskanje konkretizira z nepovratnimi zdravili in operacijami. Je vodnik za star\u0161e, ki potrjujejo \u010dudovito, edinstveno osebnost svojega otroka, ne da bi verjeli, da bi morala biti \u00bbspolna identiteta\u00ab privilegirana pred drugimi vidiki.<\/p>\n<p>Svetovale smo stotinam dru\u017ein, na ducate mladim, ki se spra\u0161ujejo o svoji spolni identiteti, in \u0161tevilnim osebam, ki so se odlo\u010dile za detranzicijo. Ponujamo so\u010duten, na dokazih temelje\u010d pristop k vzgoji otroka, ki se spra\u0161uje o svoji spolni identiteti. Ta pristop temelji na najnovej\u0161ih raziskavah in se obenem opira na starodavno modrost o tem, kaj pomeni biti \u010dlovek.<\/p>\n<p>Skozi svoje delo smo se vse zbli\u017eale s trans odraslimi. Njihova modrost vpliva na na\u0161e delovanje in za to smo jim hvale\u017ene. Mnogi trans odrasli so se nam pridru\u017eili in izrazili zaskrbljenost zaradi hitre medikalizacije otrok in mladih. Pridru\u017eili so se vse ve\u010djemu \u0161tevilu posameznikov iz vseh dru\u017ebenih slojev in vseh delov politi\u010dnega spektra, ki zagovarjajo otroke in mlade v njihovi celovitosti in kompleksnosti, namesto da bi jih skr\u010dili na omejevalno, medicinsko pojmovanje spola. Njihova podpora je obogatila na\u0161e razumevanje te teme in nam pomagala, da vam lahko ponudimo pomembne ugotovitve.<\/p>\n<p>Ta knjiga slavi star\u0161evsko ljubezen kot mo\u010d, ki ustvarja temelj, ki ga otroci potrebujejo, da se odpravijo v svet. S\u010dasoma morate otrokom dopustiti, da najdejo svojo pot in delajo svoje napake, vendar pa ste vi tisti, ki jim lahko najbolje pomagate in jih podpirate, ko odra\u0161\u010dajo.<\/p>\n<p><em>Iz uvoda avtorjev<\/em><\/p>\n<p>O avtoricah<\/p>\n<p>Sasha Ayad, Lisa Marchiano in Stella O\u2019Malley so terapevtke z obse\u017enimi izku\u0161njami in sve\u017eimi pogledi na spol. Poleg svetovanja tiso\u010dim dru\u017einam so sodelovale pri ve\u010d pomembnih pobudah. Pomagale so ustanoviti GETA, mednarodno zvezo terapevtov, ki si prizadevajo zagotoviti premi\u0161ljene oblike zdravljenja za utemeljene skrbi glede psihi\u010dnega zdravja, brez vsiljevanja ideolo\u0161kih ali politi\u010dnih ciljev. Poleg tega je Stella ustanoviteljica ustanove Genspect, mednarodne zveze profesionalcev, transspolnih oseb, oseb, ki so opravile detranzicijo, star\u0161evskih skupin in drugih, ki si prizadevajo za zdrav pristop do vpra\u0161anj o spolu.<\/p>\n<p>&#8212;&#8212;&#8212;&#8212;&#8212;&#8212;&#8212;&#8212;&#8212;&#8212;&#8212;&#8212;&#8212;&#8212;&#8212;&#8212;&#8212;&#8212;&#8212;&#8212;&#8212;&#8212;&#8212;&#8212;&#8212;&#8212;&#8212;&#8212;&#8212;&#8212;&#8212;&#8212;&#8212;&#8212;&#8212;&#8212;&#8212;&#8212;&#8212;&#8212;&#8212;&#8212;&#8212;&#8212;&#8212;&#8212;&#8212;&#8212;&#8212;&#8212;&#8212;&#8212;&#8212;<\/p>\n<p>Avtoricam je uspelo zagotoviti razumljiv vodnik o spolni identiteti, namenjen star\u0161em in tistim, ki skrbijo za otroke in mladostnike. Na\u0161le so na\u010din, kako na zelo neposreden na\u010din govoriti o tem zapletenem vpra\u0161anju ter ohraniti povezanost\/skladnost brez poenostavljanja. Vseh pogosto zastavljenih vpra\u0161anj in dilem se lotevajo na na\u010dine, ki se bodo izkazali za izjemno koristne. V \u017ealostni zgodovini tega vpra\u0161anja so bili star\u0161i s strani ponudnikov \u00bbzdravstvene oskrbe\u00ab otrok in mladostnikov pogosto odrinjeni na rob, kar je bilo izredno \u0161kodljivo. Ta knjiga to popravlja. Poleg odgovora na resni\u010dne potrebe dru\u017ein in skrbnikov, bi jo morali prebrati tudi poklicni strokovnjaki, ki se ukvarjajo z otroki in mladostniki, ne glede na to, ali je spolna identiteta njihovo podro\u010dje zanimanja ali ne.<\/p>\n<p><em>Dr. David Bell, upokojeni psihiater svetovalec<\/em><\/p>\n<p><span class=\"slv-content-keywords\"> Knjige Prednaro\u010dila Lisa Marchiano Sasha Ayad Stella O\u2019Malley Vodnik za skrbne star\u0161e <\/span><\/p>","protected":false},"excerpt":{"rendered":"<p>Zavedamo se, da se bodo nekateri star\u0161i otrok in mladostnikov s spolno disforijo odlo\u010dili, da je socialna in medicinska tranzicija najbolj\u0161a mo\u017enost. Ta knjiga vam bo morda v pomo\u010d, ko razmi\u0161ljate o mo\u017enostih in se posku\u0161ate odlo\u010diti, katero pot izbrati. Po\u0161teno opozorilo: dokazi v tej knjigi vas bodo na splo\u0161no odvrnili od spolne tranzicije va\u0161ega otroka. \u010ce se odlo\u010dite za tranzicijo svojega otroka, vam ta knjiga verjetno ne bo v veliko pomo\u010d. Obstaja veliko knjig, namenjenih star\u0161em, ki otroku pomagajo pri prehodu med spoloma, vendar je le malo knjig, \u010de sploh kak\u0161na, namenjenih star\u0161em, ki menijo, da socialni in\/ali medicinski prehod ni najbolj\u0161a mo\u017enost za njihovega otroka. Mnogi, ki so se odlo\u010dili za tak\u0161en pristop, so bili v medijih in na spletu obrekovani. Povedali so jim, da bodo njihovi otroci postali samomorilni. Bilo je le malo krajev, kjer so lahko na\u0161li podporo.<\/p>\n<p>PREDVIDEN IZID KNJIGE: 04. 05. 2026<\/p>","protected":false},"featured_media":21563,"template":"","meta":{"_acf_changed":false,"footnotes":""},"product_cat":[141],"product_tag":[1180],"class_list":{"0":"post-21562","1":"product","2":"type-product","3":"status-publish","4":"has-post-thumbnail","6":"authors-lisa-marchiano","7":"authors-sasha-ayad","8":"authors-stella-omalley","9":"publisher-salve-d-o-o-ljubljana","10":"product_cat-knjige","11":"product_tag-prednarocila","13":"first","14":"instock","15":"sale","16":"shipping-taxable","17":"purchasable","18":"product-type-simple"},"acf":[],"yoast_head":"<!-- This site is optimized with the Yoast SEO plugin v23.8 - https:\/\/yoast.com\/wordpress\/plugins\/seo\/ -->\n<title>KO OTROCI RE\u010cEJO, DA SO TRANS - Salve<\/title>\n<meta name=\"robots\" content=\"index, follow, max-snippet:-1, max-image-preview:large, max-video-preview:-1\" \/>\n<link rel=\"canonical\" href=\"https:\/\/www.salve.si\/en\/trgovina\/knjige\/ko-otroci-recejo-da-so-trans\/\" \/>\n<meta property=\"og:locale\" content=\"en_US\" \/>\n<meta property=\"og:type\" content=\"article\" \/>\n<meta property=\"og:title\" content=\"KO OTROCI RE\u010cEJO, DA SO TRANS - Salve\" \/>\n<meta property=\"og:description\" content=\"Zavedamo se, da se bodo nekateri star\u0161i otrok in mladostnikov s spolno disforijo odlo\u010dili, da je socialna in medicinska tranzicija najbolj\u0161a mo\u017enost. Ta knjiga vam bo morda v pomo\u010d, ko razmi\u0161ljate o mo\u017enostih in se posku\u0161ate odlo\u010diti, katero pot izbrati. Po\u0161teno opozorilo: dokazi v tej knjigi vas bodo na splo\u0161no odvrnili od spolne tranzicije va\u0161ega otroka. \u010ce se odlo\u010dite za tranzicijo svojega otroka, vam ta knjiga verjetno ne bo v veliko pomo\u010d. Obstaja veliko knjig, namenjenih star\u0161em, ki otroku pomagajo pri prehodu med spoloma, vendar je le malo knjig, \u010de sploh kak\u0161na, namenjenih star\u0161em, ki menijo, da socialni in\/ali medicinski prehod ni najbolj\u0161a mo\u017enost za njihovega otroka. Mnogi, ki so se odlo\u010dili za tak\u0161en pristop, so bili v medijih in na spletu obrekovani. Povedali so jim, da bodo njihovi otroci postali samomorilni. Bilo je le malo krajev, kjer so lahko na\u0161li podporo.  PREDVIDEN IZID KNJIGE: 04. 05. 2026\" \/>\n<meta property=\"og:url\" content=\"https:\/\/www.salve.si\/en\/trgovina\/knjige\/ko-otroci-recejo-da-so-trans\/\" \/>\n<meta property=\"og:site_name\" content=\"Salve\" \/>\n<meta property=\"article:publisher\" content=\"https:\/\/www.facebook.com\/salve.si\" \/>\n<meta property=\"article:modified_time\" content=\"2026-04-13T07:37:58+00:00\" \/>\n<meta property=\"og:image\" content=\"https:\/\/www.salve.si\/wp-content\/uploads\/2026\/04\/Ko-otroci-recejo-da-so-trans_NASLOVNICA01.jpg\" \/>\n\t<meta property=\"og:image:width\" content=\"1542\" \/>\n\t<meta property=\"og:image:height\" content=\"2313\" \/>\n\t<meta property=\"og:image:type\" content=\"image\/jpeg\" \/>\n<meta name=\"twitter:card\" content=\"summary_large_image\" \/>\n<meta name=\"twitter:label1\" content=\"Est. reading time\" \/>\n\t<meta name=\"twitter:data1\" content=\"4 minutes\" \/>\n<script type=\"application\/ld+json\" class=\"yoast-schema-graph\">{\"@context\":\"https:\/\/schema.org\",\"@graph\":[{\"@type\":\"WebPage\",\"@id\":\"https:\/\/www.salve.si\/trgovina\/knjige\/ko-otroci-recejo-da-so-trans\/\",\"url\":\"https:\/\/www.salve.si\/trgovina\/knjige\/ko-otroci-recejo-da-so-trans\/\",\"name\":\"KO OTROCI RE\u010cEJO, DA SO TRANS - Salve\",\"isPartOf\":{\"@id\":\"https:\/\/www.salve.si\/#website\"},\"primaryImageOfPage\":{\"@id\":\"https:\/\/www.salve.si\/trgovina\/knjige\/ko-otroci-recejo-da-so-trans\/#primaryimage\"},\"image\":{\"@id\":\"https:\/\/www.salve.si\/trgovina\/knjige\/ko-otroci-recejo-da-so-trans\/#primaryimage\"},\"thumbnailUrl\":\"https:\/\/www.salve.si\/wp-content\/uploads\/2026\/04\/Ko-otroci-recejo-da-so-trans_NASLOVNICA01.jpg\",\"datePublished\":\"2026-04-13T07:37:19+00:00\",\"dateModified\":\"2026-04-13T07:37:58+00:00\",\"breadcrumb\":{\"@id\":\"https:\/\/www.salve.si\/trgovina\/knjige\/ko-otroci-recejo-da-so-trans\/#breadcrumb\"},\"inLanguage\":\"en-US\",\"potentialAction\":[{\"@type\":\"ReadAction\",\"target\":[\"https:\/\/www.salve.si\/trgovina\/knjige\/ko-otroci-recejo-da-so-trans\/\"]}]},{\"@type\":\"ImageObject\",\"inLanguage\":\"en-US\",\"@id\":\"https:\/\/www.salve.si\/trgovina\/knjige\/ko-otroci-recejo-da-so-trans\/#primaryimage\",\"url\":\"https:\/\/www.salve.si\/wp-content\/uploads\/2026\/04\/Ko-otroci-recejo-da-so-trans_NASLOVNICA01.jpg\",\"contentUrl\":\"https:\/\/www.salve.si\/wp-content\/uploads\/2026\/04\/Ko-otroci-recejo-da-so-trans_NASLOVNICA01.jpg\",\"width\":1542,\"height\":2313},{\"@type\":\"BreadcrumbList\",\"@id\":\"https:\/\/www.salve.si\/trgovina\/knjige\/ko-otroci-recejo-da-so-trans\/#breadcrumb\",\"itemListElement\":[{\"@type\":\"ListItem\",\"position\":1,\"name\":\"Home\",\"item\":\"https:\/\/www.salve.si\/\"},{\"@type\":\"ListItem\",\"position\":2,\"name\":\"Trgovina\",\"item\":\"https:\/\/www.salve.si\/trgovina\/\"},{\"@type\":\"ListItem\",\"position\":3,\"name\":\"KO OTROCI RE\u010cEJO, DA SO TRANS\"}]},{\"@type\":\"WebSite\",\"@id\":\"https:\/\/www.salve.si\/#website\",\"url\":\"https:\/\/www.salve.si\/\",\"name\":\"Salve\",\"description\":\"Salezijanska zalo\u017eba\",\"publisher\":{\"@id\":\"https:\/\/www.salve.si\/#organization\"},\"potentialAction\":[{\"@type\":\"SearchAction\",\"target\":{\"@type\":\"EntryPoint\",\"urlTemplate\":\"https:\/\/www.salve.si\/?s={search_term_string}\"},\"query-input\":{\"@type\":\"PropertyValueSpecification\",\"valueRequired\":true,\"valueName\":\"search_term_string\"}}],\"inLanguage\":\"en-US\"},{\"@type\":\"Organization\",\"@id\":\"https:\/\/www.salve.si\/#organization\",\"name\":\"Salve d.o.o.\",\"url\":\"https:\/\/www.salve.si\/\",\"logo\":{\"@type\":\"ImageObject\",\"inLanguage\":\"en-US\",\"@id\":\"https:\/\/www.salve.si\/#\/schema\/logo\/image\/\",\"url\":\"https:\/\/www.salve.si\/wp-content\/uploads\/2021\/01\/Salve_logo_modri_nov_web.png\",\"contentUrl\":\"https:\/\/www.salve.si\/wp-content\/uploads\/2021\/01\/Salve_logo_modri_nov_web.png\",\"width\":279,\"height\":90,\"caption\":\"Salve d.o.o.\"},\"image\":{\"@id\":\"https:\/\/www.salve.si\/#\/schema\/logo\/image\/\"},\"sameAs\":[\"https:\/\/www.facebook.com\/salve.si\",\"https:\/\/www.instagram.com\/zalozbasalve\/\",\"https:\/\/www.linkedin.com\/company\/zalozba-salve\/\"]}]}<\/script>\n<!-- \/ Yoast SEO plugin. -->","yoast_head_json":{"title":"KO OTROCI RE\u010cEJO, DA SO TRANS - Salve","robots":{"index":"index","follow":"follow","max-snippet":"max-snippet:-1","max-image-preview":"max-image-preview:large","max-video-preview":"max-video-preview:-1"},"canonical":"https:\/\/www.salve.si\/en\/trgovina\/knjige\/ko-otroci-recejo-da-so-trans\/","og_locale":"en_US","og_type":"article","og_title":"KO OTROCI RE\u010cEJO, DA SO TRANS - Salve","og_description":"Zavedamo se, da se bodo nekateri star\u0161i otrok in mladostnikov s spolno disforijo odlo\u010dili, da je socialna in medicinska tranzicija najbolj\u0161a mo\u017enost. Ta knjiga vam bo morda v pomo\u010d, ko razmi\u0161ljate o mo\u017enostih in se posku\u0161ate odlo\u010diti, katero pot izbrati. Po\u0161teno opozorilo: dokazi v tej knjigi vas bodo na splo\u0161no odvrnili od spolne tranzicije va\u0161ega otroka. \u010ce se odlo\u010dite za tranzicijo svojega otroka, vam ta knjiga verjetno ne bo v veliko pomo\u010d. Obstaja veliko knjig, namenjenih star\u0161em, ki otroku pomagajo pri prehodu med spoloma, vendar je le malo knjig, \u010de sploh kak\u0161na, namenjenih star\u0161em, ki menijo, da socialni in\/ali medicinski prehod ni najbolj\u0161a mo\u017enost za njihovega otroka. Mnogi, ki so se odlo\u010dili za tak\u0161en pristop, so bili v medijih in na spletu obrekovani. Povedali so jim, da bodo njihovi otroci postali samomorilni. Bilo je le malo krajev, kjer so lahko na\u0161li podporo.  PREDVIDEN IZID KNJIGE: 04. 05. 2026","og_url":"https:\/\/www.salve.si\/en\/trgovina\/knjige\/ko-otroci-recejo-da-so-trans\/","og_site_name":"Salve","article_publisher":"https:\/\/www.facebook.com\/salve.si","article_modified_time":"2026-04-13T07:37:58+00:00","og_image":[{"width":1542,"height":2313,"url":"https:\/\/www.salve.si\/wp-content\/uploads\/2026\/04\/Ko-otroci-recejo-da-so-trans_NASLOVNICA01.jpg","type":"image\/jpeg"}],"twitter_card":"summary_large_image","twitter_misc":{"Est. reading time":"4 minutes"},"schema":{"@context":"https:\/\/schema.org","@graph":[{"@type":"WebPage","@id":"https:\/\/www.salve.si\/trgovina\/knjige\/ko-otroci-recejo-da-so-trans\/","url":"https:\/\/www.salve.si\/trgovina\/knjige\/ko-otroci-recejo-da-so-trans\/","name":"KO OTROCI RE\u010cEJO, DA SO TRANS - Salve","isPartOf":{"@id":"https:\/\/www.salve.si\/#website"},"primaryImageOfPage":{"@id":"https:\/\/www.salve.si\/trgovina\/knjige\/ko-otroci-recejo-da-so-trans\/#primaryimage"},"image":{"@id":"https:\/\/www.salve.si\/trgovina\/knjige\/ko-otroci-recejo-da-so-trans\/#primaryimage"},"thumbnailUrl":"https:\/\/www.salve.si\/wp-content\/uploads\/2026\/04\/Ko-otroci-recejo-da-so-trans_NASLOVNICA01.jpg","datePublished":"2026-04-13T07:37:19+00:00","dateModified":"2026-04-13T07:37:58+00:00","breadcrumb":{"@id":"https:\/\/www.salve.si\/trgovina\/knjige\/ko-otroci-recejo-da-so-trans\/#breadcrumb"},"inLanguage":"en-US","potentialAction":[{"@type":"ReadAction","target":["https:\/\/www.salve.si\/trgovina\/knjige\/ko-otroci-recejo-da-so-trans\/"]}]},{"@type":"ImageObject","inLanguage":"en-US","@id":"https:\/\/www.salve.si\/trgovina\/knjige\/ko-otroci-recejo-da-so-trans\/#primaryimage","url":"https:\/\/www.salve.si\/wp-content\/uploads\/2026\/04\/Ko-otroci-recejo-da-so-trans_NASLOVNICA01.jpg","contentUrl":"https:\/\/www.salve.si\/wp-content\/uploads\/2026\/04\/Ko-otroci-recejo-da-so-trans_NASLOVNICA01.jpg","width":1542,"height":2313},{"@type":"BreadcrumbList","@id":"https:\/\/www.salve.si\/trgovina\/knjige\/ko-otroci-recejo-da-so-trans\/#breadcrumb","itemListElement":[{"@type":"ListItem","position":1,"name":"Home","item":"https:\/\/www.salve.si\/"},{"@type":"ListItem","position":2,"name":"Trgovina","item":"https:\/\/www.salve.si\/trgovina\/"},{"@type":"ListItem","position":3,"name":"KO OTROCI RE\u010cEJO, DA SO TRANS"}]},{"@type":"WebSite","@id":"https:\/\/www.salve.si\/#website","url":"https:\/\/www.salve.si\/","name":"Salve","description":"Salezijanska zalo\u017eba","publisher":{"@id":"https:\/\/www.salve.si\/#organization"},"potentialAction":[{"@type":"SearchAction","target":{"@type":"EntryPoint","urlTemplate":"https:\/\/www.salve.si\/?s={search_term_string}"},"query-input":{"@type":"PropertyValueSpecification","valueRequired":true,"valueName":"search_term_string"}}],"inLanguage":"en-US"},{"@type":"Organization","@id":"https:\/\/www.salve.si\/#organization","name":"Salve d.o.o.","url":"https:\/\/www.salve.si\/","logo":{"@type":"ImageObject","inLanguage":"en-US","@id":"https:\/\/www.salve.si\/#\/schema\/logo\/image\/","url":"https:\/\/www.salve.si\/wp-content\/uploads\/2021\/01\/Salve_logo_modri_nov_web.png","contentUrl":"https:\/\/www.salve.si\/wp-content\/uploads\/2021\/01\/Salve_logo_modri_nov_web.png","width":279,"height":90,"caption":"Salve d.o.o."},"image":{"@id":"https:\/\/www.salve.si\/#\/schema\/logo\/image\/"},"sameAs":["https:\/\/www.facebook.com\/salve.si","https:\/\/www.instagram.com\/zalozbasalve\/","https:\/\/www.linkedin.com\/company\/zalozba-salve\/"]}]}},"_links":{"self":[{"href":"https:\/\/www.salve.si\/en\/wp-json\/wp\/v2\/product\/21562","targetHints":{"allow":["GET"]}}],"collection":[{"href":"https:\/\/www.salve.si\/en\/wp-json\/wp\/v2\/product"}],"about":[{"href":"https:\/\/www.salve.si\/en\/wp-json\/wp\/v2\/types\/product"}],"version-history":[{"count":2,"href":"https:\/\/www.salve.si\/en\/wp-json\/wp\/v2\/product\/21562\/revisions"}],"predecessor-version":[{"id":21567,"href":"https:\/\/www.salve.si\/en\/wp-json\/wp\/v2\/product\/21562\/revisions\/21567"}],"wp:featuredmedia":[{"embeddable":true,"href":"https:\/\/www.salve.si\/en\/wp-json\/wp\/v2\/media\/21563"}],"wp:attachment":[{"href":"https:\/\/www.salve.si\/en\/wp-json\/wp\/v2\/media?parent=21562"}],"wp:term":[{"taxonomy":"product_cat","embeddable":true,"href":"https:\/\/www.salve.si\/en\/wp-json\/wp\/v2\/product_cat?post=21562"},{"taxonomy":"product_tag","embeddable":true,"href":"https:\/\/www.salve.si\/en\/wp-json\/wp\/v2\/product_tag?post=21562"}],"curies":[{"name":"wp","href":"https:\/\/api.w.org\/{rel}","templated":true}]}}