{"id":21471,"date":"2026-03-27T10:01:26","date_gmt":"2026-03-27T09:01:26","guid":{"rendered":"https:\/\/www.salve.si\/?post_type=product&#038;p=21471"},"modified":"2026-03-27T10:01:27","modified_gmt":"2026-03-27T09:01:27","slug":"zivljenje-v-bozji-navzocnosti","status":"publish","type":"product","link":"https:\/\/www.salve.si\/en\/trgovina\/knjige\/teologija-in-duhovnost\/zivljenje-v-bozji-navzocnosti\/","title":{"rendered":"\u017dIVLJENJE V BO\u017dJI NAVZO\u010cNOSTI"},"content":{"rendered":"<p>Nicolas Herman se je rodil leta 1608 v dana\u0161njem kraju H\u00e9rim\u00e9nil, \u0161tiri kilometre od Lunevilla, v francoski \u0161kofiji Toul. V \u010dasu tridesetletne vojne (1618\u20131648) je bil v bitki pri Rambervillersu leta 1635 hudo ranjen v nogo, zato je moral voja\u0161ko slu\u017ebo zapustiti. Zaradi po\u0161kodbe je ohromel. Najprej je \u017eivel kot pu\u0161\u010davnik, leta 1640 pa je vstopil v red bosonogih karmeli\u010danov v Parizu. Vaja v Bo\u017eji navzo\u010dnosti, v kateri se je dejavno uril 40 let, mu je izkazala milost tudi v zadnjih trenutkih: kakor je povezoval notranjo zbranost z delom za skupnost, je brat Lovrenc popolnoma naravno, brez kr\u010dev in smrtnih bojev od\u0161el k Tistemu, ki ga je vse \u017eivljenje ljubil.<\/p>\n<p>Lovren\u010dev slog je preprost: bil je \u00bbnavaden brat kuhar\u00ab in ni imel visoke izobrazbe. S samim na\u010dinom pisanja torej nagovarja potrebe naj\u0161ir\u0161ih slojev sodobne dru\u017ebe. Poleg tega je bil Lovrenc \u010dlovek, ki ni le iskal, ampak je tudi na\u0161el popolno uresni\u010ditev in je pokazal, da je v \u017eivljenju mogo\u010de dose\u010di, za kar mnogi mislijo, da je utopija ali metafora. \u010ceprav je \u017eivel v 17. stoletju, ne \u010dutimo \u010dasovne razlike med njim in nami, kot se pogosto dogaja pri delih nekaterih drugih pisateljev. Preprostost in neposrednost sloga, odsotnost odve\u010dnih besed in osredoto\u010denost na bistveno nam dajejo ob\u010dutek, da beremo delo sodobnega avtorja.<\/p>\n<p>&#8212;-<\/p>\n<p>\u00bbV nekem trenutku me je pre\u0161inila misel, da je to delce zahodna razli\u010dica <em>Pripovedi ruskega romarja<\/em>, ki govori o istem cilju \u010dlovekovega \u017eivljenja.\u00ab<\/p>\n<p><em>Marjan Turn\u0161ek, upokojeni mariborski nad\u0161kof<\/em><span class=\"slv-content-keywords\"> Knjige Teologija in duhovnost kr\u0161\u010danska duhovnost duhovnost za vsak dan premi\u0161ljevalna molitev Nicolas Herman (br. Lovrenc od Vstajenja <\/span><\/p>","protected":false},"excerpt":{"rendered":"<p>\u00bbIzku\u0161nja zedinjenja z Bogom, ki jo brat Lovrenc na teh straneh opisuje kot osebni odnos, sestavljen iz sre\u010danj in pogovorov, skrivanj in presene\u010denj, zaupljive in popolne izro\u010denosti, spominja na izku\u0161nje velikih mistikov, predvsem Terezije Avilske, ki je tudi sama pri\u010dala o tej doma\u010dnosti z Gospodom, ko je govorila o \u00bbBogu med lonci in ponvami\u00ab. Vendar ka\u017ee pot, ki je dostopna vsem, prav zato, ker je preprosta in vsakdanja.\u00ab<\/p>\n<p><em>Iz uvoda pape\u017ea Leona XIV.<\/em><\/p>","protected":false},"featured_media":21474,"template":"","meta":{"_acf_changed":false,"footnotes":""},"product_cat":[141,314],"product_tag":[1449,981,1450],"class_list":{"0":"post-21471","1":"product","2":"type-product","3":"status-publish","4":"has-post-thumbnail","6":"authors-nicolas-herman-br-lovrenc-od-vstajenja","7":"publisher-salve-d-o-o-ljubljana","8":"product_cat-knjige","9":"product_cat-teologija-in-duhovnost","10":"product_tag-duhovnost-za-vsak-dan","11":"product_tag-krscanska-duhovnost","12":"product_tag-premisljevalna-molitev","14":"first","15":"instock","16":"shipping-taxable","17":"purchasable","18":"product-type-simple"},"acf":[],"yoast_head":"<!-- This site is optimized with the Yoast SEO plugin v23.8 - https:\/\/yoast.com\/wordpress\/plugins\/seo\/ -->\n<title>\u017dIVLJENJE V BO\u017dJI NAVZO\u010cNOSTI - Salve<\/title>\n<meta name=\"robots\" content=\"index, follow, max-snippet:-1, max-image-preview:large, max-video-preview:-1\" \/>\n<link rel=\"canonical\" href=\"https:\/\/www.salve.si\/en\/trgovina\/knjige\/teologija-in-duhovnost\/zivljenje-v-bozji-navzocnosti\/\" \/>\n<meta property=\"og:locale\" content=\"en_US\" \/>\n<meta property=\"og:type\" content=\"article\" \/>\n<meta property=\"og:title\" content=\"\u017dIVLJENJE V BO\u017dJI NAVZO\u010cNOSTI - Salve\" \/>\n<meta property=\"og:description\" content=\"\u00bbIzku\u0161nja zedinjenja z Bogom, ki jo brat Lovrenc na teh straneh opisuje kot osebni odnos, sestavljen iz sre\u010danj in pogovorov, skrivanj in presene\u010denj, zaupljive in popolne izro\u010denosti, spominja na izku\u0161nje velikih mistikov, predvsem Terezije Avilske, ki je tudi sama pri\u010dala o tej doma\u010dnosti z Gospodom, ko je govorila o \u00bbBogu med lonci in ponvami\u00ab. Vendar ka\u017ee pot, ki je dostopna vsem, prav zato, ker je preprosta in vsakdanja.\u00ab  Iz uvoda pape\u017ea Leona XIV.\" \/>\n<meta property=\"og:url\" content=\"https:\/\/www.salve.si\/en\/trgovina\/knjige\/teologija-in-duhovnost\/zivljenje-v-bozji-navzocnosti\/\" \/>\n<meta property=\"og:site_name\" content=\"Salve\" \/>\n<meta property=\"article:publisher\" content=\"https:\/\/www.facebook.com\/salve.si\" \/>\n<meta property=\"article:modified_time\" content=\"2026-03-27T09:01:27+00:00\" \/>\n<meta property=\"og:image\" content=\"https:\/\/www.salve.si\/wp-content\/uploads\/2026\/03\/Herman_Zivljenje-v-Bozji-navzocnosti_NASLOVNICA01.jpg\" \/>\n\t<meta property=\"og:image:width\" content=\"1356\" \/>\n\t<meta property=\"og:image:height\" content=\"2067\" \/>\n\t<meta property=\"og:image:type\" content=\"image\/jpeg\" \/>\n<meta name=\"twitter:card\" content=\"summary_large_image\" \/>\n<meta name=\"twitter:label1\" content=\"Est. reading time\" \/>\n\t<meta name=\"twitter:data1\" content=\"2 minutes\" \/>\n<script type=\"application\/ld+json\" class=\"yoast-schema-graph\">{\"@context\":\"https:\/\/schema.org\",\"@graph\":[{\"@type\":\"WebPage\",\"@id\":\"https:\/\/www.salve.si\/trgovina\/knjige\/teologija-in-duhovnost\/zivljenje-v-bozji-navzocnosti\/\",\"url\":\"https:\/\/www.salve.si\/trgovina\/knjige\/teologija-in-duhovnost\/zivljenje-v-bozji-navzocnosti\/\",\"name\":\"\u017dIVLJENJE V BO\u017dJI NAVZO\u010cNOSTI - Salve\",\"isPartOf\":{\"@id\":\"https:\/\/www.salve.si\/#website\"},\"primaryImageOfPage\":{\"@id\":\"https:\/\/www.salve.si\/trgovina\/knjige\/teologija-in-duhovnost\/zivljenje-v-bozji-navzocnosti\/#primaryimage\"},\"image\":{\"@id\":\"https:\/\/www.salve.si\/trgovina\/knjige\/teologija-in-duhovnost\/zivljenje-v-bozji-navzocnosti\/#primaryimage\"},\"thumbnailUrl\":\"https:\/\/www.salve.si\/wp-content\/uploads\/2026\/03\/Herman_Zivljenje-v-Bozji-navzocnosti_NASLOVNICA01.jpg\",\"datePublished\":\"2026-03-27T09:01:26+00:00\",\"dateModified\":\"2026-03-27T09:01:27+00:00\",\"breadcrumb\":{\"@id\":\"https:\/\/www.salve.si\/trgovina\/knjige\/teologija-in-duhovnost\/zivljenje-v-bozji-navzocnosti\/#breadcrumb\"},\"inLanguage\":\"en-US\",\"potentialAction\":[{\"@type\":\"ReadAction\",\"target\":[\"https:\/\/www.salve.si\/trgovina\/knjige\/teologija-in-duhovnost\/zivljenje-v-bozji-navzocnosti\/\"]}]},{\"@type\":\"ImageObject\",\"inLanguage\":\"en-US\",\"@id\":\"https:\/\/www.salve.si\/trgovina\/knjige\/teologija-in-duhovnost\/zivljenje-v-bozji-navzocnosti\/#primaryimage\",\"url\":\"https:\/\/www.salve.si\/wp-content\/uploads\/2026\/03\/Herman_Zivljenje-v-Bozji-navzocnosti_NASLOVNICA01.jpg\",\"contentUrl\":\"https:\/\/www.salve.si\/wp-content\/uploads\/2026\/03\/Herman_Zivljenje-v-Bozji-navzocnosti_NASLOVNICA01.jpg\",\"width\":1356,\"height\":2067},{\"@type\":\"BreadcrumbList\",\"@id\":\"https:\/\/www.salve.si\/trgovina\/knjige\/teologija-in-duhovnost\/zivljenje-v-bozji-navzocnosti\/#breadcrumb\",\"itemListElement\":[{\"@type\":\"ListItem\",\"position\":1,\"name\":\"Home\",\"item\":\"https:\/\/www.salve.si\/\"},{\"@type\":\"ListItem\",\"position\":2,\"name\":\"Trgovina\",\"item\":\"https:\/\/www.salve.si\/trgovina\/\"},{\"@type\":\"ListItem\",\"position\":3,\"name\":\"\u017dIVLJENJE V BO\u017dJI NAVZO\u010cNOSTI\"}]},{\"@type\":\"WebSite\",\"@id\":\"https:\/\/www.salve.si\/#website\",\"url\":\"https:\/\/www.salve.si\/\",\"name\":\"Salve\",\"description\":\"Salezijanska zalo\u017eba\",\"publisher\":{\"@id\":\"https:\/\/www.salve.si\/#organization\"},\"potentialAction\":[{\"@type\":\"SearchAction\",\"target\":{\"@type\":\"EntryPoint\",\"urlTemplate\":\"https:\/\/www.salve.si\/?s={search_term_string}\"},\"query-input\":{\"@type\":\"PropertyValueSpecification\",\"valueRequired\":true,\"valueName\":\"search_term_string\"}}],\"inLanguage\":\"en-US\"},{\"@type\":\"Organization\",\"@id\":\"https:\/\/www.salve.si\/#organization\",\"name\":\"Salve d.o.o.\",\"url\":\"https:\/\/www.salve.si\/\",\"logo\":{\"@type\":\"ImageObject\",\"inLanguage\":\"en-US\",\"@id\":\"https:\/\/www.salve.si\/#\/schema\/logo\/image\/\",\"url\":\"https:\/\/www.salve.si\/wp-content\/uploads\/2021\/01\/Salve_logo_modri_nov_web.png\",\"contentUrl\":\"https:\/\/www.salve.si\/wp-content\/uploads\/2021\/01\/Salve_logo_modri_nov_web.png\",\"width\":279,\"height\":90,\"caption\":\"Salve d.o.o.\"},\"image\":{\"@id\":\"https:\/\/www.salve.si\/#\/schema\/logo\/image\/\"},\"sameAs\":[\"https:\/\/www.facebook.com\/salve.si\",\"https:\/\/www.instagram.com\/zalozbasalve\/\",\"https:\/\/www.linkedin.com\/company\/zalozba-salve\/\"]}]}<\/script>\n<!-- \/ Yoast SEO plugin. -->","yoast_head_json":{"title":"\u017dIVLJENJE V BO\u017dJI NAVZO\u010cNOSTI - Salve","robots":{"index":"index","follow":"follow","max-snippet":"max-snippet:-1","max-image-preview":"max-image-preview:large","max-video-preview":"max-video-preview:-1"},"canonical":"https:\/\/www.salve.si\/en\/trgovina\/knjige\/teologija-in-duhovnost\/zivljenje-v-bozji-navzocnosti\/","og_locale":"en_US","og_type":"article","og_title":"\u017dIVLJENJE V BO\u017dJI NAVZO\u010cNOSTI - Salve","og_description":"\u00bbIzku\u0161nja zedinjenja z Bogom, ki jo brat Lovrenc na teh straneh opisuje kot osebni odnos, sestavljen iz sre\u010danj in pogovorov, skrivanj in presene\u010denj, zaupljive in popolne izro\u010denosti, spominja na izku\u0161nje velikih mistikov, predvsem Terezije Avilske, ki je tudi sama pri\u010dala o tej doma\u010dnosti z Gospodom, ko je govorila o \u00bbBogu med lonci in ponvami\u00ab. Vendar ka\u017ee pot, ki je dostopna vsem, prav zato, ker je preprosta in vsakdanja.\u00ab  Iz uvoda pape\u017ea Leona XIV.","og_url":"https:\/\/www.salve.si\/en\/trgovina\/knjige\/teologija-in-duhovnost\/zivljenje-v-bozji-navzocnosti\/","og_site_name":"Salve","article_publisher":"https:\/\/www.facebook.com\/salve.si","article_modified_time":"2026-03-27T09:01:27+00:00","og_image":[{"width":1356,"height":2067,"url":"https:\/\/www.salve.si\/wp-content\/uploads\/2026\/03\/Herman_Zivljenje-v-Bozji-navzocnosti_NASLOVNICA01.jpg","type":"image\/jpeg"}],"twitter_card":"summary_large_image","twitter_misc":{"Est. reading time":"2 minutes"},"schema":{"@context":"https:\/\/schema.org","@graph":[{"@type":"WebPage","@id":"https:\/\/www.salve.si\/trgovina\/knjige\/teologija-in-duhovnost\/zivljenje-v-bozji-navzocnosti\/","url":"https:\/\/www.salve.si\/trgovina\/knjige\/teologija-in-duhovnost\/zivljenje-v-bozji-navzocnosti\/","name":"\u017dIVLJENJE V BO\u017dJI NAVZO\u010cNOSTI - Salve","isPartOf":{"@id":"https:\/\/www.salve.si\/#website"},"primaryImageOfPage":{"@id":"https:\/\/www.salve.si\/trgovina\/knjige\/teologija-in-duhovnost\/zivljenje-v-bozji-navzocnosti\/#primaryimage"},"image":{"@id":"https:\/\/www.salve.si\/trgovina\/knjige\/teologija-in-duhovnost\/zivljenje-v-bozji-navzocnosti\/#primaryimage"},"thumbnailUrl":"https:\/\/www.salve.si\/wp-content\/uploads\/2026\/03\/Herman_Zivljenje-v-Bozji-navzocnosti_NASLOVNICA01.jpg","datePublished":"2026-03-27T09:01:26+00:00","dateModified":"2026-03-27T09:01:27+00:00","breadcrumb":{"@id":"https:\/\/www.salve.si\/trgovina\/knjige\/teologija-in-duhovnost\/zivljenje-v-bozji-navzocnosti\/#breadcrumb"},"inLanguage":"en-US","potentialAction":[{"@type":"ReadAction","target":["https:\/\/www.salve.si\/trgovina\/knjige\/teologija-in-duhovnost\/zivljenje-v-bozji-navzocnosti\/"]}]},{"@type":"ImageObject","inLanguage":"en-US","@id":"https:\/\/www.salve.si\/trgovina\/knjige\/teologija-in-duhovnost\/zivljenje-v-bozji-navzocnosti\/#primaryimage","url":"https:\/\/www.salve.si\/wp-content\/uploads\/2026\/03\/Herman_Zivljenje-v-Bozji-navzocnosti_NASLOVNICA01.jpg","contentUrl":"https:\/\/www.salve.si\/wp-content\/uploads\/2026\/03\/Herman_Zivljenje-v-Bozji-navzocnosti_NASLOVNICA01.jpg","width":1356,"height":2067},{"@type":"BreadcrumbList","@id":"https:\/\/www.salve.si\/trgovina\/knjige\/teologija-in-duhovnost\/zivljenje-v-bozji-navzocnosti\/#breadcrumb","itemListElement":[{"@type":"ListItem","position":1,"name":"Home","item":"https:\/\/www.salve.si\/"},{"@type":"ListItem","position":2,"name":"Trgovina","item":"https:\/\/www.salve.si\/trgovina\/"},{"@type":"ListItem","position":3,"name":"\u017dIVLJENJE V BO\u017dJI NAVZO\u010cNOSTI"}]},{"@type":"WebSite","@id":"https:\/\/www.salve.si\/#website","url":"https:\/\/www.salve.si\/","name":"Salve","description":"Salezijanska zalo\u017eba","publisher":{"@id":"https:\/\/www.salve.si\/#organization"},"potentialAction":[{"@type":"SearchAction","target":{"@type":"EntryPoint","urlTemplate":"https:\/\/www.salve.si\/?s={search_term_string}"},"query-input":{"@type":"PropertyValueSpecification","valueRequired":true,"valueName":"search_term_string"}}],"inLanguage":"en-US"},{"@type":"Organization","@id":"https:\/\/www.salve.si\/#organization","name":"Salve d.o.o.","url":"https:\/\/www.salve.si\/","logo":{"@type":"ImageObject","inLanguage":"en-US","@id":"https:\/\/www.salve.si\/#\/schema\/logo\/image\/","url":"https:\/\/www.salve.si\/wp-content\/uploads\/2021\/01\/Salve_logo_modri_nov_web.png","contentUrl":"https:\/\/www.salve.si\/wp-content\/uploads\/2021\/01\/Salve_logo_modri_nov_web.png","width":279,"height":90,"caption":"Salve d.o.o."},"image":{"@id":"https:\/\/www.salve.si\/#\/schema\/logo\/image\/"},"sameAs":["https:\/\/www.facebook.com\/salve.si","https:\/\/www.instagram.com\/zalozbasalve\/","https:\/\/www.linkedin.com\/company\/zalozba-salve\/"]}]}},"_links":{"self":[{"href":"https:\/\/www.salve.si\/en\/wp-json\/wp\/v2\/product\/21471","targetHints":{"allow":["GET"]}}],"collection":[{"href":"https:\/\/www.salve.si\/en\/wp-json\/wp\/v2\/product"}],"about":[{"href":"https:\/\/www.salve.si\/en\/wp-json\/wp\/v2\/types\/product"}],"version-history":[{"count":2,"href":"https:\/\/www.salve.si\/en\/wp-json\/wp\/v2\/product\/21471\/revisions"}],"predecessor-version":[{"id":21475,"href":"https:\/\/www.salve.si\/en\/wp-json\/wp\/v2\/product\/21471\/revisions\/21475"}],"wp:featuredmedia":[{"embeddable":true,"href":"https:\/\/www.salve.si\/en\/wp-json\/wp\/v2\/media\/21474"}],"wp:attachment":[{"href":"https:\/\/www.salve.si\/en\/wp-json\/wp\/v2\/media?parent=21471"}],"wp:term":[{"taxonomy":"product_cat","embeddable":true,"href":"https:\/\/www.salve.si\/en\/wp-json\/wp\/v2\/product_cat?post=21471"},{"taxonomy":"product_tag","embeddable":true,"href":"https:\/\/www.salve.si\/en\/wp-json\/wp\/v2\/product_tag?post=21471"}],"curies":[{"name":"wp","href":"https:\/\/api.w.org\/{rel}","templated":true}]}}