{"id":21457,"date":"2026-03-25T11:20:26","date_gmt":"2026-03-25T10:20:26","guid":{"rendered":"https:\/\/www.salve.si\/?post_type=product&#038;p=21457"},"modified":"2026-04-28T09:24:49","modified_gmt":"2026-04-28T07:24:49","slug":"dark-street","status":"publish","type":"product","link":"https:\/\/www.salve.si\/en\/trgovina\/knjige\/mladinske\/dark-street\/","title":{"rendered":"DARK STREET"},"content":{"rendered":"<p>Roman za mlade in odrasle je preprost in ga je enostavno prebirati. Poglobljeno branje pa v nas spodbuja ponoven razmislek o temi \u017eivljenja kot umetnine, ki jo oblikuje in z njo manipulira zunanja elita. Mo\u017ena pot iz tega je pobeg \u2013 odre\u010di se stanju udobja in postati gospodar samega sebe, dale\u010d od rutine, ki nas omejuje. Toda komu lahko zaupam? Kaj je resni\u010dno in kaj le del resni\u010dnostnega \u0161ova, v katerem \u017eivim? Roman odpira pogovor o otro\u0161kih vplivne\u017eih, resni\u010dnostnih formatih, komercializaciji intime, pogodbenem nasilju, spletnih govoricah in pravici do zasebnosti.<\/p>\n<p><strong>O avtorici<\/strong><\/p>\n<p>Sof\u00eda Rhei (Madrid, 1978) je pisateljica spekulativne in eksperimentalne poezije.<br \/>\nZbira semena in lego kocke. Pi\u0161e za otroke (El joven Moriarty, Olivia Shakespeare, C\u00f3mo tener ideas), mlade (Flores de Sombra, La calle Andersen) in odrasle (Newrop\u00eda, R\u00f3ndola, Esp\u00e9rame en la \u00faltima p\u00e1gina, El bosque profundo, Alicia Vol\u00e1til).<\/p>\n<p>Je prejemnica nagrad Javier Egea, Celsius, Spirit of Dedication in Dwarf Stars, nagrado Banco del Libro de Venezuela in je vklju\u010dena v katalog White Ravens.<span class=\"slv-content-keywords\"> Knjige Mladinska literatura Mladinske medijski vpliv mladinski roman notranja in zunanja svoboda zasebnost Sofia Rhei <\/span><\/p>","protected":false},"excerpt":{"rendered":"<p>Glavni junak Diego je trinajstletni fant, ki naj bi v \u017eivljenju dosegel velik uspeh, saj je znan igralec v priljubljenih srhljivkah. Toda resni\u010dnost je precej druga\u010dna, saj ga \u017ee od otro\u0161tva 24\/7 snemajo v filmskih studiih Dark Street, kjer \u017eivi s star\u0161i. Nenehen plaz strahov in pojavov po\u0161asti mu povzro\u010da ogromen stres. Edina tola\u017eba, ki jo prejema od svojih obo\u017eevalcev, so optimisti\u010dna in spodbudna sporo\u010dila. Njegova star\u0161a se ne razumeta, pogosto se prepirata, njegova edina ambicija pa je pobegniti iz takega \u017eivljenja. Vendar to ne bo lahko, saj \u00bbProdukcija\u00ab, lastnica vsega, ne izbira sredstev, da bi mu prepre\u010dila odhod.<\/p>\n<p>&nbsp;<\/p>","protected":false},"featured_media":21449,"template":"","meta":{"_acf_changed":false,"footnotes":""},"product_cat":[1166,141,266],"product_tag":[1446,1142,1448,1447],"class_list":{"0":"post-21457","1":"product","2":"type-product","3":"status-publish","4":"has-post-thumbnail","6":"authors-sofia-rhei","7":"publisher-salve-d-o-o-ljubljana","8":"product_cat-mladinska-literatura","9":"product_cat-knjige","10":"product_cat-mladinske","11":"product_tag-medijski-vpliv","12":"product_tag-mladinski-roman","13":"product_tag-notranja-in-zunanja-svoboda","14":"product_tag-zasebnost","16":"first","17":"instock","18":"shipping-taxable","19":"purchasable","20":"product-type-simple"},"acf":[],"yoast_head":"<!-- This site is optimized with the Yoast SEO plugin v23.8 - https:\/\/yoast.com\/wordpress\/plugins\/seo\/ -->\n<title>DARK STREET - Salve<\/title>\n<meta name=\"robots\" content=\"index, follow, max-snippet:-1, max-image-preview:large, max-video-preview:-1\" \/>\n<link rel=\"canonical\" href=\"https:\/\/www.salve.si\/en\/trgovina\/knjige\/mladinske\/dark-street\/\" \/>\n<meta property=\"og:locale\" content=\"en_US\" \/>\n<meta property=\"og:type\" content=\"article\" \/>\n<meta property=\"og:title\" content=\"DARK STREET - Salve\" \/>\n<meta property=\"og:description\" content=\"Glavni junak Diego je trinajstletni fant, ki naj bi v \u017eivljenju dosegel velik uspeh, saj je znan igralec v priljubljenih srhljivkah. Toda resni\u010dnost je precej druga\u010dna, saj ga \u017ee od otro\u0161tva 24\/7 snemajo v filmskih studiih Dark Street, kjer \u017eivi s star\u0161i. Nenehen plaz strahov in pojavov po\u0161asti mu povzro\u010da ogromen stres. Edina tola\u017eba, ki jo prejema od svojih obo\u017eevalcev, so optimisti\u010dna in spodbudna sporo\u010dila. Njegova star\u0161a se ne razumeta, pogosto se prepirata, njegova edina ambicija pa je pobegniti iz takega \u017eivljenja. Vendar to ne bo lahko, saj \u00bbProdukcija\u00ab, lastnica vsega, ne izbira sredstev, da bi mu prepre\u010dila odhod.  &nbsp;\" \/>\n<meta property=\"og:url\" content=\"https:\/\/www.salve.si\/en\/trgovina\/knjige\/mladinske\/dark-street\/\" \/>\n<meta property=\"og:site_name\" content=\"Salve\" \/>\n<meta property=\"article:publisher\" content=\"https:\/\/www.facebook.com\/salve.si\" \/>\n<meta property=\"article:modified_time\" content=\"2026-04-28T07:24:49+00:00\" \/>\n<meta property=\"og:image\" content=\"https:\/\/www.salve.si\/wp-content\/uploads\/2026\/03\/Rhei_Dark-street-NASLOVNICA01.jpg\" \/>\n\t<meta property=\"og:image:width\" content=\"1282\" \/>\n\t<meta property=\"og:image:height\" content=\"2018\" \/>\n\t<meta property=\"og:image:type\" content=\"image\/jpeg\" \/>\n<meta name=\"twitter:card\" content=\"summary_large_image\" \/>\n<meta name=\"twitter:label1\" content=\"Est. reading time\" \/>\n\t<meta name=\"twitter:data1\" content=\"2 minutes\" \/>\n<script type=\"application\/ld+json\" class=\"yoast-schema-graph\">{\"@context\":\"https:\/\/schema.org\",\"@graph\":[{\"@type\":\"WebPage\",\"@id\":\"https:\/\/www.salve.si\/trgovina\/knjige\/mladinske\/dark-street\/\",\"url\":\"https:\/\/www.salve.si\/trgovina\/knjige\/mladinske\/dark-street\/\",\"name\":\"DARK STREET - Salve\",\"isPartOf\":{\"@id\":\"https:\/\/www.salve.si\/#website\"},\"primaryImageOfPage\":{\"@id\":\"https:\/\/www.salve.si\/trgovina\/knjige\/mladinske\/dark-street\/#primaryimage\"},\"image\":{\"@id\":\"https:\/\/www.salve.si\/trgovina\/knjige\/mladinske\/dark-street\/#primaryimage\"},\"thumbnailUrl\":\"https:\/\/www.salve.si\/wp-content\/uploads\/2026\/03\/Rhei_Dark-street-NASLOVNICA01.jpg\",\"datePublished\":\"2026-03-25T10:20:26+00:00\",\"dateModified\":\"2026-04-28T07:24:49+00:00\",\"breadcrumb\":{\"@id\":\"https:\/\/www.salve.si\/trgovina\/knjige\/mladinske\/dark-street\/#breadcrumb\"},\"inLanguage\":\"en-US\",\"potentialAction\":[{\"@type\":\"ReadAction\",\"target\":[\"https:\/\/www.salve.si\/trgovina\/knjige\/mladinske\/dark-street\/\"]}]},{\"@type\":\"ImageObject\",\"inLanguage\":\"en-US\",\"@id\":\"https:\/\/www.salve.si\/trgovina\/knjige\/mladinske\/dark-street\/#primaryimage\",\"url\":\"https:\/\/www.salve.si\/wp-content\/uploads\/2026\/03\/Rhei_Dark-street-NASLOVNICA01.jpg\",\"contentUrl\":\"https:\/\/www.salve.si\/wp-content\/uploads\/2026\/03\/Rhei_Dark-street-NASLOVNICA01.jpg\",\"width\":1282,\"height\":2018},{\"@type\":\"BreadcrumbList\",\"@id\":\"https:\/\/www.salve.si\/trgovina\/knjige\/mladinske\/dark-street\/#breadcrumb\",\"itemListElement\":[{\"@type\":\"ListItem\",\"position\":1,\"name\":\"Home\",\"item\":\"https:\/\/www.salve.si\/\"},{\"@type\":\"ListItem\",\"position\":2,\"name\":\"Trgovina\",\"item\":\"https:\/\/www.salve.si\/trgovina\/\"},{\"@type\":\"ListItem\",\"position\":3,\"name\":\"DARK STREET\"}]},{\"@type\":\"WebSite\",\"@id\":\"https:\/\/www.salve.si\/#website\",\"url\":\"https:\/\/www.salve.si\/\",\"name\":\"Salve\",\"description\":\"Salezijanska zalo\u017eba\",\"publisher\":{\"@id\":\"https:\/\/www.salve.si\/#organization\"},\"potentialAction\":[{\"@type\":\"SearchAction\",\"target\":{\"@type\":\"EntryPoint\",\"urlTemplate\":\"https:\/\/www.salve.si\/?s={search_term_string}\"},\"query-input\":{\"@type\":\"PropertyValueSpecification\",\"valueRequired\":true,\"valueName\":\"search_term_string\"}}],\"inLanguage\":\"en-US\"},{\"@type\":\"Organization\",\"@id\":\"https:\/\/www.salve.si\/#organization\",\"name\":\"Salve d.o.o.\",\"url\":\"https:\/\/www.salve.si\/\",\"logo\":{\"@type\":\"ImageObject\",\"inLanguage\":\"en-US\",\"@id\":\"https:\/\/www.salve.si\/#\/schema\/logo\/image\/\",\"url\":\"https:\/\/www.salve.si\/wp-content\/uploads\/2021\/01\/Salve_logo_modri_nov_web.png\",\"contentUrl\":\"https:\/\/www.salve.si\/wp-content\/uploads\/2021\/01\/Salve_logo_modri_nov_web.png\",\"width\":279,\"height\":90,\"caption\":\"Salve d.o.o.\"},\"image\":{\"@id\":\"https:\/\/www.salve.si\/#\/schema\/logo\/image\/\"},\"sameAs\":[\"https:\/\/www.facebook.com\/salve.si\",\"https:\/\/www.instagram.com\/zalozbasalve\/\",\"https:\/\/www.linkedin.com\/company\/zalozba-salve\/\"]}]}<\/script>\n<!-- \/ Yoast SEO plugin. -->","yoast_head_json":{"title":"DARK STREET - Salve","robots":{"index":"index","follow":"follow","max-snippet":"max-snippet:-1","max-image-preview":"max-image-preview:large","max-video-preview":"max-video-preview:-1"},"canonical":"https:\/\/www.salve.si\/en\/trgovina\/knjige\/mladinske\/dark-street\/","og_locale":"en_US","og_type":"article","og_title":"DARK STREET - Salve","og_description":"Glavni junak Diego je trinajstletni fant, ki naj bi v \u017eivljenju dosegel velik uspeh, saj je znan igralec v priljubljenih srhljivkah. Toda resni\u010dnost je precej druga\u010dna, saj ga \u017ee od otro\u0161tva 24\/7 snemajo v filmskih studiih Dark Street, kjer \u017eivi s star\u0161i. Nenehen plaz strahov in pojavov po\u0161asti mu povzro\u010da ogromen stres. Edina tola\u017eba, ki jo prejema od svojih obo\u017eevalcev, so optimisti\u010dna in spodbudna sporo\u010dila. Njegova star\u0161a se ne razumeta, pogosto se prepirata, njegova edina ambicija pa je pobegniti iz takega \u017eivljenja. Vendar to ne bo lahko, saj \u00bbProdukcija\u00ab, lastnica vsega, ne izbira sredstev, da bi mu prepre\u010dila odhod.  &nbsp;","og_url":"https:\/\/www.salve.si\/en\/trgovina\/knjige\/mladinske\/dark-street\/","og_site_name":"Salve","article_publisher":"https:\/\/www.facebook.com\/salve.si","article_modified_time":"2026-04-28T07:24:49+00:00","og_image":[{"width":1282,"height":2018,"url":"https:\/\/www.salve.si\/wp-content\/uploads\/2026\/03\/Rhei_Dark-street-NASLOVNICA01.jpg","type":"image\/jpeg"}],"twitter_card":"summary_large_image","twitter_misc":{"Est. reading time":"2 minutes"},"schema":{"@context":"https:\/\/schema.org","@graph":[{"@type":"WebPage","@id":"https:\/\/www.salve.si\/trgovina\/knjige\/mladinske\/dark-street\/","url":"https:\/\/www.salve.si\/trgovina\/knjige\/mladinske\/dark-street\/","name":"DARK STREET - Salve","isPartOf":{"@id":"https:\/\/www.salve.si\/#website"},"primaryImageOfPage":{"@id":"https:\/\/www.salve.si\/trgovina\/knjige\/mladinske\/dark-street\/#primaryimage"},"image":{"@id":"https:\/\/www.salve.si\/trgovina\/knjige\/mladinske\/dark-street\/#primaryimage"},"thumbnailUrl":"https:\/\/www.salve.si\/wp-content\/uploads\/2026\/03\/Rhei_Dark-street-NASLOVNICA01.jpg","datePublished":"2026-03-25T10:20:26+00:00","dateModified":"2026-04-28T07:24:49+00:00","breadcrumb":{"@id":"https:\/\/www.salve.si\/trgovina\/knjige\/mladinske\/dark-street\/#breadcrumb"},"inLanguage":"en-US","potentialAction":[{"@type":"ReadAction","target":["https:\/\/www.salve.si\/trgovina\/knjige\/mladinske\/dark-street\/"]}]},{"@type":"ImageObject","inLanguage":"en-US","@id":"https:\/\/www.salve.si\/trgovina\/knjige\/mladinske\/dark-street\/#primaryimage","url":"https:\/\/www.salve.si\/wp-content\/uploads\/2026\/03\/Rhei_Dark-street-NASLOVNICA01.jpg","contentUrl":"https:\/\/www.salve.si\/wp-content\/uploads\/2026\/03\/Rhei_Dark-street-NASLOVNICA01.jpg","width":1282,"height":2018},{"@type":"BreadcrumbList","@id":"https:\/\/www.salve.si\/trgovina\/knjige\/mladinske\/dark-street\/#breadcrumb","itemListElement":[{"@type":"ListItem","position":1,"name":"Home","item":"https:\/\/www.salve.si\/"},{"@type":"ListItem","position":2,"name":"Trgovina","item":"https:\/\/www.salve.si\/trgovina\/"},{"@type":"ListItem","position":3,"name":"DARK STREET"}]},{"@type":"WebSite","@id":"https:\/\/www.salve.si\/#website","url":"https:\/\/www.salve.si\/","name":"Salve","description":"Salezijanska zalo\u017eba","publisher":{"@id":"https:\/\/www.salve.si\/#organization"},"potentialAction":[{"@type":"SearchAction","target":{"@type":"EntryPoint","urlTemplate":"https:\/\/www.salve.si\/?s={search_term_string}"},"query-input":{"@type":"PropertyValueSpecification","valueRequired":true,"valueName":"search_term_string"}}],"inLanguage":"en-US"},{"@type":"Organization","@id":"https:\/\/www.salve.si\/#organization","name":"Salve d.o.o.","url":"https:\/\/www.salve.si\/","logo":{"@type":"ImageObject","inLanguage":"en-US","@id":"https:\/\/www.salve.si\/#\/schema\/logo\/image\/","url":"https:\/\/www.salve.si\/wp-content\/uploads\/2021\/01\/Salve_logo_modri_nov_web.png","contentUrl":"https:\/\/www.salve.si\/wp-content\/uploads\/2021\/01\/Salve_logo_modri_nov_web.png","width":279,"height":90,"caption":"Salve d.o.o."},"image":{"@id":"https:\/\/www.salve.si\/#\/schema\/logo\/image\/"},"sameAs":["https:\/\/www.facebook.com\/salve.si","https:\/\/www.instagram.com\/zalozbasalve\/","https:\/\/www.linkedin.com\/company\/zalozba-salve\/"]}]}},"_links":{"self":[{"href":"https:\/\/www.salve.si\/en\/wp-json\/wp\/v2\/product\/21457","targetHints":{"allow":["GET"]}}],"collection":[{"href":"https:\/\/www.salve.si\/en\/wp-json\/wp\/v2\/product"}],"about":[{"href":"https:\/\/www.salve.si\/en\/wp-json\/wp\/v2\/types\/product"}],"version-history":[{"count":6,"href":"https:\/\/www.salve.si\/en\/wp-json\/wp\/v2\/product\/21457\/revisions"}],"predecessor-version":[{"id":21618,"href":"https:\/\/www.salve.si\/en\/wp-json\/wp\/v2\/product\/21457\/revisions\/21618"}],"wp:featuredmedia":[{"embeddable":true,"href":"https:\/\/www.salve.si\/en\/wp-json\/wp\/v2\/media\/21449"}],"wp:attachment":[{"href":"https:\/\/www.salve.si\/en\/wp-json\/wp\/v2\/media?parent=21457"}],"wp:term":[{"taxonomy":"product_cat","embeddable":true,"href":"https:\/\/www.salve.si\/en\/wp-json\/wp\/v2\/product_cat?post=21457"},{"taxonomy":"product_tag","embeddable":true,"href":"https:\/\/www.salve.si\/en\/wp-json\/wp\/v2\/product_tag?post=21457"}],"curies":[{"name":"wp","href":"https:\/\/api.w.org\/{rel}","templated":true}]}}