{"id":21267,"date":"2026-02-26T07:58:13","date_gmt":"2026-02-26T06:58:13","guid":{"rendered":"https:\/\/www.salve.si\/?post_type=product&#038;p=21267"},"modified":"2026-04-09T14:47:22","modified_gmt":"2026-04-09T12:47:22","slug":"zivi-in-delaj-dobro","status":"publish","type":"product","link":"https:\/\/www.salve.si\/en\/trgovina\/knjige\/teologija-in-duhovnost\/zivi-in-delaj-dobro\/","title":{"rendered":"\u017dIVI IN DELAJ DOBRO"},"content":{"rendered":"<p>Branko Bala\u017eic (1958) je salezijanski duhovnik v celjski \u0161kofiji. V duhovnika je bil posve\u010den leta 1985. Pastoralno delo je za\u010del v Salezijanskem katehetskem centru in z ustanovitvijo salezijanske zalo\u017ebe Salve (1995), kjer je deloval kot urednik razli\u010dnih publikacij in avdiovizualnih katehetskih pripomo\u010dkov. Pri zalo\u017ebi Salve je iz\u0161lo sedem njegovih knjig homilij za nedelje in praznike, ve\u010d kot deset celoletnih Misli za vsak dan, \u0161tevilni osnutki majskih \u0161marnic za otroke in bo\u017ei\u010dne devetdnevnice. Leta 2006 je postal \u017eupnik na Trsteniku in v Gori\u010dah (15 let), zdaj pa je \u017ee \u0161tiri leta \u017eupnik v Sevnici. Z zalo\u017ebo Salve ostaja povezan kot avtor nedeljskih meditacij in uvodov za nedeljska bogoslu\u017ena sre\u010danja, ki jih zalo\u017eba objavlja na svoji spletni strani. Na njegovi strani Facebook so vsak dan kratka razmi\u0161ljanja ob liturgi\u010dni Bo\u017eji besedi tistega dne.<span class=\"slv-content-keywords\"> Knjige Teologija in duhovnost duhovna rast duhovno \u017eivljenje kr\u0161\u010danska duhovnost kr\u0161\u010danstvo Branko Bala\u017eic <\/span><\/p>","protected":false},"excerpt":{"rendered":"<p>Avtorja je k razmi\u0161ljanju o tej knjigi spodbudila \u0161tiridesetletnica duhovni\u0161tva. Vzel si je \u010das, pobrskal po spominu in sestavil svojo zgodbo. Ugotovil je, da so se mu v \u017eivljenju vse stvari poklopile, ko je nastopilo pravo ravnovesje med telesom, du\u0161o in duhom. V ozadju njegove zgodbe je bil prav Jezus kot idealen \u010dlovek. On je znal povezati vse, kar se mu je dogajalo. Zato je njegova zgodba postala nesmrtna in nas navdihuje \u017ee ve\u010d kot dva tiso\u010d let. Bil je Bog, a je \u017eelel biti tudi \u010dlovek v polnem pomenu besede: \u010dlovek, ki je zgled drugim.<\/p>\n<p>\u00bb\u017divi in delaj dobro!\u00ab je zato duhovni vodnik, ki pomaga pri odkrivanju osebne zgodbe, ki ima svojo preteklost, se soo\u010da z razli\u010dnimi uspehi in stranpotmi sedanjega trenutka ter se usmerja v prihodnost, ki se ka\u017ee kot prilo\u017enost za uresni\u010ditev \u017eivljenjskih sanj.<\/p>","protected":false},"featured_media":21268,"template":"","meta":{"_acf_changed":false,"footnotes":""},"product_cat":[141,314],"product_tag":[821,1176,981,982],"class_list":{"0":"post-21267","1":"product","2":"type-product","3":"status-publish","4":"has-post-thumbnail","6":"authors-branko-balazic","7":"publisher-salve-d-o-o-ljubljana","8":"product_cat-knjige","9":"product_cat-teologija-in-duhovnost","10":"product_tag-duhovna-rast","11":"product_tag-duhovno-zivljenje","12":"product_tag-krscanska-duhovnost","13":"product_tag-krscanstvo","15":"first","16":"outofstock","17":"shipping-taxable","18":"purchasable","19":"product-type-simple"},"acf":[],"yoast_head":"<!-- This site is optimized with the Yoast SEO plugin v23.8 - https:\/\/yoast.com\/wordpress\/plugins\/seo\/ -->\n<title>\u017dIVI IN DELAJ DOBRO - Salve<\/title>\n<meta name=\"robots\" content=\"index, follow, max-snippet:-1, max-image-preview:large, max-video-preview:-1\" \/>\n<link rel=\"canonical\" href=\"https:\/\/www.salve.si\/en\/trgovina\/knjige\/teologija-in-duhovnost\/zivi-in-delaj-dobro\/\" \/>\n<meta property=\"og:locale\" content=\"en_US\" \/>\n<meta property=\"og:type\" content=\"article\" \/>\n<meta property=\"og:title\" content=\"\u017dIVI IN DELAJ DOBRO - Salve\" \/>\n<meta property=\"og:description\" content=\"Avtorja je k razmi\u0161ljanju o tej knjigi spodbudila \u0161tiridesetletnica duhovni\u0161tva. Vzel si je \u010das, pobrskal po spominu in sestavil svojo zgodbo. Ugotovil je, da so se mu v \u017eivljenju vse stvari poklopile, ko je nastopilo pravo ravnovesje med telesom, du\u0161o in duhom. V ozadju njegove zgodbe je bil prav Jezus kot idealen \u010dlovek. On je znal povezati vse, kar se mu je dogajalo. Zato je njegova zgodba postala nesmrtna in nas navdihuje \u017ee ve\u010d kot dva tiso\u010d let. Bil je Bog, a je \u017eelel biti tudi \u010dlovek v polnem pomenu besede: \u010dlovek, ki je zgled drugim.  \u00bb\u017divi in delaj dobro!\u00ab je zato duhovni vodnik, ki pomaga pri odkrivanju osebne zgodbe, ki ima svojo preteklost, se soo\u010da z razli\u010dnimi uspehi in stranpotmi sedanjega trenutka ter se usmerja v prihodnost, ki se ka\u017ee kot prilo\u017enost za uresni\u010ditev \u017eivljenjskih sanj.\" \/>\n<meta property=\"og:url\" content=\"https:\/\/www.salve.si\/en\/trgovina\/knjige\/teologija-in-duhovnost\/zivi-in-delaj-dobro\/\" \/>\n<meta property=\"og:site_name\" content=\"Salve\" \/>\n<meta property=\"article:publisher\" content=\"https:\/\/www.facebook.com\/salve.si\" \/>\n<meta property=\"article:modified_time\" content=\"2026-04-09T12:47:22+00:00\" \/>\n<meta property=\"og:image\" content=\"https:\/\/www.salve.si\/wp-content\/uploads\/2026\/02\/Balazic_Zivi-in-delaj-dobro_NASLOVNICA.jpg\" \/>\n\t<meta property=\"og:image:width\" content=\"1329\" \/>\n\t<meta property=\"og:image:height\" content=\"2067\" \/>\n\t<meta property=\"og:image:type\" content=\"image\/jpeg\" \/>\n<meta name=\"twitter:card\" content=\"summary_large_image\" \/>\n<meta name=\"twitter:label1\" content=\"Est. reading time\" \/>\n\t<meta name=\"twitter:data1\" content=\"1 minute\" \/>\n<script type=\"application\/ld+json\" class=\"yoast-schema-graph\">{\"@context\":\"https:\/\/schema.org\",\"@graph\":[{\"@type\":\"WebPage\",\"@id\":\"https:\/\/www.salve.si\/trgovina\/knjige\/teologija-in-duhovnost\/zivi-in-delaj-dobro\/\",\"url\":\"https:\/\/www.salve.si\/trgovina\/knjige\/teologija-in-duhovnost\/zivi-in-delaj-dobro\/\",\"name\":\"\u017dIVI IN DELAJ DOBRO - Salve\",\"isPartOf\":{\"@id\":\"https:\/\/www.salve.si\/#website\"},\"primaryImageOfPage\":{\"@id\":\"https:\/\/www.salve.si\/trgovina\/knjige\/teologija-in-duhovnost\/zivi-in-delaj-dobro\/#primaryimage\"},\"image\":{\"@id\":\"https:\/\/www.salve.si\/trgovina\/knjige\/teologija-in-duhovnost\/zivi-in-delaj-dobro\/#primaryimage\"},\"thumbnailUrl\":\"https:\/\/www.salve.si\/wp-content\/uploads\/2026\/02\/Balazic_Zivi-in-delaj-dobro_NASLOVNICA.jpg\",\"datePublished\":\"2026-02-26T06:58:13+00:00\",\"dateModified\":\"2026-04-09T12:47:22+00:00\",\"breadcrumb\":{\"@id\":\"https:\/\/www.salve.si\/trgovina\/knjige\/teologija-in-duhovnost\/zivi-in-delaj-dobro\/#breadcrumb\"},\"inLanguage\":\"en-US\",\"potentialAction\":[{\"@type\":\"ReadAction\",\"target\":[\"https:\/\/www.salve.si\/trgovina\/knjige\/teologija-in-duhovnost\/zivi-in-delaj-dobro\/\"]}]},{\"@type\":\"ImageObject\",\"inLanguage\":\"en-US\",\"@id\":\"https:\/\/www.salve.si\/trgovina\/knjige\/teologija-in-duhovnost\/zivi-in-delaj-dobro\/#primaryimage\",\"url\":\"https:\/\/www.salve.si\/wp-content\/uploads\/2026\/02\/Balazic_Zivi-in-delaj-dobro_NASLOVNICA.jpg\",\"contentUrl\":\"https:\/\/www.salve.si\/wp-content\/uploads\/2026\/02\/Balazic_Zivi-in-delaj-dobro_NASLOVNICA.jpg\",\"width\":1329,\"height\":2067},{\"@type\":\"BreadcrumbList\",\"@id\":\"https:\/\/www.salve.si\/trgovina\/knjige\/teologija-in-duhovnost\/zivi-in-delaj-dobro\/#breadcrumb\",\"itemListElement\":[{\"@type\":\"ListItem\",\"position\":1,\"name\":\"Home\",\"item\":\"https:\/\/www.salve.si\/\"},{\"@type\":\"ListItem\",\"position\":2,\"name\":\"Trgovina\",\"item\":\"https:\/\/www.salve.si\/trgovina\/\"},{\"@type\":\"ListItem\",\"position\":3,\"name\":\"\u017dIVI IN DELAJ DOBRO\"}]},{\"@type\":\"WebSite\",\"@id\":\"https:\/\/www.salve.si\/#website\",\"url\":\"https:\/\/www.salve.si\/\",\"name\":\"Salve\",\"description\":\"Salezijanska zalo\u017eba\",\"publisher\":{\"@id\":\"https:\/\/www.salve.si\/#organization\"},\"potentialAction\":[{\"@type\":\"SearchAction\",\"target\":{\"@type\":\"EntryPoint\",\"urlTemplate\":\"https:\/\/www.salve.si\/?s={search_term_string}\"},\"query-input\":{\"@type\":\"PropertyValueSpecification\",\"valueRequired\":true,\"valueName\":\"search_term_string\"}}],\"inLanguage\":\"en-US\"},{\"@type\":\"Organization\",\"@id\":\"https:\/\/www.salve.si\/#organization\",\"name\":\"Salve d.o.o.\",\"url\":\"https:\/\/www.salve.si\/\",\"logo\":{\"@type\":\"ImageObject\",\"inLanguage\":\"en-US\",\"@id\":\"https:\/\/www.salve.si\/#\/schema\/logo\/image\/\",\"url\":\"https:\/\/www.salve.si\/wp-content\/uploads\/2021\/01\/Salve_logo_modri_nov_web.png\",\"contentUrl\":\"https:\/\/www.salve.si\/wp-content\/uploads\/2021\/01\/Salve_logo_modri_nov_web.png\",\"width\":279,\"height\":90,\"caption\":\"Salve d.o.o.\"},\"image\":{\"@id\":\"https:\/\/www.salve.si\/#\/schema\/logo\/image\/\"},\"sameAs\":[\"https:\/\/www.facebook.com\/salve.si\",\"https:\/\/www.instagram.com\/zalozbasalve\/\",\"https:\/\/www.linkedin.com\/company\/zalozba-salve\/\"]}]}<\/script>\n<!-- \/ Yoast SEO plugin. -->","yoast_head_json":{"title":"\u017dIVI IN DELAJ DOBRO - Salve","robots":{"index":"index","follow":"follow","max-snippet":"max-snippet:-1","max-image-preview":"max-image-preview:large","max-video-preview":"max-video-preview:-1"},"canonical":"https:\/\/www.salve.si\/en\/trgovina\/knjige\/teologija-in-duhovnost\/zivi-in-delaj-dobro\/","og_locale":"en_US","og_type":"article","og_title":"\u017dIVI IN DELAJ DOBRO - Salve","og_description":"Avtorja je k razmi\u0161ljanju o tej knjigi spodbudila \u0161tiridesetletnica duhovni\u0161tva. Vzel si je \u010das, pobrskal po spominu in sestavil svojo zgodbo. Ugotovil je, da so se mu v \u017eivljenju vse stvari poklopile, ko je nastopilo pravo ravnovesje med telesom, du\u0161o in duhom. V ozadju njegove zgodbe je bil prav Jezus kot idealen \u010dlovek. On je znal povezati vse, kar se mu je dogajalo. Zato je njegova zgodba postala nesmrtna in nas navdihuje \u017ee ve\u010d kot dva tiso\u010d let. Bil je Bog, a je \u017eelel biti tudi \u010dlovek v polnem pomenu besede: \u010dlovek, ki je zgled drugim.  \u00bb\u017divi in delaj dobro!\u00ab je zato duhovni vodnik, ki pomaga pri odkrivanju osebne zgodbe, ki ima svojo preteklost, se soo\u010da z razli\u010dnimi uspehi in stranpotmi sedanjega trenutka ter se usmerja v prihodnost, ki se ka\u017ee kot prilo\u017enost za uresni\u010ditev \u017eivljenjskih sanj.","og_url":"https:\/\/www.salve.si\/en\/trgovina\/knjige\/teologija-in-duhovnost\/zivi-in-delaj-dobro\/","og_site_name":"Salve","article_publisher":"https:\/\/www.facebook.com\/salve.si","article_modified_time":"2026-04-09T12:47:22+00:00","og_image":[{"width":1329,"height":2067,"url":"https:\/\/www.salve.si\/wp-content\/uploads\/2026\/02\/Balazic_Zivi-in-delaj-dobro_NASLOVNICA.jpg","type":"image\/jpeg"}],"twitter_card":"summary_large_image","twitter_misc":{"Est. reading time":"1 minute"},"schema":{"@context":"https:\/\/schema.org","@graph":[{"@type":"WebPage","@id":"https:\/\/www.salve.si\/trgovina\/knjige\/teologija-in-duhovnost\/zivi-in-delaj-dobro\/","url":"https:\/\/www.salve.si\/trgovina\/knjige\/teologija-in-duhovnost\/zivi-in-delaj-dobro\/","name":"\u017dIVI IN DELAJ DOBRO - Salve","isPartOf":{"@id":"https:\/\/www.salve.si\/#website"},"primaryImageOfPage":{"@id":"https:\/\/www.salve.si\/trgovina\/knjige\/teologija-in-duhovnost\/zivi-in-delaj-dobro\/#primaryimage"},"image":{"@id":"https:\/\/www.salve.si\/trgovina\/knjige\/teologija-in-duhovnost\/zivi-in-delaj-dobro\/#primaryimage"},"thumbnailUrl":"https:\/\/www.salve.si\/wp-content\/uploads\/2026\/02\/Balazic_Zivi-in-delaj-dobro_NASLOVNICA.jpg","datePublished":"2026-02-26T06:58:13+00:00","dateModified":"2026-04-09T12:47:22+00:00","breadcrumb":{"@id":"https:\/\/www.salve.si\/trgovina\/knjige\/teologija-in-duhovnost\/zivi-in-delaj-dobro\/#breadcrumb"},"inLanguage":"en-US","potentialAction":[{"@type":"ReadAction","target":["https:\/\/www.salve.si\/trgovina\/knjige\/teologija-in-duhovnost\/zivi-in-delaj-dobro\/"]}]},{"@type":"ImageObject","inLanguage":"en-US","@id":"https:\/\/www.salve.si\/trgovina\/knjige\/teologija-in-duhovnost\/zivi-in-delaj-dobro\/#primaryimage","url":"https:\/\/www.salve.si\/wp-content\/uploads\/2026\/02\/Balazic_Zivi-in-delaj-dobro_NASLOVNICA.jpg","contentUrl":"https:\/\/www.salve.si\/wp-content\/uploads\/2026\/02\/Balazic_Zivi-in-delaj-dobro_NASLOVNICA.jpg","width":1329,"height":2067},{"@type":"BreadcrumbList","@id":"https:\/\/www.salve.si\/trgovina\/knjige\/teologija-in-duhovnost\/zivi-in-delaj-dobro\/#breadcrumb","itemListElement":[{"@type":"ListItem","position":1,"name":"Home","item":"https:\/\/www.salve.si\/"},{"@type":"ListItem","position":2,"name":"Trgovina","item":"https:\/\/www.salve.si\/trgovina\/"},{"@type":"ListItem","position":3,"name":"\u017dIVI IN DELAJ DOBRO"}]},{"@type":"WebSite","@id":"https:\/\/www.salve.si\/#website","url":"https:\/\/www.salve.si\/","name":"Salve","description":"Salezijanska zalo\u017eba","publisher":{"@id":"https:\/\/www.salve.si\/#organization"},"potentialAction":[{"@type":"SearchAction","target":{"@type":"EntryPoint","urlTemplate":"https:\/\/www.salve.si\/?s={search_term_string}"},"query-input":{"@type":"PropertyValueSpecification","valueRequired":true,"valueName":"search_term_string"}}],"inLanguage":"en-US"},{"@type":"Organization","@id":"https:\/\/www.salve.si\/#organization","name":"Salve d.o.o.","url":"https:\/\/www.salve.si\/","logo":{"@type":"ImageObject","inLanguage":"en-US","@id":"https:\/\/www.salve.si\/#\/schema\/logo\/image\/","url":"https:\/\/www.salve.si\/wp-content\/uploads\/2021\/01\/Salve_logo_modri_nov_web.png","contentUrl":"https:\/\/www.salve.si\/wp-content\/uploads\/2021\/01\/Salve_logo_modri_nov_web.png","width":279,"height":90,"caption":"Salve d.o.o."},"image":{"@id":"https:\/\/www.salve.si\/#\/schema\/logo\/image\/"},"sameAs":["https:\/\/www.facebook.com\/salve.si","https:\/\/www.instagram.com\/zalozbasalve\/","https:\/\/www.linkedin.com\/company\/zalozba-salve\/"]}]}},"_links":{"self":[{"href":"https:\/\/www.salve.si\/en\/wp-json\/wp\/v2\/product\/21267","targetHints":{"allow":["GET"]}}],"collection":[{"href":"https:\/\/www.salve.si\/en\/wp-json\/wp\/v2\/product"}],"about":[{"href":"https:\/\/www.salve.si\/en\/wp-json\/wp\/v2\/types\/product"}],"version-history":[{"count":2,"href":"https:\/\/www.salve.si\/en\/wp-json\/wp\/v2\/product\/21267\/revisions"}],"predecessor-version":[{"id":21538,"href":"https:\/\/www.salve.si\/en\/wp-json\/wp\/v2\/product\/21267\/revisions\/21538"}],"wp:featuredmedia":[{"embeddable":true,"href":"https:\/\/www.salve.si\/en\/wp-json\/wp\/v2\/media\/21268"}],"wp:attachment":[{"href":"https:\/\/www.salve.si\/en\/wp-json\/wp\/v2\/media?parent=21267"}],"wp:term":[{"taxonomy":"product_cat","embeddable":true,"href":"https:\/\/www.salve.si\/en\/wp-json\/wp\/v2\/product_cat?post=21267"},{"taxonomy":"product_tag","embeddable":true,"href":"https:\/\/www.salve.si\/en\/wp-json\/wp\/v2\/product_tag?post=21267"}],"curies":[{"name":"wp","href":"https:\/\/api.w.org\/{rel}","templated":true}]}}