{"id":21254,"date":"2026-02-24T10:46:37","date_gmt":"2026-02-24T09:46:37","guid":{"rendered":"https:\/\/www.salve.si\/?post_type=product&#038;p=21254"},"modified":"2026-02-24T10:52:00","modified_gmt":"2026-02-24T09:52:00","slug":"devetdnevnica-k-svetemu-leopoldu-mandicu","status":"publish","type":"product","link":"https:\/\/www.salve.si\/en\/trgovina\/knjige\/molitveniki\/devetdnevnica-k-svetemu-leopoldu-mandicu\/","title":{"rendered":"DEVETDNEVNICA K SVETEMU LEOPOLDU MANDI\u0106U"},"content":{"rendered":"<p>Obi\u010dajno je devetdnevnica sestavljena iz kratkega odlomka \u017eivljenjepisa in\/ali Svetega pisma ter molitve na pripro\u0161njo izbranega svetnika. Temu lahko dodamo \u0161e litanije svetnikov ali \u010das za premi\u0161ljevanje in desetko ro\u017enega venca, ali pa se ustavimo pred Najsvetej\u0161im. Predpisane oblike devetdnevnice ne poznamo, zato je to zasebna pobo\u017enost, pri kateri smo lahko zelo ustvarjalni.<\/p>\n<p>Prof. Ezio Franceschini s katoli\u0161ke univerze v Milanu je o njem zapisal: \u00bbImeti vsak dan prenovljeno \u017eivo \u017eejo po du\u0161ah, razsvetljevati jh z bo\u017ejo lu\u010djo, pretvarjati lastno \u017eivljenje v darovanje za druge in podarjanje Boga in vse to preprosto in vedro, to je bilo \u017eivljenje p. Leopolda.\u00ab<\/p>\n<p>P. Leopold je imel neverjetno potrpe\u017eljivost in fini \u010dut, ki se nikoli ni vznemirjal. V\u010dasih se je opravi\u010deval: \u00bbPravijo, da sem preve\u010d dober. Oh, bo\u017eje usmiljenje je ve\u010dje od vskaega pri\u010dakovanja. Zgled nam daje Kristus. Jaz \u0161e nisem pri\u0161el tako dale\u010d, da bi dal \u017eivljenje za du\u0161e.\u00ab<span class=\"slv-content-keywords\"> Knjige Molitveniki Bo\u0161tjan Gu\u010dek Katja Rebolj <\/span><\/p>","protected":false},"excerpt":{"rendered":"<p>Devetdnevnica (lat. novena) je devetdnevna pobo\u017enost, ki se obi\u010dajno za\u010dne devet dni pred liturgi\u010dnim praznikom svetnika ali praznika. Poznamo razli\u010dne oblike in namene devetdnevnic (v \u010dast svetniku, za zdravje, v blagoslov, v pripro\u0161njo za re\u0161itev \u2026). Prav je torej, da na za\u010detku pobo\u017enosti dolo\u010dimo namen molitve, za kaj oz. koga bomo prosili in za kaj bomo molili.<\/p>","protected":false},"featured_media":21255,"template":"","meta":{"_acf_changed":false,"footnotes":""},"product_cat":[141,636],"product_tag":[],"class_list":{"0":"post-21254","1":"product","2":"type-product","3":"status-publish","4":"has-post-thumbnail","6":"authors-bostjan-gucek","7":"authors-katja-rebolj","8":"publisher-salve-d-o-o-ljubljana","9":"product_cat-knjige","10":"product_cat-molitveniki","12":"first","13":"instock","14":"shipping-taxable","15":"purchasable","16":"product-type-simple"},"acf":[],"yoast_head":"<!-- This site is optimized with the Yoast SEO plugin v23.8 - https:\/\/yoast.com\/wordpress\/plugins\/seo\/ -->\n<title>DEVETDNEVNICA K SVETEMU LEOPOLDU MANDI\u0106U - Salve<\/title>\n<meta name=\"robots\" content=\"index, follow, max-snippet:-1, max-image-preview:large, max-video-preview:-1\" \/>\n<link rel=\"canonical\" href=\"https:\/\/www.salve.si\/en\/trgovina\/knjige\/molitveniki\/devetdnevnica-k-svetemu-leopoldu-mandicu\/\" \/>\n<meta property=\"og:locale\" content=\"en_US\" \/>\n<meta property=\"og:type\" content=\"article\" \/>\n<meta property=\"og:title\" content=\"DEVETDNEVNICA K SVETEMU LEOPOLDU MANDI\u0106U - Salve\" \/>\n<meta property=\"og:description\" content=\"Devetdnevnica (lat. novena) je devetdnevna pobo\u017enost, ki se obi\u010dajno za\u010dne devet dni pred liturgi\u010dnim praznikom svetnika ali praznika. Poznamo razli\u010dne oblike in namene devetdnevnic (v \u010dast svetniku, za zdravje, v blagoslov, v pripro\u0161njo za re\u0161itev \u2026). Prav je torej, da na za\u010detku pobo\u017enosti dolo\u010dimo namen molitve, za kaj oz. koga bomo prosili in za kaj bomo molili.\" \/>\n<meta property=\"og:url\" content=\"https:\/\/www.salve.si\/en\/trgovina\/knjige\/molitveniki\/devetdnevnica-k-svetemu-leopoldu-mandicu\/\" \/>\n<meta property=\"og:site_name\" content=\"Salve\" \/>\n<meta property=\"article:publisher\" content=\"https:\/\/www.facebook.com\/salve.si\" \/>\n<meta property=\"article:modified_time\" content=\"2026-02-24T09:52:00+00:00\" \/>\n<meta property=\"og:image\" content=\"https:\/\/www.salve.si\/wp-content\/uploads\/2026\/02\/Devetdnevnica-k-svetemu-Leopoldu-Mandicu_NASLOVNICA.jpg\" \/>\n\t<meta property=\"og:image:width\" content=\"709\" \/>\n\t<meta property=\"og:image:height\" content=\"1211\" \/>\n\t<meta property=\"og:image:type\" content=\"image\/jpeg\" \/>\n<meta name=\"twitter:card\" content=\"summary_large_image\" \/>\n<meta name=\"twitter:label1\" content=\"Est. reading time\" \/>\n\t<meta name=\"twitter:data1\" content=\"2 minutes\" \/>\n<script type=\"application\/ld+json\" class=\"yoast-schema-graph\">{\"@context\":\"https:\/\/schema.org\",\"@graph\":[{\"@type\":\"WebPage\",\"@id\":\"https:\/\/www.salve.si\/trgovina\/knjige\/molitveniki\/devetdnevnica-k-svetemu-leopoldu-mandicu\/\",\"url\":\"https:\/\/www.salve.si\/trgovina\/knjige\/molitveniki\/devetdnevnica-k-svetemu-leopoldu-mandicu\/\",\"name\":\"DEVETDNEVNICA K SVETEMU LEOPOLDU MANDI\u0106U - Salve\",\"isPartOf\":{\"@id\":\"https:\/\/www.salve.si\/#website\"},\"primaryImageOfPage\":{\"@id\":\"https:\/\/www.salve.si\/trgovina\/knjige\/molitveniki\/devetdnevnica-k-svetemu-leopoldu-mandicu\/#primaryimage\"},\"image\":{\"@id\":\"https:\/\/www.salve.si\/trgovina\/knjige\/molitveniki\/devetdnevnica-k-svetemu-leopoldu-mandicu\/#primaryimage\"},\"thumbnailUrl\":\"https:\/\/www.salve.si\/wp-content\/uploads\/2026\/02\/Devetdnevnica-k-svetemu-Leopoldu-Mandicu_NASLOVNICA.jpg\",\"datePublished\":\"2026-02-24T09:46:37+00:00\",\"dateModified\":\"2026-02-24T09:52:00+00:00\",\"breadcrumb\":{\"@id\":\"https:\/\/www.salve.si\/trgovina\/knjige\/molitveniki\/devetdnevnica-k-svetemu-leopoldu-mandicu\/#breadcrumb\"},\"inLanguage\":\"en-US\",\"potentialAction\":[{\"@type\":\"ReadAction\",\"target\":[\"https:\/\/www.salve.si\/trgovina\/knjige\/molitveniki\/devetdnevnica-k-svetemu-leopoldu-mandicu\/\"]}]},{\"@type\":\"ImageObject\",\"inLanguage\":\"en-US\",\"@id\":\"https:\/\/www.salve.si\/trgovina\/knjige\/molitveniki\/devetdnevnica-k-svetemu-leopoldu-mandicu\/#primaryimage\",\"url\":\"https:\/\/www.salve.si\/wp-content\/uploads\/2026\/02\/Devetdnevnica-k-svetemu-Leopoldu-Mandicu_NASLOVNICA.jpg\",\"contentUrl\":\"https:\/\/www.salve.si\/wp-content\/uploads\/2026\/02\/Devetdnevnica-k-svetemu-Leopoldu-Mandicu_NASLOVNICA.jpg\",\"width\":709,\"height\":1211},{\"@type\":\"BreadcrumbList\",\"@id\":\"https:\/\/www.salve.si\/trgovina\/knjige\/molitveniki\/devetdnevnica-k-svetemu-leopoldu-mandicu\/#breadcrumb\",\"itemListElement\":[{\"@type\":\"ListItem\",\"position\":1,\"name\":\"Home\",\"item\":\"https:\/\/www.salve.si\/\"},{\"@type\":\"ListItem\",\"position\":2,\"name\":\"Trgovina\",\"item\":\"https:\/\/www.salve.si\/trgovina\/\"},{\"@type\":\"ListItem\",\"position\":3,\"name\":\"DEVETDNEVNICA K SVETEMU LEOPOLDU MANDI\u0106U\"}]},{\"@type\":\"WebSite\",\"@id\":\"https:\/\/www.salve.si\/#website\",\"url\":\"https:\/\/www.salve.si\/\",\"name\":\"Salve\",\"description\":\"Salezijanska zalo\u017eba\",\"publisher\":{\"@id\":\"https:\/\/www.salve.si\/#organization\"},\"potentialAction\":[{\"@type\":\"SearchAction\",\"target\":{\"@type\":\"EntryPoint\",\"urlTemplate\":\"https:\/\/www.salve.si\/?s={search_term_string}\"},\"query-input\":{\"@type\":\"PropertyValueSpecification\",\"valueRequired\":true,\"valueName\":\"search_term_string\"}}],\"inLanguage\":\"en-US\"},{\"@type\":\"Organization\",\"@id\":\"https:\/\/www.salve.si\/#organization\",\"name\":\"Salve d.o.o.\",\"url\":\"https:\/\/www.salve.si\/\",\"logo\":{\"@type\":\"ImageObject\",\"inLanguage\":\"en-US\",\"@id\":\"https:\/\/www.salve.si\/#\/schema\/logo\/image\/\",\"url\":\"https:\/\/www.salve.si\/wp-content\/uploads\/2021\/01\/Salve_logo_modri_nov_web.png\",\"contentUrl\":\"https:\/\/www.salve.si\/wp-content\/uploads\/2021\/01\/Salve_logo_modri_nov_web.png\",\"width\":279,\"height\":90,\"caption\":\"Salve d.o.o.\"},\"image\":{\"@id\":\"https:\/\/www.salve.si\/#\/schema\/logo\/image\/\"},\"sameAs\":[\"https:\/\/www.facebook.com\/salve.si\",\"https:\/\/www.instagram.com\/zalozbasalve\/\",\"https:\/\/www.linkedin.com\/company\/zalozba-salve\/\"]}]}<\/script>\n<!-- \/ Yoast SEO plugin. -->","yoast_head_json":{"title":"DEVETDNEVNICA K SVETEMU LEOPOLDU MANDI\u0106U - Salve","robots":{"index":"index","follow":"follow","max-snippet":"max-snippet:-1","max-image-preview":"max-image-preview:large","max-video-preview":"max-video-preview:-1"},"canonical":"https:\/\/www.salve.si\/en\/trgovina\/knjige\/molitveniki\/devetdnevnica-k-svetemu-leopoldu-mandicu\/","og_locale":"en_US","og_type":"article","og_title":"DEVETDNEVNICA K SVETEMU LEOPOLDU MANDI\u0106U - Salve","og_description":"Devetdnevnica (lat. novena) je devetdnevna pobo\u017enost, ki se obi\u010dajno za\u010dne devet dni pred liturgi\u010dnim praznikom svetnika ali praznika. Poznamo razli\u010dne oblike in namene devetdnevnic (v \u010dast svetniku, za zdravje, v blagoslov, v pripro\u0161njo za re\u0161itev \u2026). Prav je torej, da na za\u010detku pobo\u017enosti dolo\u010dimo namen molitve, za kaj oz. koga bomo prosili in za kaj bomo molili.","og_url":"https:\/\/www.salve.si\/en\/trgovina\/knjige\/molitveniki\/devetdnevnica-k-svetemu-leopoldu-mandicu\/","og_site_name":"Salve","article_publisher":"https:\/\/www.facebook.com\/salve.si","article_modified_time":"2026-02-24T09:52:00+00:00","og_image":[{"width":709,"height":1211,"url":"https:\/\/www.salve.si\/wp-content\/uploads\/2026\/02\/Devetdnevnica-k-svetemu-Leopoldu-Mandicu_NASLOVNICA.jpg","type":"image\/jpeg"}],"twitter_card":"summary_large_image","twitter_misc":{"Est. reading time":"2 minutes"},"schema":{"@context":"https:\/\/schema.org","@graph":[{"@type":"WebPage","@id":"https:\/\/www.salve.si\/trgovina\/knjige\/molitveniki\/devetdnevnica-k-svetemu-leopoldu-mandicu\/","url":"https:\/\/www.salve.si\/trgovina\/knjige\/molitveniki\/devetdnevnica-k-svetemu-leopoldu-mandicu\/","name":"DEVETDNEVNICA K SVETEMU LEOPOLDU MANDI\u0106U - Salve","isPartOf":{"@id":"https:\/\/www.salve.si\/#website"},"primaryImageOfPage":{"@id":"https:\/\/www.salve.si\/trgovina\/knjige\/molitveniki\/devetdnevnica-k-svetemu-leopoldu-mandicu\/#primaryimage"},"image":{"@id":"https:\/\/www.salve.si\/trgovina\/knjige\/molitveniki\/devetdnevnica-k-svetemu-leopoldu-mandicu\/#primaryimage"},"thumbnailUrl":"https:\/\/www.salve.si\/wp-content\/uploads\/2026\/02\/Devetdnevnica-k-svetemu-Leopoldu-Mandicu_NASLOVNICA.jpg","datePublished":"2026-02-24T09:46:37+00:00","dateModified":"2026-02-24T09:52:00+00:00","breadcrumb":{"@id":"https:\/\/www.salve.si\/trgovina\/knjige\/molitveniki\/devetdnevnica-k-svetemu-leopoldu-mandicu\/#breadcrumb"},"inLanguage":"en-US","potentialAction":[{"@type":"ReadAction","target":["https:\/\/www.salve.si\/trgovina\/knjige\/molitveniki\/devetdnevnica-k-svetemu-leopoldu-mandicu\/"]}]},{"@type":"ImageObject","inLanguage":"en-US","@id":"https:\/\/www.salve.si\/trgovina\/knjige\/molitveniki\/devetdnevnica-k-svetemu-leopoldu-mandicu\/#primaryimage","url":"https:\/\/www.salve.si\/wp-content\/uploads\/2026\/02\/Devetdnevnica-k-svetemu-Leopoldu-Mandicu_NASLOVNICA.jpg","contentUrl":"https:\/\/www.salve.si\/wp-content\/uploads\/2026\/02\/Devetdnevnica-k-svetemu-Leopoldu-Mandicu_NASLOVNICA.jpg","width":709,"height":1211},{"@type":"BreadcrumbList","@id":"https:\/\/www.salve.si\/trgovina\/knjige\/molitveniki\/devetdnevnica-k-svetemu-leopoldu-mandicu\/#breadcrumb","itemListElement":[{"@type":"ListItem","position":1,"name":"Home","item":"https:\/\/www.salve.si\/"},{"@type":"ListItem","position":2,"name":"Trgovina","item":"https:\/\/www.salve.si\/trgovina\/"},{"@type":"ListItem","position":3,"name":"DEVETDNEVNICA K SVETEMU LEOPOLDU MANDI\u0106U"}]},{"@type":"WebSite","@id":"https:\/\/www.salve.si\/#website","url":"https:\/\/www.salve.si\/","name":"Salve","description":"Salezijanska zalo\u017eba","publisher":{"@id":"https:\/\/www.salve.si\/#organization"},"potentialAction":[{"@type":"SearchAction","target":{"@type":"EntryPoint","urlTemplate":"https:\/\/www.salve.si\/?s={search_term_string}"},"query-input":{"@type":"PropertyValueSpecification","valueRequired":true,"valueName":"search_term_string"}}],"inLanguage":"en-US"},{"@type":"Organization","@id":"https:\/\/www.salve.si\/#organization","name":"Salve d.o.o.","url":"https:\/\/www.salve.si\/","logo":{"@type":"ImageObject","inLanguage":"en-US","@id":"https:\/\/www.salve.si\/#\/schema\/logo\/image\/","url":"https:\/\/www.salve.si\/wp-content\/uploads\/2021\/01\/Salve_logo_modri_nov_web.png","contentUrl":"https:\/\/www.salve.si\/wp-content\/uploads\/2021\/01\/Salve_logo_modri_nov_web.png","width":279,"height":90,"caption":"Salve d.o.o."},"image":{"@id":"https:\/\/www.salve.si\/#\/schema\/logo\/image\/"},"sameAs":["https:\/\/www.facebook.com\/salve.si","https:\/\/www.instagram.com\/zalozbasalve\/","https:\/\/www.linkedin.com\/company\/zalozba-salve\/"]}]}},"_links":{"self":[{"href":"https:\/\/www.salve.si\/en\/wp-json\/wp\/v2\/product\/21254","targetHints":{"allow":["GET"]}}],"collection":[{"href":"https:\/\/www.salve.si\/en\/wp-json\/wp\/v2\/product"}],"about":[{"href":"https:\/\/www.salve.si\/en\/wp-json\/wp\/v2\/types\/product"}],"version-history":[{"count":2,"href":"https:\/\/www.salve.si\/en\/wp-json\/wp\/v2\/product\/21254\/revisions"}],"predecessor-version":[{"id":21260,"href":"https:\/\/www.salve.si\/en\/wp-json\/wp\/v2\/product\/21254\/revisions\/21260"}],"wp:featuredmedia":[{"embeddable":true,"href":"https:\/\/www.salve.si\/en\/wp-json\/wp\/v2\/media\/21255"}],"wp:attachment":[{"href":"https:\/\/www.salve.si\/en\/wp-json\/wp\/v2\/media?parent=21254"}],"wp:term":[{"taxonomy":"product_cat","embeddable":true,"href":"https:\/\/www.salve.si\/en\/wp-json\/wp\/v2\/product_cat?post=21254"},{"taxonomy":"product_tag","embeddable":true,"href":"https:\/\/www.salve.si\/en\/wp-json\/wp\/v2\/product_tag?post=21254"}],"curies":[{"name":"wp","href":"https:\/\/api.w.org\/{rel}","templated":true}]}}