{"id":21245,"date":"2026-02-24T10:39:33","date_gmt":"2026-02-24T09:39:33","guid":{"rendered":"https:\/\/www.salve.si\/?post_type=product&#038;p=21245"},"modified":"2026-02-24T10:40:02","modified_gmt":"2026-02-24T09:40:02","slug":"devetdnevnica-k-svetemu-blazu","status":"publish","type":"product","link":"https:\/\/www.salve.si\/en\/trgovina\/knjige\/molitveniki\/devetdnevnica-k-svetemu-blazu\/","title":{"rendered":"DEVETDNEVNICA K SVETEMU BLA\u017dU"},"content":{"rendered":"<p class=\"BESEDILO\"><span class=\"Base\"><span lang=\"IT\" style=\"font-size: 11.5pt\">Sv. Bla\u017e je posebni pripro\u0161njik zoper bolezni na vratu. Legenda, ki se opira na zgodovinsko jedro, pripoveduje, da je bil sv. Bla\u017e najprej zdravnik, potem pa \u0161kof v Sebasti v Armeniji. Ko je za\u010del cesar Licinij preganjati kristjane, so prijeli tudi \u0161kofa Bla\u017ea. Peljali so ga na sodi\u0161\u010de. Nasproti mu je pri\u0161la vdova s svojim edinim sinom in ga prosila, naj de\u010dka re\u0161i gotove smrti. De\u010dek je po\u017erl ribjo kost, ki mu je niso mogli potegniti iz grla. Trpel je silne bole\u010dine, skoraj bi se zadu\u0161il. Sv. Bla\u017e je molil, de\u010dka blagoslovil in ga zdravega vrnil materi. Sam je \u0161el naprej v stra\u0161no trpljenje in mu\u010deni\u0161ko smrt. <\/span><\/span><\/p>\n<p>\u00a0<span class=\"slv-content-keywords\"> Knjige Molitveniki Bo\u0161tjan Gu\u010dek <\/span><\/p>","protected":false},"excerpt":{"rendered":"<p>Devetdnevnica (lat. novena) je devetdnevna pobo\u017enost, ki se obi\u010dajno za\u010dne devet dni pred liturgi\u010dnim praznikom svetnika ali praznika. Poznamo razli\u010dne oblike in namene devetdnevnic (v \u010dast svetniku, za zdravje, v blagoslov, v pripro\u0161njo za re\u0161itev &#8230;). Prav je torej, da na za\u010detku pobo\u017enosti dolo\u010dimo namen molitve, za kaj oz. koga bomo prosili in za kaj bomo molili.<\/p>","protected":false},"featured_media":21248,"template":"","meta":{"_acf_changed":false,"footnotes":""},"product_cat":[141,636],"product_tag":[],"class_list":{"0":"post-21245","1":"product","2":"type-product","3":"status-publish","4":"has-post-thumbnail","6":"authors-bostjan-gucek","7":"publisher-salve-d-o-o-ljubljana","8":"product_cat-knjige","9":"product_cat-molitveniki","11":"first","12":"instock","13":"shipping-taxable","14":"purchasable","15":"product-type-simple"},"acf":[],"yoast_head":"<!-- This site is optimized with the Yoast SEO plugin v23.8 - https:\/\/yoast.com\/wordpress\/plugins\/seo\/ -->\n<title>DEVETDNEVNICA K SVETEMU BLA\u017dU - Salve<\/title>\n<meta name=\"robots\" content=\"index, follow, max-snippet:-1, max-image-preview:large, max-video-preview:-1\" \/>\n<link rel=\"canonical\" href=\"https:\/\/www.salve.si\/en\/trgovina\/knjige\/molitveniki\/devetdnevnica-k-svetemu-blazu\/\" \/>\n<meta property=\"og:locale\" content=\"en_US\" \/>\n<meta property=\"og:type\" content=\"article\" \/>\n<meta property=\"og:title\" content=\"DEVETDNEVNICA K SVETEMU BLA\u017dU - Salve\" \/>\n<meta property=\"og:description\" content=\"Devetdnevnica (lat. novena) je devetdnevna pobo\u017enost, ki se obi\u010dajno za\u010dne devet dni pred liturgi\u010dnim praznikom svetnika ali praznika. Poznamo razli\u010dne oblike in namene devetdnevnic (v \u010dast svetniku, za zdravje, v blagoslov, v pripro\u0161njo za re\u0161itev ...). Prav je torej, da na za\u010detku pobo\u017enosti dolo\u010dimo namen molitve, za kaj oz. koga bomo prosili in za kaj bomo molili.\" \/>\n<meta property=\"og:url\" content=\"https:\/\/www.salve.si\/en\/trgovina\/knjige\/molitveniki\/devetdnevnica-k-svetemu-blazu\/\" \/>\n<meta property=\"og:site_name\" content=\"Salve\" \/>\n<meta property=\"article:publisher\" content=\"https:\/\/www.facebook.com\/salve.si\" \/>\n<meta property=\"article:modified_time\" content=\"2026-02-24T09:40:02+00:00\" \/>\n<meta property=\"og:image\" content=\"https:\/\/www.salve.si\/wp-content\/uploads\/2026\/02\/Devetdnevnica-k-svetemu-Blazu_NASLOVNA.jpg\" \/>\n\t<meta property=\"og:image:width\" content=\"709\" \/>\n\t<meta property=\"og:image:height\" content=\"1211\" \/>\n\t<meta property=\"og:image:type\" content=\"image\/jpeg\" \/>\n<meta name=\"twitter:card\" content=\"summary_large_image\" \/>\n<meta name=\"twitter:label1\" content=\"Est. reading time\" \/>\n\t<meta name=\"twitter:data1\" content=\"1 minute\" \/>\n<script type=\"application\/ld+json\" class=\"yoast-schema-graph\">{\"@context\":\"https:\/\/schema.org\",\"@graph\":[{\"@type\":\"WebPage\",\"@id\":\"https:\/\/www.salve.si\/trgovina\/knjige\/molitveniki\/devetdnevnica-k-svetemu-blazu\/\",\"url\":\"https:\/\/www.salve.si\/trgovina\/knjige\/molitveniki\/devetdnevnica-k-svetemu-blazu\/\",\"name\":\"DEVETDNEVNICA K SVETEMU BLA\u017dU - Salve\",\"isPartOf\":{\"@id\":\"https:\/\/www.salve.si\/#website\"},\"primaryImageOfPage\":{\"@id\":\"https:\/\/www.salve.si\/trgovina\/knjige\/molitveniki\/devetdnevnica-k-svetemu-blazu\/#primaryimage\"},\"image\":{\"@id\":\"https:\/\/www.salve.si\/trgovina\/knjige\/molitveniki\/devetdnevnica-k-svetemu-blazu\/#primaryimage\"},\"thumbnailUrl\":\"https:\/\/www.salve.si\/wp-content\/uploads\/2026\/02\/Devetdnevnica-k-svetemu-Blazu_NASLOVNA.jpg\",\"datePublished\":\"2026-02-24T09:39:33+00:00\",\"dateModified\":\"2026-02-24T09:40:02+00:00\",\"breadcrumb\":{\"@id\":\"https:\/\/www.salve.si\/trgovina\/knjige\/molitveniki\/devetdnevnica-k-svetemu-blazu\/#breadcrumb\"},\"inLanguage\":\"en-US\",\"potentialAction\":[{\"@type\":\"ReadAction\",\"target\":[\"https:\/\/www.salve.si\/trgovina\/knjige\/molitveniki\/devetdnevnica-k-svetemu-blazu\/\"]}]},{\"@type\":\"ImageObject\",\"inLanguage\":\"en-US\",\"@id\":\"https:\/\/www.salve.si\/trgovina\/knjige\/molitveniki\/devetdnevnica-k-svetemu-blazu\/#primaryimage\",\"url\":\"https:\/\/www.salve.si\/wp-content\/uploads\/2026\/02\/Devetdnevnica-k-svetemu-Blazu_NASLOVNA.jpg\",\"contentUrl\":\"https:\/\/www.salve.si\/wp-content\/uploads\/2026\/02\/Devetdnevnica-k-svetemu-Blazu_NASLOVNA.jpg\",\"width\":709,\"height\":1211},{\"@type\":\"BreadcrumbList\",\"@id\":\"https:\/\/www.salve.si\/trgovina\/knjige\/molitveniki\/devetdnevnica-k-svetemu-blazu\/#breadcrumb\",\"itemListElement\":[{\"@type\":\"ListItem\",\"position\":1,\"name\":\"Home\",\"item\":\"https:\/\/www.salve.si\/\"},{\"@type\":\"ListItem\",\"position\":2,\"name\":\"Trgovina\",\"item\":\"https:\/\/www.salve.si\/trgovina\/\"},{\"@type\":\"ListItem\",\"position\":3,\"name\":\"DEVETDNEVNICA K SVETEMU BLA\u017dU\"}]},{\"@type\":\"WebSite\",\"@id\":\"https:\/\/www.salve.si\/#website\",\"url\":\"https:\/\/www.salve.si\/\",\"name\":\"Salve\",\"description\":\"Salezijanska zalo\u017eba\",\"publisher\":{\"@id\":\"https:\/\/www.salve.si\/#organization\"},\"potentialAction\":[{\"@type\":\"SearchAction\",\"target\":{\"@type\":\"EntryPoint\",\"urlTemplate\":\"https:\/\/www.salve.si\/?s={search_term_string}\"},\"query-input\":{\"@type\":\"PropertyValueSpecification\",\"valueRequired\":true,\"valueName\":\"search_term_string\"}}],\"inLanguage\":\"en-US\"},{\"@type\":\"Organization\",\"@id\":\"https:\/\/www.salve.si\/#organization\",\"name\":\"Salve d.o.o.\",\"url\":\"https:\/\/www.salve.si\/\",\"logo\":{\"@type\":\"ImageObject\",\"inLanguage\":\"en-US\",\"@id\":\"https:\/\/www.salve.si\/#\/schema\/logo\/image\/\",\"url\":\"https:\/\/www.salve.si\/wp-content\/uploads\/2021\/01\/Salve_logo_modri_nov_web.png\",\"contentUrl\":\"https:\/\/www.salve.si\/wp-content\/uploads\/2021\/01\/Salve_logo_modri_nov_web.png\",\"width\":279,\"height\":90,\"caption\":\"Salve d.o.o.\"},\"image\":{\"@id\":\"https:\/\/www.salve.si\/#\/schema\/logo\/image\/\"},\"sameAs\":[\"https:\/\/www.facebook.com\/salve.si\",\"https:\/\/www.instagram.com\/zalozbasalve\/\",\"https:\/\/www.linkedin.com\/company\/zalozba-salve\/\"]}]}<\/script>\n<!-- \/ Yoast SEO plugin. -->","yoast_head_json":{"title":"DEVETDNEVNICA K SVETEMU BLA\u017dU - Salve","robots":{"index":"index","follow":"follow","max-snippet":"max-snippet:-1","max-image-preview":"max-image-preview:large","max-video-preview":"max-video-preview:-1"},"canonical":"https:\/\/www.salve.si\/en\/trgovina\/knjige\/molitveniki\/devetdnevnica-k-svetemu-blazu\/","og_locale":"en_US","og_type":"article","og_title":"DEVETDNEVNICA K SVETEMU BLA\u017dU - Salve","og_description":"Devetdnevnica (lat. novena) je devetdnevna pobo\u017enost, ki se obi\u010dajno za\u010dne devet dni pred liturgi\u010dnim praznikom svetnika ali praznika. Poznamo razli\u010dne oblike in namene devetdnevnic (v \u010dast svetniku, za zdravje, v blagoslov, v pripro\u0161njo za re\u0161itev ...). Prav je torej, da na za\u010detku pobo\u017enosti dolo\u010dimo namen molitve, za kaj oz. koga bomo prosili in za kaj bomo molili.","og_url":"https:\/\/www.salve.si\/en\/trgovina\/knjige\/molitveniki\/devetdnevnica-k-svetemu-blazu\/","og_site_name":"Salve","article_publisher":"https:\/\/www.facebook.com\/salve.si","article_modified_time":"2026-02-24T09:40:02+00:00","og_image":[{"width":709,"height":1211,"url":"https:\/\/www.salve.si\/wp-content\/uploads\/2026\/02\/Devetdnevnica-k-svetemu-Blazu_NASLOVNA.jpg","type":"image\/jpeg"}],"twitter_card":"summary_large_image","twitter_misc":{"Est. reading time":"1 minute"},"schema":{"@context":"https:\/\/schema.org","@graph":[{"@type":"WebPage","@id":"https:\/\/www.salve.si\/trgovina\/knjige\/molitveniki\/devetdnevnica-k-svetemu-blazu\/","url":"https:\/\/www.salve.si\/trgovina\/knjige\/molitveniki\/devetdnevnica-k-svetemu-blazu\/","name":"DEVETDNEVNICA K SVETEMU BLA\u017dU - Salve","isPartOf":{"@id":"https:\/\/www.salve.si\/#website"},"primaryImageOfPage":{"@id":"https:\/\/www.salve.si\/trgovina\/knjige\/molitveniki\/devetdnevnica-k-svetemu-blazu\/#primaryimage"},"image":{"@id":"https:\/\/www.salve.si\/trgovina\/knjige\/molitveniki\/devetdnevnica-k-svetemu-blazu\/#primaryimage"},"thumbnailUrl":"https:\/\/www.salve.si\/wp-content\/uploads\/2026\/02\/Devetdnevnica-k-svetemu-Blazu_NASLOVNA.jpg","datePublished":"2026-02-24T09:39:33+00:00","dateModified":"2026-02-24T09:40:02+00:00","breadcrumb":{"@id":"https:\/\/www.salve.si\/trgovina\/knjige\/molitveniki\/devetdnevnica-k-svetemu-blazu\/#breadcrumb"},"inLanguage":"en-US","potentialAction":[{"@type":"ReadAction","target":["https:\/\/www.salve.si\/trgovina\/knjige\/molitveniki\/devetdnevnica-k-svetemu-blazu\/"]}]},{"@type":"ImageObject","inLanguage":"en-US","@id":"https:\/\/www.salve.si\/trgovina\/knjige\/molitveniki\/devetdnevnica-k-svetemu-blazu\/#primaryimage","url":"https:\/\/www.salve.si\/wp-content\/uploads\/2026\/02\/Devetdnevnica-k-svetemu-Blazu_NASLOVNA.jpg","contentUrl":"https:\/\/www.salve.si\/wp-content\/uploads\/2026\/02\/Devetdnevnica-k-svetemu-Blazu_NASLOVNA.jpg","width":709,"height":1211},{"@type":"BreadcrumbList","@id":"https:\/\/www.salve.si\/trgovina\/knjige\/molitveniki\/devetdnevnica-k-svetemu-blazu\/#breadcrumb","itemListElement":[{"@type":"ListItem","position":1,"name":"Home","item":"https:\/\/www.salve.si\/"},{"@type":"ListItem","position":2,"name":"Trgovina","item":"https:\/\/www.salve.si\/trgovina\/"},{"@type":"ListItem","position":3,"name":"DEVETDNEVNICA K SVETEMU BLA\u017dU"}]},{"@type":"WebSite","@id":"https:\/\/www.salve.si\/#website","url":"https:\/\/www.salve.si\/","name":"Salve","description":"Salezijanska zalo\u017eba","publisher":{"@id":"https:\/\/www.salve.si\/#organization"},"potentialAction":[{"@type":"SearchAction","target":{"@type":"EntryPoint","urlTemplate":"https:\/\/www.salve.si\/?s={search_term_string}"},"query-input":{"@type":"PropertyValueSpecification","valueRequired":true,"valueName":"search_term_string"}}],"inLanguage":"en-US"},{"@type":"Organization","@id":"https:\/\/www.salve.si\/#organization","name":"Salve d.o.o.","url":"https:\/\/www.salve.si\/","logo":{"@type":"ImageObject","inLanguage":"en-US","@id":"https:\/\/www.salve.si\/#\/schema\/logo\/image\/","url":"https:\/\/www.salve.si\/wp-content\/uploads\/2021\/01\/Salve_logo_modri_nov_web.png","contentUrl":"https:\/\/www.salve.si\/wp-content\/uploads\/2021\/01\/Salve_logo_modri_nov_web.png","width":279,"height":90,"caption":"Salve d.o.o."},"image":{"@id":"https:\/\/www.salve.si\/#\/schema\/logo\/image\/"},"sameAs":["https:\/\/www.facebook.com\/salve.si","https:\/\/www.instagram.com\/zalozbasalve\/","https:\/\/www.linkedin.com\/company\/zalozba-salve\/"]}]}},"_links":{"self":[{"href":"https:\/\/www.salve.si\/en\/wp-json\/wp\/v2\/product\/21245","targetHints":{"allow":["GET"]}}],"collection":[{"href":"https:\/\/www.salve.si\/en\/wp-json\/wp\/v2\/product"}],"about":[{"href":"https:\/\/www.salve.si\/en\/wp-json\/wp\/v2\/types\/product"}],"version-history":[{"count":4,"href":"https:\/\/www.salve.si\/en\/wp-json\/wp\/v2\/product\/21245\/revisions"}],"predecessor-version":[{"id":21253,"href":"https:\/\/www.salve.si\/en\/wp-json\/wp\/v2\/product\/21245\/revisions\/21253"}],"wp:featuredmedia":[{"embeddable":true,"href":"https:\/\/www.salve.si\/en\/wp-json\/wp\/v2\/media\/21248"}],"wp:attachment":[{"href":"https:\/\/www.salve.si\/en\/wp-json\/wp\/v2\/media?parent=21245"}],"wp:term":[{"taxonomy":"product_cat","embeddable":true,"href":"https:\/\/www.salve.si\/en\/wp-json\/wp\/v2\/product_cat?post=21245"},{"taxonomy":"product_tag","embeddable":true,"href":"https:\/\/www.salve.si\/en\/wp-json\/wp\/v2\/product_tag?post=21245"}],"curies":[{"name":"wp","href":"https:\/\/api.w.org\/{rel}","templated":true}]}}