{"id":21036,"date":"2026-01-09T14:53:32","date_gmt":"2026-01-09T13:53:32","guid":{"rendered":"https:\/\/www.salve.si\/?post_type=product&#038;p=21036"},"modified":"2026-01-30T07:10:09","modified_gmt":"2026-01-30T06:10:09","slug":"nebo-in-zemlja","status":"publish","type":"product","link":"https:\/\/www.salve.si\/en\/trgovina\/knjige\/teologija-in-duhovnost\/nebo-in-zemlja\/","title":{"rendered":"NEBO IN ZEMLJA"},"content":{"rendered":"<p>O avtorju:<\/p>\n<p>Anton \u0160tukelj (1952) se je rodil 4. januarja 1952 v Dobu. Osnovno \u0161olo v Dom\u017ealah je obiskoval med leti 1958 in 1966, klasi\u010dno gimnazijo v Vipavi pa med leti 1966 in 1970. Po maturi 1970 je vstopil v Bogoslovno semeni\u0161\u010de in za\u010del \u0161tudirati na Teolo\u0161ki fakulteti v Ljubljani. Voja\u0161ki rok na Ohridu je slu\u017eil v letih 1972 in 1973. Duhovni\u0161ko posve\u010denje je prejel 29. junija 1976 v Ljubljani.<br \/>\nNa Teolo\u0161ki fakulteti v Ljubljani je doktoriral leta 1980, iz vzhodne teologije pa je na Pape\u0161kem vzhodnem in\u0161titutu v Rimu magistriral leta 1984. Bil je profesor dogmati\u010dne teologije od 1984 in ve\u010d let predavatelj ekleziologije, ekumenizma in patrologije na Teolo\u0161ki fakulteti Univerze v Ljubljani, gostujo\u010di profesor po en semester v Fribourgu (1991), Luganu (1994) in Sankt Peterburgu (1998 in 1999). Je \u010dlan Mariological Society of America in ve\u010d znanstvenih ustanov v Evropi. Imel je \u0161tevilna predavanja na mednarodnih kongresih. Od 1997 do 2003 je bil \u010dlan Mednarodne teolo\u0161ke komisije v Rimu. Od 1993 do 2002 je opravljal slu\u017ebo generalnega tajnika Slovenske \u0161kofovske konference.<\/p>\n<p>Je urednik slovenske izdaje Mednarodne katoli\u0161ke revije Communio (od 1999; od 1991 \u010dlan uredni\u0161tva Communio \u2013 Kristjanova obzorja) in Izbranih spisov prof. Antona Strleta (4 zvezki), sourednik \u0161tevilnih zbirk, knjig in revij; koordinator in soprevajalec Katekizma Katoli\u0161ke Cerkve (1993), prevajalec Kompendija KKC (2006), soprevajalec Youcata (2011). \u2013 V sloven\u0161\u010dino prevedel ve\u010d kot 20 knjig in ve\u010d kot 70 teolo\u0161kih besedil. Njegove razprave so prevedene v 12 jezikov.<\/p>\n<p><span class=\"slv-content-keywords\"> Teologija in duhovnost Anton \u0160trukelj kr\u0161\u010danska duhovnost kr\u0161\u010danska vera kr\u0161\u010danstvo Prednaro\u010dila teologija Anton \u0160trukelj <\/span><\/p>","protected":false},"excerpt":{"rendered":"<p>Kristjani izpovedujemo: verujemo v Boga, Stvarnika nebes in zemlje. Verujemo, da je na za\u010detku ve\u010dna Beseda, ve\u010dni razum. S to vero se nam ni treba skrivati, z njo se nam ni treba bati, da smo na napa\u010dni poti. Veselimo se, da smemo poznati Boga, in posku\u0161ajmo tudi drugim pribli\u017eati lepoto vere. Kdor veruje, ni nikoli sam.<\/p>\n<p>\u00bbKdor se ob tolikih sijajih ustvarjenih bitjih ne razsvetli, je slep; kdor se ob tolikih glasnih klicih ne prebudi, je gluh; kdor zaradi vseh teh u\u010dinkov ne hvali Boga, je nem; kdor iz vseh teh kazalnikov ne spozna prvega po\u010dela, je neumen.\u00ab Sv. Bonaventura<\/p>\n<p>&nbsp;<\/p>\n<p>&nbsp;<\/p>","protected":false},"featured_media":21037,"template":"","meta":{"_acf_changed":false,"footnotes":""},"product_cat":[314],"product_tag":[1344,981,1125,982,1101],"class_list":{"0":"post-21036","1":"product","2":"type-product","3":"status-publish","4":"has-post-thumbnail","6":"authors-anton-strukelj","7":"publisher-salve-d-o-o-ljubljana","8":"product_cat-teologija-in-duhovnost","9":"product_tag-anton-strukelj","10":"product_tag-krscanska-duhovnost","11":"product_tag-krscanska-vera","12":"product_tag-krscanstvo","13":"product_tag-teologija","15":"first","16":"instock","17":"shipping-taxable","18":"purchasable","19":"product-type-simple"},"acf":[],"yoast_head":"<!-- This site is optimized with the Yoast SEO plugin v23.8 - https:\/\/yoast.com\/wordpress\/plugins\/seo\/ -->\n<title>NEBO IN ZEMLJA - Salve<\/title>\n<meta name=\"robots\" content=\"index, follow, max-snippet:-1, max-image-preview:large, max-video-preview:-1\" \/>\n<link rel=\"canonical\" href=\"https:\/\/www.salve.si\/en\/trgovina\/knjige\/teologija-in-duhovnost\/nebo-in-zemlja\/\" \/>\n<meta property=\"og:locale\" content=\"en_US\" \/>\n<meta property=\"og:type\" content=\"article\" \/>\n<meta property=\"og:title\" content=\"NEBO IN ZEMLJA - Salve\" \/>\n<meta property=\"og:description\" content=\"Kristjani izpovedujemo: verujemo v Boga, Stvarnika nebes in zemlje. Verujemo, da je na za\u010detku ve\u010dna Beseda, ve\u010dni razum. S to vero se nam ni treba skrivati, z njo se nam ni treba bati, da smo na napa\u010dni poti. Veselimo se, da smemo poznati Boga, in posku\u0161ajmo tudi drugim pribli\u017eati lepoto vere. Kdor veruje, ni nikoli sam.  \u00bbKdor se ob tolikih sijajih ustvarjenih bitjih ne razsvetli, je slep; kdor se ob tolikih glasnih klicih ne prebudi, je gluh; kdor zaradi vseh teh u\u010dinkov ne hvali Boga, je nem; kdor iz vseh teh kazalnikov ne spozna prvega po\u010dela, je neumen.\u00ab Sv. Bonaventura  &nbsp;  &nbsp;\" \/>\n<meta property=\"og:url\" content=\"https:\/\/www.salve.si\/en\/trgovina\/knjige\/teologija-in-duhovnost\/nebo-in-zemlja\/\" \/>\n<meta property=\"og:site_name\" content=\"Salve\" \/>\n<meta property=\"article:publisher\" content=\"https:\/\/www.facebook.com\/salve.si\" \/>\n<meta property=\"article:modified_time\" content=\"2026-01-30T06:10:09+00:00\" \/>\n<meta property=\"og:image\" content=\"https:\/\/www.salve.si\/wp-content\/uploads\/2026\/01\/Strukelj_Nebo-in-zemlja_NASLOVNICA.jpg\" \/>\n\t<meta property=\"og:image:width\" content=\"794\" \/>\n\t<meta property=\"og:image:height\" content=\"1241\" \/>\n\t<meta property=\"og:image:type\" content=\"image\/jpeg\" \/>\n<meta name=\"twitter:card\" content=\"summary_large_image\" \/>\n<meta name=\"twitter:label1\" content=\"Est. reading time\" \/>\n\t<meta name=\"twitter:data1\" content=\"2 minutes\" \/>\n<script type=\"application\/ld+json\" class=\"yoast-schema-graph\">{\"@context\":\"https:\/\/schema.org\",\"@graph\":[{\"@type\":\"WebPage\",\"@id\":\"https:\/\/www.salve.si\/trgovina\/knjige\/teologija-in-duhovnost\/nebo-in-zemlja\/\",\"url\":\"https:\/\/www.salve.si\/trgovina\/knjige\/teologija-in-duhovnost\/nebo-in-zemlja\/\",\"name\":\"NEBO IN ZEMLJA - Salve\",\"isPartOf\":{\"@id\":\"https:\/\/www.salve.si\/#website\"},\"primaryImageOfPage\":{\"@id\":\"https:\/\/www.salve.si\/trgovina\/knjige\/teologija-in-duhovnost\/nebo-in-zemlja\/#primaryimage\"},\"image\":{\"@id\":\"https:\/\/www.salve.si\/trgovina\/knjige\/teologija-in-duhovnost\/nebo-in-zemlja\/#primaryimage\"},\"thumbnailUrl\":\"https:\/\/www.salve.si\/wp-content\/uploads\/2026\/01\/Strukelj_Nebo-in-zemlja_NASLOVNICA.jpg\",\"datePublished\":\"2026-01-09T13:53:32+00:00\",\"dateModified\":\"2026-01-30T06:10:09+00:00\",\"breadcrumb\":{\"@id\":\"https:\/\/www.salve.si\/trgovina\/knjige\/teologija-in-duhovnost\/nebo-in-zemlja\/#breadcrumb\"},\"inLanguage\":\"en-US\",\"potentialAction\":[{\"@type\":\"ReadAction\",\"target\":[\"https:\/\/www.salve.si\/trgovina\/knjige\/teologija-in-duhovnost\/nebo-in-zemlja\/\"]}]},{\"@type\":\"ImageObject\",\"inLanguage\":\"en-US\",\"@id\":\"https:\/\/www.salve.si\/trgovina\/knjige\/teologija-in-duhovnost\/nebo-in-zemlja\/#primaryimage\",\"url\":\"https:\/\/www.salve.si\/wp-content\/uploads\/2026\/01\/Strukelj_Nebo-in-zemlja_NASLOVNICA.jpg\",\"contentUrl\":\"https:\/\/www.salve.si\/wp-content\/uploads\/2026\/01\/Strukelj_Nebo-in-zemlja_NASLOVNICA.jpg\",\"width\":794,\"height\":1241},{\"@type\":\"BreadcrumbList\",\"@id\":\"https:\/\/www.salve.si\/trgovina\/knjige\/teologija-in-duhovnost\/nebo-in-zemlja\/#breadcrumb\",\"itemListElement\":[{\"@type\":\"ListItem\",\"position\":1,\"name\":\"Home\",\"item\":\"https:\/\/www.salve.si\/\"},{\"@type\":\"ListItem\",\"position\":2,\"name\":\"Trgovina\",\"item\":\"https:\/\/www.salve.si\/trgovina\/\"},{\"@type\":\"ListItem\",\"position\":3,\"name\":\"NEBO IN ZEMLJA\"}]},{\"@type\":\"WebSite\",\"@id\":\"https:\/\/www.salve.si\/#website\",\"url\":\"https:\/\/www.salve.si\/\",\"name\":\"Salve\",\"description\":\"Salezijanska zalo\u017eba\",\"publisher\":{\"@id\":\"https:\/\/www.salve.si\/#organization\"},\"potentialAction\":[{\"@type\":\"SearchAction\",\"target\":{\"@type\":\"EntryPoint\",\"urlTemplate\":\"https:\/\/www.salve.si\/?s={search_term_string}\"},\"query-input\":{\"@type\":\"PropertyValueSpecification\",\"valueRequired\":true,\"valueName\":\"search_term_string\"}}],\"inLanguage\":\"en-US\"},{\"@type\":\"Organization\",\"@id\":\"https:\/\/www.salve.si\/#organization\",\"name\":\"Salve d.o.o.\",\"url\":\"https:\/\/www.salve.si\/\",\"logo\":{\"@type\":\"ImageObject\",\"inLanguage\":\"en-US\",\"@id\":\"https:\/\/www.salve.si\/#\/schema\/logo\/image\/\",\"url\":\"https:\/\/www.salve.si\/wp-content\/uploads\/2021\/01\/Salve_logo_modri_nov_web.png\",\"contentUrl\":\"https:\/\/www.salve.si\/wp-content\/uploads\/2021\/01\/Salve_logo_modri_nov_web.png\",\"width\":279,\"height\":90,\"caption\":\"Salve d.o.o.\"},\"image\":{\"@id\":\"https:\/\/www.salve.si\/#\/schema\/logo\/image\/\"},\"sameAs\":[\"https:\/\/www.facebook.com\/salve.si\",\"https:\/\/www.instagram.com\/zalozbasalve\/\",\"https:\/\/www.linkedin.com\/company\/zalozba-salve\/\"]}]}<\/script>\n<!-- \/ Yoast SEO plugin. -->","yoast_head_json":{"title":"NEBO IN ZEMLJA - Salve","robots":{"index":"index","follow":"follow","max-snippet":"max-snippet:-1","max-image-preview":"max-image-preview:large","max-video-preview":"max-video-preview:-1"},"canonical":"https:\/\/www.salve.si\/en\/trgovina\/knjige\/teologija-in-duhovnost\/nebo-in-zemlja\/","og_locale":"en_US","og_type":"article","og_title":"NEBO IN ZEMLJA - Salve","og_description":"Kristjani izpovedujemo: verujemo v Boga, Stvarnika nebes in zemlje. Verujemo, da je na za\u010detku ve\u010dna Beseda, ve\u010dni razum. S to vero se nam ni treba skrivati, z njo se nam ni treba bati, da smo na napa\u010dni poti. Veselimo se, da smemo poznati Boga, in posku\u0161ajmo tudi drugim pribli\u017eati lepoto vere. Kdor veruje, ni nikoli sam.  \u00bbKdor se ob tolikih sijajih ustvarjenih bitjih ne razsvetli, je slep; kdor se ob tolikih glasnih klicih ne prebudi, je gluh; kdor zaradi vseh teh u\u010dinkov ne hvali Boga, je nem; kdor iz vseh teh kazalnikov ne spozna prvega po\u010dela, je neumen.\u00ab Sv. Bonaventura  &nbsp;  &nbsp;","og_url":"https:\/\/www.salve.si\/en\/trgovina\/knjige\/teologija-in-duhovnost\/nebo-in-zemlja\/","og_site_name":"Salve","article_publisher":"https:\/\/www.facebook.com\/salve.si","article_modified_time":"2026-01-30T06:10:09+00:00","og_image":[{"width":794,"height":1241,"url":"https:\/\/www.salve.si\/wp-content\/uploads\/2026\/01\/Strukelj_Nebo-in-zemlja_NASLOVNICA.jpg","type":"image\/jpeg"}],"twitter_card":"summary_large_image","twitter_misc":{"Est. reading time":"2 minutes"},"schema":{"@context":"https:\/\/schema.org","@graph":[{"@type":"WebPage","@id":"https:\/\/www.salve.si\/trgovina\/knjige\/teologija-in-duhovnost\/nebo-in-zemlja\/","url":"https:\/\/www.salve.si\/trgovina\/knjige\/teologija-in-duhovnost\/nebo-in-zemlja\/","name":"NEBO IN ZEMLJA - Salve","isPartOf":{"@id":"https:\/\/www.salve.si\/#website"},"primaryImageOfPage":{"@id":"https:\/\/www.salve.si\/trgovina\/knjige\/teologija-in-duhovnost\/nebo-in-zemlja\/#primaryimage"},"image":{"@id":"https:\/\/www.salve.si\/trgovina\/knjige\/teologija-in-duhovnost\/nebo-in-zemlja\/#primaryimage"},"thumbnailUrl":"https:\/\/www.salve.si\/wp-content\/uploads\/2026\/01\/Strukelj_Nebo-in-zemlja_NASLOVNICA.jpg","datePublished":"2026-01-09T13:53:32+00:00","dateModified":"2026-01-30T06:10:09+00:00","breadcrumb":{"@id":"https:\/\/www.salve.si\/trgovina\/knjige\/teologija-in-duhovnost\/nebo-in-zemlja\/#breadcrumb"},"inLanguage":"en-US","potentialAction":[{"@type":"ReadAction","target":["https:\/\/www.salve.si\/trgovina\/knjige\/teologija-in-duhovnost\/nebo-in-zemlja\/"]}]},{"@type":"ImageObject","inLanguage":"en-US","@id":"https:\/\/www.salve.si\/trgovina\/knjige\/teologija-in-duhovnost\/nebo-in-zemlja\/#primaryimage","url":"https:\/\/www.salve.si\/wp-content\/uploads\/2026\/01\/Strukelj_Nebo-in-zemlja_NASLOVNICA.jpg","contentUrl":"https:\/\/www.salve.si\/wp-content\/uploads\/2026\/01\/Strukelj_Nebo-in-zemlja_NASLOVNICA.jpg","width":794,"height":1241},{"@type":"BreadcrumbList","@id":"https:\/\/www.salve.si\/trgovina\/knjige\/teologija-in-duhovnost\/nebo-in-zemlja\/#breadcrumb","itemListElement":[{"@type":"ListItem","position":1,"name":"Home","item":"https:\/\/www.salve.si\/"},{"@type":"ListItem","position":2,"name":"Trgovina","item":"https:\/\/www.salve.si\/trgovina\/"},{"@type":"ListItem","position":3,"name":"NEBO IN ZEMLJA"}]},{"@type":"WebSite","@id":"https:\/\/www.salve.si\/#website","url":"https:\/\/www.salve.si\/","name":"Salve","description":"Salezijanska zalo\u017eba","publisher":{"@id":"https:\/\/www.salve.si\/#organization"},"potentialAction":[{"@type":"SearchAction","target":{"@type":"EntryPoint","urlTemplate":"https:\/\/www.salve.si\/?s={search_term_string}"},"query-input":{"@type":"PropertyValueSpecification","valueRequired":true,"valueName":"search_term_string"}}],"inLanguage":"en-US"},{"@type":"Organization","@id":"https:\/\/www.salve.si\/#organization","name":"Salve d.o.o.","url":"https:\/\/www.salve.si\/","logo":{"@type":"ImageObject","inLanguage":"en-US","@id":"https:\/\/www.salve.si\/#\/schema\/logo\/image\/","url":"https:\/\/www.salve.si\/wp-content\/uploads\/2021\/01\/Salve_logo_modri_nov_web.png","contentUrl":"https:\/\/www.salve.si\/wp-content\/uploads\/2021\/01\/Salve_logo_modri_nov_web.png","width":279,"height":90,"caption":"Salve d.o.o."},"image":{"@id":"https:\/\/www.salve.si\/#\/schema\/logo\/image\/"},"sameAs":["https:\/\/www.facebook.com\/salve.si","https:\/\/www.instagram.com\/zalozbasalve\/","https:\/\/www.linkedin.com\/company\/zalozba-salve\/"]}]}},"_links":{"self":[{"href":"https:\/\/www.salve.si\/en\/wp-json\/wp\/v2\/product\/21036","targetHints":{"allow":["GET"]}}],"collection":[{"href":"https:\/\/www.salve.si\/en\/wp-json\/wp\/v2\/product"}],"about":[{"href":"https:\/\/www.salve.si\/en\/wp-json\/wp\/v2\/types\/product"}],"version-history":[{"count":5,"href":"https:\/\/www.salve.si\/en\/wp-json\/wp\/v2\/product\/21036\/revisions"}],"predecessor-version":[{"id":21144,"href":"https:\/\/www.salve.si\/en\/wp-json\/wp\/v2\/product\/21036\/revisions\/21144"}],"wp:featuredmedia":[{"embeddable":true,"href":"https:\/\/www.salve.si\/en\/wp-json\/wp\/v2\/media\/21037"}],"wp:attachment":[{"href":"https:\/\/www.salve.si\/en\/wp-json\/wp\/v2\/media?parent=21036"}],"wp:term":[{"taxonomy":"product_cat","embeddable":true,"href":"https:\/\/www.salve.si\/en\/wp-json\/wp\/v2\/product_cat?post=21036"},{"taxonomy":"product_tag","embeddable":true,"href":"https:\/\/www.salve.si\/en\/wp-json\/wp\/v2\/product_tag?post=21036"}],"curies":[{"name":"wp","href":"https:\/\/api.w.org\/{rel}","templated":true}]}}