{"id":20909,"date":"2025-12-30T14:41:51","date_gmt":"2025-12-30T13:41:51","guid":{"rendered":"https:\/\/www.salve.si\/?post_type=product&#038;p=20909"},"modified":"2026-01-15T10:53:41","modified_gmt":"2026-01-15T09:53:41","slug":"slovenski-salezijanci-v-misijonih","status":"publish","type":"product","link":"https:\/\/www.salve.si\/en\/trgovina\/knjige\/slovenski-salezijanci-v-misijonih\/","title":{"rendered":"SLOVENSKI SALEZIJANCI V MISIJONIH"},"content":{"rendered":"<p><em>Iz uvoda:<\/em><\/p>\n<p>\u00bbMed salezijanci na Slovenskem je bila odlo\u010ditev za misijone in misijonsko delo skozi vso zgodovino razumljena kot najbolj zgovorna oblika uresni\u010devanja kr\u0161\u010danskega poklica, zvestobe don Bosku in zavzetosti za Cerkev. To je bilo povsem v skladu s podobo, ki jo je imela salezijanska dru\u017eba \u017ee od za\u010detkov.\u00ab (B. Kolar)<span class=\"slv-content-keywords\"> Knjige Bogdan Kolar misijoni salezijanci zgodovina Bogdan Kolar <\/span><\/p>","protected":false},"excerpt":{"rendered":"<p>Salezijanski zgodovinar dr. Bogdan Kolar je ob 150. obletnici prve don Boskove misijonske odprave pripravil ob\u0161irno in bogato predstavitev slovenskih salezijanskih misijonarjev skozi prvih 150 let misijonskega poslanstva salezijanske dru\u017ebe.<\/p>","protected":false},"featured_media":20910,"template":"","meta":{"_acf_changed":false,"footnotes":""},"product_cat":[141],"product_tag":[1431,1119,1019,1257],"class_list":{"0":"post-20909","1":"product","2":"type-product","3":"status-publish","4":"has-post-thumbnail","6":"authors-bogdan-kolar","7":"publisher-salve-d-o-o-ljubljana","8":"product_cat-knjige","9":"product_tag-bogdan-kolar","10":"product_tag-misijoni","11":"product_tag-salezijanci","12":"product_tag-zgodovina","14":"first","15":"instock","16":"shipping-taxable","17":"purchasable","18":"product-type-simple"},"acf":[],"yoast_head":"<!-- This site is optimized with the Yoast SEO plugin v23.8 - https:\/\/yoast.com\/wordpress\/plugins\/seo\/ -->\n<title>SLOVENSKI SALEZIJANCI V MISIJONIH - Salve<\/title>\n<meta name=\"robots\" content=\"index, follow, max-snippet:-1, max-image-preview:large, max-video-preview:-1\" \/>\n<link rel=\"canonical\" href=\"https:\/\/www.salve.si\/en\/trgovina\/knjige\/slovenski-salezijanci-v-misijonih\/\" \/>\n<meta property=\"og:locale\" content=\"en_US\" \/>\n<meta property=\"og:type\" content=\"article\" \/>\n<meta property=\"og:title\" content=\"SLOVENSKI SALEZIJANCI V MISIJONIH - Salve\" \/>\n<meta property=\"og:description\" content=\"Salezijanski zgodovinar dr. Bogdan Kolar je ob 150. obletnici prve don Boskove misijonske odprave pripravil ob\u0161irno in bogato predstavitev slovenskih salezijanskih misijonarjev skozi prvih 150 let misijonskega poslanstva salezijanske dru\u017ebe.\" \/>\n<meta property=\"og:url\" content=\"https:\/\/www.salve.si\/en\/trgovina\/knjige\/slovenski-salezijanci-v-misijonih\/\" \/>\n<meta property=\"og:site_name\" content=\"Salve\" \/>\n<meta property=\"article:publisher\" content=\"https:\/\/www.facebook.com\/salve.si\" \/>\n<meta property=\"article:modified_time\" content=\"2026-01-15T09:53:41+00:00\" \/>\n<meta property=\"og:image\" content=\"https:\/\/www.salve.si\/wp-content\/uploads\/2025\/12\/8d88c718-cf4e-4a92-91fa-fb62dbe427ef.jpg\" \/>\n\t<meta property=\"og:image:width\" content=\"1099\" \/>\n\t<meta property=\"og:image:height\" content=\"1600\" \/>\n\t<meta property=\"og:image:type\" content=\"image\/jpeg\" \/>\n<meta name=\"twitter:card\" content=\"summary_large_image\" \/>\n<meta name=\"twitter:label1\" content=\"Est. reading time\" \/>\n\t<meta name=\"twitter:data1\" content=\"1 minute\" \/>\n<script type=\"application\/ld+json\" class=\"yoast-schema-graph\">{\"@context\":\"https:\/\/schema.org\",\"@graph\":[{\"@type\":\"WebPage\",\"@id\":\"https:\/\/www.salve.si\/trgovina\/knjige\/slovenski-salezijanci-v-misijonih\/\",\"url\":\"https:\/\/www.salve.si\/trgovina\/knjige\/slovenski-salezijanci-v-misijonih\/\",\"name\":\"SLOVENSKI SALEZIJANCI V MISIJONIH - Salve\",\"isPartOf\":{\"@id\":\"https:\/\/www.salve.si\/#website\"},\"primaryImageOfPage\":{\"@id\":\"https:\/\/www.salve.si\/trgovina\/knjige\/slovenski-salezijanci-v-misijonih\/#primaryimage\"},\"image\":{\"@id\":\"https:\/\/www.salve.si\/trgovina\/knjige\/slovenski-salezijanci-v-misijonih\/#primaryimage\"},\"thumbnailUrl\":\"https:\/\/www.salve.si\/wp-content\/uploads\/2025\/12\/8d88c718-cf4e-4a92-91fa-fb62dbe427ef.jpg\",\"datePublished\":\"2025-12-30T13:41:51+00:00\",\"dateModified\":\"2026-01-15T09:53:41+00:00\",\"breadcrumb\":{\"@id\":\"https:\/\/www.salve.si\/trgovina\/knjige\/slovenski-salezijanci-v-misijonih\/#breadcrumb\"},\"inLanguage\":\"en-US\",\"potentialAction\":[{\"@type\":\"ReadAction\",\"target\":[\"https:\/\/www.salve.si\/trgovina\/knjige\/slovenski-salezijanci-v-misijonih\/\"]}]},{\"@type\":\"ImageObject\",\"inLanguage\":\"en-US\",\"@id\":\"https:\/\/www.salve.si\/trgovina\/knjige\/slovenski-salezijanci-v-misijonih\/#primaryimage\",\"url\":\"https:\/\/www.salve.si\/wp-content\/uploads\/2025\/12\/8d88c718-cf4e-4a92-91fa-fb62dbe427ef.jpg\",\"contentUrl\":\"https:\/\/www.salve.si\/wp-content\/uploads\/2025\/12\/8d88c718-cf4e-4a92-91fa-fb62dbe427ef.jpg\",\"width\":1099,\"height\":1600},{\"@type\":\"BreadcrumbList\",\"@id\":\"https:\/\/www.salve.si\/trgovina\/knjige\/slovenski-salezijanci-v-misijonih\/#breadcrumb\",\"itemListElement\":[{\"@type\":\"ListItem\",\"position\":1,\"name\":\"Home\",\"item\":\"https:\/\/www.salve.si\/\"},{\"@type\":\"ListItem\",\"position\":2,\"name\":\"Trgovina\",\"item\":\"https:\/\/www.salve.si\/trgovina\/\"},{\"@type\":\"ListItem\",\"position\":3,\"name\":\"SLOVENSKI SALEZIJANCI V MISIJONIH\"}]},{\"@type\":\"WebSite\",\"@id\":\"https:\/\/www.salve.si\/#website\",\"url\":\"https:\/\/www.salve.si\/\",\"name\":\"Salve\",\"description\":\"Salezijanska zalo\u017eba\",\"publisher\":{\"@id\":\"https:\/\/www.salve.si\/#organization\"},\"potentialAction\":[{\"@type\":\"SearchAction\",\"target\":{\"@type\":\"EntryPoint\",\"urlTemplate\":\"https:\/\/www.salve.si\/?s={search_term_string}\"},\"query-input\":{\"@type\":\"PropertyValueSpecification\",\"valueRequired\":true,\"valueName\":\"search_term_string\"}}],\"inLanguage\":\"en-US\"},{\"@type\":\"Organization\",\"@id\":\"https:\/\/www.salve.si\/#organization\",\"name\":\"Salve d.o.o.\",\"url\":\"https:\/\/www.salve.si\/\",\"logo\":{\"@type\":\"ImageObject\",\"inLanguage\":\"en-US\",\"@id\":\"https:\/\/www.salve.si\/#\/schema\/logo\/image\/\",\"url\":\"https:\/\/www.salve.si\/wp-content\/uploads\/2021\/01\/Salve_logo_modri_nov_web.png\",\"contentUrl\":\"https:\/\/www.salve.si\/wp-content\/uploads\/2021\/01\/Salve_logo_modri_nov_web.png\",\"width\":279,\"height\":90,\"caption\":\"Salve d.o.o.\"},\"image\":{\"@id\":\"https:\/\/www.salve.si\/#\/schema\/logo\/image\/\"},\"sameAs\":[\"https:\/\/www.facebook.com\/salve.si\",\"https:\/\/www.instagram.com\/zalozbasalve\/\",\"https:\/\/www.linkedin.com\/company\/zalozba-salve\/\"]}]}<\/script>\n<!-- \/ Yoast SEO plugin. -->","yoast_head_json":{"title":"SLOVENSKI SALEZIJANCI V MISIJONIH - Salve","robots":{"index":"index","follow":"follow","max-snippet":"max-snippet:-1","max-image-preview":"max-image-preview:large","max-video-preview":"max-video-preview:-1"},"canonical":"https:\/\/www.salve.si\/en\/trgovina\/knjige\/slovenski-salezijanci-v-misijonih\/","og_locale":"en_US","og_type":"article","og_title":"SLOVENSKI SALEZIJANCI V MISIJONIH - Salve","og_description":"Salezijanski zgodovinar dr. Bogdan Kolar je ob 150. obletnici prve don Boskove misijonske odprave pripravil ob\u0161irno in bogato predstavitev slovenskih salezijanskih misijonarjev skozi prvih 150 let misijonskega poslanstva salezijanske dru\u017ebe.","og_url":"https:\/\/www.salve.si\/en\/trgovina\/knjige\/slovenski-salezijanci-v-misijonih\/","og_site_name":"Salve","article_publisher":"https:\/\/www.facebook.com\/salve.si","article_modified_time":"2026-01-15T09:53:41+00:00","og_image":[{"width":1099,"height":1600,"url":"https:\/\/www.salve.si\/wp-content\/uploads\/2025\/12\/8d88c718-cf4e-4a92-91fa-fb62dbe427ef.jpg","type":"image\/jpeg"}],"twitter_card":"summary_large_image","twitter_misc":{"Est. reading time":"1 minute"},"schema":{"@context":"https:\/\/schema.org","@graph":[{"@type":"WebPage","@id":"https:\/\/www.salve.si\/trgovina\/knjige\/slovenski-salezijanci-v-misijonih\/","url":"https:\/\/www.salve.si\/trgovina\/knjige\/slovenski-salezijanci-v-misijonih\/","name":"SLOVENSKI SALEZIJANCI V MISIJONIH - Salve","isPartOf":{"@id":"https:\/\/www.salve.si\/#website"},"primaryImageOfPage":{"@id":"https:\/\/www.salve.si\/trgovina\/knjige\/slovenski-salezijanci-v-misijonih\/#primaryimage"},"image":{"@id":"https:\/\/www.salve.si\/trgovina\/knjige\/slovenski-salezijanci-v-misijonih\/#primaryimage"},"thumbnailUrl":"https:\/\/www.salve.si\/wp-content\/uploads\/2025\/12\/8d88c718-cf4e-4a92-91fa-fb62dbe427ef.jpg","datePublished":"2025-12-30T13:41:51+00:00","dateModified":"2026-01-15T09:53:41+00:00","breadcrumb":{"@id":"https:\/\/www.salve.si\/trgovina\/knjige\/slovenski-salezijanci-v-misijonih\/#breadcrumb"},"inLanguage":"en-US","potentialAction":[{"@type":"ReadAction","target":["https:\/\/www.salve.si\/trgovina\/knjige\/slovenski-salezijanci-v-misijonih\/"]}]},{"@type":"ImageObject","inLanguage":"en-US","@id":"https:\/\/www.salve.si\/trgovina\/knjige\/slovenski-salezijanci-v-misijonih\/#primaryimage","url":"https:\/\/www.salve.si\/wp-content\/uploads\/2025\/12\/8d88c718-cf4e-4a92-91fa-fb62dbe427ef.jpg","contentUrl":"https:\/\/www.salve.si\/wp-content\/uploads\/2025\/12\/8d88c718-cf4e-4a92-91fa-fb62dbe427ef.jpg","width":1099,"height":1600},{"@type":"BreadcrumbList","@id":"https:\/\/www.salve.si\/trgovina\/knjige\/slovenski-salezijanci-v-misijonih\/#breadcrumb","itemListElement":[{"@type":"ListItem","position":1,"name":"Home","item":"https:\/\/www.salve.si\/"},{"@type":"ListItem","position":2,"name":"Trgovina","item":"https:\/\/www.salve.si\/trgovina\/"},{"@type":"ListItem","position":3,"name":"SLOVENSKI SALEZIJANCI V MISIJONIH"}]},{"@type":"WebSite","@id":"https:\/\/www.salve.si\/#website","url":"https:\/\/www.salve.si\/","name":"Salve","description":"Salezijanska zalo\u017eba","publisher":{"@id":"https:\/\/www.salve.si\/#organization"},"potentialAction":[{"@type":"SearchAction","target":{"@type":"EntryPoint","urlTemplate":"https:\/\/www.salve.si\/?s={search_term_string}"},"query-input":{"@type":"PropertyValueSpecification","valueRequired":true,"valueName":"search_term_string"}}],"inLanguage":"en-US"},{"@type":"Organization","@id":"https:\/\/www.salve.si\/#organization","name":"Salve d.o.o.","url":"https:\/\/www.salve.si\/","logo":{"@type":"ImageObject","inLanguage":"en-US","@id":"https:\/\/www.salve.si\/#\/schema\/logo\/image\/","url":"https:\/\/www.salve.si\/wp-content\/uploads\/2021\/01\/Salve_logo_modri_nov_web.png","contentUrl":"https:\/\/www.salve.si\/wp-content\/uploads\/2021\/01\/Salve_logo_modri_nov_web.png","width":279,"height":90,"caption":"Salve d.o.o."},"image":{"@id":"https:\/\/www.salve.si\/#\/schema\/logo\/image\/"},"sameAs":["https:\/\/www.facebook.com\/salve.si","https:\/\/www.instagram.com\/zalozbasalve\/","https:\/\/www.linkedin.com\/company\/zalozba-salve\/"]}]}},"_links":{"self":[{"href":"https:\/\/www.salve.si\/en\/wp-json\/wp\/v2\/product\/20909","targetHints":{"allow":["GET"]}}],"collection":[{"href":"https:\/\/www.salve.si\/en\/wp-json\/wp\/v2\/product"}],"about":[{"href":"https:\/\/www.salve.si\/en\/wp-json\/wp\/v2\/types\/product"}],"version-history":[{"count":4,"href":"https:\/\/www.salve.si\/en\/wp-json\/wp\/v2\/product\/20909\/revisions"}],"predecessor-version":[{"id":21077,"href":"https:\/\/www.salve.si\/en\/wp-json\/wp\/v2\/product\/20909\/revisions\/21077"}],"wp:featuredmedia":[{"embeddable":true,"href":"https:\/\/www.salve.si\/en\/wp-json\/wp\/v2\/media\/20910"}],"wp:attachment":[{"href":"https:\/\/www.salve.si\/en\/wp-json\/wp\/v2\/media?parent=20909"}],"wp:term":[{"taxonomy":"product_cat","embeddable":true,"href":"https:\/\/www.salve.si\/en\/wp-json\/wp\/v2\/product_cat?post=20909"},{"taxonomy":"product_tag","embeddable":true,"href":"https:\/\/www.salve.si\/en\/wp-json\/wp\/v2\/product_tag?post=20909"}],"curies":[{"name":"wp","href":"https:\/\/api.w.org\/{rel}","templated":true}]}}