{"id":20779,"date":"2025-12-01T12:35:27","date_gmt":"2025-12-01T11:35:27","guid":{"rendered":"https:\/\/www.salve.si\/?post_type=product&#038;p=20779"},"modified":"2025-12-30T09:41:54","modified_gmt":"2025-12-30T08:41:54","slug":"pot-mladencev-z-dekleti","status":"publish","type":"product","link":"https:\/\/www.salve.si\/en\/trgovina\/knjige\/prirocniki\/pot-mladencev-z-dekleti\/","title":{"rendered":"POT MLADEN\u010cEV Z DEKLETI"},"content":{"rendered":"<p>Pot mladeni\u010dev z dekleti je neposreden, v veri zasidran vodi\u010d za fante in mlade mo\u0161ke, ki razre\u0161i zmedo okoli privla\u010dnosti, zmenkov in vodenja \u2013 brez sramotenja in brez cini\u010dnih receptov z interneta. Avtor na novo pojasni mo\u0161ko spolno energijo kot virilnost: ognjeno silo, ki jo je treba oblikovati. Poka\u017ee, kaj je mo\u0161ki (ogenj in okvir) in kaj \u017eenska (biser in mo\u010d), nau\u010di \u00bbodnosnega plesa\u00ab v ritmu \u00bbkorak naprej \u2013 korak nazaj\u00ab, predstavi vodenje po modelu \u00bbkapitan-prvi \u010dastnik\u00ab ter preobrazbo spolne energije v \u00bbmuzo in poslanstvo\u00ab. Knjiga se mo\u010dno navezuje na Sveto pismo, zgodbe iz resni\u010dnega \u017eivljenja in preizku\u0161ena prakti\u010dna orodja (\u00bbprvinski judo\u00ab, vpra\u0161anja za dnevnik, \u00bbterenske vaje\u00ab), zato je hkrati navdihujo\u010da in prakti\u010dna. Idealna za samostojno branje, za pogovore med o\u010detom in najstni\u0161kim sinom (15+), mladinske skupine in mo\u0161ka bratstva.<\/p>\n<p>O avtorju:<br \/>\nGiff Lasta je mentor mo\u0161kim, poro\u010den 22 let in o\u010de \u0161tirih sinov. Iz osebne preobrazbe (premagovanje pornografije, obnova zakona) je razvil programe in bratstva, ki mo\u0161kim pomagajo okrepiti odnos z Bogom, postati voditelji doma ter uspevati v ljubezni. Vodil je ve\u010d deset mo\u0161kih skozi proces, ki je navdihnil to knjigo. Aktivno sodeluje v cerkvenih skupnostih in na spletu (https:\/\/x.com\/Gifflasta)<span class=\"slv-content-keywords\"> Giff Lasta Knjige Priro\u010dniki adolescenca fantje ljubezen mo\u0161kost priro\u010dnik Pozabljena kr\u0161\u010danska modrost, kako postati mo\u0161ki, ki zmaguje v ljubezni <\/span><\/p>","protected":false},"excerpt":{"rendered":"<p>Mo\u0161kost ni te\u017eava, ki jo odpravi\u0161 \u2013 je sila, ki jo oblikuje\u0161. Ta knjiga kr\u0161\u010danske fante in mo\u0161ke opremi z jezikom, orodji in pogumom, da iz svoje virilnosti zgradijo okvir za ljubezen, vodenje in poslanstvo<\/p>","protected":false},"featured_media":20780,"template":"","meta":{"_acf_changed":false,"footnotes":""},"product_cat":[141,316],"product_tag":[1423,1422,1239,1421,1086],"class_list":{"0":"post-20779","1":"product","2":"type-product","3":"status-publish","4":"has-post-thumbnail","6":"authors-giff-lasta","7":"publisher-nejc-skoberne-s-p","8":"product_cat-knjige","9":"product_cat-prirocniki","10":"product_tag-adolescenca","11":"product_tag-fantje","12":"product_tag-ljubezen","13":"product_tag-moskost","14":"product_tag-prirocnik","16":"first","17":"instock","18":"shipping-taxable","19":"purchasable","20":"product-type-simple"},"acf":[],"yoast_head":"<!-- This site is optimized with the Yoast SEO plugin v23.8 - https:\/\/yoast.com\/wordpress\/plugins\/seo\/ -->\n<title>POT MLADEN\u010cEV Z DEKLETI - Salve<\/title>\n<meta name=\"robots\" content=\"index, follow, max-snippet:-1, max-image-preview:large, max-video-preview:-1\" \/>\n<link rel=\"canonical\" href=\"https:\/\/www.salve.si\/en\/trgovina\/knjige\/prirocniki\/pot-mladencev-z-dekleti\/\" \/>\n<meta property=\"og:locale\" content=\"en_US\" \/>\n<meta property=\"og:type\" content=\"article\" \/>\n<meta property=\"og:title\" content=\"POT MLADEN\u010cEV Z DEKLETI - Salve\" \/>\n<meta property=\"og:description\" content=\"Mo\u0161kost ni te\u017eava, ki jo odpravi\u0161 \u2013 je sila, ki jo oblikuje\u0161. Ta knjiga kr\u0161\u010danske fante in mo\u0161ke opremi z jezikom, orodji in pogumom, da iz svoje virilnosti zgradijo okvir za ljubezen, vodenje in poslanstvo\" \/>\n<meta property=\"og:url\" content=\"https:\/\/www.salve.si\/en\/trgovina\/knjige\/prirocniki\/pot-mladencev-z-dekleti\/\" \/>\n<meta property=\"og:site_name\" content=\"Salve\" \/>\n<meta property=\"article:publisher\" content=\"https:\/\/www.facebook.com\/salve.si\" \/>\n<meta property=\"article:modified_time\" content=\"2025-12-30T08:41:54+00:00\" \/>\n<meta property=\"og:image\" content=\"https:\/\/www.salve.si\/wp-content\/uploads\/2025\/12\/Pot-mladencev-z-dekleti_naslovnica.png\" \/>\n\t<meta property=\"og:image:width\" content=\"514\" \/>\n\t<meta property=\"og:image:height\" content=\"807\" \/>\n\t<meta property=\"og:image:type\" content=\"image\/png\" \/>\n<meta name=\"twitter:card\" content=\"summary_large_image\" \/>\n<meta name=\"twitter:label1\" content=\"Est. reading time\" \/>\n\t<meta name=\"twitter:data1\" content=\"2 minutes\" \/>\n<script type=\"application\/ld+json\" class=\"yoast-schema-graph\">{\"@context\":\"https:\/\/schema.org\",\"@graph\":[{\"@type\":\"WebPage\",\"@id\":\"https:\/\/www.salve.si\/trgovina\/knjige\/prirocniki\/pot-mladencev-z-dekleti\/\",\"url\":\"https:\/\/www.salve.si\/trgovina\/knjige\/prirocniki\/pot-mladencev-z-dekleti\/\",\"name\":\"POT MLADEN\u010cEV Z DEKLETI - Salve\",\"isPartOf\":{\"@id\":\"https:\/\/www.salve.si\/#website\"},\"primaryImageOfPage\":{\"@id\":\"https:\/\/www.salve.si\/trgovina\/knjige\/prirocniki\/pot-mladencev-z-dekleti\/#primaryimage\"},\"image\":{\"@id\":\"https:\/\/www.salve.si\/trgovina\/knjige\/prirocniki\/pot-mladencev-z-dekleti\/#primaryimage\"},\"thumbnailUrl\":\"https:\/\/www.salve.si\/wp-content\/uploads\/2025\/12\/Pot-mladencev-z-dekleti_naslovnica.png\",\"datePublished\":\"2025-12-01T11:35:27+00:00\",\"dateModified\":\"2025-12-30T08:41:54+00:00\",\"breadcrumb\":{\"@id\":\"https:\/\/www.salve.si\/trgovina\/knjige\/prirocniki\/pot-mladencev-z-dekleti\/#breadcrumb\"},\"inLanguage\":\"en-US\",\"potentialAction\":[{\"@type\":\"ReadAction\",\"target\":[\"https:\/\/www.salve.si\/trgovina\/knjige\/prirocniki\/pot-mladencev-z-dekleti\/\"]}]},{\"@type\":\"ImageObject\",\"inLanguage\":\"en-US\",\"@id\":\"https:\/\/www.salve.si\/trgovina\/knjige\/prirocniki\/pot-mladencev-z-dekleti\/#primaryimage\",\"url\":\"https:\/\/www.salve.si\/wp-content\/uploads\/2025\/12\/Pot-mladencev-z-dekleti_naslovnica.png\",\"contentUrl\":\"https:\/\/www.salve.si\/wp-content\/uploads\/2025\/12\/Pot-mladencev-z-dekleti_naslovnica.png\",\"width\":514,\"height\":807},{\"@type\":\"BreadcrumbList\",\"@id\":\"https:\/\/www.salve.si\/trgovina\/knjige\/prirocniki\/pot-mladencev-z-dekleti\/#breadcrumb\",\"itemListElement\":[{\"@type\":\"ListItem\",\"position\":1,\"name\":\"Home\",\"item\":\"https:\/\/www.salve.si\/\"},{\"@type\":\"ListItem\",\"position\":2,\"name\":\"Trgovina\",\"item\":\"https:\/\/www.salve.si\/trgovina\/\"},{\"@type\":\"ListItem\",\"position\":3,\"name\":\"POT MLADEN\u010cEV Z DEKLETI\"}]},{\"@type\":\"WebSite\",\"@id\":\"https:\/\/www.salve.si\/#website\",\"url\":\"https:\/\/www.salve.si\/\",\"name\":\"Salve\",\"description\":\"Salezijanska zalo\u017eba\",\"publisher\":{\"@id\":\"https:\/\/www.salve.si\/#organization\"},\"potentialAction\":[{\"@type\":\"SearchAction\",\"target\":{\"@type\":\"EntryPoint\",\"urlTemplate\":\"https:\/\/www.salve.si\/?s={search_term_string}\"},\"query-input\":{\"@type\":\"PropertyValueSpecification\",\"valueRequired\":true,\"valueName\":\"search_term_string\"}}],\"inLanguage\":\"en-US\"},{\"@type\":\"Organization\",\"@id\":\"https:\/\/www.salve.si\/#organization\",\"name\":\"Salve d.o.o.\",\"url\":\"https:\/\/www.salve.si\/\",\"logo\":{\"@type\":\"ImageObject\",\"inLanguage\":\"en-US\",\"@id\":\"https:\/\/www.salve.si\/#\/schema\/logo\/image\/\",\"url\":\"https:\/\/www.salve.si\/wp-content\/uploads\/2021\/01\/Salve_logo_modri_nov_web.png\",\"contentUrl\":\"https:\/\/www.salve.si\/wp-content\/uploads\/2021\/01\/Salve_logo_modri_nov_web.png\",\"width\":279,\"height\":90,\"caption\":\"Salve d.o.o.\"},\"image\":{\"@id\":\"https:\/\/www.salve.si\/#\/schema\/logo\/image\/\"},\"sameAs\":[\"https:\/\/www.facebook.com\/salve.si\",\"https:\/\/www.instagram.com\/zalozbasalve\/\",\"https:\/\/www.linkedin.com\/company\/zalozba-salve\/\"]}]}<\/script>\n<!-- \/ Yoast SEO plugin. -->","yoast_head_json":{"title":"POT MLADEN\u010cEV Z DEKLETI - Salve","robots":{"index":"index","follow":"follow","max-snippet":"max-snippet:-1","max-image-preview":"max-image-preview:large","max-video-preview":"max-video-preview:-1"},"canonical":"https:\/\/www.salve.si\/en\/trgovina\/knjige\/prirocniki\/pot-mladencev-z-dekleti\/","og_locale":"en_US","og_type":"article","og_title":"POT MLADEN\u010cEV Z DEKLETI - Salve","og_description":"Mo\u0161kost ni te\u017eava, ki jo odpravi\u0161 \u2013 je sila, ki jo oblikuje\u0161. Ta knjiga kr\u0161\u010danske fante in mo\u0161ke opremi z jezikom, orodji in pogumom, da iz svoje virilnosti zgradijo okvir za ljubezen, vodenje in poslanstvo","og_url":"https:\/\/www.salve.si\/en\/trgovina\/knjige\/prirocniki\/pot-mladencev-z-dekleti\/","og_site_name":"Salve","article_publisher":"https:\/\/www.facebook.com\/salve.si","article_modified_time":"2025-12-30T08:41:54+00:00","og_image":[{"width":514,"height":807,"url":"https:\/\/www.salve.si\/wp-content\/uploads\/2025\/12\/Pot-mladencev-z-dekleti_naslovnica.png","type":"image\/png"}],"twitter_card":"summary_large_image","twitter_misc":{"Est. reading time":"2 minutes"},"schema":{"@context":"https:\/\/schema.org","@graph":[{"@type":"WebPage","@id":"https:\/\/www.salve.si\/trgovina\/knjige\/prirocniki\/pot-mladencev-z-dekleti\/","url":"https:\/\/www.salve.si\/trgovina\/knjige\/prirocniki\/pot-mladencev-z-dekleti\/","name":"POT MLADEN\u010cEV Z DEKLETI - Salve","isPartOf":{"@id":"https:\/\/www.salve.si\/#website"},"primaryImageOfPage":{"@id":"https:\/\/www.salve.si\/trgovina\/knjige\/prirocniki\/pot-mladencev-z-dekleti\/#primaryimage"},"image":{"@id":"https:\/\/www.salve.si\/trgovina\/knjige\/prirocniki\/pot-mladencev-z-dekleti\/#primaryimage"},"thumbnailUrl":"https:\/\/www.salve.si\/wp-content\/uploads\/2025\/12\/Pot-mladencev-z-dekleti_naslovnica.png","datePublished":"2025-12-01T11:35:27+00:00","dateModified":"2025-12-30T08:41:54+00:00","breadcrumb":{"@id":"https:\/\/www.salve.si\/trgovina\/knjige\/prirocniki\/pot-mladencev-z-dekleti\/#breadcrumb"},"inLanguage":"en-US","potentialAction":[{"@type":"ReadAction","target":["https:\/\/www.salve.si\/trgovina\/knjige\/prirocniki\/pot-mladencev-z-dekleti\/"]}]},{"@type":"ImageObject","inLanguage":"en-US","@id":"https:\/\/www.salve.si\/trgovina\/knjige\/prirocniki\/pot-mladencev-z-dekleti\/#primaryimage","url":"https:\/\/www.salve.si\/wp-content\/uploads\/2025\/12\/Pot-mladencev-z-dekleti_naslovnica.png","contentUrl":"https:\/\/www.salve.si\/wp-content\/uploads\/2025\/12\/Pot-mladencev-z-dekleti_naslovnica.png","width":514,"height":807},{"@type":"BreadcrumbList","@id":"https:\/\/www.salve.si\/trgovina\/knjige\/prirocniki\/pot-mladencev-z-dekleti\/#breadcrumb","itemListElement":[{"@type":"ListItem","position":1,"name":"Home","item":"https:\/\/www.salve.si\/"},{"@type":"ListItem","position":2,"name":"Trgovina","item":"https:\/\/www.salve.si\/trgovina\/"},{"@type":"ListItem","position":3,"name":"POT MLADEN\u010cEV Z DEKLETI"}]},{"@type":"WebSite","@id":"https:\/\/www.salve.si\/#website","url":"https:\/\/www.salve.si\/","name":"Salve","description":"Salezijanska zalo\u017eba","publisher":{"@id":"https:\/\/www.salve.si\/#organization"},"potentialAction":[{"@type":"SearchAction","target":{"@type":"EntryPoint","urlTemplate":"https:\/\/www.salve.si\/?s={search_term_string}"},"query-input":{"@type":"PropertyValueSpecification","valueRequired":true,"valueName":"search_term_string"}}],"inLanguage":"en-US"},{"@type":"Organization","@id":"https:\/\/www.salve.si\/#organization","name":"Salve d.o.o.","url":"https:\/\/www.salve.si\/","logo":{"@type":"ImageObject","inLanguage":"en-US","@id":"https:\/\/www.salve.si\/#\/schema\/logo\/image\/","url":"https:\/\/www.salve.si\/wp-content\/uploads\/2021\/01\/Salve_logo_modri_nov_web.png","contentUrl":"https:\/\/www.salve.si\/wp-content\/uploads\/2021\/01\/Salve_logo_modri_nov_web.png","width":279,"height":90,"caption":"Salve d.o.o."},"image":{"@id":"https:\/\/www.salve.si\/#\/schema\/logo\/image\/"},"sameAs":["https:\/\/www.facebook.com\/salve.si","https:\/\/www.instagram.com\/zalozbasalve\/","https:\/\/www.linkedin.com\/company\/zalozba-salve\/"]}]}},"_links":{"self":[{"href":"https:\/\/www.salve.si\/en\/wp-json\/wp\/v2\/product\/20779","targetHints":{"allow":["GET"]}}],"collection":[{"href":"https:\/\/www.salve.si\/en\/wp-json\/wp\/v2\/product"}],"about":[{"href":"https:\/\/www.salve.si\/en\/wp-json\/wp\/v2\/types\/product"}],"version-history":[{"count":3,"href":"https:\/\/www.salve.si\/en\/wp-json\/wp\/v2\/product\/20779\/revisions"}],"predecessor-version":[{"id":20904,"href":"https:\/\/www.salve.si\/en\/wp-json\/wp\/v2\/product\/20779\/revisions\/20904"}],"wp:featuredmedia":[{"embeddable":true,"href":"https:\/\/www.salve.si\/en\/wp-json\/wp\/v2\/media\/20780"}],"wp:attachment":[{"href":"https:\/\/www.salve.si\/en\/wp-json\/wp\/v2\/media?parent=20779"}],"wp:term":[{"taxonomy":"product_cat","embeddable":true,"href":"https:\/\/www.salve.si\/en\/wp-json\/wp\/v2\/product_cat?post=20779"},{"taxonomy":"product_tag","embeddable":true,"href":"https:\/\/www.salve.si\/en\/wp-json\/wp\/v2\/product_tag?post=20779"}],"curies":[{"name":"wp","href":"https:\/\/api.w.org\/{rel}","templated":true}]}}