{"id":20491,"date":"2025-09-21T12:05:50","date_gmt":"2025-09-21T10:05:50","guid":{"rendered":"https:\/\/www.salve.si\/?post_type=product&#038;p=20491"},"modified":"2025-10-23T12:48:06","modified_gmt":"2025-10-23T10:48:06","slug":"ucna-pomoc-otrokom-in-mladostnikom","status":"publish","type":"product","link":"https:\/\/www.salve.si\/en\/trgovina\/film-glasba\/didakticni-pripomocki\/ucna-pomoc-otrokom-in-mladostnikom\/","title":{"rendered":"U\u010cNA POMO\u010c OTROKOM IN MLADOSTNIKOM"},"content":{"rendered":"<p>Priro\u010dnik <em>U\u010dna pomo\u010d otrokom in mladostnikom<\/em> je zasnovan kot vsebinski in prakti\u010dni pripomo\u010dek za prostovoljce in mentorje, ki izvajajo individualno u\u010dno pomo\u010d otrokom in mladostnikom v okviru salezijanskih mladinskih centrov in sorodnih ustanov. Namenjen je podpori pri delu z otroki in mladimi, ki potrebujejo dodatno pomo\u010d pri u\u010denju, ter spodbujanju razumevanja psihosocialnih vidikov otrokovega razvoja.<br \/>\nPredstavlja temeljne vloge prostovoljcev, mentorjev in star\u0161ev, eti\u010dna na\u010dela in varnostne vidike, zna\u010dilnosti otrokovega razvoja ter najpogostej\u0161e u\u010dne in \u010dustvene izzive. Poseben poudarek namenja odnosu med prostovoljcem in otrokom, aktivnim u\u010dnim strategijam, metodam za ohranjanje pozornosti ter prilagoditvam pri delu z otroki s posebnimi potrebami.<br \/>\nVklju\u010duje primere iz prakse, konkretne nasvete in vizualne prikaze, ki prostovoljcem omogo\u010dajo ustvarjanje spodbudnega in strukturiranega u\u010dnega okolja. Priro\u010dnik povezuje pedago\u0161ko prakso s salezijansko vzgojno vizijo ter prispeva k osebni in socialni rasti otrok in\u00a0prostovoljcev.<br \/>\n<span class=\"slv-content-keywords\"> Knjige Didakti\u010dni pripomo\u010dki u\u010dna pomo\u010d Vsebinski priro\u010dnik za prostovoljce <\/span><\/p>","protected":false},"excerpt":{"rendered":"<p>Priro\u010dnik <em>U\u010dna pomo\u010d otrokom in mladostnikom<\/em> je namenjen prostovoljcem in mentorjem, ki izvajajo individualno u\u010dno pomo\u010d. Opisuje vlogo vseh vpletenih v proces u\u010dne pomo\u010di, eti\u010dna na\u010dela, zna\u010dilnosti otrokovega razvoja ter najpogostej\u0161e u\u010dne in \u010dustvene izzive. Ponuja konkretne primere, preproste metode aktivnega u\u010denja in prilagoditve pri delu z otroki s posebnimi potrebami. V sredi\u0161\u010de postavlja odnos, zaupanje in postopno spodbujanje samostojnosti otroka. Priro\u010dnik zdru\u017euje pedago\u0161ko prakti\u010dnost in salezijansko vzgojno vizijo ter prostovoljcem nudi oporo pri gradnji spodbudnega\u00a0u\u010dnega\u00a0okolja.<\/p>","protected":false},"featured_media":20494,"template":"","meta":{"_acf_changed":false,"footnotes":""},"product_cat":[141,625],"product_tag":[1410],"class_list":{"0":"post-20491","1":"product","2":"type-product","3":"status-publish","4":"has-post-thumbnail","6":"publisher-salve-d-o-o-ljubljana","7":"product_cat-knjige","8":"product_cat-didakticni-pripomocki","9":"product_tag-ucna-pomoc","11":"first","12":"instock","13":"downloadable","14":"virtual","15":"purchasable","16":"product-type-simple"},"acf":[],"yoast_head":"<!-- This site is optimized with the Yoast SEO plugin v23.8 - https:\/\/yoast.com\/wordpress\/plugins\/seo\/ -->\n<title>U\u010cNA POMO\u010c OTROKOM IN MLADOSTNIKOM - Salve<\/title>\n<meta name=\"robots\" content=\"index, follow, max-snippet:-1, max-image-preview:large, max-video-preview:-1\" \/>\n<link rel=\"canonical\" href=\"https:\/\/www.salve.si\/en\/trgovina\/film-glasba\/didakticni-pripomocki\/ucna-pomoc-otrokom-in-mladostnikom\/\" \/>\n<meta property=\"og:locale\" content=\"en_US\" \/>\n<meta property=\"og:type\" content=\"article\" \/>\n<meta property=\"og:title\" content=\"U\u010cNA POMO\u010c OTROKOM IN MLADOSTNIKOM - Salve\" \/>\n<meta property=\"og:description\" content=\"Priro\u010dnik U\u010dna pomo\u010d otrokom in mladostnikom je namenjen prostovoljcem in mentorjem, ki izvajajo individualno u\u010dno pomo\u010d. Opisuje vlogo vseh vpletenih v proces u\u010dne pomo\u010di, eti\u010dna na\u010dela, zna\u010dilnosti otrokovega razvoja ter najpogostej\u0161e u\u010dne in \u010dustvene izzive. Ponuja konkretne primere, preproste metode aktivnega u\u010denja in prilagoditve pri delu z otroki s posebnimi potrebami. V sredi\u0161\u010de postavlja odnos, zaupanje in postopno spodbujanje samostojnosti otroka. Priro\u010dnik zdru\u017euje pedago\u0161ko prakti\u010dnost in salezijansko vzgojno vizijo ter prostovoljcem nudi oporo pri gradnji spodbudnega\u00a0u\u010dnega\u00a0okolja.\" \/>\n<meta property=\"og:url\" content=\"https:\/\/www.salve.si\/en\/trgovina\/film-glasba\/didakticni-pripomocki\/ucna-pomoc-otrokom-in-mladostnikom\/\" \/>\n<meta property=\"og:site_name\" content=\"Salve\" \/>\n<meta property=\"article:publisher\" content=\"https:\/\/www.facebook.com\/salve.si\" \/>\n<meta property=\"article:modified_time\" content=\"2025-10-23T10:48:06+00:00\" \/>\n<meta property=\"og:image\" content=\"https:\/\/www.salve.si\/wp-content\/uploads\/2025\/10\/FDB_Ucna-pomoc_2025-10-14_naslovnica-scaled.jpg\" \/>\n\t<meta property=\"og:image:width\" content=\"1810\" \/>\n\t<meta property=\"og:image:height\" content=\"2560\" \/>\n\t<meta property=\"og:image:type\" content=\"image\/jpeg\" \/>\n<meta name=\"twitter:card\" content=\"summary_large_image\" \/>\n<meta name=\"twitter:label1\" content=\"Est. reading time\" \/>\n\t<meta name=\"twitter:data1\" content=\"2 minutes\" \/>\n<script type=\"application\/ld+json\" class=\"yoast-schema-graph\">{\"@context\":\"https:\/\/schema.org\",\"@graph\":[{\"@type\":\"WebPage\",\"@id\":\"https:\/\/www.salve.si\/trgovina\/film-glasba\/didakticni-pripomocki\/ucna-pomoc-otrokom-in-mladostnikom\/\",\"url\":\"https:\/\/www.salve.si\/trgovina\/film-glasba\/didakticni-pripomocki\/ucna-pomoc-otrokom-in-mladostnikom\/\",\"name\":\"U\u010cNA POMO\u010c OTROKOM IN MLADOSTNIKOM - Salve\",\"isPartOf\":{\"@id\":\"https:\/\/www.salve.si\/#website\"},\"primaryImageOfPage\":{\"@id\":\"https:\/\/www.salve.si\/trgovina\/film-glasba\/didakticni-pripomocki\/ucna-pomoc-otrokom-in-mladostnikom\/#primaryimage\"},\"image\":{\"@id\":\"https:\/\/www.salve.si\/trgovina\/film-glasba\/didakticni-pripomocki\/ucna-pomoc-otrokom-in-mladostnikom\/#primaryimage\"},\"thumbnailUrl\":\"https:\/\/www.salve.si\/wp-content\/uploads\/2025\/10\/FDB_Ucna-pomoc_2025-10-14_naslovnica-scaled.jpg\",\"datePublished\":\"2025-09-21T10:05:50+00:00\",\"dateModified\":\"2025-10-23T10:48:06+00:00\",\"breadcrumb\":{\"@id\":\"https:\/\/www.salve.si\/trgovina\/film-glasba\/didakticni-pripomocki\/ucna-pomoc-otrokom-in-mladostnikom\/#breadcrumb\"},\"inLanguage\":\"en-US\",\"potentialAction\":[{\"@type\":\"ReadAction\",\"target\":[\"https:\/\/www.salve.si\/trgovina\/film-glasba\/didakticni-pripomocki\/ucna-pomoc-otrokom-in-mladostnikom\/\"]}]},{\"@type\":\"ImageObject\",\"inLanguage\":\"en-US\",\"@id\":\"https:\/\/www.salve.si\/trgovina\/film-glasba\/didakticni-pripomocki\/ucna-pomoc-otrokom-in-mladostnikom\/#primaryimage\",\"url\":\"https:\/\/www.salve.si\/wp-content\/uploads\/2025\/10\/FDB_Ucna-pomoc_2025-10-14_naslovnica-scaled.jpg\",\"contentUrl\":\"https:\/\/www.salve.si\/wp-content\/uploads\/2025\/10\/FDB_Ucna-pomoc_2025-10-14_naslovnica-scaled.jpg\",\"width\":1810,\"height\":2560},{\"@type\":\"BreadcrumbList\",\"@id\":\"https:\/\/www.salve.si\/trgovina\/film-glasba\/didakticni-pripomocki\/ucna-pomoc-otrokom-in-mladostnikom\/#breadcrumb\",\"itemListElement\":[{\"@type\":\"ListItem\",\"position\":1,\"name\":\"Home\",\"item\":\"https:\/\/www.salve.si\/\"},{\"@type\":\"ListItem\",\"position\":2,\"name\":\"Trgovina\",\"item\":\"https:\/\/www.salve.si\/trgovina\/\"},{\"@type\":\"ListItem\",\"position\":3,\"name\":\"U\u010cNA POMO\u010c OTROKOM IN MLADOSTNIKOM\"}]},{\"@type\":\"WebSite\",\"@id\":\"https:\/\/www.salve.si\/#website\",\"url\":\"https:\/\/www.salve.si\/\",\"name\":\"Salve\",\"description\":\"Salezijanska zalo\u017eba\",\"publisher\":{\"@id\":\"https:\/\/www.salve.si\/#organization\"},\"potentialAction\":[{\"@type\":\"SearchAction\",\"target\":{\"@type\":\"EntryPoint\",\"urlTemplate\":\"https:\/\/www.salve.si\/?s={search_term_string}\"},\"query-input\":{\"@type\":\"PropertyValueSpecification\",\"valueRequired\":true,\"valueName\":\"search_term_string\"}}],\"inLanguage\":\"en-US\"},{\"@type\":\"Organization\",\"@id\":\"https:\/\/www.salve.si\/#organization\",\"name\":\"Salve d.o.o.\",\"url\":\"https:\/\/www.salve.si\/\",\"logo\":{\"@type\":\"ImageObject\",\"inLanguage\":\"en-US\",\"@id\":\"https:\/\/www.salve.si\/#\/schema\/logo\/image\/\",\"url\":\"https:\/\/www.salve.si\/wp-content\/uploads\/2021\/01\/Salve_logo_modri_nov_web.png\",\"contentUrl\":\"https:\/\/www.salve.si\/wp-content\/uploads\/2021\/01\/Salve_logo_modri_nov_web.png\",\"width\":279,\"height\":90,\"caption\":\"Salve d.o.o.\"},\"image\":{\"@id\":\"https:\/\/www.salve.si\/#\/schema\/logo\/image\/\"},\"sameAs\":[\"https:\/\/www.facebook.com\/salve.si\",\"https:\/\/www.instagram.com\/zalozbasalve\/\",\"https:\/\/www.linkedin.com\/company\/zalozba-salve\/\"]}]}<\/script>\n<!-- \/ Yoast SEO plugin. -->","yoast_head_json":{"title":"U\u010cNA POMO\u010c OTROKOM IN MLADOSTNIKOM - Salve","robots":{"index":"index","follow":"follow","max-snippet":"max-snippet:-1","max-image-preview":"max-image-preview:large","max-video-preview":"max-video-preview:-1"},"canonical":"https:\/\/www.salve.si\/en\/trgovina\/film-glasba\/didakticni-pripomocki\/ucna-pomoc-otrokom-in-mladostnikom\/","og_locale":"en_US","og_type":"article","og_title":"U\u010cNA POMO\u010c OTROKOM IN MLADOSTNIKOM - Salve","og_description":"Priro\u010dnik U\u010dna pomo\u010d otrokom in mladostnikom je namenjen prostovoljcem in mentorjem, ki izvajajo individualno u\u010dno pomo\u010d. Opisuje vlogo vseh vpletenih v proces u\u010dne pomo\u010di, eti\u010dna na\u010dela, zna\u010dilnosti otrokovega razvoja ter najpogostej\u0161e u\u010dne in \u010dustvene izzive. Ponuja konkretne primere, preproste metode aktivnega u\u010denja in prilagoditve pri delu z otroki s posebnimi potrebami. V sredi\u0161\u010de postavlja odnos, zaupanje in postopno spodbujanje samostojnosti otroka. Priro\u010dnik zdru\u017euje pedago\u0161ko prakti\u010dnost in salezijansko vzgojno vizijo ter prostovoljcem nudi oporo pri gradnji spodbudnega\u00a0u\u010dnega\u00a0okolja.","og_url":"https:\/\/www.salve.si\/en\/trgovina\/film-glasba\/didakticni-pripomocki\/ucna-pomoc-otrokom-in-mladostnikom\/","og_site_name":"Salve","article_publisher":"https:\/\/www.facebook.com\/salve.si","article_modified_time":"2025-10-23T10:48:06+00:00","og_image":[{"width":1810,"height":2560,"url":"https:\/\/www.salve.si\/wp-content\/uploads\/2025\/10\/FDB_Ucna-pomoc_2025-10-14_naslovnica-scaled.jpg","type":"image\/jpeg"}],"twitter_card":"summary_large_image","twitter_misc":{"Est. reading time":"2 minutes"},"schema":{"@context":"https:\/\/schema.org","@graph":[{"@type":"WebPage","@id":"https:\/\/www.salve.si\/trgovina\/film-glasba\/didakticni-pripomocki\/ucna-pomoc-otrokom-in-mladostnikom\/","url":"https:\/\/www.salve.si\/trgovina\/film-glasba\/didakticni-pripomocki\/ucna-pomoc-otrokom-in-mladostnikom\/","name":"U\u010cNA POMO\u010c OTROKOM IN MLADOSTNIKOM - Salve","isPartOf":{"@id":"https:\/\/www.salve.si\/#website"},"primaryImageOfPage":{"@id":"https:\/\/www.salve.si\/trgovina\/film-glasba\/didakticni-pripomocki\/ucna-pomoc-otrokom-in-mladostnikom\/#primaryimage"},"image":{"@id":"https:\/\/www.salve.si\/trgovina\/film-glasba\/didakticni-pripomocki\/ucna-pomoc-otrokom-in-mladostnikom\/#primaryimage"},"thumbnailUrl":"https:\/\/www.salve.si\/wp-content\/uploads\/2025\/10\/FDB_Ucna-pomoc_2025-10-14_naslovnica-scaled.jpg","datePublished":"2025-09-21T10:05:50+00:00","dateModified":"2025-10-23T10:48:06+00:00","breadcrumb":{"@id":"https:\/\/www.salve.si\/trgovina\/film-glasba\/didakticni-pripomocki\/ucna-pomoc-otrokom-in-mladostnikom\/#breadcrumb"},"inLanguage":"en-US","potentialAction":[{"@type":"ReadAction","target":["https:\/\/www.salve.si\/trgovina\/film-glasba\/didakticni-pripomocki\/ucna-pomoc-otrokom-in-mladostnikom\/"]}]},{"@type":"ImageObject","inLanguage":"en-US","@id":"https:\/\/www.salve.si\/trgovina\/film-glasba\/didakticni-pripomocki\/ucna-pomoc-otrokom-in-mladostnikom\/#primaryimage","url":"https:\/\/www.salve.si\/wp-content\/uploads\/2025\/10\/FDB_Ucna-pomoc_2025-10-14_naslovnica-scaled.jpg","contentUrl":"https:\/\/www.salve.si\/wp-content\/uploads\/2025\/10\/FDB_Ucna-pomoc_2025-10-14_naslovnica-scaled.jpg","width":1810,"height":2560},{"@type":"BreadcrumbList","@id":"https:\/\/www.salve.si\/trgovina\/film-glasba\/didakticni-pripomocki\/ucna-pomoc-otrokom-in-mladostnikom\/#breadcrumb","itemListElement":[{"@type":"ListItem","position":1,"name":"Home","item":"https:\/\/www.salve.si\/"},{"@type":"ListItem","position":2,"name":"Trgovina","item":"https:\/\/www.salve.si\/trgovina\/"},{"@type":"ListItem","position":3,"name":"U\u010cNA POMO\u010c OTROKOM IN MLADOSTNIKOM"}]},{"@type":"WebSite","@id":"https:\/\/www.salve.si\/#website","url":"https:\/\/www.salve.si\/","name":"Salve","description":"Salezijanska zalo\u017eba","publisher":{"@id":"https:\/\/www.salve.si\/#organization"},"potentialAction":[{"@type":"SearchAction","target":{"@type":"EntryPoint","urlTemplate":"https:\/\/www.salve.si\/?s={search_term_string}"},"query-input":{"@type":"PropertyValueSpecification","valueRequired":true,"valueName":"search_term_string"}}],"inLanguage":"en-US"},{"@type":"Organization","@id":"https:\/\/www.salve.si\/#organization","name":"Salve d.o.o.","url":"https:\/\/www.salve.si\/","logo":{"@type":"ImageObject","inLanguage":"en-US","@id":"https:\/\/www.salve.si\/#\/schema\/logo\/image\/","url":"https:\/\/www.salve.si\/wp-content\/uploads\/2021\/01\/Salve_logo_modri_nov_web.png","contentUrl":"https:\/\/www.salve.si\/wp-content\/uploads\/2021\/01\/Salve_logo_modri_nov_web.png","width":279,"height":90,"caption":"Salve d.o.o."},"image":{"@id":"https:\/\/www.salve.si\/#\/schema\/logo\/image\/"},"sameAs":["https:\/\/www.facebook.com\/salve.si","https:\/\/www.instagram.com\/zalozbasalve\/","https:\/\/www.linkedin.com\/company\/zalozba-salve\/"]}]}},"_links":{"self":[{"href":"https:\/\/www.salve.si\/en\/wp-json\/wp\/v2\/product\/20491","targetHints":{"allow":["GET"]}}],"collection":[{"href":"https:\/\/www.salve.si\/en\/wp-json\/wp\/v2\/product"}],"about":[{"href":"https:\/\/www.salve.si\/en\/wp-json\/wp\/v2\/types\/product"}],"version-history":[{"count":3,"href":"https:\/\/www.salve.si\/en\/wp-json\/wp\/v2\/product\/20491\/revisions"}],"predecessor-version":[{"id":20497,"href":"https:\/\/www.salve.si\/en\/wp-json\/wp\/v2\/product\/20491\/revisions\/20497"}],"wp:featuredmedia":[{"embeddable":true,"href":"https:\/\/www.salve.si\/en\/wp-json\/wp\/v2\/media\/20494"}],"wp:attachment":[{"href":"https:\/\/www.salve.si\/en\/wp-json\/wp\/v2\/media?parent=20491"}],"wp:term":[{"taxonomy":"product_cat","embeddable":true,"href":"https:\/\/www.salve.si\/en\/wp-json\/wp\/v2\/product_cat?post=20491"},{"taxonomy":"product_tag","embeddable":true,"href":"https:\/\/www.salve.si\/en\/wp-json\/wp\/v2\/product_tag?post=20491"}],"curies":[{"name":"wp","href":"https:\/\/api.w.org\/{rel}","templated":true}]}}