{"id":20390,"date":"2025-09-18T08:54:17","date_gmt":"2025-09-18T06:54:17","guid":{"rendered":"https:\/\/www.salve.si\/?post_type=product&#038;p=20390"},"modified":"2025-10-20T16:05:21","modified_gmt":"2025-10-20T14:05:21","slug":"lov","status":"publish","type":"product","link":"https:\/\/www.salve.si\/en\/trgovina\/knjige\/mladinske\/lov\/","title":{"rendered":"LOV"},"content":{"rendered":"<p><em>\u00bbKar se za\u010dne kot razburljivo tekmovanje, se spremeni v smrtonosni lov, kjer igralci postanejo plen.\u00ab<\/em><\/p>\n<p>Med poskusno fazo igre VENARI, prelomne videoigre me\u0161ane resni\u010dnosti, ki jo nadzoruje Moira, napredna umetna inteligenca, se za\u010dnejo odvijati nenavadni in nevarni dogodki, ki \u0161est izbranih igralcev spravljajo v nevarnost. Opremljeni s senzorji, le\u010dami in vgrajenimi \u010dipi, do\u017eivijo brezhibno me\u0161anico fizi\u010dnega sveta in po\u0161astnih bitij me\u0161ane resni\u010dnosti, kar jih pahne v lov, kjer meje med igro in resni\u010dnim \u017eivljenjem postanejo nerazlo\u010dljive. Kar se je za\u010delo kot razburljivo tekmovanje, se na neki to\u010dki spremeni v smrtonosni lov, kjer igralci dejansko postanejo plen. Zgodba, ki nas spodbudi k razmi\u0161ljanju o ob\u010dutljivem ravnovesju med \u010dustveno inteligenco in tehnolo\u0161kim napredkom.<\/p>\n<p>\u00bbUmetna inteligenca, ki stoji za VENARIJEM, je ustvarila novo resni\u010dnost na podlagi vseh informacij, ki jih ima na voljo: znanosti, mitologije, legend, filma, literature &#8230; Pogoj pa je bil, da jo sestavljajo bitja, nevarna za ljudi. Nevarna &#8230; in divja. Agresivnost je bistvena zahteva.\u00ab<\/p>\n<p><strong>David Lozano Garbala<\/strong> (Zaragoza, 1974) je priznani \u0161panski avtor in scenarist, znan po svojih romanih, zlasti v \u017eanrih trilerjev, kriminalk in mladinskih romanov. Z diplomo iz prava, magisterijem iz komunikologije in znanjem \u0161panske knji\u017eevnosti v svoje pripovedovanje zgodb vna\u0161a oster intelekt in globoko razumevanje \u010dlove\u0161ke narave. Poleg pisanja je delal tudi na podro\u010dju kulturnega managementa v javni upravi, trenutno pa vodi Aragonsko filmsko komisijo. Je strasten zagovornik kreativnega pisanja in promocije branja, redno vodi delavnice in predavanja po \u0160paniji in Latinski Ameriki. Je dobitnik nagrade Cervantes Chico za leto 2025 za delo na podro\u010dju otro\u0161ke in mladinske knji\u017eevnosti.<span class=\"slv-content-keywords\"> David Lozano Knjige Mladinska literatura Mladinske David Lozano Lov mladinska literatura triler umetna inteligenca Prevod: Edita Fidler <\/span><\/p>","protected":false},"excerpt":{"rendered":"<p>\u0160est fantov in deklet prejme vabilo za sodelovanje v testnem preizkusu VENARIJA, skirvnoste igre me\u0161ane resni\u010dnosti, za katero ni sli\u0161al \u0161e nih\u010de. Izolirani od sveta se morajo v zapu\u0161\u010denem mestecu, kjer se igra dogaja, kot lovci soo\u010diti z virtualnimi po\u0161astnimi bitji, ki jih je ustvarila umetna inteligenca. Ampak VENARI kmalu poka\u017ee svojo temno plat, oni pa odkrijejo, \u017eal prepozno, da tam niso kot tekmovalci, teemve\u010d kot plen.<\/p>\n<p>&nbsp;<\/p>","protected":false},"featured_media":20392,"template":"","meta":{"_acf_changed":false,"footnotes":""},"product_cat":[1166,141,266],"product_tag":[1396,1397,1168,1398,1388],"class_list":{"0":"post-20390","1":"product","2":"type-product","3":"status-publish","4":"has-post-thumbnail","6":"authors-david-lozano","7":"publisher-salve-d-o-o-ljubljana","8":"product_cat-mladinska-literatura","9":"product_cat-knjige","10":"product_cat-mladinske","11":"product_tag-david-lozano","12":"product_tag-lov","13":"product_tag-mladinska-literatura","14":"product_tag-triler","15":"product_tag-umetna-inteligenca","17":"first","18":"instock","19":"shipping-taxable","20":"purchasable","21":"product-type-simple"},"acf":[],"yoast_head":"<!-- This site is optimized with the Yoast SEO plugin v23.8 - https:\/\/yoast.com\/wordpress\/plugins\/seo\/ -->\n<title>LOV - Salve<\/title>\n<meta name=\"robots\" content=\"index, follow, max-snippet:-1, max-image-preview:large, max-video-preview:-1\" \/>\n<link rel=\"canonical\" href=\"https:\/\/www.salve.si\/en\/trgovina\/knjige\/mladinske\/lov\/\" \/>\n<meta property=\"og:locale\" content=\"en_US\" \/>\n<meta property=\"og:type\" content=\"article\" \/>\n<meta property=\"og:title\" content=\"LOV - Salve\" \/>\n<meta property=\"og:description\" content=\"\u0160est fantov in deklet prejme vabilo za sodelovanje v testnem preizkusu VENARIJA, skirvnoste igre me\u0161ane resni\u010dnosti, za katero ni sli\u0161al \u0161e nih\u010de. Izolirani od sveta se morajo v zapu\u0161\u010denem mestecu, kjer se igra dogaja, kot lovci soo\u010diti z virtualnimi po\u0161astnimi bitji, ki jih je ustvarila umetna inteligenca. Ampak VENARI kmalu poka\u017ee svojo temno plat, oni pa odkrijejo, \u017eal prepozno, da tam niso kot tekmovalci, teemve\u010d kot plen.  &nbsp;\" \/>\n<meta property=\"og:url\" content=\"https:\/\/www.salve.si\/en\/trgovina\/knjige\/mladinske\/lov\/\" \/>\n<meta property=\"og:site_name\" content=\"Salve\" \/>\n<meta property=\"article:publisher\" content=\"https:\/\/www.facebook.com\/salve.si\" \/>\n<meta property=\"article:modified_time\" content=\"2025-10-20T14:05:21+00:00\" \/>\n<meta property=\"og:image\" content=\"https:\/\/www.salve.si\/wp-content\/uploads\/2025\/09\/Lozano_Lov-NASLOVNICA01.jpg\" \/>\n\t<meta property=\"og:image:width\" content=\"1285\" \/>\n\t<meta property=\"og:image:height\" content=\"2018\" \/>\n\t<meta property=\"og:image:type\" content=\"image\/jpeg\" \/>\n<meta name=\"twitter:card\" content=\"summary_large_image\" \/>\n<meta name=\"twitter:label1\" content=\"Est. reading time\" \/>\n\t<meta name=\"twitter:data1\" content=\"2 minutes\" \/>\n<script type=\"application\/ld+json\" class=\"yoast-schema-graph\">{\"@context\":\"https:\/\/schema.org\",\"@graph\":[{\"@type\":\"WebPage\",\"@id\":\"https:\/\/www.salve.si\/trgovina\/knjige\/mladinske\/lov\/\",\"url\":\"https:\/\/www.salve.si\/trgovina\/knjige\/mladinske\/lov\/\",\"name\":\"LOV - Salve\",\"isPartOf\":{\"@id\":\"https:\/\/www.salve.si\/#website\"},\"primaryImageOfPage\":{\"@id\":\"https:\/\/www.salve.si\/trgovina\/knjige\/mladinske\/lov\/#primaryimage\"},\"image\":{\"@id\":\"https:\/\/www.salve.si\/trgovina\/knjige\/mladinske\/lov\/#primaryimage\"},\"thumbnailUrl\":\"https:\/\/www.salve.si\/wp-content\/uploads\/2025\/09\/Lozano_Lov-NASLOVNICA01.jpg\",\"datePublished\":\"2025-09-18T06:54:17+00:00\",\"dateModified\":\"2025-10-20T14:05:21+00:00\",\"breadcrumb\":{\"@id\":\"https:\/\/www.salve.si\/trgovina\/knjige\/mladinske\/lov\/#breadcrumb\"},\"inLanguage\":\"en-US\",\"potentialAction\":[{\"@type\":\"ReadAction\",\"target\":[\"https:\/\/www.salve.si\/trgovina\/knjige\/mladinske\/lov\/\"]}]},{\"@type\":\"ImageObject\",\"inLanguage\":\"en-US\",\"@id\":\"https:\/\/www.salve.si\/trgovina\/knjige\/mladinske\/lov\/#primaryimage\",\"url\":\"https:\/\/www.salve.si\/wp-content\/uploads\/2025\/09\/Lozano_Lov-NASLOVNICA01.jpg\",\"contentUrl\":\"https:\/\/www.salve.si\/wp-content\/uploads\/2025\/09\/Lozano_Lov-NASLOVNICA01.jpg\",\"width\":1285,\"height\":2018},{\"@type\":\"BreadcrumbList\",\"@id\":\"https:\/\/www.salve.si\/trgovina\/knjige\/mladinske\/lov\/#breadcrumb\",\"itemListElement\":[{\"@type\":\"ListItem\",\"position\":1,\"name\":\"Home\",\"item\":\"https:\/\/www.salve.si\/\"},{\"@type\":\"ListItem\",\"position\":2,\"name\":\"Trgovina\",\"item\":\"https:\/\/www.salve.si\/trgovina\/\"},{\"@type\":\"ListItem\",\"position\":3,\"name\":\"LOV\"}]},{\"@type\":\"WebSite\",\"@id\":\"https:\/\/www.salve.si\/#website\",\"url\":\"https:\/\/www.salve.si\/\",\"name\":\"Salve\",\"description\":\"Salezijanska zalo\u017eba\",\"publisher\":{\"@id\":\"https:\/\/www.salve.si\/#organization\"},\"potentialAction\":[{\"@type\":\"SearchAction\",\"target\":{\"@type\":\"EntryPoint\",\"urlTemplate\":\"https:\/\/www.salve.si\/?s={search_term_string}\"},\"query-input\":{\"@type\":\"PropertyValueSpecification\",\"valueRequired\":true,\"valueName\":\"search_term_string\"}}],\"inLanguage\":\"en-US\"},{\"@type\":\"Organization\",\"@id\":\"https:\/\/www.salve.si\/#organization\",\"name\":\"Salve d.o.o.\",\"url\":\"https:\/\/www.salve.si\/\",\"logo\":{\"@type\":\"ImageObject\",\"inLanguage\":\"en-US\",\"@id\":\"https:\/\/www.salve.si\/#\/schema\/logo\/image\/\",\"url\":\"https:\/\/www.salve.si\/wp-content\/uploads\/2021\/01\/Salve_logo_modri_nov_web.png\",\"contentUrl\":\"https:\/\/www.salve.si\/wp-content\/uploads\/2021\/01\/Salve_logo_modri_nov_web.png\",\"width\":279,\"height\":90,\"caption\":\"Salve d.o.o.\"},\"image\":{\"@id\":\"https:\/\/www.salve.si\/#\/schema\/logo\/image\/\"},\"sameAs\":[\"https:\/\/www.facebook.com\/salve.si\",\"https:\/\/www.instagram.com\/zalozbasalve\/\",\"https:\/\/www.linkedin.com\/company\/zalozba-salve\/\"]}]}<\/script>\n<!-- \/ Yoast SEO plugin. -->","yoast_head_json":{"title":"LOV - Salve","robots":{"index":"index","follow":"follow","max-snippet":"max-snippet:-1","max-image-preview":"max-image-preview:large","max-video-preview":"max-video-preview:-1"},"canonical":"https:\/\/www.salve.si\/en\/trgovina\/knjige\/mladinske\/lov\/","og_locale":"en_US","og_type":"article","og_title":"LOV - Salve","og_description":"\u0160est fantov in deklet prejme vabilo za sodelovanje v testnem preizkusu VENARIJA, skirvnoste igre me\u0161ane resni\u010dnosti, za katero ni sli\u0161al \u0161e nih\u010de. Izolirani od sveta se morajo v zapu\u0161\u010denem mestecu, kjer se igra dogaja, kot lovci soo\u010diti z virtualnimi po\u0161astnimi bitji, ki jih je ustvarila umetna inteligenca. Ampak VENARI kmalu poka\u017ee svojo temno plat, oni pa odkrijejo, \u017eal prepozno, da tam niso kot tekmovalci, teemve\u010d kot plen.  &nbsp;","og_url":"https:\/\/www.salve.si\/en\/trgovina\/knjige\/mladinske\/lov\/","og_site_name":"Salve","article_publisher":"https:\/\/www.facebook.com\/salve.si","article_modified_time":"2025-10-20T14:05:21+00:00","og_image":[{"width":1285,"height":2018,"url":"https:\/\/www.salve.si\/wp-content\/uploads\/2025\/09\/Lozano_Lov-NASLOVNICA01.jpg","type":"image\/jpeg"}],"twitter_card":"summary_large_image","twitter_misc":{"Est. reading time":"2 minutes"},"schema":{"@context":"https:\/\/schema.org","@graph":[{"@type":"WebPage","@id":"https:\/\/www.salve.si\/trgovina\/knjige\/mladinske\/lov\/","url":"https:\/\/www.salve.si\/trgovina\/knjige\/mladinske\/lov\/","name":"LOV - Salve","isPartOf":{"@id":"https:\/\/www.salve.si\/#website"},"primaryImageOfPage":{"@id":"https:\/\/www.salve.si\/trgovina\/knjige\/mladinske\/lov\/#primaryimage"},"image":{"@id":"https:\/\/www.salve.si\/trgovina\/knjige\/mladinske\/lov\/#primaryimage"},"thumbnailUrl":"https:\/\/www.salve.si\/wp-content\/uploads\/2025\/09\/Lozano_Lov-NASLOVNICA01.jpg","datePublished":"2025-09-18T06:54:17+00:00","dateModified":"2025-10-20T14:05:21+00:00","breadcrumb":{"@id":"https:\/\/www.salve.si\/trgovina\/knjige\/mladinske\/lov\/#breadcrumb"},"inLanguage":"en-US","potentialAction":[{"@type":"ReadAction","target":["https:\/\/www.salve.si\/trgovina\/knjige\/mladinske\/lov\/"]}]},{"@type":"ImageObject","inLanguage":"en-US","@id":"https:\/\/www.salve.si\/trgovina\/knjige\/mladinske\/lov\/#primaryimage","url":"https:\/\/www.salve.si\/wp-content\/uploads\/2025\/09\/Lozano_Lov-NASLOVNICA01.jpg","contentUrl":"https:\/\/www.salve.si\/wp-content\/uploads\/2025\/09\/Lozano_Lov-NASLOVNICA01.jpg","width":1285,"height":2018},{"@type":"BreadcrumbList","@id":"https:\/\/www.salve.si\/trgovina\/knjige\/mladinske\/lov\/#breadcrumb","itemListElement":[{"@type":"ListItem","position":1,"name":"Home","item":"https:\/\/www.salve.si\/"},{"@type":"ListItem","position":2,"name":"Trgovina","item":"https:\/\/www.salve.si\/trgovina\/"},{"@type":"ListItem","position":3,"name":"LOV"}]},{"@type":"WebSite","@id":"https:\/\/www.salve.si\/#website","url":"https:\/\/www.salve.si\/","name":"Salve","description":"Salezijanska zalo\u017eba","publisher":{"@id":"https:\/\/www.salve.si\/#organization"},"potentialAction":[{"@type":"SearchAction","target":{"@type":"EntryPoint","urlTemplate":"https:\/\/www.salve.si\/?s={search_term_string}"},"query-input":{"@type":"PropertyValueSpecification","valueRequired":true,"valueName":"search_term_string"}}],"inLanguage":"en-US"},{"@type":"Organization","@id":"https:\/\/www.salve.si\/#organization","name":"Salve d.o.o.","url":"https:\/\/www.salve.si\/","logo":{"@type":"ImageObject","inLanguage":"en-US","@id":"https:\/\/www.salve.si\/#\/schema\/logo\/image\/","url":"https:\/\/www.salve.si\/wp-content\/uploads\/2021\/01\/Salve_logo_modri_nov_web.png","contentUrl":"https:\/\/www.salve.si\/wp-content\/uploads\/2021\/01\/Salve_logo_modri_nov_web.png","width":279,"height":90,"caption":"Salve d.o.o."},"image":{"@id":"https:\/\/www.salve.si\/#\/schema\/logo\/image\/"},"sameAs":["https:\/\/www.facebook.com\/salve.si","https:\/\/www.instagram.com\/zalozbasalve\/","https:\/\/www.linkedin.com\/company\/zalozba-salve\/"]}]}},"_links":{"self":[{"href":"https:\/\/www.salve.si\/en\/wp-json\/wp\/v2\/product\/20390","targetHints":{"allow":["GET"]}}],"collection":[{"href":"https:\/\/www.salve.si\/en\/wp-json\/wp\/v2\/product"}],"about":[{"href":"https:\/\/www.salve.si\/en\/wp-json\/wp\/v2\/types\/product"}],"version-history":[{"count":5,"href":"https:\/\/www.salve.si\/en\/wp-json\/wp\/v2\/product\/20390\/revisions"}],"predecessor-version":[{"id":20487,"href":"https:\/\/www.salve.si\/en\/wp-json\/wp\/v2\/product\/20390\/revisions\/20487"}],"wp:featuredmedia":[{"embeddable":true,"href":"https:\/\/www.salve.si\/en\/wp-json\/wp\/v2\/media\/20392"}],"wp:attachment":[{"href":"https:\/\/www.salve.si\/en\/wp-json\/wp\/v2\/media?parent=20390"}],"wp:term":[{"taxonomy":"product_cat","embeddable":true,"href":"https:\/\/www.salve.si\/en\/wp-json\/wp\/v2\/product_cat?post=20390"},{"taxonomy":"product_tag","embeddable":true,"href":"https:\/\/www.salve.si\/en\/wp-json\/wp\/v2\/product_tag?post=20390"}],"curies":[{"name":"wp","href":"https:\/\/api.w.org\/{rel}","templated":true}]}}