{"id":20287,"date":"2025-09-03T14:32:02","date_gmt":"2025-09-03T12:32:02","guid":{"rendered":"https:\/\/www.salve.si\/?post_type=product&#038;p=20287"},"modified":"2026-03-17T07:35:11","modified_gmt":"2026-03-17T06:35:11","slug":"peter-jurij-frasati","status":"publish","type":"product","link":"https:\/\/www.salve.si\/en\/trgovina\/knjige\/svetniki-in-zivljenjepisi\/peter-jurij-frasati\/","title":{"rendered":"PETER JURIJ FRASATI"},"content":{"rendered":"<p>Vsako rojstvo je edinstven dogodek, a le redko pride na naslovnice, tudi ko gre za Petra Jurija Frassatija, sina ustanovitelja \u010dasopisa \u00bbLa Stampa\u00ab. Vendar je njegovo \u017eivljenje izvirno in si zaslu\u017ei, da ga spoznamo: mladi Piemont\u010dan, ki je \u017eivel na za\u010detku dvajsetega stoletja, je postal vzor mnogim mladim.<br \/>\nSonce je zdaj visoko, njegovi \u017earki padajo na hrbet mladeni\u010da, ki se vzpenja po skalni steni. Preprosta bela srajca, temne, udobne hla\u010de, \u0161kornji, ki se spopadajo z gorskimi potmi: in potem samo on, noge in roke, napete mi\u0161ice. Vzpenja se samozavestno, brez oklevanja ali strahu: gora se ga ne boji, je njen prijatelj. Peter Jurij moli, tudi ko se vzpenja na vrh: ne potrebuje besed, ki bi se oblikovale na njegovih ustnicah. Verzi in ritmi hvalnice so v njem in se izra\u017eajo na vsakem koraku. Ko se bori, izbere stran in ne stoji kri\u017eem rok: Peter Jurij ima Boga v srcu in z njim tudi nevidne, najrevnej\u0161e, najbolj ranjene zaradi krivic. Skozi napete strani kratkega romana spoznavamo vpogled v \u017eivljenje Petra Jurija Frassatija in njegovo svetost, zgrajeno na pravi\u010dnosti in solidarnosti.<span class=\"slv-content-keywords\"> Knjige Avtobiografije, \u017eivljenjepisi Svetniki Frassati \u0161port svetnik zavetnik mladine Franca Cortesi &#8220;NE MORE\u0160 GLEDATI KRI\u017dEM ROK&#8221; <\/span><\/p>","protected":false},"excerpt":{"rendered":"<p>\u017divljenjska zgodba o Petru Juriju Frassatiju (\u2020 1925), Torin\u010danu, ki je bil navdu\u0161en oznanjevalec evangelija po mestnih ulicah, prijatelj ubogih in siromakov. Umrl je star komaj 24 let in je zavetnik Svetovnega dneva mladih, \u0161tudentov in Katoli\u0161ke akcije.<\/p>\n<p>&nbsp;<\/p>","protected":false},"featured_media":20288,"template":"","meta":{"_acf_changed":false,"footnotes":""},"product_cat":[141,315,634],"product_tag":[1386,723,781,1387],"class_list":{"0":"post-20287","1":"product","2":"type-product","3":"status-publish","4":"has-post-thumbnail","6":"authors-franca-cortesi","7":"publisher-salve-d-o-o-ljubljana","8":"product_cat-knjige","9":"product_cat-svetniki-in-zivljenjepisi","10":"product_cat-svetniki","11":"product_tag-frassati","12":"product_tag-sport","13":"product_tag-svetnik","14":"product_tag-zavetnik-mladine","16":"first","17":"instock","18":"sale","19":"shipping-taxable","20":"purchasable","21":"product-type-simple"},"acf":[],"yoast_head":"<!-- This site is optimized with the Yoast SEO plugin v23.8 - https:\/\/yoast.com\/wordpress\/plugins\/seo\/ -->\n<title>PETER JURIJ FRASATI - Salve<\/title>\n<meta name=\"robots\" content=\"index, follow, max-snippet:-1, max-image-preview:large, max-video-preview:-1\" \/>\n<link rel=\"canonical\" href=\"https:\/\/www.salve.si\/en\/trgovina\/knjige\/svetniki-in-zivljenjepisi\/peter-jurij-frasati\/\" \/>\n<meta property=\"og:locale\" content=\"en_US\" \/>\n<meta property=\"og:type\" content=\"article\" \/>\n<meta property=\"og:title\" content=\"PETER JURIJ FRASATI - Salve\" \/>\n<meta property=\"og:description\" content=\"\u017divljenjska zgodba o Petru Juriju Frassatiju (\u2020 1925), Torin\u010danu, ki je bil navdu\u0161en oznanjevalec evangelija po mestnih ulicah, prijatelj ubogih in siromakov. Umrl je star komaj 24 let in je zavetnik Svetovnega dneva mladih, \u0161tudentov in Katoli\u0161ke akcije.  &nbsp;\" \/>\n<meta property=\"og:url\" content=\"https:\/\/www.salve.si\/en\/trgovina\/knjige\/svetniki-in-zivljenjepisi\/peter-jurij-frasati\/\" \/>\n<meta property=\"og:site_name\" content=\"Salve\" \/>\n<meta property=\"article:publisher\" content=\"https:\/\/www.facebook.com\/salve.si\" \/>\n<meta property=\"article:modified_time\" content=\"2026-03-17T06:35:11+00:00\" \/>\n<meta property=\"og:image\" content=\"https:\/\/www.salve.si\/wp-content\/uploads\/2025\/09\/Peter-Jurij-Frassati_NASLOVNICA01.jpg\" \/>\n\t<meta property=\"og:image:width\" content=\"1329\" \/>\n\t<meta property=\"og:image:height\" content=\"2067\" \/>\n\t<meta property=\"og:image:type\" content=\"image\/jpeg\" \/>\n<meta name=\"twitter:card\" content=\"summary_large_image\" \/>\n<meta name=\"twitter:label1\" content=\"Est. reading time\" \/>\n\t<meta name=\"twitter:data1\" content=\"2 minutes\" \/>\n<script type=\"application\/ld+json\" class=\"yoast-schema-graph\">{\"@context\":\"https:\/\/schema.org\",\"@graph\":[{\"@type\":\"WebPage\",\"@id\":\"https:\/\/www.salve.si\/trgovina\/knjige\/svetniki-in-zivljenjepisi\/peter-jurij-frasati\/\",\"url\":\"https:\/\/www.salve.si\/trgovina\/knjige\/svetniki-in-zivljenjepisi\/peter-jurij-frasati\/\",\"name\":\"PETER JURIJ FRASATI - Salve\",\"isPartOf\":{\"@id\":\"https:\/\/www.salve.si\/#website\"},\"primaryImageOfPage\":{\"@id\":\"https:\/\/www.salve.si\/trgovina\/knjige\/svetniki-in-zivljenjepisi\/peter-jurij-frasati\/#primaryimage\"},\"image\":{\"@id\":\"https:\/\/www.salve.si\/trgovina\/knjige\/svetniki-in-zivljenjepisi\/peter-jurij-frasati\/#primaryimage\"},\"thumbnailUrl\":\"https:\/\/www.salve.si\/wp-content\/uploads\/2025\/09\/Peter-Jurij-Frassati_NASLOVNICA01.jpg\",\"datePublished\":\"2025-09-03T12:32:02+00:00\",\"dateModified\":\"2026-03-17T06:35:11+00:00\",\"breadcrumb\":{\"@id\":\"https:\/\/www.salve.si\/trgovina\/knjige\/svetniki-in-zivljenjepisi\/peter-jurij-frasati\/#breadcrumb\"},\"inLanguage\":\"en-US\",\"potentialAction\":[{\"@type\":\"ReadAction\",\"target\":[\"https:\/\/www.salve.si\/trgovina\/knjige\/svetniki-in-zivljenjepisi\/peter-jurij-frasati\/\"]}]},{\"@type\":\"ImageObject\",\"inLanguage\":\"en-US\",\"@id\":\"https:\/\/www.salve.si\/trgovina\/knjige\/svetniki-in-zivljenjepisi\/peter-jurij-frasati\/#primaryimage\",\"url\":\"https:\/\/www.salve.si\/wp-content\/uploads\/2025\/09\/Peter-Jurij-Frassati_NASLOVNICA01.jpg\",\"contentUrl\":\"https:\/\/www.salve.si\/wp-content\/uploads\/2025\/09\/Peter-Jurij-Frassati_NASLOVNICA01.jpg\",\"width\":1329,\"height\":2067},{\"@type\":\"BreadcrumbList\",\"@id\":\"https:\/\/www.salve.si\/trgovina\/knjige\/svetniki-in-zivljenjepisi\/peter-jurij-frasati\/#breadcrumb\",\"itemListElement\":[{\"@type\":\"ListItem\",\"position\":1,\"name\":\"Home\",\"item\":\"https:\/\/www.salve.si\/\"},{\"@type\":\"ListItem\",\"position\":2,\"name\":\"Trgovina\",\"item\":\"https:\/\/www.salve.si\/trgovina\/\"},{\"@type\":\"ListItem\",\"position\":3,\"name\":\"PETER JURIJ FRASATI\"}]},{\"@type\":\"WebSite\",\"@id\":\"https:\/\/www.salve.si\/#website\",\"url\":\"https:\/\/www.salve.si\/\",\"name\":\"Salve\",\"description\":\"Salezijanska zalo\u017eba\",\"publisher\":{\"@id\":\"https:\/\/www.salve.si\/#organization\"},\"potentialAction\":[{\"@type\":\"SearchAction\",\"target\":{\"@type\":\"EntryPoint\",\"urlTemplate\":\"https:\/\/www.salve.si\/?s={search_term_string}\"},\"query-input\":{\"@type\":\"PropertyValueSpecification\",\"valueRequired\":true,\"valueName\":\"search_term_string\"}}],\"inLanguage\":\"en-US\"},{\"@type\":\"Organization\",\"@id\":\"https:\/\/www.salve.si\/#organization\",\"name\":\"Salve d.o.o.\",\"url\":\"https:\/\/www.salve.si\/\",\"logo\":{\"@type\":\"ImageObject\",\"inLanguage\":\"en-US\",\"@id\":\"https:\/\/www.salve.si\/#\/schema\/logo\/image\/\",\"url\":\"https:\/\/www.salve.si\/wp-content\/uploads\/2021\/01\/Salve_logo_modri_nov_web.png\",\"contentUrl\":\"https:\/\/www.salve.si\/wp-content\/uploads\/2021\/01\/Salve_logo_modri_nov_web.png\",\"width\":279,\"height\":90,\"caption\":\"Salve d.o.o.\"},\"image\":{\"@id\":\"https:\/\/www.salve.si\/#\/schema\/logo\/image\/\"},\"sameAs\":[\"https:\/\/www.facebook.com\/salve.si\",\"https:\/\/www.instagram.com\/zalozbasalve\/\",\"https:\/\/www.linkedin.com\/company\/zalozba-salve\/\"]}]}<\/script>\n<!-- \/ Yoast SEO plugin. -->","yoast_head_json":{"title":"PETER JURIJ FRASATI - Salve","robots":{"index":"index","follow":"follow","max-snippet":"max-snippet:-1","max-image-preview":"max-image-preview:large","max-video-preview":"max-video-preview:-1"},"canonical":"https:\/\/www.salve.si\/en\/trgovina\/knjige\/svetniki-in-zivljenjepisi\/peter-jurij-frasati\/","og_locale":"en_US","og_type":"article","og_title":"PETER JURIJ FRASATI - Salve","og_description":"\u017divljenjska zgodba o Petru Juriju Frassatiju (\u2020 1925), Torin\u010danu, ki je bil navdu\u0161en oznanjevalec evangelija po mestnih ulicah, prijatelj ubogih in siromakov. Umrl je star komaj 24 let in je zavetnik Svetovnega dneva mladih, \u0161tudentov in Katoli\u0161ke akcije.  &nbsp;","og_url":"https:\/\/www.salve.si\/en\/trgovina\/knjige\/svetniki-in-zivljenjepisi\/peter-jurij-frasati\/","og_site_name":"Salve","article_publisher":"https:\/\/www.facebook.com\/salve.si","article_modified_time":"2026-03-17T06:35:11+00:00","og_image":[{"width":1329,"height":2067,"url":"https:\/\/www.salve.si\/wp-content\/uploads\/2025\/09\/Peter-Jurij-Frassati_NASLOVNICA01.jpg","type":"image\/jpeg"}],"twitter_card":"summary_large_image","twitter_misc":{"Est. reading time":"2 minutes"},"schema":{"@context":"https:\/\/schema.org","@graph":[{"@type":"WebPage","@id":"https:\/\/www.salve.si\/trgovina\/knjige\/svetniki-in-zivljenjepisi\/peter-jurij-frasati\/","url":"https:\/\/www.salve.si\/trgovina\/knjige\/svetniki-in-zivljenjepisi\/peter-jurij-frasati\/","name":"PETER JURIJ FRASATI - Salve","isPartOf":{"@id":"https:\/\/www.salve.si\/#website"},"primaryImageOfPage":{"@id":"https:\/\/www.salve.si\/trgovina\/knjige\/svetniki-in-zivljenjepisi\/peter-jurij-frasati\/#primaryimage"},"image":{"@id":"https:\/\/www.salve.si\/trgovina\/knjige\/svetniki-in-zivljenjepisi\/peter-jurij-frasati\/#primaryimage"},"thumbnailUrl":"https:\/\/www.salve.si\/wp-content\/uploads\/2025\/09\/Peter-Jurij-Frassati_NASLOVNICA01.jpg","datePublished":"2025-09-03T12:32:02+00:00","dateModified":"2026-03-17T06:35:11+00:00","breadcrumb":{"@id":"https:\/\/www.salve.si\/trgovina\/knjige\/svetniki-in-zivljenjepisi\/peter-jurij-frasati\/#breadcrumb"},"inLanguage":"en-US","potentialAction":[{"@type":"ReadAction","target":["https:\/\/www.salve.si\/trgovina\/knjige\/svetniki-in-zivljenjepisi\/peter-jurij-frasati\/"]}]},{"@type":"ImageObject","inLanguage":"en-US","@id":"https:\/\/www.salve.si\/trgovina\/knjige\/svetniki-in-zivljenjepisi\/peter-jurij-frasati\/#primaryimage","url":"https:\/\/www.salve.si\/wp-content\/uploads\/2025\/09\/Peter-Jurij-Frassati_NASLOVNICA01.jpg","contentUrl":"https:\/\/www.salve.si\/wp-content\/uploads\/2025\/09\/Peter-Jurij-Frassati_NASLOVNICA01.jpg","width":1329,"height":2067},{"@type":"BreadcrumbList","@id":"https:\/\/www.salve.si\/trgovina\/knjige\/svetniki-in-zivljenjepisi\/peter-jurij-frasati\/#breadcrumb","itemListElement":[{"@type":"ListItem","position":1,"name":"Home","item":"https:\/\/www.salve.si\/"},{"@type":"ListItem","position":2,"name":"Trgovina","item":"https:\/\/www.salve.si\/trgovina\/"},{"@type":"ListItem","position":3,"name":"PETER JURIJ FRASATI"}]},{"@type":"WebSite","@id":"https:\/\/www.salve.si\/#website","url":"https:\/\/www.salve.si\/","name":"Salve","description":"Salezijanska zalo\u017eba","publisher":{"@id":"https:\/\/www.salve.si\/#organization"},"potentialAction":[{"@type":"SearchAction","target":{"@type":"EntryPoint","urlTemplate":"https:\/\/www.salve.si\/?s={search_term_string}"},"query-input":{"@type":"PropertyValueSpecification","valueRequired":true,"valueName":"search_term_string"}}],"inLanguage":"en-US"},{"@type":"Organization","@id":"https:\/\/www.salve.si\/#organization","name":"Salve d.o.o.","url":"https:\/\/www.salve.si\/","logo":{"@type":"ImageObject","inLanguage":"en-US","@id":"https:\/\/www.salve.si\/#\/schema\/logo\/image\/","url":"https:\/\/www.salve.si\/wp-content\/uploads\/2021\/01\/Salve_logo_modri_nov_web.png","contentUrl":"https:\/\/www.salve.si\/wp-content\/uploads\/2021\/01\/Salve_logo_modri_nov_web.png","width":279,"height":90,"caption":"Salve d.o.o."},"image":{"@id":"https:\/\/www.salve.si\/#\/schema\/logo\/image\/"},"sameAs":["https:\/\/www.facebook.com\/salve.si","https:\/\/www.instagram.com\/zalozbasalve\/","https:\/\/www.linkedin.com\/company\/zalozba-salve\/"]}]}},"_links":{"self":[{"href":"https:\/\/www.salve.si\/en\/wp-json\/wp\/v2\/product\/20287","targetHints":{"allow":["GET"]}}],"collection":[{"href":"https:\/\/www.salve.si\/en\/wp-json\/wp\/v2\/product"}],"about":[{"href":"https:\/\/www.salve.si\/en\/wp-json\/wp\/v2\/types\/product"}],"version-history":[{"count":3,"href":"https:\/\/www.salve.si\/en\/wp-json\/wp\/v2\/product\/20287\/revisions"}],"predecessor-version":[{"id":20405,"href":"https:\/\/www.salve.si\/en\/wp-json\/wp\/v2\/product\/20287\/revisions\/20405"}],"wp:featuredmedia":[{"embeddable":true,"href":"https:\/\/www.salve.si\/en\/wp-json\/wp\/v2\/media\/20288"}],"wp:attachment":[{"href":"https:\/\/www.salve.si\/en\/wp-json\/wp\/v2\/media?parent=20287"}],"wp:term":[{"taxonomy":"product_cat","embeddable":true,"href":"https:\/\/www.salve.si\/en\/wp-json\/wp\/v2\/product_cat?post=20287"},{"taxonomy":"product_tag","embeddable":true,"href":"https:\/\/www.salve.si\/en\/wp-json\/wp\/v2\/product_tag?post=20287"}],"curies":[{"name":"wp","href":"https:\/\/api.w.org\/{rel}","templated":true}]}}