{"id":20206,"date":"2025-07-28T11:03:40","date_gmt":"2025-07-28T09:03:40","guid":{"rendered":"https:\/\/www.salve.si\/?post_type=product&#038;p=20206"},"modified":"2026-01-20T11:34:10","modified_gmt":"2026-01-20T10:34:10","slug":"virus-bozje-besede","status":"publish","type":"product","link":"https:\/\/www.salve.si\/en\/trgovina\/knjige\/leposlovje\/virus-bozje-besede\/","title":{"rendered":"VIRUS BO\u017dJE BESEDE"},"content":{"rendered":"<p style=\"text-align: left\">Iz spremne besede:<\/p>\n<p style=\"text-align: left\">Priznam, da vsako soboto z zanimanjem pri\u010dakujem objavo novega posnetka, in verjamem, da je kljub sobotnemu ve\u010deru, ko naj bi duhovniki imeli pridige za nedeljo \u017ee pripravljene, za kak\u0161nega katera izmed misli dobrodo\u0161la zadopolnitev ali obogatitev pridige. Zdaj so vse urejeno zbrane na enem mestu in nam bodo lahko v razmislek in izhodi\u0161\u010de \u017ee v prvih korakih priprave na nedeljski nagovor. Obenem pa sem prepri\u010dan, da bodo nagovarjale tudi druge vernike, ki jih bodo prebirali za osebno premi\u0161ljevanje. Tako se Bo\u017ejabeseda kakor virus \u0161iri med nami in nam pomaga, da se spreminjamo, v pozitivnem smislu namre\u010d, da postajamo bolj\u0161i, vedno bolj Bo\u017eji. Ob tej prilo\u017enosti izrekamo gospodu nad\u0161kofu iskrene \u010destitke ob deseti obletnici \u0161kofovskega posve\u010denja in mu \u017eelimo obilo Bo\u017ejega blagoslova ter navdihov Svetega Duha pri njegovem oznanjevanju Bo\u017eje besede in poslanstvu vodenja na\u0161e nad\u0161kofije. Mati Marija pa naj ga varuje!<\/p>\n<p style=\"text-align: left\">msgr. dr. Franc \u0160u\u0161tar<br \/>\nljubljanski pomo\u017eni \u0161kof in generalni vikar<\/p>\n<p><span class=\"slv-content-keywords\"> Leposlovje Stanislav Zore Bo\u017eja beseda misli Zore Misli ob nedeljski Bo\u017eji besedi <\/span><\/p>","protected":false},"excerpt":{"rendered":"<p>Knjiga Virus Bo\u017eje besede vsebuje zbirko kratkih nedeljskih nagovorov ljubljanskega nad\u0161kofa msgr. Stanislava Zoreta skozi dobra \u0161tiri leta.<\/p>","protected":false},"featured_media":20207,"template":"","meta":{"_acf_changed":false,"footnotes":""},"product_cat":[312],"product_tag":[1384,1159,1383],"class_list":{"0":"post-20206","1":"product","2":"type-product","3":"status-publish","4":"has-post-thumbnail","6":"authors-stanislav-zore","7":"publisher-metropolitana","8":"product_cat-leposlovje","9":"product_tag-bozja-beseda","10":"product_tag-misli","11":"product_tag-zore","13":"first","14":"instock","15":"shipping-taxable","16":"purchasable","17":"product-type-simple"},"acf":[],"yoast_head":"<!-- This site is optimized with the Yoast SEO plugin v23.8 - https:\/\/yoast.com\/wordpress\/plugins\/seo\/ -->\n<title>VIRUS BO\u017dJE BESEDE - Salve<\/title>\n<meta name=\"robots\" content=\"index, follow, max-snippet:-1, max-image-preview:large, max-video-preview:-1\" \/>\n<link rel=\"canonical\" href=\"https:\/\/www.salve.si\/en\/trgovina\/knjige\/leposlovje\/virus-bozje-besede\/\" \/>\n<meta property=\"og:locale\" content=\"en_US\" \/>\n<meta property=\"og:type\" content=\"article\" \/>\n<meta property=\"og:title\" content=\"VIRUS BO\u017dJE BESEDE - Salve\" \/>\n<meta property=\"og:description\" content=\"Knjiga Virus Bo\u017eje besede vsebuje zbirko kratkih nedeljskih nagovorov ljubljanskega nad\u0161kofa msgr. Stanislava Zoreta skozi dobra \u0161tiri leta.\" \/>\n<meta property=\"og:url\" content=\"https:\/\/www.salve.si\/en\/trgovina\/knjige\/leposlovje\/virus-bozje-besede\/\" \/>\n<meta property=\"og:site_name\" content=\"Salve\" \/>\n<meta property=\"article:publisher\" content=\"https:\/\/www.facebook.com\/salve.si\" \/>\n<meta property=\"article:modified_time\" content=\"2026-01-20T10:34:10+00:00\" \/>\n<meta property=\"og:image\" content=\"https:\/\/www.salve.si\/wp-content\/uploads\/2025\/07\/naslovnica-virus-bozje-besede.jpg\" \/>\n\t<meta property=\"og:image:width\" content=\"1526\" \/>\n\t<meta property=\"og:image:height\" content=\"2215\" \/>\n\t<meta property=\"og:image:type\" content=\"image\/jpeg\" \/>\n<meta name=\"twitter:card\" content=\"summary_large_image\" \/>\n<meta name=\"twitter:label1\" content=\"Est. reading time\" \/>\n\t<meta name=\"twitter:data1\" content=\"2 minutes\" \/>\n<script type=\"application\/ld+json\" class=\"yoast-schema-graph\">{\"@context\":\"https:\/\/schema.org\",\"@graph\":[{\"@type\":\"WebPage\",\"@id\":\"https:\/\/www.salve.si\/trgovina\/knjige\/leposlovje\/virus-bozje-besede\/\",\"url\":\"https:\/\/www.salve.si\/trgovina\/knjige\/leposlovje\/virus-bozje-besede\/\",\"name\":\"VIRUS BO\u017dJE BESEDE - Salve\",\"isPartOf\":{\"@id\":\"https:\/\/www.salve.si\/#website\"},\"primaryImageOfPage\":{\"@id\":\"https:\/\/www.salve.si\/trgovina\/knjige\/leposlovje\/virus-bozje-besede\/#primaryimage\"},\"image\":{\"@id\":\"https:\/\/www.salve.si\/trgovina\/knjige\/leposlovje\/virus-bozje-besede\/#primaryimage\"},\"thumbnailUrl\":\"https:\/\/www.salve.si\/wp-content\/uploads\/2025\/07\/naslovnica-virus-bozje-besede.jpg\",\"datePublished\":\"2025-07-28T09:03:40+00:00\",\"dateModified\":\"2026-01-20T10:34:10+00:00\",\"breadcrumb\":{\"@id\":\"https:\/\/www.salve.si\/trgovina\/knjige\/leposlovje\/virus-bozje-besede\/#breadcrumb\"},\"inLanguage\":\"en-US\",\"potentialAction\":[{\"@type\":\"ReadAction\",\"target\":[\"https:\/\/www.salve.si\/trgovina\/knjige\/leposlovje\/virus-bozje-besede\/\"]}]},{\"@type\":\"ImageObject\",\"inLanguage\":\"en-US\",\"@id\":\"https:\/\/www.salve.si\/trgovina\/knjige\/leposlovje\/virus-bozje-besede\/#primaryimage\",\"url\":\"https:\/\/www.salve.si\/wp-content\/uploads\/2025\/07\/naslovnica-virus-bozje-besede.jpg\",\"contentUrl\":\"https:\/\/www.salve.si\/wp-content\/uploads\/2025\/07\/naslovnica-virus-bozje-besede.jpg\",\"width\":1526,\"height\":2215},{\"@type\":\"BreadcrumbList\",\"@id\":\"https:\/\/www.salve.si\/trgovina\/knjige\/leposlovje\/virus-bozje-besede\/#breadcrumb\",\"itemListElement\":[{\"@type\":\"ListItem\",\"position\":1,\"name\":\"Home\",\"item\":\"https:\/\/www.salve.si\/\"},{\"@type\":\"ListItem\",\"position\":2,\"name\":\"Trgovina\",\"item\":\"https:\/\/www.salve.si\/trgovina\/\"},{\"@type\":\"ListItem\",\"position\":3,\"name\":\"VIRUS BO\u017dJE BESEDE\"}]},{\"@type\":\"WebSite\",\"@id\":\"https:\/\/www.salve.si\/#website\",\"url\":\"https:\/\/www.salve.si\/\",\"name\":\"Salve\",\"description\":\"Salezijanska zalo\u017eba\",\"publisher\":{\"@id\":\"https:\/\/www.salve.si\/#organization\"},\"potentialAction\":[{\"@type\":\"SearchAction\",\"target\":{\"@type\":\"EntryPoint\",\"urlTemplate\":\"https:\/\/www.salve.si\/?s={search_term_string}\"},\"query-input\":{\"@type\":\"PropertyValueSpecification\",\"valueRequired\":true,\"valueName\":\"search_term_string\"}}],\"inLanguage\":\"en-US\"},{\"@type\":\"Organization\",\"@id\":\"https:\/\/www.salve.si\/#organization\",\"name\":\"Salve d.o.o.\",\"url\":\"https:\/\/www.salve.si\/\",\"logo\":{\"@type\":\"ImageObject\",\"inLanguage\":\"en-US\",\"@id\":\"https:\/\/www.salve.si\/#\/schema\/logo\/image\/\",\"url\":\"https:\/\/www.salve.si\/wp-content\/uploads\/2021\/01\/Salve_logo_modri_nov_web.png\",\"contentUrl\":\"https:\/\/www.salve.si\/wp-content\/uploads\/2021\/01\/Salve_logo_modri_nov_web.png\",\"width\":279,\"height\":90,\"caption\":\"Salve d.o.o.\"},\"image\":{\"@id\":\"https:\/\/www.salve.si\/#\/schema\/logo\/image\/\"},\"sameAs\":[\"https:\/\/www.facebook.com\/salve.si\",\"https:\/\/www.instagram.com\/zalozbasalve\/\",\"https:\/\/www.linkedin.com\/company\/zalozba-salve\/\"]}]}<\/script>\n<!-- \/ Yoast SEO plugin. -->","yoast_head_json":{"title":"VIRUS BO\u017dJE BESEDE - Salve","robots":{"index":"index","follow":"follow","max-snippet":"max-snippet:-1","max-image-preview":"max-image-preview:large","max-video-preview":"max-video-preview:-1"},"canonical":"https:\/\/www.salve.si\/en\/trgovina\/knjige\/leposlovje\/virus-bozje-besede\/","og_locale":"en_US","og_type":"article","og_title":"VIRUS BO\u017dJE BESEDE - Salve","og_description":"Knjiga Virus Bo\u017eje besede vsebuje zbirko kratkih nedeljskih nagovorov ljubljanskega nad\u0161kofa msgr. Stanislava Zoreta skozi dobra \u0161tiri leta.","og_url":"https:\/\/www.salve.si\/en\/trgovina\/knjige\/leposlovje\/virus-bozje-besede\/","og_site_name":"Salve","article_publisher":"https:\/\/www.facebook.com\/salve.si","article_modified_time":"2026-01-20T10:34:10+00:00","og_image":[{"width":1526,"height":2215,"url":"https:\/\/www.salve.si\/wp-content\/uploads\/2025\/07\/naslovnica-virus-bozje-besede.jpg","type":"image\/jpeg"}],"twitter_card":"summary_large_image","twitter_misc":{"Est. reading time":"2 minutes"},"schema":{"@context":"https:\/\/schema.org","@graph":[{"@type":"WebPage","@id":"https:\/\/www.salve.si\/trgovina\/knjige\/leposlovje\/virus-bozje-besede\/","url":"https:\/\/www.salve.si\/trgovina\/knjige\/leposlovje\/virus-bozje-besede\/","name":"VIRUS BO\u017dJE BESEDE - Salve","isPartOf":{"@id":"https:\/\/www.salve.si\/#website"},"primaryImageOfPage":{"@id":"https:\/\/www.salve.si\/trgovina\/knjige\/leposlovje\/virus-bozje-besede\/#primaryimage"},"image":{"@id":"https:\/\/www.salve.si\/trgovina\/knjige\/leposlovje\/virus-bozje-besede\/#primaryimage"},"thumbnailUrl":"https:\/\/www.salve.si\/wp-content\/uploads\/2025\/07\/naslovnica-virus-bozje-besede.jpg","datePublished":"2025-07-28T09:03:40+00:00","dateModified":"2026-01-20T10:34:10+00:00","breadcrumb":{"@id":"https:\/\/www.salve.si\/trgovina\/knjige\/leposlovje\/virus-bozje-besede\/#breadcrumb"},"inLanguage":"en-US","potentialAction":[{"@type":"ReadAction","target":["https:\/\/www.salve.si\/trgovina\/knjige\/leposlovje\/virus-bozje-besede\/"]}]},{"@type":"ImageObject","inLanguage":"en-US","@id":"https:\/\/www.salve.si\/trgovina\/knjige\/leposlovje\/virus-bozje-besede\/#primaryimage","url":"https:\/\/www.salve.si\/wp-content\/uploads\/2025\/07\/naslovnica-virus-bozje-besede.jpg","contentUrl":"https:\/\/www.salve.si\/wp-content\/uploads\/2025\/07\/naslovnica-virus-bozje-besede.jpg","width":1526,"height":2215},{"@type":"BreadcrumbList","@id":"https:\/\/www.salve.si\/trgovina\/knjige\/leposlovje\/virus-bozje-besede\/#breadcrumb","itemListElement":[{"@type":"ListItem","position":1,"name":"Home","item":"https:\/\/www.salve.si\/"},{"@type":"ListItem","position":2,"name":"Trgovina","item":"https:\/\/www.salve.si\/trgovina\/"},{"@type":"ListItem","position":3,"name":"VIRUS BO\u017dJE BESEDE"}]},{"@type":"WebSite","@id":"https:\/\/www.salve.si\/#website","url":"https:\/\/www.salve.si\/","name":"Salve","description":"Salezijanska zalo\u017eba","publisher":{"@id":"https:\/\/www.salve.si\/#organization"},"potentialAction":[{"@type":"SearchAction","target":{"@type":"EntryPoint","urlTemplate":"https:\/\/www.salve.si\/?s={search_term_string}"},"query-input":{"@type":"PropertyValueSpecification","valueRequired":true,"valueName":"search_term_string"}}],"inLanguage":"en-US"},{"@type":"Organization","@id":"https:\/\/www.salve.si\/#organization","name":"Salve d.o.o.","url":"https:\/\/www.salve.si\/","logo":{"@type":"ImageObject","inLanguage":"en-US","@id":"https:\/\/www.salve.si\/#\/schema\/logo\/image\/","url":"https:\/\/www.salve.si\/wp-content\/uploads\/2021\/01\/Salve_logo_modri_nov_web.png","contentUrl":"https:\/\/www.salve.si\/wp-content\/uploads\/2021\/01\/Salve_logo_modri_nov_web.png","width":279,"height":90,"caption":"Salve d.o.o."},"image":{"@id":"https:\/\/www.salve.si\/#\/schema\/logo\/image\/"},"sameAs":["https:\/\/www.facebook.com\/salve.si","https:\/\/www.instagram.com\/zalozbasalve\/","https:\/\/www.linkedin.com\/company\/zalozba-salve\/"]}]}},"_links":{"self":[{"href":"https:\/\/www.salve.si\/en\/wp-json\/wp\/v2\/product\/20206","targetHints":{"allow":["GET"]}}],"collection":[{"href":"https:\/\/www.salve.si\/en\/wp-json\/wp\/v2\/product"}],"about":[{"href":"https:\/\/www.salve.si\/en\/wp-json\/wp\/v2\/types\/product"}],"version-history":[{"count":3,"href":"https:\/\/www.salve.si\/en\/wp-json\/wp\/v2\/product\/20206\/revisions"}],"predecessor-version":[{"id":21096,"href":"https:\/\/www.salve.si\/en\/wp-json\/wp\/v2\/product\/20206\/revisions\/21096"}],"wp:featuredmedia":[{"embeddable":true,"href":"https:\/\/www.salve.si\/en\/wp-json\/wp\/v2\/media\/20207"}],"wp:attachment":[{"href":"https:\/\/www.salve.si\/en\/wp-json\/wp\/v2\/media?parent=20206"}],"wp:term":[{"taxonomy":"product_cat","embeddable":true,"href":"https:\/\/www.salve.si\/en\/wp-json\/wp\/v2\/product_cat?post=20206"},{"taxonomy":"product_tag","embeddable":true,"href":"https:\/\/www.salve.si\/en\/wp-json\/wp\/v2\/product_tag?post=20206"}],"curies":[{"name":"wp","href":"https:\/\/api.w.org\/{rel}","templated":true}]}}