{"id":20201,"date":"2025-07-28T10:54:11","date_gmt":"2025-07-28T08:54:11","guid":{"rendered":"https:\/\/www.salve.si\/?post_type=product&#038;p=20201"},"modified":"2025-07-28T10:54:56","modified_gmt":"2025-07-28T08:54:56","slug":"in-sinu-jesu-brosirana-izdaja","status":"publish","type":"product","link":"https:\/\/www.salve.si\/en\/trgovina\/knjige\/teologija-in-duhovnost\/in-sinu-jesu-brosirana-izdaja\/","title":{"rendered":"IN SINU JESU (BRO\u0160IRANA IZDAJA)"},"content":{"rendered":"<p><strong>Dnevnik benediktinskega meniha v molitvi \u2013 prevedel Janez Ferkolj.<\/strong><\/p>\n<p><em>Jezus, ve\u010dni, veliki Duhovnik,<\/em><br \/>\n<em>ohrani svoje duhovnike<\/em><br \/>\n<em>v zavetju svojega presvetega Srca,<\/em><br \/>\n<em>da jim nih\u010de ne bo mogel \u0161kodovati!<\/em><\/p>\n<p><em>Ohrani neomade\u017eevane<\/em><br \/>\n<em>njihove maziljene roke,<\/em><br \/>\n<em>ki se vsak dan dotikajo<\/em><br \/>\n<em>tvojega presvetega Telesa.<\/em><\/p>\n<p><em>Ohrani \u010diste njihove ustnice,<\/em><br \/>\n<em>ki jih je porde\u010dila tvoja dragocena Kri.<\/em><\/p>\n<p><em>Ohrani \u010disto in sveto njihovo srce,<\/em><br \/>\n<em>ki je zape\u010dateno z vzvi\u0161enim znamenjem<\/em><br \/>\n<em>tvojega slavnega duhovni\u0161tva.<\/em><\/p>\n<p><em>Naj rastejo v ljubezni in zvestobi do tebe.<\/em><br \/>\n<em>Obvaruj jih vsega posvetnega.<\/em><\/p>\n<p><em>Daj jim z oblastjo spreminjati kruh in vino<\/em><br \/>\n<em>tudi mo\u010d spreminjati srca.<\/em><\/p>\n<p><em>Blagoslovi njihovo delo z obilnimi sadovi<\/em><br \/>\n<em>in podari jim neko\u010d krono ve\u010dnega \u017eivljenja.<\/em><\/p>\n<p><em>Amen.<\/em><\/p>\n<p>Sveta Terezija Deteta Jezusa,<br \/>\n<em>Molitev za duhovnike<\/em><span class=\"slv-content-keywords\"> Knjige Avtobiografije, \u017eivljenjepisi Izpovedi Teologija in duhovnost Benediktinski menih duhovnik Jezusovo srce molitev Benediktinski menih Prevod: Janez Ferkolj <\/span><\/p>","protected":false},"excerpt":{"rendered":"<p><strong><b>Ko Srce spregovori srcu \u2013 dnevnik duhovnika pri molitvi<\/b><\/strong><\/p>","protected":false},"featured_media":20202,"template":"","meta":{"_acf_changed":false,"footnotes":""},"product_cat":[141,315,659,314],"product_tag":[1380,1151,813,766],"class_list":{"0":"post-20201","1":"product","2":"type-product","3":"status-publish","4":"has-post-thumbnail","6":"authors-benediktinski-menih","7":"publisher-blejski-otok","8":"product_cat-knjige","9":"product_cat-svetniki-in-zivljenjepisi","10":"product_cat-izpovedi","11":"product_cat-teologija-in-duhovnost","12":"product_tag-benediktinski-menih","13":"product_tag-duhovnik","14":"product_tag-jezusovo-srce","15":"product_tag-molitev","17":"first","18":"instock","19":"shipping-taxable","20":"purchasable","21":"product-type-simple"},"acf":[],"yoast_head":"<!-- This site is optimized with the Yoast SEO plugin v23.8 - https:\/\/yoast.com\/wordpress\/plugins\/seo\/ -->\n<title>IN SINU JESU (BRO\u0160IRANA IZDAJA) - Salve<\/title>\n<meta name=\"robots\" content=\"index, follow, max-snippet:-1, max-image-preview:large, max-video-preview:-1\" \/>\n<link rel=\"canonical\" href=\"https:\/\/www.salve.si\/en\/trgovina\/knjige\/teologija-in-duhovnost\/in-sinu-jesu-brosirana-izdaja\/\" \/>\n<meta property=\"og:locale\" content=\"en_US\" \/>\n<meta property=\"og:type\" content=\"article\" \/>\n<meta property=\"og:title\" content=\"IN SINU JESU (BRO\u0160IRANA IZDAJA) - Salve\" \/>\n<meta property=\"og:description\" content=\"Ko Srce spregovori srcu \u2013 dnevnik duhovnika pri molitvi\" \/>\n<meta property=\"og:url\" content=\"https:\/\/www.salve.si\/en\/trgovina\/knjige\/teologija-in-duhovnost\/in-sinu-jesu-brosirana-izdaja\/\" \/>\n<meta property=\"og:site_name\" content=\"Salve\" \/>\n<meta property=\"article:publisher\" content=\"https:\/\/www.facebook.com\/salve.si\" \/>\n<meta property=\"article:modified_time\" content=\"2025-07-28T08:54:56+00:00\" \/>\n<meta property=\"og:image\" content=\"https:\/\/www.salve.si\/wp-content\/uploads\/2025\/07\/naslovnica-In-Sinu-Jesu.jpg\" \/>\n\t<meta property=\"og:image:width\" content=\"600\" \/>\n\t<meta property=\"og:image:height\" content=\"840\" \/>\n\t<meta property=\"og:image:type\" content=\"image\/jpeg\" \/>\n<meta name=\"twitter:card\" content=\"summary_large_image\" \/>\n<meta name=\"twitter:label1\" content=\"Est. reading time\" \/>\n\t<meta name=\"twitter:data1\" content=\"1 minute\" \/>\n<script type=\"application\/ld+json\" class=\"yoast-schema-graph\">{\"@context\":\"https:\/\/schema.org\",\"@graph\":[{\"@type\":\"WebPage\",\"@id\":\"https:\/\/www.salve.si\/trgovina\/knjige\/teologija-in-duhovnost\/in-sinu-jesu-brosirana-izdaja\/\",\"url\":\"https:\/\/www.salve.si\/trgovina\/knjige\/teologija-in-duhovnost\/in-sinu-jesu-brosirana-izdaja\/\",\"name\":\"IN SINU JESU (BRO\u0160IRANA IZDAJA) - Salve\",\"isPartOf\":{\"@id\":\"https:\/\/www.salve.si\/#website\"},\"primaryImageOfPage\":{\"@id\":\"https:\/\/www.salve.si\/trgovina\/knjige\/teologija-in-duhovnost\/in-sinu-jesu-brosirana-izdaja\/#primaryimage\"},\"image\":{\"@id\":\"https:\/\/www.salve.si\/trgovina\/knjige\/teologija-in-duhovnost\/in-sinu-jesu-brosirana-izdaja\/#primaryimage\"},\"thumbnailUrl\":\"https:\/\/www.salve.si\/wp-content\/uploads\/2025\/07\/naslovnica-In-Sinu-Jesu.jpg\",\"datePublished\":\"2025-07-28T08:54:11+00:00\",\"dateModified\":\"2025-07-28T08:54:56+00:00\",\"breadcrumb\":{\"@id\":\"https:\/\/www.salve.si\/trgovina\/knjige\/teologija-in-duhovnost\/in-sinu-jesu-brosirana-izdaja\/#breadcrumb\"},\"inLanguage\":\"en-US\",\"potentialAction\":[{\"@type\":\"ReadAction\",\"target\":[\"https:\/\/www.salve.si\/trgovina\/knjige\/teologija-in-duhovnost\/in-sinu-jesu-brosirana-izdaja\/\"]}]},{\"@type\":\"ImageObject\",\"inLanguage\":\"en-US\",\"@id\":\"https:\/\/www.salve.si\/trgovina\/knjige\/teologija-in-duhovnost\/in-sinu-jesu-brosirana-izdaja\/#primaryimage\",\"url\":\"https:\/\/www.salve.si\/wp-content\/uploads\/2025\/07\/naslovnica-In-Sinu-Jesu.jpg\",\"contentUrl\":\"https:\/\/www.salve.si\/wp-content\/uploads\/2025\/07\/naslovnica-In-Sinu-Jesu.jpg\",\"width\":600,\"height\":840},{\"@type\":\"BreadcrumbList\",\"@id\":\"https:\/\/www.salve.si\/trgovina\/knjige\/teologija-in-duhovnost\/in-sinu-jesu-brosirana-izdaja\/#breadcrumb\",\"itemListElement\":[{\"@type\":\"ListItem\",\"position\":1,\"name\":\"Home\",\"item\":\"https:\/\/www.salve.si\/\"},{\"@type\":\"ListItem\",\"position\":2,\"name\":\"Trgovina\",\"item\":\"https:\/\/www.salve.si\/trgovina\/\"},{\"@type\":\"ListItem\",\"position\":3,\"name\":\"IN SINU JESU (BRO\u0160IRANA IZDAJA)\"}]},{\"@type\":\"WebSite\",\"@id\":\"https:\/\/www.salve.si\/#website\",\"url\":\"https:\/\/www.salve.si\/\",\"name\":\"Salve\",\"description\":\"Salezijanska zalo\u017eba\",\"publisher\":{\"@id\":\"https:\/\/www.salve.si\/#organization\"},\"potentialAction\":[{\"@type\":\"SearchAction\",\"target\":{\"@type\":\"EntryPoint\",\"urlTemplate\":\"https:\/\/www.salve.si\/?s={search_term_string}\"},\"query-input\":{\"@type\":\"PropertyValueSpecification\",\"valueRequired\":true,\"valueName\":\"search_term_string\"}}],\"inLanguage\":\"en-US\"},{\"@type\":\"Organization\",\"@id\":\"https:\/\/www.salve.si\/#organization\",\"name\":\"Salve d.o.o.\",\"url\":\"https:\/\/www.salve.si\/\",\"logo\":{\"@type\":\"ImageObject\",\"inLanguage\":\"en-US\",\"@id\":\"https:\/\/www.salve.si\/#\/schema\/logo\/image\/\",\"url\":\"https:\/\/www.salve.si\/wp-content\/uploads\/2021\/01\/Salve_logo_modri_nov_web.png\",\"contentUrl\":\"https:\/\/www.salve.si\/wp-content\/uploads\/2021\/01\/Salve_logo_modri_nov_web.png\",\"width\":279,\"height\":90,\"caption\":\"Salve d.o.o.\"},\"image\":{\"@id\":\"https:\/\/www.salve.si\/#\/schema\/logo\/image\/\"},\"sameAs\":[\"https:\/\/www.facebook.com\/salve.si\",\"https:\/\/www.instagram.com\/zalozbasalve\/\",\"https:\/\/www.linkedin.com\/company\/zalozba-salve\/\"]}]}<\/script>\n<!-- \/ Yoast SEO plugin. -->","yoast_head_json":{"title":"IN SINU JESU (BRO\u0160IRANA IZDAJA) - Salve","robots":{"index":"index","follow":"follow","max-snippet":"max-snippet:-1","max-image-preview":"max-image-preview:large","max-video-preview":"max-video-preview:-1"},"canonical":"https:\/\/www.salve.si\/en\/trgovina\/knjige\/teologija-in-duhovnost\/in-sinu-jesu-brosirana-izdaja\/","og_locale":"en_US","og_type":"article","og_title":"IN SINU JESU (BRO\u0160IRANA IZDAJA) - Salve","og_description":"Ko Srce spregovori srcu \u2013 dnevnik duhovnika pri molitvi","og_url":"https:\/\/www.salve.si\/en\/trgovina\/knjige\/teologija-in-duhovnost\/in-sinu-jesu-brosirana-izdaja\/","og_site_name":"Salve","article_publisher":"https:\/\/www.facebook.com\/salve.si","article_modified_time":"2025-07-28T08:54:56+00:00","og_image":[{"width":600,"height":840,"url":"https:\/\/www.salve.si\/wp-content\/uploads\/2025\/07\/naslovnica-In-Sinu-Jesu.jpg","type":"image\/jpeg"}],"twitter_card":"summary_large_image","twitter_misc":{"Est. reading time":"1 minute"},"schema":{"@context":"https:\/\/schema.org","@graph":[{"@type":"WebPage","@id":"https:\/\/www.salve.si\/trgovina\/knjige\/teologija-in-duhovnost\/in-sinu-jesu-brosirana-izdaja\/","url":"https:\/\/www.salve.si\/trgovina\/knjige\/teologija-in-duhovnost\/in-sinu-jesu-brosirana-izdaja\/","name":"IN SINU JESU (BRO\u0160IRANA IZDAJA) - Salve","isPartOf":{"@id":"https:\/\/www.salve.si\/#website"},"primaryImageOfPage":{"@id":"https:\/\/www.salve.si\/trgovina\/knjige\/teologija-in-duhovnost\/in-sinu-jesu-brosirana-izdaja\/#primaryimage"},"image":{"@id":"https:\/\/www.salve.si\/trgovina\/knjige\/teologija-in-duhovnost\/in-sinu-jesu-brosirana-izdaja\/#primaryimage"},"thumbnailUrl":"https:\/\/www.salve.si\/wp-content\/uploads\/2025\/07\/naslovnica-In-Sinu-Jesu.jpg","datePublished":"2025-07-28T08:54:11+00:00","dateModified":"2025-07-28T08:54:56+00:00","breadcrumb":{"@id":"https:\/\/www.salve.si\/trgovina\/knjige\/teologija-in-duhovnost\/in-sinu-jesu-brosirana-izdaja\/#breadcrumb"},"inLanguage":"en-US","potentialAction":[{"@type":"ReadAction","target":["https:\/\/www.salve.si\/trgovina\/knjige\/teologija-in-duhovnost\/in-sinu-jesu-brosirana-izdaja\/"]}]},{"@type":"ImageObject","inLanguage":"en-US","@id":"https:\/\/www.salve.si\/trgovina\/knjige\/teologija-in-duhovnost\/in-sinu-jesu-brosirana-izdaja\/#primaryimage","url":"https:\/\/www.salve.si\/wp-content\/uploads\/2025\/07\/naslovnica-In-Sinu-Jesu.jpg","contentUrl":"https:\/\/www.salve.si\/wp-content\/uploads\/2025\/07\/naslovnica-In-Sinu-Jesu.jpg","width":600,"height":840},{"@type":"BreadcrumbList","@id":"https:\/\/www.salve.si\/trgovina\/knjige\/teologija-in-duhovnost\/in-sinu-jesu-brosirana-izdaja\/#breadcrumb","itemListElement":[{"@type":"ListItem","position":1,"name":"Home","item":"https:\/\/www.salve.si\/"},{"@type":"ListItem","position":2,"name":"Trgovina","item":"https:\/\/www.salve.si\/trgovina\/"},{"@type":"ListItem","position":3,"name":"IN SINU JESU (BRO\u0160IRANA IZDAJA)"}]},{"@type":"WebSite","@id":"https:\/\/www.salve.si\/#website","url":"https:\/\/www.salve.si\/","name":"Salve","description":"Salezijanska zalo\u017eba","publisher":{"@id":"https:\/\/www.salve.si\/#organization"},"potentialAction":[{"@type":"SearchAction","target":{"@type":"EntryPoint","urlTemplate":"https:\/\/www.salve.si\/?s={search_term_string}"},"query-input":{"@type":"PropertyValueSpecification","valueRequired":true,"valueName":"search_term_string"}}],"inLanguage":"en-US"},{"@type":"Organization","@id":"https:\/\/www.salve.si\/#organization","name":"Salve d.o.o.","url":"https:\/\/www.salve.si\/","logo":{"@type":"ImageObject","inLanguage":"en-US","@id":"https:\/\/www.salve.si\/#\/schema\/logo\/image\/","url":"https:\/\/www.salve.si\/wp-content\/uploads\/2021\/01\/Salve_logo_modri_nov_web.png","contentUrl":"https:\/\/www.salve.si\/wp-content\/uploads\/2021\/01\/Salve_logo_modri_nov_web.png","width":279,"height":90,"caption":"Salve d.o.o."},"image":{"@id":"https:\/\/www.salve.si\/#\/schema\/logo\/image\/"},"sameAs":["https:\/\/www.facebook.com\/salve.si","https:\/\/www.instagram.com\/zalozbasalve\/","https:\/\/www.linkedin.com\/company\/zalozba-salve\/"]}]}},"_links":{"self":[{"href":"https:\/\/www.salve.si\/en\/wp-json\/wp\/v2\/product\/20201","targetHints":{"allow":["GET"]}}],"collection":[{"href":"https:\/\/www.salve.si\/en\/wp-json\/wp\/v2\/product"}],"about":[{"href":"https:\/\/www.salve.si\/en\/wp-json\/wp\/v2\/types\/product"}],"version-history":[{"count":3,"href":"https:\/\/www.salve.si\/en\/wp-json\/wp\/v2\/product\/20201\/revisions"}],"predecessor-version":[{"id":20205,"href":"https:\/\/www.salve.si\/en\/wp-json\/wp\/v2\/product\/20201\/revisions\/20205"}],"wp:featuredmedia":[{"embeddable":true,"href":"https:\/\/www.salve.si\/en\/wp-json\/wp\/v2\/media\/20202"}],"wp:attachment":[{"href":"https:\/\/www.salve.si\/en\/wp-json\/wp\/v2\/media?parent=20201"}],"wp:term":[{"taxonomy":"product_cat","embeddable":true,"href":"https:\/\/www.salve.si\/en\/wp-json\/wp\/v2\/product_cat?post=20201"},{"taxonomy":"product_tag","embeddable":true,"href":"https:\/\/www.salve.si\/en\/wp-json\/wp\/v2\/product_tag?post=20201"}],"curies":[{"name":"wp","href":"https:\/\/api.w.org\/{rel}","templated":true}]}}