{"id":19996,"date":"2025-06-12T12:42:15","date_gmt":"2025-06-12T10:42:15","guid":{"rendered":"https:\/\/www.salve.si\/?post_type=product&#038;p=19996"},"modified":"2025-08-05T10:57:57","modified_gmt":"2025-08-05T08:57:57","slug":"david","status":"publish","type":"product","link":"https:\/\/www.salve.si\/en\/trgovina\/knjige\/svetniki-in-zivljenjepisi\/david\/","title":{"rendered":"DAVID"},"content":{"rendered":"<p>Izjemna zgodba, ki jo pripoveduje osemletni de\u010dek David, ki je iz nebes prejel dar videnja, kaj se bo zgodilo po smrti. Zgodba, ki ni sestavljena le iz besed, temve\u010d iz \u017eivljenja, pre\u017eivetega od temnih tonov neozdravljive bolezni do svetlih barv veselja in upanja. Angeli, Marija in Jezus (od dneva prvega svetega obhajila) so mu pri\u0161li naproti in ga vodili za roko. O tem pri\u010dujeta njegova star\u0161a, Elisa in Salvatore, ki jih je David skupaj z mlaj\u0161im bratom Antoniom vodil po poti vere: \u00bbV trdnih besedah \u200b\u200bnajinega sina in v njegovih o\u010deh, polnih svetlobe, sva videla, da nebesa obstajajo.\u00ab David je komaj \u010dakal, da gre tja, in zdaj nas tam \u010daka!<\/p>\n<p>&nbsp;<\/p>\n<p>Direktorica &#8216;Opazovalnice za prikazovanja in misti\u010dne pojave v povezavi s podobo Device Marije&#8217; Daniela Del Gaudio v predgovoru pravi: \u00bbDavidova zgodba nas u\u010di, da \u0161ele ko se popolnoma prepustimo Bogu, odkrijemo, da njegov na\u010drt ni brez pomena, ni niti negativen, ampak da je pre\u017eet z \u017eivlje\u00adnjem. Resni\u010dno \u017eivljenje je sre\u010danje z Bogom, \u017eivljenje v ob\u010destvu z njim. To je raj, ve\u010dno \u017eivljenje, ki ga David \u017ee do\u017eivlja in ga razodeva tudi svojim star\u0161em. Na ta na\u010din jih osvobodi tesnobe zaradi prezgodnje izgube, saj jim poka\u017ee, da je lepo \u017eiveti z Jezusom. Da je raj kraj lepote in miru, kjer je \u010dloveku dobro biti.\u00ab<span class=\"slv-content-keywords\"> Knjige Avtobiografije, \u017eivljenjepisi Angeli David Marija nebesa pri\u010devanje Otrok, ki je govoril z angeli <\/span><\/p>","protected":false},"excerpt":{"rendered":"<p>Knjiga pripoveduje zgodbo o otroku Davidu, ki je na tem svetu \u017eivel le osem let in 22. junija 2021 sre\u010dno \u00bbodletel\u00ab. David je v kratkem obdobju svojega \u017eivljenja prinesel posebno sporo\u010dilo vsem, tudi tis\u00adtim, ki bodo to knjigo vzeli v roke. Nekega dne, ko je David le\u017eal na bolni\u0161ki postelji, je rekel mami: \u00bbVe\u0161, mama, vidim angele in tudi jaz sem angel, vendar brez kril.\u00ab Ta knjiga ni namenjena le tistim, ki \u017ee verujejo v nebesa in se \u017eelijo hraniti z njihovo lepoto. Mali David namre\u010d nikoli ni sli\u0161al za angele, Bo\u017e\u00adjo Mater in Jezusa, vse dokler jih ni nekega dne sre\u010dal osebno, iz o\u010di v o\u010di. Prav tako ni vedel za obstoj nebes, dokler jih ni obiskal in se nato vrnil, da bi o njih pri\u00adpovedoval. Knjiga je napisana za vse, ki i\u0161\u010dejo. Za tiste, ki v srcu nosijo mo\u010dno \u017eeljo. Za tiste, ki trpijo, so obupani ali \u017eelijo znova upati in se nasmejati. Za tiste, ki so iz\u00adgubili smisel \u017eivljenja, a v sebi \u0161e vedno sanjajo, da bi ga neko\u010d na\u0161li. Za vse, ki si \u017eelijo Sre\u010de.<\/p>\n<p>&nbsp;<\/p>","protected":false},"featured_media":19997,"template":"","meta":{"_acf_changed":false,"footnotes":""},"product_cat":[141,315],"product_tag":[1355,1354,337,1356,897],"class_list":{"0":"post-19996","1":"product","2":"type-product","3":"status-publish","4":"has-post-thumbnail","6":"publisher-salve-d-o-o-ljubljana","7":"product_cat-knjige","8":"product_cat-svetniki-in-zivljenjepisi","9":"product_tag-angeli","10":"product_tag-david","11":"product_tag-marija","12":"product_tag-nebesa","13":"product_tag-pricevanje","15":"first","16":"instock","17":"shipping-taxable","18":"purchasable","19":"product-type-simple"},"acf":[],"yoast_head":"<!-- This site is optimized with the Yoast SEO plugin v23.8 - https:\/\/yoast.com\/wordpress\/plugins\/seo\/ -->\n<title>DAVID - Salve<\/title>\n<meta name=\"robots\" content=\"index, follow, max-snippet:-1, max-image-preview:large, max-video-preview:-1\" \/>\n<link rel=\"canonical\" href=\"https:\/\/www.salve.si\/en\/trgovina\/knjige\/svetniki-in-zivljenjepisi\/david\/\" \/>\n<meta property=\"og:locale\" content=\"en_US\" \/>\n<meta property=\"og:type\" content=\"article\" \/>\n<meta property=\"og:title\" content=\"DAVID - Salve\" \/>\n<meta property=\"og:description\" content=\"Knjiga pripoveduje zgodbo o otroku Davidu, ki je na tem svetu \u017eivel le osem let in 22. junija 2021 sre\u010dno \u00bbodletel\u00ab. David je v kratkem obdobju svojega \u017eivljenja prinesel posebno sporo\u010dilo vsem, tudi tis\u00adtim, ki bodo to knjigo vzeli v roke. Nekega dne, ko je David le\u017eal na bolni\u0161ki postelji, je rekel mami: \u00bbVe\u0161, mama, vidim angele in tudi jaz sem angel, vendar brez kril.\u00ab Ta knjiga ni namenjena le tistim, ki \u017ee verujejo v nebesa in se \u017eelijo hraniti z njihovo lepoto. Mali David namre\u010d nikoli ni sli\u0161al za angele, Bo\u017e\u00adjo Mater in Jezusa, vse dokler jih ni nekega dne sre\u010dal osebno, iz o\u010di v o\u010di. Prav tako ni vedel za obstoj nebes, dokler jih ni obiskal in se nato vrnil, da bi o njih pri\u00adpovedoval. Knjiga je napisana za vse, ki i\u0161\u010dejo. Za tiste, ki v srcu nosijo mo\u010dno \u017eeljo. Za tiste, ki trpijo, so obupani ali \u017eelijo znova upati in se nasmejati. Za tiste, ki so iz\u00adgubili smisel \u017eivljenja, a v sebi \u0161e vedno sanjajo, da bi ga neko\u010d na\u0161li. Za vse, ki si \u017eelijo Sre\u010de.  &nbsp;\" \/>\n<meta property=\"og:url\" content=\"https:\/\/www.salve.si\/en\/trgovina\/knjige\/svetniki-in-zivljenjepisi\/david\/\" \/>\n<meta property=\"og:site_name\" content=\"Salve\" \/>\n<meta property=\"article:publisher\" content=\"https:\/\/www.facebook.com\/salve.si\" \/>\n<meta property=\"article:modified_time\" content=\"2025-08-05T08:57:57+00:00\" \/>\n<meta property=\"og:image\" content=\"https:\/\/www.salve.si\/wp-content\/uploads\/2025\/06\/Signorelli_David_NASLOVNICA01.jpg\" \/>\n\t<meta property=\"og:image:width\" content=\"1596\" \/>\n\t<meta property=\"og:image:height\" content=\"2552\" \/>\n\t<meta property=\"og:image:type\" content=\"image\/jpeg\" \/>\n<meta name=\"twitter:card\" content=\"summary_large_image\" \/>\n<meta name=\"twitter:label1\" content=\"Est. reading time\" \/>\n\t<meta name=\"twitter:data1\" content=\"2 minutes\" \/>\n<script type=\"application\/ld+json\" class=\"yoast-schema-graph\">{\"@context\":\"https:\/\/schema.org\",\"@graph\":[{\"@type\":\"WebPage\",\"@id\":\"https:\/\/www.salve.si\/trgovina\/knjige\/svetniki-in-zivljenjepisi\/david\/\",\"url\":\"https:\/\/www.salve.si\/trgovina\/knjige\/svetniki-in-zivljenjepisi\/david\/\",\"name\":\"DAVID - Salve\",\"isPartOf\":{\"@id\":\"https:\/\/www.salve.si\/#website\"},\"primaryImageOfPage\":{\"@id\":\"https:\/\/www.salve.si\/trgovina\/knjige\/svetniki-in-zivljenjepisi\/david\/#primaryimage\"},\"image\":{\"@id\":\"https:\/\/www.salve.si\/trgovina\/knjige\/svetniki-in-zivljenjepisi\/david\/#primaryimage\"},\"thumbnailUrl\":\"https:\/\/www.salve.si\/wp-content\/uploads\/2025\/06\/Signorelli_David_NASLOVNICA01.jpg\",\"datePublished\":\"2025-06-12T10:42:15+00:00\",\"dateModified\":\"2025-08-05T08:57:57+00:00\",\"breadcrumb\":{\"@id\":\"https:\/\/www.salve.si\/trgovina\/knjige\/svetniki-in-zivljenjepisi\/david\/#breadcrumb\"},\"inLanguage\":\"en-US\",\"potentialAction\":[{\"@type\":\"ReadAction\",\"target\":[\"https:\/\/www.salve.si\/trgovina\/knjige\/svetniki-in-zivljenjepisi\/david\/\"]}]},{\"@type\":\"ImageObject\",\"inLanguage\":\"en-US\",\"@id\":\"https:\/\/www.salve.si\/trgovina\/knjige\/svetniki-in-zivljenjepisi\/david\/#primaryimage\",\"url\":\"https:\/\/www.salve.si\/wp-content\/uploads\/2025\/06\/Signorelli_David_NASLOVNICA01.jpg\",\"contentUrl\":\"https:\/\/www.salve.si\/wp-content\/uploads\/2025\/06\/Signorelli_David_NASLOVNICA01.jpg\",\"width\":1596,\"height\":2552},{\"@type\":\"BreadcrumbList\",\"@id\":\"https:\/\/www.salve.si\/trgovina\/knjige\/svetniki-in-zivljenjepisi\/david\/#breadcrumb\",\"itemListElement\":[{\"@type\":\"ListItem\",\"position\":1,\"name\":\"Home\",\"item\":\"https:\/\/www.salve.si\/\"},{\"@type\":\"ListItem\",\"position\":2,\"name\":\"Trgovina\",\"item\":\"https:\/\/www.salve.si\/trgovina\/\"},{\"@type\":\"ListItem\",\"position\":3,\"name\":\"DAVID\"}]},{\"@type\":\"WebSite\",\"@id\":\"https:\/\/www.salve.si\/#website\",\"url\":\"https:\/\/www.salve.si\/\",\"name\":\"Salve\",\"description\":\"Salezijanska zalo\u017eba\",\"publisher\":{\"@id\":\"https:\/\/www.salve.si\/#organization\"},\"potentialAction\":[{\"@type\":\"SearchAction\",\"target\":{\"@type\":\"EntryPoint\",\"urlTemplate\":\"https:\/\/www.salve.si\/?s={search_term_string}\"},\"query-input\":{\"@type\":\"PropertyValueSpecification\",\"valueRequired\":true,\"valueName\":\"search_term_string\"}}],\"inLanguage\":\"en-US\"},{\"@type\":\"Organization\",\"@id\":\"https:\/\/www.salve.si\/#organization\",\"name\":\"Salve d.o.o.\",\"url\":\"https:\/\/www.salve.si\/\",\"logo\":{\"@type\":\"ImageObject\",\"inLanguage\":\"en-US\",\"@id\":\"https:\/\/www.salve.si\/#\/schema\/logo\/image\/\",\"url\":\"https:\/\/www.salve.si\/wp-content\/uploads\/2021\/01\/Salve_logo_modri_nov_web.png\",\"contentUrl\":\"https:\/\/www.salve.si\/wp-content\/uploads\/2021\/01\/Salve_logo_modri_nov_web.png\",\"width\":279,\"height\":90,\"caption\":\"Salve d.o.o.\"},\"image\":{\"@id\":\"https:\/\/www.salve.si\/#\/schema\/logo\/image\/\"},\"sameAs\":[\"https:\/\/www.facebook.com\/salve.si\",\"https:\/\/www.instagram.com\/zalozbasalve\/\",\"https:\/\/www.linkedin.com\/company\/zalozba-salve\/\"]}]}<\/script>\n<!-- \/ Yoast SEO plugin. -->","yoast_head_json":{"title":"DAVID - Salve","robots":{"index":"index","follow":"follow","max-snippet":"max-snippet:-1","max-image-preview":"max-image-preview:large","max-video-preview":"max-video-preview:-1"},"canonical":"https:\/\/www.salve.si\/en\/trgovina\/knjige\/svetniki-in-zivljenjepisi\/david\/","og_locale":"en_US","og_type":"article","og_title":"DAVID - Salve","og_description":"Knjiga pripoveduje zgodbo o otroku Davidu, ki je na tem svetu \u017eivel le osem let in 22. junija 2021 sre\u010dno \u00bbodletel\u00ab. David je v kratkem obdobju svojega \u017eivljenja prinesel posebno sporo\u010dilo vsem, tudi tis\u00adtim, ki bodo to knjigo vzeli v roke. Nekega dne, ko je David le\u017eal na bolni\u0161ki postelji, je rekel mami: \u00bbVe\u0161, mama, vidim angele in tudi jaz sem angel, vendar brez kril.\u00ab Ta knjiga ni namenjena le tistim, ki \u017ee verujejo v nebesa in se \u017eelijo hraniti z njihovo lepoto. Mali David namre\u010d nikoli ni sli\u0161al za angele, Bo\u017e\u00adjo Mater in Jezusa, vse dokler jih ni nekega dne sre\u010dal osebno, iz o\u010di v o\u010di. Prav tako ni vedel za obstoj nebes, dokler jih ni obiskal in se nato vrnil, da bi o njih pri\u00adpovedoval. Knjiga je napisana za vse, ki i\u0161\u010dejo. Za tiste, ki v srcu nosijo mo\u010dno \u017eeljo. Za tiste, ki trpijo, so obupani ali \u017eelijo znova upati in se nasmejati. Za tiste, ki so iz\u00adgubili smisel \u017eivljenja, a v sebi \u0161e vedno sanjajo, da bi ga neko\u010d na\u0161li. Za vse, ki si \u017eelijo Sre\u010de.  &nbsp;","og_url":"https:\/\/www.salve.si\/en\/trgovina\/knjige\/svetniki-in-zivljenjepisi\/david\/","og_site_name":"Salve","article_publisher":"https:\/\/www.facebook.com\/salve.si","article_modified_time":"2025-08-05T08:57:57+00:00","og_image":[{"width":1596,"height":2552,"url":"https:\/\/www.salve.si\/wp-content\/uploads\/2025\/06\/Signorelli_David_NASLOVNICA01.jpg","type":"image\/jpeg"}],"twitter_card":"summary_large_image","twitter_misc":{"Est. reading time":"2 minutes"},"schema":{"@context":"https:\/\/schema.org","@graph":[{"@type":"WebPage","@id":"https:\/\/www.salve.si\/trgovina\/knjige\/svetniki-in-zivljenjepisi\/david\/","url":"https:\/\/www.salve.si\/trgovina\/knjige\/svetniki-in-zivljenjepisi\/david\/","name":"DAVID - Salve","isPartOf":{"@id":"https:\/\/www.salve.si\/#website"},"primaryImageOfPage":{"@id":"https:\/\/www.salve.si\/trgovina\/knjige\/svetniki-in-zivljenjepisi\/david\/#primaryimage"},"image":{"@id":"https:\/\/www.salve.si\/trgovina\/knjige\/svetniki-in-zivljenjepisi\/david\/#primaryimage"},"thumbnailUrl":"https:\/\/www.salve.si\/wp-content\/uploads\/2025\/06\/Signorelli_David_NASLOVNICA01.jpg","datePublished":"2025-06-12T10:42:15+00:00","dateModified":"2025-08-05T08:57:57+00:00","breadcrumb":{"@id":"https:\/\/www.salve.si\/trgovina\/knjige\/svetniki-in-zivljenjepisi\/david\/#breadcrumb"},"inLanguage":"en-US","potentialAction":[{"@type":"ReadAction","target":["https:\/\/www.salve.si\/trgovina\/knjige\/svetniki-in-zivljenjepisi\/david\/"]}]},{"@type":"ImageObject","inLanguage":"en-US","@id":"https:\/\/www.salve.si\/trgovina\/knjige\/svetniki-in-zivljenjepisi\/david\/#primaryimage","url":"https:\/\/www.salve.si\/wp-content\/uploads\/2025\/06\/Signorelli_David_NASLOVNICA01.jpg","contentUrl":"https:\/\/www.salve.si\/wp-content\/uploads\/2025\/06\/Signorelli_David_NASLOVNICA01.jpg","width":1596,"height":2552},{"@type":"BreadcrumbList","@id":"https:\/\/www.salve.si\/trgovina\/knjige\/svetniki-in-zivljenjepisi\/david\/#breadcrumb","itemListElement":[{"@type":"ListItem","position":1,"name":"Home","item":"https:\/\/www.salve.si\/"},{"@type":"ListItem","position":2,"name":"Trgovina","item":"https:\/\/www.salve.si\/trgovina\/"},{"@type":"ListItem","position":3,"name":"DAVID"}]},{"@type":"WebSite","@id":"https:\/\/www.salve.si\/#website","url":"https:\/\/www.salve.si\/","name":"Salve","description":"Salezijanska zalo\u017eba","publisher":{"@id":"https:\/\/www.salve.si\/#organization"},"potentialAction":[{"@type":"SearchAction","target":{"@type":"EntryPoint","urlTemplate":"https:\/\/www.salve.si\/?s={search_term_string}"},"query-input":{"@type":"PropertyValueSpecification","valueRequired":true,"valueName":"search_term_string"}}],"inLanguage":"en-US"},{"@type":"Organization","@id":"https:\/\/www.salve.si\/#organization","name":"Salve d.o.o.","url":"https:\/\/www.salve.si\/","logo":{"@type":"ImageObject","inLanguage":"en-US","@id":"https:\/\/www.salve.si\/#\/schema\/logo\/image\/","url":"https:\/\/www.salve.si\/wp-content\/uploads\/2021\/01\/Salve_logo_modri_nov_web.png","contentUrl":"https:\/\/www.salve.si\/wp-content\/uploads\/2021\/01\/Salve_logo_modri_nov_web.png","width":279,"height":90,"caption":"Salve d.o.o."},"image":{"@id":"https:\/\/www.salve.si\/#\/schema\/logo\/image\/"},"sameAs":["https:\/\/www.facebook.com\/salve.si","https:\/\/www.instagram.com\/zalozbasalve\/","https:\/\/www.linkedin.com\/company\/zalozba-salve\/"]}]}},"_links":{"self":[{"href":"https:\/\/www.salve.si\/en\/wp-json\/wp\/v2\/product\/19996","targetHints":{"allow":["GET"]}}],"collection":[{"href":"https:\/\/www.salve.si\/en\/wp-json\/wp\/v2\/product"}],"about":[{"href":"https:\/\/www.salve.si\/en\/wp-json\/wp\/v2\/types\/product"}],"version-history":[{"count":7,"href":"https:\/\/www.salve.si\/en\/wp-json\/wp\/v2\/product\/19996\/revisions"}],"predecessor-version":[{"id":20227,"href":"https:\/\/www.salve.si\/en\/wp-json\/wp\/v2\/product\/19996\/revisions\/20227"}],"wp:featuredmedia":[{"embeddable":true,"href":"https:\/\/www.salve.si\/en\/wp-json\/wp\/v2\/media\/19997"}],"wp:attachment":[{"href":"https:\/\/www.salve.si\/en\/wp-json\/wp\/v2\/media?parent=19996"}],"wp:term":[{"taxonomy":"product_cat","embeddable":true,"href":"https:\/\/www.salve.si\/en\/wp-json\/wp\/v2\/product_cat?post=19996"},{"taxonomy":"product_tag","embeddable":true,"href":"https:\/\/www.salve.si\/en\/wp-json\/wp\/v2\/product_tag?post=19996"}],"curies":[{"name":"wp","href":"https:\/\/api.w.org\/{rel}","templated":true}]}}