{"id":19886,"date":"2025-05-14T07:30:26","date_gmt":"2025-05-14T05:30:26","guid":{"rendered":"https:\/\/www.salve.si\/?post_type=product&#038;p=19886"},"modified":"2025-08-05T10:17:09","modified_gmt":"2025-08-05T08:17:09","slug":"skrivnost-zastrupitve","status":"publish","type":"product","link":"https:\/\/www.salve.si\/en\/trgovina\/knjige\/mladinske\/skrivnost-zastrupitve\/","title":{"rendered":"SKRIVNOST ZASTRUPITVE"},"content":{"rendered":"<p><strong>Skrivnost zastrupitve<\/strong><\/p>\n<p>je mladinski roman, ki govori o deveto\u0161olki Juti, ljubiteljici in tekmovalki s konji. Zaradi finan\u010dnih te\u017eav je Jutina dru\u017eina primorana zapustiti lasten ran\u010d na Dolenjskem in se preseliti v Ljubljano.<\/p>\n<p>Juta se te\u017eko vklopi v novo okolje, so\u0161olci brijejo norce iz nje, \u010de\u0161 da smrdi po konjih in da je piflarka. Le razredni\u010darka ji poka\u017ee spo\u0161tovanje in zaupanje, saj sku\u0161a svoje u\u010dence nau\u010diti pozitivnih vrednot ter se trudi biti po\u0161tena do vseh. Edina svetla to\u010dka med sovrstniki je so\u0161olka Ne\u017ea, s katero Juta stke iskreno prijateljsko vez. Doma Juto bodri ter vzpodbuja cela dru\u017eina, saj je njihov glavni moto, da je dru\u017eina najve\u010dja vrednota, ne glede na vse. Vendar Juta do\u017eivlja prehudo stisko, da bi ji bilo lahko to \u0161e v uteho.<\/p>\n<p>Nekega jutra, ko Juta prespi budilko in se odlo\u010di, da izpusti dan v \u0161oli, se odpravi raziskovat novo okolico. Po naklju\u010dju odkrije hipodrom in spozna Pijo, ki prav tako kot Juta tekmuje s konji. Njuna vez takoj postane iskreno prijateljska. Ko pa Juta spozna \u0161e Pijinega brata Jaka, se v njej za\u010dnejo prebujati prve iskrice ljubezni. Juta vse ve\u010d \u010dasa pre\u017eivlja na hipodromu. Nenadoma se trojici zazdi, da nekdo na hipodromu kuje zahrbten na\u010drt. Ko ho\u010dejo priti do konca tej uganki, dekleti nenadoma postaneta \u017ertvi.<\/p>\n<p>Zdi se, da so v zgodbo vpleteni isti ljudje, ki so bili krivi tudi za finan\u010dne te\u017eave Jutinih star\u0161ev z dolenjskega ran\u010da.<\/p>\n<p>Ali bo najstnikom uspelo re\u0161iti skrivnost zavozlane uganke in pomagati sodnim mlinom, da bo pravici naposled zado\u0161\u010deno?<\/p>\n<p><strong>O AVTORICI<\/strong><\/p>\n<p>Sara Jagri\u010d Munih (1981) je svoje otro\u0161tvo in del mladosti pre\u017eivela v rodnem Leskovcu pri Kr\u0161kem. Po kon\u010dani gimnaziji se je vpisala na \u0161tudij zootehnike, na Biotehni\u0161ki fakulteti, kjer je diplomirala leta 2007. Kmalu zatem se je zaposlila v javni upravi. Ker je imela ves \u010das \u017eeljo po \u0161tudiju veterine, se je nato vpisala na podiplomski \u0161tudij Biomedicine, kjer je leta 2012 doktorirala iz veterinarske medicine.<\/p>\n<p>Celo \u017eivljenje jo spremljata ljubezen in skrb za \u017eivali, posebej do psov in konj. Tako ji v dru\u017einskem krogu z mo\u017eem in tremi h\u010derkami venomer dela dru\u017ebo \u0161e kak\u0161en ku\u017ea, med katerimi so bili ve\u010dinoma posvojen\u010dki. V svojem prostem \u010dasu je z mo\u017eem aktivna pri dru\u0161tvu Dru\u017eina in \u017divljenje<em>.<\/em> Zadnja leta pa se posve\u010da tudi pisanju, saj jo ta talent venomer bolj nagovarja in izpolnjuje. Tako se je rodil njen prvi mladinski roman <em>Skrivnost zastrupitve<\/em>.<span class=\"slv-content-keywords\"> Knjige Mladinska literatura Mladinske konji mladinski roman Sara Jagri\u010d Munih skrivnost zastrupitve \u017dIVALI Sara Jagri\u010d Munih <\/span><\/p>","protected":false},"excerpt":{"rendered":"<p><strong data-start=\"0\" data-end=\"25\" data-is-only-node=\"\">Skrivnost zastrupitve<\/strong> je napet mladinski roman o pogumni deveto\u0161olki Juti, ki po selitvi v Ljubljano i\u0161\u010de svoje mesto v novem okolju. Ljubezen do konj, nova prijateljstva in prva zaljubljenost jo vodijo do tema\u010dne skrivnosti, povezane s preteklostjo njene dru\u017eine. Ko postanejo stvari nevarne, mora Juta zbrati ves pogum, da razvozla mre\u017eo la\u017ei in nepravi\u010dnosti.<\/p>\n<p>&nbsp;<\/p>","protected":false},"featured_media":19891,"template":"","meta":{"_acf_changed":false,"footnotes":""},"product_cat":[1166,141,266],"product_tag":[1341,1142,1342,1340,1039],"class_list":{"0":"post-19886","1":"product","2":"type-product","3":"status-publish","4":"has-post-thumbnail","6":"authors-sara-jagric-munih","7":"publisher-salve-d-o-o-ljubljana","8":"product_cat-mladinska-literatura","9":"product_cat-knjige","10":"product_cat-mladinske","11":"product_tag-konji","12":"product_tag-mladinski-roman","13":"product_tag-sara-jagric-munih","14":"product_tag-skrivnost-zastrupitve","15":"product_tag-zivali","17":"first","18":"instock","19":"shipping-taxable","20":"purchasable","21":"product-type-simple"},"acf":[],"yoast_head":"<!-- This site is optimized with the Yoast SEO plugin v23.8 - https:\/\/yoast.com\/wordpress\/plugins\/seo\/ -->\n<title>SKRIVNOST ZASTRUPITVE - Salve<\/title>\n<meta name=\"robots\" content=\"index, follow, max-snippet:-1, max-image-preview:large, max-video-preview:-1\" \/>\n<link rel=\"canonical\" href=\"https:\/\/www.salve.si\/en\/trgovina\/knjige\/mladinske\/skrivnost-zastrupitve\/\" \/>\n<meta property=\"og:locale\" content=\"en_US\" \/>\n<meta property=\"og:type\" content=\"article\" \/>\n<meta property=\"og:title\" content=\"SKRIVNOST ZASTRUPITVE - Salve\" \/>\n<meta property=\"og:description\" content=\"Skrivnost zastrupitve je napet mladinski roman o pogumni deveto\u0161olki Juti, ki po selitvi v Ljubljano i\u0161\u010de svoje mesto v novem okolju. Ljubezen do konj, nova prijateljstva in prva zaljubljenost jo vodijo do tema\u010dne skrivnosti, povezane s preteklostjo njene dru\u017eine. Ko postanejo stvari nevarne, mora Juta zbrati ves pogum, da razvozla mre\u017eo la\u017ei in nepravi\u010dnosti.  &nbsp;\" \/>\n<meta property=\"og:url\" content=\"https:\/\/www.salve.si\/en\/trgovina\/knjige\/mladinske\/skrivnost-zastrupitve\/\" \/>\n<meta property=\"og:site_name\" content=\"Salve\" \/>\n<meta property=\"article:publisher\" content=\"https:\/\/www.facebook.com\/salve.si\" \/>\n<meta property=\"article:modified_time\" content=\"2025-08-05T08:17:09+00:00\" \/>\n<meta property=\"og:image\" content=\"https:\/\/www.salve.si\/wp-content\/uploads\/2025\/05\/Jagric-Munih_Skrivnost-zastrupitve_NASLOVNICA2.jpg\" \/>\n\t<meta property=\"og:image:width\" content=\"1292\" \/>\n\t<meta property=\"og:image:height\" content=\"2018\" \/>\n\t<meta property=\"og:image:type\" content=\"image\/jpeg\" \/>\n<meta name=\"twitter:card\" content=\"summary_large_image\" \/>\n<meta name=\"twitter:label1\" content=\"Est. reading time\" \/>\n\t<meta name=\"twitter:data1\" content=\"3 minutes\" \/>\n<script type=\"application\/ld+json\" class=\"yoast-schema-graph\">{\"@context\":\"https:\/\/schema.org\",\"@graph\":[{\"@type\":\"WebPage\",\"@id\":\"https:\/\/www.salve.si\/trgovina\/knjige\/mladinske\/skrivnost-zastrupitve\/\",\"url\":\"https:\/\/www.salve.si\/trgovina\/knjige\/mladinske\/skrivnost-zastrupitve\/\",\"name\":\"SKRIVNOST ZASTRUPITVE - Salve\",\"isPartOf\":{\"@id\":\"https:\/\/www.salve.si\/#website\"},\"primaryImageOfPage\":{\"@id\":\"https:\/\/www.salve.si\/trgovina\/knjige\/mladinske\/skrivnost-zastrupitve\/#primaryimage\"},\"image\":{\"@id\":\"https:\/\/www.salve.si\/trgovina\/knjige\/mladinske\/skrivnost-zastrupitve\/#primaryimage\"},\"thumbnailUrl\":\"https:\/\/www.salve.si\/wp-content\/uploads\/2025\/05\/Jagric-Munih_Skrivnost-zastrupitve_NASLOVNICA2.jpg\",\"datePublished\":\"2025-05-14T05:30:26+00:00\",\"dateModified\":\"2025-08-05T08:17:09+00:00\",\"breadcrumb\":{\"@id\":\"https:\/\/www.salve.si\/trgovina\/knjige\/mladinske\/skrivnost-zastrupitve\/#breadcrumb\"},\"inLanguage\":\"en-US\",\"potentialAction\":[{\"@type\":\"ReadAction\",\"target\":[\"https:\/\/www.salve.si\/trgovina\/knjige\/mladinske\/skrivnost-zastrupitve\/\"]}]},{\"@type\":\"ImageObject\",\"inLanguage\":\"en-US\",\"@id\":\"https:\/\/www.salve.si\/trgovina\/knjige\/mladinske\/skrivnost-zastrupitve\/#primaryimage\",\"url\":\"https:\/\/www.salve.si\/wp-content\/uploads\/2025\/05\/Jagric-Munih_Skrivnost-zastrupitve_NASLOVNICA2.jpg\",\"contentUrl\":\"https:\/\/www.salve.si\/wp-content\/uploads\/2025\/05\/Jagric-Munih_Skrivnost-zastrupitve_NASLOVNICA2.jpg\",\"width\":1292,\"height\":2018},{\"@type\":\"BreadcrumbList\",\"@id\":\"https:\/\/www.salve.si\/trgovina\/knjige\/mladinske\/skrivnost-zastrupitve\/#breadcrumb\",\"itemListElement\":[{\"@type\":\"ListItem\",\"position\":1,\"name\":\"Home\",\"item\":\"https:\/\/www.salve.si\/\"},{\"@type\":\"ListItem\",\"position\":2,\"name\":\"Trgovina\",\"item\":\"https:\/\/www.salve.si\/trgovina\/\"},{\"@type\":\"ListItem\",\"position\":3,\"name\":\"SKRIVNOST ZASTRUPITVE\"}]},{\"@type\":\"WebSite\",\"@id\":\"https:\/\/www.salve.si\/#website\",\"url\":\"https:\/\/www.salve.si\/\",\"name\":\"Salve\",\"description\":\"Salezijanska zalo\u017eba\",\"publisher\":{\"@id\":\"https:\/\/www.salve.si\/#organization\"},\"potentialAction\":[{\"@type\":\"SearchAction\",\"target\":{\"@type\":\"EntryPoint\",\"urlTemplate\":\"https:\/\/www.salve.si\/?s={search_term_string}\"},\"query-input\":{\"@type\":\"PropertyValueSpecification\",\"valueRequired\":true,\"valueName\":\"search_term_string\"}}],\"inLanguage\":\"en-US\"},{\"@type\":\"Organization\",\"@id\":\"https:\/\/www.salve.si\/#organization\",\"name\":\"Salve d.o.o.\",\"url\":\"https:\/\/www.salve.si\/\",\"logo\":{\"@type\":\"ImageObject\",\"inLanguage\":\"en-US\",\"@id\":\"https:\/\/www.salve.si\/#\/schema\/logo\/image\/\",\"url\":\"https:\/\/www.salve.si\/wp-content\/uploads\/2021\/01\/Salve_logo_modri_nov_web.png\",\"contentUrl\":\"https:\/\/www.salve.si\/wp-content\/uploads\/2021\/01\/Salve_logo_modri_nov_web.png\",\"width\":279,\"height\":90,\"caption\":\"Salve d.o.o.\"},\"image\":{\"@id\":\"https:\/\/www.salve.si\/#\/schema\/logo\/image\/\"},\"sameAs\":[\"https:\/\/www.facebook.com\/salve.si\",\"https:\/\/www.instagram.com\/zalozbasalve\/\",\"https:\/\/www.linkedin.com\/company\/zalozba-salve\/\"]}]}<\/script>\n<!-- \/ Yoast SEO plugin. -->","yoast_head_json":{"title":"SKRIVNOST ZASTRUPITVE - Salve","robots":{"index":"index","follow":"follow","max-snippet":"max-snippet:-1","max-image-preview":"max-image-preview:large","max-video-preview":"max-video-preview:-1"},"canonical":"https:\/\/www.salve.si\/en\/trgovina\/knjige\/mladinske\/skrivnost-zastrupitve\/","og_locale":"en_US","og_type":"article","og_title":"SKRIVNOST ZASTRUPITVE - Salve","og_description":"Skrivnost zastrupitve je napet mladinski roman o pogumni deveto\u0161olki Juti, ki po selitvi v Ljubljano i\u0161\u010de svoje mesto v novem okolju. Ljubezen do konj, nova prijateljstva in prva zaljubljenost jo vodijo do tema\u010dne skrivnosti, povezane s preteklostjo njene dru\u017eine. Ko postanejo stvari nevarne, mora Juta zbrati ves pogum, da razvozla mre\u017eo la\u017ei in nepravi\u010dnosti.  &nbsp;","og_url":"https:\/\/www.salve.si\/en\/trgovina\/knjige\/mladinske\/skrivnost-zastrupitve\/","og_site_name":"Salve","article_publisher":"https:\/\/www.facebook.com\/salve.si","article_modified_time":"2025-08-05T08:17:09+00:00","og_image":[{"width":1292,"height":2018,"url":"https:\/\/www.salve.si\/wp-content\/uploads\/2025\/05\/Jagric-Munih_Skrivnost-zastrupitve_NASLOVNICA2.jpg","type":"image\/jpeg"}],"twitter_card":"summary_large_image","twitter_misc":{"Est. reading time":"3 minutes"},"schema":{"@context":"https:\/\/schema.org","@graph":[{"@type":"WebPage","@id":"https:\/\/www.salve.si\/trgovina\/knjige\/mladinske\/skrivnost-zastrupitve\/","url":"https:\/\/www.salve.si\/trgovina\/knjige\/mladinske\/skrivnost-zastrupitve\/","name":"SKRIVNOST ZASTRUPITVE - Salve","isPartOf":{"@id":"https:\/\/www.salve.si\/#website"},"primaryImageOfPage":{"@id":"https:\/\/www.salve.si\/trgovina\/knjige\/mladinske\/skrivnost-zastrupitve\/#primaryimage"},"image":{"@id":"https:\/\/www.salve.si\/trgovina\/knjige\/mladinske\/skrivnost-zastrupitve\/#primaryimage"},"thumbnailUrl":"https:\/\/www.salve.si\/wp-content\/uploads\/2025\/05\/Jagric-Munih_Skrivnost-zastrupitve_NASLOVNICA2.jpg","datePublished":"2025-05-14T05:30:26+00:00","dateModified":"2025-08-05T08:17:09+00:00","breadcrumb":{"@id":"https:\/\/www.salve.si\/trgovina\/knjige\/mladinske\/skrivnost-zastrupitve\/#breadcrumb"},"inLanguage":"en-US","potentialAction":[{"@type":"ReadAction","target":["https:\/\/www.salve.si\/trgovina\/knjige\/mladinske\/skrivnost-zastrupitve\/"]}]},{"@type":"ImageObject","inLanguage":"en-US","@id":"https:\/\/www.salve.si\/trgovina\/knjige\/mladinske\/skrivnost-zastrupitve\/#primaryimage","url":"https:\/\/www.salve.si\/wp-content\/uploads\/2025\/05\/Jagric-Munih_Skrivnost-zastrupitve_NASLOVNICA2.jpg","contentUrl":"https:\/\/www.salve.si\/wp-content\/uploads\/2025\/05\/Jagric-Munih_Skrivnost-zastrupitve_NASLOVNICA2.jpg","width":1292,"height":2018},{"@type":"BreadcrumbList","@id":"https:\/\/www.salve.si\/trgovina\/knjige\/mladinske\/skrivnost-zastrupitve\/#breadcrumb","itemListElement":[{"@type":"ListItem","position":1,"name":"Home","item":"https:\/\/www.salve.si\/"},{"@type":"ListItem","position":2,"name":"Trgovina","item":"https:\/\/www.salve.si\/trgovina\/"},{"@type":"ListItem","position":3,"name":"SKRIVNOST ZASTRUPITVE"}]},{"@type":"WebSite","@id":"https:\/\/www.salve.si\/#website","url":"https:\/\/www.salve.si\/","name":"Salve","description":"Salezijanska zalo\u017eba","publisher":{"@id":"https:\/\/www.salve.si\/#organization"},"potentialAction":[{"@type":"SearchAction","target":{"@type":"EntryPoint","urlTemplate":"https:\/\/www.salve.si\/?s={search_term_string}"},"query-input":{"@type":"PropertyValueSpecification","valueRequired":true,"valueName":"search_term_string"}}],"inLanguage":"en-US"},{"@type":"Organization","@id":"https:\/\/www.salve.si\/#organization","name":"Salve d.o.o.","url":"https:\/\/www.salve.si\/","logo":{"@type":"ImageObject","inLanguage":"en-US","@id":"https:\/\/www.salve.si\/#\/schema\/logo\/image\/","url":"https:\/\/www.salve.si\/wp-content\/uploads\/2021\/01\/Salve_logo_modri_nov_web.png","contentUrl":"https:\/\/www.salve.si\/wp-content\/uploads\/2021\/01\/Salve_logo_modri_nov_web.png","width":279,"height":90,"caption":"Salve d.o.o."},"image":{"@id":"https:\/\/www.salve.si\/#\/schema\/logo\/image\/"},"sameAs":["https:\/\/www.facebook.com\/salve.si","https:\/\/www.instagram.com\/zalozbasalve\/","https:\/\/www.linkedin.com\/company\/zalozba-salve\/"]}]}},"_links":{"self":[{"href":"https:\/\/www.salve.si\/en\/wp-json\/wp\/v2\/product\/19886","targetHints":{"allow":["GET"]}}],"collection":[{"href":"https:\/\/www.salve.si\/en\/wp-json\/wp\/v2\/product"}],"about":[{"href":"https:\/\/www.salve.si\/en\/wp-json\/wp\/v2\/types\/product"}],"version-history":[{"count":7,"href":"https:\/\/www.salve.si\/en\/wp-json\/wp\/v2\/product\/19886\/revisions"}],"predecessor-version":[{"id":20015,"href":"https:\/\/www.salve.si\/en\/wp-json\/wp\/v2\/product\/19886\/revisions\/20015"}],"wp:featuredmedia":[{"embeddable":true,"href":"https:\/\/www.salve.si\/en\/wp-json\/wp\/v2\/media\/19891"}],"wp:attachment":[{"href":"https:\/\/www.salve.si\/en\/wp-json\/wp\/v2\/media?parent=19886"}],"wp:term":[{"taxonomy":"product_cat","embeddable":true,"href":"https:\/\/www.salve.si\/en\/wp-json\/wp\/v2\/product_cat?post=19886"},{"taxonomy":"product_tag","embeddable":true,"href":"https:\/\/www.salve.si\/en\/wp-json\/wp\/v2\/product_tag?post=19886"}],"curies":[{"name":"wp","href":"https:\/\/api.w.org\/{rel}","templated":true}]}}