{"id":19859,"date":"2025-05-09T07:43:00","date_gmt":"2025-05-09T05:43:00","guid":{"rendered":"https:\/\/www.salve.si\/?post_type=product&#038;p=19859"},"modified":"2026-04-09T13:10:29","modified_gmt":"2026-04-09T11:10:29","slug":"uhani-in-zapestnica-v-obliki-kriza_komplet_linija-don-bosko","status":"publish","type":"product","link":"https:\/\/www.salve.si\/en\/trgovina\/ostala-ponudba\/uhani-in-zapestnica-v-obliki-kriza_komplet_linija-don-bosko\/","title":{"rendered":"UHANI IN ZAPESTNICA V OBLIKI KRI\u017dA_KOMPLET_LINIJA DON BOSKO"},"content":{"rendered":"<p>V opombo ob naro\u010dilu lahko zapi\u0161ete, katero barvo \u017eelite.<\/p>\n<p>Imena barv za komplet:<br \/>\n&#8211; Ne\u017eno roza<br \/>\n&#8211; Nebe\u0161ko modra<br \/>\n&#8211; Topla zlata<br \/>\n&#8211; Ve\u010dno bela<\/p>\n<p>Material:<br \/>\n&#8211; kovina: kirur\u0161ko jeklo (ni alergeno, ne potemni, zelo vzdr\u017eljivo)<br \/>\nZapestnica je tudi nastavljive velikosti.<br \/>\n&#8211; Polimerna masa<\/p>\n<p><span class=\"slv-content-keywords\"> Ostala ponudba Linija don Bosko <\/span><\/p>","protected":false},"excerpt":{"rendered":"<p>Zakaj izberem nakit ro\u017ea skrivnostna?<br \/>\nKo smo ustvarjali ta nakit, smo iskali nekaj preprostega, lepega, nekaj kar bi nas spominjalo na na\u0161o osnovno identiteto, brez da bi kri\u010de\u010de zevalo v svet. Nekaj na\u0161ega, intimnega, kar nas bo spodbujalo k svetosti, \u010distosti in pristni \u017eenstvenosti.<\/p>\n<p>Na\u0161 namen je bil, da ustvarimo nakit, ki nas simbolno spominja na Marijino dr\u017eo.<br \/>\n&#8211; Na \u010distost, ki jo kot mlade \u017eenske varujemo in nas nakit lahko ne\u017eno opomni, na na\u0161o odlo\u010ditev.<\/p>\n<p>&#8211; Na ro\u017eo, ki kot vrtnica v svojih cvetovih skrivnostno skriva svoje bistvo, ga odkriva in neko\u010d, ko se razpre tudi najde. Z zavedanjem, da rast in dostojanstvo prihajata od Boga.<\/p>\n<p>&#8211; Sicer pa je ta ro\u017ea skrivnostna tudi oblika enakokrakega kri\u017ea (gr\u0161ki kri\u017e). Ta stari simbol lahko kot ornament najedate na mnogih pro\u010deljih in notranjostih cerkva. Ga najde\u0161 tudi na rakovni\u0161ki cerkvi? Seveda!<\/p>\n<p><em><strong>V opombo ob naro\u010dilu lahko zapi\u0161ete, katero barvo \u017eelite.<\/strong><\/em><\/p>","protected":false},"featured_media":20355,"template":"","meta":{"_acf_changed":false,"footnotes":""},"product_cat":[648],"product_tag":[],"class_list":{"0":"post-19859","1":"product","2":"type-product","3":"status-publish","4":"has-post-thumbnail","6":"zbirke-linija-don-bosko","7":"publisher-salve-d-o-o-ljubljana","8":"product_cat-ostala-ponudba","10":"first","11":"instock","12":"shipping-taxable","13":"purchasable","14":"product-type-simple"},"acf":[],"yoast_head":"<!-- This site is optimized with the Yoast SEO plugin v23.8 - https:\/\/yoast.com\/wordpress\/plugins\/seo\/ -->\n<title>UHANI IN ZAPESTNICA V OBLIKI KRI\u017dA_KOMPLET_LINIJA DON BOSKO - Salve<\/title>\n<meta name=\"robots\" content=\"index, follow, max-snippet:-1, max-image-preview:large, max-video-preview:-1\" \/>\n<link rel=\"canonical\" href=\"https:\/\/www.salve.si\/en\/trgovina\/ostala-ponudba\/uhani-in-zapestnica-v-obliki-kriza_komplet_linija-don-bosko\/\" \/>\n<meta property=\"og:locale\" content=\"en_US\" \/>\n<meta property=\"og:type\" content=\"article\" \/>\n<meta property=\"og:title\" content=\"UHANI IN ZAPESTNICA V OBLIKI KRI\u017dA_KOMPLET_LINIJA DON BOSKO - Salve\" \/>\n<meta property=\"og:description\" content=\"Zakaj izberem nakit ro\u017ea skrivnostna? Ko smo ustvarjali ta nakit, smo iskali nekaj preprostega, lepega, nekaj kar bi nas spominjalo na na\u0161o osnovno identiteto, brez da bi kri\u010de\u010de zevalo v svet. Nekaj na\u0161ega, intimnega, kar nas bo spodbujalo k svetosti, \u010distosti in pristni \u017eenstvenosti.  Na\u0161 namen je bil, da ustvarimo nakit, ki nas simbolno spominja na Marijino dr\u017eo. - Na \u010distost, ki jo kot mlade \u017eenske varujemo in nas nakit lahko ne\u017eno opomni, na na\u0161o odlo\u010ditev.  - Na ro\u017eo, ki kot vrtnica v svojih cvetovih skrivnostno skriva svoje bistvo, ga odkriva in neko\u010d, ko se razpre tudi najde. Z zavedanjem, da rast in dostojanstvo prihajata od Boga.  - Sicer pa je ta ro\u017ea skrivnostna tudi oblika enakokrakega kri\u017ea (gr\u0161ki kri\u017e). Ta stari simbol lahko kot ornament najedate na mnogih pro\u010deljih in notranjostih cerkva. Ga najde\u0161 tudi na rakovni\u0161ki cerkvi? Seveda!  V opombo ob naro\u010dilu lahko zapi\u0161ete, katero barvo \u017eelite.\" \/>\n<meta property=\"og:url\" content=\"https:\/\/www.salve.si\/en\/trgovina\/ostala-ponudba\/uhani-in-zapestnica-v-obliki-kriza_komplet_linija-don-bosko\/\" \/>\n<meta property=\"og:site_name\" content=\"Salve\" \/>\n<meta property=\"article:publisher\" content=\"https:\/\/www.facebook.com\/salve.si\" \/>\n<meta property=\"article:modified_time\" content=\"2026-04-09T11:10:29+00:00\" \/>\n<meta property=\"og:image\" content=\"https:\/\/www.salve.si\/wp-content\/uploads\/2025\/05\/ANA04727-scaled.jpg\" \/>\n\t<meta property=\"og:image:width\" content=\"1707\" \/>\n\t<meta property=\"og:image:height\" content=\"2560\" \/>\n\t<meta property=\"og:image:type\" content=\"image\/jpeg\" \/>\n<meta name=\"twitter:card\" content=\"summary_large_image\" \/>\n<meta name=\"twitter:label1\" content=\"Est. reading time\" \/>\n\t<meta name=\"twitter:data1\" content=\"1 minute\" \/>\n<script type=\"application\/ld+json\" class=\"yoast-schema-graph\">{\"@context\":\"https:\/\/schema.org\",\"@graph\":[{\"@type\":\"WebPage\",\"@id\":\"https:\/\/www.salve.si\/trgovina\/ostala-ponudba\/uhani-in-zapestnica-v-obliki-kriza_komplet_linija-don-bosko\/\",\"url\":\"https:\/\/www.salve.si\/trgovina\/ostala-ponudba\/uhani-in-zapestnica-v-obliki-kriza_komplet_linija-don-bosko\/\",\"name\":\"UHANI IN ZAPESTNICA V OBLIKI KRI\u017dA_KOMPLET_LINIJA DON BOSKO - Salve\",\"isPartOf\":{\"@id\":\"https:\/\/www.salve.si\/#website\"},\"primaryImageOfPage\":{\"@id\":\"https:\/\/www.salve.si\/trgovina\/ostala-ponudba\/uhani-in-zapestnica-v-obliki-kriza_komplet_linija-don-bosko\/#primaryimage\"},\"image\":{\"@id\":\"https:\/\/www.salve.si\/trgovina\/ostala-ponudba\/uhani-in-zapestnica-v-obliki-kriza_komplet_linija-don-bosko\/#primaryimage\"},\"thumbnailUrl\":\"https:\/\/www.salve.si\/wp-content\/uploads\/2025\/05\/ANA04727-scaled.jpg\",\"datePublished\":\"2025-05-09T05:43:00+00:00\",\"dateModified\":\"2026-04-09T11:10:29+00:00\",\"breadcrumb\":{\"@id\":\"https:\/\/www.salve.si\/trgovina\/ostala-ponudba\/uhani-in-zapestnica-v-obliki-kriza_komplet_linija-don-bosko\/#breadcrumb\"},\"inLanguage\":\"en-US\",\"potentialAction\":[{\"@type\":\"ReadAction\",\"target\":[\"https:\/\/www.salve.si\/trgovina\/ostala-ponudba\/uhani-in-zapestnica-v-obliki-kriza_komplet_linija-don-bosko\/\"]}]},{\"@type\":\"ImageObject\",\"inLanguage\":\"en-US\",\"@id\":\"https:\/\/www.salve.si\/trgovina\/ostala-ponudba\/uhani-in-zapestnica-v-obliki-kriza_komplet_linija-don-bosko\/#primaryimage\",\"url\":\"https:\/\/www.salve.si\/wp-content\/uploads\/2025\/05\/ANA04727-scaled.jpg\",\"contentUrl\":\"https:\/\/www.salve.si\/wp-content\/uploads\/2025\/05\/ANA04727-scaled.jpg\",\"width\":1707,\"height\":2560},{\"@type\":\"BreadcrumbList\",\"@id\":\"https:\/\/www.salve.si\/trgovina\/ostala-ponudba\/uhani-in-zapestnica-v-obliki-kriza_komplet_linija-don-bosko\/#breadcrumb\",\"itemListElement\":[{\"@type\":\"ListItem\",\"position\":1,\"name\":\"Home\",\"item\":\"https:\/\/www.salve.si\/\"},{\"@type\":\"ListItem\",\"position\":2,\"name\":\"Trgovina\",\"item\":\"https:\/\/www.salve.si\/trgovina\/\"},{\"@type\":\"ListItem\",\"position\":3,\"name\":\"UHANI IN ZAPESTNICA V OBLIKI KRI\u017dA_KOMPLET_LINIJA DON BOSKO\"}]},{\"@type\":\"WebSite\",\"@id\":\"https:\/\/www.salve.si\/#website\",\"url\":\"https:\/\/www.salve.si\/\",\"name\":\"Salve\",\"description\":\"Salezijanska zalo\u017eba\",\"publisher\":{\"@id\":\"https:\/\/www.salve.si\/#organization\"},\"potentialAction\":[{\"@type\":\"SearchAction\",\"target\":{\"@type\":\"EntryPoint\",\"urlTemplate\":\"https:\/\/www.salve.si\/?s={search_term_string}\"},\"query-input\":{\"@type\":\"PropertyValueSpecification\",\"valueRequired\":true,\"valueName\":\"search_term_string\"}}],\"inLanguage\":\"en-US\"},{\"@type\":\"Organization\",\"@id\":\"https:\/\/www.salve.si\/#organization\",\"name\":\"Salve d.o.o.\",\"url\":\"https:\/\/www.salve.si\/\",\"logo\":{\"@type\":\"ImageObject\",\"inLanguage\":\"en-US\",\"@id\":\"https:\/\/www.salve.si\/#\/schema\/logo\/image\/\",\"url\":\"https:\/\/www.salve.si\/wp-content\/uploads\/2021\/01\/Salve_logo_modri_nov_web.png\",\"contentUrl\":\"https:\/\/www.salve.si\/wp-content\/uploads\/2021\/01\/Salve_logo_modri_nov_web.png\",\"width\":279,\"height\":90,\"caption\":\"Salve d.o.o.\"},\"image\":{\"@id\":\"https:\/\/www.salve.si\/#\/schema\/logo\/image\/\"},\"sameAs\":[\"https:\/\/www.facebook.com\/salve.si\",\"https:\/\/www.instagram.com\/zalozbasalve\/\",\"https:\/\/www.linkedin.com\/company\/zalozba-salve\/\"]}]}<\/script>\n<!-- \/ Yoast SEO plugin. -->","yoast_head_json":{"title":"UHANI IN ZAPESTNICA V OBLIKI KRI\u017dA_KOMPLET_LINIJA DON BOSKO - Salve","robots":{"index":"index","follow":"follow","max-snippet":"max-snippet:-1","max-image-preview":"max-image-preview:large","max-video-preview":"max-video-preview:-1"},"canonical":"https:\/\/www.salve.si\/en\/trgovina\/ostala-ponudba\/uhani-in-zapestnica-v-obliki-kriza_komplet_linija-don-bosko\/","og_locale":"en_US","og_type":"article","og_title":"UHANI IN ZAPESTNICA V OBLIKI KRI\u017dA_KOMPLET_LINIJA DON BOSKO - Salve","og_description":"Zakaj izberem nakit ro\u017ea skrivnostna? Ko smo ustvarjali ta nakit, smo iskali nekaj preprostega, lepega, nekaj kar bi nas spominjalo na na\u0161o osnovno identiteto, brez da bi kri\u010de\u010de zevalo v svet. Nekaj na\u0161ega, intimnega, kar nas bo spodbujalo k svetosti, \u010distosti in pristni \u017eenstvenosti.  Na\u0161 namen je bil, da ustvarimo nakit, ki nas simbolno spominja na Marijino dr\u017eo. - Na \u010distost, ki jo kot mlade \u017eenske varujemo in nas nakit lahko ne\u017eno opomni, na na\u0161o odlo\u010ditev.  - Na ro\u017eo, ki kot vrtnica v svojih cvetovih skrivnostno skriva svoje bistvo, ga odkriva in neko\u010d, ko se razpre tudi najde. Z zavedanjem, da rast in dostojanstvo prihajata od Boga.  - Sicer pa je ta ro\u017ea skrivnostna tudi oblika enakokrakega kri\u017ea (gr\u0161ki kri\u017e). Ta stari simbol lahko kot ornament najedate na mnogih pro\u010deljih in notranjostih cerkva. Ga najde\u0161 tudi na rakovni\u0161ki cerkvi? Seveda!  V opombo ob naro\u010dilu lahko zapi\u0161ete, katero barvo \u017eelite.","og_url":"https:\/\/www.salve.si\/en\/trgovina\/ostala-ponudba\/uhani-in-zapestnica-v-obliki-kriza_komplet_linija-don-bosko\/","og_site_name":"Salve","article_publisher":"https:\/\/www.facebook.com\/salve.si","article_modified_time":"2026-04-09T11:10:29+00:00","og_image":[{"width":1707,"height":2560,"url":"https:\/\/www.salve.si\/wp-content\/uploads\/2025\/05\/ANA04727-scaled.jpg","type":"image\/jpeg"}],"twitter_card":"summary_large_image","twitter_misc":{"Est. reading time":"1 minute"},"schema":{"@context":"https:\/\/schema.org","@graph":[{"@type":"WebPage","@id":"https:\/\/www.salve.si\/trgovina\/ostala-ponudba\/uhani-in-zapestnica-v-obliki-kriza_komplet_linija-don-bosko\/","url":"https:\/\/www.salve.si\/trgovina\/ostala-ponudba\/uhani-in-zapestnica-v-obliki-kriza_komplet_linija-don-bosko\/","name":"UHANI IN ZAPESTNICA V OBLIKI KRI\u017dA_KOMPLET_LINIJA DON BOSKO - Salve","isPartOf":{"@id":"https:\/\/www.salve.si\/#website"},"primaryImageOfPage":{"@id":"https:\/\/www.salve.si\/trgovina\/ostala-ponudba\/uhani-in-zapestnica-v-obliki-kriza_komplet_linija-don-bosko\/#primaryimage"},"image":{"@id":"https:\/\/www.salve.si\/trgovina\/ostala-ponudba\/uhani-in-zapestnica-v-obliki-kriza_komplet_linija-don-bosko\/#primaryimage"},"thumbnailUrl":"https:\/\/www.salve.si\/wp-content\/uploads\/2025\/05\/ANA04727-scaled.jpg","datePublished":"2025-05-09T05:43:00+00:00","dateModified":"2026-04-09T11:10:29+00:00","breadcrumb":{"@id":"https:\/\/www.salve.si\/trgovina\/ostala-ponudba\/uhani-in-zapestnica-v-obliki-kriza_komplet_linija-don-bosko\/#breadcrumb"},"inLanguage":"en-US","potentialAction":[{"@type":"ReadAction","target":["https:\/\/www.salve.si\/trgovina\/ostala-ponudba\/uhani-in-zapestnica-v-obliki-kriza_komplet_linija-don-bosko\/"]}]},{"@type":"ImageObject","inLanguage":"en-US","@id":"https:\/\/www.salve.si\/trgovina\/ostala-ponudba\/uhani-in-zapestnica-v-obliki-kriza_komplet_linija-don-bosko\/#primaryimage","url":"https:\/\/www.salve.si\/wp-content\/uploads\/2025\/05\/ANA04727-scaled.jpg","contentUrl":"https:\/\/www.salve.si\/wp-content\/uploads\/2025\/05\/ANA04727-scaled.jpg","width":1707,"height":2560},{"@type":"BreadcrumbList","@id":"https:\/\/www.salve.si\/trgovina\/ostala-ponudba\/uhani-in-zapestnica-v-obliki-kriza_komplet_linija-don-bosko\/#breadcrumb","itemListElement":[{"@type":"ListItem","position":1,"name":"Home","item":"https:\/\/www.salve.si\/"},{"@type":"ListItem","position":2,"name":"Trgovina","item":"https:\/\/www.salve.si\/trgovina\/"},{"@type":"ListItem","position":3,"name":"UHANI IN ZAPESTNICA V OBLIKI KRI\u017dA_KOMPLET_LINIJA DON BOSKO"}]},{"@type":"WebSite","@id":"https:\/\/www.salve.si\/#website","url":"https:\/\/www.salve.si\/","name":"Salve","description":"Salezijanska zalo\u017eba","publisher":{"@id":"https:\/\/www.salve.si\/#organization"},"potentialAction":[{"@type":"SearchAction","target":{"@type":"EntryPoint","urlTemplate":"https:\/\/www.salve.si\/?s={search_term_string}"},"query-input":{"@type":"PropertyValueSpecification","valueRequired":true,"valueName":"search_term_string"}}],"inLanguage":"en-US"},{"@type":"Organization","@id":"https:\/\/www.salve.si\/#organization","name":"Salve d.o.o.","url":"https:\/\/www.salve.si\/","logo":{"@type":"ImageObject","inLanguage":"en-US","@id":"https:\/\/www.salve.si\/#\/schema\/logo\/image\/","url":"https:\/\/www.salve.si\/wp-content\/uploads\/2021\/01\/Salve_logo_modri_nov_web.png","contentUrl":"https:\/\/www.salve.si\/wp-content\/uploads\/2021\/01\/Salve_logo_modri_nov_web.png","width":279,"height":90,"caption":"Salve d.o.o."},"image":{"@id":"https:\/\/www.salve.si\/#\/schema\/logo\/image\/"},"sameAs":["https:\/\/www.facebook.com\/salve.si","https:\/\/www.instagram.com\/zalozbasalve\/","https:\/\/www.linkedin.com\/company\/zalozba-salve\/"]}]}},"_links":{"self":[{"href":"https:\/\/www.salve.si\/en\/wp-json\/wp\/v2\/product\/19859","targetHints":{"allow":["GET"]}}],"collection":[{"href":"https:\/\/www.salve.si\/en\/wp-json\/wp\/v2\/product"}],"about":[{"href":"https:\/\/www.salve.si\/en\/wp-json\/wp\/v2\/types\/product"}],"version-history":[{"count":5,"href":"https:\/\/www.salve.si\/en\/wp-json\/wp\/v2\/product\/19859\/revisions"}],"predecessor-version":[{"id":21537,"href":"https:\/\/www.salve.si\/en\/wp-json\/wp\/v2\/product\/19859\/revisions\/21537"}],"wp:featuredmedia":[{"embeddable":true,"href":"https:\/\/www.salve.si\/en\/wp-json\/wp\/v2\/media\/20355"}],"wp:attachment":[{"href":"https:\/\/www.salve.si\/en\/wp-json\/wp\/v2\/media?parent=19859"}],"wp:term":[{"taxonomy":"product_cat","embeddable":true,"href":"https:\/\/www.salve.si\/en\/wp-json\/wp\/v2\/product_cat?post=19859"},{"taxonomy":"product_tag","embeddable":true,"href":"https:\/\/www.salve.si\/en\/wp-json\/wp\/v2\/product_tag?post=19859"}],"curies":[{"name":"wp","href":"https:\/\/api.w.org\/{rel}","templated":true}]}}