{"id":19852,"date":"2025-05-09T07:18:05","date_gmt":"2025-05-09T05:18:05","guid":{"rendered":"https:\/\/www.salve.si\/?post_type=product&#038;p=19852"},"modified":"2026-01-13T13:47:16","modified_gmt":"2026-01-13T12:47:16","slug":"podobica-z-motivom-novega-papeza-leona-xiv","status":"publish","type":"product","link":"https:\/\/www.salve.si\/en\/trgovina\/ostala-ponudba\/podobica-z-motivom-novega-papeza-leona-xiv\/","title":{"rendered":"PODOBICA Z MOTIVOM NOVEGA PAPE\u017dA LEONA XIV"},"content":{"rendered":"<p><span class=\"slv-content-keywords\"> Ostala ponudba Leon XIV novi pape\u017e podobica slika <\/span><\/p>","protected":false},"excerpt":{"rendered":"<p>HABEMUS PAPAM!<\/p>\n<p>Podobica z motivom Roberta Francisa Prevosta &#8211; pape\u017ea Leona XIV.<\/p>\n<p>*Mo\u017enost tudi drugih formatov (npr. slika A4 ali A3) in personalizacij. Ve\u010d info na priprava@salve.si<\/p>","protected":false},"featured_media":19853,"template":"","meta":{"_acf_changed":false,"footnotes":""},"product_cat":[648],"product_tag":[1327,1328,1329,1330],"class_list":{"0":"post-19852","1":"product","2":"type-product","3":"status-publish","4":"has-post-thumbnail","6":"product_cat-ostala-ponudba","7":"product_tag-leon-xiv","8":"product_tag-novi-papez","9":"product_tag-podobica","10":"product_tag-slika","12":"first","13":"instock","14":"shipping-taxable","15":"purchasable","16":"product-type-simple"},"acf":[],"yoast_head":"<!-- This site is optimized with the Yoast SEO plugin v23.8 - https:\/\/yoast.com\/wordpress\/plugins\/seo\/ -->\n<title>PODOBICA Z MOTIVOM NOVEGA PAPE\u017dA LEONA XIV - Salve<\/title>\n<meta name=\"robots\" content=\"index, follow, max-snippet:-1, max-image-preview:large, max-video-preview:-1\" \/>\n<link rel=\"canonical\" href=\"https:\/\/www.salve.si\/en\/trgovina\/ostala-ponudba\/podobica-z-motivom-novega-papeza-leona-xiv\/\" \/>\n<meta property=\"og:locale\" content=\"en_US\" \/>\n<meta property=\"og:type\" content=\"article\" \/>\n<meta property=\"og:title\" content=\"PODOBICA Z MOTIVOM NOVEGA PAPE\u017dA LEONA XIV - Salve\" \/>\n<meta property=\"og:description\" content=\"HABEMUS PAPAM!  Podobica z motivom Roberta Francisa Prevosta - pape\u017ea Leona XIV.  *Mo\u017enost tudi drugih formatov (npr. slika A4 ali A3) in personalizacij. Ve\u010d info na priprava@salve.si\" \/>\n<meta property=\"og:url\" content=\"https:\/\/www.salve.si\/en\/trgovina\/ostala-ponudba\/podobica-z-motivom-novega-papeza-leona-xiv\/\" \/>\n<meta property=\"og:site_name\" content=\"Salve\" \/>\n<meta property=\"article:publisher\" content=\"https:\/\/www.facebook.com\/salve.si\" \/>\n<meta property=\"article:modified_time\" content=\"2026-01-13T12:47:16+00:00\" \/>\n<meta property=\"og:image\" content=\"https:\/\/www.salve.si\/wp-content\/uploads\/2025\/05\/Posnetek-zaslona-2025-05-09-070721.png\" \/>\n\t<meta property=\"og:image:width\" content=\"366\" \/>\n\t<meta property=\"og:image:height\" content=\"945\" \/>\n\t<meta property=\"og:image:type\" content=\"image\/png\" \/>\n<meta name=\"twitter:card\" content=\"summary_large_image\" \/>\n<meta name=\"twitter:label1\" content=\"Est. reading time\" \/>\n\t<meta name=\"twitter:data1\" content=\"1 minute\" \/>\n<script type=\"application\/ld+json\" class=\"yoast-schema-graph\">{\"@context\":\"https:\/\/schema.org\",\"@graph\":[{\"@type\":\"WebPage\",\"@id\":\"https:\/\/www.salve.si\/trgovina\/ostala-ponudba\/podobica-z-motivom-novega-papeza-leona-xiv\/\",\"url\":\"https:\/\/www.salve.si\/trgovina\/ostala-ponudba\/podobica-z-motivom-novega-papeza-leona-xiv\/\",\"name\":\"PODOBICA Z MOTIVOM NOVEGA PAPE\u017dA LEONA XIV - Salve\",\"isPartOf\":{\"@id\":\"https:\/\/www.salve.si\/#website\"},\"primaryImageOfPage\":{\"@id\":\"https:\/\/www.salve.si\/trgovina\/ostala-ponudba\/podobica-z-motivom-novega-papeza-leona-xiv\/#primaryimage\"},\"image\":{\"@id\":\"https:\/\/www.salve.si\/trgovina\/ostala-ponudba\/podobica-z-motivom-novega-papeza-leona-xiv\/#primaryimage\"},\"thumbnailUrl\":\"https:\/\/www.salve.si\/wp-content\/uploads\/2025\/05\/Posnetek-zaslona-2025-05-09-070721.png\",\"datePublished\":\"2025-05-09T05:18:05+00:00\",\"dateModified\":\"2026-01-13T12:47:16+00:00\",\"breadcrumb\":{\"@id\":\"https:\/\/www.salve.si\/trgovina\/ostala-ponudba\/podobica-z-motivom-novega-papeza-leona-xiv\/#breadcrumb\"},\"inLanguage\":\"en-US\",\"potentialAction\":[{\"@type\":\"ReadAction\",\"target\":[\"https:\/\/www.salve.si\/trgovina\/ostala-ponudba\/podobica-z-motivom-novega-papeza-leona-xiv\/\"]}]},{\"@type\":\"ImageObject\",\"inLanguage\":\"en-US\",\"@id\":\"https:\/\/www.salve.si\/trgovina\/ostala-ponudba\/podobica-z-motivom-novega-papeza-leona-xiv\/#primaryimage\",\"url\":\"https:\/\/www.salve.si\/wp-content\/uploads\/2025\/05\/Posnetek-zaslona-2025-05-09-070721.png\",\"contentUrl\":\"https:\/\/www.salve.si\/wp-content\/uploads\/2025\/05\/Posnetek-zaslona-2025-05-09-070721.png\",\"width\":366,\"height\":945},{\"@type\":\"BreadcrumbList\",\"@id\":\"https:\/\/www.salve.si\/trgovina\/ostala-ponudba\/podobica-z-motivom-novega-papeza-leona-xiv\/#breadcrumb\",\"itemListElement\":[{\"@type\":\"ListItem\",\"position\":1,\"name\":\"Home\",\"item\":\"https:\/\/www.salve.si\/\"},{\"@type\":\"ListItem\",\"position\":2,\"name\":\"Trgovina\",\"item\":\"https:\/\/www.salve.si\/trgovina\/\"},{\"@type\":\"ListItem\",\"position\":3,\"name\":\"PODOBICA Z MOTIVOM NOVEGA PAPE\u017dA LEONA XIV\"}]},{\"@type\":\"WebSite\",\"@id\":\"https:\/\/www.salve.si\/#website\",\"url\":\"https:\/\/www.salve.si\/\",\"name\":\"Salve\",\"description\":\"Salezijanska zalo\u017eba\",\"publisher\":{\"@id\":\"https:\/\/www.salve.si\/#organization\"},\"potentialAction\":[{\"@type\":\"SearchAction\",\"target\":{\"@type\":\"EntryPoint\",\"urlTemplate\":\"https:\/\/www.salve.si\/?s={search_term_string}\"},\"query-input\":{\"@type\":\"PropertyValueSpecification\",\"valueRequired\":true,\"valueName\":\"search_term_string\"}}],\"inLanguage\":\"en-US\"},{\"@type\":\"Organization\",\"@id\":\"https:\/\/www.salve.si\/#organization\",\"name\":\"Salve d.o.o.\",\"url\":\"https:\/\/www.salve.si\/\",\"logo\":{\"@type\":\"ImageObject\",\"inLanguage\":\"en-US\",\"@id\":\"https:\/\/www.salve.si\/#\/schema\/logo\/image\/\",\"url\":\"https:\/\/www.salve.si\/wp-content\/uploads\/2021\/01\/Salve_logo_modri_nov_web.png\",\"contentUrl\":\"https:\/\/www.salve.si\/wp-content\/uploads\/2021\/01\/Salve_logo_modri_nov_web.png\",\"width\":279,\"height\":90,\"caption\":\"Salve d.o.o.\"},\"image\":{\"@id\":\"https:\/\/www.salve.si\/#\/schema\/logo\/image\/\"},\"sameAs\":[\"https:\/\/www.facebook.com\/salve.si\",\"https:\/\/www.instagram.com\/zalozbasalve\/\",\"https:\/\/www.linkedin.com\/company\/zalozba-salve\/\"]}]}<\/script>\n<!-- \/ Yoast SEO plugin. -->","yoast_head_json":{"title":"PODOBICA Z MOTIVOM NOVEGA PAPE\u017dA LEONA XIV - Salve","robots":{"index":"index","follow":"follow","max-snippet":"max-snippet:-1","max-image-preview":"max-image-preview:large","max-video-preview":"max-video-preview:-1"},"canonical":"https:\/\/www.salve.si\/en\/trgovina\/ostala-ponudba\/podobica-z-motivom-novega-papeza-leona-xiv\/","og_locale":"en_US","og_type":"article","og_title":"PODOBICA Z MOTIVOM NOVEGA PAPE\u017dA LEONA XIV - Salve","og_description":"HABEMUS PAPAM!  Podobica z motivom Roberta Francisa Prevosta - pape\u017ea Leona XIV.  *Mo\u017enost tudi drugih formatov (npr. slika A4 ali A3) in personalizacij. Ve\u010d info na priprava@salve.si","og_url":"https:\/\/www.salve.si\/en\/trgovina\/ostala-ponudba\/podobica-z-motivom-novega-papeza-leona-xiv\/","og_site_name":"Salve","article_publisher":"https:\/\/www.facebook.com\/salve.si","article_modified_time":"2026-01-13T12:47:16+00:00","og_image":[{"width":366,"height":945,"url":"https:\/\/www.salve.si\/wp-content\/uploads\/2025\/05\/Posnetek-zaslona-2025-05-09-070721.png","type":"image\/png"}],"twitter_card":"summary_large_image","twitter_misc":{"Est. reading time":"1 minute"},"schema":{"@context":"https:\/\/schema.org","@graph":[{"@type":"WebPage","@id":"https:\/\/www.salve.si\/trgovina\/ostala-ponudba\/podobica-z-motivom-novega-papeza-leona-xiv\/","url":"https:\/\/www.salve.si\/trgovina\/ostala-ponudba\/podobica-z-motivom-novega-papeza-leona-xiv\/","name":"PODOBICA Z MOTIVOM NOVEGA PAPE\u017dA LEONA XIV - Salve","isPartOf":{"@id":"https:\/\/www.salve.si\/#website"},"primaryImageOfPage":{"@id":"https:\/\/www.salve.si\/trgovina\/ostala-ponudba\/podobica-z-motivom-novega-papeza-leona-xiv\/#primaryimage"},"image":{"@id":"https:\/\/www.salve.si\/trgovina\/ostala-ponudba\/podobica-z-motivom-novega-papeza-leona-xiv\/#primaryimage"},"thumbnailUrl":"https:\/\/www.salve.si\/wp-content\/uploads\/2025\/05\/Posnetek-zaslona-2025-05-09-070721.png","datePublished":"2025-05-09T05:18:05+00:00","dateModified":"2026-01-13T12:47:16+00:00","breadcrumb":{"@id":"https:\/\/www.salve.si\/trgovina\/ostala-ponudba\/podobica-z-motivom-novega-papeza-leona-xiv\/#breadcrumb"},"inLanguage":"en-US","potentialAction":[{"@type":"ReadAction","target":["https:\/\/www.salve.si\/trgovina\/ostala-ponudba\/podobica-z-motivom-novega-papeza-leona-xiv\/"]}]},{"@type":"ImageObject","inLanguage":"en-US","@id":"https:\/\/www.salve.si\/trgovina\/ostala-ponudba\/podobica-z-motivom-novega-papeza-leona-xiv\/#primaryimage","url":"https:\/\/www.salve.si\/wp-content\/uploads\/2025\/05\/Posnetek-zaslona-2025-05-09-070721.png","contentUrl":"https:\/\/www.salve.si\/wp-content\/uploads\/2025\/05\/Posnetek-zaslona-2025-05-09-070721.png","width":366,"height":945},{"@type":"BreadcrumbList","@id":"https:\/\/www.salve.si\/trgovina\/ostala-ponudba\/podobica-z-motivom-novega-papeza-leona-xiv\/#breadcrumb","itemListElement":[{"@type":"ListItem","position":1,"name":"Home","item":"https:\/\/www.salve.si\/"},{"@type":"ListItem","position":2,"name":"Trgovina","item":"https:\/\/www.salve.si\/trgovina\/"},{"@type":"ListItem","position":3,"name":"PODOBICA Z MOTIVOM NOVEGA PAPE\u017dA LEONA XIV"}]},{"@type":"WebSite","@id":"https:\/\/www.salve.si\/#website","url":"https:\/\/www.salve.si\/","name":"Salve","description":"Salezijanska zalo\u017eba","publisher":{"@id":"https:\/\/www.salve.si\/#organization"},"potentialAction":[{"@type":"SearchAction","target":{"@type":"EntryPoint","urlTemplate":"https:\/\/www.salve.si\/?s={search_term_string}"},"query-input":{"@type":"PropertyValueSpecification","valueRequired":true,"valueName":"search_term_string"}}],"inLanguage":"en-US"},{"@type":"Organization","@id":"https:\/\/www.salve.si\/#organization","name":"Salve d.o.o.","url":"https:\/\/www.salve.si\/","logo":{"@type":"ImageObject","inLanguage":"en-US","@id":"https:\/\/www.salve.si\/#\/schema\/logo\/image\/","url":"https:\/\/www.salve.si\/wp-content\/uploads\/2021\/01\/Salve_logo_modri_nov_web.png","contentUrl":"https:\/\/www.salve.si\/wp-content\/uploads\/2021\/01\/Salve_logo_modri_nov_web.png","width":279,"height":90,"caption":"Salve d.o.o."},"image":{"@id":"https:\/\/www.salve.si\/#\/schema\/logo\/image\/"},"sameAs":["https:\/\/www.facebook.com\/salve.si","https:\/\/www.instagram.com\/zalozbasalve\/","https:\/\/www.linkedin.com\/company\/zalozba-salve\/"]}]}},"_links":{"self":[{"href":"https:\/\/www.salve.si\/en\/wp-json\/wp\/v2\/product\/19852","targetHints":{"allow":["GET"]}}],"collection":[{"href":"https:\/\/www.salve.si\/en\/wp-json\/wp\/v2\/product"}],"about":[{"href":"https:\/\/www.salve.si\/en\/wp-json\/wp\/v2\/types\/product"}],"version-history":[{"count":1,"href":"https:\/\/www.salve.si\/en\/wp-json\/wp\/v2\/product\/19852\/revisions"}],"predecessor-version":[{"id":19854,"href":"https:\/\/www.salve.si\/en\/wp-json\/wp\/v2\/product\/19852\/revisions\/19854"}],"wp:featuredmedia":[{"embeddable":true,"href":"https:\/\/www.salve.si\/en\/wp-json\/wp\/v2\/media\/19853"}],"wp:attachment":[{"href":"https:\/\/www.salve.si\/en\/wp-json\/wp\/v2\/media?parent=19852"}],"wp:term":[{"taxonomy":"product_cat","embeddable":true,"href":"https:\/\/www.salve.si\/en\/wp-json\/wp\/v2\/product_cat?post=19852"},{"taxonomy":"product_tag","embeddable":true,"href":"https:\/\/www.salve.si\/en\/wp-json\/wp\/v2\/product_tag?post=19852"}],"curies":[{"name":"wp","href":"https:\/\/api.w.org\/{rel}","templated":true}]}}