{"id":19792,"date":"2025-04-17T13:52:35","date_gmt":"2025-04-17T11:52:35","guid":{"rendered":"https:\/\/www.salve.si\/?post_type=product&#038;p=19792"},"modified":"2026-01-05T10:39:01","modified_gmt":"2026-01-05T09:39:01","slug":"karel-acutis","status":"publish","type":"product","link":"https:\/\/www.salve.si\/en\/trgovina\/knjige\/mladinske\/karel-acutis\/","title":{"rendered":"KAREL ACUTIS"},"content":{"rendered":"<p>Spoznajte \u017eivljenje Karla Akutisa v mangi! Odkrijte tega mladega svetnika, ki je svojo vero odkril \u017ee v otro\u0161tvu in s pomo\u010djo svete evharistije \u017eivel po Jezusovem vzoru. Mladeni\u010d 21. stoletja, nadarjen za ra\u010dunalni\u0161tvo, je svoje talente postavil v slu\u017ebo vere, da bi po vsem svetu spoznali Jezusa in evharisti\u010dne \u010dude\u017ee.<span class=\"slv-content-keywords\"> Knjige Mladinske Svetniki Acutis karel mladi Prednaro\u010dila svetnik upanje <\/span><\/p>","protected":false},"excerpt":{"rendered":"<p>\u00bbVsi ljudje se rodijo kot originali, mnogi pa umrejo kot fotokopije.\u00ab Manga o Karlu Acutisu, mladem svetniku 21. stoletja. Ne\u017eni in zagret italijanski najstnik, ki je ljubil nogomet, \u017eivali in ra\u010dunalnike, se je dotaknil vsakogar, ki ga je sre\u010dal, vsak dan \u010dastil Boga v sveti evharistiji in razvil spletno stran za evangeliziranje sveta. S svojo gore\u010do vero tudi danes nagovarja na tiso\u010de mladih.<\/p>","protected":false},"featured_media":19793,"template":"","meta":{"_acf_changed":false,"footnotes":""},"product_cat":[141,266,634],"product_tag":[1322,1323,806,781,825],"class_list":{"0":"post-19792","1":"product","2":"type-product","3":"status-publish","4":"has-post-thumbnail","6":"publisher-salve-d-o-o-ljubljana","7":"product_cat-knjige","8":"product_cat-mladinske","9":"product_cat-svetniki","10":"product_tag-acutis","11":"product_tag-karel","12":"product_tag-mladi","13":"product_tag-svetnik","14":"product_tag-upanje","16":"first","17":"instock","18":"shipping-taxable","19":"purchasable","20":"product-type-simple"},"acf":[],"yoast_head":"<!-- This site is optimized with the Yoast SEO plugin v23.8 - https:\/\/yoast.com\/wordpress\/plugins\/seo\/ -->\n<title>KAREL ACUTIS - Salve<\/title>\n<meta name=\"robots\" content=\"index, follow, max-snippet:-1, max-image-preview:large, max-video-preview:-1\" \/>\n<link rel=\"canonical\" href=\"https:\/\/www.salve.si\/en\/trgovina\/knjige\/mladinske\/karel-acutis\/\" \/>\n<meta property=\"og:locale\" content=\"en_US\" \/>\n<meta property=\"og:type\" content=\"article\" \/>\n<meta property=\"og:title\" content=\"KAREL ACUTIS - Salve\" \/>\n<meta property=\"og:description\" content=\"\u00bbVsi ljudje se rodijo kot originali, mnogi pa umrejo kot fotokopije.\u00ab Manga o Karlu Acutisu, mladem svetniku 21. stoletja. Ne\u017eni in zagret italijanski najstnik, ki je ljubil nogomet, \u017eivali in ra\u010dunalnike, se je dotaknil vsakogar, ki ga je sre\u010dal, vsak dan \u010dastil Boga v sveti evharistiji in razvil spletno stran za evangeliziranje sveta. S svojo gore\u010do vero tudi danes nagovarja na tiso\u010de mladih.\" \/>\n<meta property=\"og:url\" content=\"https:\/\/www.salve.si\/en\/trgovina\/knjige\/mladinske\/karel-acutis\/\" \/>\n<meta property=\"og:site_name\" content=\"Salve\" \/>\n<meta property=\"article:publisher\" content=\"https:\/\/www.facebook.com\/salve.si\" \/>\n<meta property=\"article:modified_time\" content=\"2026-01-05T09:39:01+00:00\" \/>\n<meta property=\"og:image\" content=\"https:\/\/www.salve.si\/wp-content\/uploads\/2025\/04\/KAREL-ACUTIS_NASLOVNICA.jpg\" \/>\n\t<meta property=\"og:image:width\" content=\"902\" \/>\n\t<meta property=\"og:image:height\" content=\"1280\" \/>\n\t<meta property=\"og:image:type\" content=\"image\/jpeg\" \/>\n<meta name=\"twitter:card\" content=\"summary_large_image\" \/>\n<meta name=\"twitter:label1\" content=\"Est. reading time\" \/>\n\t<meta name=\"twitter:data1\" content=\"1 minute\" \/>\n<script type=\"application\/ld+json\" class=\"yoast-schema-graph\">{\"@context\":\"https:\/\/schema.org\",\"@graph\":[{\"@type\":\"WebPage\",\"@id\":\"https:\/\/www.salve.si\/trgovina\/knjige\/mladinske\/karel-acutis\/\",\"url\":\"https:\/\/www.salve.si\/trgovina\/knjige\/mladinske\/karel-acutis\/\",\"name\":\"KAREL ACUTIS - Salve\",\"isPartOf\":{\"@id\":\"https:\/\/www.salve.si\/#website\"},\"primaryImageOfPage\":{\"@id\":\"https:\/\/www.salve.si\/trgovina\/knjige\/mladinske\/karel-acutis\/#primaryimage\"},\"image\":{\"@id\":\"https:\/\/www.salve.si\/trgovina\/knjige\/mladinske\/karel-acutis\/#primaryimage\"},\"thumbnailUrl\":\"https:\/\/www.salve.si\/wp-content\/uploads\/2025\/04\/KAREL-ACUTIS_NASLOVNICA.jpg\",\"datePublished\":\"2025-04-17T11:52:35+00:00\",\"dateModified\":\"2026-01-05T09:39:01+00:00\",\"breadcrumb\":{\"@id\":\"https:\/\/www.salve.si\/trgovina\/knjige\/mladinske\/karel-acutis\/#breadcrumb\"},\"inLanguage\":\"en-US\",\"potentialAction\":[{\"@type\":\"ReadAction\",\"target\":[\"https:\/\/www.salve.si\/trgovina\/knjige\/mladinske\/karel-acutis\/\"]}]},{\"@type\":\"ImageObject\",\"inLanguage\":\"en-US\",\"@id\":\"https:\/\/www.salve.si\/trgovina\/knjige\/mladinske\/karel-acutis\/#primaryimage\",\"url\":\"https:\/\/www.salve.si\/wp-content\/uploads\/2025\/04\/KAREL-ACUTIS_NASLOVNICA.jpg\",\"contentUrl\":\"https:\/\/www.salve.si\/wp-content\/uploads\/2025\/04\/KAREL-ACUTIS_NASLOVNICA.jpg\",\"width\":902,\"height\":1280},{\"@type\":\"BreadcrumbList\",\"@id\":\"https:\/\/www.salve.si\/trgovina\/knjige\/mladinske\/karel-acutis\/#breadcrumb\",\"itemListElement\":[{\"@type\":\"ListItem\",\"position\":1,\"name\":\"Home\",\"item\":\"https:\/\/www.salve.si\/\"},{\"@type\":\"ListItem\",\"position\":2,\"name\":\"Trgovina\",\"item\":\"https:\/\/www.salve.si\/trgovina\/\"},{\"@type\":\"ListItem\",\"position\":3,\"name\":\"KAREL ACUTIS\"}]},{\"@type\":\"WebSite\",\"@id\":\"https:\/\/www.salve.si\/#website\",\"url\":\"https:\/\/www.salve.si\/\",\"name\":\"Salve\",\"description\":\"Salezijanska zalo\u017eba\",\"publisher\":{\"@id\":\"https:\/\/www.salve.si\/#organization\"},\"potentialAction\":[{\"@type\":\"SearchAction\",\"target\":{\"@type\":\"EntryPoint\",\"urlTemplate\":\"https:\/\/www.salve.si\/?s={search_term_string}\"},\"query-input\":{\"@type\":\"PropertyValueSpecification\",\"valueRequired\":true,\"valueName\":\"search_term_string\"}}],\"inLanguage\":\"en-US\"},{\"@type\":\"Organization\",\"@id\":\"https:\/\/www.salve.si\/#organization\",\"name\":\"Salve d.o.o.\",\"url\":\"https:\/\/www.salve.si\/\",\"logo\":{\"@type\":\"ImageObject\",\"inLanguage\":\"en-US\",\"@id\":\"https:\/\/www.salve.si\/#\/schema\/logo\/image\/\",\"url\":\"https:\/\/www.salve.si\/wp-content\/uploads\/2021\/01\/Salve_logo_modri_nov_web.png\",\"contentUrl\":\"https:\/\/www.salve.si\/wp-content\/uploads\/2021\/01\/Salve_logo_modri_nov_web.png\",\"width\":279,\"height\":90,\"caption\":\"Salve d.o.o.\"},\"image\":{\"@id\":\"https:\/\/www.salve.si\/#\/schema\/logo\/image\/\"},\"sameAs\":[\"https:\/\/www.facebook.com\/salve.si\",\"https:\/\/www.instagram.com\/zalozbasalve\/\",\"https:\/\/www.linkedin.com\/company\/zalozba-salve\/\"]}]}<\/script>\n<!-- \/ Yoast SEO plugin. -->","yoast_head_json":{"title":"KAREL ACUTIS - Salve","robots":{"index":"index","follow":"follow","max-snippet":"max-snippet:-1","max-image-preview":"max-image-preview:large","max-video-preview":"max-video-preview:-1"},"canonical":"https:\/\/www.salve.si\/en\/trgovina\/knjige\/mladinske\/karel-acutis\/","og_locale":"en_US","og_type":"article","og_title":"KAREL ACUTIS - Salve","og_description":"\u00bbVsi ljudje se rodijo kot originali, mnogi pa umrejo kot fotokopije.\u00ab Manga o Karlu Acutisu, mladem svetniku 21. stoletja. Ne\u017eni in zagret italijanski najstnik, ki je ljubil nogomet, \u017eivali in ra\u010dunalnike, se je dotaknil vsakogar, ki ga je sre\u010dal, vsak dan \u010dastil Boga v sveti evharistiji in razvil spletno stran za evangeliziranje sveta. S svojo gore\u010do vero tudi danes nagovarja na tiso\u010de mladih.","og_url":"https:\/\/www.salve.si\/en\/trgovina\/knjige\/mladinske\/karel-acutis\/","og_site_name":"Salve","article_publisher":"https:\/\/www.facebook.com\/salve.si","article_modified_time":"2026-01-05T09:39:01+00:00","og_image":[{"width":902,"height":1280,"url":"https:\/\/www.salve.si\/wp-content\/uploads\/2025\/04\/KAREL-ACUTIS_NASLOVNICA.jpg","type":"image\/jpeg"}],"twitter_card":"summary_large_image","twitter_misc":{"Est. reading time":"1 minute"},"schema":{"@context":"https:\/\/schema.org","@graph":[{"@type":"WebPage","@id":"https:\/\/www.salve.si\/trgovina\/knjige\/mladinske\/karel-acutis\/","url":"https:\/\/www.salve.si\/trgovina\/knjige\/mladinske\/karel-acutis\/","name":"KAREL ACUTIS - Salve","isPartOf":{"@id":"https:\/\/www.salve.si\/#website"},"primaryImageOfPage":{"@id":"https:\/\/www.salve.si\/trgovina\/knjige\/mladinske\/karel-acutis\/#primaryimage"},"image":{"@id":"https:\/\/www.salve.si\/trgovina\/knjige\/mladinske\/karel-acutis\/#primaryimage"},"thumbnailUrl":"https:\/\/www.salve.si\/wp-content\/uploads\/2025\/04\/KAREL-ACUTIS_NASLOVNICA.jpg","datePublished":"2025-04-17T11:52:35+00:00","dateModified":"2026-01-05T09:39:01+00:00","breadcrumb":{"@id":"https:\/\/www.salve.si\/trgovina\/knjige\/mladinske\/karel-acutis\/#breadcrumb"},"inLanguage":"en-US","potentialAction":[{"@type":"ReadAction","target":["https:\/\/www.salve.si\/trgovina\/knjige\/mladinske\/karel-acutis\/"]}]},{"@type":"ImageObject","inLanguage":"en-US","@id":"https:\/\/www.salve.si\/trgovina\/knjige\/mladinske\/karel-acutis\/#primaryimage","url":"https:\/\/www.salve.si\/wp-content\/uploads\/2025\/04\/KAREL-ACUTIS_NASLOVNICA.jpg","contentUrl":"https:\/\/www.salve.si\/wp-content\/uploads\/2025\/04\/KAREL-ACUTIS_NASLOVNICA.jpg","width":902,"height":1280},{"@type":"BreadcrumbList","@id":"https:\/\/www.salve.si\/trgovina\/knjige\/mladinske\/karel-acutis\/#breadcrumb","itemListElement":[{"@type":"ListItem","position":1,"name":"Home","item":"https:\/\/www.salve.si\/"},{"@type":"ListItem","position":2,"name":"Trgovina","item":"https:\/\/www.salve.si\/trgovina\/"},{"@type":"ListItem","position":3,"name":"KAREL ACUTIS"}]},{"@type":"WebSite","@id":"https:\/\/www.salve.si\/#website","url":"https:\/\/www.salve.si\/","name":"Salve","description":"Salezijanska zalo\u017eba","publisher":{"@id":"https:\/\/www.salve.si\/#organization"},"potentialAction":[{"@type":"SearchAction","target":{"@type":"EntryPoint","urlTemplate":"https:\/\/www.salve.si\/?s={search_term_string}"},"query-input":{"@type":"PropertyValueSpecification","valueRequired":true,"valueName":"search_term_string"}}],"inLanguage":"en-US"},{"@type":"Organization","@id":"https:\/\/www.salve.si\/#organization","name":"Salve d.o.o.","url":"https:\/\/www.salve.si\/","logo":{"@type":"ImageObject","inLanguage":"en-US","@id":"https:\/\/www.salve.si\/#\/schema\/logo\/image\/","url":"https:\/\/www.salve.si\/wp-content\/uploads\/2021\/01\/Salve_logo_modri_nov_web.png","contentUrl":"https:\/\/www.salve.si\/wp-content\/uploads\/2021\/01\/Salve_logo_modri_nov_web.png","width":279,"height":90,"caption":"Salve d.o.o."},"image":{"@id":"https:\/\/www.salve.si\/#\/schema\/logo\/image\/"},"sameAs":["https:\/\/www.facebook.com\/salve.si","https:\/\/www.instagram.com\/zalozbasalve\/","https:\/\/www.linkedin.com\/company\/zalozba-salve\/"]}]}},"_links":{"self":[{"href":"https:\/\/www.salve.si\/en\/wp-json\/wp\/v2\/product\/19792","targetHints":{"allow":["GET"]}}],"collection":[{"href":"https:\/\/www.salve.si\/en\/wp-json\/wp\/v2\/product"}],"about":[{"href":"https:\/\/www.salve.si\/en\/wp-json\/wp\/v2\/types\/product"}],"version-history":[{"count":5,"href":"https:\/\/www.salve.si\/en\/wp-json\/wp\/v2\/product\/19792\/revisions"}],"predecessor-version":[{"id":20987,"href":"https:\/\/www.salve.si\/en\/wp-json\/wp\/v2\/product\/19792\/revisions\/20987"}],"wp:featuredmedia":[{"embeddable":true,"href":"https:\/\/www.salve.si\/en\/wp-json\/wp\/v2\/media\/19793"}],"wp:attachment":[{"href":"https:\/\/www.salve.si\/en\/wp-json\/wp\/v2\/media?parent=19792"}],"wp:term":[{"taxonomy":"product_cat","embeddable":true,"href":"https:\/\/www.salve.si\/en\/wp-json\/wp\/v2\/product_cat?post=19792"},{"taxonomy":"product_tag","embeddable":true,"href":"https:\/\/www.salve.si\/en\/wp-json\/wp\/v2\/product_tag?post=19792"}],"curies":[{"name":"wp","href":"https:\/\/api.w.org\/{rel}","templated":true}]}}