{"id":19742,"date":"2025-04-09T07:01:26","date_gmt":"2025-04-09T05:01:26","guid":{"rendered":"https:\/\/www.salve.si\/?post_type=product&#038;p=19742"},"modified":"2026-01-01T00:00:07","modified_gmt":"2025-12-31T23:00:07","slug":"kako-velik-je-nas-bog","status":"publish","type":"product","link":"https:\/\/www.salve.si\/en\/trgovina\/knjige\/otroske\/kako-velik-je-nas-bog\/","title":{"rendered":"KAKO VELIK JE NA\u0160 BOG"},"content":{"rendered":"<p>Psalm 147,5 pravi: \u00bbVelik je na\u0161 Gospod in silen v mo\u010di, za njegovo razumnost ni merila.\u00ab<\/p>\n<p>Z osupljivimi dejstvi, zabavnimi ilustracijami in fotografijami vam knjiga <em>Kako velik je na\u0161 Bog <\/em>pomaga odkrivati neprimerljivo veli\u010dino na\u0161ega Boga. Teh 100 zapisov raziskuje \u010dude\u017e Bo\u017ejega dela, od ogromnega do mikroskopskega:<\/p>\n<ul>\n<li>vesolje in \u010das<\/li>\n<li>Zemlja in vreme<\/li>\n<li>rastline in podnebje<\/li>\n<li>na\u0161e telo, \u010dustva in predstave<\/li>\n<li>\u017eivali \u2014 od njihovih navad do njihovih prebivali\u0161\u010d<\/li>\n<li>in \u0161e mnogo ve\u010d!<\/li>\n<\/ul>\n<p>&nbsp;<\/p>\n<p>Vsak opis dopolnjuje okvir\u010dek s \u010dudovitimi dejstvi, privla\u010dnimi dogodki in molitvijo. Bo\u017eja beseda, Sveto pismo pravi, da \u010deprav Boga ne moremo videti s telesnimi o\u010dmi, lahko spoznamo, kak\u0161en je, \u010de opazujemo in prou\u010dujemo vse, kar je ustvaril (Pismo Rimljanom 1,20). To pomeni, da vse stvarstvo \u2013 od oddaljenih zvezd, ki so vidne le skozi najmo\u010dnej\u0161i teleskop,<br \/>\ndo najmanj\u0161ih celic v tvojem mezin\u010dku \u2013 pripoveduje o Bogu.<span class=\"slv-content-keywords\"> Knjige Otro\u0161ke Bog knjiga otroci stvarstvo znanost Giglio Louie 100 presenetljivih spoznanj o Bogu in znanosti Nicola Anderson <\/span><\/p>","protected":false},"excerpt":{"rendered":"<p>Ste kdaj pomislili, zakaj Zemlja potrebuje Luno? Ali veste, kako nastanejo vrtinci ali zakaj se nekaj sveti v temi? Ste se kdaj vpra\u0161ali, kako se ptice nau\u010dijo peti? Ali ste vedeli, da obstaja Nekdo, ki pozna odgovore na ta vpra\u0161anja in na vsako vpra\u0161anje, ki bi ga lahko postavili?<\/p>\n<p>&nbsp;<\/p>","protected":false},"featured_media":19743,"template":"","meta":{"_acf_changed":false,"footnotes":""},"product_cat":[141,310],"product_tag":[907,1235,757,1311,1310],"class_list":{"0":"post-19742","1":"product","2":"type-product","3":"status-publish","4":"has-post-thumbnail","6":"authors-giglio-louie","7":"publisher-salve-d-o-o-ljubljana","8":"product_cat-knjige","9":"product_cat-otroske","10":"product_tag-bog","11":"product_tag-knjiga","12":"product_tag-otroci","13":"product_tag-stvarstvo","14":"product_tag-znanost","16":"first","17":"instock","18":"shipping-taxable","19":"purchasable","20":"product-type-simple"},"acf":[],"yoast_head":"<!-- This site is optimized with the Yoast SEO plugin v23.8 - https:\/\/yoast.com\/wordpress\/plugins\/seo\/ -->\n<title>KAKO VELIK JE NA\u0160 BOG - Salve<\/title>\n<meta name=\"robots\" content=\"index, follow, max-snippet:-1, max-image-preview:large, max-video-preview:-1\" \/>\n<link rel=\"canonical\" href=\"https:\/\/www.salve.si\/en\/trgovina\/knjige\/otroske\/kako-velik-je-nas-bog\/\" \/>\n<meta property=\"og:locale\" content=\"en_US\" \/>\n<meta property=\"og:type\" content=\"article\" \/>\n<meta property=\"og:title\" content=\"KAKO VELIK JE NA\u0160 BOG - Salve\" \/>\n<meta property=\"og:description\" content=\"Ste kdaj pomislili, zakaj Zemlja potrebuje Luno? Ali veste, kako nastanejo vrtinci ali zakaj se nekaj sveti v temi? Ste se kdaj vpra\u0161ali, kako se ptice nau\u010dijo peti? Ali ste vedeli, da obstaja Nekdo, ki pozna odgovore na ta vpra\u0161anja in na vsako vpra\u0161anje, ki bi ga lahko postavili?  &nbsp;\" \/>\n<meta property=\"og:url\" content=\"https:\/\/www.salve.si\/en\/trgovina\/knjige\/otroske\/kako-velik-je-nas-bog\/\" \/>\n<meta property=\"og:site_name\" content=\"Salve\" \/>\n<meta property=\"article:publisher\" content=\"https:\/\/www.facebook.com\/salve.si\" \/>\n<meta property=\"article:modified_time\" content=\"2025-12-31T23:00:07+00:00\" \/>\n<meta property=\"og:image\" content=\"https:\/\/www.salve.si\/wp-content\/uploads\/2025\/04\/Kako-velik-je-nas-Bog-NASLOVNICA.jpg\" \/>\n\t<meta property=\"og:image:width\" content=\"1799\" \/>\n\t<meta property=\"og:image:height\" content=\"2400\" \/>\n\t<meta property=\"og:image:type\" content=\"image\/jpeg\" \/>\n<meta name=\"twitter:card\" content=\"summary_large_image\" \/>\n<meta name=\"twitter:label1\" content=\"Est. reading time\" \/>\n\t<meta name=\"twitter:data1\" content=\"2 minutes\" \/>\n<script type=\"application\/ld+json\" class=\"yoast-schema-graph\">{\"@context\":\"https:\/\/schema.org\",\"@graph\":[{\"@type\":\"WebPage\",\"@id\":\"https:\/\/www.salve.si\/trgovina\/knjige\/otroske\/kako-velik-je-nas-bog\/\",\"url\":\"https:\/\/www.salve.si\/trgovina\/knjige\/otroske\/kako-velik-je-nas-bog\/\",\"name\":\"KAKO VELIK JE NA\u0160 BOG - Salve\",\"isPartOf\":{\"@id\":\"https:\/\/www.salve.si\/#website\"},\"primaryImageOfPage\":{\"@id\":\"https:\/\/www.salve.si\/trgovina\/knjige\/otroske\/kako-velik-je-nas-bog\/#primaryimage\"},\"image\":{\"@id\":\"https:\/\/www.salve.si\/trgovina\/knjige\/otroske\/kako-velik-je-nas-bog\/#primaryimage\"},\"thumbnailUrl\":\"https:\/\/www.salve.si\/wp-content\/uploads\/2025\/04\/Kako-velik-je-nas-Bog-NASLOVNICA.jpg\",\"datePublished\":\"2025-04-09T05:01:26+00:00\",\"dateModified\":\"2025-12-31T23:00:07+00:00\",\"breadcrumb\":{\"@id\":\"https:\/\/www.salve.si\/trgovina\/knjige\/otroske\/kako-velik-je-nas-bog\/#breadcrumb\"},\"inLanguage\":\"en-US\",\"potentialAction\":[{\"@type\":\"ReadAction\",\"target\":[\"https:\/\/www.salve.si\/trgovina\/knjige\/otroske\/kako-velik-je-nas-bog\/\"]}]},{\"@type\":\"ImageObject\",\"inLanguage\":\"en-US\",\"@id\":\"https:\/\/www.salve.si\/trgovina\/knjige\/otroske\/kako-velik-je-nas-bog\/#primaryimage\",\"url\":\"https:\/\/www.salve.si\/wp-content\/uploads\/2025\/04\/Kako-velik-je-nas-Bog-NASLOVNICA.jpg\",\"contentUrl\":\"https:\/\/www.salve.si\/wp-content\/uploads\/2025\/04\/Kako-velik-je-nas-Bog-NASLOVNICA.jpg\",\"width\":1799,\"height\":2400},{\"@type\":\"BreadcrumbList\",\"@id\":\"https:\/\/www.salve.si\/trgovina\/knjige\/otroske\/kako-velik-je-nas-bog\/#breadcrumb\",\"itemListElement\":[{\"@type\":\"ListItem\",\"position\":1,\"name\":\"Home\",\"item\":\"https:\/\/www.salve.si\/\"},{\"@type\":\"ListItem\",\"position\":2,\"name\":\"Trgovina\",\"item\":\"https:\/\/www.salve.si\/trgovina\/\"},{\"@type\":\"ListItem\",\"position\":3,\"name\":\"KAKO VELIK JE NA\u0160 BOG\"}]},{\"@type\":\"WebSite\",\"@id\":\"https:\/\/www.salve.si\/#website\",\"url\":\"https:\/\/www.salve.si\/\",\"name\":\"Salve\",\"description\":\"Salezijanska zalo\u017eba\",\"publisher\":{\"@id\":\"https:\/\/www.salve.si\/#organization\"},\"potentialAction\":[{\"@type\":\"SearchAction\",\"target\":{\"@type\":\"EntryPoint\",\"urlTemplate\":\"https:\/\/www.salve.si\/?s={search_term_string}\"},\"query-input\":{\"@type\":\"PropertyValueSpecification\",\"valueRequired\":true,\"valueName\":\"search_term_string\"}}],\"inLanguage\":\"en-US\"},{\"@type\":\"Organization\",\"@id\":\"https:\/\/www.salve.si\/#organization\",\"name\":\"Salve d.o.o.\",\"url\":\"https:\/\/www.salve.si\/\",\"logo\":{\"@type\":\"ImageObject\",\"inLanguage\":\"en-US\",\"@id\":\"https:\/\/www.salve.si\/#\/schema\/logo\/image\/\",\"url\":\"https:\/\/www.salve.si\/wp-content\/uploads\/2021\/01\/Salve_logo_modri_nov_web.png\",\"contentUrl\":\"https:\/\/www.salve.si\/wp-content\/uploads\/2021\/01\/Salve_logo_modri_nov_web.png\",\"width\":279,\"height\":90,\"caption\":\"Salve d.o.o.\"},\"image\":{\"@id\":\"https:\/\/www.salve.si\/#\/schema\/logo\/image\/\"},\"sameAs\":[\"https:\/\/www.facebook.com\/salve.si\",\"https:\/\/www.instagram.com\/zalozbasalve\/\",\"https:\/\/www.linkedin.com\/company\/zalozba-salve\/\"]}]}<\/script>\n<!-- \/ Yoast SEO plugin. -->","yoast_head_json":{"title":"KAKO VELIK JE NA\u0160 BOG - Salve","robots":{"index":"index","follow":"follow","max-snippet":"max-snippet:-1","max-image-preview":"max-image-preview:large","max-video-preview":"max-video-preview:-1"},"canonical":"https:\/\/www.salve.si\/en\/trgovina\/knjige\/otroske\/kako-velik-je-nas-bog\/","og_locale":"en_US","og_type":"article","og_title":"KAKO VELIK JE NA\u0160 BOG - Salve","og_description":"Ste kdaj pomislili, zakaj Zemlja potrebuje Luno? Ali veste, kako nastanejo vrtinci ali zakaj se nekaj sveti v temi? Ste se kdaj vpra\u0161ali, kako se ptice nau\u010dijo peti? Ali ste vedeli, da obstaja Nekdo, ki pozna odgovore na ta vpra\u0161anja in na vsako vpra\u0161anje, ki bi ga lahko postavili?  &nbsp;","og_url":"https:\/\/www.salve.si\/en\/trgovina\/knjige\/otroske\/kako-velik-je-nas-bog\/","og_site_name":"Salve","article_publisher":"https:\/\/www.facebook.com\/salve.si","article_modified_time":"2025-12-31T23:00:07+00:00","og_image":[{"width":1799,"height":2400,"url":"https:\/\/www.salve.si\/wp-content\/uploads\/2025\/04\/Kako-velik-je-nas-Bog-NASLOVNICA.jpg","type":"image\/jpeg"}],"twitter_card":"summary_large_image","twitter_misc":{"Est. reading time":"2 minutes"},"schema":{"@context":"https:\/\/schema.org","@graph":[{"@type":"WebPage","@id":"https:\/\/www.salve.si\/trgovina\/knjige\/otroske\/kako-velik-je-nas-bog\/","url":"https:\/\/www.salve.si\/trgovina\/knjige\/otroske\/kako-velik-je-nas-bog\/","name":"KAKO VELIK JE NA\u0160 BOG - Salve","isPartOf":{"@id":"https:\/\/www.salve.si\/#website"},"primaryImageOfPage":{"@id":"https:\/\/www.salve.si\/trgovina\/knjige\/otroske\/kako-velik-je-nas-bog\/#primaryimage"},"image":{"@id":"https:\/\/www.salve.si\/trgovina\/knjige\/otroske\/kako-velik-je-nas-bog\/#primaryimage"},"thumbnailUrl":"https:\/\/www.salve.si\/wp-content\/uploads\/2025\/04\/Kako-velik-je-nas-Bog-NASLOVNICA.jpg","datePublished":"2025-04-09T05:01:26+00:00","dateModified":"2025-12-31T23:00:07+00:00","breadcrumb":{"@id":"https:\/\/www.salve.si\/trgovina\/knjige\/otroske\/kako-velik-je-nas-bog\/#breadcrumb"},"inLanguage":"en-US","potentialAction":[{"@type":"ReadAction","target":["https:\/\/www.salve.si\/trgovina\/knjige\/otroske\/kako-velik-je-nas-bog\/"]}]},{"@type":"ImageObject","inLanguage":"en-US","@id":"https:\/\/www.salve.si\/trgovina\/knjige\/otroske\/kako-velik-je-nas-bog\/#primaryimage","url":"https:\/\/www.salve.si\/wp-content\/uploads\/2025\/04\/Kako-velik-je-nas-Bog-NASLOVNICA.jpg","contentUrl":"https:\/\/www.salve.si\/wp-content\/uploads\/2025\/04\/Kako-velik-je-nas-Bog-NASLOVNICA.jpg","width":1799,"height":2400},{"@type":"BreadcrumbList","@id":"https:\/\/www.salve.si\/trgovina\/knjige\/otroske\/kako-velik-je-nas-bog\/#breadcrumb","itemListElement":[{"@type":"ListItem","position":1,"name":"Home","item":"https:\/\/www.salve.si\/"},{"@type":"ListItem","position":2,"name":"Trgovina","item":"https:\/\/www.salve.si\/trgovina\/"},{"@type":"ListItem","position":3,"name":"KAKO VELIK JE NA\u0160 BOG"}]},{"@type":"WebSite","@id":"https:\/\/www.salve.si\/#website","url":"https:\/\/www.salve.si\/","name":"Salve","description":"Salezijanska zalo\u017eba","publisher":{"@id":"https:\/\/www.salve.si\/#organization"},"potentialAction":[{"@type":"SearchAction","target":{"@type":"EntryPoint","urlTemplate":"https:\/\/www.salve.si\/?s={search_term_string}"},"query-input":{"@type":"PropertyValueSpecification","valueRequired":true,"valueName":"search_term_string"}}],"inLanguage":"en-US"},{"@type":"Organization","@id":"https:\/\/www.salve.si\/#organization","name":"Salve d.o.o.","url":"https:\/\/www.salve.si\/","logo":{"@type":"ImageObject","inLanguage":"en-US","@id":"https:\/\/www.salve.si\/#\/schema\/logo\/image\/","url":"https:\/\/www.salve.si\/wp-content\/uploads\/2021\/01\/Salve_logo_modri_nov_web.png","contentUrl":"https:\/\/www.salve.si\/wp-content\/uploads\/2021\/01\/Salve_logo_modri_nov_web.png","width":279,"height":90,"caption":"Salve d.o.o."},"image":{"@id":"https:\/\/www.salve.si\/#\/schema\/logo\/image\/"},"sameAs":["https:\/\/www.facebook.com\/salve.si","https:\/\/www.instagram.com\/zalozbasalve\/","https:\/\/www.linkedin.com\/company\/zalozba-salve\/"]}]}},"_links":{"self":[{"href":"https:\/\/www.salve.si\/en\/wp-json\/wp\/v2\/product\/19742","targetHints":{"allow":["GET"]}}],"collection":[{"href":"https:\/\/www.salve.si\/en\/wp-json\/wp\/v2\/product"}],"about":[{"href":"https:\/\/www.salve.si\/en\/wp-json\/wp\/v2\/types\/product"}],"version-history":[{"count":3,"href":"https:\/\/www.salve.si\/en\/wp-json\/wp\/v2\/product\/19742\/revisions"}],"predecessor-version":[{"id":19889,"href":"https:\/\/www.salve.si\/en\/wp-json\/wp\/v2\/product\/19742\/revisions\/19889"}],"wp:featuredmedia":[{"embeddable":true,"href":"https:\/\/www.salve.si\/en\/wp-json\/wp\/v2\/media\/19743"}],"wp:attachment":[{"href":"https:\/\/www.salve.si\/en\/wp-json\/wp\/v2\/media?parent=19742"}],"wp:term":[{"taxonomy":"product_cat","embeddable":true,"href":"https:\/\/www.salve.si\/en\/wp-json\/wp\/v2\/product_cat?post=19742"},{"taxonomy":"product_tag","embeddable":true,"href":"https:\/\/www.salve.si\/en\/wp-json\/wp\/v2\/product_tag?post=19742"}],"curies":[{"name":"wp","href":"https:\/\/api.w.org\/{rel}","templated":true}]}}