{"id":19621,"date":"2025-02-19T10:37:35","date_gmt":"2025-02-19T09:37:35","guid":{"rendered":"https:\/\/www.salve.si\/?post_type=product&#038;p=19621"},"modified":"2025-02-19T10:39:30","modified_gmt":"2025-02-19T09:39:30","slug":"skriti-otrok-medzugorja","status":"publish","type":"product","link":"https:\/\/www.salve.si\/en\/trgovina\/knjige\/teologija-in-duhovnost\/skriti-otrok-medzugorja\/","title":{"rendered":"SKRITI OTROK MED\u017dUGORJA"},"content":{"rendered":"<p>Knjiga Skriti Otrok Med\u017eugorja (nadaljevanje knjige Zmagoslavje srca, iz\u0161la pri zalo\u017ebi Salve) prina\u0161a preproste in resni\u010dne \u017eivljenjske zgodbe. Skoraj lahkotno branje pa bralcu ponuja mo\u010dne izzive. Vabi ga k zaupanju v Marijo, ona pa je tista, ki vodi naprej k svojemu Sinu Jezusu. V Njem so pri\u010devalci, katerih pri\u010devanja so zbrana v knjigi, na\u0161li mir, sre\u010do, smisel \u017eivljenja in odgovore na najpomembnej\u0161a vpra\u0161anja.<\/p>\n<p><strong><em>Odlomek iz knjige:<\/em><\/strong><\/p>\n<p>Jezus je proti njej stegnil roke in ji rekel:<\/p>\n<p>\u00bbPridi, vstani in moli z menoj!\u00ab<\/p>\n<p>&nbsp;<\/p>\n<p><strong><em>O avtorju:<\/em><\/strong><\/p>\n<p>Emmanuel Maillard se je rodila v Franciji leta 1947. \u0160tudirala je teologijo, eden od njenih profesorjev pa je bil slavni kardinal Dani\u00e9lou. Na Sorboni je diplomirala iz umetnostne zgodovine. Leta 1976 se je pridru\u017eila Skupnosti blagrov, od leta 1989 pa \u017eivi v Med\u017eugorju. V pri\u010dujo\u010di knjigi, ki je nadaljevanje njene knjige Zmagoslavje srca, na ganljiv in humoren na\u010din pripoveduje navdihujo\u010de zgodbe o Med\u017eugorju in o svojem misijonarjenju po vsem svetu.<\/p>\n<p><strong><em>\u00a0<\/em><\/strong><\/p>\n<p><span class=\"slv-content-keywords\"> Knjige Teologija in duhovnost duhovnost Med\u017eugorje pri\u010devanja prikazovanja s. Emamanuel s. Emmanuel <\/span><\/p>","protected":false},"excerpt":{"rendered":"<p>Navdihujo\u010de zgodbe o Med\u017eugorju in o misjonarjenju s. Emmanuel Maillard.<\/p>","protected":false},"featured_media":19622,"template":"","meta":{"_acf_changed":false,"footnotes":""},"product_cat":[141,314],"product_tag":[999,935,1148,812,1308],"class_list":{"0":"post-19621","1":"product","2":"type-product","3":"status-publish","4":"has-post-thumbnail","6":"authors-s-emmanuel","7":"publisher-real-invest-d-o-o","8":"product_cat-knjige","9":"product_cat-teologija-in-duhovnost","10":"product_tag-duhovnost","11":"product_tag-medzugorje","12":"product_tag-pricevanja","13":"product_tag-prikazovanja","14":"product_tag-s-emamanuel","16":"first","17":"instock","18":"shipping-taxable","19":"purchasable","20":"product-type-simple"},"acf":[],"yoast_head":"<!-- This site is optimized with the Yoast SEO plugin v23.8 - https:\/\/yoast.com\/wordpress\/plugins\/seo\/ -->\n<title>SKRITI OTROK MED\u017dUGORJA - Salve<\/title>\n<meta name=\"robots\" content=\"index, follow, max-snippet:-1, max-image-preview:large, max-video-preview:-1\" \/>\n<link rel=\"canonical\" href=\"https:\/\/www.salve.si\/en\/trgovina\/knjige\/teologija-in-duhovnost\/skriti-otrok-medzugorja\/\" \/>\n<meta property=\"og:locale\" content=\"en_US\" \/>\n<meta property=\"og:type\" content=\"article\" \/>\n<meta property=\"og:title\" content=\"SKRITI OTROK MED\u017dUGORJA - Salve\" \/>\n<meta property=\"og:description\" content=\"Navdihujo\u010de zgodbe o Med\u017eugorju in o misjonarjenju s. Emmanuel Maillard.\" \/>\n<meta property=\"og:url\" content=\"https:\/\/www.salve.si\/en\/trgovina\/knjige\/teologija-in-duhovnost\/skriti-otrok-medzugorja\/\" \/>\n<meta property=\"og:site_name\" content=\"Salve\" \/>\n<meta property=\"article:publisher\" content=\"https:\/\/www.facebook.com\/salve.si\" \/>\n<meta property=\"article:modified_time\" content=\"2025-02-19T09:39:30+00:00\" \/>\n<meta property=\"og:image\" content=\"https:\/\/www.salve.si\/wp-content\/uploads\/2025\/02\/Skriti-Otrok-Medzugorja-NASLOVNICA_01.jpg\" \/>\n\t<meta property=\"og:image:width\" content=\"1748\" \/>\n\t<meta property=\"og:image:height\" content=\"2481\" \/>\n\t<meta property=\"og:image:type\" content=\"image\/jpeg\" \/>\n<meta name=\"twitter:card\" content=\"summary_large_image\" \/>\n<meta name=\"twitter:label1\" content=\"Est. reading time\" \/>\n\t<meta name=\"twitter:data1\" content=\"2 minutes\" \/>\n<script type=\"application\/ld+json\" class=\"yoast-schema-graph\">{\"@context\":\"https:\/\/schema.org\",\"@graph\":[{\"@type\":\"WebPage\",\"@id\":\"https:\/\/www.salve.si\/trgovina\/knjige\/teologija-in-duhovnost\/skriti-otrok-medzugorja\/\",\"url\":\"https:\/\/www.salve.si\/trgovina\/knjige\/teologija-in-duhovnost\/skriti-otrok-medzugorja\/\",\"name\":\"SKRITI OTROK MED\u017dUGORJA - Salve\",\"isPartOf\":{\"@id\":\"https:\/\/www.salve.si\/#website\"},\"primaryImageOfPage\":{\"@id\":\"https:\/\/www.salve.si\/trgovina\/knjige\/teologija-in-duhovnost\/skriti-otrok-medzugorja\/#primaryimage\"},\"image\":{\"@id\":\"https:\/\/www.salve.si\/trgovina\/knjige\/teologija-in-duhovnost\/skriti-otrok-medzugorja\/#primaryimage\"},\"thumbnailUrl\":\"https:\/\/www.salve.si\/wp-content\/uploads\/2025\/02\/Skriti-Otrok-Medzugorja-NASLOVNICA_01.jpg\",\"datePublished\":\"2025-02-19T09:37:35+00:00\",\"dateModified\":\"2025-02-19T09:39:30+00:00\",\"breadcrumb\":{\"@id\":\"https:\/\/www.salve.si\/trgovina\/knjige\/teologija-in-duhovnost\/skriti-otrok-medzugorja\/#breadcrumb\"},\"inLanguage\":\"en-US\",\"potentialAction\":[{\"@type\":\"ReadAction\",\"target\":[\"https:\/\/www.salve.si\/trgovina\/knjige\/teologija-in-duhovnost\/skriti-otrok-medzugorja\/\"]}]},{\"@type\":\"ImageObject\",\"inLanguage\":\"en-US\",\"@id\":\"https:\/\/www.salve.si\/trgovina\/knjige\/teologija-in-duhovnost\/skriti-otrok-medzugorja\/#primaryimage\",\"url\":\"https:\/\/www.salve.si\/wp-content\/uploads\/2025\/02\/Skriti-Otrok-Medzugorja-NASLOVNICA_01.jpg\",\"contentUrl\":\"https:\/\/www.salve.si\/wp-content\/uploads\/2025\/02\/Skriti-Otrok-Medzugorja-NASLOVNICA_01.jpg\",\"width\":1748,\"height\":2481},{\"@type\":\"BreadcrumbList\",\"@id\":\"https:\/\/www.salve.si\/trgovina\/knjige\/teologija-in-duhovnost\/skriti-otrok-medzugorja\/#breadcrumb\",\"itemListElement\":[{\"@type\":\"ListItem\",\"position\":1,\"name\":\"Home\",\"item\":\"https:\/\/www.salve.si\/\"},{\"@type\":\"ListItem\",\"position\":2,\"name\":\"Trgovina\",\"item\":\"https:\/\/www.salve.si\/trgovina\/\"},{\"@type\":\"ListItem\",\"position\":3,\"name\":\"SKRITI OTROK MED\u017dUGORJA\"}]},{\"@type\":\"WebSite\",\"@id\":\"https:\/\/www.salve.si\/#website\",\"url\":\"https:\/\/www.salve.si\/\",\"name\":\"Salve\",\"description\":\"Salezijanska zalo\u017eba\",\"publisher\":{\"@id\":\"https:\/\/www.salve.si\/#organization\"},\"potentialAction\":[{\"@type\":\"SearchAction\",\"target\":{\"@type\":\"EntryPoint\",\"urlTemplate\":\"https:\/\/www.salve.si\/?s={search_term_string}\"},\"query-input\":{\"@type\":\"PropertyValueSpecification\",\"valueRequired\":true,\"valueName\":\"search_term_string\"}}],\"inLanguage\":\"en-US\"},{\"@type\":\"Organization\",\"@id\":\"https:\/\/www.salve.si\/#organization\",\"name\":\"Salve d.o.o.\",\"url\":\"https:\/\/www.salve.si\/\",\"logo\":{\"@type\":\"ImageObject\",\"inLanguage\":\"en-US\",\"@id\":\"https:\/\/www.salve.si\/#\/schema\/logo\/image\/\",\"url\":\"https:\/\/www.salve.si\/wp-content\/uploads\/2021\/01\/Salve_logo_modri_nov_web.png\",\"contentUrl\":\"https:\/\/www.salve.si\/wp-content\/uploads\/2021\/01\/Salve_logo_modri_nov_web.png\",\"width\":279,\"height\":90,\"caption\":\"Salve d.o.o.\"},\"image\":{\"@id\":\"https:\/\/www.salve.si\/#\/schema\/logo\/image\/\"},\"sameAs\":[\"https:\/\/www.facebook.com\/salve.si\",\"https:\/\/www.instagram.com\/zalozbasalve\/\",\"https:\/\/www.linkedin.com\/company\/zalozba-salve\/\"]}]}<\/script>\n<!-- \/ Yoast SEO plugin. -->","yoast_head_json":{"title":"SKRITI OTROK MED\u017dUGORJA - Salve","robots":{"index":"index","follow":"follow","max-snippet":"max-snippet:-1","max-image-preview":"max-image-preview:large","max-video-preview":"max-video-preview:-1"},"canonical":"https:\/\/www.salve.si\/en\/trgovina\/knjige\/teologija-in-duhovnost\/skriti-otrok-medzugorja\/","og_locale":"en_US","og_type":"article","og_title":"SKRITI OTROK MED\u017dUGORJA - Salve","og_description":"Navdihujo\u010de zgodbe o Med\u017eugorju in o misjonarjenju s. Emmanuel Maillard.","og_url":"https:\/\/www.salve.si\/en\/trgovina\/knjige\/teologija-in-duhovnost\/skriti-otrok-medzugorja\/","og_site_name":"Salve","article_publisher":"https:\/\/www.facebook.com\/salve.si","article_modified_time":"2025-02-19T09:39:30+00:00","og_image":[{"width":1748,"height":2481,"url":"https:\/\/www.salve.si\/wp-content\/uploads\/2025\/02\/Skriti-Otrok-Medzugorja-NASLOVNICA_01.jpg","type":"image\/jpeg"}],"twitter_card":"summary_large_image","twitter_misc":{"Est. reading time":"2 minutes"},"schema":{"@context":"https:\/\/schema.org","@graph":[{"@type":"WebPage","@id":"https:\/\/www.salve.si\/trgovina\/knjige\/teologija-in-duhovnost\/skriti-otrok-medzugorja\/","url":"https:\/\/www.salve.si\/trgovina\/knjige\/teologija-in-duhovnost\/skriti-otrok-medzugorja\/","name":"SKRITI OTROK MED\u017dUGORJA - Salve","isPartOf":{"@id":"https:\/\/www.salve.si\/#website"},"primaryImageOfPage":{"@id":"https:\/\/www.salve.si\/trgovina\/knjige\/teologija-in-duhovnost\/skriti-otrok-medzugorja\/#primaryimage"},"image":{"@id":"https:\/\/www.salve.si\/trgovina\/knjige\/teologija-in-duhovnost\/skriti-otrok-medzugorja\/#primaryimage"},"thumbnailUrl":"https:\/\/www.salve.si\/wp-content\/uploads\/2025\/02\/Skriti-Otrok-Medzugorja-NASLOVNICA_01.jpg","datePublished":"2025-02-19T09:37:35+00:00","dateModified":"2025-02-19T09:39:30+00:00","breadcrumb":{"@id":"https:\/\/www.salve.si\/trgovina\/knjige\/teologija-in-duhovnost\/skriti-otrok-medzugorja\/#breadcrumb"},"inLanguage":"en-US","potentialAction":[{"@type":"ReadAction","target":["https:\/\/www.salve.si\/trgovina\/knjige\/teologija-in-duhovnost\/skriti-otrok-medzugorja\/"]}]},{"@type":"ImageObject","inLanguage":"en-US","@id":"https:\/\/www.salve.si\/trgovina\/knjige\/teologija-in-duhovnost\/skriti-otrok-medzugorja\/#primaryimage","url":"https:\/\/www.salve.si\/wp-content\/uploads\/2025\/02\/Skriti-Otrok-Medzugorja-NASLOVNICA_01.jpg","contentUrl":"https:\/\/www.salve.si\/wp-content\/uploads\/2025\/02\/Skriti-Otrok-Medzugorja-NASLOVNICA_01.jpg","width":1748,"height":2481},{"@type":"BreadcrumbList","@id":"https:\/\/www.salve.si\/trgovina\/knjige\/teologija-in-duhovnost\/skriti-otrok-medzugorja\/#breadcrumb","itemListElement":[{"@type":"ListItem","position":1,"name":"Home","item":"https:\/\/www.salve.si\/"},{"@type":"ListItem","position":2,"name":"Trgovina","item":"https:\/\/www.salve.si\/trgovina\/"},{"@type":"ListItem","position":3,"name":"SKRITI OTROK MED\u017dUGORJA"}]},{"@type":"WebSite","@id":"https:\/\/www.salve.si\/#website","url":"https:\/\/www.salve.si\/","name":"Salve","description":"Salezijanska zalo\u017eba","publisher":{"@id":"https:\/\/www.salve.si\/#organization"},"potentialAction":[{"@type":"SearchAction","target":{"@type":"EntryPoint","urlTemplate":"https:\/\/www.salve.si\/?s={search_term_string}"},"query-input":{"@type":"PropertyValueSpecification","valueRequired":true,"valueName":"search_term_string"}}],"inLanguage":"en-US"},{"@type":"Organization","@id":"https:\/\/www.salve.si\/#organization","name":"Salve d.o.o.","url":"https:\/\/www.salve.si\/","logo":{"@type":"ImageObject","inLanguage":"en-US","@id":"https:\/\/www.salve.si\/#\/schema\/logo\/image\/","url":"https:\/\/www.salve.si\/wp-content\/uploads\/2021\/01\/Salve_logo_modri_nov_web.png","contentUrl":"https:\/\/www.salve.si\/wp-content\/uploads\/2021\/01\/Salve_logo_modri_nov_web.png","width":279,"height":90,"caption":"Salve d.o.o."},"image":{"@id":"https:\/\/www.salve.si\/#\/schema\/logo\/image\/"},"sameAs":["https:\/\/www.facebook.com\/salve.si","https:\/\/www.instagram.com\/zalozbasalve\/","https:\/\/www.linkedin.com\/company\/zalozba-salve\/"]}]}},"_links":{"self":[{"href":"https:\/\/www.salve.si\/en\/wp-json\/wp\/v2\/product\/19621","targetHints":{"allow":["GET"]}}],"collection":[{"href":"https:\/\/www.salve.si\/en\/wp-json\/wp\/v2\/product"}],"about":[{"href":"https:\/\/www.salve.si\/en\/wp-json\/wp\/v2\/types\/product"}],"version-history":[{"count":2,"href":"https:\/\/www.salve.si\/en\/wp-json\/wp\/v2\/product\/19621\/revisions"}],"predecessor-version":[{"id":19626,"href":"https:\/\/www.salve.si\/en\/wp-json\/wp\/v2\/product\/19621\/revisions\/19626"}],"wp:featuredmedia":[{"embeddable":true,"href":"https:\/\/www.salve.si\/en\/wp-json\/wp\/v2\/media\/19622"}],"wp:attachment":[{"href":"https:\/\/www.salve.si\/en\/wp-json\/wp\/v2\/media?parent=19621"}],"wp:term":[{"taxonomy":"product_cat","embeddable":true,"href":"https:\/\/www.salve.si\/en\/wp-json\/wp\/v2\/product_cat?post=19621"},{"taxonomy":"product_tag","embeddable":true,"href":"https:\/\/www.salve.si\/en\/wp-json\/wp\/v2\/product_tag?post=19621"}],"curies":[{"name":"wp","href":"https:\/\/api.w.org\/{rel}","templated":true}]}}