{"id":19517,"date":"2025-01-11T14:44:40","date_gmt":"2025-01-11T13:44:40","guid":{"rendered":"https:\/\/www.salve.si\/?post_type=product&#038;p=19517"},"modified":"2026-04-17T01:00:04","modified_gmt":"2026-04-16T23:00:04","slug":"nicova-vojna","status":"publish","type":"product","link":"https:\/\/www.salve.si\/en\/trgovina\/knjige\/mladinske\/nicova-vojna\/","title":{"rendered":"NICOVA VOJNA"},"content":{"rendered":"<p>&#8220;Vojna je nora, zme\u0161ana, nerazumljiva stvar. Marsikdaj to otroci, ki imajo \u0161e \u010dist pogled, vidijo bolje kot odrasli z \u017ee otopelimi srci. Nisem \u0161e naletela na roman, ki bi to pokazal bolj jasno kot Nicova vojna. \u010ceprav je de\u010dek Nico vr\u017een v vojno vihro, \u0161e vedno vidi lepoto in ravna po vesti. Zgodba je napisana tako gladko, da se strani obra\u010dajo kar same. Ni\u010d \u010dudnega, da so ga vsi moji trije otroci prebrali pred mano! In kar strinjam se z oceno sina, ki pravi: \u00bbPriporo\u010dal bi jo vsem otrokom, ki se veliko prito\u017eujejo, da bi po branju spoznali, da jim ni ni\u010d hudega in postali bolj hvale\u017eni za vse, kar imajo.\u00ab (Lucija \u010cak\u0161)<span class=\"slv-content-keywords\"> Knjige Leposlovje Mladinske mladisnka literatura otro\u0161ka literatura vzgoja Mladinska zbirka Hatero Josan Inma Almansa <\/span><\/p>","protected":false},"excerpt":{"rendered":"<p>Zaradi pisarni\u0161ke napake je Nico vpoklican v vojsko, \u010deprav je star \u0161ele enajst let. Njegova dr\u017eava je v vojni in potrebuje vojake, zato je napako te\u017eko odpraviti.<br \/>\nKak\u0161ne posledice bo do\u017eivel de\u010dek? Kaj bi storil ti na njegovem mestu?<br \/>\nObstaja nekaj \u0161e bolj nesmiselnega od vojn: vklju\u010devanje otrok v vojno?<\/p>\n<p><strong>Knjigi je prilo\u017een tudi bralni na\u010drt, ki ga najdete pod zavihkom bralni na\u010drt:\u00a0<\/strong><\/p>\n<p>&nbsp;<\/p>\n<p><img loading=\"lazy\" decoding=\"async\" class=\"alignnone size-medium wp-image-19913\" src=\"https:\/\/www.salve.si\/wp-content\/uploads\/2025\/01\/Posnetek-zaslona-2025-05-16-060917-1-204x300.png\" alt=\"\" width=\"204\" height=\"300\" srcset=\"https:\/\/www.salve.si\/wp-content\/uploads\/2025\/01\/Posnetek-zaslona-2025-05-16-060917-1-204x300.png 204w, https:\/\/www.salve.si\/wp-content\/uploads\/2025\/01\/Posnetek-zaslona-2025-05-16-060917-1-8x12.png 8w, https:\/\/www.salve.si\/wp-content\/uploads\/2025\/01\/Posnetek-zaslona-2025-05-16-060917-1-400x588.png 400w, https:\/\/www.salve.si\/wp-content\/uploads\/2025\/01\/Posnetek-zaslona-2025-05-16-060917-1-250x368.png 250w, https:\/\/www.salve.si\/wp-content\/uploads\/2025\/01\/Posnetek-zaslona-2025-05-16-060917-1-300x441.png 300w, https:\/\/www.salve.si\/wp-content\/uploads\/2025\/01\/Posnetek-zaslona-2025-05-16-060917-1-325x478.png 325w, https:\/\/www.salve.si\/wp-content\/uploads\/2025\/01\/Posnetek-zaslona-2025-05-16-060917-1.png 610w\" sizes=\"auto, (max-width: 204px) 100vw, 204px\" \/><\/p>\n<p>&nbsp;<\/p>","protected":false},"featured_media":19378,"template":"","meta":{"_acf_changed":false,"footnotes":""},"product_cat":[141,312,266],"product_tag":[1306,1059,725],"class_list":{"0":"post-19517","1":"product","2":"type-product","3":"status-publish","4":"has-post-thumbnail","6":"zbirke-mladinska-zbirka","7":"authors-hatero-josan","8":"publisher-salve-d-o-o-ljubljana","9":"product_cat-knjige","10":"product_cat-leposlovje","11":"product_cat-mladinske","12":"product_tag-mladisnka-literatura","13":"product_tag-otroska-literatura","14":"product_tag-vzgoja","16":"first","17":"instock","18":"shipping-taxable","19":"purchasable","20":"product-type-simple"},"acf":[],"yoast_head":"<!-- This site is optimized with the Yoast SEO plugin v23.8 - https:\/\/yoast.com\/wordpress\/plugins\/seo\/ -->\n<title>NICOVA VOJNA - Salve<\/title>\n<meta name=\"robots\" content=\"index, follow, max-snippet:-1, max-image-preview:large, max-video-preview:-1\" \/>\n<link rel=\"canonical\" href=\"https:\/\/www.salve.si\/en\/trgovina\/knjige\/mladinske\/nicova-vojna\/\" \/>\n<meta property=\"og:locale\" content=\"en_US\" \/>\n<meta property=\"og:type\" content=\"article\" \/>\n<meta property=\"og:title\" content=\"NICOVA VOJNA - Salve\" \/>\n<meta property=\"og:description\" content=\"Zaradi pisarni\u0161ke napake je Nico vpoklican v vojsko, \u010deprav je star \u0161ele enajst let. Njegova dr\u017eava je v vojni in potrebuje vojake, zato je napako te\u017eko odpraviti. Kak\u0161ne posledice bo do\u017eivel de\u010dek? Kaj bi storil ti na njegovem mestu? Obstaja nekaj \u0161e bolj nesmiselnega od vojn: vklju\u010devanje otrok v vojno?  Knjigi je prilo\u017een tudi bralni na\u010drt, ki ga najdete pod zavihkom bralni na\u010drt:\u00a0  &nbsp;    &nbsp;\" \/>\n<meta property=\"og:url\" content=\"https:\/\/www.salve.si\/en\/trgovina\/knjige\/mladinske\/nicova-vojna\/\" \/>\n<meta property=\"og:site_name\" content=\"Salve\" \/>\n<meta property=\"article:publisher\" content=\"https:\/\/www.facebook.com\/salve.si\" \/>\n<meta property=\"article:modified_time\" content=\"2026-04-16T23:00:04+00:00\" \/>\n<meta property=\"og:image\" content=\"https:\/\/www.salve.si\/wp-content\/uploads\/2024\/12\/Nicova-vojna-NASLOVNICA.jpg\" \/>\n\t<meta property=\"og:image:width\" content=\"1308\" \/>\n\t<meta property=\"og:image:height\" content=\"1920\" \/>\n\t<meta property=\"og:image:type\" content=\"image\/jpeg\" \/>\n<meta name=\"twitter:card\" content=\"summary_large_image\" \/>\n<meta name=\"twitter:label1\" content=\"Est. reading time\" \/>\n\t<meta name=\"twitter:data1\" content=\"1 minute\" \/>\n<script type=\"application\/ld+json\" class=\"yoast-schema-graph\">{\"@context\":\"https:\/\/schema.org\",\"@graph\":[{\"@type\":\"WebPage\",\"@id\":\"https:\/\/www.salve.si\/trgovina\/knjige\/mladinske\/nicova-vojna\/\",\"url\":\"https:\/\/www.salve.si\/trgovina\/knjige\/mladinske\/nicova-vojna\/\",\"name\":\"NICOVA VOJNA - Salve\",\"isPartOf\":{\"@id\":\"https:\/\/www.salve.si\/#website\"},\"primaryImageOfPage\":{\"@id\":\"https:\/\/www.salve.si\/trgovina\/knjige\/mladinske\/nicova-vojna\/#primaryimage\"},\"image\":{\"@id\":\"https:\/\/www.salve.si\/trgovina\/knjige\/mladinske\/nicova-vojna\/#primaryimage\"},\"thumbnailUrl\":\"https:\/\/www.salve.si\/wp-content\/uploads\/2024\/12\/Nicova-vojna-NASLOVNICA.jpg\",\"datePublished\":\"2025-01-11T13:44:40+00:00\",\"dateModified\":\"2026-04-16T23:00:04+00:00\",\"breadcrumb\":{\"@id\":\"https:\/\/www.salve.si\/trgovina\/knjige\/mladinske\/nicova-vojna\/#breadcrumb\"},\"inLanguage\":\"en-US\",\"potentialAction\":[{\"@type\":\"ReadAction\",\"target\":[\"https:\/\/www.salve.si\/trgovina\/knjige\/mladinske\/nicova-vojna\/\"]}]},{\"@type\":\"ImageObject\",\"inLanguage\":\"en-US\",\"@id\":\"https:\/\/www.salve.si\/trgovina\/knjige\/mladinske\/nicova-vojna\/#primaryimage\",\"url\":\"https:\/\/www.salve.si\/wp-content\/uploads\/2024\/12\/Nicova-vojna-NASLOVNICA.jpg\",\"contentUrl\":\"https:\/\/www.salve.si\/wp-content\/uploads\/2024\/12\/Nicova-vojna-NASLOVNICA.jpg\",\"width\":1308,\"height\":1920},{\"@type\":\"BreadcrumbList\",\"@id\":\"https:\/\/www.salve.si\/trgovina\/knjige\/mladinske\/nicova-vojna\/#breadcrumb\",\"itemListElement\":[{\"@type\":\"ListItem\",\"position\":1,\"name\":\"Home\",\"item\":\"https:\/\/www.salve.si\/\"},{\"@type\":\"ListItem\",\"position\":2,\"name\":\"Trgovina\",\"item\":\"https:\/\/www.salve.si\/trgovina\/\"},{\"@type\":\"ListItem\",\"position\":3,\"name\":\"NICOVA VOJNA\"}]},{\"@type\":\"WebSite\",\"@id\":\"https:\/\/www.salve.si\/#website\",\"url\":\"https:\/\/www.salve.si\/\",\"name\":\"Salve\",\"description\":\"Salezijanska zalo\u017eba\",\"publisher\":{\"@id\":\"https:\/\/www.salve.si\/#organization\"},\"potentialAction\":[{\"@type\":\"SearchAction\",\"target\":{\"@type\":\"EntryPoint\",\"urlTemplate\":\"https:\/\/www.salve.si\/?s={search_term_string}\"},\"query-input\":{\"@type\":\"PropertyValueSpecification\",\"valueRequired\":true,\"valueName\":\"search_term_string\"}}],\"inLanguage\":\"en-US\"},{\"@type\":\"Organization\",\"@id\":\"https:\/\/www.salve.si\/#organization\",\"name\":\"Salve d.o.o.\",\"url\":\"https:\/\/www.salve.si\/\",\"logo\":{\"@type\":\"ImageObject\",\"inLanguage\":\"en-US\",\"@id\":\"https:\/\/www.salve.si\/#\/schema\/logo\/image\/\",\"url\":\"https:\/\/www.salve.si\/wp-content\/uploads\/2021\/01\/Salve_logo_modri_nov_web.png\",\"contentUrl\":\"https:\/\/www.salve.si\/wp-content\/uploads\/2021\/01\/Salve_logo_modri_nov_web.png\",\"width\":279,\"height\":90,\"caption\":\"Salve d.o.o.\"},\"image\":{\"@id\":\"https:\/\/www.salve.si\/#\/schema\/logo\/image\/\"},\"sameAs\":[\"https:\/\/www.facebook.com\/salve.si\",\"https:\/\/www.instagram.com\/zalozbasalve\/\",\"https:\/\/www.linkedin.com\/company\/zalozba-salve\/\"]}]}<\/script>\n<!-- \/ Yoast SEO plugin. -->","yoast_head_json":{"title":"NICOVA VOJNA - Salve","robots":{"index":"index","follow":"follow","max-snippet":"max-snippet:-1","max-image-preview":"max-image-preview:large","max-video-preview":"max-video-preview:-1"},"canonical":"https:\/\/www.salve.si\/en\/trgovina\/knjige\/mladinske\/nicova-vojna\/","og_locale":"en_US","og_type":"article","og_title":"NICOVA VOJNA - Salve","og_description":"Zaradi pisarni\u0161ke napake je Nico vpoklican v vojsko, \u010deprav je star \u0161ele enajst let. Njegova dr\u017eava je v vojni in potrebuje vojake, zato je napako te\u017eko odpraviti. Kak\u0161ne posledice bo do\u017eivel de\u010dek? Kaj bi storil ti na njegovem mestu? Obstaja nekaj \u0161e bolj nesmiselnega od vojn: vklju\u010devanje otrok v vojno?  Knjigi je prilo\u017een tudi bralni na\u010drt, ki ga najdete pod zavihkom bralni na\u010drt:\u00a0  &nbsp;    &nbsp;","og_url":"https:\/\/www.salve.si\/en\/trgovina\/knjige\/mladinske\/nicova-vojna\/","og_site_name":"Salve","article_publisher":"https:\/\/www.facebook.com\/salve.si","article_modified_time":"2026-04-16T23:00:04+00:00","og_image":[{"width":1308,"height":1920,"url":"https:\/\/www.salve.si\/wp-content\/uploads\/2024\/12\/Nicova-vojna-NASLOVNICA.jpg","type":"image\/jpeg"}],"twitter_card":"summary_large_image","twitter_misc":{"Est. reading time":"1 minute"},"schema":{"@context":"https:\/\/schema.org","@graph":[{"@type":"WebPage","@id":"https:\/\/www.salve.si\/trgovina\/knjige\/mladinske\/nicova-vojna\/","url":"https:\/\/www.salve.si\/trgovina\/knjige\/mladinske\/nicova-vojna\/","name":"NICOVA VOJNA - Salve","isPartOf":{"@id":"https:\/\/www.salve.si\/#website"},"primaryImageOfPage":{"@id":"https:\/\/www.salve.si\/trgovina\/knjige\/mladinske\/nicova-vojna\/#primaryimage"},"image":{"@id":"https:\/\/www.salve.si\/trgovina\/knjige\/mladinske\/nicova-vojna\/#primaryimage"},"thumbnailUrl":"https:\/\/www.salve.si\/wp-content\/uploads\/2024\/12\/Nicova-vojna-NASLOVNICA.jpg","datePublished":"2025-01-11T13:44:40+00:00","dateModified":"2026-04-16T23:00:04+00:00","breadcrumb":{"@id":"https:\/\/www.salve.si\/trgovina\/knjige\/mladinske\/nicova-vojna\/#breadcrumb"},"inLanguage":"en-US","potentialAction":[{"@type":"ReadAction","target":["https:\/\/www.salve.si\/trgovina\/knjige\/mladinske\/nicova-vojna\/"]}]},{"@type":"ImageObject","inLanguage":"en-US","@id":"https:\/\/www.salve.si\/trgovina\/knjige\/mladinske\/nicova-vojna\/#primaryimage","url":"https:\/\/www.salve.si\/wp-content\/uploads\/2024\/12\/Nicova-vojna-NASLOVNICA.jpg","contentUrl":"https:\/\/www.salve.si\/wp-content\/uploads\/2024\/12\/Nicova-vojna-NASLOVNICA.jpg","width":1308,"height":1920},{"@type":"BreadcrumbList","@id":"https:\/\/www.salve.si\/trgovina\/knjige\/mladinske\/nicova-vojna\/#breadcrumb","itemListElement":[{"@type":"ListItem","position":1,"name":"Home","item":"https:\/\/www.salve.si\/"},{"@type":"ListItem","position":2,"name":"Trgovina","item":"https:\/\/www.salve.si\/trgovina\/"},{"@type":"ListItem","position":3,"name":"NICOVA VOJNA"}]},{"@type":"WebSite","@id":"https:\/\/www.salve.si\/#website","url":"https:\/\/www.salve.si\/","name":"Salve","description":"Salezijanska zalo\u017eba","publisher":{"@id":"https:\/\/www.salve.si\/#organization"},"potentialAction":[{"@type":"SearchAction","target":{"@type":"EntryPoint","urlTemplate":"https:\/\/www.salve.si\/?s={search_term_string}"},"query-input":{"@type":"PropertyValueSpecification","valueRequired":true,"valueName":"search_term_string"}}],"inLanguage":"en-US"},{"@type":"Organization","@id":"https:\/\/www.salve.si\/#organization","name":"Salve d.o.o.","url":"https:\/\/www.salve.si\/","logo":{"@type":"ImageObject","inLanguage":"en-US","@id":"https:\/\/www.salve.si\/#\/schema\/logo\/image\/","url":"https:\/\/www.salve.si\/wp-content\/uploads\/2021\/01\/Salve_logo_modri_nov_web.png","contentUrl":"https:\/\/www.salve.si\/wp-content\/uploads\/2021\/01\/Salve_logo_modri_nov_web.png","width":279,"height":90,"caption":"Salve d.o.o."},"image":{"@id":"https:\/\/www.salve.si\/#\/schema\/logo\/image\/"},"sameAs":["https:\/\/www.facebook.com\/salve.si","https:\/\/www.instagram.com\/zalozbasalve\/","https:\/\/www.linkedin.com\/company\/zalozba-salve\/"]}]}},"_links":{"self":[{"href":"https:\/\/www.salve.si\/en\/wp-json\/wp\/v2\/product\/19517","targetHints":{"allow":["GET"]}}],"collection":[{"href":"https:\/\/www.salve.si\/en\/wp-json\/wp\/v2\/product"}],"about":[{"href":"https:\/\/www.salve.si\/en\/wp-json\/wp\/v2\/types\/product"}],"version-history":[{"count":10,"href":"https:\/\/www.salve.si\/en\/wp-json\/wp\/v2\/product\/19517\/revisions"}],"predecessor-version":[{"id":20595,"href":"https:\/\/www.salve.si\/en\/wp-json\/wp\/v2\/product\/19517\/revisions\/20595"}],"wp:featuredmedia":[{"embeddable":true,"href":"https:\/\/www.salve.si\/en\/wp-json\/wp\/v2\/media\/19378"}],"wp:attachment":[{"href":"https:\/\/www.salve.si\/en\/wp-json\/wp\/v2\/media?parent=19517"}],"wp:term":[{"taxonomy":"product_cat","embeddable":true,"href":"https:\/\/www.salve.si\/en\/wp-json\/wp\/v2\/product_cat?post=19517"},{"taxonomy":"product_tag","embeddable":true,"href":"https:\/\/www.salve.si\/en\/wp-json\/wp\/v2\/product_tag?post=19517"}],"curies":[{"name":"wp","href":"https:\/\/api.w.org\/{rel}","templated":true}]}}