{"id":19429,"date":"2024-12-27T14:05:23","date_gmt":"2024-12-27T13:05:23","guid":{"rendered":"https:\/\/www.salve.si\/?post_type=product&#038;p=19429"},"modified":"2026-02-16T00:00:30","modified_gmt":"2026-02-15T23:00:30","slug":"don-boskovo-zivljenje-in-delo","status":"publish","type":"product","link":"https:\/\/www.salve.si\/en\/trgovina\/knjige\/don-boskovo-zivljenje-in-delo\/","title":{"rendered":"DON BOSKOVO \u017dIVLJENJE IN DELO"},"content":{"rendered":"<p>\u010ceprav je knjiga za otroke DON BOSKOVO \u017dIVLJENJE IN DELO nastala ob 200. obletnici don Boskovega rojstva, s katero so se poklonili u\u010ditelju in ustanovitelju salezijanske dru\u017eine, je to brez\u010dasna, sodobna knjiga, ki vas bo navdu\u0161ila. Don Bosko je vedno \u017eelel, da bi svoje \u017eivljenje posvetil najmlaj\u0161im, in tako je tudi storil. Njegova prva iznajdba je bila ustanovitev Dru\u017ebe veselja, da bi bili njegovi prijatelji vedno veseli, tudi v te\u017ekih \u010dasih. Prepri\u010dan je bil, da je prihodnost v vas, najmlaj\u0161ih. V\u010dasih tudi va\u0161i star\u0161i in u\u010ditelji pravijo tako, kajne?<\/p>\n<p>Knjiga z jasnim in dostopnim jezikom ter \u010dudovitimi risbami, polnimi tiso\u010d in ene podrobnosti, korak za korakom spremlja celotno \u017eivljenje Janeza Boska, od njegovega rojstva, 16. avgusta 1815 v Becchiju, v majhni vasici v Piemontu v Italiji, do leta 1934, ko ga je pape\u017e Pij XI. razglasil za svetnika.<\/p>\n<p>Prepri\u010dan sem, da vas bodo na nekaterih mestih ganili dvomi in te\u017eave, s katerimi se je don Bosko sre\u010deval na svoji poti, in videli boste, kako so mu pomagali mati in drugi dobri ljudje, ki jih je sre\u010deval na svojih potovanjih. Spoznali boste tudi njegovega psa Sivca, ki je bil v njegovem \u017eivljenju zelo pomemben. Prav tako se boste nasmejali njegovemu smislu za humor, njegovim sanjam, \u010dude\u017eem, zmagam &#8230;<\/p>\n<p>Ta don Boskova zgodba je namenjena vam, fantom in dekletom, vendar priporo\u010dam, da jo daste prebrati tudi svojim star\u0161em, saj boste skupaj zagotovo dobili veliko navdihov za svoje \u017eivljenje ter za vero v svoje sanje in njihovo uresni\u010ditev.<\/p>\n<p>U\u017eivajte v branju!<\/p>\n<p>Kardinal Angel Fern\u00e1ndez Artime, SDB<span class=\"slv-content-keywords\"> Knjige Rosa Navarro Duran za \u0161olske otroke (9-14 let) Jordi Vila Delclos <\/span><\/p>","protected":false},"excerpt":{"rendered":"<p><strong>Spoznajte zgodbo, ki navdihuje \u017ee ve\u010d kot 200 let!<\/strong> Otro\u0161ka knjiga <em>Don Boskovo \u017eivljenje in delo<\/em> razkriva, kako je u\u010ditelj in ustanovitelj salezijanske dru\u017eine posvetil svoje \u017eivljenje najmlaj\u0161im.<\/p>\n<div style=\"width: 720px;\" class=\"wp-video\"><!--[if lt IE 9]><script>document.createElement('video');<\/script><![endif]-->\n<video class=\"wp-video-shortcode\" id=\"video-19429-1\" width=\"720\" height=\"480\" poster=\"https:\/\/www.salve.si\/wp-content\/uploads\/2024\/12\/Don-Boskovo-zivljenje-in-delo-NASLOVNICA.jpg\" preload=\"metadata\" controls=\"controls\"><source type=\"video\/mp4\" src=\"https:\/\/www.salve.si\/wp-content\/uploads\/2024\/12\/Don-Boskovo-zivljenje-in-delo-LQ.mp4?_=1\" \/><a href=\"https:\/\/www.salve.si\/wp-content\/uploads\/2024\/12\/Don-Boskovo-zivljenje-in-delo-LQ.mp4\">https:\/\/www.salve.si\/wp-content\/uploads\/2024\/12\/Don-Boskovo-zivljenje-in-delo-LQ.mp4<\/a><\/video><\/div>","protected":false},"featured_media":19430,"template":"","meta":{"_acf_changed":false,"footnotes":""},"product_cat":[141],"product_tag":[],"class_list":{"0":"post-19429","1":"product","2":"type-product","3":"status-publish","4":"has-post-thumbnail","6":"authors-rosa-navarro-duran","7":"publisher-salve-d-o-o-ljubljana","8":"product_cat-knjige","10":"first","11":"instock","12":"shipping-taxable","13":"purchasable","14":"product-type-simple"},"acf":[],"yoast_head":"<!-- This site is optimized with the Yoast SEO plugin v23.8 - https:\/\/yoast.com\/wordpress\/plugins\/seo\/ -->\n<title>DON BOSKOVO \u017dIVLJENJE IN DELO - Salve<\/title>\n<meta name=\"robots\" content=\"index, follow, max-snippet:-1, max-image-preview:large, max-video-preview:-1\" \/>\n<link rel=\"canonical\" href=\"https:\/\/www.salve.si\/en\/trgovina\/knjige\/don-boskovo-zivljenje-in-delo\/\" \/>\n<meta property=\"og:locale\" content=\"en_US\" \/>\n<meta property=\"og:type\" content=\"article\" \/>\n<meta property=\"og:title\" content=\"DON BOSKOVO \u017dIVLJENJE IN DELO - Salve\" \/>\n<meta property=\"og:description\" content=\"Spoznajte zgodbo, ki navdihuje \u017ee ve\u010d kot 200 let! Otro\u0161ka knjiga Don Boskovo \u017eivljenje in delo razkriva, kako je u\u010ditelj in ustanovitelj salezijanske dru\u017eine posvetil svoje \u017eivljenje najmlaj\u0161im.\" \/>\n<meta property=\"og:url\" content=\"https:\/\/www.salve.si\/en\/trgovina\/knjige\/don-boskovo-zivljenje-in-delo\/\" \/>\n<meta property=\"og:site_name\" content=\"Salve\" \/>\n<meta property=\"article:publisher\" content=\"https:\/\/www.facebook.com\/salve.si\" \/>\n<meta property=\"article:modified_time\" content=\"2026-02-15T23:00:30+00:00\" \/>\n<meta property=\"og:image\" content=\"https:\/\/www.salve.si\/wp-content\/uploads\/2024\/12\/Don-Boskovo-zivljenje-in-delo-NASLOVNICA.jpg\" \/>\n\t<meta property=\"og:image:width\" content=\"1329\" \/>\n\t<meta property=\"og:image:height\" content=\"1595\" \/>\n\t<meta property=\"og:image:type\" content=\"image\/jpeg\" \/>\n<meta name=\"twitter:card\" content=\"summary_large_image\" \/>\n<meta name=\"twitter:label1\" content=\"Est. reading time\" \/>\n\t<meta name=\"twitter:data1\" content=\"2 minutes\" \/>\n<script type=\"application\/ld+json\" class=\"yoast-schema-graph\">{\"@context\":\"https:\/\/schema.org\",\"@graph\":[{\"@type\":\"WebPage\",\"@id\":\"https:\/\/www.salve.si\/trgovina\/knjige\/don-boskovo-zivljenje-in-delo\/\",\"url\":\"https:\/\/www.salve.si\/trgovina\/knjige\/don-boskovo-zivljenje-in-delo\/\",\"name\":\"DON BOSKOVO \u017dIVLJENJE IN DELO - Salve\",\"isPartOf\":{\"@id\":\"https:\/\/www.salve.si\/#website\"},\"primaryImageOfPage\":{\"@id\":\"https:\/\/www.salve.si\/trgovina\/knjige\/don-boskovo-zivljenje-in-delo\/#primaryimage\"},\"image\":{\"@id\":\"https:\/\/www.salve.si\/trgovina\/knjige\/don-boskovo-zivljenje-in-delo\/#primaryimage\"},\"thumbnailUrl\":\"https:\/\/www.salve.si\/wp-content\/uploads\/2024\/12\/Don-Boskovo-zivljenje-in-delo-NASLOVNICA.jpg\",\"datePublished\":\"2024-12-27T13:05:23+00:00\",\"dateModified\":\"2026-02-15T23:00:30+00:00\",\"breadcrumb\":{\"@id\":\"https:\/\/www.salve.si\/trgovina\/knjige\/don-boskovo-zivljenje-in-delo\/#breadcrumb\"},\"inLanguage\":\"en-US\",\"potentialAction\":[{\"@type\":\"ReadAction\",\"target\":[\"https:\/\/www.salve.si\/trgovina\/knjige\/don-boskovo-zivljenje-in-delo\/\"]}]},{\"@type\":\"ImageObject\",\"inLanguage\":\"en-US\",\"@id\":\"https:\/\/www.salve.si\/trgovina\/knjige\/don-boskovo-zivljenje-in-delo\/#primaryimage\",\"url\":\"https:\/\/www.salve.si\/wp-content\/uploads\/2024\/12\/Don-Boskovo-zivljenje-in-delo-NASLOVNICA.jpg\",\"contentUrl\":\"https:\/\/www.salve.si\/wp-content\/uploads\/2024\/12\/Don-Boskovo-zivljenje-in-delo-NASLOVNICA.jpg\",\"width\":1329,\"height\":1595},{\"@type\":\"BreadcrumbList\",\"@id\":\"https:\/\/www.salve.si\/trgovina\/knjige\/don-boskovo-zivljenje-in-delo\/#breadcrumb\",\"itemListElement\":[{\"@type\":\"ListItem\",\"position\":1,\"name\":\"Home\",\"item\":\"https:\/\/www.salve.si\/\"},{\"@type\":\"ListItem\",\"position\":2,\"name\":\"Trgovina\",\"item\":\"https:\/\/www.salve.si\/trgovina\/\"},{\"@type\":\"ListItem\",\"position\":3,\"name\":\"DON BOSKOVO \u017dIVLJENJE IN DELO\"}]},{\"@type\":\"WebSite\",\"@id\":\"https:\/\/www.salve.si\/#website\",\"url\":\"https:\/\/www.salve.si\/\",\"name\":\"Salve\",\"description\":\"Salezijanska zalo\u017eba\",\"publisher\":{\"@id\":\"https:\/\/www.salve.si\/#organization\"},\"potentialAction\":[{\"@type\":\"SearchAction\",\"target\":{\"@type\":\"EntryPoint\",\"urlTemplate\":\"https:\/\/www.salve.si\/?s={search_term_string}\"},\"query-input\":{\"@type\":\"PropertyValueSpecification\",\"valueRequired\":true,\"valueName\":\"search_term_string\"}}],\"inLanguage\":\"en-US\"},{\"@type\":\"Organization\",\"@id\":\"https:\/\/www.salve.si\/#organization\",\"name\":\"Salve d.o.o.\",\"url\":\"https:\/\/www.salve.si\/\",\"logo\":{\"@type\":\"ImageObject\",\"inLanguage\":\"en-US\",\"@id\":\"https:\/\/www.salve.si\/#\/schema\/logo\/image\/\",\"url\":\"https:\/\/www.salve.si\/wp-content\/uploads\/2021\/01\/Salve_logo_modri_nov_web.png\",\"contentUrl\":\"https:\/\/www.salve.si\/wp-content\/uploads\/2021\/01\/Salve_logo_modri_nov_web.png\",\"width\":279,\"height\":90,\"caption\":\"Salve d.o.o.\"},\"image\":{\"@id\":\"https:\/\/www.salve.si\/#\/schema\/logo\/image\/\"},\"sameAs\":[\"https:\/\/www.facebook.com\/salve.si\",\"https:\/\/www.instagram.com\/zalozbasalve\/\",\"https:\/\/www.linkedin.com\/company\/zalozba-salve\/\"]}]}<\/script>\n<!-- \/ Yoast SEO plugin. -->","yoast_head_json":{"title":"DON BOSKOVO \u017dIVLJENJE IN DELO - Salve","robots":{"index":"index","follow":"follow","max-snippet":"max-snippet:-1","max-image-preview":"max-image-preview:large","max-video-preview":"max-video-preview:-1"},"canonical":"https:\/\/www.salve.si\/en\/trgovina\/knjige\/don-boskovo-zivljenje-in-delo\/","og_locale":"en_US","og_type":"article","og_title":"DON BOSKOVO \u017dIVLJENJE IN DELO - Salve","og_description":"Spoznajte zgodbo, ki navdihuje \u017ee ve\u010d kot 200 let! Otro\u0161ka knjiga Don Boskovo \u017eivljenje in delo razkriva, kako je u\u010ditelj in ustanovitelj salezijanske dru\u017eine posvetil svoje \u017eivljenje najmlaj\u0161im.","og_url":"https:\/\/www.salve.si\/en\/trgovina\/knjige\/don-boskovo-zivljenje-in-delo\/","og_site_name":"Salve","article_publisher":"https:\/\/www.facebook.com\/salve.si","article_modified_time":"2026-02-15T23:00:30+00:00","og_image":[{"width":1329,"height":1595,"url":"https:\/\/www.salve.si\/wp-content\/uploads\/2024\/12\/Don-Boskovo-zivljenje-in-delo-NASLOVNICA.jpg","type":"image\/jpeg"}],"twitter_card":"summary_large_image","twitter_misc":{"Est. reading time":"2 minutes"},"schema":{"@context":"https:\/\/schema.org","@graph":[{"@type":"WebPage","@id":"https:\/\/www.salve.si\/trgovina\/knjige\/don-boskovo-zivljenje-in-delo\/","url":"https:\/\/www.salve.si\/trgovina\/knjige\/don-boskovo-zivljenje-in-delo\/","name":"DON BOSKOVO \u017dIVLJENJE IN DELO - Salve","isPartOf":{"@id":"https:\/\/www.salve.si\/#website"},"primaryImageOfPage":{"@id":"https:\/\/www.salve.si\/trgovina\/knjige\/don-boskovo-zivljenje-in-delo\/#primaryimage"},"image":{"@id":"https:\/\/www.salve.si\/trgovina\/knjige\/don-boskovo-zivljenje-in-delo\/#primaryimage"},"thumbnailUrl":"https:\/\/www.salve.si\/wp-content\/uploads\/2024\/12\/Don-Boskovo-zivljenje-in-delo-NASLOVNICA.jpg","datePublished":"2024-12-27T13:05:23+00:00","dateModified":"2026-02-15T23:00:30+00:00","breadcrumb":{"@id":"https:\/\/www.salve.si\/trgovina\/knjige\/don-boskovo-zivljenje-in-delo\/#breadcrumb"},"inLanguage":"en-US","potentialAction":[{"@type":"ReadAction","target":["https:\/\/www.salve.si\/trgovina\/knjige\/don-boskovo-zivljenje-in-delo\/"]}]},{"@type":"ImageObject","inLanguage":"en-US","@id":"https:\/\/www.salve.si\/trgovina\/knjige\/don-boskovo-zivljenje-in-delo\/#primaryimage","url":"https:\/\/www.salve.si\/wp-content\/uploads\/2024\/12\/Don-Boskovo-zivljenje-in-delo-NASLOVNICA.jpg","contentUrl":"https:\/\/www.salve.si\/wp-content\/uploads\/2024\/12\/Don-Boskovo-zivljenje-in-delo-NASLOVNICA.jpg","width":1329,"height":1595},{"@type":"BreadcrumbList","@id":"https:\/\/www.salve.si\/trgovina\/knjige\/don-boskovo-zivljenje-in-delo\/#breadcrumb","itemListElement":[{"@type":"ListItem","position":1,"name":"Home","item":"https:\/\/www.salve.si\/"},{"@type":"ListItem","position":2,"name":"Trgovina","item":"https:\/\/www.salve.si\/trgovina\/"},{"@type":"ListItem","position":3,"name":"DON BOSKOVO \u017dIVLJENJE IN DELO"}]},{"@type":"WebSite","@id":"https:\/\/www.salve.si\/#website","url":"https:\/\/www.salve.si\/","name":"Salve","description":"Salezijanska zalo\u017eba","publisher":{"@id":"https:\/\/www.salve.si\/#organization"},"potentialAction":[{"@type":"SearchAction","target":{"@type":"EntryPoint","urlTemplate":"https:\/\/www.salve.si\/?s={search_term_string}"},"query-input":{"@type":"PropertyValueSpecification","valueRequired":true,"valueName":"search_term_string"}}],"inLanguage":"en-US"},{"@type":"Organization","@id":"https:\/\/www.salve.si\/#organization","name":"Salve d.o.o.","url":"https:\/\/www.salve.si\/","logo":{"@type":"ImageObject","inLanguage":"en-US","@id":"https:\/\/www.salve.si\/#\/schema\/logo\/image\/","url":"https:\/\/www.salve.si\/wp-content\/uploads\/2021\/01\/Salve_logo_modri_nov_web.png","contentUrl":"https:\/\/www.salve.si\/wp-content\/uploads\/2021\/01\/Salve_logo_modri_nov_web.png","width":279,"height":90,"caption":"Salve d.o.o."},"image":{"@id":"https:\/\/www.salve.si\/#\/schema\/logo\/image\/"},"sameAs":["https:\/\/www.facebook.com\/salve.si","https:\/\/www.instagram.com\/zalozbasalve\/","https:\/\/www.linkedin.com\/company\/zalozba-salve\/"]}]}},"_links":{"self":[{"href":"https:\/\/www.salve.si\/en\/wp-json\/wp\/v2\/product\/19429","targetHints":{"allow":["GET"]}}],"collection":[{"href":"https:\/\/www.salve.si\/en\/wp-json\/wp\/v2\/product"}],"about":[{"href":"https:\/\/www.salve.si\/en\/wp-json\/wp\/v2\/types\/product"}],"version-history":[{"count":8,"href":"https:\/\/www.salve.si\/en\/wp-json\/wp\/v2\/product\/19429\/revisions"}],"predecessor-version":[{"id":21115,"href":"https:\/\/www.salve.si\/en\/wp-json\/wp\/v2\/product\/19429\/revisions\/21115"}],"wp:featuredmedia":[{"embeddable":true,"href":"https:\/\/www.salve.si\/en\/wp-json\/wp\/v2\/media\/19430"}],"wp:attachment":[{"href":"https:\/\/www.salve.si\/en\/wp-json\/wp\/v2\/media?parent=19429"}],"wp:term":[{"taxonomy":"product_cat","embeddable":true,"href":"https:\/\/www.salve.si\/en\/wp-json\/wp\/v2\/product_cat?post=19429"},{"taxonomy":"product_tag","embeddable":true,"href":"https:\/\/www.salve.si\/en\/wp-json\/wp\/v2\/product_tag?post=19429"}],"curies":[{"name":"wp","href":"https:\/\/api.w.org\/{rel}","templated":true}]}}