{"id":19175,"date":"2024-11-14T11:22:56","date_gmt":"2024-11-14T10:22:56","guid":{"rendered":"https:\/\/www.salve.si\/?post_type=product&#038;p=19175"},"modified":"2024-11-20T18:12:25","modified_gmt":"2024-11-20T17:12:25","slug":"zgodovina-stega-ljubljana-2","status":"publish","type":"product","link":"https:\/\/www.salve.si\/en\/trgovina\/knjige\/zgodovina-stega-ljubljana-2\/","title":{"rendered":"ZGODOVINA STEGA LJUBLJANA 2."},"content":{"rendered":"<p>Skavtski steg Ljubljana 2 je ob svoji 30-ti obletnici ustanovitve izdal vsebinsko bogat in barvit zbornik.<br \/>\nSkavti so v svetu prisotni \u017ee od srede 19. stoletja. Na ozemlju Slovenije so se kot gosti enega od dogodkov pojavili leta 1913, slovenski skavti pa so nastali leta 1922. Po 2. svetovni vojni niso mogli delovati, ponovne aktivnosti pa so se za\u010dele konec osemdesetih let 20. stoletja. Spomladi 1991 je bila ustanovljena Zveza slovenskih katoli\u0161kih skavtinj in skavtov (ZSKSS). Med najstarej\u0161imi slovenskimi teritorialnimi skavtskimi enotami je steg Ljubljana 2, kamor spadajo \u017eupnije Barje, Marijino oznanjenje, Rakovnik, Rudnik, Stolnica, Sv. Jakob, Sv. Trojica, Trnovo in Vi\u010d. Po dveh letih dela so skavti izdali Zbornik stega Ljubljana 2, v \u010dast 30-letnici delovanja stega. Po uvodnih poglavjih o nastanku skavtskega gibanja in na\u010dinu skavtskega dela, je kronolo\u0161ko po posameznih letih predstavljeno delovanje stega. Knjiga je polna do\u017eivljajskih zgodb nekdanjih in \u0161e aktivnih skavtinj in skavtov, barvnih slik iz taborov, sre\u010danj in potepanj. V zadnjem delu obuja spomine nekdanjih voditeljev in vpliv gibanja na njihovo \u017eivljenje kot odraslih oseb v vlogi posameznikov, partnerjev, star\u0161ev, zaposlenih, faranov in podobno.<span class=\"slv-content-keywords\">Skavtski steg Ljubljana 2 je ob svoji 30-ti obletnici ustanovitve izdal vsebinsko bogat in barvit zbornik.<br \/>\nSkavti so v svetu prisotni \u017ee od srede 19. stoletja. Na ozemlju Slovenije so se kot gosti enega od dogodkov pojavili leta 1913, slovenski skavti pa so nastali leta 1922. Po 2. svetovni vojni niso mogli delovati, ponovne aktivnosti pa so se za\u010dele konec osemdesetih let 20. stoletja. Spomladi 1991 je bila ustanovljena Zveza slovenskih katoli\u0161kih skavtinj in skavtov (ZSKSS). Med najstarej\u0161imi slovenskimi teritorialnimi skavtskimi enotami je steg Ljubljana 2, kamor spadajo \u017eupnije Barje, Marijino oznanjenje, Rakovnik, Rudnik, Stolnica, Sv. Jakob, Sv. Trojica, Trnovo in Vi\u010d. Po dveh letih dela so skavti izdali Zbornik stega Ljubljana 2, v \u010dast 30-letnici delovanja stega. Po uvodnih poglavjih o nastanku skavtskega gibanja in na\u010dinu skavtskega dela, je kronolo\u0161ko po posameznih letih predstavljeno delovanje stega. Knjiga je polna do\u017eivljajskih zgodb nekdanjih in \u0161e aktivnih skavtinj in skavtov, barvnih slik iz taborov, sre\u010danj in potepanj. V zadnjem delu obuja spomine nekdanjih voditeljev in vpliv gibanja na njihovo \u017eivljenje kot odraslih oseb v vlogi posameznikov, partnerjev, star\u0161ev, zaposlenih, faranov in podobno.Skavtski steg Ljubljana 2 je ob svoji 30-ti obletnici ustanovitve izdal vsebinsko bogat in barvit zbornik.<br \/>\nSkavti so v svetu prisotni \u017ee od srede 19. stoletja. Na ozemlju Slovenije so se kot gosti enega od dogodkov pojavili leta 1913, slovenski skavti pa so nastali leta 1922. Po 2. svetovni vojni niso mogli delovati, ponovne aktivnosti pa so se za\u010dele konec osemdesetih let 20. stoletja. Spomladi 1991 je bila ustanovljena Zveza slovenskih katoli\u0161kih skavtinj in skavtov (ZSKSS). Med najstarej\u0161imi slovenskimi teritorialnimi skavtskimi enotami je steg Ljubljana 2, kamor spadajo \u017eupnije Barje, Marijino oznanjenje, Rakovnik, Rudnik, Stolnica, Sv. Jakob, Sv. Trojica, Trnovo in Vi\u010d. Po dveh letih dela so skavti izdali Zbornik stega Ljubljana 2, v \u010dast 30-letnici delovanja stega. Po uvodnih poglavjih o nastanku skavtskega gibanja in na\u010dinu skavtskega dela, je kronolo\u0161ko po posameznih letih predstavljeno delovanje stega. Knjiga je polna do\u017eivljajskih zgodb nekdanjih in \u0161e aktivnih skavtinj in skavtov, barvnih slik iz taborov, sre\u010danj in potepanj. V zadnjem delu obuja spomine nekdanjih voditeljev in vpliv gibanja na njihovo \u017eivljenje kot odraslih oseb v vlogi posameznikov, partnerjev, star\u0161ev, zaposlenih, faranov in podobno. Knjige 30 letnica skavti steg Ljubljana 2 zbornik zgodovina urednik Domen Ku\u0161ar Zbornik ob 30-letnici Grajskih zmajev <\/span><span class=\"slv-content-keywords\"> Knjige 30 letnica skavti steg Ljubljana 2 zbornik zgodovina urednik Domen Ku\u0161ar Zbornik ob 30-letnici Grajskih zmajev <\/span><\/p>","protected":false},"excerpt":{"rendered":"<p><i><b>Skavtski steg Ljubljana 2 je ob svoji 30 obletnici izdal zbornik, ki nam kronolo\u0161ko predstavi delovanje enega najstarej\u0161ih stegov v Sloveniji.<\/b><\/i><\/p>","protected":false},"featured_media":19220,"template":"","meta":{"_acf_changed":false,"footnotes":""},"product_cat":[141],"product_tag":[1293,1291,1292,1003,1257],"class_list":{"0":"post-19175","1":"product","2":"type-product","3":"status-publish","4":"has-post-thumbnail","6":"authors-urednik-domen-kusar","7":"publisher-salve-d-o-o-ljubljana","8":"product_cat-knjige","9":"product_tag-30-letnica","10":"product_tag-skavti","11":"product_tag-steg-ljubljana-2","12":"product_tag-zbornik","13":"product_tag-zgodovina","15":"first","16":"instock","17":"shipping-taxable","18":"purchasable","19":"product-type-simple"},"acf":[],"yoast_head":"<!-- This site is optimized with the Yoast SEO plugin v23.8 - https:\/\/yoast.com\/wordpress\/plugins\/seo\/ -->\n<title>ZGODOVINA STEGA LJUBLJANA 2. - Salve<\/title>\n<meta name=\"robots\" content=\"index, follow, max-snippet:-1, max-image-preview:large, max-video-preview:-1\" \/>\n<link rel=\"canonical\" href=\"https:\/\/www.salve.si\/en\/trgovina\/knjige\/zgodovina-stega-ljubljana-2\/\" \/>\n<meta property=\"og:locale\" content=\"en_US\" \/>\n<meta property=\"og:type\" content=\"article\" \/>\n<meta property=\"og:title\" content=\"ZGODOVINA STEGA LJUBLJANA 2. - Salve\" \/>\n<meta property=\"og:description\" content=\"Skavtski steg Ljubljana 2 je ob svoji 30 obletnici izdal zbornik, ki nam kronolo\u0161ko predstavi delovanje enega najstarej\u0161ih stegov v Sloveniji.\" \/>\n<meta property=\"og:url\" content=\"https:\/\/www.salve.si\/en\/trgovina\/knjige\/zgodovina-stega-ljubljana-2\/\" \/>\n<meta property=\"og:site_name\" content=\"Salve\" \/>\n<meta property=\"article:publisher\" content=\"https:\/\/www.facebook.com\/salve.si\" \/>\n<meta property=\"article:modified_time\" content=\"2024-11-20T17:12:25+00:00\" \/>\n<meta property=\"og:image\" content=\"https:\/\/www.salve.si\/wp-content\/uploads\/2024\/11\/Slika_1.jpg\" \/>\n\t<meta property=\"og:image:width\" content=\"1271\" \/>\n\t<meta property=\"og:image:height\" content=\"887\" \/>\n\t<meta property=\"og:image:type\" content=\"image\/jpeg\" \/>\n<meta name=\"twitter:card\" content=\"summary_large_image\" \/>\n<meta name=\"twitter:label1\" content=\"Est. reading time\" \/>\n\t<meta name=\"twitter:data1\" content=\"4 minutes\" \/>\n<script type=\"application\/ld+json\" class=\"yoast-schema-graph\">{\"@context\":\"https:\/\/schema.org\",\"@graph\":[{\"@type\":\"WebPage\",\"@id\":\"https:\/\/www.salve.si\/trgovina\/knjige\/zgodovina-stega-ljubljana-2\/\",\"url\":\"https:\/\/www.salve.si\/trgovina\/knjige\/zgodovina-stega-ljubljana-2\/\",\"name\":\"ZGODOVINA STEGA LJUBLJANA 2. - Salve\",\"isPartOf\":{\"@id\":\"https:\/\/www.salve.si\/#website\"},\"primaryImageOfPage\":{\"@id\":\"https:\/\/www.salve.si\/trgovina\/knjige\/zgodovina-stega-ljubljana-2\/#primaryimage\"},\"image\":{\"@id\":\"https:\/\/www.salve.si\/trgovina\/knjige\/zgodovina-stega-ljubljana-2\/#primaryimage\"},\"thumbnailUrl\":\"https:\/\/www.salve.si\/wp-content\/uploads\/2024\/11\/Slika_1.jpg\",\"datePublished\":\"2024-11-14T10:22:56+00:00\",\"dateModified\":\"2024-11-20T17:12:25+00:00\",\"breadcrumb\":{\"@id\":\"https:\/\/www.salve.si\/trgovina\/knjige\/zgodovina-stega-ljubljana-2\/#breadcrumb\"},\"inLanguage\":\"en-US\",\"potentialAction\":[{\"@type\":\"ReadAction\",\"target\":[\"https:\/\/www.salve.si\/trgovina\/knjige\/zgodovina-stega-ljubljana-2\/\"]}]},{\"@type\":\"ImageObject\",\"inLanguage\":\"en-US\",\"@id\":\"https:\/\/www.salve.si\/trgovina\/knjige\/zgodovina-stega-ljubljana-2\/#primaryimage\",\"url\":\"https:\/\/www.salve.si\/wp-content\/uploads\/2024\/11\/Slika_1.jpg\",\"contentUrl\":\"https:\/\/www.salve.si\/wp-content\/uploads\/2024\/11\/Slika_1.jpg\",\"width\":1271,\"height\":887},{\"@type\":\"BreadcrumbList\",\"@id\":\"https:\/\/www.salve.si\/trgovina\/knjige\/zgodovina-stega-ljubljana-2\/#breadcrumb\",\"itemListElement\":[{\"@type\":\"ListItem\",\"position\":1,\"name\":\"Home\",\"item\":\"https:\/\/www.salve.si\/\"},{\"@type\":\"ListItem\",\"position\":2,\"name\":\"Trgovina\",\"item\":\"https:\/\/www.salve.si\/trgovina\/\"},{\"@type\":\"ListItem\",\"position\":3,\"name\":\"ZGODOVINA STEGA LJUBLJANA 2.\"}]},{\"@type\":\"WebSite\",\"@id\":\"https:\/\/www.salve.si\/#website\",\"url\":\"https:\/\/www.salve.si\/\",\"name\":\"Salve\",\"description\":\"Salezijanska zalo\u017eba\",\"publisher\":{\"@id\":\"https:\/\/www.salve.si\/#organization\"},\"potentialAction\":[{\"@type\":\"SearchAction\",\"target\":{\"@type\":\"EntryPoint\",\"urlTemplate\":\"https:\/\/www.salve.si\/?s={search_term_string}\"},\"query-input\":{\"@type\":\"PropertyValueSpecification\",\"valueRequired\":true,\"valueName\":\"search_term_string\"}}],\"inLanguage\":\"en-US\"},{\"@type\":\"Organization\",\"@id\":\"https:\/\/www.salve.si\/#organization\",\"name\":\"Salve d.o.o.\",\"url\":\"https:\/\/www.salve.si\/\",\"logo\":{\"@type\":\"ImageObject\",\"inLanguage\":\"en-US\",\"@id\":\"https:\/\/www.salve.si\/#\/schema\/logo\/image\/\",\"url\":\"https:\/\/www.salve.si\/wp-content\/uploads\/2021\/01\/Salve_logo_modri_nov_web.png\",\"contentUrl\":\"https:\/\/www.salve.si\/wp-content\/uploads\/2021\/01\/Salve_logo_modri_nov_web.png\",\"width\":279,\"height\":90,\"caption\":\"Salve d.o.o.\"},\"image\":{\"@id\":\"https:\/\/www.salve.si\/#\/schema\/logo\/image\/\"},\"sameAs\":[\"https:\/\/www.facebook.com\/salve.si\",\"https:\/\/www.instagram.com\/zalozbasalve\/\",\"https:\/\/www.linkedin.com\/company\/zalozba-salve\/\"]}]}<\/script>\n<!-- \/ Yoast SEO plugin. -->","yoast_head_json":{"title":"ZGODOVINA STEGA LJUBLJANA 2. - Salve","robots":{"index":"index","follow":"follow","max-snippet":"max-snippet:-1","max-image-preview":"max-image-preview:large","max-video-preview":"max-video-preview:-1"},"canonical":"https:\/\/www.salve.si\/en\/trgovina\/knjige\/zgodovina-stega-ljubljana-2\/","og_locale":"en_US","og_type":"article","og_title":"ZGODOVINA STEGA LJUBLJANA 2. - Salve","og_description":"Skavtski steg Ljubljana 2 je ob svoji 30 obletnici izdal zbornik, ki nam kronolo\u0161ko predstavi delovanje enega najstarej\u0161ih stegov v Sloveniji.","og_url":"https:\/\/www.salve.si\/en\/trgovina\/knjige\/zgodovina-stega-ljubljana-2\/","og_site_name":"Salve","article_publisher":"https:\/\/www.facebook.com\/salve.si","article_modified_time":"2024-11-20T17:12:25+00:00","og_image":[{"width":1271,"height":887,"url":"https:\/\/www.salve.si\/wp-content\/uploads\/2024\/11\/Slika_1.jpg","type":"image\/jpeg"}],"twitter_card":"summary_large_image","twitter_misc":{"Est. reading time":"4 minutes"},"schema":{"@context":"https:\/\/schema.org","@graph":[{"@type":"WebPage","@id":"https:\/\/www.salve.si\/trgovina\/knjige\/zgodovina-stega-ljubljana-2\/","url":"https:\/\/www.salve.si\/trgovina\/knjige\/zgodovina-stega-ljubljana-2\/","name":"ZGODOVINA STEGA LJUBLJANA 2. - Salve","isPartOf":{"@id":"https:\/\/www.salve.si\/#website"},"primaryImageOfPage":{"@id":"https:\/\/www.salve.si\/trgovina\/knjige\/zgodovina-stega-ljubljana-2\/#primaryimage"},"image":{"@id":"https:\/\/www.salve.si\/trgovina\/knjige\/zgodovina-stega-ljubljana-2\/#primaryimage"},"thumbnailUrl":"https:\/\/www.salve.si\/wp-content\/uploads\/2024\/11\/Slika_1.jpg","datePublished":"2024-11-14T10:22:56+00:00","dateModified":"2024-11-20T17:12:25+00:00","breadcrumb":{"@id":"https:\/\/www.salve.si\/trgovina\/knjige\/zgodovina-stega-ljubljana-2\/#breadcrumb"},"inLanguage":"en-US","potentialAction":[{"@type":"ReadAction","target":["https:\/\/www.salve.si\/trgovina\/knjige\/zgodovina-stega-ljubljana-2\/"]}]},{"@type":"ImageObject","inLanguage":"en-US","@id":"https:\/\/www.salve.si\/trgovina\/knjige\/zgodovina-stega-ljubljana-2\/#primaryimage","url":"https:\/\/www.salve.si\/wp-content\/uploads\/2024\/11\/Slika_1.jpg","contentUrl":"https:\/\/www.salve.si\/wp-content\/uploads\/2024\/11\/Slika_1.jpg","width":1271,"height":887},{"@type":"BreadcrumbList","@id":"https:\/\/www.salve.si\/trgovina\/knjige\/zgodovina-stega-ljubljana-2\/#breadcrumb","itemListElement":[{"@type":"ListItem","position":1,"name":"Home","item":"https:\/\/www.salve.si\/"},{"@type":"ListItem","position":2,"name":"Trgovina","item":"https:\/\/www.salve.si\/trgovina\/"},{"@type":"ListItem","position":3,"name":"ZGODOVINA STEGA LJUBLJANA 2."}]},{"@type":"WebSite","@id":"https:\/\/www.salve.si\/#website","url":"https:\/\/www.salve.si\/","name":"Salve","description":"Salezijanska zalo\u017eba","publisher":{"@id":"https:\/\/www.salve.si\/#organization"},"potentialAction":[{"@type":"SearchAction","target":{"@type":"EntryPoint","urlTemplate":"https:\/\/www.salve.si\/?s={search_term_string}"},"query-input":{"@type":"PropertyValueSpecification","valueRequired":true,"valueName":"search_term_string"}}],"inLanguage":"en-US"},{"@type":"Organization","@id":"https:\/\/www.salve.si\/#organization","name":"Salve d.o.o.","url":"https:\/\/www.salve.si\/","logo":{"@type":"ImageObject","inLanguage":"en-US","@id":"https:\/\/www.salve.si\/#\/schema\/logo\/image\/","url":"https:\/\/www.salve.si\/wp-content\/uploads\/2021\/01\/Salve_logo_modri_nov_web.png","contentUrl":"https:\/\/www.salve.si\/wp-content\/uploads\/2021\/01\/Salve_logo_modri_nov_web.png","width":279,"height":90,"caption":"Salve d.o.o."},"image":{"@id":"https:\/\/www.salve.si\/#\/schema\/logo\/image\/"},"sameAs":["https:\/\/www.facebook.com\/salve.si","https:\/\/www.instagram.com\/zalozbasalve\/","https:\/\/www.linkedin.com\/company\/zalozba-salve\/"]}]}},"_links":{"self":[{"href":"https:\/\/www.salve.si\/en\/wp-json\/wp\/v2\/product\/19175","targetHints":{"allow":["GET"]}}],"collection":[{"href":"https:\/\/www.salve.si\/en\/wp-json\/wp\/v2\/product"}],"about":[{"href":"https:\/\/www.salve.si\/en\/wp-json\/wp\/v2\/types\/product"}],"version-history":[{"count":5,"href":"https:\/\/www.salve.si\/en\/wp-json\/wp\/v2\/product\/19175\/revisions"}],"predecessor-version":[{"id":19227,"href":"https:\/\/www.salve.si\/en\/wp-json\/wp\/v2\/product\/19175\/revisions\/19227"}],"wp:featuredmedia":[{"embeddable":true,"href":"https:\/\/www.salve.si\/en\/wp-json\/wp\/v2\/media\/19220"}],"wp:attachment":[{"href":"https:\/\/www.salve.si\/en\/wp-json\/wp\/v2\/media?parent=19175"}],"wp:term":[{"taxonomy":"product_cat","embeddable":true,"href":"https:\/\/www.salve.si\/en\/wp-json\/wp\/v2\/product_cat?post=19175"},{"taxonomy":"product_tag","embeddable":true,"href":"https:\/\/www.salve.si\/en\/wp-json\/wp\/v2\/product_tag?post=19175"}],"curies":[{"name":"wp","href":"https:\/\/api.w.org\/{rel}","templated":true}]}}