{"id":19121,"date":"2024-10-28T12:09:48","date_gmt":"2024-10-28T11:09:48","guid":{"rendered":"https:\/\/www.salve.si\/?post_type=product&#038;p=19121"},"modified":"2026-01-01T00:00:07","modified_gmt":"2025-12-31T23:00:07","slug":"nenavaden-primer-brezglavega-pianista","status":"publish","type":"product","link":"https:\/\/www.salve.si\/en\/trgovina\/knjige\/mladinska-literatura\/nenavaden-primer-brezglavega-pianista\/","title":{"rendered":"NENAVADEN PRIMER BREZGLAVEGA PIANISTA"},"content":{"rendered":"<p>Dragi prijatelji, ime mi je Fredi Nietzsche, star sem dvanajst let in sem \u010dlan Akademije, zaveti\u0161\u010da za sirote, ki ga je v mestu Barville ustanovila Zofija Hipatija. Tukaj se vsi u\u010dimo filozofije, hkrati pa sodelujemo z lokalno policijo. Ja, umore raziskujemo. Na\u0161a detektivska agencija se imenuje FILO&amp;ZOFIJA. Za razre\u0161evanje primerov uporabljamo filozofsko mi\u0161ljenje, razumski, kriti\u010den in ustvarjalen na\u010din razmi\u0161ljanja, ki i\u0161\u010de odgovore na prav vse, celo na re\u010di, ki na prvi pogled nimajo nobene logike.<span class=\"slv-content-keywords\"> Filo&amp;Zofija Cuca Canals Knjige Mladinska literatura <\/span><\/p>","protected":false},"excerpt":{"rendered":"<p><span class=\"OYPEnA font-feature-liga-off font-feature-clig-off font-feature-calt-off text-decoration-none text-strikethrough-none\">Novi del mladinskih detektivskih uspe\u0161nic je tukaj!<\/span><\/p>\n<p><span class=\"OYPEnA font-feature-liga-off font-feature-clig-off font-feature-calt-off text-decoration-none text-strikethrough-none\">Po knjigah Skrivnost za tovarni\u0161kimi zidovi in Moril\u010devi pli\u0161asti medvedki, v novem delu detektivsko uganko re\u0161ujemo skozi filozofsko misel F. NietzschejA.\u00a0<\/span><\/p>\n<p>Kako bo filozofska dru\u0161\u010dina tokrat re\u0161ila detektivsko uganko? Preveri v novi knjigi Nenavaden primer brezglavega pianista.<\/p>","protected":false},"featured_media":19122,"template":"","meta":{"_acf_changed":false,"footnotes":""},"product_cat":[1166,141],"product_tag":[],"class_list":{"0":"post-19121","1":"product","2":"type-product","3":"status-publish","4":"has-post-thumbnail","6":"zbirke-filozofija","7":"authors-cuca-canals","8":"publisher-salve-d-o-o-ljubljana","9":"product_cat-mladinska-literatura","10":"product_cat-knjige","12":"first","13":"instock","14":"shipping-taxable","15":"purchasable","16":"product-type-simple"},"acf":[],"yoast_head":"<!-- This site is optimized with the Yoast SEO plugin v23.8 - https:\/\/yoast.com\/wordpress\/plugins\/seo\/ -->\n<title>NENAVADEN PRIMER BREZGLAVEGA PIANISTA - Salve<\/title>\n<meta name=\"robots\" content=\"index, follow, max-snippet:-1, max-image-preview:large, max-video-preview:-1\" \/>\n<link rel=\"canonical\" href=\"https:\/\/www.salve.si\/en\/trgovina\/knjige\/mladinska-literatura\/nenavaden-primer-brezglavega-pianista\/\" \/>\n<meta property=\"og:locale\" content=\"en_US\" \/>\n<meta property=\"og:type\" content=\"article\" \/>\n<meta property=\"og:title\" content=\"NENAVADEN PRIMER BREZGLAVEGA PIANISTA - Salve\" \/>\n<meta property=\"og:description\" content=\"Novi del mladinskih detektivskih uspe\u0161nic je tukaj!  Po knjigah Skrivnost za tovarni\u0161kimi zidovi in Moril\u010devi pli\u0161asti medvedki, v novem delu detektivsko uganko re\u0161ujemo skozi filozofsko misel F. NietzschejA.\u00a0  Kako bo filozofska dru\u0161\u010dina tokrat re\u0161ila detektivsko uganko? Preveri v novi knjigi Nenavaden primer brezglavega pianista.\" \/>\n<meta property=\"og:url\" content=\"https:\/\/www.salve.si\/en\/trgovina\/knjige\/mladinska-literatura\/nenavaden-primer-brezglavega-pianista\/\" \/>\n<meta property=\"og:site_name\" content=\"Salve\" \/>\n<meta property=\"article:publisher\" content=\"https:\/\/www.facebook.com\/salve.si\" \/>\n<meta property=\"article:modified_time\" content=\"2025-12-31T23:00:07+00:00\" \/>\n<meta property=\"og:image\" content=\"https:\/\/www.salve.si\/wp-content\/uploads\/2024\/10\/FiloZofija03-NASLOVNICA.jpg\" \/>\n\t<meta property=\"og:image:width\" content=\"1282\" \/>\n\t<meta property=\"og:image:height\" content=\"2018\" \/>\n\t<meta property=\"og:image:type\" content=\"image\/jpeg\" \/>\n<meta name=\"twitter:card\" content=\"summary_large_image\" \/>\n<meta name=\"twitter:label1\" content=\"Est. reading time\" \/>\n\t<meta name=\"twitter:data1\" content=\"1 minute\" \/>\n<script type=\"application\/ld+json\" class=\"yoast-schema-graph\">{\"@context\":\"https:\/\/schema.org\",\"@graph\":[{\"@type\":\"WebPage\",\"@id\":\"https:\/\/www.salve.si\/trgovina\/knjige\/mladinska-literatura\/nenavaden-primer-brezglavega-pianista\/\",\"url\":\"https:\/\/www.salve.si\/trgovina\/knjige\/mladinska-literatura\/nenavaden-primer-brezglavega-pianista\/\",\"name\":\"NENAVADEN PRIMER BREZGLAVEGA PIANISTA - Salve\",\"isPartOf\":{\"@id\":\"https:\/\/www.salve.si\/#website\"},\"primaryImageOfPage\":{\"@id\":\"https:\/\/www.salve.si\/trgovina\/knjige\/mladinska-literatura\/nenavaden-primer-brezglavega-pianista\/#primaryimage\"},\"image\":{\"@id\":\"https:\/\/www.salve.si\/trgovina\/knjige\/mladinska-literatura\/nenavaden-primer-brezglavega-pianista\/#primaryimage\"},\"thumbnailUrl\":\"https:\/\/www.salve.si\/wp-content\/uploads\/2024\/10\/FiloZofija03-NASLOVNICA.jpg\",\"datePublished\":\"2024-10-28T11:09:48+00:00\",\"dateModified\":\"2025-12-31T23:00:07+00:00\",\"breadcrumb\":{\"@id\":\"https:\/\/www.salve.si\/trgovina\/knjige\/mladinska-literatura\/nenavaden-primer-brezglavega-pianista\/#breadcrumb\"},\"inLanguage\":\"en-US\",\"potentialAction\":[{\"@type\":\"ReadAction\",\"target\":[\"https:\/\/www.salve.si\/trgovina\/knjige\/mladinska-literatura\/nenavaden-primer-brezglavega-pianista\/\"]}]},{\"@type\":\"ImageObject\",\"inLanguage\":\"en-US\",\"@id\":\"https:\/\/www.salve.si\/trgovina\/knjige\/mladinska-literatura\/nenavaden-primer-brezglavega-pianista\/#primaryimage\",\"url\":\"https:\/\/www.salve.si\/wp-content\/uploads\/2024\/10\/FiloZofija03-NASLOVNICA.jpg\",\"contentUrl\":\"https:\/\/www.salve.si\/wp-content\/uploads\/2024\/10\/FiloZofija03-NASLOVNICA.jpg\",\"width\":1282,\"height\":2018},{\"@type\":\"BreadcrumbList\",\"@id\":\"https:\/\/www.salve.si\/trgovina\/knjige\/mladinska-literatura\/nenavaden-primer-brezglavega-pianista\/#breadcrumb\",\"itemListElement\":[{\"@type\":\"ListItem\",\"position\":1,\"name\":\"Home\",\"item\":\"https:\/\/www.salve.si\/\"},{\"@type\":\"ListItem\",\"position\":2,\"name\":\"Trgovina\",\"item\":\"https:\/\/www.salve.si\/trgovina\/\"},{\"@type\":\"ListItem\",\"position\":3,\"name\":\"NENAVADEN PRIMER BREZGLAVEGA PIANISTA\"}]},{\"@type\":\"WebSite\",\"@id\":\"https:\/\/www.salve.si\/#website\",\"url\":\"https:\/\/www.salve.si\/\",\"name\":\"Salve\",\"description\":\"Salezijanska zalo\u017eba\",\"publisher\":{\"@id\":\"https:\/\/www.salve.si\/#organization\"},\"potentialAction\":[{\"@type\":\"SearchAction\",\"target\":{\"@type\":\"EntryPoint\",\"urlTemplate\":\"https:\/\/www.salve.si\/?s={search_term_string}\"},\"query-input\":{\"@type\":\"PropertyValueSpecification\",\"valueRequired\":true,\"valueName\":\"search_term_string\"}}],\"inLanguage\":\"en-US\"},{\"@type\":\"Organization\",\"@id\":\"https:\/\/www.salve.si\/#organization\",\"name\":\"Salve d.o.o.\",\"url\":\"https:\/\/www.salve.si\/\",\"logo\":{\"@type\":\"ImageObject\",\"inLanguage\":\"en-US\",\"@id\":\"https:\/\/www.salve.si\/#\/schema\/logo\/image\/\",\"url\":\"https:\/\/www.salve.si\/wp-content\/uploads\/2021\/01\/Salve_logo_modri_nov_web.png\",\"contentUrl\":\"https:\/\/www.salve.si\/wp-content\/uploads\/2021\/01\/Salve_logo_modri_nov_web.png\",\"width\":279,\"height\":90,\"caption\":\"Salve d.o.o.\"},\"image\":{\"@id\":\"https:\/\/www.salve.si\/#\/schema\/logo\/image\/\"},\"sameAs\":[\"https:\/\/www.facebook.com\/salve.si\",\"https:\/\/www.instagram.com\/zalozbasalve\/\",\"https:\/\/www.linkedin.com\/company\/zalozba-salve\/\"]}]}<\/script>\n<!-- \/ Yoast SEO plugin. -->","yoast_head_json":{"title":"NENAVADEN PRIMER BREZGLAVEGA PIANISTA - Salve","robots":{"index":"index","follow":"follow","max-snippet":"max-snippet:-1","max-image-preview":"max-image-preview:large","max-video-preview":"max-video-preview:-1"},"canonical":"https:\/\/www.salve.si\/en\/trgovina\/knjige\/mladinska-literatura\/nenavaden-primer-brezglavega-pianista\/","og_locale":"en_US","og_type":"article","og_title":"NENAVADEN PRIMER BREZGLAVEGA PIANISTA - Salve","og_description":"Novi del mladinskih detektivskih uspe\u0161nic je tukaj!  Po knjigah Skrivnost za tovarni\u0161kimi zidovi in Moril\u010devi pli\u0161asti medvedki, v novem delu detektivsko uganko re\u0161ujemo skozi filozofsko misel F. NietzschejA.\u00a0  Kako bo filozofska dru\u0161\u010dina tokrat re\u0161ila detektivsko uganko? Preveri v novi knjigi Nenavaden primer brezglavega pianista.","og_url":"https:\/\/www.salve.si\/en\/trgovina\/knjige\/mladinska-literatura\/nenavaden-primer-brezglavega-pianista\/","og_site_name":"Salve","article_publisher":"https:\/\/www.facebook.com\/salve.si","article_modified_time":"2025-12-31T23:00:07+00:00","og_image":[{"width":1282,"height":2018,"url":"https:\/\/www.salve.si\/wp-content\/uploads\/2024\/10\/FiloZofija03-NASLOVNICA.jpg","type":"image\/jpeg"}],"twitter_card":"summary_large_image","twitter_misc":{"Est. reading time":"1 minute"},"schema":{"@context":"https:\/\/schema.org","@graph":[{"@type":"WebPage","@id":"https:\/\/www.salve.si\/trgovina\/knjige\/mladinska-literatura\/nenavaden-primer-brezglavega-pianista\/","url":"https:\/\/www.salve.si\/trgovina\/knjige\/mladinska-literatura\/nenavaden-primer-brezglavega-pianista\/","name":"NENAVADEN PRIMER BREZGLAVEGA PIANISTA - Salve","isPartOf":{"@id":"https:\/\/www.salve.si\/#website"},"primaryImageOfPage":{"@id":"https:\/\/www.salve.si\/trgovina\/knjige\/mladinska-literatura\/nenavaden-primer-brezglavega-pianista\/#primaryimage"},"image":{"@id":"https:\/\/www.salve.si\/trgovina\/knjige\/mladinska-literatura\/nenavaden-primer-brezglavega-pianista\/#primaryimage"},"thumbnailUrl":"https:\/\/www.salve.si\/wp-content\/uploads\/2024\/10\/FiloZofija03-NASLOVNICA.jpg","datePublished":"2024-10-28T11:09:48+00:00","dateModified":"2025-12-31T23:00:07+00:00","breadcrumb":{"@id":"https:\/\/www.salve.si\/trgovina\/knjige\/mladinska-literatura\/nenavaden-primer-brezglavega-pianista\/#breadcrumb"},"inLanguage":"en-US","potentialAction":[{"@type":"ReadAction","target":["https:\/\/www.salve.si\/trgovina\/knjige\/mladinska-literatura\/nenavaden-primer-brezglavega-pianista\/"]}]},{"@type":"ImageObject","inLanguage":"en-US","@id":"https:\/\/www.salve.si\/trgovina\/knjige\/mladinska-literatura\/nenavaden-primer-brezglavega-pianista\/#primaryimage","url":"https:\/\/www.salve.si\/wp-content\/uploads\/2024\/10\/FiloZofija03-NASLOVNICA.jpg","contentUrl":"https:\/\/www.salve.si\/wp-content\/uploads\/2024\/10\/FiloZofija03-NASLOVNICA.jpg","width":1282,"height":2018},{"@type":"BreadcrumbList","@id":"https:\/\/www.salve.si\/trgovina\/knjige\/mladinska-literatura\/nenavaden-primer-brezglavega-pianista\/#breadcrumb","itemListElement":[{"@type":"ListItem","position":1,"name":"Home","item":"https:\/\/www.salve.si\/"},{"@type":"ListItem","position":2,"name":"Trgovina","item":"https:\/\/www.salve.si\/trgovina\/"},{"@type":"ListItem","position":3,"name":"NENAVADEN PRIMER BREZGLAVEGA PIANISTA"}]},{"@type":"WebSite","@id":"https:\/\/www.salve.si\/#website","url":"https:\/\/www.salve.si\/","name":"Salve","description":"Salezijanska zalo\u017eba","publisher":{"@id":"https:\/\/www.salve.si\/#organization"},"potentialAction":[{"@type":"SearchAction","target":{"@type":"EntryPoint","urlTemplate":"https:\/\/www.salve.si\/?s={search_term_string}"},"query-input":{"@type":"PropertyValueSpecification","valueRequired":true,"valueName":"search_term_string"}}],"inLanguage":"en-US"},{"@type":"Organization","@id":"https:\/\/www.salve.si\/#organization","name":"Salve d.o.o.","url":"https:\/\/www.salve.si\/","logo":{"@type":"ImageObject","inLanguage":"en-US","@id":"https:\/\/www.salve.si\/#\/schema\/logo\/image\/","url":"https:\/\/www.salve.si\/wp-content\/uploads\/2021\/01\/Salve_logo_modri_nov_web.png","contentUrl":"https:\/\/www.salve.si\/wp-content\/uploads\/2021\/01\/Salve_logo_modri_nov_web.png","width":279,"height":90,"caption":"Salve d.o.o."},"image":{"@id":"https:\/\/www.salve.si\/#\/schema\/logo\/image\/"},"sameAs":["https:\/\/www.facebook.com\/salve.si","https:\/\/www.instagram.com\/zalozbasalve\/","https:\/\/www.linkedin.com\/company\/zalozba-salve\/"]}]}},"_links":{"self":[{"href":"https:\/\/www.salve.si\/en\/wp-json\/wp\/v2\/product\/19121","targetHints":{"allow":["GET"]}}],"collection":[{"href":"https:\/\/www.salve.si\/en\/wp-json\/wp\/v2\/product"}],"about":[{"href":"https:\/\/www.salve.si\/en\/wp-json\/wp\/v2\/types\/product"}],"version-history":[{"count":8,"href":"https:\/\/www.salve.si\/en\/wp-json\/wp\/v2\/product\/19121\/revisions"}],"predecessor-version":[{"id":19569,"href":"https:\/\/www.salve.si\/en\/wp-json\/wp\/v2\/product\/19121\/revisions\/19569"}],"wp:featuredmedia":[{"embeddable":true,"href":"https:\/\/www.salve.si\/en\/wp-json\/wp\/v2\/media\/19122"}],"wp:attachment":[{"href":"https:\/\/www.salve.si\/en\/wp-json\/wp\/v2\/media?parent=19121"}],"wp:term":[{"taxonomy":"product_cat","embeddable":true,"href":"https:\/\/www.salve.si\/en\/wp-json\/wp\/v2\/product_cat?post=19121"},{"taxonomy":"product_tag","embeddable":true,"href":"https:\/\/www.salve.si\/en\/wp-json\/wp\/v2\/product_tag?post=19121"}],"curies":[{"name":"wp","href":"https:\/\/api.w.org\/{rel}","templated":true}]}}