{"id":19011,"date":"2024-09-21T08:41:59","date_gmt":"2024-09-21T06:41:59","guid":{"rendered":"https:\/\/www.salve.si\/?post_type=product&#038;p=19011"},"modified":"2025-09-11T13:43:51","modified_gmt":"2025-09-11T11:43:51","slug":"uhani-srcki_-linija-don-bosko","status":"publish","type":"product","link":"https:\/\/www.salve.si\/en\/trgovina\/ostala-ponudba\/uhani-srcki_-linija-don-bosko\/","title":{"rendered":"UHANI &#8211; SR\u010cKI_ LINIJA DON BOSKO"},"content":{"rendered":"<p>V opombo ob naro\u010dilu lahko zapi\u0161ete, katero barvo uhan\u010dkov \u017eelite.<\/p>\n<p>Barve:<br \/>\n&#8211; Ne\u017eno roza<br \/>\n&#8211; Nebe\u0161ko modra<br \/>\n&#8211; Topla zlata<br \/>\n&#8211; Ve\u010dno bela<br \/>\n&#8211; Prava rde\u010da<br \/>\n&#8211; Turkizno zelena<\/p>\n<p>Material:<br \/>\n&#8211; kovina: kirur\u0161ko jeklo (ni alergeno, ne potemni, zelo vzdr\u017eljivo)<br \/>\n&#8211; Polimerna masa<\/p>\n<p><span class=\"slv-content-keywords\"> Ostala ponudba lepota linija don bosko mladi mladostnice sr\u010dek uhan\u010dki umetnost Linija don Bosko <\/span><\/p>","protected":false},"excerpt":{"rendered":"<p>Ko smo ustvarjali nakit, nas je vodila Don Boskova misel, Najve\u010dja sre\u010da otroka je spoznanje, da je ljubljen. Ta \u010dudovit stavek je ujet v simbolu srca, saj mora se\u010di prav do njega. Do srca, kamor je polo\u017eeno bistveno sporo\u010dilo, da smo ljubljeni taki kakr\u0161ni smo.<br \/>\nDostojanstvo namre\u010d ne prihaja od zunaj, ampak se z njim \u017ee rodimo.<\/p>\n<p>Zato me s temi uhani misel na njihov smibol opomni na to ve\u010dno ljubezen, ki nam je bila dana!<\/p>\n<p>Nosi jih z ljubeznijo!<\/p>\n<p>&nbsp;<\/p>\n<p>&nbsp;<\/p>\n<p>&nbsp;<\/p>","protected":false},"featured_media":20359,"template":"","meta":{"_acf_changed":false,"footnotes":""},"product_cat":[648],"product_tag":[1286,1285,806,1198,1284,1282,1283],"class_list":{"0":"post-19011","1":"product","2":"type-product","3":"status-publish","4":"has-post-thumbnail","6":"zbirke-linija-don-bosko","7":"publisher-salve-d-o-o-ljubljana","8":"product_cat-ostala-ponudba","9":"product_tag-lepota","10":"product_tag-linija-don-bosko","11":"product_tag-mladi","12":"product_tag-mladostnice","13":"product_tag-srcek","14":"product_tag-uhancki","15":"product_tag-umetnost","17":"first","18":"instock","19":"shipping-taxable","20":"purchasable","21":"product-type-simple"},"acf":[],"yoast_head":"<!-- This site is optimized with the Yoast SEO plugin v23.8 - https:\/\/yoast.com\/wordpress\/plugins\/seo\/ -->\n<title>UHANI - SR\u010cKI_ LINIJA DON BOSKO - Salve<\/title>\n<meta name=\"robots\" content=\"index, follow, max-snippet:-1, max-image-preview:large, max-video-preview:-1\" \/>\n<link rel=\"canonical\" href=\"https:\/\/www.salve.si\/en\/trgovina\/ostala-ponudba\/uhani-srcki_-linija-don-bosko\/\" \/>\n<meta property=\"og:locale\" content=\"en_US\" \/>\n<meta property=\"og:type\" content=\"article\" \/>\n<meta property=\"og:title\" content=\"UHANI - SR\u010cKI_ LINIJA DON BOSKO - Salve\" \/>\n<meta property=\"og:description\" content=\"Ko smo ustvarjali nakit, nas je vodila Don Boskova misel, Najve\u010dja sre\u010da otroka je spoznanje, da je ljubljen. Ta \u010dudovit stavek je ujet v simbolu srca, saj mora se\u010di prav do njega. Do srca, kamor je polo\u017eeno bistveno sporo\u010dilo, da smo ljubljeni taki kakr\u0161ni smo. Dostojanstvo namre\u010d ne prihaja od zunaj, ampak se z njim \u017ee rodimo.  Zato me s temi uhani misel na njihov smibol opomni na to ve\u010dno ljubezen, ki nam je bila dana!  Nosi jih z ljubeznijo!  &nbsp;  &nbsp;  &nbsp;\" \/>\n<meta property=\"og:url\" content=\"https:\/\/www.salve.si\/en\/trgovina\/ostala-ponudba\/uhani-srcki_-linija-don-bosko\/\" \/>\n<meta property=\"og:site_name\" content=\"Salve\" \/>\n<meta property=\"article:publisher\" content=\"https:\/\/www.facebook.com\/salve.si\" \/>\n<meta property=\"article:modified_time\" content=\"2025-09-11T11:43:51+00:00\" \/>\n<meta property=\"og:image\" content=\"https:\/\/www.salve.si\/wp-content\/uploads\/2024\/09\/ANA04631-scaled.jpg\" \/>\n\t<meta property=\"og:image:width\" content=\"1707\" \/>\n\t<meta property=\"og:image:height\" content=\"2560\" \/>\n\t<meta property=\"og:image:type\" content=\"image\/jpeg\" \/>\n<meta name=\"twitter:card\" content=\"summary_large_image\" \/>\n<meta name=\"twitter:label1\" content=\"Est. reading time\" \/>\n\t<meta name=\"twitter:data1\" content=\"1 minute\" \/>\n<script type=\"application\/ld+json\" class=\"yoast-schema-graph\">{\"@context\":\"https:\/\/schema.org\",\"@graph\":[{\"@type\":\"WebPage\",\"@id\":\"https:\/\/www.salve.si\/trgovina\/ostala-ponudba\/uhani-srcki_-linija-don-bosko\/\",\"url\":\"https:\/\/www.salve.si\/trgovina\/ostala-ponudba\/uhani-srcki_-linija-don-bosko\/\",\"name\":\"UHANI - SR\u010cKI_ LINIJA DON BOSKO - Salve\",\"isPartOf\":{\"@id\":\"https:\/\/www.salve.si\/#website\"},\"primaryImageOfPage\":{\"@id\":\"https:\/\/www.salve.si\/trgovina\/ostala-ponudba\/uhani-srcki_-linija-don-bosko\/#primaryimage\"},\"image\":{\"@id\":\"https:\/\/www.salve.si\/trgovina\/ostala-ponudba\/uhani-srcki_-linija-don-bosko\/#primaryimage\"},\"thumbnailUrl\":\"https:\/\/www.salve.si\/wp-content\/uploads\/2024\/09\/ANA04631-scaled.jpg\",\"datePublished\":\"2024-09-21T06:41:59+00:00\",\"dateModified\":\"2025-09-11T11:43:51+00:00\",\"breadcrumb\":{\"@id\":\"https:\/\/www.salve.si\/trgovina\/ostala-ponudba\/uhani-srcki_-linija-don-bosko\/#breadcrumb\"},\"inLanguage\":\"en-US\",\"potentialAction\":[{\"@type\":\"ReadAction\",\"target\":[\"https:\/\/www.salve.si\/trgovina\/ostala-ponudba\/uhani-srcki_-linija-don-bosko\/\"]}]},{\"@type\":\"ImageObject\",\"inLanguage\":\"en-US\",\"@id\":\"https:\/\/www.salve.si\/trgovina\/ostala-ponudba\/uhani-srcki_-linija-don-bosko\/#primaryimage\",\"url\":\"https:\/\/www.salve.si\/wp-content\/uploads\/2024\/09\/ANA04631-scaled.jpg\",\"contentUrl\":\"https:\/\/www.salve.si\/wp-content\/uploads\/2024\/09\/ANA04631-scaled.jpg\",\"width\":1707,\"height\":2560},{\"@type\":\"BreadcrumbList\",\"@id\":\"https:\/\/www.salve.si\/trgovina\/ostala-ponudba\/uhani-srcki_-linija-don-bosko\/#breadcrumb\",\"itemListElement\":[{\"@type\":\"ListItem\",\"position\":1,\"name\":\"Home\",\"item\":\"https:\/\/www.salve.si\/\"},{\"@type\":\"ListItem\",\"position\":2,\"name\":\"Trgovina\",\"item\":\"https:\/\/www.salve.si\/trgovina\/\"},{\"@type\":\"ListItem\",\"position\":3,\"name\":\"UHANI &#8211; SR\u010cKI_ LINIJA DON BOSKO\"}]},{\"@type\":\"WebSite\",\"@id\":\"https:\/\/www.salve.si\/#website\",\"url\":\"https:\/\/www.salve.si\/\",\"name\":\"Salve\",\"description\":\"Salezijanska zalo\u017eba\",\"publisher\":{\"@id\":\"https:\/\/www.salve.si\/#organization\"},\"potentialAction\":[{\"@type\":\"SearchAction\",\"target\":{\"@type\":\"EntryPoint\",\"urlTemplate\":\"https:\/\/www.salve.si\/?s={search_term_string}\"},\"query-input\":{\"@type\":\"PropertyValueSpecification\",\"valueRequired\":true,\"valueName\":\"search_term_string\"}}],\"inLanguage\":\"en-US\"},{\"@type\":\"Organization\",\"@id\":\"https:\/\/www.salve.si\/#organization\",\"name\":\"Salve d.o.o.\",\"url\":\"https:\/\/www.salve.si\/\",\"logo\":{\"@type\":\"ImageObject\",\"inLanguage\":\"en-US\",\"@id\":\"https:\/\/www.salve.si\/#\/schema\/logo\/image\/\",\"url\":\"https:\/\/www.salve.si\/wp-content\/uploads\/2021\/01\/Salve_logo_modri_nov_web.png\",\"contentUrl\":\"https:\/\/www.salve.si\/wp-content\/uploads\/2021\/01\/Salve_logo_modri_nov_web.png\",\"width\":279,\"height\":90,\"caption\":\"Salve d.o.o.\"},\"image\":{\"@id\":\"https:\/\/www.salve.si\/#\/schema\/logo\/image\/\"},\"sameAs\":[\"https:\/\/www.facebook.com\/salve.si\",\"https:\/\/www.instagram.com\/zalozbasalve\/\",\"https:\/\/www.linkedin.com\/company\/zalozba-salve\/\"]}]}<\/script>\n<!-- \/ Yoast SEO plugin. -->","yoast_head_json":{"title":"UHANI - SR\u010cKI_ LINIJA DON BOSKO - Salve","robots":{"index":"index","follow":"follow","max-snippet":"max-snippet:-1","max-image-preview":"max-image-preview:large","max-video-preview":"max-video-preview:-1"},"canonical":"https:\/\/www.salve.si\/en\/trgovina\/ostala-ponudba\/uhani-srcki_-linija-don-bosko\/","og_locale":"en_US","og_type":"article","og_title":"UHANI - SR\u010cKI_ LINIJA DON BOSKO - Salve","og_description":"Ko smo ustvarjali nakit, nas je vodila Don Boskova misel, Najve\u010dja sre\u010da otroka je spoznanje, da je ljubljen. Ta \u010dudovit stavek je ujet v simbolu srca, saj mora se\u010di prav do njega. Do srca, kamor je polo\u017eeno bistveno sporo\u010dilo, da smo ljubljeni taki kakr\u0161ni smo. Dostojanstvo namre\u010d ne prihaja od zunaj, ampak se z njim \u017ee rodimo.  Zato me s temi uhani misel na njihov smibol opomni na to ve\u010dno ljubezen, ki nam je bila dana!  Nosi jih z ljubeznijo!  &nbsp;  &nbsp;  &nbsp;","og_url":"https:\/\/www.salve.si\/en\/trgovina\/ostala-ponudba\/uhani-srcki_-linija-don-bosko\/","og_site_name":"Salve","article_publisher":"https:\/\/www.facebook.com\/salve.si","article_modified_time":"2025-09-11T11:43:51+00:00","og_image":[{"width":1707,"height":2560,"url":"https:\/\/www.salve.si\/wp-content\/uploads\/2024\/09\/ANA04631-scaled.jpg","type":"image\/jpeg"}],"twitter_card":"summary_large_image","twitter_misc":{"Est. reading time":"1 minute"},"schema":{"@context":"https:\/\/schema.org","@graph":[{"@type":"WebPage","@id":"https:\/\/www.salve.si\/trgovina\/ostala-ponudba\/uhani-srcki_-linija-don-bosko\/","url":"https:\/\/www.salve.si\/trgovina\/ostala-ponudba\/uhani-srcki_-linija-don-bosko\/","name":"UHANI - SR\u010cKI_ LINIJA DON BOSKO - Salve","isPartOf":{"@id":"https:\/\/www.salve.si\/#website"},"primaryImageOfPage":{"@id":"https:\/\/www.salve.si\/trgovina\/ostala-ponudba\/uhani-srcki_-linija-don-bosko\/#primaryimage"},"image":{"@id":"https:\/\/www.salve.si\/trgovina\/ostala-ponudba\/uhani-srcki_-linija-don-bosko\/#primaryimage"},"thumbnailUrl":"https:\/\/www.salve.si\/wp-content\/uploads\/2024\/09\/ANA04631-scaled.jpg","datePublished":"2024-09-21T06:41:59+00:00","dateModified":"2025-09-11T11:43:51+00:00","breadcrumb":{"@id":"https:\/\/www.salve.si\/trgovina\/ostala-ponudba\/uhani-srcki_-linija-don-bosko\/#breadcrumb"},"inLanguage":"en-US","potentialAction":[{"@type":"ReadAction","target":["https:\/\/www.salve.si\/trgovina\/ostala-ponudba\/uhani-srcki_-linija-don-bosko\/"]}]},{"@type":"ImageObject","inLanguage":"en-US","@id":"https:\/\/www.salve.si\/trgovina\/ostala-ponudba\/uhani-srcki_-linija-don-bosko\/#primaryimage","url":"https:\/\/www.salve.si\/wp-content\/uploads\/2024\/09\/ANA04631-scaled.jpg","contentUrl":"https:\/\/www.salve.si\/wp-content\/uploads\/2024\/09\/ANA04631-scaled.jpg","width":1707,"height":2560},{"@type":"BreadcrumbList","@id":"https:\/\/www.salve.si\/trgovina\/ostala-ponudba\/uhani-srcki_-linija-don-bosko\/#breadcrumb","itemListElement":[{"@type":"ListItem","position":1,"name":"Home","item":"https:\/\/www.salve.si\/"},{"@type":"ListItem","position":2,"name":"Trgovina","item":"https:\/\/www.salve.si\/trgovina\/"},{"@type":"ListItem","position":3,"name":"UHANI &#8211; SR\u010cKI_ LINIJA DON BOSKO"}]},{"@type":"WebSite","@id":"https:\/\/www.salve.si\/#website","url":"https:\/\/www.salve.si\/","name":"Salve","description":"Salezijanska zalo\u017eba","publisher":{"@id":"https:\/\/www.salve.si\/#organization"},"potentialAction":[{"@type":"SearchAction","target":{"@type":"EntryPoint","urlTemplate":"https:\/\/www.salve.si\/?s={search_term_string}"},"query-input":{"@type":"PropertyValueSpecification","valueRequired":true,"valueName":"search_term_string"}}],"inLanguage":"en-US"},{"@type":"Organization","@id":"https:\/\/www.salve.si\/#organization","name":"Salve d.o.o.","url":"https:\/\/www.salve.si\/","logo":{"@type":"ImageObject","inLanguage":"en-US","@id":"https:\/\/www.salve.si\/#\/schema\/logo\/image\/","url":"https:\/\/www.salve.si\/wp-content\/uploads\/2021\/01\/Salve_logo_modri_nov_web.png","contentUrl":"https:\/\/www.salve.si\/wp-content\/uploads\/2021\/01\/Salve_logo_modri_nov_web.png","width":279,"height":90,"caption":"Salve d.o.o."},"image":{"@id":"https:\/\/www.salve.si\/#\/schema\/logo\/image\/"},"sameAs":["https:\/\/www.facebook.com\/salve.si","https:\/\/www.instagram.com\/zalozbasalve\/","https:\/\/www.linkedin.com\/company\/zalozba-salve\/"]}]}},"_links":{"self":[{"href":"https:\/\/www.salve.si\/en\/wp-json\/wp\/v2\/product\/19011","targetHints":{"allow":["GET"]}}],"collection":[{"href":"https:\/\/www.salve.si\/en\/wp-json\/wp\/v2\/product"}],"about":[{"href":"https:\/\/www.salve.si\/en\/wp-json\/wp\/v2\/types\/product"}],"version-history":[{"count":4,"href":"https:\/\/www.salve.si\/en\/wp-json\/wp\/v2\/product\/19011\/revisions"}],"predecessor-version":[{"id":20363,"href":"https:\/\/www.salve.si\/en\/wp-json\/wp\/v2\/product\/19011\/revisions\/20363"}],"wp:featuredmedia":[{"embeddable":true,"href":"https:\/\/www.salve.si\/en\/wp-json\/wp\/v2\/media\/20359"}],"wp:attachment":[{"href":"https:\/\/www.salve.si\/en\/wp-json\/wp\/v2\/media?parent=19011"}],"wp:term":[{"taxonomy":"product_cat","embeddable":true,"href":"https:\/\/www.salve.si\/en\/wp-json\/wp\/v2\/product_cat?post=19011"},{"taxonomy":"product_tag","embeddable":true,"href":"https:\/\/www.salve.si\/en\/wp-json\/wp\/v2\/product_tag?post=19011"}],"curies":[{"name":"wp","href":"https:\/\/api.w.org\/{rel}","templated":true}]}}