{"id":18972,"date":"2024-09-16T15:03:26","date_gmt":"2024-09-16T13:03:26","guid":{"rendered":"https:\/\/www.salve.si\/?post_type=product&#038;p=18972"},"modified":"2025-09-11T10:09:09","modified_gmt":"2025-09-11T08:09:09","slug":"linija-don-bosko-zvezek-a5","status":"publish","type":"product","link":"https:\/\/www.salve.si\/en\/trgovina\/ostala-ponudba\/linija-don-bosko-zvezek-a5\/","title":{"rendered":"LINIJA DON BOSKO &#8211; ZVEZEK A5"},"content":{"rendered":"<p>Zvezek z \u010drtami je na voljo v 4. razli\u010dnih motivih. Dva fantovska in dva dekli\u0161ka.<\/p>\n<p><span class=\"slv-content-keywords\"> Ostala ponudba a5 don bosko misli ilustracija Tina Ber\u010di\u010d ustvarjanje zapisovanje zvezek Linija don Bosko <\/span><\/p>","protected":false},"excerpt":{"rendered":"<p>\u010cudoviti zvezek velikosti A5 z ilustracijo Tine Ber\u010di\u010d in mislijo sv. Janeza Boska. Zvezek lahko postane odli\u010den vsakdanji spremljevalec za otroke, kot tudi starej\u0161e. Idealen je za pisanje, risanje in ustvarjanje. Z \u010dudovitimi ilustriranimi platnicami in kakovostnim papirjem boste lahko z veseljem bele\u017eili svoje zamisli in dose\u017eke. Razvijajte kreativnost in radovednost \u017ee danes!<\/p>","protected":false},"featured_media":20330,"template":"","meta":{"_acf_changed":false,"footnotes":""},"product_cat":[648],"product_tag":[1274,1275,1202,1276,1278,1277,1273],"class_list":{"0":"post-18972","1":"product","2":"type-product","3":"status-publish","4":"has-post-thumbnail","6":"zbirke-linija-don-bosko","7":"publisher-salve-d-o-o-ljubljana","8":"product_cat-ostala-ponudba","9":"product_tag-a5","10":"product_tag-don-bosko-misli","11":"product_tag-ilustracija","12":"product_tag-tina-bercic","13":"product_tag-ustvarjanje","14":"product_tag-zapisovanje","15":"product_tag-zvezek","17":"first","18":"instock","19":"shipping-taxable","20":"purchasable","21":"product-type-variable"},"acf":[],"yoast_head":"<!-- This site is optimized with the Yoast SEO plugin v23.8 - https:\/\/yoast.com\/wordpress\/plugins\/seo\/ -->\n<title>LINIJA DON BOSKO - ZVEZEK A5 - Salve<\/title>\n<meta name=\"robots\" content=\"index, follow, max-snippet:-1, max-image-preview:large, max-video-preview:-1\" \/>\n<link rel=\"canonical\" href=\"https:\/\/www.salve.si\/en\/trgovina\/ostala-ponudba\/linija-don-bosko-zvezek-a5\/\" \/>\n<meta property=\"og:locale\" content=\"en_US\" \/>\n<meta property=\"og:type\" content=\"article\" \/>\n<meta property=\"og:title\" content=\"LINIJA DON BOSKO - ZVEZEK A5 - Salve\" \/>\n<meta property=\"og:description\" content=\"\u010cudoviti zvezek velikosti A5 z ilustracijo Tine Ber\u010di\u010d in mislijo sv. Janeza Boska. Zvezek lahko postane odli\u010den vsakdanji spremljevalec za otroke, kot tudi starej\u0161e. Idealen je za pisanje, risanje in ustvarjanje. Z \u010dudovitimi ilustriranimi platnicami in kakovostnim papirjem boste lahko z veseljem bele\u017eili svoje zamisli in dose\u017eke. Razvijajte kreativnost in radovednost \u017ee danes!\" \/>\n<meta property=\"og:url\" content=\"https:\/\/www.salve.si\/en\/trgovina\/ostala-ponudba\/linija-don-bosko-zvezek-a5\/\" \/>\n<meta property=\"og:site_name\" content=\"Salve\" \/>\n<meta property=\"article:publisher\" content=\"https:\/\/www.facebook.com\/salve.si\" \/>\n<meta property=\"article:modified_time\" content=\"2025-09-11T08:09:09+00:00\" \/>\n<meta property=\"og:image\" content=\"https:\/\/www.salve.si\/wp-content\/uploads\/2024\/09\/ANA07923-scaled.jpg\" \/>\n\t<meta property=\"og:image:width\" content=\"1707\" \/>\n\t<meta property=\"og:image:height\" content=\"2560\" \/>\n\t<meta property=\"og:image:type\" content=\"image\/jpeg\" \/>\n<meta name=\"twitter:card\" content=\"summary_large_image\" \/>\n<meta name=\"twitter:label1\" content=\"Est. reading time\" \/>\n\t<meta name=\"twitter:data1\" content=\"1 minute\" \/>\n<script type=\"application\/ld+json\" class=\"yoast-schema-graph\">{\"@context\":\"https:\/\/schema.org\",\"@graph\":[{\"@type\":\"WebPage\",\"@id\":\"https:\/\/www.salve.si\/trgovina\/ostala-ponudba\/linija-don-bosko-zvezek-a5\/\",\"url\":\"https:\/\/www.salve.si\/trgovina\/ostala-ponudba\/linija-don-bosko-zvezek-a5\/\",\"name\":\"LINIJA DON BOSKO - ZVEZEK A5 - Salve\",\"isPartOf\":{\"@id\":\"https:\/\/www.salve.si\/#website\"},\"primaryImageOfPage\":{\"@id\":\"https:\/\/www.salve.si\/trgovina\/ostala-ponudba\/linija-don-bosko-zvezek-a5\/#primaryimage\"},\"image\":{\"@id\":\"https:\/\/www.salve.si\/trgovina\/ostala-ponudba\/linija-don-bosko-zvezek-a5\/#primaryimage\"},\"thumbnailUrl\":\"https:\/\/www.salve.si\/wp-content\/uploads\/2024\/09\/ANA07923-scaled.jpg\",\"datePublished\":\"2024-09-16T13:03:26+00:00\",\"dateModified\":\"2025-09-11T08:09:09+00:00\",\"breadcrumb\":{\"@id\":\"https:\/\/www.salve.si\/trgovina\/ostala-ponudba\/linija-don-bosko-zvezek-a5\/#breadcrumb\"},\"inLanguage\":\"en-US\",\"potentialAction\":[{\"@type\":\"ReadAction\",\"target\":[\"https:\/\/www.salve.si\/trgovina\/ostala-ponudba\/linija-don-bosko-zvezek-a5\/\"]}]},{\"@type\":\"ImageObject\",\"inLanguage\":\"en-US\",\"@id\":\"https:\/\/www.salve.si\/trgovina\/ostala-ponudba\/linija-don-bosko-zvezek-a5\/#primaryimage\",\"url\":\"https:\/\/www.salve.si\/wp-content\/uploads\/2024\/09\/ANA07923-scaled.jpg\",\"contentUrl\":\"https:\/\/www.salve.si\/wp-content\/uploads\/2024\/09\/ANA07923-scaled.jpg\",\"width\":1707,\"height\":2560},{\"@type\":\"BreadcrumbList\",\"@id\":\"https:\/\/www.salve.si\/trgovina\/ostala-ponudba\/linija-don-bosko-zvezek-a5\/#breadcrumb\",\"itemListElement\":[{\"@type\":\"ListItem\",\"position\":1,\"name\":\"Home\",\"item\":\"https:\/\/www.salve.si\/\"},{\"@type\":\"ListItem\",\"position\":2,\"name\":\"Trgovina\",\"item\":\"https:\/\/www.salve.si\/trgovina\/\"},{\"@type\":\"ListItem\",\"position\":3,\"name\":\"LINIJA DON BOSKO &#8211; ZVEZEK A5\"}]},{\"@type\":\"WebSite\",\"@id\":\"https:\/\/www.salve.si\/#website\",\"url\":\"https:\/\/www.salve.si\/\",\"name\":\"Salve\",\"description\":\"Salezijanska zalo\u017eba\",\"publisher\":{\"@id\":\"https:\/\/www.salve.si\/#organization\"},\"potentialAction\":[{\"@type\":\"SearchAction\",\"target\":{\"@type\":\"EntryPoint\",\"urlTemplate\":\"https:\/\/www.salve.si\/?s={search_term_string}\"},\"query-input\":{\"@type\":\"PropertyValueSpecification\",\"valueRequired\":true,\"valueName\":\"search_term_string\"}}],\"inLanguage\":\"en-US\"},{\"@type\":\"Organization\",\"@id\":\"https:\/\/www.salve.si\/#organization\",\"name\":\"Salve d.o.o.\",\"url\":\"https:\/\/www.salve.si\/\",\"logo\":{\"@type\":\"ImageObject\",\"inLanguage\":\"en-US\",\"@id\":\"https:\/\/www.salve.si\/#\/schema\/logo\/image\/\",\"url\":\"https:\/\/www.salve.si\/wp-content\/uploads\/2021\/01\/Salve_logo_modri_nov_web.png\",\"contentUrl\":\"https:\/\/www.salve.si\/wp-content\/uploads\/2021\/01\/Salve_logo_modri_nov_web.png\",\"width\":279,\"height\":90,\"caption\":\"Salve d.o.o.\"},\"image\":{\"@id\":\"https:\/\/www.salve.si\/#\/schema\/logo\/image\/\"},\"sameAs\":[\"https:\/\/www.facebook.com\/salve.si\",\"https:\/\/www.instagram.com\/zalozbasalve\/\",\"https:\/\/www.linkedin.com\/company\/zalozba-salve\/\"]}]}<\/script>\n<!-- \/ Yoast SEO plugin. -->","yoast_head_json":{"title":"LINIJA DON BOSKO - ZVEZEK A5 - Salve","robots":{"index":"index","follow":"follow","max-snippet":"max-snippet:-1","max-image-preview":"max-image-preview:large","max-video-preview":"max-video-preview:-1"},"canonical":"https:\/\/www.salve.si\/en\/trgovina\/ostala-ponudba\/linija-don-bosko-zvezek-a5\/","og_locale":"en_US","og_type":"article","og_title":"LINIJA DON BOSKO - ZVEZEK A5 - Salve","og_description":"\u010cudoviti zvezek velikosti A5 z ilustracijo Tine Ber\u010di\u010d in mislijo sv. Janeza Boska. Zvezek lahko postane odli\u010den vsakdanji spremljevalec za otroke, kot tudi starej\u0161e. Idealen je za pisanje, risanje in ustvarjanje. Z \u010dudovitimi ilustriranimi platnicami in kakovostnim papirjem boste lahko z veseljem bele\u017eili svoje zamisli in dose\u017eke. Razvijajte kreativnost in radovednost \u017ee danes!","og_url":"https:\/\/www.salve.si\/en\/trgovina\/ostala-ponudba\/linija-don-bosko-zvezek-a5\/","og_site_name":"Salve","article_publisher":"https:\/\/www.facebook.com\/salve.si","article_modified_time":"2025-09-11T08:09:09+00:00","og_image":[{"width":1707,"height":2560,"url":"https:\/\/www.salve.si\/wp-content\/uploads\/2024\/09\/ANA07923-scaled.jpg","type":"image\/jpeg"}],"twitter_card":"summary_large_image","twitter_misc":{"Est. reading time":"1 minute"},"schema":{"@context":"https:\/\/schema.org","@graph":[{"@type":"WebPage","@id":"https:\/\/www.salve.si\/trgovina\/ostala-ponudba\/linija-don-bosko-zvezek-a5\/","url":"https:\/\/www.salve.si\/trgovina\/ostala-ponudba\/linija-don-bosko-zvezek-a5\/","name":"LINIJA DON BOSKO - ZVEZEK A5 - Salve","isPartOf":{"@id":"https:\/\/www.salve.si\/#website"},"primaryImageOfPage":{"@id":"https:\/\/www.salve.si\/trgovina\/ostala-ponudba\/linija-don-bosko-zvezek-a5\/#primaryimage"},"image":{"@id":"https:\/\/www.salve.si\/trgovina\/ostala-ponudba\/linija-don-bosko-zvezek-a5\/#primaryimage"},"thumbnailUrl":"https:\/\/www.salve.si\/wp-content\/uploads\/2024\/09\/ANA07923-scaled.jpg","datePublished":"2024-09-16T13:03:26+00:00","dateModified":"2025-09-11T08:09:09+00:00","breadcrumb":{"@id":"https:\/\/www.salve.si\/trgovina\/ostala-ponudba\/linija-don-bosko-zvezek-a5\/#breadcrumb"},"inLanguage":"en-US","potentialAction":[{"@type":"ReadAction","target":["https:\/\/www.salve.si\/trgovina\/ostala-ponudba\/linija-don-bosko-zvezek-a5\/"]}]},{"@type":"ImageObject","inLanguage":"en-US","@id":"https:\/\/www.salve.si\/trgovina\/ostala-ponudba\/linija-don-bosko-zvezek-a5\/#primaryimage","url":"https:\/\/www.salve.si\/wp-content\/uploads\/2024\/09\/ANA07923-scaled.jpg","contentUrl":"https:\/\/www.salve.si\/wp-content\/uploads\/2024\/09\/ANA07923-scaled.jpg","width":1707,"height":2560},{"@type":"BreadcrumbList","@id":"https:\/\/www.salve.si\/trgovina\/ostala-ponudba\/linija-don-bosko-zvezek-a5\/#breadcrumb","itemListElement":[{"@type":"ListItem","position":1,"name":"Home","item":"https:\/\/www.salve.si\/"},{"@type":"ListItem","position":2,"name":"Trgovina","item":"https:\/\/www.salve.si\/trgovina\/"},{"@type":"ListItem","position":3,"name":"LINIJA DON BOSKO &#8211; ZVEZEK A5"}]},{"@type":"WebSite","@id":"https:\/\/www.salve.si\/#website","url":"https:\/\/www.salve.si\/","name":"Salve","description":"Salezijanska zalo\u017eba","publisher":{"@id":"https:\/\/www.salve.si\/#organization"},"potentialAction":[{"@type":"SearchAction","target":{"@type":"EntryPoint","urlTemplate":"https:\/\/www.salve.si\/?s={search_term_string}"},"query-input":{"@type":"PropertyValueSpecification","valueRequired":true,"valueName":"search_term_string"}}],"inLanguage":"en-US"},{"@type":"Organization","@id":"https:\/\/www.salve.si\/#organization","name":"Salve d.o.o.","url":"https:\/\/www.salve.si\/","logo":{"@type":"ImageObject","inLanguage":"en-US","@id":"https:\/\/www.salve.si\/#\/schema\/logo\/image\/","url":"https:\/\/www.salve.si\/wp-content\/uploads\/2021\/01\/Salve_logo_modri_nov_web.png","contentUrl":"https:\/\/www.salve.si\/wp-content\/uploads\/2021\/01\/Salve_logo_modri_nov_web.png","width":279,"height":90,"caption":"Salve d.o.o."},"image":{"@id":"https:\/\/www.salve.si\/#\/schema\/logo\/image\/"},"sameAs":["https:\/\/www.facebook.com\/salve.si","https:\/\/www.instagram.com\/zalozbasalve\/","https:\/\/www.linkedin.com\/company\/zalozba-salve\/"]}]}},"_links":{"self":[{"href":"https:\/\/www.salve.si\/en\/wp-json\/wp\/v2\/product\/18972","targetHints":{"allow":["GET"]}}],"collection":[{"href":"https:\/\/www.salve.si\/en\/wp-json\/wp\/v2\/product"}],"about":[{"href":"https:\/\/www.salve.si\/en\/wp-json\/wp\/v2\/types\/product"}],"version-history":[{"count":5,"href":"https:\/\/www.salve.si\/en\/wp-json\/wp\/v2\/product\/18972\/revisions"}],"predecessor-version":[{"id":20089,"href":"https:\/\/www.salve.si\/en\/wp-json\/wp\/v2\/product\/18972\/revisions\/20089"}],"wp:featuredmedia":[{"embeddable":true,"href":"https:\/\/www.salve.si\/en\/wp-json\/wp\/v2\/media\/20330"}],"wp:attachment":[{"href":"https:\/\/www.salve.si\/en\/wp-json\/wp\/v2\/media?parent=18972"}],"wp:term":[{"taxonomy":"product_cat","embeddable":true,"href":"https:\/\/www.salve.si\/en\/wp-json\/wp\/v2\/product_cat?post=18972"},{"taxonomy":"product_tag","embeddable":true,"href":"https:\/\/www.salve.si\/en\/wp-json\/wp\/v2\/product_tag?post=18972"}],"curies":[{"name":"wp","href":"https:\/\/api.w.org\/{rel}","templated":true}]}}