{"id":18859,"date":"2024-07-29T14:01:38","date_gmt":"2024-07-29T12:01:38","guid":{"rendered":"https:\/\/www.salve.si\/?post_type=product&#038;p=18859"},"modified":"2026-01-01T00:00:09","modified_gmt":"2025-12-31T23:00:09","slug":"neznano-ozemlje","status":"publish","type":"product","link":"https:\/\/www.salve.si\/en\/trgovina\/knjige\/mladinska-literatura\/neznano-ozemlje\/","title":{"rendered":"NEZNANO OZEMLJE"},"content":{"rendered":"<p>O avtorju<br \/>\nLuis Leante se je rodil v kraju Caravaca de la Cruz (Murcia) leta 1963. Diplomiral je iz klasi\u010dne filologije in bil dvajset let srednje\u0161olski u\u010ditelj. Trenutno sodeluje z ve\u010d zalo\u017ebami in se posve\u010da pisanju. Objavil je ve\u010d dram, romanov za mladino in za odrasle, ki so prejeli najpresti\u017enej\u0161e literarne nagrade, kot sta nagradi Alfaguara ali Edeb\u00e9 za mladinsko knji\u017eevnost. Njegova dela so prevedena v ve\u010d kot dvajset jezikov.<span class=\"slv-content-keywords\"> Knjige Mladinska literatura mladi mladinska literatura mladinski roman neznano ozemlje roman Mladinska knji\u017enica Luis Leante MLADINSKI ROMAN <\/span><\/p>","protected":false},"excerpt":{"rendered":"<p>\u00bbNi bolj neznanega ozemlja, kot je pekel poni\u017eanja.\u00ab<\/p>\n<p>Pred \u0161tirimi leti je v mestecu Hondares po\u017ear uni\u010dil skladi\u0161\u010de Alberta Solerja. V njegovem sefu so bile takrat najdene \u010dlove\u0161ke kosti. Za policistko Padilla je bil primer zelo oseben, ne samo zaradi njenega prijateljstva z osumljencem, temve\u010d tudi zaradi njenega sina Diega, ki je bil v tistem trenutku so\u0161olec Albertove h\u010dere Alicie. Vse, kar se je tistega leta zgodilo na \u0161oli, je zanetilo ogenj, ki je opusto\u0161il kar nekaj \u017eivljenj.<br \/>\nTo pa je zgodba o preiskavi.<\/p>","protected":false},"featured_media":18861,"template":"","meta":{"_acf_changed":false,"footnotes":""},"product_cat":[1166,141],"product_tag":[806,1168,1142,1264,1133],"class_list":{"0":"post-18859","1":"product","2":"type-product","3":"status-publish","4":"has-post-thumbnail","6":"zbirke-mladinska-knjiznica","7":"authors-luis-leante","8":"publisher-salve-d-o-o-ljubljana","9":"product_cat-mladinska-literatura","10":"product_cat-knjige","11":"product_tag-mladi","12":"product_tag-mladinska-literatura","13":"product_tag-mladinski-roman","14":"product_tag-neznano-ozemlje","15":"product_tag-roman","17":"first","18":"instock","19":"shipping-taxable","20":"purchasable","21":"product-type-simple"},"acf":[],"yoast_head":"<!-- This site is optimized with the Yoast SEO plugin v23.8 - https:\/\/yoast.com\/wordpress\/plugins\/seo\/ -->\n<title>NEZNANO OZEMLJE - Salve<\/title>\n<meta name=\"robots\" content=\"index, follow, max-snippet:-1, max-image-preview:large, max-video-preview:-1\" \/>\n<link rel=\"canonical\" href=\"https:\/\/www.salve.si\/en\/trgovina\/knjige\/mladinska-literatura\/neznano-ozemlje\/\" \/>\n<meta property=\"og:locale\" content=\"en_US\" \/>\n<meta property=\"og:type\" content=\"article\" \/>\n<meta property=\"og:title\" content=\"NEZNANO OZEMLJE - Salve\" \/>\n<meta property=\"og:description\" content=\"\u00bbNi bolj neznanega ozemlja, kot je pekel poni\u017eanja.\u00ab  Pred \u0161tirimi leti je v mestecu Hondares po\u017ear uni\u010dil skladi\u0161\u010de Alberta Solerja. V njegovem sefu so bile takrat najdene \u010dlove\u0161ke kosti. Za policistko Padilla je bil primer zelo oseben, ne samo zaradi njenega prijateljstva z osumljencem, temve\u010d tudi zaradi njenega sina Diega, ki je bil v tistem trenutku so\u0161olec Albertove h\u010dere Alicie. Vse, kar se je tistega leta zgodilo na \u0161oli, je zanetilo ogenj, ki je opusto\u0161il kar nekaj \u017eivljenj. To pa je zgodba o preiskavi.\" \/>\n<meta property=\"og:url\" content=\"https:\/\/www.salve.si\/en\/trgovina\/knjige\/mladinska-literatura\/neznano-ozemlje\/\" \/>\n<meta property=\"og:site_name\" content=\"Salve\" \/>\n<meta property=\"article:publisher\" content=\"https:\/\/www.facebook.com\/salve.si\" \/>\n<meta property=\"article:modified_time\" content=\"2025-12-31T23:00:09+00:00\" \/>\n<meta property=\"og:image\" content=\"https:\/\/www.salve.si\/wp-content\/uploads\/2024\/07\/Neznano-ozemlje_NASLOVNICA.jpg\" \/>\n\t<meta property=\"og:image:width\" content=\"1034\" \/>\n\t<meta property=\"og:image:height\" content=\"1615\" \/>\n\t<meta property=\"og:image:type\" content=\"image\/jpeg\" \/>\n<meta name=\"twitter:card\" content=\"summary_large_image\" \/>\n<meta name=\"twitter:label1\" content=\"Est. reading time\" \/>\n\t<meta name=\"twitter:data1\" content=\"1 minute\" \/>\n<script type=\"application\/ld+json\" class=\"yoast-schema-graph\">{\"@context\":\"https:\/\/schema.org\",\"@graph\":[{\"@type\":\"WebPage\",\"@id\":\"https:\/\/www.salve.si\/trgovina\/knjige\/mladinska-literatura\/neznano-ozemlje\/\",\"url\":\"https:\/\/www.salve.si\/trgovina\/knjige\/mladinska-literatura\/neznano-ozemlje\/\",\"name\":\"NEZNANO OZEMLJE - Salve\",\"isPartOf\":{\"@id\":\"https:\/\/www.salve.si\/#website\"},\"primaryImageOfPage\":{\"@id\":\"https:\/\/www.salve.si\/trgovina\/knjige\/mladinska-literatura\/neznano-ozemlje\/#primaryimage\"},\"image\":{\"@id\":\"https:\/\/www.salve.si\/trgovina\/knjige\/mladinska-literatura\/neznano-ozemlje\/#primaryimage\"},\"thumbnailUrl\":\"https:\/\/www.salve.si\/wp-content\/uploads\/2024\/07\/Neznano-ozemlje_NASLOVNICA.jpg\",\"datePublished\":\"2024-07-29T12:01:38+00:00\",\"dateModified\":\"2025-12-31T23:00:09+00:00\",\"breadcrumb\":{\"@id\":\"https:\/\/www.salve.si\/trgovina\/knjige\/mladinska-literatura\/neznano-ozemlje\/#breadcrumb\"},\"inLanguage\":\"en-US\",\"potentialAction\":[{\"@type\":\"ReadAction\",\"target\":[\"https:\/\/www.salve.si\/trgovina\/knjige\/mladinska-literatura\/neznano-ozemlje\/\"]}]},{\"@type\":\"ImageObject\",\"inLanguage\":\"en-US\",\"@id\":\"https:\/\/www.salve.si\/trgovina\/knjige\/mladinska-literatura\/neznano-ozemlje\/#primaryimage\",\"url\":\"https:\/\/www.salve.si\/wp-content\/uploads\/2024\/07\/Neznano-ozemlje_NASLOVNICA.jpg\",\"contentUrl\":\"https:\/\/www.salve.si\/wp-content\/uploads\/2024\/07\/Neznano-ozemlje_NASLOVNICA.jpg\",\"width\":1034,\"height\":1615},{\"@type\":\"BreadcrumbList\",\"@id\":\"https:\/\/www.salve.si\/trgovina\/knjige\/mladinska-literatura\/neznano-ozemlje\/#breadcrumb\",\"itemListElement\":[{\"@type\":\"ListItem\",\"position\":1,\"name\":\"Home\",\"item\":\"https:\/\/www.salve.si\/\"},{\"@type\":\"ListItem\",\"position\":2,\"name\":\"Trgovina\",\"item\":\"https:\/\/www.salve.si\/trgovina\/\"},{\"@type\":\"ListItem\",\"position\":3,\"name\":\"NEZNANO OZEMLJE\"}]},{\"@type\":\"WebSite\",\"@id\":\"https:\/\/www.salve.si\/#website\",\"url\":\"https:\/\/www.salve.si\/\",\"name\":\"Salve\",\"description\":\"Salezijanska zalo\u017eba\",\"publisher\":{\"@id\":\"https:\/\/www.salve.si\/#organization\"},\"potentialAction\":[{\"@type\":\"SearchAction\",\"target\":{\"@type\":\"EntryPoint\",\"urlTemplate\":\"https:\/\/www.salve.si\/?s={search_term_string}\"},\"query-input\":{\"@type\":\"PropertyValueSpecification\",\"valueRequired\":true,\"valueName\":\"search_term_string\"}}],\"inLanguage\":\"en-US\"},{\"@type\":\"Organization\",\"@id\":\"https:\/\/www.salve.si\/#organization\",\"name\":\"Salve d.o.o.\",\"url\":\"https:\/\/www.salve.si\/\",\"logo\":{\"@type\":\"ImageObject\",\"inLanguage\":\"en-US\",\"@id\":\"https:\/\/www.salve.si\/#\/schema\/logo\/image\/\",\"url\":\"https:\/\/www.salve.si\/wp-content\/uploads\/2021\/01\/Salve_logo_modri_nov_web.png\",\"contentUrl\":\"https:\/\/www.salve.si\/wp-content\/uploads\/2021\/01\/Salve_logo_modri_nov_web.png\",\"width\":279,\"height\":90,\"caption\":\"Salve d.o.o.\"},\"image\":{\"@id\":\"https:\/\/www.salve.si\/#\/schema\/logo\/image\/\"},\"sameAs\":[\"https:\/\/www.facebook.com\/salve.si\",\"https:\/\/www.instagram.com\/zalozbasalve\/\",\"https:\/\/www.linkedin.com\/company\/zalozba-salve\/\"]}]}<\/script>\n<!-- \/ Yoast SEO plugin. -->","yoast_head_json":{"title":"NEZNANO OZEMLJE - Salve","robots":{"index":"index","follow":"follow","max-snippet":"max-snippet:-1","max-image-preview":"max-image-preview:large","max-video-preview":"max-video-preview:-1"},"canonical":"https:\/\/www.salve.si\/en\/trgovina\/knjige\/mladinska-literatura\/neznano-ozemlje\/","og_locale":"en_US","og_type":"article","og_title":"NEZNANO OZEMLJE - Salve","og_description":"\u00bbNi bolj neznanega ozemlja, kot je pekel poni\u017eanja.\u00ab  Pred \u0161tirimi leti je v mestecu Hondares po\u017ear uni\u010dil skladi\u0161\u010de Alberta Solerja. V njegovem sefu so bile takrat najdene \u010dlove\u0161ke kosti. Za policistko Padilla je bil primer zelo oseben, ne samo zaradi njenega prijateljstva z osumljencem, temve\u010d tudi zaradi njenega sina Diega, ki je bil v tistem trenutku so\u0161olec Albertove h\u010dere Alicie. Vse, kar se je tistega leta zgodilo na \u0161oli, je zanetilo ogenj, ki je opusto\u0161il kar nekaj \u017eivljenj. To pa je zgodba o preiskavi.","og_url":"https:\/\/www.salve.si\/en\/trgovina\/knjige\/mladinska-literatura\/neznano-ozemlje\/","og_site_name":"Salve","article_publisher":"https:\/\/www.facebook.com\/salve.si","article_modified_time":"2025-12-31T23:00:09+00:00","og_image":[{"width":1034,"height":1615,"url":"https:\/\/www.salve.si\/wp-content\/uploads\/2024\/07\/Neznano-ozemlje_NASLOVNICA.jpg","type":"image\/jpeg"}],"twitter_card":"summary_large_image","twitter_misc":{"Est. reading time":"1 minute"},"schema":{"@context":"https:\/\/schema.org","@graph":[{"@type":"WebPage","@id":"https:\/\/www.salve.si\/trgovina\/knjige\/mladinska-literatura\/neznano-ozemlje\/","url":"https:\/\/www.salve.si\/trgovina\/knjige\/mladinska-literatura\/neznano-ozemlje\/","name":"NEZNANO OZEMLJE - Salve","isPartOf":{"@id":"https:\/\/www.salve.si\/#website"},"primaryImageOfPage":{"@id":"https:\/\/www.salve.si\/trgovina\/knjige\/mladinska-literatura\/neznano-ozemlje\/#primaryimage"},"image":{"@id":"https:\/\/www.salve.si\/trgovina\/knjige\/mladinska-literatura\/neznano-ozemlje\/#primaryimage"},"thumbnailUrl":"https:\/\/www.salve.si\/wp-content\/uploads\/2024\/07\/Neznano-ozemlje_NASLOVNICA.jpg","datePublished":"2024-07-29T12:01:38+00:00","dateModified":"2025-12-31T23:00:09+00:00","breadcrumb":{"@id":"https:\/\/www.salve.si\/trgovina\/knjige\/mladinska-literatura\/neznano-ozemlje\/#breadcrumb"},"inLanguage":"en-US","potentialAction":[{"@type":"ReadAction","target":["https:\/\/www.salve.si\/trgovina\/knjige\/mladinska-literatura\/neznano-ozemlje\/"]}]},{"@type":"ImageObject","inLanguage":"en-US","@id":"https:\/\/www.salve.si\/trgovina\/knjige\/mladinska-literatura\/neznano-ozemlje\/#primaryimage","url":"https:\/\/www.salve.si\/wp-content\/uploads\/2024\/07\/Neznano-ozemlje_NASLOVNICA.jpg","contentUrl":"https:\/\/www.salve.si\/wp-content\/uploads\/2024\/07\/Neznano-ozemlje_NASLOVNICA.jpg","width":1034,"height":1615},{"@type":"BreadcrumbList","@id":"https:\/\/www.salve.si\/trgovina\/knjige\/mladinska-literatura\/neznano-ozemlje\/#breadcrumb","itemListElement":[{"@type":"ListItem","position":1,"name":"Home","item":"https:\/\/www.salve.si\/"},{"@type":"ListItem","position":2,"name":"Trgovina","item":"https:\/\/www.salve.si\/trgovina\/"},{"@type":"ListItem","position":3,"name":"NEZNANO OZEMLJE"}]},{"@type":"WebSite","@id":"https:\/\/www.salve.si\/#website","url":"https:\/\/www.salve.si\/","name":"Salve","description":"Salezijanska zalo\u017eba","publisher":{"@id":"https:\/\/www.salve.si\/#organization"},"potentialAction":[{"@type":"SearchAction","target":{"@type":"EntryPoint","urlTemplate":"https:\/\/www.salve.si\/?s={search_term_string}"},"query-input":{"@type":"PropertyValueSpecification","valueRequired":true,"valueName":"search_term_string"}}],"inLanguage":"en-US"},{"@type":"Organization","@id":"https:\/\/www.salve.si\/#organization","name":"Salve d.o.o.","url":"https:\/\/www.salve.si\/","logo":{"@type":"ImageObject","inLanguage":"en-US","@id":"https:\/\/www.salve.si\/#\/schema\/logo\/image\/","url":"https:\/\/www.salve.si\/wp-content\/uploads\/2021\/01\/Salve_logo_modri_nov_web.png","contentUrl":"https:\/\/www.salve.si\/wp-content\/uploads\/2021\/01\/Salve_logo_modri_nov_web.png","width":279,"height":90,"caption":"Salve d.o.o."},"image":{"@id":"https:\/\/www.salve.si\/#\/schema\/logo\/image\/"},"sameAs":["https:\/\/www.facebook.com\/salve.si","https:\/\/www.instagram.com\/zalozbasalve\/","https:\/\/www.linkedin.com\/company\/zalozba-salve\/"]}]}},"_links":{"self":[{"href":"https:\/\/www.salve.si\/en\/wp-json\/wp\/v2\/product\/18859","targetHints":{"allow":["GET"]}}],"collection":[{"href":"https:\/\/www.salve.si\/en\/wp-json\/wp\/v2\/product"}],"about":[{"href":"https:\/\/www.salve.si\/en\/wp-json\/wp\/v2\/types\/product"}],"version-history":[{"count":5,"href":"https:\/\/www.salve.si\/en\/wp-json\/wp\/v2\/product\/18859\/revisions"}],"predecessor-version":[{"id":18866,"href":"https:\/\/www.salve.si\/en\/wp-json\/wp\/v2\/product\/18859\/revisions\/18866"}],"wp:featuredmedia":[{"embeddable":true,"href":"https:\/\/www.salve.si\/en\/wp-json\/wp\/v2\/media\/18861"}],"wp:attachment":[{"href":"https:\/\/www.salve.si\/en\/wp-json\/wp\/v2\/media?parent=18859"}],"wp:term":[{"taxonomy":"product_cat","embeddable":true,"href":"https:\/\/www.salve.si\/en\/wp-json\/wp\/v2\/product_cat?post=18859"},{"taxonomy":"product_tag","embeddable":true,"href":"https:\/\/www.salve.si\/en\/wp-json\/wp\/v2\/product_tag?post=18859"}],"curies":[{"name":"wp","href":"https:\/\/api.w.org\/{rel}","templated":true}]}}