{"id":18791,"date":"2023-03-24T13:43:02","date_gmt":"2023-03-24T12:43:02","guid":{"rendered":"https:\/\/www.salve.si\/?post_type=product&#038;p=18791"},"modified":"2024-11-20T11:08:11","modified_gmt":"2024-11-20T10:08:11","slug":"vitezi-svetega-kriza","status":"publish","type":"product","link":"https:\/\/www.salve.si\/en\/trgovina\/knjige\/vitezi-svetega-kriza\/","title":{"rendered":"VITEZI SVETEGA KRI\u017dA"},"content":{"rendered":"<p style=\"text-align: left\">Iz uvoda:<\/p>\n<p style=\"text-align: left\">V zadnjih petdesetih letih se je kri\u017eni\u0161ki red Slovencem predstavil z razli\u010dnimi kraj\u0161imi publikacijami, zlasti ob 750-letnici redovne pra\u017eupnije Velika Nedelja in ob 800-letnici kri\u017eni\u0161kega reda. Namen je bil, da ga ljudje spoznajo in da turisti iz na\u0161ih starodavnih cerkva v svet ponesejo glas o kri\u017eni\u0161kem redu. Nekoliko manj so te publikacije upo\u0161tevale \u017eupnijske cerkve v Beli krajini, ki imajo veliko podru\u017enic. Te so pogosto slu\u017eile \u0161tevilnim ljudem, zlasti \u017eenskam z otroki, da so se za njihovimi obzidji skrili pred nevarnostjo Turkov. Leta 2010 je bila s knji\u017eico Kri\u017eni\u0161ki red ta pomanjkljivost odpravljena. Predstavljam vam knjigo kot zgodovino reda skozi 800 let z za\u010detkom vite\u0161kih komend. Takrat je bila njihova poglavitna dejavnost obramba pred Turki, Kruci in Ogri na \u0160tajerskem ter v Beli krajini. Za nas so zlasti pomembne v arhivu odkrite karitativne in izobra\u017eevalne dejavnosti vite\u0161kih komend na\u00a0 Slovenskem. Delo predstavlja pomembne duhovnike na\u0161ega reda iz \u010dasov vitezov, med katere zagotovo sodi Peter Dajnko, dekan Velike Nedelje.<\/p>\n<p style=\"text-align: left\">Knjiga vsebuje vso davno zgodovino, ki so jo na\u0161i redovni zgodovinarji: p. dr. Marian Tumler OT, p. dr. Ulrich Gasser OT in s. dr. Erentraud Gruber OT ter drugi zapisali \u017ee v prej\u0161njem stoletju. Doslej v slovenskem jeziku \u0161e ni bila dostopna. Posebno mesto namenjamo redovnemu prenovitelju in ustanovitelju p. Petru Riglerju, ki je ustanovil samostane za patre, sestre in dekleta ter vzgojne zavode za mladino in redovne poklice. Prikazan je tudi njegov na\u010din oznanjevanja, evangelizacije mladih in pridobivanja verskega znanja za vse ljudi. S prenovo samostanov za dana\u0161nji \u010das je postavil trdne in resni\u010dne temelje za nove redovne province, ki so z razpadom Avstro-Ogrske monarhije postale samostojne. Leta 1918 je nastala slovenska redovna provinca kot provinca bratov in sester kri\u017eni\u0161kega reda in ne ve\u010d kot balija nem\u0161kega vite\u0161kega reda. Knjiga vsebuje oris nastanka konventa Kri\u017eanke v Ljubljani, redovne bolni\u0161nice v Ormo\u017eu, hiralnic v Muretincih in v Metliki, Vajeni\u0161kega doma v Ljubljani in Marijinih dru\u017eb v redovnih \u017eupnijah. V njej so \u017eivljenjepisi vseh slovenskih kri\u017eni\u0161kih patrov, tudi mu\u010dencev 20. stoletja, seznam bratov laikov, seznam vseh sester in \u017eivljenjepisi sestrskih predstojnic. Predstavljeno je \u017eivljenje reda po drugi svetovni vojni, politi\u010dno in gospodarsko dogajanje v dr\u017eavi, Cerkvi in redu po obdobjih nastanka sestrskih postojank in njihovih ukinitev vse do danes. Naj nam zapis dogodkov osve\u017ei spomin na preteklo dogajanje in nudi nova spoznanja za danes in jutri. (P. Janko \u0160tampar OT, prior)<br \/>\n<span class=\"slv-content-keywords\">V zadnjih petdesetih letih se je kri\u017eni\u0161ki red Slovencem predstavil z<br \/>\nrazli\u010dnimi kraj\u0161imi publikacijami, zlasti ob 750-letnici redovne pra\u017eupnije Velika Nedelja in ob 800-letnici kri\u017eni\u0161kega reda. Namen je bil,<br \/>\nda ga ljudje spoznajo in da turisti iz na\u0161ih starodavnih cerkva v svet<br \/>\nponesejo glas o kri\u017eni\u0161kem redu. Nekoliko manj so te publikacije upo-<br \/>\n\u0161tevale \u017eupnijske cerkve v Beli krajini, ki imajo veliko podru\u017enic. Te<br \/>\nso pogosto slu\u017eile \u0161tevilnim ljudem, zlasti \u017eenskam z otroki, da so se<br \/>\nza njihovimi obzidji skrili pred nevarnostjo Turkov. Leta 2010 je bila s<br \/>\nknji\u017eico Kri\u017eni\u0161ki red ta pomanjkljivost odpravljena.<br \/>\nPredstavljam vam knjigo kot zgodovino reda skozi 800 let z za-<br \/>\n\u010detkom vite\u0161kih komend. Takrat je bila njihova poglavitna dejavnost<br \/>\nobramba pred Turki, Kruci in Ogri na \u0160tajerskem ter v Beli krajini. Za<br \/>\nnas so zlasti pomembne v arhivu odkrite karitativne in izobra\u017eevalne dejavnosti vite\u0161kih komend na Slovenskem. Delo predstavlja pomembne duhovnike na\u0161ega reda iz \u010dasov vitezov, med katere zagotovo sodi Peter Dajnko, dekan Velike Nedelje. Knjiga vsebuje vso davno<br \/>\nzgodovino, ki so jo na\u0161i redovni zgodovinarji: p. dr. Marian Tumler OT,<br \/>\np. dr. Ulrich Gasser OT in s. dr. Erentraud Gruber OT ter drugi zapisali<br \/>\n\u017ee v prej\u0161njem stoletju. Doslej v slovenskem jeziku \u0161e ni bila dostopna. Posebno mesto namenjamo redovnemu prenovitelju in ustanovitelju p. Petru Riglerju, ki je ustanovil samostane za patre, sestre in<br \/>\ndekleta ter vzgojne zavode za mladino in redovne poklice. Prikazan je<br \/>\ntudi njegov na\u010din oznanjevanja, evangelizacije mladih in pridobivanja<br \/>\nverskega znanja za vse ljudi. S prenovo samostanov za dana\u0161nji \u010das<br \/>\nje postavil trdne in resni\u010dne temelje za nove redovne province, ki so<br \/>\nz razpadom Avstro-Ogrske monarhije postale samostojne. Leta 1918<br \/>\nje nastala slovenska redovna provinca kot provinca bratov in sester<br \/>\nkri\u017eni\u0161kega reda in ne ve\u010d kot balija nem\u0161kega vite\u0161kega reda.<br \/>\nKnjiga vsebuje oris nastanka konventa Kri\u017eanke v Ljubljani, redovne bolni\u0161nice v Ormo\u017eu, hiralnic v Muretincih in v Metliki, Vajeni\u0161kega Knjige vitezi svetega kri\u017ea kri\u017eni\u0161ki red zgodovina redovna skupnost zgodovina reda zgodovina kri\u017eni\u0161kega rodu s. Jo\u017eefa Ugulin <\/span><\/p>\n<p><span class=\"slv-content-keywords\"> Knjige kri\u017eni\u0161ki red redovna skupnost svetega kri\u017ea vitezi zgodovina zgodovina kri\u017eni\u0161kega rodu zgodovina reda s. Jo\u017eefa Ugulin NEM\u0160KI VITE\u017dKI IN KRI\u017dNI\u0160KI RED NA SLOVENSKEM <\/span><\/p>","protected":false},"excerpt":{"rendered":"<p>800-letna zgodovina kri\u017eni\u0161kega redu izpod peresa s. Jo\u017eefe Ogulin (OT).\u00a0 Od prihoda nem\u0161kih vitezov na slovenska tla ob koncu 12. stoletja, ustanoviteljskega dela p. Petra Riglerja (1796-1873),\u00a0 redovne bolni\u0161nice v Ormo\u017eu,\u00a0 raznih Marijinih dru\u017eb pa vse do dana\u0161njega \u010dasa. Ob koncu knjige pa vas \u010daka tudi seznam in \u017eivljenjepisi patrov, bratov in sester kri\u017eni\u0161kega redu.<\/p>","protected":false},"featured_media":18792,"template":"","meta":{"_acf_changed":false,"footnotes":""},"product_cat":[141],"product_tag":[1256,1258,1255,1254,1257,1260,1259],"class_list":{"0":"post-18791","1":"product","2":"type-product","3":"status-publish","4":"has-post-thumbnail","6":"authors-s-jozefa-ugulin","7":"publisher-salve-d-o-o-ljubljana","8":"product_cat-knjige","9":"product_tag-krizniski-red","10":"product_tag-redovna-skupnost","11":"product_tag-svetega-kriza","12":"product_tag-vitezi","13":"product_tag-zgodovina","14":"product_tag-zgodovina-krizniskega-rodu","15":"product_tag-zgodovina-reda","17":"first","18":"outofstock","19":"shipping-taxable","20":"purchasable","21":"product-type-simple"},"acf":[],"yoast_head":"<!-- This site is optimized with the Yoast SEO plugin v23.8 - https:\/\/yoast.com\/wordpress\/plugins\/seo\/ -->\n<title>VITEZI SVETEGA KRI\u017dA - Salve<\/title>\n<meta name=\"robots\" content=\"index, follow, max-snippet:-1, max-image-preview:large, max-video-preview:-1\" \/>\n<link rel=\"canonical\" href=\"https:\/\/www.salve.si\/en\/trgovina\/knjige\/vitezi-svetega-kriza\/\" \/>\n<meta property=\"og:locale\" content=\"en_US\" \/>\n<meta property=\"og:type\" content=\"article\" \/>\n<meta property=\"og:title\" content=\"VITEZI SVETEGA KRI\u017dA - Salve\" \/>\n<meta property=\"og:description\" content=\"800-letna zgodovina kri\u017eni\u0161kega redu izpod peresa s. Jo\u017eefe Ogulin (OT).\u00a0 Od prihoda nem\u0161kih vitezov na slovenska tla ob koncu 12. stoletja, ustanoviteljskega dela p. Petra Riglerja (1796-1873),\u00a0 redovne bolni\u0161nice v Ormo\u017eu,\u00a0 raznih Marijinih dru\u017eb pa vse do dana\u0161njega \u010dasa. Ob koncu knjige pa vas \u010daka tudi seznam in \u017eivljenjepisi patrov, bratov in sester kri\u017eni\u0161kega redu.\" \/>\n<meta property=\"og:url\" content=\"https:\/\/www.salve.si\/en\/trgovina\/knjige\/vitezi-svetega-kriza\/\" \/>\n<meta property=\"og:site_name\" content=\"Salve\" \/>\n<meta property=\"article:publisher\" content=\"https:\/\/www.facebook.com\/salve.si\" \/>\n<meta property=\"article:modified_time\" content=\"2024-11-20T10:08:11+00:00\" \/>\n<meta property=\"og:image\" content=\"https:\/\/www.salve.si\/wp-content\/uploads\/2024\/06\/JOZEFA-OGULIN_Vitezi-svetega-kriza_NASLOVNICA_zadnja.jpg\" \/>\n\t<meta property=\"og:image:width\" content=\"1573\" \/>\n\t<meta property=\"og:image:height\" content=\"2313\" \/>\n\t<meta property=\"og:image:type\" content=\"image\/jpeg\" \/>\n<meta name=\"twitter:card\" content=\"summary_large_image\" \/>\n<meta name=\"twitter:label1\" content=\"Est. reading time\" \/>\n\t<meta name=\"twitter:data1\" content=\"5 minutes\" \/>\n<script type=\"application\/ld+json\" class=\"yoast-schema-graph\">{\"@context\":\"https:\/\/schema.org\",\"@graph\":[{\"@type\":\"WebPage\",\"@id\":\"https:\/\/www.salve.si\/trgovina\/knjige\/vitezi-svetega-kriza\/\",\"url\":\"https:\/\/www.salve.si\/trgovina\/knjige\/vitezi-svetega-kriza\/\",\"name\":\"VITEZI SVETEGA KRI\u017dA - Salve\",\"isPartOf\":{\"@id\":\"https:\/\/www.salve.si\/#website\"},\"primaryImageOfPage\":{\"@id\":\"https:\/\/www.salve.si\/trgovina\/knjige\/vitezi-svetega-kriza\/#primaryimage\"},\"image\":{\"@id\":\"https:\/\/www.salve.si\/trgovina\/knjige\/vitezi-svetega-kriza\/#primaryimage\"},\"thumbnailUrl\":\"https:\/\/www.salve.si\/wp-content\/uploads\/2024\/06\/JOZEFA-OGULIN_Vitezi-svetega-kriza_NASLOVNICA_zadnja.jpg\",\"datePublished\":\"2023-03-24T12:43:02+00:00\",\"dateModified\":\"2024-11-20T10:08:11+00:00\",\"breadcrumb\":{\"@id\":\"https:\/\/www.salve.si\/trgovina\/knjige\/vitezi-svetega-kriza\/#breadcrumb\"},\"inLanguage\":\"en-US\",\"potentialAction\":[{\"@type\":\"ReadAction\",\"target\":[\"https:\/\/www.salve.si\/trgovina\/knjige\/vitezi-svetega-kriza\/\"]}]},{\"@type\":\"ImageObject\",\"inLanguage\":\"en-US\",\"@id\":\"https:\/\/www.salve.si\/trgovina\/knjige\/vitezi-svetega-kriza\/#primaryimage\",\"url\":\"https:\/\/www.salve.si\/wp-content\/uploads\/2024\/06\/JOZEFA-OGULIN_Vitezi-svetega-kriza_NASLOVNICA_zadnja.jpg\",\"contentUrl\":\"https:\/\/www.salve.si\/wp-content\/uploads\/2024\/06\/JOZEFA-OGULIN_Vitezi-svetega-kriza_NASLOVNICA_zadnja.jpg\",\"width\":1573,\"height\":2313},{\"@type\":\"BreadcrumbList\",\"@id\":\"https:\/\/www.salve.si\/trgovina\/knjige\/vitezi-svetega-kriza\/#breadcrumb\",\"itemListElement\":[{\"@type\":\"ListItem\",\"position\":1,\"name\":\"Home\",\"item\":\"https:\/\/www.salve.si\/\"},{\"@type\":\"ListItem\",\"position\":2,\"name\":\"Trgovina\",\"item\":\"https:\/\/www.salve.si\/trgovina\/\"},{\"@type\":\"ListItem\",\"position\":3,\"name\":\"VITEZI SVETEGA KRI\u017dA\"}]},{\"@type\":\"WebSite\",\"@id\":\"https:\/\/www.salve.si\/#website\",\"url\":\"https:\/\/www.salve.si\/\",\"name\":\"Salve\",\"description\":\"Salezijanska zalo\u017eba\",\"publisher\":{\"@id\":\"https:\/\/www.salve.si\/#organization\"},\"potentialAction\":[{\"@type\":\"SearchAction\",\"target\":{\"@type\":\"EntryPoint\",\"urlTemplate\":\"https:\/\/www.salve.si\/?s={search_term_string}\"},\"query-input\":{\"@type\":\"PropertyValueSpecification\",\"valueRequired\":true,\"valueName\":\"search_term_string\"}}],\"inLanguage\":\"en-US\"},{\"@type\":\"Organization\",\"@id\":\"https:\/\/www.salve.si\/#organization\",\"name\":\"Salve d.o.o.\",\"url\":\"https:\/\/www.salve.si\/\",\"logo\":{\"@type\":\"ImageObject\",\"inLanguage\":\"en-US\",\"@id\":\"https:\/\/www.salve.si\/#\/schema\/logo\/image\/\",\"url\":\"https:\/\/www.salve.si\/wp-content\/uploads\/2021\/01\/Salve_logo_modri_nov_web.png\",\"contentUrl\":\"https:\/\/www.salve.si\/wp-content\/uploads\/2021\/01\/Salve_logo_modri_nov_web.png\",\"width\":279,\"height\":90,\"caption\":\"Salve d.o.o.\"},\"image\":{\"@id\":\"https:\/\/www.salve.si\/#\/schema\/logo\/image\/\"},\"sameAs\":[\"https:\/\/www.facebook.com\/salve.si\",\"https:\/\/www.instagram.com\/zalozbasalve\/\",\"https:\/\/www.linkedin.com\/company\/zalozba-salve\/\"]}]}<\/script>\n<!-- \/ Yoast SEO plugin. -->","yoast_head_json":{"title":"VITEZI SVETEGA KRI\u017dA - Salve","robots":{"index":"index","follow":"follow","max-snippet":"max-snippet:-1","max-image-preview":"max-image-preview:large","max-video-preview":"max-video-preview:-1"},"canonical":"https:\/\/www.salve.si\/en\/trgovina\/knjige\/vitezi-svetega-kriza\/","og_locale":"en_US","og_type":"article","og_title":"VITEZI SVETEGA KRI\u017dA - Salve","og_description":"800-letna zgodovina kri\u017eni\u0161kega redu izpod peresa s. Jo\u017eefe Ogulin (OT).\u00a0 Od prihoda nem\u0161kih vitezov na slovenska tla ob koncu 12. stoletja, ustanoviteljskega dela p. Petra Riglerja (1796-1873),\u00a0 redovne bolni\u0161nice v Ormo\u017eu,\u00a0 raznih Marijinih dru\u017eb pa vse do dana\u0161njega \u010dasa. Ob koncu knjige pa vas \u010daka tudi seznam in \u017eivljenjepisi patrov, bratov in sester kri\u017eni\u0161kega redu.","og_url":"https:\/\/www.salve.si\/en\/trgovina\/knjige\/vitezi-svetega-kriza\/","og_site_name":"Salve","article_publisher":"https:\/\/www.facebook.com\/salve.si","article_modified_time":"2024-11-20T10:08:11+00:00","og_image":[{"width":1573,"height":2313,"url":"https:\/\/www.salve.si\/wp-content\/uploads\/2024\/06\/JOZEFA-OGULIN_Vitezi-svetega-kriza_NASLOVNICA_zadnja.jpg","type":"image\/jpeg"}],"twitter_card":"summary_large_image","twitter_misc":{"Est. reading time":"5 minutes"},"schema":{"@context":"https:\/\/schema.org","@graph":[{"@type":"WebPage","@id":"https:\/\/www.salve.si\/trgovina\/knjige\/vitezi-svetega-kriza\/","url":"https:\/\/www.salve.si\/trgovina\/knjige\/vitezi-svetega-kriza\/","name":"VITEZI SVETEGA KRI\u017dA - Salve","isPartOf":{"@id":"https:\/\/www.salve.si\/#website"},"primaryImageOfPage":{"@id":"https:\/\/www.salve.si\/trgovina\/knjige\/vitezi-svetega-kriza\/#primaryimage"},"image":{"@id":"https:\/\/www.salve.si\/trgovina\/knjige\/vitezi-svetega-kriza\/#primaryimage"},"thumbnailUrl":"https:\/\/www.salve.si\/wp-content\/uploads\/2024\/06\/JOZEFA-OGULIN_Vitezi-svetega-kriza_NASLOVNICA_zadnja.jpg","datePublished":"2023-03-24T12:43:02+00:00","dateModified":"2024-11-20T10:08:11+00:00","breadcrumb":{"@id":"https:\/\/www.salve.si\/trgovina\/knjige\/vitezi-svetega-kriza\/#breadcrumb"},"inLanguage":"en-US","potentialAction":[{"@type":"ReadAction","target":["https:\/\/www.salve.si\/trgovina\/knjige\/vitezi-svetega-kriza\/"]}]},{"@type":"ImageObject","inLanguage":"en-US","@id":"https:\/\/www.salve.si\/trgovina\/knjige\/vitezi-svetega-kriza\/#primaryimage","url":"https:\/\/www.salve.si\/wp-content\/uploads\/2024\/06\/JOZEFA-OGULIN_Vitezi-svetega-kriza_NASLOVNICA_zadnja.jpg","contentUrl":"https:\/\/www.salve.si\/wp-content\/uploads\/2024\/06\/JOZEFA-OGULIN_Vitezi-svetega-kriza_NASLOVNICA_zadnja.jpg","width":1573,"height":2313},{"@type":"BreadcrumbList","@id":"https:\/\/www.salve.si\/trgovina\/knjige\/vitezi-svetega-kriza\/#breadcrumb","itemListElement":[{"@type":"ListItem","position":1,"name":"Home","item":"https:\/\/www.salve.si\/"},{"@type":"ListItem","position":2,"name":"Trgovina","item":"https:\/\/www.salve.si\/trgovina\/"},{"@type":"ListItem","position":3,"name":"VITEZI SVETEGA KRI\u017dA"}]},{"@type":"WebSite","@id":"https:\/\/www.salve.si\/#website","url":"https:\/\/www.salve.si\/","name":"Salve","description":"Salezijanska zalo\u017eba","publisher":{"@id":"https:\/\/www.salve.si\/#organization"},"potentialAction":[{"@type":"SearchAction","target":{"@type":"EntryPoint","urlTemplate":"https:\/\/www.salve.si\/?s={search_term_string}"},"query-input":{"@type":"PropertyValueSpecification","valueRequired":true,"valueName":"search_term_string"}}],"inLanguage":"en-US"},{"@type":"Organization","@id":"https:\/\/www.salve.si\/#organization","name":"Salve d.o.o.","url":"https:\/\/www.salve.si\/","logo":{"@type":"ImageObject","inLanguage":"en-US","@id":"https:\/\/www.salve.si\/#\/schema\/logo\/image\/","url":"https:\/\/www.salve.si\/wp-content\/uploads\/2021\/01\/Salve_logo_modri_nov_web.png","contentUrl":"https:\/\/www.salve.si\/wp-content\/uploads\/2021\/01\/Salve_logo_modri_nov_web.png","width":279,"height":90,"caption":"Salve d.o.o."},"image":{"@id":"https:\/\/www.salve.si\/#\/schema\/logo\/image\/"},"sameAs":["https:\/\/www.facebook.com\/salve.si","https:\/\/www.instagram.com\/zalozbasalve\/","https:\/\/www.linkedin.com\/company\/zalozba-salve\/"]}]}},"_links":{"self":[{"href":"https:\/\/www.salve.si\/en\/wp-json\/wp\/v2\/product\/18791","targetHints":{"allow":["GET"]}}],"collection":[{"href":"https:\/\/www.salve.si\/en\/wp-json\/wp\/v2\/product"}],"about":[{"href":"https:\/\/www.salve.si\/en\/wp-json\/wp\/v2\/types\/product"}],"version-history":[{"count":6,"href":"https:\/\/www.salve.si\/en\/wp-json\/wp\/v2\/product\/18791\/revisions"}],"predecessor-version":[{"id":19219,"href":"https:\/\/www.salve.si\/en\/wp-json\/wp\/v2\/product\/18791\/revisions\/19219"}],"wp:featuredmedia":[{"embeddable":true,"href":"https:\/\/www.salve.si\/en\/wp-json\/wp\/v2\/media\/18792"}],"wp:attachment":[{"href":"https:\/\/www.salve.si\/en\/wp-json\/wp\/v2\/media?parent=18791"}],"wp:term":[{"taxonomy":"product_cat","embeddable":true,"href":"https:\/\/www.salve.si\/en\/wp-json\/wp\/v2\/product_cat?post=18791"},{"taxonomy":"product_tag","embeddable":true,"href":"https:\/\/www.salve.si\/en\/wp-json\/wp\/v2\/product_tag?post=18791"}],"curies":[{"name":"wp","href":"https:\/\/api.w.org\/{rel}","templated":true}]}}