{"id":18753,"date":"2024-06-19T17:30:57","date_gmt":"2024-06-19T15:30:57","guid":{"rendered":"https:\/\/www.salve.si\/?post_type=product&#038;p=18753"},"modified":"2026-04-17T08:54:16","modified_gmt":"2026-04-17T06:54:16","slug":"pozdravljena-sestra-cebelica","status":"publish","type":"product","link":"https:\/\/www.salve.si\/en\/trgovina\/knjige\/otroske\/pozdravljena-sestra-cebelica\/","title":{"rendered":"POZDRAVLJENA, SESTRA \u010cEBELICA"},"content":{"rendered":"<p>Pape\u017e Fran\u010di\u0161ek nam je v svoji pozornosti in ljubeznivosti podaril okoljsko obarvano okro\u017enico z naslovom <em>Hvaljen moj Gospod.\u00a0<\/em>Z njo nas vabi k skrbi za na\u0161 &#8220;skupni dom&#8221; &#8211; kakor imenuje Zemljo, ker nudi zato\u010di\u0161\u010de vsem bitjem, ki \u017eivijo na njej.<\/p>\n<p>Fran\u010di\u0161kove besede so namenjene ljudem vseh starosti, jezikov in ver. Pape\u017e pravi, da je v tej skupni hi\u0161i vsak odgovoren za svoje okolje. Kaj pa otroci? Vsekakor. Tudi oni pripadajo veliki \u010dlove\u0161ki dru\u017eini in so dol\u017eni skrbeti za njen skupni dom. Ne glede na to, kako velik ali majhen je ko\u0161\u010dek sveta, kjer \u017eivimo, mi nismo njegovi lastniki, temve\u010d skrbniki. Tudi \u010de je to samo va\u0161 vrt, ga negujte in boste opravili svoj del naloge pri skrbi za skupni dom. Vsi vemo, da je travnik sestavljen iz ne\u0161tetih travic. A \u010de bi nanj pri\u0161lo veliko ljudi in bi vsak odtrgal samo eno travico, bi se travnik na koncu spremenil v suho pu\u0161\u010davo.<\/p>\n<p>Andrej in Irena, prisr\u010dna bratec in sestrica, vam bosta skupaj s star\u0161i na naslednjih straneh pomagala razumeti to, kar nam je pape\u017e Fran\u010di\u0161ek \u017eelel sporo\u010diti s svojo okro\u017enico\u00a0<em>Hvaljen moj Gospod.<\/em> (iz uvoda)<span class=\"slv-content-keywords\"> Knjige Otro\u0161ke mladi mladinska literatura otroci otro\u0161ka literatura pape\u017e Fran\u010di\u0161ek slikanica vzgoja \u017dIVALI Mladinska knji\u017enica Luigi Ferraresso Fabrizio Zubani <\/span><\/p>","protected":false},"excerpt":{"rendered":"<p>Kako dragocena je voda, kako \u010dudovito je nebo in kako bogata je zemlja z njenimi prebivalci \u2013 vklju\u010dno s \u010debelami! Tako so lepi in dragoceni, da moramo zanje skrbeti in jih negovati.<\/p>\n<p>To odkrivata tudi osnovno\u0161olec Andrej in njegova pred\u0161olska sestra Irena med svojimi dogodiv\u0161\u010dinami v naravi.<\/p>\n<p>Pridru\u017ei se jima tudi ti in bolje bo\u0161 razumel to, kar nam je pape\u017e Fran\u010di\u0161ek \u017eelel povedati v svoji okro\u017enici Hvaljen, moj Gospod. Njegove besede so namenjene ljudem vseh starosti, tudi otrokom, kot si ti.<\/p>","protected":false},"featured_media":18756,"template":"","meta":{"_acf_changed":false,"footnotes":""},"product_cat":[141,310],"product_tag":[806,1168,757,1059,995,1009,725,1039],"class_list":{"0":"post-18753","1":"product","2":"type-product","3":"status-publish","4":"has-post-thumbnail","6":"zbirke-mladinska-knjiznica","7":"authors-luigi-ferraresso","8":"publisher-salve-d-o-o-ljubljana","9":"product_cat-knjige","10":"product_cat-otroske","11":"product_tag-mladi","12":"product_tag-mladinska-literatura","13":"product_tag-otroci","14":"product_tag-otroska-literatura","15":"product_tag-papez-francisek","16":"product_tag-slikanica","17":"product_tag-vzgoja","18":"product_tag-zivali","20":"first","21":"instock","22":"sale","23":"shipping-taxable","24":"purchasable","25":"product-type-simple"},"acf":[],"yoast_head":"<!-- This site is optimized with the Yoast SEO plugin v23.8 - https:\/\/yoast.com\/wordpress\/plugins\/seo\/ -->\n<title>POZDRAVLJENA, SESTRA \u010cEBELICA - Salve<\/title>\n<meta name=\"robots\" content=\"index, follow, max-snippet:-1, max-image-preview:large, max-video-preview:-1\" \/>\n<link rel=\"canonical\" href=\"https:\/\/www.salve.si\/en\/trgovina\/knjige\/otroske\/pozdravljena-sestra-cebelica\/\" \/>\n<meta property=\"og:locale\" content=\"en_US\" \/>\n<meta property=\"og:type\" content=\"article\" \/>\n<meta property=\"og:title\" content=\"POZDRAVLJENA, SESTRA \u010cEBELICA - Salve\" \/>\n<meta property=\"og:description\" content=\"Kako dragocena je voda, kako \u010dudovito je nebo in kako bogata je zemlja z njenimi prebivalci \u2013 vklju\u010dno s \u010debelami! Tako so lepi in dragoceni, da moramo zanje skrbeti in jih negovati.  To odkrivata tudi osnovno\u0161olec Andrej in njegova pred\u0161olska sestra Irena med svojimi dogodiv\u0161\u010dinami v naravi.  Pridru\u017ei se jima tudi ti in bolje bo\u0161 razumel to, kar nam je pape\u017e Fran\u010di\u0161ek \u017eelel povedati v svoji okro\u017enici Hvaljen, moj Gospod. Njegove besede so namenjene ljudem vseh starosti, tudi otrokom, kot si ti.\" \/>\n<meta property=\"og:url\" content=\"https:\/\/www.salve.si\/en\/trgovina\/knjige\/otroske\/pozdravljena-sestra-cebelica\/\" \/>\n<meta property=\"og:site_name\" content=\"Salve\" \/>\n<meta property=\"article:publisher\" content=\"https:\/\/www.facebook.com\/salve.si\" \/>\n<meta property=\"article:modified_time\" content=\"2026-04-17T06:54:16+00:00\" \/>\n<meta property=\"og:image\" content=\"https:\/\/www.salve.si\/wp-content\/uploads\/2024\/06\/Pozdravljena-sestrica-cebelica-NASLOVNICA.jpg\" \/>\n\t<meta property=\"og:image:width\" content=\"1736\" \/>\n\t<meta property=\"og:image:height\" content=\"1617\" \/>\n\t<meta property=\"og:image:type\" content=\"image\/jpeg\" \/>\n<meta name=\"twitter:card\" content=\"summary_large_image\" \/>\n<meta name=\"twitter:label1\" content=\"Est. reading time\" \/>\n\t<meta name=\"twitter:data1\" content=\"2 minutes\" \/>\n<script type=\"application\/ld+json\" class=\"yoast-schema-graph\">{\"@context\":\"https:\/\/schema.org\",\"@graph\":[{\"@type\":\"WebPage\",\"@id\":\"https:\/\/www.salve.si\/trgovina\/knjige\/otroske\/pozdravljena-sestra-cebelica\/\",\"url\":\"https:\/\/www.salve.si\/trgovina\/knjige\/otroske\/pozdravljena-sestra-cebelica\/\",\"name\":\"POZDRAVLJENA, SESTRA \u010cEBELICA - Salve\",\"isPartOf\":{\"@id\":\"https:\/\/www.salve.si\/#website\"},\"primaryImageOfPage\":{\"@id\":\"https:\/\/www.salve.si\/trgovina\/knjige\/otroske\/pozdravljena-sestra-cebelica\/#primaryimage\"},\"image\":{\"@id\":\"https:\/\/www.salve.si\/trgovina\/knjige\/otroske\/pozdravljena-sestra-cebelica\/#primaryimage\"},\"thumbnailUrl\":\"https:\/\/www.salve.si\/wp-content\/uploads\/2024\/06\/Pozdravljena-sestrica-cebelica-NASLOVNICA.jpg\",\"datePublished\":\"2024-06-19T15:30:57+00:00\",\"dateModified\":\"2026-04-17T06:54:16+00:00\",\"breadcrumb\":{\"@id\":\"https:\/\/www.salve.si\/trgovina\/knjige\/otroske\/pozdravljena-sestra-cebelica\/#breadcrumb\"},\"inLanguage\":\"en-US\",\"potentialAction\":[{\"@type\":\"ReadAction\",\"target\":[\"https:\/\/www.salve.si\/trgovina\/knjige\/otroske\/pozdravljena-sestra-cebelica\/\"]}]},{\"@type\":\"ImageObject\",\"inLanguage\":\"en-US\",\"@id\":\"https:\/\/www.salve.si\/trgovina\/knjige\/otroske\/pozdravljena-sestra-cebelica\/#primaryimage\",\"url\":\"https:\/\/www.salve.si\/wp-content\/uploads\/2024\/06\/Pozdravljena-sestrica-cebelica-NASLOVNICA.jpg\",\"contentUrl\":\"https:\/\/www.salve.si\/wp-content\/uploads\/2024\/06\/Pozdravljena-sestrica-cebelica-NASLOVNICA.jpg\",\"width\":1736,\"height\":1617},{\"@type\":\"BreadcrumbList\",\"@id\":\"https:\/\/www.salve.si\/trgovina\/knjige\/otroske\/pozdravljena-sestra-cebelica\/#breadcrumb\",\"itemListElement\":[{\"@type\":\"ListItem\",\"position\":1,\"name\":\"Home\",\"item\":\"https:\/\/www.salve.si\/\"},{\"@type\":\"ListItem\",\"position\":2,\"name\":\"Trgovina\",\"item\":\"https:\/\/www.salve.si\/trgovina\/\"},{\"@type\":\"ListItem\",\"position\":3,\"name\":\"POZDRAVLJENA, SESTRA \u010cEBELICA\"}]},{\"@type\":\"WebSite\",\"@id\":\"https:\/\/www.salve.si\/#website\",\"url\":\"https:\/\/www.salve.si\/\",\"name\":\"Salve\",\"description\":\"Salezijanska zalo\u017eba\",\"publisher\":{\"@id\":\"https:\/\/www.salve.si\/#organization\"},\"potentialAction\":[{\"@type\":\"SearchAction\",\"target\":{\"@type\":\"EntryPoint\",\"urlTemplate\":\"https:\/\/www.salve.si\/?s={search_term_string}\"},\"query-input\":{\"@type\":\"PropertyValueSpecification\",\"valueRequired\":true,\"valueName\":\"search_term_string\"}}],\"inLanguage\":\"en-US\"},{\"@type\":\"Organization\",\"@id\":\"https:\/\/www.salve.si\/#organization\",\"name\":\"Salve d.o.o.\",\"url\":\"https:\/\/www.salve.si\/\",\"logo\":{\"@type\":\"ImageObject\",\"inLanguage\":\"en-US\",\"@id\":\"https:\/\/www.salve.si\/#\/schema\/logo\/image\/\",\"url\":\"https:\/\/www.salve.si\/wp-content\/uploads\/2021\/01\/Salve_logo_modri_nov_web.png\",\"contentUrl\":\"https:\/\/www.salve.si\/wp-content\/uploads\/2021\/01\/Salve_logo_modri_nov_web.png\",\"width\":279,\"height\":90,\"caption\":\"Salve d.o.o.\"},\"image\":{\"@id\":\"https:\/\/www.salve.si\/#\/schema\/logo\/image\/\"},\"sameAs\":[\"https:\/\/www.facebook.com\/salve.si\",\"https:\/\/www.instagram.com\/zalozbasalve\/\",\"https:\/\/www.linkedin.com\/company\/zalozba-salve\/\"]}]}<\/script>\n<!-- \/ Yoast SEO plugin. -->","yoast_head_json":{"title":"POZDRAVLJENA, SESTRA \u010cEBELICA - Salve","robots":{"index":"index","follow":"follow","max-snippet":"max-snippet:-1","max-image-preview":"max-image-preview:large","max-video-preview":"max-video-preview:-1"},"canonical":"https:\/\/www.salve.si\/en\/trgovina\/knjige\/otroske\/pozdravljena-sestra-cebelica\/","og_locale":"en_US","og_type":"article","og_title":"POZDRAVLJENA, SESTRA \u010cEBELICA - Salve","og_description":"Kako dragocena je voda, kako \u010dudovito je nebo in kako bogata je zemlja z njenimi prebivalci \u2013 vklju\u010dno s \u010debelami! Tako so lepi in dragoceni, da moramo zanje skrbeti in jih negovati.  To odkrivata tudi osnovno\u0161olec Andrej in njegova pred\u0161olska sestra Irena med svojimi dogodiv\u0161\u010dinami v naravi.  Pridru\u017ei se jima tudi ti in bolje bo\u0161 razumel to, kar nam je pape\u017e Fran\u010di\u0161ek \u017eelel povedati v svoji okro\u017enici Hvaljen, moj Gospod. Njegove besede so namenjene ljudem vseh starosti, tudi otrokom, kot si ti.","og_url":"https:\/\/www.salve.si\/en\/trgovina\/knjige\/otroske\/pozdravljena-sestra-cebelica\/","og_site_name":"Salve","article_publisher":"https:\/\/www.facebook.com\/salve.si","article_modified_time":"2026-04-17T06:54:16+00:00","og_image":[{"width":1736,"height":1617,"url":"https:\/\/www.salve.si\/wp-content\/uploads\/2024\/06\/Pozdravljena-sestrica-cebelica-NASLOVNICA.jpg","type":"image\/jpeg"}],"twitter_card":"summary_large_image","twitter_misc":{"Est. reading time":"2 minutes"},"schema":{"@context":"https:\/\/schema.org","@graph":[{"@type":"WebPage","@id":"https:\/\/www.salve.si\/trgovina\/knjige\/otroske\/pozdravljena-sestra-cebelica\/","url":"https:\/\/www.salve.si\/trgovina\/knjige\/otroske\/pozdravljena-sestra-cebelica\/","name":"POZDRAVLJENA, SESTRA \u010cEBELICA - Salve","isPartOf":{"@id":"https:\/\/www.salve.si\/#website"},"primaryImageOfPage":{"@id":"https:\/\/www.salve.si\/trgovina\/knjige\/otroske\/pozdravljena-sestra-cebelica\/#primaryimage"},"image":{"@id":"https:\/\/www.salve.si\/trgovina\/knjige\/otroske\/pozdravljena-sestra-cebelica\/#primaryimage"},"thumbnailUrl":"https:\/\/www.salve.si\/wp-content\/uploads\/2024\/06\/Pozdravljena-sestrica-cebelica-NASLOVNICA.jpg","datePublished":"2024-06-19T15:30:57+00:00","dateModified":"2026-04-17T06:54:16+00:00","breadcrumb":{"@id":"https:\/\/www.salve.si\/trgovina\/knjige\/otroske\/pozdravljena-sestra-cebelica\/#breadcrumb"},"inLanguage":"en-US","potentialAction":[{"@type":"ReadAction","target":["https:\/\/www.salve.si\/trgovina\/knjige\/otroske\/pozdravljena-sestra-cebelica\/"]}]},{"@type":"ImageObject","inLanguage":"en-US","@id":"https:\/\/www.salve.si\/trgovina\/knjige\/otroske\/pozdravljena-sestra-cebelica\/#primaryimage","url":"https:\/\/www.salve.si\/wp-content\/uploads\/2024\/06\/Pozdravljena-sestrica-cebelica-NASLOVNICA.jpg","contentUrl":"https:\/\/www.salve.si\/wp-content\/uploads\/2024\/06\/Pozdravljena-sestrica-cebelica-NASLOVNICA.jpg","width":1736,"height":1617},{"@type":"BreadcrumbList","@id":"https:\/\/www.salve.si\/trgovina\/knjige\/otroske\/pozdravljena-sestra-cebelica\/#breadcrumb","itemListElement":[{"@type":"ListItem","position":1,"name":"Home","item":"https:\/\/www.salve.si\/"},{"@type":"ListItem","position":2,"name":"Trgovina","item":"https:\/\/www.salve.si\/trgovina\/"},{"@type":"ListItem","position":3,"name":"POZDRAVLJENA, SESTRA \u010cEBELICA"}]},{"@type":"WebSite","@id":"https:\/\/www.salve.si\/#website","url":"https:\/\/www.salve.si\/","name":"Salve","description":"Salezijanska zalo\u017eba","publisher":{"@id":"https:\/\/www.salve.si\/#organization"},"potentialAction":[{"@type":"SearchAction","target":{"@type":"EntryPoint","urlTemplate":"https:\/\/www.salve.si\/?s={search_term_string}"},"query-input":{"@type":"PropertyValueSpecification","valueRequired":true,"valueName":"search_term_string"}}],"inLanguage":"en-US"},{"@type":"Organization","@id":"https:\/\/www.salve.si\/#organization","name":"Salve d.o.o.","url":"https:\/\/www.salve.si\/","logo":{"@type":"ImageObject","inLanguage":"en-US","@id":"https:\/\/www.salve.si\/#\/schema\/logo\/image\/","url":"https:\/\/www.salve.si\/wp-content\/uploads\/2021\/01\/Salve_logo_modri_nov_web.png","contentUrl":"https:\/\/www.salve.si\/wp-content\/uploads\/2021\/01\/Salve_logo_modri_nov_web.png","width":279,"height":90,"caption":"Salve d.o.o."},"image":{"@id":"https:\/\/www.salve.si\/#\/schema\/logo\/image\/"},"sameAs":["https:\/\/www.facebook.com\/salve.si","https:\/\/www.instagram.com\/zalozbasalve\/","https:\/\/www.linkedin.com\/company\/zalozba-salve\/"]}]}},"_links":{"self":[{"href":"https:\/\/www.salve.si\/en\/wp-json\/wp\/v2\/product\/18753","targetHints":{"allow":["GET"]}}],"collection":[{"href":"https:\/\/www.salve.si\/en\/wp-json\/wp\/v2\/product"}],"about":[{"href":"https:\/\/www.salve.si\/en\/wp-json\/wp\/v2\/types\/product"}],"version-history":[{"count":6,"href":"https:\/\/www.salve.si\/en\/wp-json\/wp\/v2\/product\/18753\/revisions"}],"predecessor-version":[{"id":21588,"href":"https:\/\/www.salve.si\/en\/wp-json\/wp\/v2\/product\/18753\/revisions\/21588"}],"wp:featuredmedia":[{"embeddable":true,"href":"https:\/\/www.salve.si\/en\/wp-json\/wp\/v2\/media\/18756"}],"wp:attachment":[{"href":"https:\/\/www.salve.si\/en\/wp-json\/wp\/v2\/media?parent=18753"}],"wp:term":[{"taxonomy":"product_cat","embeddable":true,"href":"https:\/\/www.salve.si\/en\/wp-json\/wp\/v2\/product_cat?post=18753"},{"taxonomy":"product_tag","embeddable":true,"href":"https:\/\/www.salve.si\/en\/wp-json\/wp\/v2\/product_tag?post=18753"}],"curies":[{"name":"wp","href":"https:\/\/api.w.org\/{rel}","templated":true}]}}